{"id":40457,"date":"2026-01-03T19:40:32","date_gmt":"2026-01-03T18:40:32","guid":{"rendered":"https:\/\/paragaleriedetalborjt.com\/?post_type=product&#038;p=40457"},"modified":"2026-01-03T20:17:56","modified_gmt":"2026-01-03T19:17:56","slug":"ducray-melascreen-serum-anti-taches-eclat-40ml-melascreen-spf50-offert","status":"publish","type":"product","link":"https:\/\/paragaleriedetalborjt.com\/en\/boutique\/ducray-melascreen-serum-anti-taches-eclat-40ml-melascreen-spf50-offert\/","title":{"rendered":"DUCRAY Melascreen Serum Anti-Taches Eclat 40ml = Melascreen Spf50+ Offert"},"content":{"rendered":"<div aria-labelledby=\"tab-title-description\" class=\"woocommerce-Tabs-panel woocommerce-Tabs-panel--description panel entry-content wc-tab\" id=\"tab-description\" role=\"tabpanel\" style=\"\">\n<h2>Description<\/h2>\n<div class=\"block-content\">\n<p>Le s\u00e9rum antitaches \u00e9clat MELASCREEN est le 1er soin du quotidien d\u00e9velopp\u00e9 \u00e0 base d\u2019une haute concentration en actifs vitamin\u00e9s (8%) afin d\u2019unifier le teint et d\u2019apporter de l\u2019\u00e9clat \u00e0 la peau.<br \/>\nA la pointe de l\u2019innovation, sa formule aqua-gel est parfaitement adapt\u00e9e afin de booster l\u2019\u00e9clat naturel de la peau et clarifier le teint. Elle prot\u00e8ge et d\u00e9fend la barri\u00e8re cutan\u00e9e contre les agressions ext\u00e9rieures \u00e0 l\u2019exemple de la pollution.<br \/>\nLa PRO-VITAMINE C STABILIS\u00c9E \u00e9claircit le teint et prot\u00e8ge la peau des effets n\u00e9fastes du stress oxydatif induit par les agressions ext\u00e9rieures.<br \/>\nLa VITAMINE PP limite l\u2019apparition des taches brunes en r\u00e9gulant la production de m\u00e9lanine synth\u00e9tis\u00e9e en exc\u00e8s \u00e0 la surface de la peau.<br \/>\nL\u2019efficacit\u00e9 antitaches de ce soin quotidien est cliniquement prouv\u00e9e sur toutes les couleurs de peau.<\/p>\n<p>Dot\u00e9 d\u2019une bonne tol\u00e9rance, il hydrate la peau pendant 24h* et compose une tr\u00e8s bonne base de maquillage.<\/p>\n<p>Fra\u00eeche et d\u00e9licatement parfum\u00e9e, sa texture est facile \u00e0 appliquer au quotidien et p\u00e9n\u00e8tre facilement dans la peau.<\/p>\n<p>Un soin \u00e9clat unifiant qui convient aux femmes enceintes et allaitantes.<\/p>\n<p>Non com\u00e9dog\u00e8ne et d\u00e9velopp\u00e9 pour minimiser les risques allergiques.<\/p>\n<\/div>\n<div class=\"block-content has-heading\">\n<div class=\"block-content-heading\">\n<h3 class=\"\" id=\"\">Avantage<\/h3>\n<\/div>\n<p>S\u00e9rum antitaches quotidien \u00e0 l\u2019efficacit\u00e9 d\u00e9montr\u00e9e cliniquement sur toutes les couleurs de peau.<\/p>\n<div class=\"block-content-heading\">\n<h3 class=\"\" id=\"\">B\u00e9n\u00e9fices<\/h3>\n<\/div>\n<p>\u2022 UNIFIE et CLARIFIE le teint durablement<br \/>\n\u2022 BOOSTE l\u2019\u00e9clat naturel de la peau<br \/>\n\u2022 PROT\u00c8GE et D\u00c9FEND la peau contre les agressions ext\u00e9rieures<\/p>\n<\/div>\n<\/div>","protected":false},"excerpt":{"rendered":"<p>Highlights:S\u00e9rum antitaches \u00e9clatUnifie le teint \u2013 Prot\u00e8ge des agressions ext\u00e9rieures \u2013 Booste l\u2019\u00e9clat du teint<\/p>","protected":false},"featured_media":40458,"comment_status":"open","ping_status":"closed","template":"","meta":[],"pwb-brand":[1583],"product_cat":[16],"product_tag":[],"class_list":{"0":"post-40457","1":"product","2":"type-product","3":"status-publish","4":"has-post-thumbnail","6":"pwb-brand-ducray","7":"product_cat-non-classe","8":"pa_brands-ducray","10":"first","11":"instock","12":"sale","13":"shipping-taxable","14":"purchasable","15":"product-type-simple"},"yoast_head":"<!-- This site is optimized with the Yoast SEO plugin v27.5 - https:\/\/yoast.com\/product\/yoast-seo-wordpress\/ -->\n<title>DUCRAY Melascreen Serum Anti-Taches Eclat 40ml = Melascreen Spf50+ Offert - paragaleriedetalborjt<\/title>\n<meta name=\"robots\" content=\"index, follow, max-snippet:-1, max-image-preview:large, max-video-preview:-1\" \/>\n<link rel=\"canonical\" href=\"https:\/\/paragaleriedetalborjt.com\/en\/boutique\/ducray-melascreen-serum-anti-taches-eclat-40ml-melascreen-spf50-offert\/\" \/>\n<meta property=\"og:locale\" content=\"en_US\" \/>\n<meta property=\"og:type\" content=\"article\" \/>\n<meta property=\"og:title\" content=\"DUCRAY Melascreen Serum Anti-Taches Eclat 40ml = Melascreen Spf50+ Offert - paragaleriedetalborjt\" \/>\n<meta property=\"og:description\" content=\"Highlights:S\u00e9rum antitaches \u00e9clatUnifie le teint \u2013 Prot\u00e8ge des agressions ext\u00e9rieures \u2013 Booste l\u2019\u00e9clat du teint\" \/>\n<meta property=\"og:url\" content=\"https:\/\/paragaleriedetalborjt.com\/en\/boutique\/ducray-melascreen-serum-anti-taches-eclat-40ml-melascreen-spf50-offert\/\" \/>\n<meta property=\"og:site_name\" content=\"paragaleriedetalborjt\" \/>\n<meta property=\"article:modified_time\" content=\"2026-01-03T19:17:56+00:00\" \/>\n<meta property=\"og:image\" content=\"https:\/\/paragaleriedetalborjt.com\/wp-content\/uploads\/2026\/01\/1-melascreen-600x600-1.png\" \/>\n\t<meta property=\"og:image:width\" content=\"600\" \/>\n\t<meta property=\"og:image:height\" content=\"600\" \/>\n\t<meta property=\"og:image:type\" content=\"image\/png\" \/>\n<meta name=\"twitter:card\" content=\"summary_large_image\" \/>\n<meta name=\"twitter:label1\" content=\"Est. reading time\" \/>\n\t<meta name=\"twitter:data1\" content=\"1 minute\" \/>\n<script type=\"application\/ld+json\" class=\"yoast-schema-graph\">{\"@context\":\"https:\\\/\\\/schema.org\",\"@graph\":[{\"@type\":\"WebPage\",\"@id\":\"https:\\\/\\\/paragaleriedetalborjt.com\\\/boutique\\\/ducray-melascreen-serum-anti-taches-eclat-40ml-melascreen-spf50-offert\\\/\",\"url\":\"https:\\\/\\\/paragaleriedetalborjt.com\\\/boutique\\\/ducray-melascreen-serum-anti-taches-eclat-40ml-melascreen-spf50-offert\\\/\",\"name\":\"DUCRAY Melascreen Serum Anti-Taches Eclat 40ml = Melascreen Spf50+ Offert - paragaleriedetalborjt\",\"isPartOf\":{\"@id\":\"https:\\\/\\\/paragaleriedetalborjt.com\\\/#website\"},\"primaryImageOfPage\":{\"@id\":\"https:\\\/\\\/paragaleriedetalborjt.com\\\/boutique\\\/ducray-melascreen-serum-anti-taches-eclat-40ml-melascreen-spf50-offert\\\/#primaryimage\"},\"image\":{\"@id\":\"https:\\\/\\\/paragaleriedetalborjt.com\\\/boutique\\\/ducray-melascreen-serum-anti-taches-eclat-40ml-melascreen-spf50-offert\\\/#primaryimage\"},\"thumbnailUrl\":\"https:\\\/\\\/paragaleriedetalborjt.com\\\/wp-content\\\/uploads\\\/2026\\\/01\\\/1-melascreen-600x600-1.png\",\"datePublished\":\"2026-01-03T18:40:32+00:00\",\"dateModified\":\"2026-01-03T19:17:56+00:00\",\"breadcrumb\":{\"@id\":\"https:\\\/\\\/paragaleriedetalborjt.com\\\/boutique\\\/ducray-melascreen-serum-anti-taches-eclat-40ml-melascreen-spf50-offert\\\/#breadcrumb\"},\"inLanguage\":\"en-US\",\"potentialAction\":[{\"@type\":\"ReadAction\",\"target\":[\"https:\\\/\\\/paragaleriedetalborjt.com\\\/boutique\\\/ducray-melascreen-serum-anti-taches-eclat-40ml-melascreen-spf50-offert\\\/\"]}]},{\"@type\":\"ImageObject\",\"inLanguage\":\"en-US\",\"@id\":\"https:\\\/\\\/paragaleriedetalborjt.com\\\/boutique\\\/ducray-melascreen-serum-anti-taches-eclat-40ml-melascreen-spf50-offert\\\/#primaryimage\",\"url\":\"https:\\\/\\\/paragaleriedetalborjt.com\\\/wp-content\\\/uploads\\\/2026\\\/01\\\/1-melascreen-600x600-1.png\",\"contentUrl\":\"https:\\\/\\\/paragaleriedetalborjt.com\\\/wp-content\\\/uploads\\\/2026\\\/01\\\/1-melascreen-600x600-1.png\",\"width\":600,\"height\":600},{\"@type\":\"BreadcrumbList\",\"@id\":\"https:\\\/\\\/paragaleriedetalborjt.com\\\/boutique\\\/ducray-melascreen-serum-anti-taches-eclat-40ml-melascreen-spf50-offert\\\/#breadcrumb\",\"itemListElement\":[{\"@type\":\"ListItem\",\"position\":1,\"name\":\"Accueil\",\"item\":\"https:\\\/\\\/paragaleriedetalborjt.com\\\/\"},{\"@type\":\"ListItem\",\"position\":2,\"name\":\"Boutique\",\"item\":\"https:\\\/\\\/paragaleriedetalborjt.com\\\/boutique\\\/\"},{\"@type\":\"ListItem\",\"position\":3,\"name\":\"DUCRAY Melascreen Serum Anti-Taches Eclat 40ml = Melascreen Spf50+ Offert\"}]},{\"@type\":\"WebSite\",\"@id\":\"https:\\\/\\\/paragaleriedetalborjt.com\\\/#website\",\"url\":\"https:\\\/\\\/paragaleriedetalborjt.com\\\/\",\"name\":\"paragaleriedetalborjt\",\"description\":\"\",\"potentialAction\":[{\"@type\":\"SearchAction\",\"target\":{\"@type\":\"EntryPoint\",\"urlTemplate\":\"https:\\\/\\\/paragaleriedetalborjt.com\\\/?s={search_term_string}\"},\"query-input\":{\"@type\":\"PropertyValueSpecification\",\"valueRequired\":true,\"valueName\":\"search_term_string\"}}],\"inLanguage\":\"en-US\"}]}<\/script>\n<!-- \/ Yoast SEO plugin. -->","yoast_head_json":{"title":"DUCRAY Melascreen Serum Anti-Taches Eclat 40ml = Melascreen Spf50+ Offert - paragaleriedetalborjt","robots":{"index":"index","follow":"follow","max-snippet":"max-snippet:-1","max-image-preview":"max-image-preview:large","max-video-preview":"max-video-preview:-1"},"canonical":"https:\/\/paragaleriedetalborjt.com\/en\/boutique\/ducray-melascreen-serum-anti-taches-eclat-40ml-melascreen-spf50-offert\/","og_locale":"en_US","og_type":"article","og_title":"DUCRAY Melascreen Serum Anti-Taches Eclat 40ml = Melascreen Spf50+ Offert - paragaleriedetalborjt","og_description":"Highlights:S\u00e9rum antitaches \u00e9clatUnifie le teint \u2013 Prot\u00e8ge des agressions ext\u00e9rieures \u2013 Booste l\u2019\u00e9clat du teint","og_url":"https:\/\/paragaleriedetalborjt.com\/en\/boutique\/ducray-melascreen-serum-anti-taches-eclat-40ml-melascreen-spf50-offert\/","og_site_name":"paragaleriedetalborjt","article_modified_time":"2026-01-03T19:17:56+00:00","og_image":[{"width":600,"height":600,"url":"https:\/\/paragaleriedetalborjt.com\/wp-content\/uploads\/2026\/01\/1-melascreen-600x600-1.png","type":"image\/png"}],"twitter_card":"summary_large_image","twitter_misc":{"Est. reading time":"1 minute"},"schema":{"@context":"https:\/\/schema.org","@graph":[{"@type":"WebPage","@id":"https:\/\/paragaleriedetalborjt.com\/boutique\/ducray-melascreen-serum-anti-taches-eclat-40ml-melascreen-spf50-offert\/","url":"https:\/\/paragaleriedetalborjt.com\/boutique\/ducray-melascreen-serum-anti-taches-eclat-40ml-melascreen-spf50-offert\/","name":"DUCRAY Melascreen Serum Anti-Taches Eclat 40ml = Melascreen Spf50+ Offert - paragaleriedetalborjt","isPartOf":{"@id":"https:\/\/paragaleriedetalborjt.com\/#website"},"primaryImageOfPage":{"@id":"https:\/\/paragaleriedetalborjt.com\/boutique\/ducray-melascreen-serum-anti-taches-eclat-40ml-melascreen-spf50-offert\/#primaryimage"},"image":{"@id":"https:\/\/paragaleriedetalborjt.com\/boutique\/ducray-melascreen-serum-anti-taches-eclat-40ml-melascreen-spf50-offert\/#primaryimage"},"thumbnailUrl":"https:\/\/paragaleriedetalborjt.com\/wp-content\/uploads\/2026\/01\/1-melascreen-600x600-1.png","datePublished":"2026-01-03T18:40:32+00:00","dateModified":"2026-01-03T19:17:56+00:00","breadcrumb":{"@id":"https:\/\/paragaleriedetalborjt.com\/boutique\/ducray-melascreen-serum-anti-taches-eclat-40ml-melascreen-spf50-offert\/#breadcrumb"},"inLanguage":"en-US","potentialAction":[{"@type":"ReadAction","target":["https:\/\/paragaleriedetalborjt.com\/boutique\/ducray-melascreen-serum-anti-taches-eclat-40ml-melascreen-spf50-offert\/"]}]},{"@type":"ImageObject","inLanguage":"en-US","@id":"https:\/\/paragaleriedetalborjt.com\/boutique\/ducray-melascreen-serum-anti-taches-eclat-40ml-melascreen-spf50-offert\/#primaryimage","url":"https:\/\/paragaleriedetalborjt.com\/wp-content\/uploads\/2026\/01\/1-melascreen-600x600-1.png","contentUrl":"https:\/\/paragaleriedetalborjt.com\/wp-content\/uploads\/2026\/01\/1-melascreen-600x600-1.png","width":600,"height":600},{"@type":"BreadcrumbList","@id":"https:\/\/paragaleriedetalborjt.com\/boutique\/ducray-melascreen-serum-anti-taches-eclat-40ml-melascreen-spf50-offert\/#breadcrumb","itemListElement":[{"@type":"ListItem","position":1,"name":"Accueil","item":"https:\/\/paragaleriedetalborjt.com\/"},{"@type":"ListItem","position":2,"name":"Boutique","item":"https:\/\/paragaleriedetalborjt.com\/boutique\/"},{"@type":"ListItem","position":3,"name":"DUCRAY Melascreen Serum Anti-Taches Eclat 40ml = Melascreen Spf50+ Offert"}]},{"@type":"WebSite","@id":"https:\/\/paragaleriedetalborjt.com\/#website","url":"https:\/\/paragaleriedetalborjt.com\/","name":"paragaleriedetalborjt","description":"","potentialAction":[{"@type":"SearchAction","target":{"@type":"EntryPoint","urlTemplate":"https:\/\/paragaleriedetalborjt.com\/?s={search_term_string}"},"query-input":{"@type":"PropertyValueSpecification","valueRequired":true,"valueName":"search_term_string"}}],"inLanguage":"en-US"}]}},"brands":[{"id":1583,"name":"DUCRAY","slug":"ducray"}],"_links":{"self":[{"href":"https:\/\/paragaleriedetalborjt.com\/en\/wp-json\/wp\/v2\/product\/40457","targetHints":{"allow":["GET"]}}],"collection":[{"href":"https:\/\/paragaleriedetalborjt.com\/en\/wp-json\/wp\/v2\/product"}],"about":[{"href":"https:\/\/paragaleriedetalborjt.com\/en\/wp-json\/wp\/v2\/types\/product"}],"replies":[{"embeddable":true,"href":"https:\/\/paragaleriedetalborjt.com\/en\/wp-json\/wp\/v2\/comments?post=40457"}],"version-history":[{"count":1,"href":"https:\/\/paragaleriedetalborjt.com\/en\/wp-json\/wp\/v2\/product\/40457\/revisions"}],"predecessor-version":[{"id":40459,"href":"https:\/\/paragaleriedetalborjt.com\/en\/wp-json\/wp\/v2\/product\/40457\/revisions\/40459"}],"wp:featuredmedia":[{"embeddable":true,"href":"https:\/\/paragaleriedetalborjt.com\/en\/wp-json\/wp\/v2\/media\/40458"}],"wp:attachment":[{"href":"https:\/\/paragaleriedetalborjt.com\/en\/wp-json\/wp\/v2\/media?parent=40457"}],"wp:term":[{"taxonomy":"pwb-brand","embeddable":true,"href":"https:\/\/paragaleriedetalborjt.com\/en\/wp-json\/wp\/v2\/pwb-brand?post=40457"},{"taxonomy":"product_cat","embeddable":true,"href":"https:\/\/paragaleriedetalborjt.com\/en\/wp-json\/wp\/v2\/product_cat?post=40457"},{"taxonomy":"product_tag","embeddable":true,"href":"https:\/\/paragaleriedetalborjt.com\/en\/wp-json\/wp\/v2\/product_tag?post=40457"}],"curies":[{"name":"wp","href":"https:\/\/api.w.org\/{rel}","templated":true}]}}