{"id":40454,"date":"2026-01-03T19:40:22","date_gmt":"2026-01-03T18:40:22","guid":{"rendered":"https:\/\/paragaleriedetalborjt.com\/?post_type=product&#038;p=40454"},"modified":"2026-01-03T20:17:56","modified_gmt":"2026-01-03T19:17:56","slug":"revox-b77-just-resveratrol-acide-ferulique-30ml","status":"publish","type":"product","link":"https:\/\/paragaleriedetalborjt.com\/en\/boutique\/revox-b77-just-resveratrol-acide-ferulique-30ml\/","title":{"rendered":"REVOX B77 JUST Resv\u00e9ratrol + Acide F\u00e9rulique 30ML"},"content":{"rendered":"<div aria-labelledby=\"tab-title-description\" class=\"woocommerce-Tabs-panel woocommerce-Tabs-panel--description panel entry-content wc-tab\" id=\"tab-description\" role=\"tabpanel\" style=\"\">\n<h2>Description<\/h2>\n<p>REVOX B77 JUST RESVERATROL + FERULIC ACID<\/p>\n<p>S\u00e9rum antioxydant pour le visage et le cou. La formule hydratante \u00e0 absorption rapide associe deux puissants antioxydants d\u2019origine naturelle dans une concentration optimale de 1 % pour les deux parties. Ils collaborent pour prot\u00e9ger la peau des radicaux libres et lutter contre les dommages li\u00e9s au vieillissement. Le resv\u00e9ratrol agit au niveau cellulaire pour favoriser la synth\u00e8se du collag\u00e8ne et de l\u2019\u00e9lastine et renforcer la barri\u00e8re cutan\u00e9e, rendant la peau plus lisse et plus saine. L\u2019acide f\u00e9rulique renforce l\u2019efficacit\u00e9 des antioxydants, tout en r\u00e9duisant le d\u00e9veloppement des taches de vieillesse et des rides.<\/p>\n<p>Le produit cible le teint in\u00e9gal, la texture rugueuse de la peau, la s\u00e9cheresse et les rougeurs. Il convient aux peaux grasses, mixtes et s\u00e8ches.<\/p>\n<p>Combiner avec la suspension REVOX B77 JUST Vitamine C 2%.<\/p>\n<p>Ne pas combiner avec des acides exfoliants.<\/p>\n<p><strong>Ingredients<\/strong><br \/>\nPropylene Glycol, Ethoxydiglycol, Resveratrol, Ferulic Acid.<br \/>\nNous am\u00e9liorons constamment nos formulations, de sorte que les listes d\u2019ingr\u00e9dients figurant sur le site web et sur l\u2019emballage peuvent varier en fonction de la p\u00e9riode et de la r\u00e9gion d\u2019achat. V\u00e9rifiez la liste des ingr\u00e9dients sur l\u2019emballage.<br \/>\nHow to use<br \/>\nLe soir, appliquer 3-4 gouttes sur la peau nettoy\u00e9e et compl\u00e8tement s\u00e8che du visage et du cou. Masser doucement jusqu\u2019\u00e0 absorption. Utiliser une protection solaire le matin.<\/p>\n<\/div>","protected":false},"excerpt":{"rendered":"<p>Highlights:Un s\u00e9rum antioxydant pour le visage et le cou qui lutte contre les processus d\u2019oxydation et de vieillissement.<\/p>","protected":false},"featured_media":40455,"comment_status":"open","ping_status":"closed","template":"","meta":[],"pwb-brand":[1574],"product_cat":[16],"product_tag":[],"class_list":{"0":"post-40454","1":"product","2":"type-product","3":"status-publish","4":"has-post-thumbnail","6":"pwb-brand-revox","7":"product_cat-non-classe","8":"pa_brands-revox","10":"first","11":"instock","12":"sale","13":"shipping-taxable","14":"purchasable","15":"product-type-simple"},"yoast_head":"<!-- This site is optimized with the Yoast SEO plugin v26.9 - https:\/\/yoast.com\/product\/yoast-seo-wordpress\/ -->\n<title>REVOX B77 JUST Resv\u00e9ratrol + Acide F\u00e9rulique 30ML - paragaleriedetalborjt<\/title>\n<meta name=\"robots\" content=\"index, follow, max-snippet:-1, max-image-preview:large, max-video-preview:-1\" \/>\n<link rel=\"canonical\" href=\"https:\/\/paragaleriedetalborjt.com\/en\/boutique\/revox-b77-just-resveratrol-acide-ferulique-30ml\/\" \/>\n<meta property=\"og:locale\" content=\"en_US\" \/>\n<meta property=\"og:type\" content=\"article\" \/>\n<meta property=\"og:title\" content=\"REVOX B77 JUST Resv\u00e9ratrol + Acide F\u00e9rulique 30ML - paragaleriedetalborjt\" \/>\n<meta property=\"og:description\" content=\"Highlights:Un s\u00e9rum antioxydant pour le visage et le cou qui lutte contre les processus d\u2019oxydation et de vieillissement.\" \/>\n<meta property=\"og:url\" content=\"https:\/\/paragaleriedetalborjt.com\/en\/boutique\/revox-b77-just-resveratrol-acide-ferulique-30ml\/\" \/>\n<meta property=\"og:site_name\" content=\"paragaleriedetalborjt\" \/>\n<meta property=\"article:modified_time\" content=\"2026-01-03T19:17:56+00:00\" \/>\n<meta property=\"og:image\" content=\"https:\/\/paragaleriedetalborjt.com\/wp-content\/uploads\/2026\/01\/REVOX-JUST_RESVERATROL_FERULIC_ACID.png\" \/>\n\t<meta property=\"og:image:width\" content=\"595\" \/>\n\t<meta property=\"og:image:height\" content=\"655\" \/>\n\t<meta property=\"og:image:type\" content=\"image\/png\" \/>\n<meta name=\"twitter:card\" content=\"summary_large_image\" \/>\n<meta name=\"twitter:label1\" content=\"Est. reading time\" \/>\n\t<meta name=\"twitter:data1\" content=\"1 minute\" \/>\n<script type=\"application\/ld+json\" class=\"yoast-schema-graph\">{\"@context\":\"https:\/\/schema.org\",\"@graph\":[{\"@type\":\"WebPage\",\"@id\":\"https:\/\/paragaleriedetalborjt.com\/boutique\/revox-b77-just-resveratrol-acide-ferulique-30ml\/\",\"url\":\"https:\/\/paragaleriedetalborjt.com\/boutique\/revox-b77-just-resveratrol-acide-ferulique-30ml\/\",\"name\":\"REVOX B77 JUST Resv\u00e9ratrol + Acide F\u00e9rulique 30ML - paragaleriedetalborjt\",\"isPartOf\":{\"@id\":\"https:\/\/paragaleriedetalborjt.com\/#website\"},\"primaryImageOfPage\":{\"@id\":\"https:\/\/paragaleriedetalborjt.com\/boutique\/revox-b77-just-resveratrol-acide-ferulique-30ml\/#primaryimage\"},\"image\":{\"@id\":\"https:\/\/paragaleriedetalborjt.com\/boutique\/revox-b77-just-resveratrol-acide-ferulique-30ml\/#primaryimage\"},\"thumbnailUrl\":\"https:\/\/paragaleriedetalborjt.com\/wp-content\/uploads\/2026\/01\/REVOX-JUST_RESVERATROL_FERULIC_ACID.png\",\"datePublished\":\"2026-01-03T18:40:22+00:00\",\"dateModified\":\"2026-01-03T19:17:56+00:00\",\"breadcrumb\":{\"@id\":\"https:\/\/paragaleriedetalborjt.com\/boutique\/revox-b77-just-resveratrol-acide-ferulique-30ml\/#breadcrumb\"},\"inLanguage\":\"en-US\",\"potentialAction\":[{\"@type\":\"ReadAction\",\"target\":[\"https:\/\/paragaleriedetalborjt.com\/boutique\/revox-b77-just-resveratrol-acide-ferulique-30ml\/\"]}]},{\"@type\":\"ImageObject\",\"inLanguage\":\"en-US\",\"@id\":\"https:\/\/paragaleriedetalborjt.com\/boutique\/revox-b77-just-resveratrol-acide-ferulique-30ml\/#primaryimage\",\"url\":\"https:\/\/paragaleriedetalborjt.com\/wp-content\/uploads\/2026\/01\/REVOX-JUST_RESVERATROL_FERULIC_ACID.png\",\"contentUrl\":\"https:\/\/paragaleriedetalborjt.com\/wp-content\/uploads\/2026\/01\/REVOX-JUST_RESVERATROL_FERULIC_ACID.png\",\"width\":595,\"height\":655},{\"@type\":\"BreadcrumbList\",\"@id\":\"https:\/\/paragaleriedetalborjt.com\/boutique\/revox-b77-just-resveratrol-acide-ferulique-30ml\/#breadcrumb\",\"itemListElement\":[{\"@type\":\"ListItem\",\"position\":1,\"name\":\"Accueil\",\"item\":\"https:\/\/paragaleriedetalborjt.com\/\"},{\"@type\":\"ListItem\",\"position\":2,\"name\":\"Boutique\",\"item\":\"https:\/\/paragaleriedetalborjt.com\/boutique\/\"},{\"@type\":\"ListItem\",\"position\":3,\"name\":\"REVOX B77 JUST Resv\u00e9ratrol + Acide F\u00e9rulique 30ML\"}]},{\"@type\":\"WebSite\",\"@id\":\"https:\/\/paragaleriedetalborjt.com\/#website\",\"url\":\"https:\/\/paragaleriedetalborjt.com\/\",\"name\":\"paragaleriedetalborjt\",\"description\":\"\",\"potentialAction\":[{\"@type\":\"SearchAction\",\"target\":{\"@type\":\"EntryPoint\",\"urlTemplate\":\"https:\/\/paragaleriedetalborjt.com\/?s={search_term_string}\"},\"query-input\":{\"@type\":\"PropertyValueSpecification\",\"valueRequired\":true,\"valueName\":\"search_term_string\"}}],\"inLanguage\":\"en-US\"}]}<\/script>\n<!-- \/ Yoast SEO plugin. -->","yoast_head_json":{"title":"REVOX B77 JUST Resv\u00e9ratrol + Acide F\u00e9rulique 30ML - paragaleriedetalborjt","robots":{"index":"index","follow":"follow","max-snippet":"max-snippet:-1","max-image-preview":"max-image-preview:large","max-video-preview":"max-video-preview:-1"},"canonical":"https:\/\/paragaleriedetalborjt.com\/en\/boutique\/revox-b77-just-resveratrol-acide-ferulique-30ml\/","og_locale":"en_US","og_type":"article","og_title":"REVOX B77 JUST Resv\u00e9ratrol + Acide F\u00e9rulique 30ML - paragaleriedetalborjt","og_description":"Highlights:Un s\u00e9rum antioxydant pour le visage et le cou qui lutte contre les processus d\u2019oxydation et de vieillissement.","og_url":"https:\/\/paragaleriedetalborjt.com\/en\/boutique\/revox-b77-just-resveratrol-acide-ferulique-30ml\/","og_site_name":"paragaleriedetalborjt","article_modified_time":"2026-01-03T19:17:56+00:00","og_image":[{"width":595,"height":655,"url":"https:\/\/paragaleriedetalborjt.com\/wp-content\/uploads\/2026\/01\/REVOX-JUST_RESVERATROL_FERULIC_ACID.png","type":"image\/png"}],"twitter_card":"summary_large_image","twitter_misc":{"Est. reading time":"1 minute"},"schema":{"@context":"https:\/\/schema.org","@graph":[{"@type":"WebPage","@id":"https:\/\/paragaleriedetalborjt.com\/boutique\/revox-b77-just-resveratrol-acide-ferulique-30ml\/","url":"https:\/\/paragaleriedetalborjt.com\/boutique\/revox-b77-just-resveratrol-acide-ferulique-30ml\/","name":"REVOX B77 JUST Resv\u00e9ratrol + Acide F\u00e9rulique 30ML - paragaleriedetalborjt","isPartOf":{"@id":"https:\/\/paragaleriedetalborjt.com\/#website"},"primaryImageOfPage":{"@id":"https:\/\/paragaleriedetalborjt.com\/boutique\/revox-b77-just-resveratrol-acide-ferulique-30ml\/#primaryimage"},"image":{"@id":"https:\/\/paragaleriedetalborjt.com\/boutique\/revox-b77-just-resveratrol-acide-ferulique-30ml\/#primaryimage"},"thumbnailUrl":"https:\/\/paragaleriedetalborjt.com\/wp-content\/uploads\/2026\/01\/REVOX-JUST_RESVERATROL_FERULIC_ACID.png","datePublished":"2026-01-03T18:40:22+00:00","dateModified":"2026-01-03T19:17:56+00:00","breadcrumb":{"@id":"https:\/\/paragaleriedetalborjt.com\/boutique\/revox-b77-just-resveratrol-acide-ferulique-30ml\/#breadcrumb"},"inLanguage":"en-US","potentialAction":[{"@type":"ReadAction","target":["https:\/\/paragaleriedetalborjt.com\/boutique\/revox-b77-just-resveratrol-acide-ferulique-30ml\/"]}]},{"@type":"ImageObject","inLanguage":"en-US","@id":"https:\/\/paragaleriedetalborjt.com\/boutique\/revox-b77-just-resveratrol-acide-ferulique-30ml\/#primaryimage","url":"https:\/\/paragaleriedetalborjt.com\/wp-content\/uploads\/2026\/01\/REVOX-JUST_RESVERATROL_FERULIC_ACID.png","contentUrl":"https:\/\/paragaleriedetalborjt.com\/wp-content\/uploads\/2026\/01\/REVOX-JUST_RESVERATROL_FERULIC_ACID.png","width":595,"height":655},{"@type":"BreadcrumbList","@id":"https:\/\/paragaleriedetalborjt.com\/boutique\/revox-b77-just-resveratrol-acide-ferulique-30ml\/#breadcrumb","itemListElement":[{"@type":"ListItem","position":1,"name":"Accueil","item":"https:\/\/paragaleriedetalborjt.com\/"},{"@type":"ListItem","position":2,"name":"Boutique","item":"https:\/\/paragaleriedetalborjt.com\/boutique\/"},{"@type":"ListItem","position":3,"name":"REVOX B77 JUST Resv\u00e9ratrol + Acide F\u00e9rulique 30ML"}]},{"@type":"WebSite","@id":"https:\/\/paragaleriedetalborjt.com\/#website","url":"https:\/\/paragaleriedetalborjt.com\/","name":"paragaleriedetalborjt","description":"","potentialAction":[{"@type":"SearchAction","target":{"@type":"EntryPoint","urlTemplate":"https:\/\/paragaleriedetalborjt.com\/?s={search_term_string}"},"query-input":{"@type":"PropertyValueSpecification","valueRequired":true,"valueName":"search_term_string"}}],"inLanguage":"en-US"}]}},"brands":[{"id":1574,"name":"REVOX","slug":"revox"}],"_links":{"self":[{"href":"https:\/\/paragaleriedetalborjt.com\/en\/wp-json\/wp\/v2\/product\/40454","targetHints":{"allow":["GET"]}}],"collection":[{"href":"https:\/\/paragaleriedetalborjt.com\/en\/wp-json\/wp\/v2\/product"}],"about":[{"href":"https:\/\/paragaleriedetalborjt.com\/en\/wp-json\/wp\/v2\/types\/product"}],"replies":[{"embeddable":true,"href":"https:\/\/paragaleriedetalborjt.com\/en\/wp-json\/wp\/v2\/comments?post=40454"}],"version-history":[{"count":1,"href":"https:\/\/paragaleriedetalborjt.com\/en\/wp-json\/wp\/v2\/product\/40454\/revisions"}],"predecessor-version":[{"id":40456,"href":"https:\/\/paragaleriedetalborjt.com\/en\/wp-json\/wp\/v2\/product\/40454\/revisions\/40456"}],"wp:featuredmedia":[{"embeddable":true,"href":"https:\/\/paragaleriedetalborjt.com\/en\/wp-json\/wp\/v2\/media\/40455"}],"wp:attachment":[{"href":"https:\/\/paragaleriedetalborjt.com\/en\/wp-json\/wp\/v2\/media?parent=40454"}],"wp:term":[{"taxonomy":"pwb-brand","embeddable":true,"href":"https:\/\/paragaleriedetalborjt.com\/en\/wp-json\/wp\/v2\/pwb-brand?post=40454"},{"taxonomy":"product_cat","embeddable":true,"href":"https:\/\/paragaleriedetalborjt.com\/en\/wp-json\/wp\/v2\/product_cat?post=40454"},{"taxonomy":"product_tag","embeddable":true,"href":"https:\/\/paragaleriedetalborjt.com\/en\/wp-json\/wp\/v2\/product_tag?post=40454"}],"curies":[{"name":"wp","href":"https:\/\/api.w.org\/{rel}","templated":true}]}}