{"id":40406,"date":"2026-01-03T19:38:22","date_gmt":"2026-01-03T18:38:22","guid":{"rendered":"https:\/\/paragaleriedetalborjt.com\/?post_type=product&#038;p=40406"},"modified":"2026-01-03T20:17:51","modified_gmt":"2026-01-03T19:17:51","slug":"uriage-d-s-gel-moussant-regulateur-150-ml","status":"publish","type":"product","link":"https:\/\/paragaleriedetalborjt.com\/en\/boutique\/uriage-d-s-gel-moussant-regulateur-150-ml\/","title":{"rendered":"Uriage \u2013 D.S \u2013 Gel Moussant R\u00e9gulateur \u2013 150 ml"},"content":{"rendered":"<div aria-labelledby=\"tab-title-description\" class=\"woocommerce-Tabs-panel woocommerce-Tabs-panel--description panel entry-content wc-tab\" id=\"tab-description\" role=\"tabpanel\" style=\"\">\n<h2>Description<\/h2>\n<p>Probl\u00e9matique sp\u00e9cifique<br \/>\nSoins peaux irrit\u00e9es<\/p>\n<p>B\u00e9n\u00e9fice produit<br \/>\nOnctueux et ultra-doux, le gel moussant laisse la peau douce, purifi\u00e9e et confortable gr\u00e2ce \u00e0 une double r\u00e9gulation sp\u00e9cifique.<\/p>\n<p>Nettoie<br \/>\nSa base lavante ultra-douce nettoie et \u00e9limine les impuret\u00e9s sans ass\u00e9cher la peau.<\/p>\n<p>Calme les irritations<br \/>\nPour la 1\u00e8re fois en dermo-cosm\u00e9tique, la technologie brevet\u00e9e TLR2-Regul agit sp\u00e9cifiquement sur les sensations d\u2019inconfort d\u00e9clench\u00e9es par la pr\u00e9sence de micro-organismes.<\/p>\n<p>Assainit et purifie<br \/>\nGr\u00e2ce aux actifs assainissants, la peau est purifi\u00e9e.<\/p>\n<p>Caract\u00e9ristiques<br \/>\nEau Thermale d\u2019Uriage \u2014,Complexe TLR2-Regul Complexe brevet\u00e9 \u2014 Piroctone Olamine \u2014 Tensioactifs doux \u2014 Agent protecteur surgraissant \u2014 Test\u00e9 sous contr\u00f4lre dermatologique \u2014 Sans savon \u2014 Non parfum\u00e9<\/p>\n<p>Conseil d\u2019utilisation<br \/>\nSur le cuir chevelu : en shampooing 2 \u00e0 3 fois par semaine.<br \/>\nSur le visage et le corps : 1 \u00e0 2 fois par jour en geste d\u2019hygi\u00e8ne.<br \/>\nFaire mousser sur peau humide, laisser agir quelques instants et bien rincer.<br \/>\n\u00c9viter le contact avec les yeux.<\/p>\n<\/div>","protected":false},"excerpt":{"rendered":"<p>Highlights:Nettoie, Purifie, Apaise les rougeurs<\/p>","protected":false},"featured_media":40407,"comment_status":"open","ping_status":"closed","template":"","meta":[],"pwb-brand":[1579],"product_cat":[16],"product_tag":[],"class_list":{"0":"post-40406","1":"product","2":"type-product","3":"status-publish","4":"has-post-thumbnail","6":"pwb-brand-uriage","7":"product_cat-non-classe","8":"pa_brands-uriage","10":"first","11":"instock","12":"sale","13":"shipping-taxable","14":"purchasable","15":"product-type-simple"},"yoast_head":"<!-- This site is optimized with the Yoast SEO plugin v27.5 - https:\/\/yoast.com\/product\/yoast-seo-wordpress\/ -->\n<title>Uriage \u2013 D.S \u2013 Gel Moussant R\u00e9gulateur \u2013 150 ml - paragaleriedetalborjt<\/title>\n<meta name=\"robots\" content=\"index, follow, max-snippet:-1, max-image-preview:large, max-video-preview:-1\" \/>\n<link rel=\"canonical\" href=\"https:\/\/paragaleriedetalborjt.com\/en\/boutique\/uriage-d-s-gel-moussant-regulateur-150-ml\/\" \/>\n<meta property=\"og:locale\" content=\"en_US\" \/>\n<meta property=\"og:type\" content=\"article\" \/>\n<meta property=\"og:title\" content=\"Uriage \u2013 D.S \u2013 Gel Moussant R\u00e9gulateur \u2013 150 ml - paragaleriedetalborjt\" \/>\n<meta property=\"og:description\" content=\"Highlights:Nettoie, Purifie, Apaise les rougeurs\" \/>\n<meta property=\"og:url\" content=\"https:\/\/paragaleriedetalborjt.com\/en\/boutique\/uriage-d-s-gel-moussant-regulateur-150-ml\/\" \/>\n<meta property=\"og:site_name\" content=\"paragaleriedetalborjt\" \/>\n<meta property=\"article:modified_time\" content=\"2026-01-03T19:17:51+00:00\" \/>\n<meta property=\"og:image\" content=\"https:\/\/paragaleriedetalborjt.com\/wp-content\/uploads\/2026\/01\/3661434000089.jpg\" \/>\n\t<meta property=\"og:image:width\" content=\"595\" \/>\n\t<meta property=\"og:image:height\" content=\"655\" \/>\n\t<meta property=\"og:image:type\" content=\"image\/jpeg\" \/>\n<meta name=\"twitter:card\" content=\"summary_large_image\" \/>\n<meta name=\"twitter:label1\" content=\"Est. reading time\" \/>\n\t<meta name=\"twitter:data1\" content=\"1 minute\" \/>\n<script type=\"application\/ld+json\" class=\"yoast-schema-graph\">{\"@context\":\"https:\\\/\\\/schema.org\",\"@graph\":[{\"@type\":\"WebPage\",\"@id\":\"https:\\\/\\\/paragaleriedetalborjt.com\\\/en\\\/boutique\\\/uriage-d-s-gel-moussant-regulateur-150-ml\\\/\",\"url\":\"https:\\\/\\\/paragaleriedetalborjt.com\\\/en\\\/boutique\\\/uriage-d-s-gel-moussant-regulateur-150-ml\\\/\",\"name\":\"Uriage \u2013 D.S \u2013 Gel Moussant R\u00e9gulateur \u2013 150 ml - paragaleriedetalborjt\",\"isPartOf\":{\"@id\":\"https:\\\/\\\/paragaleriedetalborjt.com\\\/#website\"},\"primaryImageOfPage\":{\"@id\":\"https:\\\/\\\/paragaleriedetalborjt.com\\\/en\\\/boutique\\\/uriage-d-s-gel-moussant-regulateur-150-ml\\\/#primaryimage\"},\"image\":{\"@id\":\"https:\\\/\\\/paragaleriedetalborjt.com\\\/en\\\/boutique\\\/uriage-d-s-gel-moussant-regulateur-150-ml\\\/#primaryimage\"},\"thumbnailUrl\":\"https:\\\/\\\/paragaleriedetalborjt.com\\\/wp-content\\\/uploads\\\/2026\\\/01\\\/3661434000089.jpg\",\"datePublished\":\"2026-01-03T18:38:22+00:00\",\"dateModified\":\"2026-01-03T19:17:51+00:00\",\"breadcrumb\":{\"@id\":\"https:\\\/\\\/paragaleriedetalborjt.com\\\/en\\\/boutique\\\/uriage-d-s-gel-moussant-regulateur-150-ml\\\/#breadcrumb\"},\"inLanguage\":\"en-US\",\"potentialAction\":[{\"@type\":\"ReadAction\",\"target\":[\"https:\\\/\\\/paragaleriedetalborjt.com\\\/en\\\/boutique\\\/uriage-d-s-gel-moussant-regulateur-150-ml\\\/\"]}]},{\"@type\":\"ImageObject\",\"inLanguage\":\"en-US\",\"@id\":\"https:\\\/\\\/paragaleriedetalborjt.com\\\/en\\\/boutique\\\/uriage-d-s-gel-moussant-regulateur-150-ml\\\/#primaryimage\",\"url\":\"https:\\\/\\\/paragaleriedetalborjt.com\\\/wp-content\\\/uploads\\\/2026\\\/01\\\/3661434000089.jpg\",\"contentUrl\":\"https:\\\/\\\/paragaleriedetalborjt.com\\\/wp-content\\\/uploads\\\/2026\\\/01\\\/3661434000089.jpg\",\"width\":595,\"height\":655},{\"@type\":\"BreadcrumbList\",\"@id\":\"https:\\\/\\\/paragaleriedetalborjt.com\\\/en\\\/boutique\\\/uriage-d-s-gel-moussant-regulateur-150-ml\\\/#breadcrumb\",\"itemListElement\":[{\"@type\":\"ListItem\",\"position\":1,\"name\":\"Accueil\",\"item\":\"https:\\\/\\\/paragaleriedetalborjt.com\\\/\"},{\"@type\":\"ListItem\",\"position\":2,\"name\":\"Boutique\",\"item\":\"https:\\\/\\\/paragaleriedetalborjt.com\\\/boutique\\\/\"},{\"@type\":\"ListItem\",\"position\":3,\"name\":\"Uriage \u2013 D.S \u2013 Gel Moussant R\u00e9gulateur \u2013 150 ml\"}]},{\"@type\":\"WebSite\",\"@id\":\"https:\\\/\\\/paragaleriedetalborjt.com\\\/#website\",\"url\":\"https:\\\/\\\/paragaleriedetalborjt.com\\\/\",\"name\":\"paragaleriedetalborjt\",\"description\":\"\",\"potentialAction\":[{\"@type\":\"SearchAction\",\"target\":{\"@type\":\"EntryPoint\",\"urlTemplate\":\"https:\\\/\\\/paragaleriedetalborjt.com\\\/?s={search_term_string}\"},\"query-input\":{\"@type\":\"PropertyValueSpecification\",\"valueRequired\":true,\"valueName\":\"search_term_string\"}}],\"inLanguage\":\"en-US\"}]}<\/script>\n<!-- \/ Yoast SEO plugin. -->","yoast_head_json":{"title":"Uriage \u2013 D.S \u2013 Gel Moussant R\u00e9gulateur \u2013 150 ml - paragaleriedetalborjt","robots":{"index":"index","follow":"follow","max-snippet":"max-snippet:-1","max-image-preview":"max-image-preview:large","max-video-preview":"max-video-preview:-1"},"canonical":"https:\/\/paragaleriedetalborjt.com\/en\/boutique\/uriage-d-s-gel-moussant-regulateur-150-ml\/","og_locale":"en_US","og_type":"article","og_title":"Uriage \u2013 D.S \u2013 Gel Moussant R\u00e9gulateur \u2013 150 ml - paragaleriedetalborjt","og_description":"Highlights:Nettoie, Purifie, Apaise les rougeurs","og_url":"https:\/\/paragaleriedetalborjt.com\/en\/boutique\/uriage-d-s-gel-moussant-regulateur-150-ml\/","og_site_name":"paragaleriedetalborjt","article_modified_time":"2026-01-03T19:17:51+00:00","og_image":[{"width":595,"height":655,"url":"https:\/\/paragaleriedetalborjt.com\/wp-content\/uploads\/2026\/01\/3661434000089.jpg","type":"image\/jpeg"}],"twitter_card":"summary_large_image","twitter_misc":{"Est. reading time":"1 minute"},"schema":{"@context":"https:\/\/schema.org","@graph":[{"@type":"WebPage","@id":"https:\/\/paragaleriedetalborjt.com\/en\/boutique\/uriage-d-s-gel-moussant-regulateur-150-ml\/","url":"https:\/\/paragaleriedetalborjt.com\/en\/boutique\/uriage-d-s-gel-moussant-regulateur-150-ml\/","name":"Uriage \u2013 D.S \u2013 Gel Moussant R\u00e9gulateur \u2013 150 ml - paragaleriedetalborjt","isPartOf":{"@id":"https:\/\/paragaleriedetalborjt.com\/#website"},"primaryImageOfPage":{"@id":"https:\/\/paragaleriedetalborjt.com\/en\/boutique\/uriage-d-s-gel-moussant-regulateur-150-ml\/#primaryimage"},"image":{"@id":"https:\/\/paragaleriedetalborjt.com\/en\/boutique\/uriage-d-s-gel-moussant-regulateur-150-ml\/#primaryimage"},"thumbnailUrl":"https:\/\/paragaleriedetalborjt.com\/wp-content\/uploads\/2026\/01\/3661434000089.jpg","datePublished":"2026-01-03T18:38:22+00:00","dateModified":"2026-01-03T19:17:51+00:00","breadcrumb":{"@id":"https:\/\/paragaleriedetalborjt.com\/en\/boutique\/uriage-d-s-gel-moussant-regulateur-150-ml\/#breadcrumb"},"inLanguage":"en-US","potentialAction":[{"@type":"ReadAction","target":["https:\/\/paragaleriedetalborjt.com\/en\/boutique\/uriage-d-s-gel-moussant-regulateur-150-ml\/"]}]},{"@type":"ImageObject","inLanguage":"en-US","@id":"https:\/\/paragaleriedetalborjt.com\/en\/boutique\/uriage-d-s-gel-moussant-regulateur-150-ml\/#primaryimage","url":"https:\/\/paragaleriedetalborjt.com\/wp-content\/uploads\/2026\/01\/3661434000089.jpg","contentUrl":"https:\/\/paragaleriedetalborjt.com\/wp-content\/uploads\/2026\/01\/3661434000089.jpg","width":595,"height":655},{"@type":"BreadcrumbList","@id":"https:\/\/paragaleriedetalborjt.com\/en\/boutique\/uriage-d-s-gel-moussant-regulateur-150-ml\/#breadcrumb","itemListElement":[{"@type":"ListItem","position":1,"name":"Accueil","item":"https:\/\/paragaleriedetalborjt.com\/"},{"@type":"ListItem","position":2,"name":"Boutique","item":"https:\/\/paragaleriedetalborjt.com\/boutique\/"},{"@type":"ListItem","position":3,"name":"Uriage \u2013 D.S \u2013 Gel Moussant R\u00e9gulateur \u2013 150 ml"}]},{"@type":"WebSite","@id":"https:\/\/paragaleriedetalborjt.com\/#website","url":"https:\/\/paragaleriedetalborjt.com\/","name":"paragaleriedetalborjt","description":"","potentialAction":[{"@type":"SearchAction","target":{"@type":"EntryPoint","urlTemplate":"https:\/\/paragaleriedetalborjt.com\/?s={search_term_string}"},"query-input":{"@type":"PropertyValueSpecification","valueRequired":true,"valueName":"search_term_string"}}],"inLanguage":"en-US"}]}},"brands":[{"id":1579,"name":"URIAGE","slug":"uriage"}],"_links":{"self":[{"href":"https:\/\/paragaleriedetalborjt.com\/en\/wp-json\/wp\/v2\/product\/40406","targetHints":{"allow":["GET"]}}],"collection":[{"href":"https:\/\/paragaleriedetalborjt.com\/en\/wp-json\/wp\/v2\/product"}],"about":[{"href":"https:\/\/paragaleriedetalborjt.com\/en\/wp-json\/wp\/v2\/types\/product"}],"replies":[{"embeddable":true,"href":"https:\/\/paragaleriedetalborjt.com\/en\/wp-json\/wp\/v2\/comments?post=40406"}],"version-history":[{"count":1,"href":"https:\/\/paragaleriedetalborjt.com\/en\/wp-json\/wp\/v2\/product\/40406\/revisions"}],"predecessor-version":[{"id":40408,"href":"https:\/\/paragaleriedetalborjt.com\/en\/wp-json\/wp\/v2\/product\/40406\/revisions\/40408"}],"wp:featuredmedia":[{"embeddable":true,"href":"https:\/\/paragaleriedetalborjt.com\/en\/wp-json\/wp\/v2\/media\/40407"}],"wp:attachment":[{"href":"https:\/\/paragaleriedetalborjt.com\/en\/wp-json\/wp\/v2\/media?parent=40406"}],"wp:term":[{"taxonomy":"pwb-brand","embeddable":true,"href":"https:\/\/paragaleriedetalborjt.com\/en\/wp-json\/wp\/v2\/pwb-brand?post=40406"},{"taxonomy":"product_cat","embeddable":true,"href":"https:\/\/paragaleriedetalborjt.com\/en\/wp-json\/wp\/v2\/product_cat?post=40406"},{"taxonomy":"product_tag","embeddable":true,"href":"https:\/\/paragaleriedetalborjt.com\/en\/wp-json\/wp\/v2\/product_tag?post=40406"}],"curies":[{"name":"wp","href":"https:\/\/api.w.org\/{rel}","templated":true}]}}