{"id":40379,"date":"2026-01-03T19:37:18","date_gmt":"2026-01-03T18:37:18","guid":{"rendered":"https:\/\/paragaleriedetalborjt.com\/?post_type=product&#038;p=40379"},"modified":"2026-01-03T20:17:48","modified_gmt":"2026-01-03T19:17:48","slug":"noreva-actipur-3-en-1-soin-anti-imperfections-intensif-30ml","status":"publish","type":"product","link":"https:\/\/paragaleriedetalborjt.com\/en\/boutique\/noreva-actipur-3-en-1-soin-anti-imperfections-intensif-30ml\/","title":{"rendered":"NOREVA ACTIPUR 3 EN 1 SOIN ANTI-IMPERFECTIONS INTENSIF 30ml"},"content":{"rendered":"<div aria-labelledby=\"tab-title-description\" class=\"woocommerce-Tabs-panel woocommerce-Tabs-panel--description panel entry-content wc-tab\" id=\"tab-description\" role=\"tabpanel\" style=\"\">\n<h2>Description<\/h2>\n<p>Favorise la diminution des boutons gr\u00e2ce \u00e0 l\u2019association d\u2019un complexe d\u2019actifs performants : le complexe Phytosphingosine et allanto\u00efne. Ce syst\u00e8me original de haute technicit\u00e9, gr\u00e2ce \u00e0 sa structure multi-lamellaire tr\u00e8s proche de celle de l\u2019\u00e9piderme, se fond facilement dans les couches sup\u00e9rieures de la peau. Actipur\u00ae Soin anti-imperfections permet de freiner et de r\u00e9guler la production de s\u00e9bum des peaux \u00e0 tendance acn\u00e9ique des adolescents et adultes. Gr\u00e2ce \u00e0 une application quotidienne, la peau est hydrat\u00e9e, matifi\u00e9e, soyeuse et retrouve son \u00e9quilibre.Il aide les peaux \u00e0 tendance acn\u00e9ique \u00e0 se purifier et \u00e0 retrouver leur \u00e9quilibre naturel. Non com\u00e9dog\u00e8ne.<\/p>\n<p>Une efficacit\u00e9 prouv\u00e9e :<br \/>\n95% peau purifi\u00e9e<br \/>\n90% peau matifi\u00e9e<br \/>\n95% exc\u00e8s de s\u00e9bum absorb\u00e9 imm\u00e9diatement<\/p>\n<p>Auto-\u00e9valuation, 21 volontaires.<\/p>\n<p><strong>Comment ?<\/strong><br \/>\nOuvrir<br \/>\nUne formule originale et ultra-performante gr\u00e2ce \u00e0 notre complexe K\u00e9ratozine A \u00e0 l\u2019action s\u00e9bor\u00e9gulatrice et exfoliante. Cette formule contient \u00e9galement de la phytosphingosine purifiante et apaisante, des micro-\u00e9ponges \u00e0 l\u2019action matifiante, du bisabolol apaisant et de l\u2019huile de jojoba hydratante.<\/p>\n<p>Les + produit :<br \/>\n\u2013 Adapt\u00e9 aux peaux sensibles<br \/>\n\u2013 Puissante action apaisante et s\u00e9bor\u00e9gulatrice<br \/>\n\u2013 Texture fluide et l\u00e9g\u00e8re<\/p>\n<p>\u00a0<\/p>\n<div class=\"c-accordion__item__header row\" data-toggle=\"#details_accordion-item__3\/slide;^\/-accordion-open\">\n<div class=\"col\">\n<p class=\"u-fs:medium\"><strong>Conseils d\u2019utilisation<\/strong><\/p>\n<\/div>\n<\/div>\n<div class=\"c-accordion__item__body -slide-active\" id=\"details_accordion-item__3\">\n<div class=\"pt-3 pt-lg-1 pb-2\">\n<p>Appliquer matin et\/ou soir sur l\u2019ensemble du visage pr\u00e9alablement nettoy\u00e9.<\/p>\n<\/div>\n<\/div>\n<\/div>","protected":false},"excerpt":{"rendered":"<p>Highlights:APAISE \u2013 PURIFIE \u2013 AFFINE LE GRAIN DE PEAU<\/p>","protected":false},"featured_media":40380,"comment_status":"open","ping_status":"closed","template":"","meta":[],"pwb-brand":[1827],"product_cat":[16],"product_tag":[],"class_list":{"0":"post-40379","1":"product","2":"type-product","3":"status-publish","4":"has-post-thumbnail","6":"pwb-brand-noreva","7":"product_cat-non-classe","8":"pa_brands-noreva","10":"first","11":"instock","12":"sale","13":"shipping-taxable","14":"purchasable","15":"product-type-simple"},"yoast_head":"<!-- This site is optimized with the Yoast SEO plugin v26.9 - https:\/\/yoast.com\/product\/yoast-seo-wordpress\/ -->\n<title>NOREVA ACTIPUR 3 EN 1 SOIN ANTI-IMPERFECTIONS INTENSIF 30ml - paragaleriedetalborjt<\/title>\n<meta name=\"robots\" content=\"index, follow, max-snippet:-1, max-image-preview:large, max-video-preview:-1\" \/>\n<link rel=\"canonical\" href=\"https:\/\/paragaleriedetalborjt.com\/en\/boutique\/noreva-actipur-3-en-1-soin-anti-imperfections-intensif-30ml\/\" \/>\n<meta property=\"og:locale\" content=\"en_US\" \/>\n<meta property=\"og:type\" content=\"article\" \/>\n<meta property=\"og:title\" content=\"NOREVA ACTIPUR 3 EN 1 SOIN ANTI-IMPERFECTIONS INTENSIF 30ml - paragaleriedetalborjt\" \/>\n<meta property=\"og:description\" content=\"Highlights:APAISE \u2013 PURIFIE \u2013 AFFINE LE GRAIN DE PEAU\" \/>\n<meta property=\"og:url\" content=\"https:\/\/paragaleriedetalborjt.com\/en\/boutique\/noreva-actipur-3-en-1-soin-anti-imperfections-intensif-30ml\/\" \/>\n<meta property=\"og:site_name\" content=\"paragaleriedetalborjt\" \/>\n<meta property=\"article:modified_time\" content=\"2026-01-03T19:17:48+00:00\" \/>\n<meta property=\"og:image\" content=\"https:\/\/paragaleriedetalborjt.com\/wp-content\/uploads\/2026\/01\/Actipur-3-en-1-soin-anti-imperfections.jpg\" \/>\n\t<meta property=\"og:image:width\" content=\"595\" \/>\n\t<meta property=\"og:image:height\" content=\"655\" \/>\n\t<meta property=\"og:image:type\" content=\"image\/jpeg\" \/>\n<meta name=\"twitter:card\" content=\"summary_large_image\" \/>\n<meta name=\"twitter:label1\" content=\"Est. reading time\" \/>\n\t<meta name=\"twitter:data1\" content=\"1 minute\" \/>\n<script type=\"application\/ld+json\" class=\"yoast-schema-graph\">{\"@context\":\"https:\/\/schema.org\",\"@graph\":[{\"@type\":\"WebPage\",\"@id\":\"https:\/\/paragaleriedetalborjt.com\/boutique\/noreva-actipur-3-en-1-soin-anti-imperfections-intensif-30ml\/\",\"url\":\"https:\/\/paragaleriedetalborjt.com\/boutique\/noreva-actipur-3-en-1-soin-anti-imperfections-intensif-30ml\/\",\"name\":\"NOREVA ACTIPUR 3 EN 1 SOIN ANTI-IMPERFECTIONS INTENSIF 30ml - paragaleriedetalborjt\",\"isPartOf\":{\"@id\":\"https:\/\/paragaleriedetalborjt.com\/#website\"},\"primaryImageOfPage\":{\"@id\":\"https:\/\/paragaleriedetalborjt.com\/boutique\/noreva-actipur-3-en-1-soin-anti-imperfections-intensif-30ml\/#primaryimage\"},\"image\":{\"@id\":\"https:\/\/paragaleriedetalborjt.com\/boutique\/noreva-actipur-3-en-1-soin-anti-imperfections-intensif-30ml\/#primaryimage\"},\"thumbnailUrl\":\"https:\/\/paragaleriedetalborjt.com\/wp-content\/uploads\/2026\/01\/Actipur-3-en-1-soin-anti-imperfections.jpg\",\"datePublished\":\"2026-01-03T18:37:18+00:00\",\"dateModified\":\"2026-01-03T19:17:48+00:00\",\"breadcrumb\":{\"@id\":\"https:\/\/paragaleriedetalborjt.com\/boutique\/noreva-actipur-3-en-1-soin-anti-imperfections-intensif-30ml\/#breadcrumb\"},\"inLanguage\":\"en-US\",\"potentialAction\":[{\"@type\":\"ReadAction\",\"target\":[\"https:\/\/paragaleriedetalborjt.com\/boutique\/noreva-actipur-3-en-1-soin-anti-imperfections-intensif-30ml\/\"]}]},{\"@type\":\"ImageObject\",\"inLanguage\":\"en-US\",\"@id\":\"https:\/\/paragaleriedetalborjt.com\/boutique\/noreva-actipur-3-en-1-soin-anti-imperfections-intensif-30ml\/#primaryimage\",\"url\":\"https:\/\/paragaleriedetalborjt.com\/wp-content\/uploads\/2026\/01\/Actipur-3-en-1-soin-anti-imperfections.jpg\",\"contentUrl\":\"https:\/\/paragaleriedetalborjt.com\/wp-content\/uploads\/2026\/01\/Actipur-3-en-1-soin-anti-imperfections.jpg\",\"width\":595,\"height\":655},{\"@type\":\"BreadcrumbList\",\"@id\":\"https:\/\/paragaleriedetalborjt.com\/boutique\/noreva-actipur-3-en-1-soin-anti-imperfections-intensif-30ml\/#breadcrumb\",\"itemListElement\":[{\"@type\":\"ListItem\",\"position\":1,\"name\":\"Accueil\",\"item\":\"https:\/\/paragaleriedetalborjt.com\/\"},{\"@type\":\"ListItem\",\"position\":2,\"name\":\"Boutique\",\"item\":\"https:\/\/paragaleriedetalborjt.com\/boutique\/\"},{\"@type\":\"ListItem\",\"position\":3,\"name\":\"NOREVA ACTIPUR 3 EN 1 SOIN ANTI-IMPERFECTIONS INTENSIF 30ml\"}]},{\"@type\":\"WebSite\",\"@id\":\"https:\/\/paragaleriedetalborjt.com\/#website\",\"url\":\"https:\/\/paragaleriedetalborjt.com\/\",\"name\":\"paragaleriedetalborjt\",\"description\":\"\",\"potentialAction\":[{\"@type\":\"SearchAction\",\"target\":{\"@type\":\"EntryPoint\",\"urlTemplate\":\"https:\/\/paragaleriedetalborjt.com\/?s={search_term_string}\"},\"query-input\":{\"@type\":\"PropertyValueSpecification\",\"valueRequired\":true,\"valueName\":\"search_term_string\"}}],\"inLanguage\":\"en-US\"}]}<\/script>\n<!-- \/ Yoast SEO plugin. -->","yoast_head_json":{"title":"NOREVA ACTIPUR 3 EN 1 SOIN ANTI-IMPERFECTIONS INTENSIF 30ml - paragaleriedetalborjt","robots":{"index":"index","follow":"follow","max-snippet":"max-snippet:-1","max-image-preview":"max-image-preview:large","max-video-preview":"max-video-preview:-1"},"canonical":"https:\/\/paragaleriedetalborjt.com\/en\/boutique\/noreva-actipur-3-en-1-soin-anti-imperfections-intensif-30ml\/","og_locale":"en_US","og_type":"article","og_title":"NOREVA ACTIPUR 3 EN 1 SOIN ANTI-IMPERFECTIONS INTENSIF 30ml - paragaleriedetalborjt","og_description":"Highlights:APAISE \u2013 PURIFIE \u2013 AFFINE LE GRAIN DE PEAU","og_url":"https:\/\/paragaleriedetalborjt.com\/en\/boutique\/noreva-actipur-3-en-1-soin-anti-imperfections-intensif-30ml\/","og_site_name":"paragaleriedetalborjt","article_modified_time":"2026-01-03T19:17:48+00:00","og_image":[{"width":595,"height":655,"url":"https:\/\/paragaleriedetalborjt.com\/wp-content\/uploads\/2026\/01\/Actipur-3-en-1-soin-anti-imperfections.jpg","type":"image\/jpeg"}],"twitter_card":"summary_large_image","twitter_misc":{"Est. reading time":"1 minute"},"schema":{"@context":"https:\/\/schema.org","@graph":[{"@type":"WebPage","@id":"https:\/\/paragaleriedetalborjt.com\/boutique\/noreva-actipur-3-en-1-soin-anti-imperfections-intensif-30ml\/","url":"https:\/\/paragaleriedetalborjt.com\/boutique\/noreva-actipur-3-en-1-soin-anti-imperfections-intensif-30ml\/","name":"NOREVA ACTIPUR 3 EN 1 SOIN ANTI-IMPERFECTIONS INTENSIF 30ml - paragaleriedetalborjt","isPartOf":{"@id":"https:\/\/paragaleriedetalborjt.com\/#website"},"primaryImageOfPage":{"@id":"https:\/\/paragaleriedetalborjt.com\/boutique\/noreva-actipur-3-en-1-soin-anti-imperfections-intensif-30ml\/#primaryimage"},"image":{"@id":"https:\/\/paragaleriedetalborjt.com\/boutique\/noreva-actipur-3-en-1-soin-anti-imperfections-intensif-30ml\/#primaryimage"},"thumbnailUrl":"https:\/\/paragaleriedetalborjt.com\/wp-content\/uploads\/2026\/01\/Actipur-3-en-1-soin-anti-imperfections.jpg","datePublished":"2026-01-03T18:37:18+00:00","dateModified":"2026-01-03T19:17:48+00:00","breadcrumb":{"@id":"https:\/\/paragaleriedetalborjt.com\/boutique\/noreva-actipur-3-en-1-soin-anti-imperfections-intensif-30ml\/#breadcrumb"},"inLanguage":"en-US","potentialAction":[{"@type":"ReadAction","target":["https:\/\/paragaleriedetalborjt.com\/boutique\/noreva-actipur-3-en-1-soin-anti-imperfections-intensif-30ml\/"]}]},{"@type":"ImageObject","inLanguage":"en-US","@id":"https:\/\/paragaleriedetalborjt.com\/boutique\/noreva-actipur-3-en-1-soin-anti-imperfections-intensif-30ml\/#primaryimage","url":"https:\/\/paragaleriedetalborjt.com\/wp-content\/uploads\/2026\/01\/Actipur-3-en-1-soin-anti-imperfections.jpg","contentUrl":"https:\/\/paragaleriedetalborjt.com\/wp-content\/uploads\/2026\/01\/Actipur-3-en-1-soin-anti-imperfections.jpg","width":595,"height":655},{"@type":"BreadcrumbList","@id":"https:\/\/paragaleriedetalborjt.com\/boutique\/noreva-actipur-3-en-1-soin-anti-imperfections-intensif-30ml\/#breadcrumb","itemListElement":[{"@type":"ListItem","position":1,"name":"Accueil","item":"https:\/\/paragaleriedetalborjt.com\/"},{"@type":"ListItem","position":2,"name":"Boutique","item":"https:\/\/paragaleriedetalborjt.com\/boutique\/"},{"@type":"ListItem","position":3,"name":"NOREVA ACTIPUR 3 EN 1 SOIN ANTI-IMPERFECTIONS INTENSIF 30ml"}]},{"@type":"WebSite","@id":"https:\/\/paragaleriedetalborjt.com\/#website","url":"https:\/\/paragaleriedetalborjt.com\/","name":"paragaleriedetalborjt","description":"","potentialAction":[{"@type":"SearchAction","target":{"@type":"EntryPoint","urlTemplate":"https:\/\/paragaleriedetalborjt.com\/?s={search_term_string}"},"query-input":{"@type":"PropertyValueSpecification","valueRequired":true,"valueName":"search_term_string"}}],"inLanguage":"en-US"}]}},"brands":[{"id":1827,"name":"Noreva","slug":"noreva"}],"_links":{"self":[{"href":"https:\/\/paragaleriedetalborjt.com\/en\/wp-json\/wp\/v2\/product\/40379","targetHints":{"allow":["GET"]}}],"collection":[{"href":"https:\/\/paragaleriedetalborjt.com\/en\/wp-json\/wp\/v2\/product"}],"about":[{"href":"https:\/\/paragaleriedetalborjt.com\/en\/wp-json\/wp\/v2\/types\/product"}],"replies":[{"embeddable":true,"href":"https:\/\/paragaleriedetalborjt.com\/en\/wp-json\/wp\/v2\/comments?post=40379"}],"version-history":[{"count":1,"href":"https:\/\/paragaleriedetalborjt.com\/en\/wp-json\/wp\/v2\/product\/40379\/revisions"}],"predecessor-version":[{"id":40381,"href":"https:\/\/paragaleriedetalborjt.com\/en\/wp-json\/wp\/v2\/product\/40379\/revisions\/40381"}],"wp:featuredmedia":[{"embeddable":true,"href":"https:\/\/paragaleriedetalborjt.com\/en\/wp-json\/wp\/v2\/media\/40380"}],"wp:attachment":[{"href":"https:\/\/paragaleriedetalborjt.com\/en\/wp-json\/wp\/v2\/media?parent=40379"}],"wp:term":[{"taxonomy":"pwb-brand","embeddable":true,"href":"https:\/\/paragaleriedetalborjt.com\/en\/wp-json\/wp\/v2\/pwb-brand?post=40379"},{"taxonomy":"product_cat","embeddable":true,"href":"https:\/\/paragaleriedetalborjt.com\/en\/wp-json\/wp\/v2\/product_cat?post=40379"},{"taxonomy":"product_tag","embeddable":true,"href":"https:\/\/paragaleriedetalborjt.com\/en\/wp-json\/wp\/v2\/product_tag?post=40379"}],"curies":[{"name":"wp","href":"https:\/\/api.w.org\/{rel}","templated":true}]}}