{"id":40256,"date":"2026-01-03T19:32:24","date_gmt":"2026-01-03T18:32:24","guid":{"rendered":"https:\/\/paragaleriedetalborjt.com\/?post_type=product&#038;p=40256"},"modified":"2026-01-03T20:17:37","modified_gmt":"2026-01-03T19:17:37","slug":"centifolia-creme-hydratante-125ml","status":"publish","type":"product","link":"https:\/\/paragaleriedetalborjt.com\/en\/boutique\/centifolia-creme-hydratante-125ml\/","title":{"rendered":"Centifolia Creme Hydratante 125ml"},"content":{"rendered":"<div aria-labelledby=\"tab-title-description\" class=\"woocommerce-Tabs-panel woocommerce-Tabs-panel--description panel entry-content wc-tab\" id=\"tab-description\" role=\"tabpanel\" style=\"\">\n<h2>Description<\/h2>\n<p>Elle hydrate imm\u00e9diatement et durablement la peau de toute la famille. Les sensations de s\u00e8cheresse et de tiraillements sont diminu\u00e9es pour une peau confortable et apais\u00e9e. Convient aux peaux sensibles.<\/p>\n<p>La gamme Hydratation pour toute la famille a \u00e9t\u00e9 d\u00e9velopp\u00e9e pour r\u00e9pondre aux besoins quotidiens de la peau des enfants et des adultes. Chaque formule est enrichie avec un merveilleux actif botanique : le Ginkgo Biloba. Cet extrait de Ginkgo Biloba bio et origine France est reconnu pour sa forte concentration en flavono\u00efdes, source importante d\u2019antioxydants.<\/p>\n<\/div>","protected":false},"excerpt":{"rendered":"<p>Highlights:Gr\u00e2ce \u00e0 sa texture l\u00e9g\u00e8re et fondante, la Cr\u00e8me hydratante pour toute la famille p\u00e9n\u00e8tre rapidement sans laisser de film gras, convenant ainsi \u00e0 la peau du visage et du corps.<\/p>","protected":false},"featured_media":40257,"comment_status":"open","ping_status":"closed","template":"","meta":[],"pwb-brand":[1839],"product_cat":[16],"product_tag":[],"class_list":{"0":"post-40256","1":"product","2":"type-product","3":"status-publish","4":"has-post-thumbnail","6":"pwb-brand-centifolia","7":"product_cat-non-classe","8":"pa_brands-centifolia","10":"first","11":"instock","12":"sale","13":"shipping-taxable","14":"purchasable","15":"product-type-simple"},"yoast_head":"<!-- This site is optimized with the Yoast SEO plugin v27.5 - https:\/\/yoast.com\/product\/yoast-seo-wordpress\/ -->\n<title>Centifolia Creme Hydratante 125ml - paragaleriedetalborjt<\/title>\n<meta name=\"robots\" content=\"index, follow, max-snippet:-1, max-image-preview:large, max-video-preview:-1\" \/>\n<link rel=\"canonical\" href=\"https:\/\/paragaleriedetalborjt.com\/en\/boutique\/centifolia-creme-hydratante-125ml\/\" \/>\n<meta property=\"og:locale\" content=\"en_US\" \/>\n<meta property=\"og:type\" content=\"article\" \/>\n<meta property=\"og:title\" content=\"Centifolia Creme Hydratante 125ml - paragaleriedetalborjt\" \/>\n<meta property=\"og:description\" content=\"Highlights:Gr\u00e2ce \u00e0 sa texture l\u00e9g\u00e8re et fondante, la Cr\u00e8me hydratante pour toute la famille p\u00e9n\u00e8tre rapidement sans laisser de film gras, convenant ainsi \u00e0 la peau du visage et du corps.\" \/>\n<meta property=\"og:url\" content=\"https:\/\/paragaleriedetalborjt.com\/en\/boutique\/centifolia-creme-hydratante-125ml\/\" \/>\n<meta property=\"og:site_name\" content=\"paragaleriedetalborjt\" \/>\n<meta property=\"article:modified_time\" content=\"2026-01-03T19:17:37+00:00\" \/>\n<meta property=\"og:image\" content=\"https:\/\/paragaleriedetalborjt.com\/wp-content\/uploads\/2026\/01\/Centifolia-Creme-hydratante-125ml-600x600-1.jpg\" \/>\n\t<meta property=\"og:image:width\" content=\"600\" \/>\n\t<meta property=\"og:image:height\" content=\"600\" \/>\n\t<meta property=\"og:image:type\" content=\"image\/jpeg\" \/>\n<meta name=\"twitter:card\" content=\"summary_large_image\" \/>\n<script type=\"application\/ld+json\" class=\"yoast-schema-graph\">{\"@context\":\"https:\\\/\\\/schema.org\",\"@graph\":[{\"@type\":\"WebPage\",\"@id\":\"https:\\\/\\\/paragaleriedetalborjt.com\\\/boutique\\\/centifolia-creme-hydratante-125ml\\\/\",\"url\":\"https:\\\/\\\/paragaleriedetalborjt.com\\\/boutique\\\/centifolia-creme-hydratante-125ml\\\/\",\"name\":\"Centifolia Creme Hydratante 125ml - paragaleriedetalborjt\",\"isPartOf\":{\"@id\":\"https:\\\/\\\/paragaleriedetalborjt.com\\\/#website\"},\"primaryImageOfPage\":{\"@id\":\"https:\\\/\\\/paragaleriedetalborjt.com\\\/boutique\\\/centifolia-creme-hydratante-125ml\\\/#primaryimage\"},\"image\":{\"@id\":\"https:\\\/\\\/paragaleriedetalborjt.com\\\/boutique\\\/centifolia-creme-hydratante-125ml\\\/#primaryimage\"},\"thumbnailUrl\":\"https:\\\/\\\/paragaleriedetalborjt.com\\\/wp-content\\\/uploads\\\/2026\\\/01\\\/Centifolia-Creme-hydratante-125ml-600x600-1.jpg\",\"datePublished\":\"2026-01-03T18:32:24+00:00\",\"dateModified\":\"2026-01-03T19:17:37+00:00\",\"breadcrumb\":{\"@id\":\"https:\\\/\\\/paragaleriedetalborjt.com\\\/boutique\\\/centifolia-creme-hydratante-125ml\\\/#breadcrumb\"},\"inLanguage\":\"en-US\",\"potentialAction\":[{\"@type\":\"ReadAction\",\"target\":[\"https:\\\/\\\/paragaleriedetalborjt.com\\\/boutique\\\/centifolia-creme-hydratante-125ml\\\/\"]}]},{\"@type\":\"ImageObject\",\"inLanguage\":\"en-US\",\"@id\":\"https:\\\/\\\/paragaleriedetalborjt.com\\\/boutique\\\/centifolia-creme-hydratante-125ml\\\/#primaryimage\",\"url\":\"https:\\\/\\\/paragaleriedetalborjt.com\\\/wp-content\\\/uploads\\\/2026\\\/01\\\/Centifolia-Creme-hydratante-125ml-600x600-1.jpg\",\"contentUrl\":\"https:\\\/\\\/paragaleriedetalborjt.com\\\/wp-content\\\/uploads\\\/2026\\\/01\\\/Centifolia-Creme-hydratante-125ml-600x600-1.jpg\",\"width\":600,\"height\":600},{\"@type\":\"BreadcrumbList\",\"@id\":\"https:\\\/\\\/paragaleriedetalborjt.com\\\/boutique\\\/centifolia-creme-hydratante-125ml\\\/#breadcrumb\",\"itemListElement\":[{\"@type\":\"ListItem\",\"position\":1,\"name\":\"Accueil\",\"item\":\"https:\\\/\\\/paragaleriedetalborjt.com\\\/\"},{\"@type\":\"ListItem\",\"position\":2,\"name\":\"Boutique\",\"item\":\"https:\\\/\\\/paragaleriedetalborjt.com\\\/boutique\\\/\"},{\"@type\":\"ListItem\",\"position\":3,\"name\":\"Centifolia Creme Hydratante 125ml\"}]},{\"@type\":\"WebSite\",\"@id\":\"https:\\\/\\\/paragaleriedetalborjt.com\\\/#website\",\"url\":\"https:\\\/\\\/paragaleriedetalborjt.com\\\/\",\"name\":\"paragaleriedetalborjt\",\"description\":\"\",\"potentialAction\":[{\"@type\":\"SearchAction\",\"target\":{\"@type\":\"EntryPoint\",\"urlTemplate\":\"https:\\\/\\\/paragaleriedetalborjt.com\\\/?s={search_term_string}\"},\"query-input\":{\"@type\":\"PropertyValueSpecification\",\"valueRequired\":true,\"valueName\":\"search_term_string\"}}],\"inLanguage\":\"en-US\"}]}<\/script>\n<!-- \/ Yoast SEO plugin. -->","yoast_head_json":{"title":"Centifolia Creme Hydratante 125ml - paragaleriedetalborjt","robots":{"index":"index","follow":"follow","max-snippet":"max-snippet:-1","max-image-preview":"max-image-preview:large","max-video-preview":"max-video-preview:-1"},"canonical":"https:\/\/paragaleriedetalborjt.com\/en\/boutique\/centifolia-creme-hydratante-125ml\/","og_locale":"en_US","og_type":"article","og_title":"Centifolia Creme Hydratante 125ml - paragaleriedetalborjt","og_description":"Highlights:Gr\u00e2ce \u00e0 sa texture l\u00e9g\u00e8re et fondante, la Cr\u00e8me hydratante pour toute la famille p\u00e9n\u00e8tre rapidement sans laisser de film gras, convenant ainsi \u00e0 la peau du visage et du corps.","og_url":"https:\/\/paragaleriedetalborjt.com\/en\/boutique\/centifolia-creme-hydratante-125ml\/","og_site_name":"paragaleriedetalborjt","article_modified_time":"2026-01-03T19:17:37+00:00","og_image":[{"width":600,"height":600,"url":"https:\/\/paragaleriedetalborjt.com\/wp-content\/uploads\/2026\/01\/Centifolia-Creme-hydratante-125ml-600x600-1.jpg","type":"image\/jpeg"}],"twitter_card":"summary_large_image","schema":{"@context":"https:\/\/schema.org","@graph":[{"@type":"WebPage","@id":"https:\/\/paragaleriedetalborjt.com\/boutique\/centifolia-creme-hydratante-125ml\/","url":"https:\/\/paragaleriedetalborjt.com\/boutique\/centifolia-creme-hydratante-125ml\/","name":"Centifolia Creme Hydratante 125ml - paragaleriedetalborjt","isPartOf":{"@id":"https:\/\/paragaleriedetalborjt.com\/#website"},"primaryImageOfPage":{"@id":"https:\/\/paragaleriedetalborjt.com\/boutique\/centifolia-creme-hydratante-125ml\/#primaryimage"},"image":{"@id":"https:\/\/paragaleriedetalborjt.com\/boutique\/centifolia-creme-hydratante-125ml\/#primaryimage"},"thumbnailUrl":"https:\/\/paragaleriedetalborjt.com\/wp-content\/uploads\/2026\/01\/Centifolia-Creme-hydratante-125ml-600x600-1.jpg","datePublished":"2026-01-03T18:32:24+00:00","dateModified":"2026-01-03T19:17:37+00:00","breadcrumb":{"@id":"https:\/\/paragaleriedetalborjt.com\/boutique\/centifolia-creme-hydratante-125ml\/#breadcrumb"},"inLanguage":"en-US","potentialAction":[{"@type":"ReadAction","target":["https:\/\/paragaleriedetalborjt.com\/boutique\/centifolia-creme-hydratante-125ml\/"]}]},{"@type":"ImageObject","inLanguage":"en-US","@id":"https:\/\/paragaleriedetalborjt.com\/boutique\/centifolia-creme-hydratante-125ml\/#primaryimage","url":"https:\/\/paragaleriedetalborjt.com\/wp-content\/uploads\/2026\/01\/Centifolia-Creme-hydratante-125ml-600x600-1.jpg","contentUrl":"https:\/\/paragaleriedetalborjt.com\/wp-content\/uploads\/2026\/01\/Centifolia-Creme-hydratante-125ml-600x600-1.jpg","width":600,"height":600},{"@type":"BreadcrumbList","@id":"https:\/\/paragaleriedetalborjt.com\/boutique\/centifolia-creme-hydratante-125ml\/#breadcrumb","itemListElement":[{"@type":"ListItem","position":1,"name":"Accueil","item":"https:\/\/paragaleriedetalborjt.com\/"},{"@type":"ListItem","position":2,"name":"Boutique","item":"https:\/\/paragaleriedetalborjt.com\/boutique\/"},{"@type":"ListItem","position":3,"name":"Centifolia Creme Hydratante 125ml"}]},{"@type":"WebSite","@id":"https:\/\/paragaleriedetalborjt.com\/#website","url":"https:\/\/paragaleriedetalborjt.com\/","name":"paragaleriedetalborjt","description":"","potentialAction":[{"@type":"SearchAction","target":{"@type":"EntryPoint","urlTemplate":"https:\/\/paragaleriedetalborjt.com\/?s={search_term_string}"},"query-input":{"@type":"PropertyValueSpecification","valueRequired":true,"valueName":"search_term_string"}}],"inLanguage":"en-US"}]}},"brands":[{"id":1839,"name":"CENTIFOLIA","slug":"centifolia"}],"_links":{"self":[{"href":"https:\/\/paragaleriedetalborjt.com\/en\/wp-json\/wp\/v2\/product\/40256","targetHints":{"allow":["GET"]}}],"collection":[{"href":"https:\/\/paragaleriedetalborjt.com\/en\/wp-json\/wp\/v2\/product"}],"about":[{"href":"https:\/\/paragaleriedetalborjt.com\/en\/wp-json\/wp\/v2\/types\/product"}],"replies":[{"embeddable":true,"href":"https:\/\/paragaleriedetalborjt.com\/en\/wp-json\/wp\/v2\/comments?post=40256"}],"version-history":[{"count":1,"href":"https:\/\/paragaleriedetalborjt.com\/en\/wp-json\/wp\/v2\/product\/40256\/revisions"}],"predecessor-version":[{"id":40258,"href":"https:\/\/paragaleriedetalborjt.com\/en\/wp-json\/wp\/v2\/product\/40256\/revisions\/40258"}],"wp:featuredmedia":[{"embeddable":true,"href":"https:\/\/paragaleriedetalborjt.com\/en\/wp-json\/wp\/v2\/media\/40257"}],"wp:attachment":[{"href":"https:\/\/paragaleriedetalborjt.com\/en\/wp-json\/wp\/v2\/media?parent=40256"}],"wp:term":[{"taxonomy":"pwb-brand","embeddable":true,"href":"https:\/\/paragaleriedetalborjt.com\/en\/wp-json\/wp\/v2\/pwb-brand?post=40256"},{"taxonomy":"product_cat","embeddable":true,"href":"https:\/\/paragaleriedetalborjt.com\/en\/wp-json\/wp\/v2\/product_cat?post=40256"},{"taxonomy":"product_tag","embeddable":true,"href":"https:\/\/paragaleriedetalborjt.com\/en\/wp-json\/wp\/v2\/product_tag?post=40256"}],"curies":[{"name":"wp","href":"https:\/\/api.w.org\/{rel}","templated":true}]}}