{"id":40238,"date":"2026-01-03T19:31:37","date_gmt":"2026-01-03T18:31:37","guid":{"rendered":"https:\/\/paragaleriedetalborjt.com\/?post_type=product&#038;p=40238"},"modified":"2026-01-03T20:17:35","modified_gmt":"2026-01-03T19:17:35","slug":"ducray-melascreen-creme-antitaches-protectrice-spf50-50ml","status":"publish","type":"product","link":"https:\/\/paragaleriedetalborjt.com\/en\/boutique\/ducray-melascreen-creme-antitaches-protectrice-spf50-50ml\/","title":{"rendered":"DUCRAY MELASCREEN Cr\u00e8me Antitaches Protectrice SPF50+ 50ml"},"content":{"rendered":"<div aria-labelledby=\"tab-title-description\" class=\"woocommerce-Tabs-panel woocommerce-Tabs-panel--description panel entry-content wc-tab\" id=\"tab-description\" role=\"tabpanel\" style=\"\">\n<h2>Description<\/h2>\n<p>Cr\u00e8me antitaches quotidienne tr\u00e8s haute protection adapt\u00e9e aux peaux s\u00e8ches pour pr\u00e9venir, r\u00e9duire l\u2019apparence des taches et prot\u00e9ger la peau contre l\u2019ensemble des agressions ext\u00e9rieures*.<\/p>\n<p><strong>Utilisable par<\/strong><br \/>\nFemmes enceintes \u2013 jeunes mamans \u2013 adultes<br \/>\n<strong>Phototype<\/strong><br \/>\nPhototype ii \u2013 bronze difficilement \u2013 attrape souvent des coups de soleil. \u2013 phototype iii \u2013 a parfois des coups de soleil \u2013 bronze progressivement. \u2013 phototype iv \u2013 attrape peu de coups de soleil \u2013 bronze rapidement. \u2013 phototype v \u2013 a rarement des coups de soleil \u2013 phototype vi \u2013 peau fonc\u00e9e \u2013 n\u2019a jamais de coups de soleil.<\/p>\n<p><strong>Zone d\u2019application :<\/strong><br \/>\nVisage \u2013 mains \u2013 cou \u2013 d\u00e9collet\u00e9<br \/>\nType de peau<br \/>\nPeau s\u00e8che \u2013 peau hyperpigment\u00e9e<\/p>\n<p><strong>Besoin :<\/strong><br \/>\nPhoto-vieillissement \u2013 pr\u00e9vention des taches brunes \u2013 r\u00e9duction des taches brunes \u2013 protection contre les agressions ext\u00e9rieures<br \/>\nFabriqu\u00e9 en France<\/p>\n<\/div>","protected":false},"excerpt":{"rendered":"<p>Highlights:Pr\u00e9vient des taches brunes \u2013 Pr\u00e9vient du photovieillissement \u2013 R\u00e9duit les taches brunes \u2013 Prot\u00e8ge des agressions ext\u00e9rieures<\/p>","protected":false},"featured_media":40239,"comment_status":"open","ping_status":"closed","template":"","meta":[],"pwb-brand":[1583],"product_cat":[16],"product_tag":[],"class_list":{"0":"post-40238","1":"product","2":"type-product","3":"status-publish","4":"has-post-thumbnail","6":"pwb-brand-ducray","7":"product_cat-non-classe","8":"pa_brands-ducray","10":"first","11":"instock","12":"sale","13":"shipping-taxable","14":"purchasable","15":"product-type-simple"},"yoast_head":"<!-- This site is optimized with the Yoast SEO plugin v27.5 - https:\/\/yoast.com\/product\/yoast-seo-wordpress\/ -->\n<title>DUCRAY MELASCREEN Cr\u00e8me Antitaches Protectrice SPF50+ 50ml - paragaleriedetalborjt<\/title>\n<meta name=\"robots\" content=\"index, follow, max-snippet:-1, max-image-preview:large, max-video-preview:-1\" \/>\n<link rel=\"canonical\" href=\"https:\/\/paragaleriedetalborjt.com\/en\/boutique\/ducray-melascreen-creme-antitaches-protectrice-spf50-50ml\/\" \/>\n<meta property=\"og:locale\" content=\"en_US\" \/>\n<meta property=\"og:type\" content=\"article\" \/>\n<meta property=\"og:title\" content=\"DUCRAY MELASCREEN Cr\u00e8me Antitaches Protectrice SPF50+ 50ml - paragaleriedetalborjt\" \/>\n<meta property=\"og:description\" content=\"Highlights:Pr\u00e9vient des taches brunes \u2013 Pr\u00e9vient du photovieillissement \u2013 R\u00e9duit les taches brunes \u2013 Prot\u00e8ge des agressions ext\u00e9rieures\" \/>\n<meta property=\"og:url\" content=\"https:\/\/paragaleriedetalborjt.com\/en\/boutique\/ducray-melascreen-creme-antitaches-protectrice-spf50-50ml\/\" \/>\n<meta property=\"og:site_name\" content=\"paragaleriedetalborjt\" \/>\n<meta property=\"article:modified_time\" content=\"2026-01-03T19:17:35+00:00\" \/>\n<meta property=\"og:image\" content=\"https:\/\/paragaleriedetalborjt.com\/wp-content\/uploads\/2026\/01\/Melascreen-creme-anti-taches-protectrice-SPF50-50ml.jpg\" \/>\n\t<meta property=\"og:image:width\" content=\"595\" \/>\n\t<meta property=\"og:image:height\" content=\"655\" \/>\n\t<meta property=\"og:image:type\" content=\"image\/jpeg\" \/>\n<meta name=\"twitter:card\" content=\"summary_large_image\" \/>\n<meta name=\"twitter:label1\" content=\"Est. reading time\" \/>\n\t<meta name=\"twitter:data1\" content=\"1 minute\" \/>\n<script type=\"application\/ld+json\" class=\"yoast-schema-graph\">{\"@context\":\"https:\\\/\\\/schema.org\",\"@graph\":[{\"@type\":\"WebPage\",\"@id\":\"https:\\\/\\\/paragaleriedetalborjt.com\\\/boutique\\\/ducray-melascreen-creme-antitaches-protectrice-spf50-50ml\\\/\",\"url\":\"https:\\\/\\\/paragaleriedetalborjt.com\\\/boutique\\\/ducray-melascreen-creme-antitaches-protectrice-spf50-50ml\\\/\",\"name\":\"DUCRAY MELASCREEN Cr\u00e8me Antitaches Protectrice SPF50+ 50ml - paragaleriedetalborjt\",\"isPartOf\":{\"@id\":\"https:\\\/\\\/paragaleriedetalborjt.com\\\/#website\"},\"primaryImageOfPage\":{\"@id\":\"https:\\\/\\\/paragaleriedetalborjt.com\\\/boutique\\\/ducray-melascreen-creme-antitaches-protectrice-spf50-50ml\\\/#primaryimage\"},\"image\":{\"@id\":\"https:\\\/\\\/paragaleriedetalborjt.com\\\/boutique\\\/ducray-melascreen-creme-antitaches-protectrice-spf50-50ml\\\/#primaryimage\"},\"thumbnailUrl\":\"https:\\\/\\\/paragaleriedetalborjt.com\\\/wp-content\\\/uploads\\\/2026\\\/01\\\/Melascreen-creme-anti-taches-protectrice-SPF50-50ml.jpg\",\"datePublished\":\"2026-01-03T18:31:37+00:00\",\"dateModified\":\"2026-01-03T19:17:35+00:00\",\"breadcrumb\":{\"@id\":\"https:\\\/\\\/paragaleriedetalborjt.com\\\/boutique\\\/ducray-melascreen-creme-antitaches-protectrice-spf50-50ml\\\/#breadcrumb\"},\"inLanguage\":\"en-US\",\"potentialAction\":[{\"@type\":\"ReadAction\",\"target\":[\"https:\\\/\\\/paragaleriedetalborjt.com\\\/boutique\\\/ducray-melascreen-creme-antitaches-protectrice-spf50-50ml\\\/\"]}]},{\"@type\":\"ImageObject\",\"inLanguage\":\"en-US\",\"@id\":\"https:\\\/\\\/paragaleriedetalborjt.com\\\/boutique\\\/ducray-melascreen-creme-antitaches-protectrice-spf50-50ml\\\/#primaryimage\",\"url\":\"https:\\\/\\\/paragaleriedetalborjt.com\\\/wp-content\\\/uploads\\\/2026\\\/01\\\/Melascreen-creme-anti-taches-protectrice-SPF50-50ml.jpg\",\"contentUrl\":\"https:\\\/\\\/paragaleriedetalborjt.com\\\/wp-content\\\/uploads\\\/2026\\\/01\\\/Melascreen-creme-anti-taches-protectrice-SPF50-50ml.jpg\",\"width\":595,\"height\":655},{\"@type\":\"BreadcrumbList\",\"@id\":\"https:\\\/\\\/paragaleriedetalborjt.com\\\/boutique\\\/ducray-melascreen-creme-antitaches-protectrice-spf50-50ml\\\/#breadcrumb\",\"itemListElement\":[{\"@type\":\"ListItem\",\"position\":1,\"name\":\"Accueil\",\"item\":\"https:\\\/\\\/paragaleriedetalborjt.com\\\/\"},{\"@type\":\"ListItem\",\"position\":2,\"name\":\"Boutique\",\"item\":\"https:\\\/\\\/paragaleriedetalborjt.com\\\/boutique\\\/\"},{\"@type\":\"ListItem\",\"position\":3,\"name\":\"DUCRAY MELASCREEN Cr\u00e8me Antitaches Protectrice SPF50+ 50ml\"}]},{\"@type\":\"WebSite\",\"@id\":\"https:\\\/\\\/paragaleriedetalborjt.com\\\/#website\",\"url\":\"https:\\\/\\\/paragaleriedetalborjt.com\\\/\",\"name\":\"paragaleriedetalborjt\",\"description\":\"\",\"potentialAction\":[{\"@type\":\"SearchAction\",\"target\":{\"@type\":\"EntryPoint\",\"urlTemplate\":\"https:\\\/\\\/paragaleriedetalborjt.com\\\/?s={search_term_string}\"},\"query-input\":{\"@type\":\"PropertyValueSpecification\",\"valueRequired\":true,\"valueName\":\"search_term_string\"}}],\"inLanguage\":\"en-US\"}]}<\/script>\n<!-- \/ Yoast SEO plugin. -->","yoast_head_json":{"title":"DUCRAY MELASCREEN Cr\u00e8me Antitaches Protectrice SPF50+ 50ml - paragaleriedetalborjt","robots":{"index":"index","follow":"follow","max-snippet":"max-snippet:-1","max-image-preview":"max-image-preview:large","max-video-preview":"max-video-preview:-1"},"canonical":"https:\/\/paragaleriedetalborjt.com\/en\/boutique\/ducray-melascreen-creme-antitaches-protectrice-spf50-50ml\/","og_locale":"en_US","og_type":"article","og_title":"DUCRAY MELASCREEN Cr\u00e8me Antitaches Protectrice SPF50+ 50ml - paragaleriedetalborjt","og_description":"Highlights:Pr\u00e9vient des taches brunes \u2013 Pr\u00e9vient du photovieillissement \u2013 R\u00e9duit les taches brunes \u2013 Prot\u00e8ge des agressions ext\u00e9rieures","og_url":"https:\/\/paragaleriedetalborjt.com\/en\/boutique\/ducray-melascreen-creme-antitaches-protectrice-spf50-50ml\/","og_site_name":"paragaleriedetalborjt","article_modified_time":"2026-01-03T19:17:35+00:00","og_image":[{"width":595,"height":655,"url":"https:\/\/paragaleriedetalborjt.com\/wp-content\/uploads\/2026\/01\/Melascreen-creme-anti-taches-protectrice-SPF50-50ml.jpg","type":"image\/jpeg"}],"twitter_card":"summary_large_image","twitter_misc":{"Est. reading time":"1 minute"},"schema":{"@context":"https:\/\/schema.org","@graph":[{"@type":"WebPage","@id":"https:\/\/paragaleriedetalborjt.com\/boutique\/ducray-melascreen-creme-antitaches-protectrice-spf50-50ml\/","url":"https:\/\/paragaleriedetalborjt.com\/boutique\/ducray-melascreen-creme-antitaches-protectrice-spf50-50ml\/","name":"DUCRAY MELASCREEN Cr\u00e8me Antitaches Protectrice SPF50+ 50ml - paragaleriedetalborjt","isPartOf":{"@id":"https:\/\/paragaleriedetalborjt.com\/#website"},"primaryImageOfPage":{"@id":"https:\/\/paragaleriedetalborjt.com\/boutique\/ducray-melascreen-creme-antitaches-protectrice-spf50-50ml\/#primaryimage"},"image":{"@id":"https:\/\/paragaleriedetalborjt.com\/boutique\/ducray-melascreen-creme-antitaches-protectrice-spf50-50ml\/#primaryimage"},"thumbnailUrl":"https:\/\/paragaleriedetalborjt.com\/wp-content\/uploads\/2026\/01\/Melascreen-creme-anti-taches-protectrice-SPF50-50ml.jpg","datePublished":"2026-01-03T18:31:37+00:00","dateModified":"2026-01-03T19:17:35+00:00","breadcrumb":{"@id":"https:\/\/paragaleriedetalborjt.com\/boutique\/ducray-melascreen-creme-antitaches-protectrice-spf50-50ml\/#breadcrumb"},"inLanguage":"en-US","potentialAction":[{"@type":"ReadAction","target":["https:\/\/paragaleriedetalborjt.com\/boutique\/ducray-melascreen-creme-antitaches-protectrice-spf50-50ml\/"]}]},{"@type":"ImageObject","inLanguage":"en-US","@id":"https:\/\/paragaleriedetalborjt.com\/boutique\/ducray-melascreen-creme-antitaches-protectrice-spf50-50ml\/#primaryimage","url":"https:\/\/paragaleriedetalborjt.com\/wp-content\/uploads\/2026\/01\/Melascreen-creme-anti-taches-protectrice-SPF50-50ml.jpg","contentUrl":"https:\/\/paragaleriedetalborjt.com\/wp-content\/uploads\/2026\/01\/Melascreen-creme-anti-taches-protectrice-SPF50-50ml.jpg","width":595,"height":655},{"@type":"BreadcrumbList","@id":"https:\/\/paragaleriedetalborjt.com\/boutique\/ducray-melascreen-creme-antitaches-protectrice-spf50-50ml\/#breadcrumb","itemListElement":[{"@type":"ListItem","position":1,"name":"Accueil","item":"https:\/\/paragaleriedetalborjt.com\/"},{"@type":"ListItem","position":2,"name":"Boutique","item":"https:\/\/paragaleriedetalborjt.com\/boutique\/"},{"@type":"ListItem","position":3,"name":"DUCRAY MELASCREEN Cr\u00e8me Antitaches Protectrice SPF50+ 50ml"}]},{"@type":"WebSite","@id":"https:\/\/paragaleriedetalborjt.com\/#website","url":"https:\/\/paragaleriedetalborjt.com\/","name":"paragaleriedetalborjt","description":"","potentialAction":[{"@type":"SearchAction","target":{"@type":"EntryPoint","urlTemplate":"https:\/\/paragaleriedetalborjt.com\/?s={search_term_string}"},"query-input":{"@type":"PropertyValueSpecification","valueRequired":true,"valueName":"search_term_string"}}],"inLanguage":"en-US"}]}},"brands":[{"id":1583,"name":"DUCRAY","slug":"ducray"}],"_links":{"self":[{"href":"https:\/\/paragaleriedetalborjt.com\/en\/wp-json\/wp\/v2\/product\/40238","targetHints":{"allow":["GET"]}}],"collection":[{"href":"https:\/\/paragaleriedetalborjt.com\/en\/wp-json\/wp\/v2\/product"}],"about":[{"href":"https:\/\/paragaleriedetalborjt.com\/en\/wp-json\/wp\/v2\/types\/product"}],"replies":[{"embeddable":true,"href":"https:\/\/paragaleriedetalborjt.com\/en\/wp-json\/wp\/v2\/comments?post=40238"}],"version-history":[{"count":1,"href":"https:\/\/paragaleriedetalborjt.com\/en\/wp-json\/wp\/v2\/product\/40238\/revisions"}],"predecessor-version":[{"id":40240,"href":"https:\/\/paragaleriedetalborjt.com\/en\/wp-json\/wp\/v2\/product\/40238\/revisions\/40240"}],"wp:featuredmedia":[{"embeddable":true,"href":"https:\/\/paragaleriedetalborjt.com\/en\/wp-json\/wp\/v2\/media\/40239"}],"wp:attachment":[{"href":"https:\/\/paragaleriedetalborjt.com\/en\/wp-json\/wp\/v2\/media?parent=40238"}],"wp:term":[{"taxonomy":"pwb-brand","embeddable":true,"href":"https:\/\/paragaleriedetalborjt.com\/en\/wp-json\/wp\/v2\/pwb-brand?post=40238"},{"taxonomy":"product_cat","embeddable":true,"href":"https:\/\/paragaleriedetalborjt.com\/en\/wp-json\/wp\/v2\/product_cat?post=40238"},{"taxonomy":"product_tag","embeddable":true,"href":"https:\/\/paragaleriedetalborjt.com\/en\/wp-json\/wp\/v2\/product_tag?post=40238"}],"curies":[{"name":"wp","href":"https:\/\/api.w.org\/{rel}","templated":true}]}}