{"id":40229,"date":"2026-01-03T19:31:16","date_gmt":"2026-01-03T18:31:16","guid":{"rendered":"https:\/\/paragaleriedetalborjt.com\/?post_type=product&#038;p=40229"},"modified":"2026-01-03T20:17:34","modified_gmt":"2026-01-03T19:17:34","slug":"revox-plex-hair-perfecting-treatment-step-3-260-ml","status":"publish","type":"product","link":"https:\/\/paragaleriedetalborjt.com\/en\/boutique\/revox-plex-hair-perfecting-treatment-step-3-260-ml\/","title":{"rendered":"REVOX PLEX HAIR PERFECTING TREATMENT STEP 3 260 ml"},"content":{"rendered":"<div aria-labelledby=\"tab-title-description\" class=\"woocommerce-Tabs-panel woocommerce-Tabs-panel--description panel entry-content wc-tab\" id=\"tab-description\" role=\"tabpanel\" style=\"\">\n<h2>Description<\/h2>\n<p class=\"p1\"><span class=\"s1\">Ce produit professionnel concentr\u00e9 est d\u00e9velopp\u00e9 pour reconstituer les cheveux ab\u00eem\u00e9s et color\u00e9s de l\u2019int\u00e9rieur vers l\u2019ext\u00e9rieur. Contrairement aux produits revitalisants, il agit en restaurant les liaisons de la fibre capillaire, en am\u00e9liorant la texture et en prot\u00e9geant la structure du cheveu contre la casse. Les cheveux sont plus forts, plus brillants et plus lisses d\u00e8s la premi\u00e8re utilisation.<\/span><\/p>\n<p class=\"p1\"><span class=\"s1\">Sans danger pour la couleur et b\u00e9n\u00e9fique pour tous les types de cheveux.<\/span><\/p>\n<p class=\"p1\"><b>Mode d\u2019emploi:<\/b><\/p>\n<p class=\"p1\"><span class=\"s1\">Utiliser avant le shampoing, 1 \u00e0 3 fois par semaine sur cheveux humides et essor\u00e9s.<\/span><\/p>\n<ol>\n<li><span class=\"s1\">Appliquer une quantit\u00e9 g\u00e9n\u00e9reuse des racines jusqu\u2019aux pointes des cheveux, en l\u2019\u00e9talant avec un peigne ou les doigts jusqu\u2019\u00e0 ce que les cheveux soient suffisamment et uniform\u00e9ment satur\u00e9s.<\/span><\/li>\n<li><span class=\"s1\">Apr\u00e8s 15-20 minutes, rincer abondamment \u00e0 l\u2019eau.<\/span><\/li>\n<li><span class=\"s1\">Lavez et revitalisez vos cheveux comme d\u2019habitude. Pour de meilleurs r\u00e9sultats, utilisez REVOX B77 PLEX BOND CARE SHAMPOO et REVOX B77 PLEX BOND CARE CONDITIONER.<\/span><\/li>\n<\/ol>\n<p class=\"p1\"><strong>Ingr\u00e9dients :<\/strong>\u00a0Eau \/ Aqua, Alcool c\u00e9t\u00e9arylique, Chlorure de c\u00e9trimonium, St\u00e9arate de glyc\u00e9ryle, Ceteareth-20, Huile de ricin \/ Huile de graines de Ricinus Communis, Huile de noix de coco \/ Huile de cocos nucifera, K\u00e9ratine hydrolys\u00e9e, PPG-3 Caprylyl Ether, Acides amin\u00e9s de collag\u00e8ne, Ph\u00e9noxy\u00e9thanol, Parfum \/ Parfum, Acide Citrique, EDTA Disodique, Octad\u00e9cyl Di-t-butyl-4-hydroxyhydrocinnamate, Limon\u00e8ne.<\/p>\n<\/div>","protected":false},"excerpt":{"rendered":"<p>Highlights:REVOX B77 PLEX HAIR PERFECTING TREATMENTest la 3\u00e8me \u00e9tape du syst\u00e8me avanc\u00e9 de reconstruction capillaire REVOX B77 PLEX.<\/p>","protected":false},"featured_media":40230,"comment_status":"open","ping_status":"closed","template":"","meta":[],"pwb-brand":[1574],"product_cat":[16],"product_tag":[],"class_list":{"0":"post-40229","1":"product","2":"type-product","3":"status-publish","4":"has-post-thumbnail","6":"pwb-brand-revox","7":"product_cat-non-classe","8":"pa_brands-revox","10":"first","11":"instock","12":"sale","13":"shipping-taxable","14":"purchasable","15":"product-type-simple"},"yoast_head":"<!-- This site is optimized with the Yoast SEO plugin v26.9 - https:\/\/yoast.com\/product\/yoast-seo-wordpress\/ -->\n<title>REVOX PLEX HAIR PERFECTING TREATMENT STEP 3 260 ml - paragaleriedetalborjt<\/title>\n<meta name=\"robots\" content=\"index, follow, max-snippet:-1, max-image-preview:large, max-video-preview:-1\" \/>\n<link rel=\"canonical\" href=\"https:\/\/paragaleriedetalborjt.com\/en\/boutique\/revox-plex-hair-perfecting-treatment-step-3-260-ml\/\" \/>\n<meta property=\"og:locale\" content=\"en_US\" \/>\n<meta property=\"og:type\" content=\"article\" \/>\n<meta property=\"og:title\" content=\"REVOX PLEX HAIR PERFECTING TREATMENT STEP 3 260 ml - paragaleriedetalborjt\" \/>\n<meta property=\"og:description\" content=\"Highlights:REVOX B77 PLEX HAIR PERFECTING TREATMENTest la 3\u00e8me \u00e9tape du syst\u00e8me avanc\u00e9 de reconstruction capillaire REVOX B77 PLEX.\" \/>\n<meta property=\"og:url\" content=\"https:\/\/paragaleriedetalborjt.com\/en\/boutique\/revox-plex-hair-perfecting-treatment-step-3-260-ml\/\" \/>\n<meta property=\"og:site_name\" content=\"paragaleriedetalborjt\" \/>\n<meta property=\"article:modified_time\" content=\"2026-01-03T19:17:34+00:00\" \/>\n<meta property=\"og:image\" content=\"https:\/\/paragaleriedetalborjt.com\/wp-content\/uploads\/2026\/01\/PLEX-HAIR-PERFECTING-TREATMENT-STEP-3-260-ml-600x600-1.png\" \/>\n\t<meta property=\"og:image:width\" content=\"600\" \/>\n\t<meta property=\"og:image:height\" content=\"600\" \/>\n\t<meta property=\"og:image:type\" content=\"image\/png\" \/>\n<meta name=\"twitter:card\" content=\"summary_large_image\" \/>\n<meta name=\"twitter:label1\" content=\"Est. reading time\" \/>\n\t<meta name=\"twitter:data1\" content=\"1 minute\" \/>\n<script type=\"application\/ld+json\" class=\"yoast-schema-graph\">{\"@context\":\"https:\/\/schema.org\",\"@graph\":[{\"@type\":\"WebPage\",\"@id\":\"https:\/\/paragaleriedetalborjt.com\/boutique\/revox-plex-hair-perfecting-treatment-step-3-260-ml\/\",\"url\":\"https:\/\/paragaleriedetalborjt.com\/boutique\/revox-plex-hair-perfecting-treatment-step-3-260-ml\/\",\"name\":\"REVOX PLEX HAIR PERFECTING TREATMENT STEP 3 260 ml - paragaleriedetalborjt\",\"isPartOf\":{\"@id\":\"https:\/\/paragaleriedetalborjt.com\/#website\"},\"primaryImageOfPage\":{\"@id\":\"https:\/\/paragaleriedetalborjt.com\/boutique\/revox-plex-hair-perfecting-treatment-step-3-260-ml\/#primaryimage\"},\"image\":{\"@id\":\"https:\/\/paragaleriedetalborjt.com\/boutique\/revox-plex-hair-perfecting-treatment-step-3-260-ml\/#primaryimage\"},\"thumbnailUrl\":\"https:\/\/paragaleriedetalborjt.com\/wp-content\/uploads\/2026\/01\/PLEX-HAIR-PERFECTING-TREATMENT-STEP-3-260-ml-600x600-1.png\",\"datePublished\":\"2026-01-03T18:31:16+00:00\",\"dateModified\":\"2026-01-03T19:17:34+00:00\",\"breadcrumb\":{\"@id\":\"https:\/\/paragaleriedetalborjt.com\/boutique\/revox-plex-hair-perfecting-treatment-step-3-260-ml\/#breadcrumb\"},\"inLanguage\":\"en-US\",\"potentialAction\":[{\"@type\":\"ReadAction\",\"target\":[\"https:\/\/paragaleriedetalborjt.com\/boutique\/revox-plex-hair-perfecting-treatment-step-3-260-ml\/\"]}]},{\"@type\":\"ImageObject\",\"inLanguage\":\"en-US\",\"@id\":\"https:\/\/paragaleriedetalborjt.com\/boutique\/revox-plex-hair-perfecting-treatment-step-3-260-ml\/#primaryimage\",\"url\":\"https:\/\/paragaleriedetalborjt.com\/wp-content\/uploads\/2026\/01\/PLEX-HAIR-PERFECTING-TREATMENT-STEP-3-260-ml-600x600-1.png\",\"contentUrl\":\"https:\/\/paragaleriedetalborjt.com\/wp-content\/uploads\/2026\/01\/PLEX-HAIR-PERFECTING-TREATMENT-STEP-3-260-ml-600x600-1.png\",\"width\":600,\"height\":600},{\"@type\":\"BreadcrumbList\",\"@id\":\"https:\/\/paragaleriedetalborjt.com\/boutique\/revox-plex-hair-perfecting-treatment-step-3-260-ml\/#breadcrumb\",\"itemListElement\":[{\"@type\":\"ListItem\",\"position\":1,\"name\":\"Accueil\",\"item\":\"https:\/\/paragaleriedetalborjt.com\/\"},{\"@type\":\"ListItem\",\"position\":2,\"name\":\"Boutique\",\"item\":\"https:\/\/paragaleriedetalborjt.com\/boutique\/\"},{\"@type\":\"ListItem\",\"position\":3,\"name\":\"REVOX PLEX HAIR PERFECTING TREATMENT STEP 3 260 ml\"}]},{\"@type\":\"WebSite\",\"@id\":\"https:\/\/paragaleriedetalborjt.com\/#website\",\"url\":\"https:\/\/paragaleriedetalborjt.com\/\",\"name\":\"paragaleriedetalborjt\",\"description\":\"\",\"potentialAction\":[{\"@type\":\"SearchAction\",\"target\":{\"@type\":\"EntryPoint\",\"urlTemplate\":\"https:\/\/paragaleriedetalborjt.com\/?s={search_term_string}\"},\"query-input\":{\"@type\":\"PropertyValueSpecification\",\"valueRequired\":true,\"valueName\":\"search_term_string\"}}],\"inLanguage\":\"en-US\"}]}<\/script>\n<!-- \/ Yoast SEO plugin. -->","yoast_head_json":{"title":"REVOX PLEX HAIR PERFECTING TREATMENT STEP 3 260 ml - paragaleriedetalborjt","robots":{"index":"index","follow":"follow","max-snippet":"max-snippet:-1","max-image-preview":"max-image-preview:large","max-video-preview":"max-video-preview:-1"},"canonical":"https:\/\/paragaleriedetalborjt.com\/en\/boutique\/revox-plex-hair-perfecting-treatment-step-3-260-ml\/","og_locale":"en_US","og_type":"article","og_title":"REVOX PLEX HAIR PERFECTING TREATMENT STEP 3 260 ml - paragaleriedetalborjt","og_description":"Highlights:REVOX B77 PLEX HAIR PERFECTING TREATMENTest la 3\u00e8me \u00e9tape du syst\u00e8me avanc\u00e9 de reconstruction capillaire REVOX B77 PLEX.","og_url":"https:\/\/paragaleriedetalborjt.com\/en\/boutique\/revox-plex-hair-perfecting-treatment-step-3-260-ml\/","og_site_name":"paragaleriedetalborjt","article_modified_time":"2026-01-03T19:17:34+00:00","og_image":[{"width":600,"height":600,"url":"https:\/\/paragaleriedetalborjt.com\/wp-content\/uploads\/2026\/01\/PLEX-HAIR-PERFECTING-TREATMENT-STEP-3-260-ml-600x600-1.png","type":"image\/png"}],"twitter_card":"summary_large_image","twitter_misc":{"Est. reading time":"1 minute"},"schema":{"@context":"https:\/\/schema.org","@graph":[{"@type":"WebPage","@id":"https:\/\/paragaleriedetalborjt.com\/boutique\/revox-plex-hair-perfecting-treatment-step-3-260-ml\/","url":"https:\/\/paragaleriedetalborjt.com\/boutique\/revox-plex-hair-perfecting-treatment-step-3-260-ml\/","name":"REVOX PLEX HAIR PERFECTING TREATMENT STEP 3 260 ml - paragaleriedetalborjt","isPartOf":{"@id":"https:\/\/paragaleriedetalborjt.com\/#website"},"primaryImageOfPage":{"@id":"https:\/\/paragaleriedetalborjt.com\/boutique\/revox-plex-hair-perfecting-treatment-step-3-260-ml\/#primaryimage"},"image":{"@id":"https:\/\/paragaleriedetalborjt.com\/boutique\/revox-plex-hair-perfecting-treatment-step-3-260-ml\/#primaryimage"},"thumbnailUrl":"https:\/\/paragaleriedetalborjt.com\/wp-content\/uploads\/2026\/01\/PLEX-HAIR-PERFECTING-TREATMENT-STEP-3-260-ml-600x600-1.png","datePublished":"2026-01-03T18:31:16+00:00","dateModified":"2026-01-03T19:17:34+00:00","breadcrumb":{"@id":"https:\/\/paragaleriedetalborjt.com\/boutique\/revox-plex-hair-perfecting-treatment-step-3-260-ml\/#breadcrumb"},"inLanguage":"en-US","potentialAction":[{"@type":"ReadAction","target":["https:\/\/paragaleriedetalborjt.com\/boutique\/revox-plex-hair-perfecting-treatment-step-3-260-ml\/"]}]},{"@type":"ImageObject","inLanguage":"en-US","@id":"https:\/\/paragaleriedetalborjt.com\/boutique\/revox-plex-hair-perfecting-treatment-step-3-260-ml\/#primaryimage","url":"https:\/\/paragaleriedetalborjt.com\/wp-content\/uploads\/2026\/01\/PLEX-HAIR-PERFECTING-TREATMENT-STEP-3-260-ml-600x600-1.png","contentUrl":"https:\/\/paragaleriedetalborjt.com\/wp-content\/uploads\/2026\/01\/PLEX-HAIR-PERFECTING-TREATMENT-STEP-3-260-ml-600x600-1.png","width":600,"height":600},{"@type":"BreadcrumbList","@id":"https:\/\/paragaleriedetalborjt.com\/boutique\/revox-plex-hair-perfecting-treatment-step-3-260-ml\/#breadcrumb","itemListElement":[{"@type":"ListItem","position":1,"name":"Accueil","item":"https:\/\/paragaleriedetalborjt.com\/"},{"@type":"ListItem","position":2,"name":"Boutique","item":"https:\/\/paragaleriedetalborjt.com\/boutique\/"},{"@type":"ListItem","position":3,"name":"REVOX PLEX HAIR PERFECTING TREATMENT STEP 3 260 ml"}]},{"@type":"WebSite","@id":"https:\/\/paragaleriedetalborjt.com\/#website","url":"https:\/\/paragaleriedetalborjt.com\/","name":"paragaleriedetalborjt","description":"","potentialAction":[{"@type":"SearchAction","target":{"@type":"EntryPoint","urlTemplate":"https:\/\/paragaleriedetalborjt.com\/?s={search_term_string}"},"query-input":{"@type":"PropertyValueSpecification","valueRequired":true,"valueName":"search_term_string"}}],"inLanguage":"en-US"}]}},"brands":[{"id":1574,"name":"REVOX","slug":"revox"}],"_links":{"self":[{"href":"https:\/\/paragaleriedetalborjt.com\/en\/wp-json\/wp\/v2\/product\/40229","targetHints":{"allow":["GET"]}}],"collection":[{"href":"https:\/\/paragaleriedetalborjt.com\/en\/wp-json\/wp\/v2\/product"}],"about":[{"href":"https:\/\/paragaleriedetalborjt.com\/en\/wp-json\/wp\/v2\/types\/product"}],"replies":[{"embeddable":true,"href":"https:\/\/paragaleriedetalborjt.com\/en\/wp-json\/wp\/v2\/comments?post=40229"}],"version-history":[{"count":1,"href":"https:\/\/paragaleriedetalborjt.com\/en\/wp-json\/wp\/v2\/product\/40229\/revisions"}],"predecessor-version":[{"id":40231,"href":"https:\/\/paragaleriedetalborjt.com\/en\/wp-json\/wp\/v2\/product\/40229\/revisions\/40231"}],"wp:featuredmedia":[{"embeddable":true,"href":"https:\/\/paragaleriedetalborjt.com\/en\/wp-json\/wp\/v2\/media\/40230"}],"wp:attachment":[{"href":"https:\/\/paragaleriedetalborjt.com\/en\/wp-json\/wp\/v2\/media?parent=40229"}],"wp:term":[{"taxonomy":"pwb-brand","embeddable":true,"href":"https:\/\/paragaleriedetalborjt.com\/en\/wp-json\/wp\/v2\/pwb-brand?post=40229"},{"taxonomy":"product_cat","embeddable":true,"href":"https:\/\/paragaleriedetalborjt.com\/en\/wp-json\/wp\/v2\/product_cat?post=40229"},{"taxonomy":"product_tag","embeddable":true,"href":"https:\/\/paragaleriedetalborjt.com\/en\/wp-json\/wp\/v2\/product_tag?post=40229"}],"curies":[{"name":"wp","href":"https:\/\/api.w.org\/{rel}","templated":true}]}}