{"id":40204,"date":"2026-01-03T19:30:14","date_gmt":"2026-01-03T18:30:14","guid":{"rendered":"https:\/\/paragaleriedetalborjt.com\/?post_type=product&#038;p=40204"},"modified":"2026-01-03T20:17:33","modified_gmt":"2026-01-03T19:17:33","slug":"revox-b77-daily-sun-shield-for-oily-skin-30ml","status":"publish","type":"product","link":"https:\/\/paragaleriedetalborjt.com\/en\/boutique\/revox-b77-daily-sun-shield-for-oily-skin-30ml\/","title":{"rendered":"Revox B77 Daily Sun Shield For Oily Skin 30ml"},"content":{"rendered":"<div aria-labelledby=\"tab-title-description\" class=\"woocommerce-Tabs-panel woocommerce-Tabs-panel--description panel entry-content wc-tab\" id=\"tab-description\" role=\"tabpanel\" style=\"\">\n<h2>Description<\/h2>\n<p><b>REVOX B77 JUST DAILY SUN SHIELD<\/b><\/p>\n<p class=\"p1\">Cette cr\u00e8me quotidienne l\u00e9g\u00e8re est tout-en-un. Il prot\u00e8ge votre peau des rayons UVA qui causent l\u2019\u00e2ge et des rayons UVB qui causent des br\u00fblures, tout en l\u2019hydratant et en l\u2019adoucissant. En raison de sa texture d\u00e9licate, il p\u00e9n\u00e8tre rapidement dans la peau pour un fini lisse et velout\u00e9 non gras, cr\u00e9ant une base parfaite pour le maquillage.<\/p>\n<p class=\"p1\"><img class=\"ls-is-cached lazyloaded\" data-image=\"3skwt3j8gyrj\" data-src=\"https:\/\/cdn.shopify.com\/s\/files\/1\/0430\/1471\/7602\/files\/vegan_9a3e4c2a-7b92-4aa7-bace-9457daad57a1_100x100.png?v=1631866474\" decoding=\"async\" height=\"30\" src=\"https:\/\/cdn.shopify.com\/s\/files\/1\/0430\/1471\/7602\/files\/vegan_9a3e4c2a-7b92-4aa7-bace-9457daad57a1_100x100.png?v=1631866474\" width=\"47\"\/><\/p>\n<p class=\"p1\"><b>Mode d\u2019emploi :<\/b>\u00a0Appliquez une quantit\u00e9 g\u00e9n\u00e9reuse sur la peau nettoy\u00e9e du visage et du cou directement avant l\u2019exposition au soleil. R\u00e9duire la quantit\u00e9 diminue consid\u00e9rablement le niveau de protection. Pour une protection optimale, r\u00e9appliquer le produit plusieurs fois, notamment apr\u00e8s avoir transpir\u00e9 ou s\u2019\u00eatre essuy\u00e9. \u00c9viter le contact direct avec les yeux.<\/p>\n<p class=\"p1\"><b>Ingr\u00e9dients\/ingr\u00e9dients\u00a0:<\/b>\u00a0eau\/eau, octocryl\u00e8ne, m\u00e9thoxycinnamate d\u2019\u00e9thylhexyle, salicylate d\u2019\u00e9thylhexyle, triazone d\u2019\u00e9thylhexyle, benzoate d\u2019hexyle de di\u00e9thylaminohydroxybenzoyle, malate d\u2019alkyle en C12-13, adipate de diisopropyle, huile min\u00e9rale\/liquide de paraffine, glyc\u00e9rine, alcool c\u00e9t\u00e9arylique, c\u00e9t\u00e9arate de glycol, glyc\u00e9ryle St\u00e9arate, Ceteareth-20, Ceteareth-12, Palmitate de c\u00e9tyle, Hyaluronate de sodium, Ph\u00e9noxy\u00e9thanol, Allanto\u00efne, Acrylates\/C10-30 Alkyl Acrylate Crosspolymer, Tri\u00e9thanolamine, Fragrance \/ Parfum, Hexyl Cinnamal, Benzyl Salicylate, Limonene, Anise Alcohol.<\/p>\n<p class=\"p1\"><b>Attention :<\/b>\u00a0M\u00eame lorsque vous utilisez des produits de protection solaire, \u00e9vitez le soleil de midi et l\u2019exposition excessive au soleil pour pr\u00e9venir les risques graves pour la sant\u00e9. Une intol\u00e9rance individuelle \u00e0 l\u2019un des ingr\u00e9dients est possible. Avant la premi\u00e8re utilisation, effectuez un test de sensibilit\u00e9.<\/p>\n<\/div>","protected":false},"excerpt":{"rendered":"<p>Highlights:REVOX B77 JUST DAILY SUN SHIELDCette cr\u00e8me quotidienne l\u00e9g\u00e8re est tout-en-un. Il prot\u00e8ge votre peau des rayons UVA qui causent l\u2019\u00e2ge et des rayons UVB qui causent des br\u00fblures, tout en l\u2019hydratant et en l\u2019adoucissant.<\/p>","protected":false},"featured_media":40205,"comment_status":"open","ping_status":"closed","template":"","meta":[],"pwb-brand":[1574],"product_cat":[16],"product_tag":[],"class_list":{"0":"post-40204","1":"product","2":"type-product","3":"status-publish","4":"has-post-thumbnail","6":"pwb-brand-revox","7":"product_cat-non-classe","8":"pa_brands-revox","10":"first","11":"instock","12":"sale","13":"shipping-taxable","14":"purchasable","15":"product-type-simple"},"yoast_head":"<!-- This site is optimized with the Yoast SEO plugin v26.9 - https:\/\/yoast.com\/product\/yoast-seo-wordpress\/ -->\n<title>Revox B77 Daily Sun Shield For Oily Skin 30ml - paragaleriedetalborjt<\/title>\n<meta name=\"robots\" content=\"index, follow, max-snippet:-1, max-image-preview:large, max-video-preview:-1\" \/>\n<link rel=\"canonical\" href=\"https:\/\/paragaleriedetalborjt.com\/en\/boutique\/revox-b77-daily-sun-shield-for-oily-skin-30ml\/\" \/>\n<meta property=\"og:locale\" content=\"en_US\" \/>\n<meta property=\"og:type\" content=\"article\" \/>\n<meta property=\"og:title\" content=\"Revox B77 Daily Sun Shield For Oily Skin 30ml - paragaleriedetalborjt\" \/>\n<meta property=\"og:description\" content=\"Highlights:REVOX B77 JUST DAILY SUN SHIELDCette cr\u00e8me quotidienne l\u00e9g\u00e8re est tout-en-un. Il prot\u00e8ge votre peau des rayons UVA qui causent l\u2019\u00e2ge et des rayons UVB qui causent des br\u00fblures, tout en l\u2019hydratant et en l\u2019adoucissant.\" \/>\n<meta property=\"og:url\" content=\"https:\/\/paragaleriedetalborjt.com\/en\/boutique\/revox-b77-daily-sun-shield-for-oily-skin-30ml\/\" \/>\n<meta property=\"og:site_name\" content=\"paragaleriedetalborjt\" \/>\n<meta property=\"article:modified_time\" content=\"2026-01-03T19:17:33+00:00\" \/>\n<meta property=\"og:image\" content=\"https:\/\/paragaleriedetalborjt.com\/wp-content\/uploads\/2026\/01\/Revox-B77-Daily-Sun-Shield-For-oily-skin-30ml.jpg\" \/>\n\t<meta property=\"og:image:width\" content=\"595\" \/>\n\t<meta property=\"og:image:height\" content=\"655\" \/>\n\t<meta property=\"og:image:type\" content=\"image\/jpeg\" \/>\n<meta name=\"twitter:card\" content=\"summary_large_image\" \/>\n<meta name=\"twitter:label1\" content=\"Est. reading time\" \/>\n\t<meta name=\"twitter:data1\" content=\"1 minute\" \/>\n<script type=\"application\/ld+json\" class=\"yoast-schema-graph\">{\"@context\":\"https:\/\/schema.org\",\"@graph\":[{\"@type\":\"WebPage\",\"@id\":\"https:\/\/paragaleriedetalborjt.com\/boutique\/revox-b77-daily-sun-shield-for-oily-skin-30ml\/\",\"url\":\"https:\/\/paragaleriedetalborjt.com\/boutique\/revox-b77-daily-sun-shield-for-oily-skin-30ml\/\",\"name\":\"Revox B77 Daily Sun Shield For Oily Skin 30ml - paragaleriedetalborjt\",\"isPartOf\":{\"@id\":\"https:\/\/paragaleriedetalborjt.com\/#website\"},\"primaryImageOfPage\":{\"@id\":\"https:\/\/paragaleriedetalborjt.com\/boutique\/revox-b77-daily-sun-shield-for-oily-skin-30ml\/#primaryimage\"},\"image\":{\"@id\":\"https:\/\/paragaleriedetalborjt.com\/boutique\/revox-b77-daily-sun-shield-for-oily-skin-30ml\/#primaryimage\"},\"thumbnailUrl\":\"https:\/\/paragaleriedetalborjt.com\/wp-content\/uploads\/2026\/01\/Revox-B77-Daily-Sun-Shield-For-oily-skin-30ml.jpg\",\"datePublished\":\"2026-01-03T18:30:14+00:00\",\"dateModified\":\"2026-01-03T19:17:33+00:00\",\"breadcrumb\":{\"@id\":\"https:\/\/paragaleriedetalborjt.com\/boutique\/revox-b77-daily-sun-shield-for-oily-skin-30ml\/#breadcrumb\"},\"inLanguage\":\"en-US\",\"potentialAction\":[{\"@type\":\"ReadAction\",\"target\":[\"https:\/\/paragaleriedetalborjt.com\/boutique\/revox-b77-daily-sun-shield-for-oily-skin-30ml\/\"]}]},{\"@type\":\"ImageObject\",\"inLanguage\":\"en-US\",\"@id\":\"https:\/\/paragaleriedetalborjt.com\/boutique\/revox-b77-daily-sun-shield-for-oily-skin-30ml\/#primaryimage\",\"url\":\"https:\/\/paragaleriedetalborjt.com\/wp-content\/uploads\/2026\/01\/Revox-B77-Daily-Sun-Shield-For-oily-skin-30ml.jpg\",\"contentUrl\":\"https:\/\/paragaleriedetalborjt.com\/wp-content\/uploads\/2026\/01\/Revox-B77-Daily-Sun-Shield-For-oily-skin-30ml.jpg\",\"width\":595,\"height\":655},{\"@type\":\"BreadcrumbList\",\"@id\":\"https:\/\/paragaleriedetalborjt.com\/boutique\/revox-b77-daily-sun-shield-for-oily-skin-30ml\/#breadcrumb\",\"itemListElement\":[{\"@type\":\"ListItem\",\"position\":1,\"name\":\"Accueil\",\"item\":\"https:\/\/paragaleriedetalborjt.com\/\"},{\"@type\":\"ListItem\",\"position\":2,\"name\":\"Boutique\",\"item\":\"https:\/\/paragaleriedetalborjt.com\/boutique\/\"},{\"@type\":\"ListItem\",\"position\":3,\"name\":\"Revox B77 Daily Sun Shield For Oily Skin 30ml\"}]},{\"@type\":\"WebSite\",\"@id\":\"https:\/\/paragaleriedetalborjt.com\/#website\",\"url\":\"https:\/\/paragaleriedetalborjt.com\/\",\"name\":\"paragaleriedetalborjt\",\"description\":\"\",\"potentialAction\":[{\"@type\":\"SearchAction\",\"target\":{\"@type\":\"EntryPoint\",\"urlTemplate\":\"https:\/\/paragaleriedetalborjt.com\/?s={search_term_string}\"},\"query-input\":{\"@type\":\"PropertyValueSpecification\",\"valueRequired\":true,\"valueName\":\"search_term_string\"}}],\"inLanguage\":\"en-US\"}]}<\/script>\n<!-- \/ Yoast SEO plugin. -->","yoast_head_json":{"title":"Revox B77 Daily Sun Shield For Oily Skin 30ml - paragaleriedetalborjt","robots":{"index":"index","follow":"follow","max-snippet":"max-snippet:-1","max-image-preview":"max-image-preview:large","max-video-preview":"max-video-preview:-1"},"canonical":"https:\/\/paragaleriedetalborjt.com\/en\/boutique\/revox-b77-daily-sun-shield-for-oily-skin-30ml\/","og_locale":"en_US","og_type":"article","og_title":"Revox B77 Daily Sun Shield For Oily Skin 30ml - paragaleriedetalborjt","og_description":"Highlights:REVOX B77 JUST DAILY SUN SHIELDCette cr\u00e8me quotidienne l\u00e9g\u00e8re est tout-en-un. Il prot\u00e8ge votre peau des rayons UVA qui causent l\u2019\u00e2ge et des rayons UVB qui causent des br\u00fblures, tout en l\u2019hydratant et en l\u2019adoucissant.","og_url":"https:\/\/paragaleriedetalborjt.com\/en\/boutique\/revox-b77-daily-sun-shield-for-oily-skin-30ml\/","og_site_name":"paragaleriedetalborjt","article_modified_time":"2026-01-03T19:17:33+00:00","og_image":[{"width":595,"height":655,"url":"https:\/\/paragaleriedetalborjt.com\/wp-content\/uploads\/2026\/01\/Revox-B77-Daily-Sun-Shield-For-oily-skin-30ml.jpg","type":"image\/jpeg"}],"twitter_card":"summary_large_image","twitter_misc":{"Est. reading time":"1 minute"},"schema":{"@context":"https:\/\/schema.org","@graph":[{"@type":"WebPage","@id":"https:\/\/paragaleriedetalborjt.com\/boutique\/revox-b77-daily-sun-shield-for-oily-skin-30ml\/","url":"https:\/\/paragaleriedetalborjt.com\/boutique\/revox-b77-daily-sun-shield-for-oily-skin-30ml\/","name":"Revox B77 Daily Sun Shield For Oily Skin 30ml - paragaleriedetalborjt","isPartOf":{"@id":"https:\/\/paragaleriedetalborjt.com\/#website"},"primaryImageOfPage":{"@id":"https:\/\/paragaleriedetalborjt.com\/boutique\/revox-b77-daily-sun-shield-for-oily-skin-30ml\/#primaryimage"},"image":{"@id":"https:\/\/paragaleriedetalborjt.com\/boutique\/revox-b77-daily-sun-shield-for-oily-skin-30ml\/#primaryimage"},"thumbnailUrl":"https:\/\/paragaleriedetalborjt.com\/wp-content\/uploads\/2026\/01\/Revox-B77-Daily-Sun-Shield-For-oily-skin-30ml.jpg","datePublished":"2026-01-03T18:30:14+00:00","dateModified":"2026-01-03T19:17:33+00:00","breadcrumb":{"@id":"https:\/\/paragaleriedetalborjt.com\/boutique\/revox-b77-daily-sun-shield-for-oily-skin-30ml\/#breadcrumb"},"inLanguage":"en-US","potentialAction":[{"@type":"ReadAction","target":["https:\/\/paragaleriedetalborjt.com\/boutique\/revox-b77-daily-sun-shield-for-oily-skin-30ml\/"]}]},{"@type":"ImageObject","inLanguage":"en-US","@id":"https:\/\/paragaleriedetalborjt.com\/boutique\/revox-b77-daily-sun-shield-for-oily-skin-30ml\/#primaryimage","url":"https:\/\/paragaleriedetalborjt.com\/wp-content\/uploads\/2026\/01\/Revox-B77-Daily-Sun-Shield-For-oily-skin-30ml.jpg","contentUrl":"https:\/\/paragaleriedetalborjt.com\/wp-content\/uploads\/2026\/01\/Revox-B77-Daily-Sun-Shield-For-oily-skin-30ml.jpg","width":595,"height":655},{"@type":"BreadcrumbList","@id":"https:\/\/paragaleriedetalborjt.com\/boutique\/revox-b77-daily-sun-shield-for-oily-skin-30ml\/#breadcrumb","itemListElement":[{"@type":"ListItem","position":1,"name":"Accueil","item":"https:\/\/paragaleriedetalborjt.com\/"},{"@type":"ListItem","position":2,"name":"Boutique","item":"https:\/\/paragaleriedetalborjt.com\/boutique\/"},{"@type":"ListItem","position":3,"name":"Revox B77 Daily Sun Shield For Oily Skin 30ml"}]},{"@type":"WebSite","@id":"https:\/\/paragaleriedetalborjt.com\/#website","url":"https:\/\/paragaleriedetalborjt.com\/","name":"paragaleriedetalborjt","description":"","potentialAction":[{"@type":"SearchAction","target":{"@type":"EntryPoint","urlTemplate":"https:\/\/paragaleriedetalborjt.com\/?s={search_term_string}"},"query-input":{"@type":"PropertyValueSpecification","valueRequired":true,"valueName":"search_term_string"}}],"inLanguage":"en-US"}]}},"brands":[{"id":1574,"name":"REVOX","slug":"revox"}],"_links":{"self":[{"href":"https:\/\/paragaleriedetalborjt.com\/en\/wp-json\/wp\/v2\/product\/40204","targetHints":{"allow":["GET"]}}],"collection":[{"href":"https:\/\/paragaleriedetalborjt.com\/en\/wp-json\/wp\/v2\/product"}],"about":[{"href":"https:\/\/paragaleriedetalborjt.com\/en\/wp-json\/wp\/v2\/types\/product"}],"replies":[{"embeddable":true,"href":"https:\/\/paragaleriedetalborjt.com\/en\/wp-json\/wp\/v2\/comments?post=40204"}],"version-history":[{"count":1,"href":"https:\/\/paragaleriedetalborjt.com\/en\/wp-json\/wp\/v2\/product\/40204\/revisions"}],"predecessor-version":[{"id":40206,"href":"https:\/\/paragaleriedetalborjt.com\/en\/wp-json\/wp\/v2\/product\/40204\/revisions\/40206"}],"wp:featuredmedia":[{"embeddable":true,"href":"https:\/\/paragaleriedetalborjt.com\/en\/wp-json\/wp\/v2\/media\/40205"}],"wp:attachment":[{"href":"https:\/\/paragaleriedetalborjt.com\/en\/wp-json\/wp\/v2\/media?parent=40204"}],"wp:term":[{"taxonomy":"pwb-brand","embeddable":true,"href":"https:\/\/paragaleriedetalborjt.com\/en\/wp-json\/wp\/v2\/pwb-brand?post=40204"},{"taxonomy":"product_cat","embeddable":true,"href":"https:\/\/paragaleriedetalborjt.com\/en\/wp-json\/wp\/v2\/product_cat?post=40204"},{"taxonomy":"product_tag","embeddable":true,"href":"https:\/\/paragaleriedetalborjt.com\/en\/wp-json\/wp\/v2\/product_tag?post=40204"}],"curies":[{"name":"wp","href":"https:\/\/api.w.org\/{rel}","templated":true}]}}