{"id":40113,"date":"2026-01-03T19:26:31","date_gmt":"2026-01-03T18:26:31","guid":{"rendered":"https:\/\/paragaleriedetalborjt.com\/?post_type=product&#038;p=40113"},"modified":"2026-01-03T20:17:25","modified_gmt":"2026-01-03T19:17:25","slug":"puressentiel-assanissant-spray-textiles-antiparasitaire-150ml","status":"publish","type":"product","link":"https:\/\/paragaleriedetalborjt.com\/en\/boutique\/puressentiel-assanissant-spray-textiles-antiparasitaire-150ml\/","title":{"rendered":"Puressentiel Assanissant Spray Textiles Antiparasitaire 150ml"},"content":{"rendered":"<div aria-labelledby=\"tab-title-description\" class=\"woocommerce-Tabs-panel woocommerce-Tabs-panel--description panel entry-content wc-tab\" id=\"tab-description\" role=\"tabpanel\" style=\"\">\n<h2>Description<\/h2>\n<h2>DESCRIPTION SPRAY TEXTILE ANTIPARASITAIRE<\/h2>\n<p>Le\u00a0<strong>Spray Textile Antiparasitaire<\/strong>\u00a0de\u00a0Puressentiel\u00a0est un spray concentr\u00e9 en\u00a0<strong>huiles essentielles<\/strong>\u00a0pour \u00e9liminer les\u00a0<strong>parasites\u00a0<\/strong>de toutes les pi\u00e8ces de la\u00a0<strong>maison<\/strong>. Ce produit peut s\u2019utiliser\u00a0sur\u00a0<strong>tous les textiles lavables<\/strong>\u00a0(linge, literie, peluches\u2026) et\u00a0<strong>non lavables<\/strong>\u00a0(mobilier, rideaux, si\u00e8ges auto\u2026) en machine \u00e0 plus de 60\u00b0C, susceptibles d\u2019\u00eatre\u00a0<strong>infect\u00e9s<\/strong>.<\/p>\n<p>Les\u00a0<strong>mites<\/strong>, les\u00a0<strong>puces<\/strong>, les\u00a0<strong>acariens\u00a0<\/strong>ou encore les\u00a0<strong>punaises de lit<\/strong>, sont des\u00a0<strong>parasites\u00a0<\/strong>qui peuvent rapidement\u00a0<strong>prolif\u00e9rer\u00a0<\/strong>et\u00a0<strong>infester\u00a0<\/strong>votre habitat, et cr\u00e9er des\u00a0<strong>r\u00e9actions allergiques<\/strong>\u00a0\u00e0 diff\u00e9rents membres de votre\u00a0<strong>famille<\/strong>.<\/p>\n<p>Retrouvez un\u00a0<strong>habitat sain et prot\u00e9g\u00e9<\/strong>, gr\u00e2ce \u00e0 la formule contr\u00f4l\u00e9e par\u00a0<strong>Ecocert\u00a0<\/strong>du\u00a0<strong>Spray Textile Antiparasitaire Puressentiel<\/strong>. Sa composition \u00e0 base de\u00a0<strong>g\u00e9raniol 100% d\u2019origine v\u00e9g\u00e9tale<\/strong>\u00a0permet d\u2019<strong>\u00e9liminer\u00a0<\/strong>et de\u00a0<strong>pr\u00e9venir\u00a0<\/strong>la\u00a0<strong>r\u00e9infestation\u00a0<\/strong>des\u00a0<strong>acariens\u00a0<\/strong>responsables des\u00a0<strong>allergies<\/strong>, et du\u00a0<strong>Sarcopte de la Gale<\/strong>. Ce spray est \u00e9galement efficace contre les\u00a0<strong>nuisibles\u00a0<\/strong>de la maison tels que les\u00a0<strong>mites de v\u00eatements<\/strong>, les\u00a0<strong>puces\u00a0<\/strong>et les<strong>\u00a0punaises de lit<\/strong>.<\/p>\n<h3>99,96% des ingr\u00e9dient sont d\u2019origine v\u00e9g\u00e9tale.<\/h3>\n<p>Avec\u00a0<strong>100% d\u2019efficacit\u00e9 prouv\u00e9e scientifiquement<\/strong>, ce spray antiparasitaire pour\u00a0<strong>textiles\u00a0<\/strong>vous permet de retrouver un\u00a0<strong>habitat sain<\/strong>, et d\u2019\u00e9viter les\u00a0<strong>allergies\u00a0<\/strong>li\u00e9es \u00e0 ces parasites du quotidien.<\/p>\n<p>Gr\u00e2ce \u00e0 sa\u00a0<strong>pompe multidirectionnelle<\/strong>, ce spray peut s\u2019utiliser dans tous les sens, et permet de vaporiser le produit sur une grande surface. Son\u00a0<strong>parfum\u00a0<\/strong>est\u00a0<strong>frais\u00a0<\/strong>et\u00a0<strong>agr\u00e9able<\/strong>, et sa formule\u00a0<strong>ne tache pas<\/strong>\u00a0les v\u00eatements et tous les types de textiles.<\/p>\n<p><strong>L\u2019habitat est assainit, pour longtemps.\u00a0<\/strong><\/p>\n<h3>Conseils d\u2019utilisation<\/h3>\n<p>Pulv\u00e9risez \u00e0 30 cm de la surface \u00e0 traiter pendant quelques secondes, soit 16 secondes\/m\u00b2 (par exemple 6 secondes pour une taie d\u2019oreiller). Laissez agir 4 heures puis a\u00e9rez et aspirez ou lavez en machine les textiles directement au contact de la peau.<\/p>\n<p>Renouvelez l\u2019op\u00e9ration 1 fois par semaine pour les personnes plus allergiques. Il est conseill\u00e9 de vaporiser \u00e9galement sur les textiles (v\u00eatements et literie) des autres personnes vivant sous le m\u00eame toit. Traitez un seul textile \u00e0 la fois, ne multipliez pas les usages.<\/p>\n<p><u>1 flacon de 150ml = 10m\u00b2 de surface \u00e0 traiter<\/u>\u00a0(soit 4 matelas standards 2 personnes \u2013 ou 6 matelas 1 personne).<\/p>\n<p><strong>Pr\u00e9sentation propos\u00e9e par votre pharmacie en ligne<\/strong>\u00a0: spray 150ml<\/p>\n<\/div>","protected":false},"excerpt":{"rendered":"<p>Highlights:Le Spray Textile Antiparasitaire de\u00a0Puressentiel\u00a0est un spray concentr\u00e9 en huiles essentielles pour \u00e9liminer les parasites de toutes les pi\u00e8ces de la maison. Ce produit peut s\u2019utiliser\u00a0sur tous les textiles lavables (linge, literie, peluches\u2026) et non lavables (mobilier, rideaux, si\u00e8ges auto\u2026) en machine \u00e0 plus de 60\u00b0C, susceptibles d\u2019\u00eatre infect\u00e9s.<\/p>","protected":false},"featured_media":40114,"comment_status":"open","ping_status":"closed","template":"","meta":[],"pwb-brand":[1824],"product_cat":[16],"product_tag":[],"class_list":{"0":"post-40113","1":"product","2":"type-product","3":"status-publish","4":"has-post-thumbnail","6":"pwb-brand-puressentiel","7":"product_cat-non-classe","8":"pa_brands-puressentiel","10":"first","11":"instock","12":"sale","13":"shipping-taxable","14":"purchasable","15":"product-type-simple"},"yoast_head":"<!-- This site is optimized with the Yoast SEO plugin v27.5 - https:\/\/yoast.com\/product\/yoast-seo-wordpress\/ -->\n<title>Puressentiel Assanissant Spray Textiles Antiparasitaire 150ml - paragaleriedetalborjt<\/title>\n<meta name=\"robots\" content=\"index, follow, max-snippet:-1, max-image-preview:large, max-video-preview:-1\" \/>\n<link rel=\"canonical\" href=\"https:\/\/paragaleriedetalborjt.com\/en\/boutique\/puressentiel-assanissant-spray-textiles-antiparasitaire-150ml\/\" \/>\n<meta property=\"og:locale\" content=\"en_US\" \/>\n<meta property=\"og:type\" content=\"article\" \/>\n<meta property=\"og:title\" content=\"Puressentiel Assanissant Spray Textiles Antiparasitaire 150ml - paragaleriedetalborjt\" \/>\n<meta property=\"og:description\" content=\"Highlights:Le Spray Textile Antiparasitaire de\u00a0Puressentiel\u00a0est un spray concentr\u00e9 en huiles essentielles pour \u00e9liminer les parasites de toutes les pi\u00e8ces de la maison. Ce produit peut s\u2019utiliser\u00a0sur tous les textiles lavables (linge, literie, peluches\u2026) et non lavables (mobilier, rideaux, si\u00e8ges auto\u2026) en machine \u00e0 plus de 60\u00b0C, susceptibles d\u2019\u00eatre infect\u00e9s.\" \/>\n<meta property=\"og:url\" content=\"https:\/\/paragaleriedetalborjt.com\/en\/boutique\/puressentiel-assanissant-spray-textiles-antiparasitaire-150ml\/\" \/>\n<meta property=\"og:site_name\" content=\"paragaleriedetalborjt\" \/>\n<meta property=\"article:modified_time\" content=\"2026-01-03T19:17:25+00:00\" \/>\n<meta property=\"og:image\" content=\"https:\/\/paragaleriedetalborjt.com\/wp-content\/uploads\/2026\/01\/Puress-Assanissant-Spray-Textiles-Antiparasitaire-150ml.jpg\" \/>\n\t<meta property=\"og:image:width\" content=\"595\" \/>\n\t<meta property=\"og:image:height\" content=\"655\" \/>\n\t<meta property=\"og:image:type\" content=\"image\/jpeg\" \/>\n<meta name=\"twitter:card\" content=\"summary_large_image\" \/>\n<meta name=\"twitter:label1\" content=\"Est. reading time\" \/>\n\t<meta name=\"twitter:data1\" content=\"2 minutes\" \/>\n<script type=\"application\/ld+json\" class=\"yoast-schema-graph\">{\"@context\":\"https:\\\/\\\/schema.org\",\"@graph\":[{\"@type\":\"WebPage\",\"@id\":\"https:\\\/\\\/paragaleriedetalborjt.com\\\/boutique\\\/puressentiel-assanissant-spray-textiles-antiparasitaire-150ml\\\/\",\"url\":\"https:\\\/\\\/paragaleriedetalborjt.com\\\/boutique\\\/puressentiel-assanissant-spray-textiles-antiparasitaire-150ml\\\/\",\"name\":\"Puressentiel Assanissant Spray Textiles Antiparasitaire 150ml - paragaleriedetalborjt\",\"isPartOf\":{\"@id\":\"https:\\\/\\\/paragaleriedetalborjt.com\\\/#website\"},\"primaryImageOfPage\":{\"@id\":\"https:\\\/\\\/paragaleriedetalborjt.com\\\/boutique\\\/puressentiel-assanissant-spray-textiles-antiparasitaire-150ml\\\/#primaryimage\"},\"image\":{\"@id\":\"https:\\\/\\\/paragaleriedetalborjt.com\\\/boutique\\\/puressentiel-assanissant-spray-textiles-antiparasitaire-150ml\\\/#primaryimage\"},\"thumbnailUrl\":\"https:\\\/\\\/paragaleriedetalborjt.com\\\/wp-content\\\/uploads\\\/2026\\\/01\\\/Puress-Assanissant-Spray-Textiles-Antiparasitaire-150ml.jpg\",\"datePublished\":\"2026-01-03T18:26:31+00:00\",\"dateModified\":\"2026-01-03T19:17:25+00:00\",\"breadcrumb\":{\"@id\":\"https:\\\/\\\/paragaleriedetalborjt.com\\\/boutique\\\/puressentiel-assanissant-spray-textiles-antiparasitaire-150ml\\\/#breadcrumb\"},\"inLanguage\":\"en-US\",\"potentialAction\":[{\"@type\":\"ReadAction\",\"target\":[\"https:\\\/\\\/paragaleriedetalborjt.com\\\/boutique\\\/puressentiel-assanissant-spray-textiles-antiparasitaire-150ml\\\/\"]}]},{\"@type\":\"ImageObject\",\"inLanguage\":\"en-US\",\"@id\":\"https:\\\/\\\/paragaleriedetalborjt.com\\\/boutique\\\/puressentiel-assanissant-spray-textiles-antiparasitaire-150ml\\\/#primaryimage\",\"url\":\"https:\\\/\\\/paragaleriedetalborjt.com\\\/wp-content\\\/uploads\\\/2026\\\/01\\\/Puress-Assanissant-Spray-Textiles-Antiparasitaire-150ml.jpg\",\"contentUrl\":\"https:\\\/\\\/paragaleriedetalborjt.com\\\/wp-content\\\/uploads\\\/2026\\\/01\\\/Puress-Assanissant-Spray-Textiles-Antiparasitaire-150ml.jpg\",\"width\":595,\"height\":655},{\"@type\":\"BreadcrumbList\",\"@id\":\"https:\\\/\\\/paragaleriedetalborjt.com\\\/boutique\\\/puressentiel-assanissant-spray-textiles-antiparasitaire-150ml\\\/#breadcrumb\",\"itemListElement\":[{\"@type\":\"ListItem\",\"position\":1,\"name\":\"Accueil\",\"item\":\"https:\\\/\\\/paragaleriedetalborjt.com\\\/\"},{\"@type\":\"ListItem\",\"position\":2,\"name\":\"Boutique\",\"item\":\"https:\\\/\\\/paragaleriedetalborjt.com\\\/boutique\\\/\"},{\"@type\":\"ListItem\",\"position\":3,\"name\":\"Puressentiel Assanissant Spray Textiles Antiparasitaire 150ml\"}]},{\"@type\":\"WebSite\",\"@id\":\"https:\\\/\\\/paragaleriedetalborjt.com\\\/#website\",\"url\":\"https:\\\/\\\/paragaleriedetalborjt.com\\\/\",\"name\":\"paragaleriedetalborjt\",\"description\":\"\",\"potentialAction\":[{\"@type\":\"SearchAction\",\"target\":{\"@type\":\"EntryPoint\",\"urlTemplate\":\"https:\\\/\\\/paragaleriedetalborjt.com\\\/?s={search_term_string}\"},\"query-input\":{\"@type\":\"PropertyValueSpecification\",\"valueRequired\":true,\"valueName\":\"search_term_string\"}}],\"inLanguage\":\"en-US\"}]}<\/script>\n<!-- \/ Yoast SEO plugin. -->","yoast_head_json":{"title":"Puressentiel Assanissant Spray Textiles Antiparasitaire 150ml - paragaleriedetalborjt","robots":{"index":"index","follow":"follow","max-snippet":"max-snippet:-1","max-image-preview":"max-image-preview:large","max-video-preview":"max-video-preview:-1"},"canonical":"https:\/\/paragaleriedetalborjt.com\/en\/boutique\/puressentiel-assanissant-spray-textiles-antiparasitaire-150ml\/","og_locale":"en_US","og_type":"article","og_title":"Puressentiel Assanissant Spray Textiles Antiparasitaire 150ml - paragaleriedetalborjt","og_description":"Highlights:Le Spray Textile Antiparasitaire de\u00a0Puressentiel\u00a0est un spray concentr\u00e9 en huiles essentielles pour \u00e9liminer les parasites de toutes les pi\u00e8ces de la maison. Ce produit peut s\u2019utiliser\u00a0sur tous les textiles lavables (linge, literie, peluches\u2026) et non lavables (mobilier, rideaux, si\u00e8ges auto\u2026) en machine \u00e0 plus de 60\u00b0C, susceptibles d\u2019\u00eatre infect\u00e9s.","og_url":"https:\/\/paragaleriedetalborjt.com\/en\/boutique\/puressentiel-assanissant-spray-textiles-antiparasitaire-150ml\/","og_site_name":"paragaleriedetalborjt","article_modified_time":"2026-01-03T19:17:25+00:00","og_image":[{"width":595,"height":655,"url":"https:\/\/paragaleriedetalborjt.com\/wp-content\/uploads\/2026\/01\/Puress-Assanissant-Spray-Textiles-Antiparasitaire-150ml.jpg","type":"image\/jpeg"}],"twitter_card":"summary_large_image","twitter_misc":{"Est. reading time":"2 minutes"},"schema":{"@context":"https:\/\/schema.org","@graph":[{"@type":"WebPage","@id":"https:\/\/paragaleriedetalborjt.com\/boutique\/puressentiel-assanissant-spray-textiles-antiparasitaire-150ml\/","url":"https:\/\/paragaleriedetalborjt.com\/boutique\/puressentiel-assanissant-spray-textiles-antiparasitaire-150ml\/","name":"Puressentiel Assanissant Spray Textiles Antiparasitaire 150ml - paragaleriedetalborjt","isPartOf":{"@id":"https:\/\/paragaleriedetalborjt.com\/#website"},"primaryImageOfPage":{"@id":"https:\/\/paragaleriedetalborjt.com\/boutique\/puressentiel-assanissant-spray-textiles-antiparasitaire-150ml\/#primaryimage"},"image":{"@id":"https:\/\/paragaleriedetalborjt.com\/boutique\/puressentiel-assanissant-spray-textiles-antiparasitaire-150ml\/#primaryimage"},"thumbnailUrl":"https:\/\/paragaleriedetalborjt.com\/wp-content\/uploads\/2026\/01\/Puress-Assanissant-Spray-Textiles-Antiparasitaire-150ml.jpg","datePublished":"2026-01-03T18:26:31+00:00","dateModified":"2026-01-03T19:17:25+00:00","breadcrumb":{"@id":"https:\/\/paragaleriedetalborjt.com\/boutique\/puressentiel-assanissant-spray-textiles-antiparasitaire-150ml\/#breadcrumb"},"inLanguage":"en-US","potentialAction":[{"@type":"ReadAction","target":["https:\/\/paragaleriedetalborjt.com\/boutique\/puressentiel-assanissant-spray-textiles-antiparasitaire-150ml\/"]}]},{"@type":"ImageObject","inLanguage":"en-US","@id":"https:\/\/paragaleriedetalborjt.com\/boutique\/puressentiel-assanissant-spray-textiles-antiparasitaire-150ml\/#primaryimage","url":"https:\/\/paragaleriedetalborjt.com\/wp-content\/uploads\/2026\/01\/Puress-Assanissant-Spray-Textiles-Antiparasitaire-150ml.jpg","contentUrl":"https:\/\/paragaleriedetalborjt.com\/wp-content\/uploads\/2026\/01\/Puress-Assanissant-Spray-Textiles-Antiparasitaire-150ml.jpg","width":595,"height":655},{"@type":"BreadcrumbList","@id":"https:\/\/paragaleriedetalborjt.com\/boutique\/puressentiel-assanissant-spray-textiles-antiparasitaire-150ml\/#breadcrumb","itemListElement":[{"@type":"ListItem","position":1,"name":"Accueil","item":"https:\/\/paragaleriedetalborjt.com\/"},{"@type":"ListItem","position":2,"name":"Boutique","item":"https:\/\/paragaleriedetalborjt.com\/boutique\/"},{"@type":"ListItem","position":3,"name":"Puressentiel Assanissant Spray Textiles Antiparasitaire 150ml"}]},{"@type":"WebSite","@id":"https:\/\/paragaleriedetalborjt.com\/#website","url":"https:\/\/paragaleriedetalborjt.com\/","name":"paragaleriedetalborjt","description":"","potentialAction":[{"@type":"SearchAction","target":{"@type":"EntryPoint","urlTemplate":"https:\/\/paragaleriedetalborjt.com\/?s={search_term_string}"},"query-input":{"@type":"PropertyValueSpecification","valueRequired":true,"valueName":"search_term_string"}}],"inLanguage":"en-US"}]}},"brands":[{"id":1824,"name":"PURESSENTIEL","slug":"puressentiel"}],"_links":{"self":[{"href":"https:\/\/paragaleriedetalborjt.com\/en\/wp-json\/wp\/v2\/product\/40113","targetHints":{"allow":["GET"]}}],"collection":[{"href":"https:\/\/paragaleriedetalborjt.com\/en\/wp-json\/wp\/v2\/product"}],"about":[{"href":"https:\/\/paragaleriedetalborjt.com\/en\/wp-json\/wp\/v2\/types\/product"}],"replies":[{"embeddable":true,"href":"https:\/\/paragaleriedetalborjt.com\/en\/wp-json\/wp\/v2\/comments?post=40113"}],"version-history":[{"count":1,"href":"https:\/\/paragaleriedetalborjt.com\/en\/wp-json\/wp\/v2\/product\/40113\/revisions"}],"predecessor-version":[{"id":40115,"href":"https:\/\/paragaleriedetalborjt.com\/en\/wp-json\/wp\/v2\/product\/40113\/revisions\/40115"}],"wp:featuredmedia":[{"embeddable":true,"href":"https:\/\/paragaleriedetalborjt.com\/en\/wp-json\/wp\/v2\/media\/40114"}],"wp:attachment":[{"href":"https:\/\/paragaleriedetalborjt.com\/en\/wp-json\/wp\/v2\/media?parent=40113"}],"wp:term":[{"taxonomy":"pwb-brand","embeddable":true,"href":"https:\/\/paragaleriedetalborjt.com\/en\/wp-json\/wp\/v2\/pwb-brand?post=40113"},{"taxonomy":"product_cat","embeddable":true,"href":"https:\/\/paragaleriedetalborjt.com\/en\/wp-json\/wp\/v2\/product_cat?post=40113"},{"taxonomy":"product_tag","embeddable":true,"href":"https:\/\/paragaleriedetalborjt.com\/en\/wp-json\/wp\/v2\/product_tag?post=40113"}],"curies":[{"name":"wp","href":"https:\/\/api.w.org\/{rel}","templated":true}]}}