{"id":40104,"date":"2026-01-03T19:26:06","date_gmt":"2026-01-03T18:26:06","guid":{"rendered":"https:\/\/paragaleriedetalborjt.com\/?post_type=product&#038;p=40104"},"modified":"2026-01-03T20:17:24","modified_gmt":"2026-01-03T19:17:24","slug":"mccosmetics-sun-block-cream-50-50ml","status":"publish","type":"product","link":"https:\/\/paragaleriedetalborjt.com\/en\/boutique\/mccosmetics-sun-block-cream-50-50ml\/","title":{"rendered":"Mccosmetics Sun block cream 50+ 50ml"},"content":{"rendered":"<div aria-labelledby=\"tab-title-description\" class=\"woocommerce-Tabs-panel woocommerce-Tabs-panel--description panel entry-content wc-tab\" id=\"tab-description\" role=\"tabpanel\" style=\"\">\n<h2>Description<\/h2>\n<p>mccosmetics Sun Block SPF50+ 50ml\u00a0propose une formule sp\u00e9cialement con\u00e7ue pour prot\u00e9ger la peau des rayons UVB et UVA ainsi que pr\u00e9venir le photo-vieillissement, les \u00e9ryth\u00e8mes solaires et l\u2019apparition d\u2019imperfections et de boutons. En particulier, cet \u00e9cran solaire contient des propri\u00e9t\u00e9s protectrices et hydratantes qui garantissent une protection physique contre les agressions ext\u00e9rieures. D\u2019autre part, il aide \u00e0 r\u00e9cup\u00e9rer le tissu cutan\u00e9 en le gardant visiblement plus sain, hydrat\u00e9 et revitalis\u00e9. En ce sens, ce produit acquiert une pertinence particuli\u00e8re pour les cas de post-peelings, d\u2019interventions post-chirurgicales et de traitements post-laser.<\/p>\n<p>La pr\u00e9sence de filtres comme le m\u00e9thoxycinnamate d\u2019\u00e9thyle et l\u2019acide sulfonique de ph\u00e9nylbenzimidazole garantit que cette cr\u00e8me prot\u00e8ge efficacement la peau des rayons UVA et UVB. D\u2019autre part, cet \u00e9cran solaire cr\u00e9meux a \u00e9galement dans sa composition de l\u2019ur\u00e9e, un ingr\u00e9dient qui peut hydrater la peau en profondeur et am\u00e9liorer sa barri\u00e8re protectrice. Toujours dans ce sens, la S\u00e9rine, la Glyc\u00e9rine et l\u2019Allanto\u00efne garantissent une puissante action hydratante parfaite pour tous les types de peau. De plus, ils finissent \u00e9galement par calmer les peaux les plus irrit\u00e9es et sensibilis\u00e9es, en maintenant toujours sa bonne sant\u00e9. Enfin, l\u2019extrait de Mimosa Tenuiflora est exceptionnellement efficace pour r\u00e9parer les dommages cutan\u00e9s. De plus, il aide \u00e9galement \u00e0 prot\u00e9ger contre les radicaux libres.<\/p>\n<p>En bref, cette cr\u00e8me solaire quotidienne prot\u00e8ge non seulement la peau des rayons du soleil et des radicaux libres mais hydrate \u00e9galement intens\u00e9ment la peau et l\u2019apaise. Ainsi, quel que soit le type de peau en question, plus ou moins sensible, avec cette cr\u00e8me solaire elle reste sans aucune irritation, plus hydrat\u00e9e et parfaitement prot\u00e9g\u00e9e.<\/p>\n<p><strong>Conseils d\u2019utilisation :<\/strong><\/p>\n<p>Utilisez\u00a0mccosmetics Sun Block SPF50+ 50ml\u00a0apr\u00e8s avoir nettoy\u00e9 la peau. Appliquer sur le visage et le cou avant l\u2019exposition au soleil avec des mouvements doux jusqu\u2019\u00e0 absorption totale. Renouveler fr\u00e9quemment l\u2019application dans la journ\u00e9e.<\/p>\n<\/div>","protected":false},"excerpt":{"rendered":"<p>Highlights:mccosmetics Sun Block SPF50+ 50ml garantit une protection solaire extr\u00eamement \u00e9lev\u00e9e pour tous les types de peau tout en l\u2019hydratant, l\u2019apaisant et la r\u00e9parant.<\/p>","protected":false},"featured_media":40105,"comment_status":"open","ping_status":"closed","template":"","meta":[],"pwb-brand":[1823],"product_cat":[16],"product_tag":[],"class_list":{"0":"post-40104","1":"product","2":"type-product","3":"status-publish","4":"has-post-thumbnail","6":"pwb-brand-mccosmetics","7":"product_cat-non-classe","8":"pa_brands-mccosmetics","10":"first","11":"instock","12":"sale","13":"shipping-taxable","14":"purchasable","15":"product-type-simple"},"yoast_head":"<!-- This site is optimized with the Yoast SEO plugin v26.9 - https:\/\/yoast.com\/product\/yoast-seo-wordpress\/ -->\n<title>Mccosmetics Sun block cream 50+ 50ml - paragaleriedetalborjt<\/title>\n<meta name=\"robots\" content=\"index, follow, max-snippet:-1, max-image-preview:large, max-video-preview:-1\" \/>\n<link rel=\"canonical\" href=\"https:\/\/paragaleriedetalborjt.com\/en\/boutique\/mccosmetics-sun-block-cream-50-50ml\/\" \/>\n<meta property=\"og:locale\" content=\"en_US\" \/>\n<meta property=\"og:type\" content=\"article\" \/>\n<meta property=\"og:title\" content=\"Mccosmetics Sun block cream 50+ 50ml - paragaleriedetalborjt\" \/>\n<meta property=\"og:description\" content=\"Highlights:mccosmetics Sun Block SPF50+ 50ml garantit une protection solaire extr\u00eamement \u00e9lev\u00e9e pour tous les types de peau tout en l\u2019hydratant, l\u2019apaisant et la r\u00e9parant.\" \/>\n<meta property=\"og:url\" content=\"https:\/\/paragaleriedetalborjt.com\/en\/boutique\/mccosmetics-sun-block-cream-50-50ml\/\" \/>\n<meta property=\"og:site_name\" content=\"paragaleriedetalborjt\" \/>\n<meta property=\"article:modified_time\" content=\"2026-01-03T19:17:24+00:00\" \/>\n<meta property=\"og:image\" content=\"https:\/\/paragaleriedetalborjt.com\/wp-content\/uploads\/2026\/01\/mccosmetics-sun-block-50-solaire-invisible-50ml.jpg\" \/>\n\t<meta property=\"og:image:width\" content=\"594\" \/>\n\t<meta property=\"og:image:height\" content=\"654\" \/>\n\t<meta property=\"og:image:type\" content=\"image\/jpeg\" \/>\n<meta name=\"twitter:card\" content=\"summary_large_image\" \/>\n<meta name=\"twitter:label1\" content=\"Est. reading time\" \/>\n\t<meta name=\"twitter:data1\" content=\"2 minutes\" \/>\n<script type=\"application\/ld+json\" class=\"yoast-schema-graph\">{\"@context\":\"https:\/\/schema.org\",\"@graph\":[{\"@type\":\"WebPage\",\"@id\":\"https:\/\/paragaleriedetalborjt.com\/boutique\/mccosmetics-sun-block-cream-50-50ml\/\",\"url\":\"https:\/\/paragaleriedetalborjt.com\/boutique\/mccosmetics-sun-block-cream-50-50ml\/\",\"name\":\"Mccosmetics Sun block cream 50+ 50ml - paragaleriedetalborjt\",\"isPartOf\":{\"@id\":\"https:\/\/paragaleriedetalborjt.com\/#website\"},\"primaryImageOfPage\":{\"@id\":\"https:\/\/paragaleriedetalborjt.com\/boutique\/mccosmetics-sun-block-cream-50-50ml\/#primaryimage\"},\"image\":{\"@id\":\"https:\/\/paragaleriedetalborjt.com\/boutique\/mccosmetics-sun-block-cream-50-50ml\/#primaryimage\"},\"thumbnailUrl\":\"https:\/\/paragaleriedetalborjt.com\/wp-content\/uploads\/2026\/01\/mccosmetics-sun-block-50-solaire-invisible-50ml.jpg\",\"datePublished\":\"2026-01-03T18:26:06+00:00\",\"dateModified\":\"2026-01-03T19:17:24+00:00\",\"breadcrumb\":{\"@id\":\"https:\/\/paragaleriedetalborjt.com\/boutique\/mccosmetics-sun-block-cream-50-50ml\/#breadcrumb\"},\"inLanguage\":\"en-US\",\"potentialAction\":[{\"@type\":\"ReadAction\",\"target\":[\"https:\/\/paragaleriedetalborjt.com\/boutique\/mccosmetics-sun-block-cream-50-50ml\/\"]}]},{\"@type\":\"ImageObject\",\"inLanguage\":\"en-US\",\"@id\":\"https:\/\/paragaleriedetalborjt.com\/boutique\/mccosmetics-sun-block-cream-50-50ml\/#primaryimage\",\"url\":\"https:\/\/paragaleriedetalborjt.com\/wp-content\/uploads\/2026\/01\/mccosmetics-sun-block-50-solaire-invisible-50ml.jpg\",\"contentUrl\":\"https:\/\/paragaleriedetalborjt.com\/wp-content\/uploads\/2026\/01\/mccosmetics-sun-block-50-solaire-invisible-50ml.jpg\",\"width\":594,\"height\":654},{\"@type\":\"BreadcrumbList\",\"@id\":\"https:\/\/paragaleriedetalborjt.com\/boutique\/mccosmetics-sun-block-cream-50-50ml\/#breadcrumb\",\"itemListElement\":[{\"@type\":\"ListItem\",\"position\":1,\"name\":\"Accueil\",\"item\":\"https:\/\/paragaleriedetalborjt.com\/\"},{\"@type\":\"ListItem\",\"position\":2,\"name\":\"Boutique\",\"item\":\"https:\/\/paragaleriedetalborjt.com\/boutique\/\"},{\"@type\":\"ListItem\",\"position\":3,\"name\":\"Mccosmetics Sun block cream 50+ 50ml\"}]},{\"@type\":\"WebSite\",\"@id\":\"https:\/\/paragaleriedetalborjt.com\/#website\",\"url\":\"https:\/\/paragaleriedetalborjt.com\/\",\"name\":\"paragaleriedetalborjt\",\"description\":\"\",\"potentialAction\":[{\"@type\":\"SearchAction\",\"target\":{\"@type\":\"EntryPoint\",\"urlTemplate\":\"https:\/\/paragaleriedetalborjt.com\/?s={search_term_string}\"},\"query-input\":{\"@type\":\"PropertyValueSpecification\",\"valueRequired\":true,\"valueName\":\"search_term_string\"}}],\"inLanguage\":\"en-US\"}]}<\/script>\n<!-- \/ Yoast SEO plugin. -->","yoast_head_json":{"title":"Mccosmetics Sun block cream 50+ 50ml - paragaleriedetalborjt","robots":{"index":"index","follow":"follow","max-snippet":"max-snippet:-1","max-image-preview":"max-image-preview:large","max-video-preview":"max-video-preview:-1"},"canonical":"https:\/\/paragaleriedetalborjt.com\/en\/boutique\/mccosmetics-sun-block-cream-50-50ml\/","og_locale":"en_US","og_type":"article","og_title":"Mccosmetics Sun block cream 50+ 50ml - paragaleriedetalborjt","og_description":"Highlights:mccosmetics Sun Block SPF50+ 50ml garantit une protection solaire extr\u00eamement \u00e9lev\u00e9e pour tous les types de peau tout en l\u2019hydratant, l\u2019apaisant et la r\u00e9parant.","og_url":"https:\/\/paragaleriedetalborjt.com\/en\/boutique\/mccosmetics-sun-block-cream-50-50ml\/","og_site_name":"paragaleriedetalborjt","article_modified_time":"2026-01-03T19:17:24+00:00","og_image":[{"width":594,"height":654,"url":"https:\/\/paragaleriedetalborjt.com\/wp-content\/uploads\/2026\/01\/mccosmetics-sun-block-50-solaire-invisible-50ml.jpg","type":"image\/jpeg"}],"twitter_card":"summary_large_image","twitter_misc":{"Est. reading time":"2 minutes"},"schema":{"@context":"https:\/\/schema.org","@graph":[{"@type":"WebPage","@id":"https:\/\/paragaleriedetalborjt.com\/boutique\/mccosmetics-sun-block-cream-50-50ml\/","url":"https:\/\/paragaleriedetalborjt.com\/boutique\/mccosmetics-sun-block-cream-50-50ml\/","name":"Mccosmetics Sun block cream 50+ 50ml - paragaleriedetalborjt","isPartOf":{"@id":"https:\/\/paragaleriedetalborjt.com\/#website"},"primaryImageOfPage":{"@id":"https:\/\/paragaleriedetalborjt.com\/boutique\/mccosmetics-sun-block-cream-50-50ml\/#primaryimage"},"image":{"@id":"https:\/\/paragaleriedetalborjt.com\/boutique\/mccosmetics-sun-block-cream-50-50ml\/#primaryimage"},"thumbnailUrl":"https:\/\/paragaleriedetalborjt.com\/wp-content\/uploads\/2026\/01\/mccosmetics-sun-block-50-solaire-invisible-50ml.jpg","datePublished":"2026-01-03T18:26:06+00:00","dateModified":"2026-01-03T19:17:24+00:00","breadcrumb":{"@id":"https:\/\/paragaleriedetalborjt.com\/boutique\/mccosmetics-sun-block-cream-50-50ml\/#breadcrumb"},"inLanguage":"en-US","potentialAction":[{"@type":"ReadAction","target":["https:\/\/paragaleriedetalborjt.com\/boutique\/mccosmetics-sun-block-cream-50-50ml\/"]}]},{"@type":"ImageObject","inLanguage":"en-US","@id":"https:\/\/paragaleriedetalborjt.com\/boutique\/mccosmetics-sun-block-cream-50-50ml\/#primaryimage","url":"https:\/\/paragaleriedetalborjt.com\/wp-content\/uploads\/2026\/01\/mccosmetics-sun-block-50-solaire-invisible-50ml.jpg","contentUrl":"https:\/\/paragaleriedetalborjt.com\/wp-content\/uploads\/2026\/01\/mccosmetics-sun-block-50-solaire-invisible-50ml.jpg","width":594,"height":654},{"@type":"BreadcrumbList","@id":"https:\/\/paragaleriedetalborjt.com\/boutique\/mccosmetics-sun-block-cream-50-50ml\/#breadcrumb","itemListElement":[{"@type":"ListItem","position":1,"name":"Accueil","item":"https:\/\/paragaleriedetalborjt.com\/"},{"@type":"ListItem","position":2,"name":"Boutique","item":"https:\/\/paragaleriedetalborjt.com\/boutique\/"},{"@type":"ListItem","position":3,"name":"Mccosmetics Sun block cream 50+ 50ml"}]},{"@type":"WebSite","@id":"https:\/\/paragaleriedetalborjt.com\/#website","url":"https:\/\/paragaleriedetalborjt.com\/","name":"paragaleriedetalborjt","description":"","potentialAction":[{"@type":"SearchAction","target":{"@type":"EntryPoint","urlTemplate":"https:\/\/paragaleriedetalborjt.com\/?s={search_term_string}"},"query-input":{"@type":"PropertyValueSpecification","valueRequired":true,"valueName":"search_term_string"}}],"inLanguage":"en-US"}]}},"brands":[{"id":1823,"name":"Mccosmetics","slug":"mccosmetics"}],"_links":{"self":[{"href":"https:\/\/paragaleriedetalborjt.com\/en\/wp-json\/wp\/v2\/product\/40104","targetHints":{"allow":["GET"]}}],"collection":[{"href":"https:\/\/paragaleriedetalborjt.com\/en\/wp-json\/wp\/v2\/product"}],"about":[{"href":"https:\/\/paragaleriedetalborjt.com\/en\/wp-json\/wp\/v2\/types\/product"}],"replies":[{"embeddable":true,"href":"https:\/\/paragaleriedetalborjt.com\/en\/wp-json\/wp\/v2\/comments?post=40104"}],"version-history":[{"count":1,"href":"https:\/\/paragaleriedetalborjt.com\/en\/wp-json\/wp\/v2\/product\/40104\/revisions"}],"predecessor-version":[{"id":40106,"href":"https:\/\/paragaleriedetalborjt.com\/en\/wp-json\/wp\/v2\/product\/40104\/revisions\/40106"}],"wp:featuredmedia":[{"embeddable":true,"href":"https:\/\/paragaleriedetalborjt.com\/en\/wp-json\/wp\/v2\/media\/40105"}],"wp:attachment":[{"href":"https:\/\/paragaleriedetalborjt.com\/en\/wp-json\/wp\/v2\/media?parent=40104"}],"wp:term":[{"taxonomy":"pwb-brand","embeddable":true,"href":"https:\/\/paragaleriedetalborjt.com\/en\/wp-json\/wp\/v2\/pwb-brand?post=40104"},{"taxonomy":"product_cat","embeddable":true,"href":"https:\/\/paragaleriedetalborjt.com\/en\/wp-json\/wp\/v2\/product_cat?post=40104"},{"taxonomy":"product_tag","embeddable":true,"href":"https:\/\/paragaleriedetalborjt.com\/en\/wp-json\/wp\/v2\/product_tag?post=40104"}],"curies":[{"name":"wp","href":"https:\/\/api.w.org\/{rel}","templated":true}]}}