{"id":40054,"date":"2026-01-03T19:24:17","date_gmt":"2026-01-03T18:24:17","guid":{"rendered":"https:\/\/paragaleriedetalborjt.com\/?post_type=product&#038;p=40054"},"modified":"2026-01-03T20:17:20","modified_gmt":"2026-01-03T19:17:20","slug":"uriage-ds-hair-shampooing-traitant-antipelliculaire-200ml","status":"publish","type":"product","link":"https:\/\/paragaleriedetalborjt.com\/en\/boutique\/uriage-ds-hair-shampooing-traitant-antipelliculaire-200ml\/","title":{"rendered":"Uriage \u2013 DS Hair \u2013 Shampooing Traitant Antipelliculaire \u2013 200ml"},"content":{"rendered":"<div aria-labelledby=\"tab-title-description\" class=\"woocommerce-Tabs-panel woocommerce-Tabs-panel--description panel entry-content wc-tab\" id=\"tab-description\" role=\"tabpanel\" style=\"\">\n<h2>Description<\/h2>\n<p>Probl\u00e9matique sp\u00e9cifique<br \/>\nShampooing traitant pour pellicules mod\u00e9r\u00e9es et cuir chevelu irrit\u00e9<\/p>\n<p>B\u00e9n\u00e9fice produit<br \/>\nInnovation DS HAIR : 1\u00e8re gamme de shampooings \u00e0 l\u2019Eau Thermale des Alpes Fran\u00e7aises. Ce shampooing traitant antipelliculaire \u00e9limine les pellicules, s\u00e8ches ou grasses. Le cuir chevelu est purifi\u00e9 et les d\u00e9mangeaisons apais\u00e9es. Sa texture ultra-sensorielle apporte souplesse, beaut\u00e9 et brillance aux cheveux.<\/p>\n<p>Action apaisante<br \/>\nLa technologie brevet\u00e9e TLR2-Regul, combin\u00e9e \u00e0 l\u2019Eau Thermale d\u2019Uriage et \u00e0 l\u2019Edelweiss agissent sp\u00e9cifiquement pour apaiser et prot\u00e9ger le cuir chevelu.<\/p>\n<p>Action purifiante<br \/>\nL\u2019association de la piroctone olamine avec le lactate de zinc permet de combattre et pr\u00e9venir l\u2019exc\u00e8s de Malassezia qui aggravent les pellicules.<\/p>\n<p>Caract\u00e9ristiques<br \/>\nComplexe brevet\u00e9 : TLR2 Regul \u2014 Piroctone Olamine \u2014 Lactate de Zinc \u2014 Eau Thermale d\u2019Uriage \u2014 Edelweiss \u2014 Haute Tol\u00e9rance<\/p>\n<p>Conseil d\u2019utilisation<br \/>\nAppliquer 1 \u00e0 2 fois par semaine sur cheveux mouill\u00e9s, le front et la nuque.<br \/>\nFaire mousser en massant avec douceur, laisser poser 2-3 minutes puis rincer abondamment.<br \/>\nEn relais, utiliser DS HAIR SHAMPOOING DOUX \u00c9QUILIBRANT.<br \/>\nEviter le contact avec les yeux. Laisse les cheveux soyeux et ne dess\u00e8che pas<\/p>\n<\/div>","protected":false},"excerpt":{"rendered":"<p>Highlights:\u00c9limine les pellicules, purifie, apaise les d\u00e9mangeaisons<\/p>","protected":false},"featured_media":40055,"comment_status":"open","ping_status":"closed","template":"","meta":[],"pwb-brand":[1579],"product_cat":[16],"product_tag":[],"class_list":{"0":"post-40054","1":"product","2":"type-product","3":"status-publish","4":"has-post-thumbnail","6":"pwb-brand-uriage","7":"product_cat-non-classe","8":"pa_brands-uriage","10":"first","11":"instock","12":"sale","13":"shipping-taxable","14":"purchasable","15":"product-type-simple"},"yoast_head":"<!-- This site is optimized with the Yoast SEO plugin v27.5 - https:\/\/yoast.com\/product\/yoast-seo-wordpress\/ -->\n<title>Uriage \u2013 DS Hair \u2013 Shampooing Traitant Antipelliculaire \u2013 200ml - paragaleriedetalborjt<\/title>\n<meta name=\"robots\" content=\"index, follow, max-snippet:-1, max-image-preview:large, max-video-preview:-1\" \/>\n<link rel=\"canonical\" href=\"https:\/\/paragaleriedetalborjt.com\/en\/boutique\/uriage-ds-hair-shampooing-traitant-antipelliculaire-200ml\/\" \/>\n<meta property=\"og:locale\" content=\"en_US\" \/>\n<meta property=\"og:type\" content=\"article\" \/>\n<meta property=\"og:title\" content=\"Uriage \u2013 DS Hair \u2013 Shampooing Traitant Antipelliculaire \u2013 200ml - paragaleriedetalborjt\" \/>\n<meta property=\"og:description\" content=\"Highlights:\u00c9limine les pellicules, purifie, apaise les d\u00e9mangeaisons\" \/>\n<meta property=\"og:url\" content=\"https:\/\/paragaleriedetalborjt.com\/en\/boutique\/uriage-ds-hair-shampooing-traitant-antipelliculaire-200ml\/\" \/>\n<meta property=\"og:site_name\" content=\"paragaleriedetalborjt\" \/>\n<meta property=\"article:modified_time\" content=\"2026-01-03T19:17:20+00:00\" \/>\n<meta property=\"og:image\" content=\"https:\/\/paragaleriedetalborjt.com\/wp-content\/uploads\/2026\/01\/3661434007415.jpg\" \/>\n\t<meta property=\"og:image:width\" content=\"595\" \/>\n\t<meta property=\"og:image:height\" content=\"655\" \/>\n\t<meta property=\"og:image:type\" content=\"image\/jpeg\" \/>\n<meta name=\"twitter:card\" content=\"summary_large_image\" \/>\n<meta name=\"twitter:label1\" content=\"Est. reading time\" \/>\n\t<meta name=\"twitter:data1\" content=\"1 minute\" \/>\n<script type=\"application\/ld+json\" class=\"yoast-schema-graph\">{\"@context\":\"https:\\\/\\\/schema.org\",\"@graph\":[{\"@type\":\"WebPage\",\"@id\":\"https:\\\/\\\/paragaleriedetalborjt.com\\\/en\\\/boutique\\\/uriage-ds-hair-shampooing-traitant-antipelliculaire-200ml\\\/\",\"url\":\"https:\\\/\\\/paragaleriedetalborjt.com\\\/en\\\/boutique\\\/uriage-ds-hair-shampooing-traitant-antipelliculaire-200ml\\\/\",\"name\":\"Uriage \u2013 DS Hair \u2013 Shampooing Traitant Antipelliculaire \u2013 200ml - paragaleriedetalborjt\",\"isPartOf\":{\"@id\":\"https:\\\/\\\/paragaleriedetalborjt.com\\\/#website\"},\"primaryImageOfPage\":{\"@id\":\"https:\\\/\\\/paragaleriedetalborjt.com\\\/en\\\/boutique\\\/uriage-ds-hair-shampooing-traitant-antipelliculaire-200ml\\\/#primaryimage\"},\"image\":{\"@id\":\"https:\\\/\\\/paragaleriedetalborjt.com\\\/en\\\/boutique\\\/uriage-ds-hair-shampooing-traitant-antipelliculaire-200ml\\\/#primaryimage\"},\"thumbnailUrl\":\"https:\\\/\\\/paragaleriedetalborjt.com\\\/wp-content\\\/uploads\\\/2026\\\/01\\\/3661434007415.jpg\",\"datePublished\":\"2026-01-03T18:24:17+00:00\",\"dateModified\":\"2026-01-03T19:17:20+00:00\",\"breadcrumb\":{\"@id\":\"https:\\\/\\\/paragaleriedetalborjt.com\\\/en\\\/boutique\\\/uriage-ds-hair-shampooing-traitant-antipelliculaire-200ml\\\/#breadcrumb\"},\"inLanguage\":\"en-US\",\"potentialAction\":[{\"@type\":\"ReadAction\",\"target\":[\"https:\\\/\\\/paragaleriedetalborjt.com\\\/en\\\/boutique\\\/uriage-ds-hair-shampooing-traitant-antipelliculaire-200ml\\\/\"]}]},{\"@type\":\"ImageObject\",\"inLanguage\":\"en-US\",\"@id\":\"https:\\\/\\\/paragaleriedetalborjt.com\\\/en\\\/boutique\\\/uriage-ds-hair-shampooing-traitant-antipelliculaire-200ml\\\/#primaryimage\",\"url\":\"https:\\\/\\\/paragaleriedetalborjt.com\\\/wp-content\\\/uploads\\\/2026\\\/01\\\/3661434007415.jpg\",\"contentUrl\":\"https:\\\/\\\/paragaleriedetalborjt.com\\\/wp-content\\\/uploads\\\/2026\\\/01\\\/3661434007415.jpg\",\"width\":595,\"height\":655},{\"@type\":\"BreadcrumbList\",\"@id\":\"https:\\\/\\\/paragaleriedetalborjt.com\\\/en\\\/boutique\\\/uriage-ds-hair-shampooing-traitant-antipelliculaire-200ml\\\/#breadcrumb\",\"itemListElement\":[{\"@type\":\"ListItem\",\"position\":1,\"name\":\"Accueil\",\"item\":\"https:\\\/\\\/paragaleriedetalborjt.com\\\/\"},{\"@type\":\"ListItem\",\"position\":2,\"name\":\"Boutique\",\"item\":\"https:\\\/\\\/paragaleriedetalborjt.com\\\/boutique\\\/\"},{\"@type\":\"ListItem\",\"position\":3,\"name\":\"Uriage \u2013 DS Hair \u2013 Shampooing Traitant Antipelliculaire \u2013 200ml\"}]},{\"@type\":\"WebSite\",\"@id\":\"https:\\\/\\\/paragaleriedetalborjt.com\\\/#website\",\"url\":\"https:\\\/\\\/paragaleriedetalborjt.com\\\/\",\"name\":\"paragaleriedetalborjt\",\"description\":\"\",\"potentialAction\":[{\"@type\":\"SearchAction\",\"target\":{\"@type\":\"EntryPoint\",\"urlTemplate\":\"https:\\\/\\\/paragaleriedetalborjt.com\\\/?s={search_term_string}\"},\"query-input\":{\"@type\":\"PropertyValueSpecification\",\"valueRequired\":true,\"valueName\":\"search_term_string\"}}],\"inLanguage\":\"en-US\"}]}<\/script>\n<!-- \/ Yoast SEO plugin. -->","yoast_head_json":{"title":"Uriage \u2013 DS Hair \u2013 Shampooing Traitant Antipelliculaire \u2013 200ml - paragaleriedetalborjt","robots":{"index":"index","follow":"follow","max-snippet":"max-snippet:-1","max-image-preview":"max-image-preview:large","max-video-preview":"max-video-preview:-1"},"canonical":"https:\/\/paragaleriedetalborjt.com\/en\/boutique\/uriage-ds-hair-shampooing-traitant-antipelliculaire-200ml\/","og_locale":"en_US","og_type":"article","og_title":"Uriage \u2013 DS Hair \u2013 Shampooing Traitant Antipelliculaire \u2013 200ml - paragaleriedetalborjt","og_description":"Highlights:\u00c9limine les pellicules, purifie, apaise les d\u00e9mangeaisons","og_url":"https:\/\/paragaleriedetalborjt.com\/en\/boutique\/uriage-ds-hair-shampooing-traitant-antipelliculaire-200ml\/","og_site_name":"paragaleriedetalborjt","article_modified_time":"2026-01-03T19:17:20+00:00","og_image":[{"width":595,"height":655,"url":"https:\/\/paragaleriedetalborjt.com\/wp-content\/uploads\/2026\/01\/3661434007415.jpg","type":"image\/jpeg"}],"twitter_card":"summary_large_image","twitter_misc":{"Est. reading time":"1 minute"},"schema":{"@context":"https:\/\/schema.org","@graph":[{"@type":"WebPage","@id":"https:\/\/paragaleriedetalborjt.com\/en\/boutique\/uriage-ds-hair-shampooing-traitant-antipelliculaire-200ml\/","url":"https:\/\/paragaleriedetalborjt.com\/en\/boutique\/uriage-ds-hair-shampooing-traitant-antipelliculaire-200ml\/","name":"Uriage \u2013 DS Hair \u2013 Shampooing Traitant Antipelliculaire \u2013 200ml - paragaleriedetalborjt","isPartOf":{"@id":"https:\/\/paragaleriedetalborjt.com\/#website"},"primaryImageOfPage":{"@id":"https:\/\/paragaleriedetalborjt.com\/en\/boutique\/uriage-ds-hair-shampooing-traitant-antipelliculaire-200ml\/#primaryimage"},"image":{"@id":"https:\/\/paragaleriedetalborjt.com\/en\/boutique\/uriage-ds-hair-shampooing-traitant-antipelliculaire-200ml\/#primaryimage"},"thumbnailUrl":"https:\/\/paragaleriedetalborjt.com\/wp-content\/uploads\/2026\/01\/3661434007415.jpg","datePublished":"2026-01-03T18:24:17+00:00","dateModified":"2026-01-03T19:17:20+00:00","breadcrumb":{"@id":"https:\/\/paragaleriedetalborjt.com\/en\/boutique\/uriage-ds-hair-shampooing-traitant-antipelliculaire-200ml\/#breadcrumb"},"inLanguage":"en-US","potentialAction":[{"@type":"ReadAction","target":["https:\/\/paragaleriedetalborjt.com\/en\/boutique\/uriage-ds-hair-shampooing-traitant-antipelliculaire-200ml\/"]}]},{"@type":"ImageObject","inLanguage":"en-US","@id":"https:\/\/paragaleriedetalborjt.com\/en\/boutique\/uriage-ds-hair-shampooing-traitant-antipelliculaire-200ml\/#primaryimage","url":"https:\/\/paragaleriedetalborjt.com\/wp-content\/uploads\/2026\/01\/3661434007415.jpg","contentUrl":"https:\/\/paragaleriedetalborjt.com\/wp-content\/uploads\/2026\/01\/3661434007415.jpg","width":595,"height":655},{"@type":"BreadcrumbList","@id":"https:\/\/paragaleriedetalborjt.com\/en\/boutique\/uriage-ds-hair-shampooing-traitant-antipelliculaire-200ml\/#breadcrumb","itemListElement":[{"@type":"ListItem","position":1,"name":"Accueil","item":"https:\/\/paragaleriedetalborjt.com\/"},{"@type":"ListItem","position":2,"name":"Boutique","item":"https:\/\/paragaleriedetalborjt.com\/boutique\/"},{"@type":"ListItem","position":3,"name":"Uriage \u2013 DS Hair \u2013 Shampooing Traitant Antipelliculaire \u2013 200ml"}]},{"@type":"WebSite","@id":"https:\/\/paragaleriedetalborjt.com\/#website","url":"https:\/\/paragaleriedetalborjt.com\/","name":"paragaleriedetalborjt","description":"","potentialAction":[{"@type":"SearchAction","target":{"@type":"EntryPoint","urlTemplate":"https:\/\/paragaleriedetalborjt.com\/?s={search_term_string}"},"query-input":{"@type":"PropertyValueSpecification","valueRequired":true,"valueName":"search_term_string"}}],"inLanguage":"en-US"}]}},"brands":[{"id":1579,"name":"URIAGE","slug":"uriage"}],"_links":{"self":[{"href":"https:\/\/paragaleriedetalborjt.com\/en\/wp-json\/wp\/v2\/product\/40054","targetHints":{"allow":["GET"]}}],"collection":[{"href":"https:\/\/paragaleriedetalborjt.com\/en\/wp-json\/wp\/v2\/product"}],"about":[{"href":"https:\/\/paragaleriedetalborjt.com\/en\/wp-json\/wp\/v2\/types\/product"}],"replies":[{"embeddable":true,"href":"https:\/\/paragaleriedetalborjt.com\/en\/wp-json\/wp\/v2\/comments?post=40054"}],"version-history":[{"count":1,"href":"https:\/\/paragaleriedetalborjt.com\/en\/wp-json\/wp\/v2\/product\/40054\/revisions"}],"predecessor-version":[{"id":40056,"href":"https:\/\/paragaleriedetalborjt.com\/en\/wp-json\/wp\/v2\/product\/40054\/revisions\/40056"}],"wp:featuredmedia":[{"embeddable":true,"href":"https:\/\/paragaleriedetalborjt.com\/en\/wp-json\/wp\/v2\/media\/40055"}],"wp:attachment":[{"href":"https:\/\/paragaleriedetalborjt.com\/en\/wp-json\/wp\/v2\/media?parent=40054"}],"wp:term":[{"taxonomy":"pwb-brand","embeddable":true,"href":"https:\/\/paragaleriedetalborjt.com\/en\/wp-json\/wp\/v2\/pwb-brand?post=40054"},{"taxonomy":"product_cat","embeddable":true,"href":"https:\/\/paragaleriedetalborjt.com\/en\/wp-json\/wp\/v2\/product_cat?post=40054"},{"taxonomy":"product_tag","embeddable":true,"href":"https:\/\/paragaleriedetalborjt.com\/en\/wp-json\/wp\/v2\/product_tag?post=40054"}],"curies":[{"name":"wp","href":"https:\/\/api.w.org\/{rel}","templated":true}]}}