{"id":40006,"date":"2026-01-03T19:22:37","date_gmt":"2026-01-03T18:22:37","guid":{"rendered":"https:\/\/paragaleriedetalborjt.com\/?post_type=product&#038;p=40006"},"modified":"2026-01-03T20:17:15","modified_gmt":"2026-01-03T19:17:15","slug":"provital-vitamine-e-10-ml","status":"publish","type":"product","link":"https:\/\/paragaleriedetalborjt.com\/en\/boutique\/provital-vitamine-e-10-ml\/","title":{"rendered":"ProVital Vitamine E \u2013 10 ml"},"content":{"rendered":"","protected":false},"excerpt":{"rendered":"<p>Highlights:C\u2019est un tr\u00e8s puissant antioxydant naturel qui prot\u00e8ge les huiles et les beurres de l\u2019oxydation, du rancissement et leur permet ainsi de conserver de mani\u00e8re optimale toutes leurs propri\u00e9t\u00e9s (durant toute la dur\u00e9e d\u2019utilisation). Elle joue le r\u00f4le d\u2019un conservateur naturel pour les phases huileuses. Dans vos pr\u00e9parations cosm\u00e9tiques, c\u2019est un \u00e9galement un actif aux propri\u00e9t\u00e9s anti-\u00e2ges et anti-inflammatoires.<\/p>","protected":false},"featured_media":40007,"comment_status":"open","ping_status":"closed","template":"","meta":[],"pwb-brand":[1718],"product_cat":[16],"product_tag":[],"class_list":{"0":"post-40006","1":"product","2":"type-product","3":"status-publish","4":"has-post-thumbnail","6":"pwb-brand-pro-vital","7":"product_cat-non-classe","8":"pa_brands-pro-vital","10":"first","11":"instock","12":"sale","13":"shipping-taxable","14":"purchasable","15":"product-type-simple"},"yoast_head":"<!-- This site is optimized with the Yoast SEO plugin v27.5 - https:\/\/yoast.com\/product\/yoast-seo-wordpress\/ -->\n<title>ProVital Vitamine E \u2013 10 ml - paragaleriedetalborjt<\/title>\n<meta name=\"robots\" content=\"index, follow, max-snippet:-1, max-image-preview:large, max-video-preview:-1\" \/>\n<link rel=\"canonical\" href=\"https:\/\/paragaleriedetalborjt.com\/en\/boutique\/provital-vitamine-e-10-ml\/\" \/>\n<meta property=\"og:locale\" content=\"en_US\" \/>\n<meta property=\"og:type\" content=\"article\" \/>\n<meta property=\"og:title\" content=\"ProVital Vitamine E \u2013 10 ml - paragaleriedetalborjt\" \/>\n<meta property=\"og:description\" content=\"Highlights:C\u2019est un tr\u00e8s puissant antioxydant naturel qui prot\u00e8ge les huiles et les beurres de l\u2019oxydation, du rancissement et leur permet ainsi de conserver de mani\u00e8re optimale toutes leurs propri\u00e9t\u00e9s (durant toute la dur\u00e9e d\u2019utilisation). Elle joue le r\u00f4le d\u2019un conservateur naturel pour les phases huileuses. Dans vos pr\u00e9parations cosm\u00e9tiques, c\u2019est un \u00e9galement un actif aux propri\u00e9t\u00e9s anti-\u00e2ges et anti-inflammatoires.\" \/>\n<meta property=\"og:url\" content=\"https:\/\/paragaleriedetalborjt.com\/en\/boutique\/provital-vitamine-e-10-ml\/\" \/>\n<meta property=\"og:site_name\" content=\"paragaleriedetalborjt\" \/>\n<meta property=\"article:modified_time\" content=\"2026-01-03T19:17:15+00:00\" \/>\n<meta property=\"og:image\" content=\"https:\/\/paragaleriedetalborjt.com\/wp-content\/uploads\/2026\/01\/Pro-Vital-Vitamine-E-10Ml.jpg\" \/>\n\t<meta property=\"og:image:width\" content=\"595\" \/>\n\t<meta property=\"og:image:height\" content=\"655\" \/>\n\t<meta property=\"og:image:type\" content=\"image\/jpeg\" \/>\n<meta name=\"twitter:card\" content=\"summary_large_image\" \/>\n<script type=\"application\/ld+json\" class=\"yoast-schema-graph\">{\"@context\":\"https:\\\/\\\/schema.org\",\"@graph\":[{\"@type\":\"WebPage\",\"@id\":\"https:\\\/\\\/paragaleriedetalborjt.com\\\/boutique\\\/provital-vitamine-e-10-ml\\\/\",\"url\":\"https:\\\/\\\/paragaleriedetalborjt.com\\\/boutique\\\/provital-vitamine-e-10-ml\\\/\",\"name\":\"ProVital Vitamine E \u2013 10 ml - paragaleriedetalborjt\",\"isPartOf\":{\"@id\":\"https:\\\/\\\/paragaleriedetalborjt.com\\\/#website\"},\"primaryImageOfPage\":{\"@id\":\"https:\\\/\\\/paragaleriedetalborjt.com\\\/boutique\\\/provital-vitamine-e-10-ml\\\/#primaryimage\"},\"image\":{\"@id\":\"https:\\\/\\\/paragaleriedetalborjt.com\\\/boutique\\\/provital-vitamine-e-10-ml\\\/#primaryimage\"},\"thumbnailUrl\":\"https:\\\/\\\/paragaleriedetalborjt.com\\\/wp-content\\\/uploads\\\/2026\\\/01\\\/Pro-Vital-Vitamine-E-10Ml.jpg\",\"datePublished\":\"2026-01-03T18:22:37+00:00\",\"dateModified\":\"2026-01-03T19:17:15+00:00\",\"breadcrumb\":{\"@id\":\"https:\\\/\\\/paragaleriedetalborjt.com\\\/boutique\\\/provital-vitamine-e-10-ml\\\/#breadcrumb\"},\"inLanguage\":\"en-US\",\"potentialAction\":[{\"@type\":\"ReadAction\",\"target\":[\"https:\\\/\\\/paragaleriedetalborjt.com\\\/boutique\\\/provital-vitamine-e-10-ml\\\/\"]}]},{\"@type\":\"ImageObject\",\"inLanguage\":\"en-US\",\"@id\":\"https:\\\/\\\/paragaleriedetalborjt.com\\\/boutique\\\/provital-vitamine-e-10-ml\\\/#primaryimage\",\"url\":\"https:\\\/\\\/paragaleriedetalborjt.com\\\/wp-content\\\/uploads\\\/2026\\\/01\\\/Pro-Vital-Vitamine-E-10Ml.jpg\",\"contentUrl\":\"https:\\\/\\\/paragaleriedetalborjt.com\\\/wp-content\\\/uploads\\\/2026\\\/01\\\/Pro-Vital-Vitamine-E-10Ml.jpg\",\"width\":595,\"height\":655},{\"@type\":\"BreadcrumbList\",\"@id\":\"https:\\\/\\\/paragaleriedetalborjt.com\\\/boutique\\\/provital-vitamine-e-10-ml\\\/#breadcrumb\",\"itemListElement\":[{\"@type\":\"ListItem\",\"position\":1,\"name\":\"Accueil\",\"item\":\"https:\\\/\\\/paragaleriedetalborjt.com\\\/\"},{\"@type\":\"ListItem\",\"position\":2,\"name\":\"Boutique\",\"item\":\"https:\\\/\\\/paragaleriedetalborjt.com\\\/boutique\\\/\"},{\"@type\":\"ListItem\",\"position\":3,\"name\":\"ProVital Vitamine E \u2013 10 ml\"}]},{\"@type\":\"WebSite\",\"@id\":\"https:\\\/\\\/paragaleriedetalborjt.com\\\/#website\",\"url\":\"https:\\\/\\\/paragaleriedetalborjt.com\\\/\",\"name\":\"paragaleriedetalborjt\",\"description\":\"\",\"potentialAction\":[{\"@type\":\"SearchAction\",\"target\":{\"@type\":\"EntryPoint\",\"urlTemplate\":\"https:\\\/\\\/paragaleriedetalborjt.com\\\/?s={search_term_string}\"},\"query-input\":{\"@type\":\"PropertyValueSpecification\",\"valueRequired\":true,\"valueName\":\"search_term_string\"}}],\"inLanguage\":\"en-US\"}]}<\/script>\n<!-- \/ Yoast SEO plugin. -->","yoast_head_json":{"title":"ProVital Vitamine E \u2013 10 ml - paragaleriedetalborjt","robots":{"index":"index","follow":"follow","max-snippet":"max-snippet:-1","max-image-preview":"max-image-preview:large","max-video-preview":"max-video-preview:-1"},"canonical":"https:\/\/paragaleriedetalborjt.com\/en\/boutique\/provital-vitamine-e-10-ml\/","og_locale":"en_US","og_type":"article","og_title":"ProVital Vitamine E \u2013 10 ml - paragaleriedetalborjt","og_description":"Highlights:C\u2019est un tr\u00e8s puissant antioxydant naturel qui prot\u00e8ge les huiles et les beurres de l\u2019oxydation, du rancissement et leur permet ainsi de conserver de mani\u00e8re optimale toutes leurs propri\u00e9t\u00e9s (durant toute la dur\u00e9e d\u2019utilisation). Elle joue le r\u00f4le d\u2019un conservateur naturel pour les phases huileuses. Dans vos pr\u00e9parations cosm\u00e9tiques, c\u2019est un \u00e9galement un actif aux propri\u00e9t\u00e9s anti-\u00e2ges et anti-inflammatoires.","og_url":"https:\/\/paragaleriedetalborjt.com\/en\/boutique\/provital-vitamine-e-10-ml\/","og_site_name":"paragaleriedetalborjt","article_modified_time":"2026-01-03T19:17:15+00:00","og_image":[{"width":595,"height":655,"url":"https:\/\/paragaleriedetalborjt.com\/wp-content\/uploads\/2026\/01\/Pro-Vital-Vitamine-E-10Ml.jpg","type":"image\/jpeg"}],"twitter_card":"summary_large_image","schema":{"@context":"https:\/\/schema.org","@graph":[{"@type":"WebPage","@id":"https:\/\/paragaleriedetalborjt.com\/boutique\/provital-vitamine-e-10-ml\/","url":"https:\/\/paragaleriedetalborjt.com\/boutique\/provital-vitamine-e-10-ml\/","name":"ProVital Vitamine E \u2013 10 ml - paragaleriedetalborjt","isPartOf":{"@id":"https:\/\/paragaleriedetalborjt.com\/#website"},"primaryImageOfPage":{"@id":"https:\/\/paragaleriedetalborjt.com\/boutique\/provital-vitamine-e-10-ml\/#primaryimage"},"image":{"@id":"https:\/\/paragaleriedetalborjt.com\/boutique\/provital-vitamine-e-10-ml\/#primaryimage"},"thumbnailUrl":"https:\/\/paragaleriedetalborjt.com\/wp-content\/uploads\/2026\/01\/Pro-Vital-Vitamine-E-10Ml.jpg","datePublished":"2026-01-03T18:22:37+00:00","dateModified":"2026-01-03T19:17:15+00:00","breadcrumb":{"@id":"https:\/\/paragaleriedetalborjt.com\/boutique\/provital-vitamine-e-10-ml\/#breadcrumb"},"inLanguage":"en-US","potentialAction":[{"@type":"ReadAction","target":["https:\/\/paragaleriedetalborjt.com\/boutique\/provital-vitamine-e-10-ml\/"]}]},{"@type":"ImageObject","inLanguage":"en-US","@id":"https:\/\/paragaleriedetalborjt.com\/boutique\/provital-vitamine-e-10-ml\/#primaryimage","url":"https:\/\/paragaleriedetalborjt.com\/wp-content\/uploads\/2026\/01\/Pro-Vital-Vitamine-E-10Ml.jpg","contentUrl":"https:\/\/paragaleriedetalborjt.com\/wp-content\/uploads\/2026\/01\/Pro-Vital-Vitamine-E-10Ml.jpg","width":595,"height":655},{"@type":"BreadcrumbList","@id":"https:\/\/paragaleriedetalborjt.com\/boutique\/provital-vitamine-e-10-ml\/#breadcrumb","itemListElement":[{"@type":"ListItem","position":1,"name":"Accueil","item":"https:\/\/paragaleriedetalborjt.com\/"},{"@type":"ListItem","position":2,"name":"Boutique","item":"https:\/\/paragaleriedetalborjt.com\/boutique\/"},{"@type":"ListItem","position":3,"name":"ProVital Vitamine E \u2013 10 ml"}]},{"@type":"WebSite","@id":"https:\/\/paragaleriedetalborjt.com\/#website","url":"https:\/\/paragaleriedetalborjt.com\/","name":"paragaleriedetalborjt","description":"","potentialAction":[{"@type":"SearchAction","target":{"@type":"EntryPoint","urlTemplate":"https:\/\/paragaleriedetalborjt.com\/?s={search_term_string}"},"query-input":{"@type":"PropertyValueSpecification","valueRequired":true,"valueName":"search_term_string"}}],"inLanguage":"en-US"}]}},"brands":[{"id":1718,"name":"PRO-VITAL","slug":"pro-vital"}],"_links":{"self":[{"href":"https:\/\/paragaleriedetalborjt.com\/en\/wp-json\/wp\/v2\/product\/40006","targetHints":{"allow":["GET"]}}],"collection":[{"href":"https:\/\/paragaleriedetalborjt.com\/en\/wp-json\/wp\/v2\/product"}],"about":[{"href":"https:\/\/paragaleriedetalborjt.com\/en\/wp-json\/wp\/v2\/types\/product"}],"replies":[{"embeddable":true,"href":"https:\/\/paragaleriedetalborjt.com\/en\/wp-json\/wp\/v2\/comments?post=40006"}],"version-history":[{"count":1,"href":"https:\/\/paragaleriedetalborjt.com\/en\/wp-json\/wp\/v2\/product\/40006\/revisions"}],"predecessor-version":[{"id":40008,"href":"https:\/\/paragaleriedetalborjt.com\/en\/wp-json\/wp\/v2\/product\/40006\/revisions\/40008"}],"wp:featuredmedia":[{"embeddable":true,"href":"https:\/\/paragaleriedetalborjt.com\/en\/wp-json\/wp\/v2\/media\/40007"}],"wp:attachment":[{"href":"https:\/\/paragaleriedetalborjt.com\/en\/wp-json\/wp\/v2\/media?parent=40006"}],"wp:term":[{"taxonomy":"pwb-brand","embeddable":true,"href":"https:\/\/paragaleriedetalborjt.com\/en\/wp-json\/wp\/v2\/pwb-brand?post=40006"},{"taxonomy":"product_cat","embeddable":true,"href":"https:\/\/paragaleriedetalborjt.com\/en\/wp-json\/wp\/v2\/product_cat?post=40006"},{"taxonomy":"product_tag","embeddable":true,"href":"https:\/\/paragaleriedetalborjt.com\/en\/wp-json\/wp\/v2\/product_tag?post=40006"}],"curies":[{"name":"wp","href":"https:\/\/api.w.org\/{rel}","templated":true}]}}