{"id":39994,"date":"2026-01-03T19:22:15","date_gmt":"2026-01-03T18:22:15","guid":{"rendered":"https:\/\/paragaleriedetalborjt.com\/?post_type=product&#038;p=39994"},"modified":"2026-01-03T20:17:14","modified_gmt":"2026-01-03T19:17:14","slug":"uriage-ds-hair-shampooing-doux-equilibrant-500ml","status":"publish","type":"product","link":"https:\/\/paragaleriedetalborjt.com\/en\/boutique\/uriage-ds-hair-shampooing-doux-equilibrant-500ml\/","title":{"rendered":"Uriage \u2013 DS Hair \u2013 Shampooing Doux \u00c9quilibrant \u2013 500ml"},"content":{"rendered":"<div aria-labelledby=\"tab-title-description\" class=\"woocommerce-Tabs-panel woocommerce-Tabs-panel--description panel entry-content wc-tab\" id=\"tab-description\" role=\"tabpanel\" style=\"\">\n<h2>Description<\/h2>\n<p>Probl\u00e9matique sp\u00e9cifique<br \/>\nShampooing doux purifiant pour tous types de cheveux<\/p>\n<p>B\u00e9n\u00e9fice produit<br \/>\nInnovation DS HAIR : 1\u00e8re gamme de shampoings \u00e0 l\u2019Eau Thermale des Alpes Fran\u00e7aises. Ce shampooing purifiant et \u00e9quilibrant apaise le cuir chevelu et procure une sensation de confort et de fraicheur. Dot\u00e9 d\u2019un parfum frais et agr\u00e9able, d\u2019une mousse onctueuse et d\u2019une texture douce, il laisse les cheveux sains et soyeux.<\/p>\n<p>Action Apaisante<br \/>\nLa technologie brevet\u00e9e TLR2-Regul, combin\u00e9e \u00e0 l\u2019Eau Thermale d\u2019Uriage et \u00e0 l\u2019Edelweiss agissent sp\u00e9cifiquement pour apaiser et prot\u00e9ger le cuir chevelu.<\/p>\n<p>Action Purifiante<br \/>\nSa formule \u00e0 base de Piroctone Olamine purifie le cuir chevelu.<\/p>\n<p>Caract\u00e9ristiques<br \/>\nComplexe brevet\u00e9 : TLR2 Regul<br \/>\nPiroctone Olamine<br \/>\nEau Thermale d\u2019Uriage<br \/>\nEdelweiss<br \/>\nHaute Tol\u00e9rance<\/p>\n<p>Conseil d\u2019utilisation<br \/>\nUsage quotidien ou en compl\u00e9ment des shampooings traitants antipelliculaires DS HAIR.<br \/>\nAppliquer sur cheveux mouill\u00e9s, le front et la nuque.<br \/>\nFaire mousser en massant avec douceur.<br \/>\nRincer abondamment.<br \/>\n\u00c9viter le contact avec les yeux. Laisse les cheveux soyeux et ne dess\u00e8che pas<\/p>\n<\/div>","protected":false},"excerpt":{"rendered":"<p>Highlights:Nettoie en douceur, Purifie, \u00c9quilibre, Apaise<\/p>","protected":false},"featured_media":39995,"comment_status":"open","ping_status":"closed","template":"","meta":[],"pwb-brand":[1579],"product_cat":[16],"product_tag":[],"class_list":{"0":"post-39994","1":"product","2":"type-product","3":"status-publish","4":"has-post-thumbnail","6":"pwb-brand-uriage","7":"product_cat-non-classe","8":"pa_brands-uriage","10":"first","11":"instock","12":"sale","13":"shipping-taxable","14":"purchasable","15":"product-type-simple"},"yoast_head":"<!-- This site is optimized with the Yoast SEO plugin v27.5 - https:\/\/yoast.com\/product\/yoast-seo-wordpress\/ -->\n<title>Uriage \u2013 DS Hair \u2013 Shampooing Doux \u00c9quilibrant \u2013 500ml - paragaleriedetalborjt<\/title>\n<meta name=\"robots\" content=\"index, follow, max-snippet:-1, max-image-preview:large, max-video-preview:-1\" \/>\n<link rel=\"canonical\" href=\"https:\/\/paragaleriedetalborjt.com\/en\/boutique\/uriage-ds-hair-shampooing-doux-equilibrant-500ml\/\" \/>\n<meta property=\"og:locale\" content=\"en_US\" \/>\n<meta property=\"og:type\" content=\"article\" \/>\n<meta property=\"og:title\" content=\"Uriage \u2013 DS Hair \u2013 Shampooing Doux \u00c9quilibrant \u2013 500ml - paragaleriedetalborjt\" \/>\n<meta property=\"og:description\" content=\"Highlights:Nettoie en douceur, Purifie, \u00c9quilibre, Apaise\" \/>\n<meta property=\"og:url\" content=\"https:\/\/paragaleriedetalborjt.com\/en\/boutique\/uriage-ds-hair-shampooing-doux-equilibrant-500ml\/\" \/>\n<meta property=\"og:site_name\" content=\"paragaleriedetalborjt\" \/>\n<meta property=\"article:modified_time\" content=\"2026-01-03T19:17:14+00:00\" \/>\n<meta property=\"og:image\" content=\"https:\/\/paragaleriedetalborjt.com\/wp-content\/uploads\/2026\/01\/product_show_ds-hair-shampooing-doux-equilibrant-500-ml.jpg\" \/>\n\t<meta property=\"og:image:width\" content=\"595\" \/>\n\t<meta property=\"og:image:height\" content=\"655\" \/>\n\t<meta property=\"og:image:type\" content=\"image\/jpeg\" \/>\n<meta name=\"twitter:card\" content=\"summary_large_image\" \/>\n<meta name=\"twitter:label1\" content=\"Est. reading time\" \/>\n\t<meta name=\"twitter:data1\" content=\"1 minute\" \/>\n<script type=\"application\/ld+json\" class=\"yoast-schema-graph\">{\"@context\":\"https:\\\/\\\/schema.org\",\"@graph\":[{\"@type\":\"WebPage\",\"@id\":\"https:\\\/\\\/paragaleriedetalborjt.com\\\/en\\\/boutique\\\/uriage-ds-hair-shampooing-doux-equilibrant-500ml\\\/\",\"url\":\"https:\\\/\\\/paragaleriedetalborjt.com\\\/en\\\/boutique\\\/uriage-ds-hair-shampooing-doux-equilibrant-500ml\\\/\",\"name\":\"Uriage \u2013 DS Hair \u2013 Shampooing Doux \u00c9quilibrant \u2013 500ml - paragaleriedetalborjt\",\"isPartOf\":{\"@id\":\"https:\\\/\\\/paragaleriedetalborjt.com\\\/#website\"},\"primaryImageOfPage\":{\"@id\":\"https:\\\/\\\/paragaleriedetalborjt.com\\\/en\\\/boutique\\\/uriage-ds-hair-shampooing-doux-equilibrant-500ml\\\/#primaryimage\"},\"image\":{\"@id\":\"https:\\\/\\\/paragaleriedetalborjt.com\\\/en\\\/boutique\\\/uriage-ds-hair-shampooing-doux-equilibrant-500ml\\\/#primaryimage\"},\"thumbnailUrl\":\"https:\\\/\\\/paragaleriedetalborjt.com\\\/wp-content\\\/uploads\\\/2026\\\/01\\\/product_show_ds-hair-shampooing-doux-equilibrant-500-ml.jpg\",\"datePublished\":\"2026-01-03T18:22:15+00:00\",\"dateModified\":\"2026-01-03T19:17:14+00:00\",\"breadcrumb\":{\"@id\":\"https:\\\/\\\/paragaleriedetalborjt.com\\\/en\\\/boutique\\\/uriage-ds-hair-shampooing-doux-equilibrant-500ml\\\/#breadcrumb\"},\"inLanguage\":\"en-US\",\"potentialAction\":[{\"@type\":\"ReadAction\",\"target\":[\"https:\\\/\\\/paragaleriedetalborjt.com\\\/en\\\/boutique\\\/uriage-ds-hair-shampooing-doux-equilibrant-500ml\\\/\"]}]},{\"@type\":\"ImageObject\",\"inLanguage\":\"en-US\",\"@id\":\"https:\\\/\\\/paragaleriedetalborjt.com\\\/en\\\/boutique\\\/uriage-ds-hair-shampooing-doux-equilibrant-500ml\\\/#primaryimage\",\"url\":\"https:\\\/\\\/paragaleriedetalborjt.com\\\/wp-content\\\/uploads\\\/2026\\\/01\\\/product_show_ds-hair-shampooing-doux-equilibrant-500-ml.jpg\",\"contentUrl\":\"https:\\\/\\\/paragaleriedetalborjt.com\\\/wp-content\\\/uploads\\\/2026\\\/01\\\/product_show_ds-hair-shampooing-doux-equilibrant-500-ml.jpg\",\"width\":595,\"height\":655},{\"@type\":\"BreadcrumbList\",\"@id\":\"https:\\\/\\\/paragaleriedetalborjt.com\\\/en\\\/boutique\\\/uriage-ds-hair-shampooing-doux-equilibrant-500ml\\\/#breadcrumb\",\"itemListElement\":[{\"@type\":\"ListItem\",\"position\":1,\"name\":\"Accueil\",\"item\":\"https:\\\/\\\/paragaleriedetalborjt.com\\\/\"},{\"@type\":\"ListItem\",\"position\":2,\"name\":\"Boutique\",\"item\":\"https:\\\/\\\/paragaleriedetalborjt.com\\\/boutique\\\/\"},{\"@type\":\"ListItem\",\"position\":3,\"name\":\"Uriage \u2013 DS Hair \u2013 Shampooing Doux \u00c9quilibrant \u2013 500ml\"}]},{\"@type\":\"WebSite\",\"@id\":\"https:\\\/\\\/paragaleriedetalborjt.com\\\/#website\",\"url\":\"https:\\\/\\\/paragaleriedetalborjt.com\\\/\",\"name\":\"paragaleriedetalborjt\",\"description\":\"\",\"potentialAction\":[{\"@type\":\"SearchAction\",\"target\":{\"@type\":\"EntryPoint\",\"urlTemplate\":\"https:\\\/\\\/paragaleriedetalborjt.com\\\/?s={search_term_string}\"},\"query-input\":{\"@type\":\"PropertyValueSpecification\",\"valueRequired\":true,\"valueName\":\"search_term_string\"}}],\"inLanguage\":\"en-US\"}]}<\/script>\n<!-- \/ Yoast SEO plugin. -->","yoast_head_json":{"title":"Uriage \u2013 DS Hair \u2013 Shampooing Doux \u00c9quilibrant \u2013 500ml - paragaleriedetalborjt","robots":{"index":"index","follow":"follow","max-snippet":"max-snippet:-1","max-image-preview":"max-image-preview:large","max-video-preview":"max-video-preview:-1"},"canonical":"https:\/\/paragaleriedetalborjt.com\/en\/boutique\/uriage-ds-hair-shampooing-doux-equilibrant-500ml\/","og_locale":"en_US","og_type":"article","og_title":"Uriage \u2013 DS Hair \u2013 Shampooing Doux \u00c9quilibrant \u2013 500ml - paragaleriedetalborjt","og_description":"Highlights:Nettoie en douceur, Purifie, \u00c9quilibre, Apaise","og_url":"https:\/\/paragaleriedetalborjt.com\/en\/boutique\/uriage-ds-hair-shampooing-doux-equilibrant-500ml\/","og_site_name":"paragaleriedetalborjt","article_modified_time":"2026-01-03T19:17:14+00:00","og_image":[{"width":595,"height":655,"url":"https:\/\/paragaleriedetalborjt.com\/wp-content\/uploads\/2026\/01\/product_show_ds-hair-shampooing-doux-equilibrant-500-ml.jpg","type":"image\/jpeg"}],"twitter_card":"summary_large_image","twitter_misc":{"Est. reading time":"1 minute"},"schema":{"@context":"https:\/\/schema.org","@graph":[{"@type":"WebPage","@id":"https:\/\/paragaleriedetalborjt.com\/en\/boutique\/uriage-ds-hair-shampooing-doux-equilibrant-500ml\/","url":"https:\/\/paragaleriedetalborjt.com\/en\/boutique\/uriage-ds-hair-shampooing-doux-equilibrant-500ml\/","name":"Uriage \u2013 DS Hair \u2013 Shampooing Doux \u00c9quilibrant \u2013 500ml - paragaleriedetalborjt","isPartOf":{"@id":"https:\/\/paragaleriedetalborjt.com\/#website"},"primaryImageOfPage":{"@id":"https:\/\/paragaleriedetalborjt.com\/en\/boutique\/uriage-ds-hair-shampooing-doux-equilibrant-500ml\/#primaryimage"},"image":{"@id":"https:\/\/paragaleriedetalborjt.com\/en\/boutique\/uriage-ds-hair-shampooing-doux-equilibrant-500ml\/#primaryimage"},"thumbnailUrl":"https:\/\/paragaleriedetalborjt.com\/wp-content\/uploads\/2026\/01\/product_show_ds-hair-shampooing-doux-equilibrant-500-ml.jpg","datePublished":"2026-01-03T18:22:15+00:00","dateModified":"2026-01-03T19:17:14+00:00","breadcrumb":{"@id":"https:\/\/paragaleriedetalborjt.com\/en\/boutique\/uriage-ds-hair-shampooing-doux-equilibrant-500ml\/#breadcrumb"},"inLanguage":"en-US","potentialAction":[{"@type":"ReadAction","target":["https:\/\/paragaleriedetalborjt.com\/en\/boutique\/uriage-ds-hair-shampooing-doux-equilibrant-500ml\/"]}]},{"@type":"ImageObject","inLanguage":"en-US","@id":"https:\/\/paragaleriedetalborjt.com\/en\/boutique\/uriage-ds-hair-shampooing-doux-equilibrant-500ml\/#primaryimage","url":"https:\/\/paragaleriedetalborjt.com\/wp-content\/uploads\/2026\/01\/product_show_ds-hair-shampooing-doux-equilibrant-500-ml.jpg","contentUrl":"https:\/\/paragaleriedetalborjt.com\/wp-content\/uploads\/2026\/01\/product_show_ds-hair-shampooing-doux-equilibrant-500-ml.jpg","width":595,"height":655},{"@type":"BreadcrumbList","@id":"https:\/\/paragaleriedetalborjt.com\/en\/boutique\/uriage-ds-hair-shampooing-doux-equilibrant-500ml\/#breadcrumb","itemListElement":[{"@type":"ListItem","position":1,"name":"Accueil","item":"https:\/\/paragaleriedetalborjt.com\/"},{"@type":"ListItem","position":2,"name":"Boutique","item":"https:\/\/paragaleriedetalborjt.com\/boutique\/"},{"@type":"ListItem","position":3,"name":"Uriage \u2013 DS Hair \u2013 Shampooing Doux \u00c9quilibrant \u2013 500ml"}]},{"@type":"WebSite","@id":"https:\/\/paragaleriedetalborjt.com\/#website","url":"https:\/\/paragaleriedetalborjt.com\/","name":"paragaleriedetalborjt","description":"","potentialAction":[{"@type":"SearchAction","target":{"@type":"EntryPoint","urlTemplate":"https:\/\/paragaleriedetalborjt.com\/?s={search_term_string}"},"query-input":{"@type":"PropertyValueSpecification","valueRequired":true,"valueName":"search_term_string"}}],"inLanguage":"en-US"}]}},"brands":[{"id":1579,"name":"URIAGE","slug":"uriage"}],"_links":{"self":[{"href":"https:\/\/paragaleriedetalborjt.com\/en\/wp-json\/wp\/v2\/product\/39994","targetHints":{"allow":["GET"]}}],"collection":[{"href":"https:\/\/paragaleriedetalborjt.com\/en\/wp-json\/wp\/v2\/product"}],"about":[{"href":"https:\/\/paragaleriedetalborjt.com\/en\/wp-json\/wp\/v2\/types\/product"}],"replies":[{"embeddable":true,"href":"https:\/\/paragaleriedetalborjt.com\/en\/wp-json\/wp\/v2\/comments?post=39994"}],"version-history":[{"count":1,"href":"https:\/\/paragaleriedetalborjt.com\/en\/wp-json\/wp\/v2\/product\/39994\/revisions"}],"predecessor-version":[{"id":39996,"href":"https:\/\/paragaleriedetalborjt.com\/en\/wp-json\/wp\/v2\/product\/39994\/revisions\/39996"}],"wp:featuredmedia":[{"embeddable":true,"href":"https:\/\/paragaleriedetalborjt.com\/en\/wp-json\/wp\/v2\/media\/39995"}],"wp:attachment":[{"href":"https:\/\/paragaleriedetalborjt.com\/en\/wp-json\/wp\/v2\/media?parent=39994"}],"wp:term":[{"taxonomy":"pwb-brand","embeddable":true,"href":"https:\/\/paragaleriedetalborjt.com\/en\/wp-json\/wp\/v2\/pwb-brand?post=39994"},{"taxonomy":"product_cat","embeddable":true,"href":"https:\/\/paragaleriedetalborjt.com\/en\/wp-json\/wp\/v2\/product_cat?post=39994"},{"taxonomy":"product_tag","embeddable":true,"href":"https:\/\/paragaleriedetalborjt.com\/en\/wp-json\/wp\/v2\/product_tag?post=39994"}],"curies":[{"name":"wp","href":"https:\/\/api.w.org\/{rel}","templated":true}]}}