{"id":39991,"date":"2026-01-03T19:22:10","date_gmt":"2026-01-03T18:22:10","guid":{"rendered":"https:\/\/paragaleriedetalborjt.com\/?post_type=product&#038;p=39991"},"modified":"2026-01-03T20:17:14","modified_gmt":"2026-01-03T19:17:14","slug":"acm-medisun-spray-spf50-200ml-1-trousse-offerte","status":"publish","type":"product","link":"https:\/\/paragaleriedetalborjt.com\/en\/boutique\/acm-medisun-spray-spf50-200ml-1-trousse-offerte\/","title":{"rendered":"Acm Medisun Spray Spf50+ 200ml = 1 Trousse Offerte"},"content":{"rendered":"<div aria-labelledby=\"tab-title-description\" class=\"woocommerce-Tabs-panel woocommerce-Tabs-panel--description panel entry-content wc-tab\" id=\"tab-description\" role=\"tabpanel\" style=\"\">\n<h2>Description<\/h2>\n<p style=\"font-weight: 400;\"><b><strong>E SOIN ASSURE UNE PROTECTION SOLAIRE INVISIBLE MAXIMALE EN CIBLANT TOUS LES RAYONS POUR TOUTE LA FAMILLE*<\/strong><\/b><\/p>\n<p style=\"font-weight: 400;\">Gr\u00e2ce \u00e0 son complexe de filtres performant, le spray SP50+ Medisun apporte une tr\u00e8s haute protection solaire \u00e0 large spectre (UVA + UVB + Lumi\u00e8re visible + IR). Il est pratique et facile \u00e0 appliquer sur l\u2019ensemble du corps pour une r\u00e9partition homog\u00e8ne et une couvrance optimale. Sa texture ultra l\u00e9g\u00e8re et invisible \u00e0 l\u2019application, au fini non gras, offre un grand confort d\u2019utilisation pour toute la famille*.<\/p>\n<p style=\"font-weight: 400;\">*Adultes et enfants \u00e0 partir de 3 ans<\/p>\n<p><strong><strong>Conseils d\u2019Utilisation : <\/strong> <\/strong><\/p>\n<p>Appliquer g\u00e9n\u00e9reusement le produit 30 minutes avant toute exposition solaire. Renouveler l\u2019application r\u00e9guli\u00e8rement surtout apr\u00e8s avoir transpir\u00e9, nag\u00e9 ou vous \u00eatre essuy\u00e9. N\u2019exposez pas les b\u00e9b\u00e9s et les jeunes enfants directement au soleil. Ne restez pas trop longtemps au soleil m\u00eame si vous utilisez un produit de protection solaire car il ne vous prot\u00e8ge pas totalement. La surexposition au soleil est dangereuse pour la sant\u00e9.<\/p>\n<\/div>","protected":false},"excerpt":{"rendered":"<p>Highlights:ADULTES ET ENFANTS A PARTIR DE 3 ANS<\/p>","protected":false},"featured_media":39992,"comment_status":"open","ping_status":"closed","template":"","meta":[],"pwb-brand":[1591],"product_cat":[16],"product_tag":[],"class_list":{"0":"post-39991","1":"product","2":"type-product","3":"status-publish","4":"has-post-thumbnail","6":"pwb-brand-acm","7":"product_cat-non-classe","8":"pa_brands-acm","10":"first","11":"instock","12":"sale","13":"shipping-taxable","14":"purchasable","15":"product-type-simple"},"yoast_head":"<!-- This site is optimized with the Yoast SEO plugin v27.5 - https:\/\/yoast.com\/product\/yoast-seo-wordpress\/ -->\n<title>Acm Medisun Spray Spf50+ 200ml = 1 Trousse Offerte - paragaleriedetalborjt<\/title>\n<meta name=\"robots\" content=\"index, follow, max-snippet:-1, max-image-preview:large, max-video-preview:-1\" \/>\n<link rel=\"canonical\" href=\"https:\/\/paragaleriedetalborjt.com\/en\/boutique\/acm-medisun-spray-spf50-200ml-1-trousse-offerte\/\" \/>\n<meta property=\"og:locale\" content=\"en_US\" \/>\n<meta property=\"og:type\" content=\"article\" \/>\n<meta property=\"og:title\" content=\"Acm Medisun Spray Spf50+ 200ml = 1 Trousse Offerte - paragaleriedetalborjt\" \/>\n<meta property=\"og:description\" content=\"Highlights:ADULTES ET ENFANTS A PARTIR DE 3 ANS\" \/>\n<meta property=\"og:url\" content=\"https:\/\/paragaleriedetalborjt.com\/en\/boutique\/acm-medisun-spray-spf50-200ml-1-trousse-offerte\/\" \/>\n<meta property=\"og:site_name\" content=\"paragaleriedetalborjt\" \/>\n<meta property=\"article:modified_time\" content=\"2026-01-03T19:17:14+00:00\" \/>\n<meta property=\"og:image\" content=\"https:\/\/paragaleriedetalborjt.com\/wp-content\/uploads\/2026\/01\/8-4-600x600-1.jpg\" \/>\n\t<meta property=\"og:image:width\" content=\"600\" \/>\n\t<meta property=\"og:image:height\" content=\"600\" \/>\n\t<meta property=\"og:image:type\" content=\"image\/jpeg\" \/>\n<meta name=\"twitter:card\" content=\"summary_large_image\" \/>\n<meta name=\"twitter:label1\" content=\"Est. reading time\" \/>\n\t<meta name=\"twitter:data1\" content=\"1 minute\" \/>\n<script type=\"application\/ld+json\" class=\"yoast-schema-graph\">{\"@context\":\"https:\\\/\\\/schema.org\",\"@graph\":[{\"@type\":\"WebPage\",\"@id\":\"https:\\\/\\\/paragaleriedetalborjt.com\\\/boutique\\\/acm-medisun-spray-spf50-200ml-1-trousse-offerte\\\/\",\"url\":\"https:\\\/\\\/paragaleriedetalborjt.com\\\/boutique\\\/acm-medisun-spray-spf50-200ml-1-trousse-offerte\\\/\",\"name\":\"Acm Medisun Spray Spf50+ 200ml = 1 Trousse Offerte - paragaleriedetalborjt\",\"isPartOf\":{\"@id\":\"https:\\\/\\\/paragaleriedetalborjt.com\\\/#website\"},\"primaryImageOfPage\":{\"@id\":\"https:\\\/\\\/paragaleriedetalborjt.com\\\/boutique\\\/acm-medisun-spray-spf50-200ml-1-trousse-offerte\\\/#primaryimage\"},\"image\":{\"@id\":\"https:\\\/\\\/paragaleriedetalborjt.com\\\/boutique\\\/acm-medisun-spray-spf50-200ml-1-trousse-offerte\\\/#primaryimage\"},\"thumbnailUrl\":\"https:\\\/\\\/paragaleriedetalborjt.com\\\/wp-content\\\/uploads\\\/2026\\\/01\\\/8-4-600x600-1.jpg\",\"datePublished\":\"2026-01-03T18:22:10+00:00\",\"dateModified\":\"2026-01-03T19:17:14+00:00\",\"breadcrumb\":{\"@id\":\"https:\\\/\\\/paragaleriedetalborjt.com\\\/boutique\\\/acm-medisun-spray-spf50-200ml-1-trousse-offerte\\\/#breadcrumb\"},\"inLanguage\":\"en-US\",\"potentialAction\":[{\"@type\":\"ReadAction\",\"target\":[\"https:\\\/\\\/paragaleriedetalborjt.com\\\/boutique\\\/acm-medisun-spray-spf50-200ml-1-trousse-offerte\\\/\"]}]},{\"@type\":\"ImageObject\",\"inLanguage\":\"en-US\",\"@id\":\"https:\\\/\\\/paragaleriedetalborjt.com\\\/boutique\\\/acm-medisun-spray-spf50-200ml-1-trousse-offerte\\\/#primaryimage\",\"url\":\"https:\\\/\\\/paragaleriedetalborjt.com\\\/wp-content\\\/uploads\\\/2026\\\/01\\\/8-4-600x600-1.jpg\",\"contentUrl\":\"https:\\\/\\\/paragaleriedetalborjt.com\\\/wp-content\\\/uploads\\\/2026\\\/01\\\/8-4-600x600-1.jpg\",\"width\":600,\"height\":600},{\"@type\":\"BreadcrumbList\",\"@id\":\"https:\\\/\\\/paragaleriedetalborjt.com\\\/boutique\\\/acm-medisun-spray-spf50-200ml-1-trousse-offerte\\\/#breadcrumb\",\"itemListElement\":[{\"@type\":\"ListItem\",\"position\":1,\"name\":\"Accueil\",\"item\":\"https:\\\/\\\/paragaleriedetalborjt.com\\\/\"},{\"@type\":\"ListItem\",\"position\":2,\"name\":\"Boutique\",\"item\":\"https:\\\/\\\/paragaleriedetalborjt.com\\\/boutique\\\/\"},{\"@type\":\"ListItem\",\"position\":3,\"name\":\"Acm Medisun Spray Spf50+ 200ml = 1 Trousse Offerte\"}]},{\"@type\":\"WebSite\",\"@id\":\"https:\\\/\\\/paragaleriedetalborjt.com\\\/#website\",\"url\":\"https:\\\/\\\/paragaleriedetalborjt.com\\\/\",\"name\":\"paragaleriedetalborjt\",\"description\":\"\",\"potentialAction\":[{\"@type\":\"SearchAction\",\"target\":{\"@type\":\"EntryPoint\",\"urlTemplate\":\"https:\\\/\\\/paragaleriedetalborjt.com\\\/?s={search_term_string}\"},\"query-input\":{\"@type\":\"PropertyValueSpecification\",\"valueRequired\":true,\"valueName\":\"search_term_string\"}}],\"inLanguage\":\"en-US\"}]}<\/script>\n<!-- \/ Yoast SEO plugin. -->","yoast_head_json":{"title":"Acm Medisun Spray Spf50+ 200ml = 1 Trousse Offerte - paragaleriedetalborjt","robots":{"index":"index","follow":"follow","max-snippet":"max-snippet:-1","max-image-preview":"max-image-preview:large","max-video-preview":"max-video-preview:-1"},"canonical":"https:\/\/paragaleriedetalborjt.com\/en\/boutique\/acm-medisun-spray-spf50-200ml-1-trousse-offerte\/","og_locale":"en_US","og_type":"article","og_title":"Acm Medisun Spray Spf50+ 200ml = 1 Trousse Offerte - paragaleriedetalborjt","og_description":"Highlights:ADULTES ET ENFANTS A PARTIR DE 3 ANS","og_url":"https:\/\/paragaleriedetalborjt.com\/en\/boutique\/acm-medisun-spray-spf50-200ml-1-trousse-offerte\/","og_site_name":"paragaleriedetalborjt","article_modified_time":"2026-01-03T19:17:14+00:00","og_image":[{"width":600,"height":600,"url":"https:\/\/paragaleriedetalborjt.com\/wp-content\/uploads\/2026\/01\/8-4-600x600-1.jpg","type":"image\/jpeg"}],"twitter_card":"summary_large_image","twitter_misc":{"Est. reading time":"1 minute"},"schema":{"@context":"https:\/\/schema.org","@graph":[{"@type":"WebPage","@id":"https:\/\/paragaleriedetalborjt.com\/boutique\/acm-medisun-spray-spf50-200ml-1-trousse-offerte\/","url":"https:\/\/paragaleriedetalborjt.com\/boutique\/acm-medisun-spray-spf50-200ml-1-trousse-offerte\/","name":"Acm Medisun Spray Spf50+ 200ml = 1 Trousse Offerte - paragaleriedetalborjt","isPartOf":{"@id":"https:\/\/paragaleriedetalborjt.com\/#website"},"primaryImageOfPage":{"@id":"https:\/\/paragaleriedetalborjt.com\/boutique\/acm-medisun-spray-spf50-200ml-1-trousse-offerte\/#primaryimage"},"image":{"@id":"https:\/\/paragaleriedetalborjt.com\/boutique\/acm-medisun-spray-spf50-200ml-1-trousse-offerte\/#primaryimage"},"thumbnailUrl":"https:\/\/paragaleriedetalborjt.com\/wp-content\/uploads\/2026\/01\/8-4-600x600-1.jpg","datePublished":"2026-01-03T18:22:10+00:00","dateModified":"2026-01-03T19:17:14+00:00","breadcrumb":{"@id":"https:\/\/paragaleriedetalborjt.com\/boutique\/acm-medisun-spray-spf50-200ml-1-trousse-offerte\/#breadcrumb"},"inLanguage":"en-US","potentialAction":[{"@type":"ReadAction","target":["https:\/\/paragaleriedetalborjt.com\/boutique\/acm-medisun-spray-spf50-200ml-1-trousse-offerte\/"]}]},{"@type":"ImageObject","inLanguage":"en-US","@id":"https:\/\/paragaleriedetalborjt.com\/boutique\/acm-medisun-spray-spf50-200ml-1-trousse-offerte\/#primaryimage","url":"https:\/\/paragaleriedetalborjt.com\/wp-content\/uploads\/2026\/01\/8-4-600x600-1.jpg","contentUrl":"https:\/\/paragaleriedetalborjt.com\/wp-content\/uploads\/2026\/01\/8-4-600x600-1.jpg","width":600,"height":600},{"@type":"BreadcrumbList","@id":"https:\/\/paragaleriedetalborjt.com\/boutique\/acm-medisun-spray-spf50-200ml-1-trousse-offerte\/#breadcrumb","itemListElement":[{"@type":"ListItem","position":1,"name":"Accueil","item":"https:\/\/paragaleriedetalborjt.com\/"},{"@type":"ListItem","position":2,"name":"Boutique","item":"https:\/\/paragaleriedetalborjt.com\/boutique\/"},{"@type":"ListItem","position":3,"name":"Acm Medisun Spray Spf50+ 200ml = 1 Trousse Offerte"}]},{"@type":"WebSite","@id":"https:\/\/paragaleriedetalborjt.com\/#website","url":"https:\/\/paragaleriedetalborjt.com\/","name":"paragaleriedetalborjt","description":"","potentialAction":[{"@type":"SearchAction","target":{"@type":"EntryPoint","urlTemplate":"https:\/\/paragaleriedetalborjt.com\/?s={search_term_string}"},"query-input":{"@type":"PropertyValueSpecification","valueRequired":true,"valueName":"search_term_string"}}],"inLanguage":"en-US"}]}},"brands":[{"id":1591,"name":"ACM","slug":"acm"}],"_links":{"self":[{"href":"https:\/\/paragaleriedetalborjt.com\/en\/wp-json\/wp\/v2\/product\/39991","targetHints":{"allow":["GET"]}}],"collection":[{"href":"https:\/\/paragaleriedetalborjt.com\/en\/wp-json\/wp\/v2\/product"}],"about":[{"href":"https:\/\/paragaleriedetalborjt.com\/en\/wp-json\/wp\/v2\/types\/product"}],"replies":[{"embeddable":true,"href":"https:\/\/paragaleriedetalborjt.com\/en\/wp-json\/wp\/v2\/comments?post=39991"}],"version-history":[{"count":1,"href":"https:\/\/paragaleriedetalborjt.com\/en\/wp-json\/wp\/v2\/product\/39991\/revisions"}],"predecessor-version":[{"id":39993,"href":"https:\/\/paragaleriedetalborjt.com\/en\/wp-json\/wp\/v2\/product\/39991\/revisions\/39993"}],"wp:featuredmedia":[{"embeddable":true,"href":"https:\/\/paragaleriedetalborjt.com\/en\/wp-json\/wp\/v2\/media\/39992"}],"wp:attachment":[{"href":"https:\/\/paragaleriedetalborjt.com\/en\/wp-json\/wp\/v2\/media?parent=39991"}],"wp:term":[{"taxonomy":"pwb-brand","embeddable":true,"href":"https:\/\/paragaleriedetalborjt.com\/en\/wp-json\/wp\/v2\/pwb-brand?post=39991"},{"taxonomy":"product_cat","embeddable":true,"href":"https:\/\/paragaleriedetalborjt.com\/en\/wp-json\/wp\/v2\/product_cat?post=39991"},{"taxonomy":"product_tag","embeddable":true,"href":"https:\/\/paragaleriedetalborjt.com\/en\/wp-json\/wp\/v2\/product_tag?post=39991"}],"curies":[{"name":"wp","href":"https:\/\/api.w.org\/{rel}","templated":true}]}}