{"id":39955,"date":"2026-01-03T19:20:53","date_gmt":"2026-01-03T18:20:53","guid":{"rendered":"https:\/\/paragaleriedetalborjt.com\/?post_type=product&#038;p=39955"},"modified":"2026-01-03T20:17:09","modified_gmt":"2026-01-03T19:17:09","slug":"eau-thermale-avene-tolerance-control-creme-apaisante-restauratrice-cosmetique-sterile-40-ml","status":"publish","type":"product","link":"https:\/\/paragaleriedetalborjt.com\/en\/boutique\/eau-thermale-avene-tolerance-control-creme-apaisante-restauratrice-cosmetique-sterile-40-ml\/","title":{"rendered":"Eau Thermale Av\u00e8ne \u2013 Tol\u00e9rance CONTROL Cr\u00e8me apaisante restauratrice Cosm\u00e9tique St\u00e9rile\u00ae 40 ml"},"content":{"rendered":"<div aria-labelledby=\"tab-title-description\" class=\"woocommerce-Tabs-panel woocommerce-Tabs-panel--description panel entry-content wc-tab\" id=\"tab-description\" role=\"tabpanel\" style=\"\">\n<h2>Description<\/h2>\n<p>Tol\u00e9rance Control cr\u00e8me apaisante pour peaux hypersensibles, r\u00e9actives, intol\u00e9rantes ou allergiques calme la peau en 30 secondes*. Gr\u00e2ce au D-Sensinose\u2122 ultra-calmant, nouvel actif postbiotique brevet\u00e9**, ce soin soulage les sensations d\u2019\u00e9chauffement, de tiraillements, picotements, d\u2019inconfort. La peau est intens\u00e9ment hydrat\u00e9e et sa barri\u00e8re restaur\u00e9e en 48h***. Ce soin haute tol\u00e9rance sans parfum ni conservateur, b\u00e9n\u00e9ficie d\u2019un nouveau tube Cosm\u00e9tique St\u00e9rile\u00ae qui pr\u00e9serve la formule de l\u2019air ext\u00e9rieur et des bact\u00e9ries.*Satisfaction des utilisateurs, 25 sujets, 3 mois, 2 applications par jour. **Brevet d\u00e9pos\u00e9.***Test ex-vivo sur \u00e9pidermes cultiv\u00e9s en condition hydrique r\u00e9duite.<br \/>\nMain benefits<br \/>\n\u2022 CALME la peau en 30 secondes* gr\u00e2ce au D-Sensinose\u2122 ultra-calmant.<br \/>\n\u2022 HYDRATE 24h**** et RESTAURE la barri\u00e8re cutan\u00e9e en 48h*** gr\u00e2ce \u00e0 sa composition 100% biomim\u00e9tique de la peau.<br \/>\n\u2022 CONTR\u00d4LE durablement l\u2019hyper-r\u00e9activit\u00e9 cutan\u00e9e.<\/p>\n<p><strong>Conseil d\u2019utilisation :<\/strong><br \/>\nAppliquer matin et soir sur le visage, le cou et le contour des yeux.<\/p>\n<p><strong>Astuce de l\u2019expert:<\/strong><br \/>\nDes gestes doux ne pas r\u00e9activer l\u2019hyper-sensibilit\u00e9 cutan\u00e9e:<br \/>\n\u2022 Commencez par \u00e9taler la cr\u00e8me entre les doigts.<br \/>\n\u2022 D\u00e9posez-la par touches sur le visage et le cou.<br \/>\n\u2022 Etalez en lissant d\u00e9licatement du bout des doigts du centre vers les contours du visage sans oublier le cou.<\/p>\n<\/div>","protected":false},"excerpt":{"rendered":"<p>Highlights:Tol\u00e9rance Control cr\u00e8me apaisante pour peaux hypersensibles, r\u00e9actives, intol\u00e9rantes ou allergiques calme la peau en 30 secondes*.<\/p>","protected":false},"featured_media":39956,"comment_status":"open","ping_status":"closed","template":"","meta":[],"pwb-brand":[1771],"product_cat":[16],"product_tag":[],"class_list":{"0":"post-39955","1":"product","2":"type-product","3":"status-publish","4":"has-post-thumbnail","6":"pwb-brand-avene","7":"product_cat-non-classe","8":"pa_brands-avene","10":"first","11":"instock","12":"sale","13":"shipping-taxable","14":"purchasable","15":"product-type-simple"},"yoast_head":"<!-- This site is optimized with the Yoast SEO plugin v27.5 - https:\/\/yoast.com\/product\/yoast-seo-wordpress\/ -->\n<title>Eau Thermale Av\u00e8ne \u2013 Tol\u00e9rance CONTROL Cr\u00e8me apaisante restauratrice Cosm\u00e9tique St\u00e9rile\u00ae 40 ml - paragaleriedetalborjt<\/title>\n<meta name=\"robots\" content=\"index, follow, max-snippet:-1, max-image-preview:large, max-video-preview:-1\" \/>\n<link rel=\"canonical\" href=\"https:\/\/paragaleriedetalborjt.com\/en\/boutique\/eau-thermale-avene-tolerance-control-creme-apaisante-restauratrice-cosmetique-sterile-40-ml\/\" \/>\n<meta property=\"og:locale\" content=\"en_US\" \/>\n<meta property=\"og:type\" content=\"article\" \/>\n<meta property=\"og:title\" content=\"Eau Thermale Av\u00e8ne \u2013 Tol\u00e9rance CONTROL Cr\u00e8me apaisante restauratrice Cosm\u00e9tique St\u00e9rile\u00ae 40 ml - paragaleriedetalborjt\" \/>\n<meta property=\"og:description\" content=\"Highlights:Tol\u00e9rance Control cr\u00e8me apaisante pour peaux hypersensibles, r\u00e9actives, intol\u00e9rantes ou allergiques calme la peau en 30 secondes*.\" \/>\n<meta property=\"og:url\" content=\"https:\/\/paragaleriedetalborjt.com\/en\/boutique\/eau-thermale-avene-tolerance-control-creme-apaisante-restauratrice-cosmetique-sterile-40-ml\/\" \/>\n<meta property=\"og:site_name\" content=\"paragaleriedetalborjt\" \/>\n<meta property=\"article:modified_time\" content=\"2026-01-03T19:17:09+00:00\" \/>\n<meta property=\"og:image\" content=\"https:\/\/paragaleriedetalborjt.com\/wp-content\/uploads\/2026\/01\/Eau-Thermale-Avene-Tolerance-CONTROL-Creme-apaisante-restauratrice-Cosmetique-Sterile.jpg\" \/>\n\t<meta property=\"og:image:width\" content=\"595\" \/>\n\t<meta property=\"og:image:height\" content=\"655\" \/>\n\t<meta property=\"og:image:type\" content=\"image\/jpeg\" \/>\n<meta name=\"twitter:card\" content=\"summary_large_image\" \/>\n<meta name=\"twitter:label1\" content=\"Est. reading time\" \/>\n\t<meta name=\"twitter:data1\" content=\"1 minute\" \/>\n<script type=\"application\/ld+json\" class=\"yoast-schema-graph\">{\"@context\":\"https:\\\/\\\/schema.org\",\"@graph\":[{\"@type\":\"WebPage\",\"@id\":\"https:\\\/\\\/paragaleriedetalborjt.com\\\/boutique\\\/eau-thermale-avene-tolerance-control-creme-apaisante-restauratrice-cosmetique-sterile-40-ml\\\/\",\"url\":\"https:\\\/\\\/paragaleriedetalborjt.com\\\/boutique\\\/eau-thermale-avene-tolerance-control-creme-apaisante-restauratrice-cosmetique-sterile-40-ml\\\/\",\"name\":\"Eau Thermale Av\u00e8ne \u2013 Tol\u00e9rance CONTROL Cr\u00e8me apaisante restauratrice Cosm\u00e9tique St\u00e9rile\u00ae 40 ml - paragaleriedetalborjt\",\"isPartOf\":{\"@id\":\"https:\\\/\\\/paragaleriedetalborjt.com\\\/#website\"},\"primaryImageOfPage\":{\"@id\":\"https:\\\/\\\/paragaleriedetalborjt.com\\\/boutique\\\/eau-thermale-avene-tolerance-control-creme-apaisante-restauratrice-cosmetique-sterile-40-ml\\\/#primaryimage\"},\"image\":{\"@id\":\"https:\\\/\\\/paragaleriedetalborjt.com\\\/boutique\\\/eau-thermale-avene-tolerance-control-creme-apaisante-restauratrice-cosmetique-sterile-40-ml\\\/#primaryimage\"},\"thumbnailUrl\":\"https:\\\/\\\/paragaleriedetalborjt.com\\\/wp-content\\\/uploads\\\/2026\\\/01\\\/Eau-Thermale-Avene-Tolerance-CONTROL-Creme-apaisante-restauratrice-Cosmetique-Sterile.jpg\",\"datePublished\":\"2026-01-03T18:20:53+00:00\",\"dateModified\":\"2026-01-03T19:17:09+00:00\",\"breadcrumb\":{\"@id\":\"https:\\\/\\\/paragaleriedetalborjt.com\\\/boutique\\\/eau-thermale-avene-tolerance-control-creme-apaisante-restauratrice-cosmetique-sterile-40-ml\\\/#breadcrumb\"},\"inLanguage\":\"en-US\",\"potentialAction\":[{\"@type\":\"ReadAction\",\"target\":[\"https:\\\/\\\/paragaleriedetalborjt.com\\\/boutique\\\/eau-thermale-avene-tolerance-control-creme-apaisante-restauratrice-cosmetique-sterile-40-ml\\\/\"]}]},{\"@type\":\"ImageObject\",\"inLanguage\":\"en-US\",\"@id\":\"https:\\\/\\\/paragaleriedetalborjt.com\\\/boutique\\\/eau-thermale-avene-tolerance-control-creme-apaisante-restauratrice-cosmetique-sterile-40-ml\\\/#primaryimage\",\"url\":\"https:\\\/\\\/paragaleriedetalborjt.com\\\/wp-content\\\/uploads\\\/2026\\\/01\\\/Eau-Thermale-Avene-Tolerance-CONTROL-Creme-apaisante-restauratrice-Cosmetique-Sterile.jpg\",\"contentUrl\":\"https:\\\/\\\/paragaleriedetalborjt.com\\\/wp-content\\\/uploads\\\/2026\\\/01\\\/Eau-Thermale-Avene-Tolerance-CONTROL-Creme-apaisante-restauratrice-Cosmetique-Sterile.jpg\",\"width\":595,\"height\":655},{\"@type\":\"BreadcrumbList\",\"@id\":\"https:\\\/\\\/paragaleriedetalborjt.com\\\/boutique\\\/eau-thermale-avene-tolerance-control-creme-apaisante-restauratrice-cosmetique-sterile-40-ml\\\/#breadcrumb\",\"itemListElement\":[{\"@type\":\"ListItem\",\"position\":1,\"name\":\"Accueil\",\"item\":\"https:\\\/\\\/paragaleriedetalborjt.com\\\/\"},{\"@type\":\"ListItem\",\"position\":2,\"name\":\"Boutique\",\"item\":\"https:\\\/\\\/paragaleriedetalborjt.com\\\/boutique\\\/\"},{\"@type\":\"ListItem\",\"position\":3,\"name\":\"Eau Thermale Av\u00e8ne \u2013 Tol\u00e9rance CONTROL Cr\u00e8me apaisante restauratrice Cosm\u00e9tique St\u00e9rile\u00ae 40 ml\"}]},{\"@type\":\"WebSite\",\"@id\":\"https:\\\/\\\/paragaleriedetalborjt.com\\\/#website\",\"url\":\"https:\\\/\\\/paragaleriedetalborjt.com\\\/\",\"name\":\"paragaleriedetalborjt\",\"description\":\"\",\"potentialAction\":[{\"@type\":\"SearchAction\",\"target\":{\"@type\":\"EntryPoint\",\"urlTemplate\":\"https:\\\/\\\/paragaleriedetalborjt.com\\\/?s={search_term_string}\"},\"query-input\":{\"@type\":\"PropertyValueSpecification\",\"valueRequired\":true,\"valueName\":\"search_term_string\"}}],\"inLanguage\":\"en-US\"}]}<\/script>\n<!-- \/ Yoast SEO plugin. -->","yoast_head_json":{"title":"Eau Thermale Av\u00e8ne \u2013 Tol\u00e9rance CONTROL Cr\u00e8me apaisante restauratrice Cosm\u00e9tique St\u00e9rile\u00ae 40 ml - paragaleriedetalborjt","robots":{"index":"index","follow":"follow","max-snippet":"max-snippet:-1","max-image-preview":"max-image-preview:large","max-video-preview":"max-video-preview:-1"},"canonical":"https:\/\/paragaleriedetalborjt.com\/en\/boutique\/eau-thermale-avene-tolerance-control-creme-apaisante-restauratrice-cosmetique-sterile-40-ml\/","og_locale":"en_US","og_type":"article","og_title":"Eau Thermale Av\u00e8ne \u2013 Tol\u00e9rance CONTROL Cr\u00e8me apaisante restauratrice Cosm\u00e9tique St\u00e9rile\u00ae 40 ml - paragaleriedetalborjt","og_description":"Highlights:Tol\u00e9rance Control cr\u00e8me apaisante pour peaux hypersensibles, r\u00e9actives, intol\u00e9rantes ou allergiques calme la peau en 30 secondes*.","og_url":"https:\/\/paragaleriedetalborjt.com\/en\/boutique\/eau-thermale-avene-tolerance-control-creme-apaisante-restauratrice-cosmetique-sterile-40-ml\/","og_site_name":"paragaleriedetalborjt","article_modified_time":"2026-01-03T19:17:09+00:00","og_image":[{"width":595,"height":655,"url":"https:\/\/paragaleriedetalborjt.com\/wp-content\/uploads\/2026\/01\/Eau-Thermale-Avene-Tolerance-CONTROL-Creme-apaisante-restauratrice-Cosmetique-Sterile.jpg","type":"image\/jpeg"}],"twitter_card":"summary_large_image","twitter_misc":{"Est. reading time":"1 minute"},"schema":{"@context":"https:\/\/schema.org","@graph":[{"@type":"WebPage","@id":"https:\/\/paragaleriedetalborjt.com\/boutique\/eau-thermale-avene-tolerance-control-creme-apaisante-restauratrice-cosmetique-sterile-40-ml\/","url":"https:\/\/paragaleriedetalborjt.com\/boutique\/eau-thermale-avene-tolerance-control-creme-apaisante-restauratrice-cosmetique-sterile-40-ml\/","name":"Eau Thermale Av\u00e8ne \u2013 Tol\u00e9rance CONTROL Cr\u00e8me apaisante restauratrice Cosm\u00e9tique St\u00e9rile\u00ae 40 ml - paragaleriedetalborjt","isPartOf":{"@id":"https:\/\/paragaleriedetalborjt.com\/#website"},"primaryImageOfPage":{"@id":"https:\/\/paragaleriedetalborjt.com\/boutique\/eau-thermale-avene-tolerance-control-creme-apaisante-restauratrice-cosmetique-sterile-40-ml\/#primaryimage"},"image":{"@id":"https:\/\/paragaleriedetalborjt.com\/boutique\/eau-thermale-avene-tolerance-control-creme-apaisante-restauratrice-cosmetique-sterile-40-ml\/#primaryimage"},"thumbnailUrl":"https:\/\/paragaleriedetalborjt.com\/wp-content\/uploads\/2026\/01\/Eau-Thermale-Avene-Tolerance-CONTROL-Creme-apaisante-restauratrice-Cosmetique-Sterile.jpg","datePublished":"2026-01-03T18:20:53+00:00","dateModified":"2026-01-03T19:17:09+00:00","breadcrumb":{"@id":"https:\/\/paragaleriedetalborjt.com\/boutique\/eau-thermale-avene-tolerance-control-creme-apaisante-restauratrice-cosmetique-sterile-40-ml\/#breadcrumb"},"inLanguage":"en-US","potentialAction":[{"@type":"ReadAction","target":["https:\/\/paragaleriedetalborjt.com\/boutique\/eau-thermale-avene-tolerance-control-creme-apaisante-restauratrice-cosmetique-sterile-40-ml\/"]}]},{"@type":"ImageObject","inLanguage":"en-US","@id":"https:\/\/paragaleriedetalborjt.com\/boutique\/eau-thermale-avene-tolerance-control-creme-apaisante-restauratrice-cosmetique-sterile-40-ml\/#primaryimage","url":"https:\/\/paragaleriedetalborjt.com\/wp-content\/uploads\/2026\/01\/Eau-Thermale-Avene-Tolerance-CONTROL-Creme-apaisante-restauratrice-Cosmetique-Sterile.jpg","contentUrl":"https:\/\/paragaleriedetalborjt.com\/wp-content\/uploads\/2026\/01\/Eau-Thermale-Avene-Tolerance-CONTROL-Creme-apaisante-restauratrice-Cosmetique-Sterile.jpg","width":595,"height":655},{"@type":"BreadcrumbList","@id":"https:\/\/paragaleriedetalborjt.com\/boutique\/eau-thermale-avene-tolerance-control-creme-apaisante-restauratrice-cosmetique-sterile-40-ml\/#breadcrumb","itemListElement":[{"@type":"ListItem","position":1,"name":"Accueil","item":"https:\/\/paragaleriedetalborjt.com\/"},{"@type":"ListItem","position":2,"name":"Boutique","item":"https:\/\/paragaleriedetalborjt.com\/boutique\/"},{"@type":"ListItem","position":3,"name":"Eau Thermale Av\u00e8ne \u2013 Tol\u00e9rance CONTROL Cr\u00e8me apaisante restauratrice Cosm\u00e9tique St\u00e9rile\u00ae 40 ml"}]},{"@type":"WebSite","@id":"https:\/\/paragaleriedetalborjt.com\/#website","url":"https:\/\/paragaleriedetalborjt.com\/","name":"paragaleriedetalborjt","description":"","potentialAction":[{"@type":"SearchAction","target":{"@type":"EntryPoint","urlTemplate":"https:\/\/paragaleriedetalborjt.com\/?s={search_term_string}"},"query-input":{"@type":"PropertyValueSpecification","valueRequired":true,"valueName":"search_term_string"}}],"inLanguage":"en-US"}]}},"brands":[{"id":1771,"name":"AV\u00c8NE","slug":"avene"}],"_links":{"self":[{"href":"https:\/\/paragaleriedetalborjt.com\/en\/wp-json\/wp\/v2\/product\/39955","targetHints":{"allow":["GET"]}}],"collection":[{"href":"https:\/\/paragaleriedetalborjt.com\/en\/wp-json\/wp\/v2\/product"}],"about":[{"href":"https:\/\/paragaleriedetalborjt.com\/en\/wp-json\/wp\/v2\/types\/product"}],"replies":[{"embeddable":true,"href":"https:\/\/paragaleriedetalborjt.com\/en\/wp-json\/wp\/v2\/comments?post=39955"}],"version-history":[{"count":1,"href":"https:\/\/paragaleriedetalborjt.com\/en\/wp-json\/wp\/v2\/product\/39955\/revisions"}],"predecessor-version":[{"id":39957,"href":"https:\/\/paragaleriedetalborjt.com\/en\/wp-json\/wp\/v2\/product\/39955\/revisions\/39957"}],"wp:featuredmedia":[{"embeddable":true,"href":"https:\/\/paragaleriedetalborjt.com\/en\/wp-json\/wp\/v2\/media\/39956"}],"wp:attachment":[{"href":"https:\/\/paragaleriedetalborjt.com\/en\/wp-json\/wp\/v2\/media?parent=39955"}],"wp:term":[{"taxonomy":"pwb-brand","embeddable":true,"href":"https:\/\/paragaleriedetalborjt.com\/en\/wp-json\/wp\/v2\/pwb-brand?post=39955"},{"taxonomy":"product_cat","embeddable":true,"href":"https:\/\/paragaleriedetalborjt.com\/en\/wp-json\/wp\/v2\/product_cat?post=39955"},{"taxonomy":"product_tag","embeddable":true,"href":"https:\/\/paragaleriedetalborjt.com\/en\/wp-json\/wp\/v2\/product_tag?post=39955"}],"curies":[{"name":"wp","href":"https:\/\/api.w.org\/{rel}","templated":true}]}}