{"id":39889,"date":"2026-01-03T19:18:50","date_gmt":"2026-01-03T18:18:50","guid":{"rendered":"https:\/\/paragaleriedetalborjt.com\/?post_type=product&#038;p=39889"},"modified":"2026-01-03T20:17:03","modified_gmt":"2026-01-03T19:17:03","slug":"miradent-xylitol-30-chewing-gum-menthe-verte","status":"publish","type":"product","link":"https:\/\/paragaleriedetalborjt.com\/en\/boutique\/miradent-xylitol-30-chewing-gum-menthe-verte\/","title":{"rendered":"MIRADENT XYLITOL 30 CHEWING GUM MENTHE VERTE"},"content":{"rendered":"<div aria-labelledby=\"tab-title-description\" class=\"woocommerce-Tabs-panel woocommerce-Tabs-panel--description panel entry-content wc-tab\" id=\"tab-description\" role=\"tabpanel\" style=\"\">\n<h2>Description<\/h2>\n<p>MIRADENT propose des solutions d\u2019hygi\u00e8ne buccale et dentaire qui assurent \u00e0 ses utilisateurs efficacit\u00e9 et plaisir d\u2019utilisation tant les produits MIRADENT sont \u00e0 la fois innovants et originaux, transformant ainsi l\u2019hygi\u00e8ne dentaire en exp\u00e9rience quotidienne ludique. Le chewing-gum de MIRADENT est formul\u00e9 avec du Xylitol, un \u00e9dulcorant naturel que l\u2019on retrouve dans certains fruits et l\u00e9gumes, \u00e9galement produit par le corps en petite quantit\u00e9, et qui pr\u00e9sente de nombreux avantages au niveau de l\u2019hygi\u00e8ne bucco-dentaire. En effet, m\u00e2cher un chewing-gum MIRADENT permet de r\u00e9duire la formation de la plaque dentaire, limiter les attaques acides, renforcer l\u2019\u00e9mail, pr\u00e9venir la formation des caries. L\u2019effet du Xylitol agit tant que le go\u00fbt est sucr\u00e9 en bouche. Peu d\u2019influence sur le niveau d\u2019inuline, peut-\u00eatre consomm\u00e9 par des personnes diab\u00e9tiques, les femmes enceintes, les enfants, et les personnes vegan.<\/p>\n<\/div>","protected":false},"excerpt":{"rendered":"<p>Highlights:le chewing-gum anti-caries et anti-plaques dans votre parapharmacie en ligne \u00e0 prix discount, qui r\u00e9concilie plaisir et hygi\u00e8ne bucco-dentaire, go\u00fbt menthe verte.<\/p>","protected":false},"featured_media":39890,"comment_status":"open","ping_status":"closed","template":"","meta":[],"pwb-brand":[1763],"product_cat":[16],"product_tag":[],"class_list":{"0":"post-39889","1":"product","2":"type-product","3":"status-publish","4":"has-post-thumbnail","6":"pwb-brand-miradent","7":"product_cat-non-classe","8":"pa_brands-miradent","10":"first","11":"instock","12":"sale","13":"shipping-taxable","14":"purchasable","15":"product-type-simple"},"yoast_head":"<!-- This site is optimized with the Yoast SEO plugin v26.9 - https:\/\/yoast.com\/product\/yoast-seo-wordpress\/ -->\n<title>MIRADENT XYLITOL 30 CHEWING GUM MENTHE VERTE - paragaleriedetalborjt<\/title>\n<meta name=\"robots\" content=\"index, follow, max-snippet:-1, max-image-preview:large, max-video-preview:-1\" \/>\n<link rel=\"canonical\" href=\"https:\/\/paragaleriedetalborjt.com\/en\/boutique\/miradent-xylitol-30-chewing-gum-menthe-verte\/\" \/>\n<meta property=\"og:locale\" content=\"en_US\" \/>\n<meta property=\"og:type\" content=\"article\" \/>\n<meta property=\"og:title\" content=\"MIRADENT XYLITOL 30 CHEWING GUM MENTHE VERTE - paragaleriedetalborjt\" \/>\n<meta property=\"og:description\" content=\"Highlights:le chewing-gum anti-caries et anti-plaques dans votre parapharmacie en ligne \u00e0 prix discount, qui r\u00e9concilie plaisir et hygi\u00e8ne bucco-dentaire, go\u00fbt menthe verte.\" \/>\n<meta property=\"og:url\" content=\"https:\/\/paragaleriedetalborjt.com\/en\/boutique\/miradent-xylitol-30-chewing-gum-menthe-verte\/\" \/>\n<meta property=\"og:site_name\" content=\"paragaleriedetalborjt\" \/>\n<meta property=\"article:modified_time\" content=\"2026-01-03T19:17:03+00:00\" \/>\n<meta property=\"og:image\" content=\"https:\/\/paragaleriedetalborjt.com\/wp-content\/uploads\/2026\/01\/xylitol-menthe-4250107603369.jpg\" \/>\n\t<meta property=\"og:image:width\" content=\"595\" \/>\n\t<meta property=\"og:image:height\" content=\"655\" \/>\n\t<meta property=\"og:image:type\" content=\"image\/jpeg\" \/>\n<meta name=\"twitter:card\" content=\"summary_large_image\" \/>\n<meta name=\"twitter:label1\" content=\"Est. reading time\" \/>\n\t<meta name=\"twitter:data1\" content=\"1 minute\" \/>\n<script type=\"application\/ld+json\" class=\"yoast-schema-graph\">{\"@context\":\"https:\/\/schema.org\",\"@graph\":[{\"@type\":\"WebPage\",\"@id\":\"https:\/\/paragaleriedetalborjt.com\/boutique\/miradent-xylitol-30-chewing-gum-menthe-verte\/\",\"url\":\"https:\/\/paragaleriedetalborjt.com\/boutique\/miradent-xylitol-30-chewing-gum-menthe-verte\/\",\"name\":\"MIRADENT XYLITOL 30 CHEWING GUM MENTHE VERTE - paragaleriedetalborjt\",\"isPartOf\":{\"@id\":\"https:\/\/paragaleriedetalborjt.com\/#website\"},\"primaryImageOfPage\":{\"@id\":\"https:\/\/paragaleriedetalborjt.com\/boutique\/miradent-xylitol-30-chewing-gum-menthe-verte\/#primaryimage\"},\"image\":{\"@id\":\"https:\/\/paragaleriedetalborjt.com\/boutique\/miradent-xylitol-30-chewing-gum-menthe-verte\/#primaryimage\"},\"thumbnailUrl\":\"https:\/\/paragaleriedetalborjt.com\/wp-content\/uploads\/2026\/01\/xylitol-menthe-4250107603369.jpg\",\"datePublished\":\"2026-01-03T18:18:50+00:00\",\"dateModified\":\"2026-01-03T19:17:03+00:00\",\"breadcrumb\":{\"@id\":\"https:\/\/paragaleriedetalborjt.com\/boutique\/miradent-xylitol-30-chewing-gum-menthe-verte\/#breadcrumb\"},\"inLanguage\":\"en-US\",\"potentialAction\":[{\"@type\":\"ReadAction\",\"target\":[\"https:\/\/paragaleriedetalborjt.com\/boutique\/miradent-xylitol-30-chewing-gum-menthe-verte\/\"]}]},{\"@type\":\"ImageObject\",\"inLanguage\":\"en-US\",\"@id\":\"https:\/\/paragaleriedetalborjt.com\/boutique\/miradent-xylitol-30-chewing-gum-menthe-verte\/#primaryimage\",\"url\":\"https:\/\/paragaleriedetalborjt.com\/wp-content\/uploads\/2026\/01\/xylitol-menthe-4250107603369.jpg\",\"contentUrl\":\"https:\/\/paragaleriedetalborjt.com\/wp-content\/uploads\/2026\/01\/xylitol-menthe-4250107603369.jpg\",\"width\":595,\"height\":655},{\"@type\":\"BreadcrumbList\",\"@id\":\"https:\/\/paragaleriedetalborjt.com\/boutique\/miradent-xylitol-30-chewing-gum-menthe-verte\/#breadcrumb\",\"itemListElement\":[{\"@type\":\"ListItem\",\"position\":1,\"name\":\"Accueil\",\"item\":\"https:\/\/paragaleriedetalborjt.com\/\"},{\"@type\":\"ListItem\",\"position\":2,\"name\":\"Boutique\",\"item\":\"https:\/\/paragaleriedetalborjt.com\/boutique\/\"},{\"@type\":\"ListItem\",\"position\":3,\"name\":\"MIRADENT XYLITOL 30 CHEWING GUM MENTHE VERTE\"}]},{\"@type\":\"WebSite\",\"@id\":\"https:\/\/paragaleriedetalborjt.com\/#website\",\"url\":\"https:\/\/paragaleriedetalborjt.com\/\",\"name\":\"paragaleriedetalborjt\",\"description\":\"\",\"potentialAction\":[{\"@type\":\"SearchAction\",\"target\":{\"@type\":\"EntryPoint\",\"urlTemplate\":\"https:\/\/paragaleriedetalborjt.com\/?s={search_term_string}\"},\"query-input\":{\"@type\":\"PropertyValueSpecification\",\"valueRequired\":true,\"valueName\":\"search_term_string\"}}],\"inLanguage\":\"en-US\"}]}<\/script>\n<!-- \/ Yoast SEO plugin. -->","yoast_head_json":{"title":"MIRADENT XYLITOL 30 CHEWING GUM MENTHE VERTE - paragaleriedetalborjt","robots":{"index":"index","follow":"follow","max-snippet":"max-snippet:-1","max-image-preview":"max-image-preview:large","max-video-preview":"max-video-preview:-1"},"canonical":"https:\/\/paragaleriedetalborjt.com\/en\/boutique\/miradent-xylitol-30-chewing-gum-menthe-verte\/","og_locale":"en_US","og_type":"article","og_title":"MIRADENT XYLITOL 30 CHEWING GUM MENTHE VERTE - paragaleriedetalborjt","og_description":"Highlights:le chewing-gum anti-caries et anti-plaques dans votre parapharmacie en ligne \u00e0 prix discount, qui r\u00e9concilie plaisir et hygi\u00e8ne bucco-dentaire, go\u00fbt menthe verte.","og_url":"https:\/\/paragaleriedetalborjt.com\/en\/boutique\/miradent-xylitol-30-chewing-gum-menthe-verte\/","og_site_name":"paragaleriedetalborjt","article_modified_time":"2026-01-03T19:17:03+00:00","og_image":[{"width":595,"height":655,"url":"https:\/\/paragaleriedetalborjt.com\/wp-content\/uploads\/2026\/01\/xylitol-menthe-4250107603369.jpg","type":"image\/jpeg"}],"twitter_card":"summary_large_image","twitter_misc":{"Est. reading time":"1 minute"},"schema":{"@context":"https:\/\/schema.org","@graph":[{"@type":"WebPage","@id":"https:\/\/paragaleriedetalborjt.com\/boutique\/miradent-xylitol-30-chewing-gum-menthe-verte\/","url":"https:\/\/paragaleriedetalborjt.com\/boutique\/miradent-xylitol-30-chewing-gum-menthe-verte\/","name":"MIRADENT XYLITOL 30 CHEWING GUM MENTHE VERTE - paragaleriedetalborjt","isPartOf":{"@id":"https:\/\/paragaleriedetalborjt.com\/#website"},"primaryImageOfPage":{"@id":"https:\/\/paragaleriedetalborjt.com\/boutique\/miradent-xylitol-30-chewing-gum-menthe-verte\/#primaryimage"},"image":{"@id":"https:\/\/paragaleriedetalborjt.com\/boutique\/miradent-xylitol-30-chewing-gum-menthe-verte\/#primaryimage"},"thumbnailUrl":"https:\/\/paragaleriedetalborjt.com\/wp-content\/uploads\/2026\/01\/xylitol-menthe-4250107603369.jpg","datePublished":"2026-01-03T18:18:50+00:00","dateModified":"2026-01-03T19:17:03+00:00","breadcrumb":{"@id":"https:\/\/paragaleriedetalborjt.com\/boutique\/miradent-xylitol-30-chewing-gum-menthe-verte\/#breadcrumb"},"inLanguage":"en-US","potentialAction":[{"@type":"ReadAction","target":["https:\/\/paragaleriedetalborjt.com\/boutique\/miradent-xylitol-30-chewing-gum-menthe-verte\/"]}]},{"@type":"ImageObject","inLanguage":"en-US","@id":"https:\/\/paragaleriedetalborjt.com\/boutique\/miradent-xylitol-30-chewing-gum-menthe-verte\/#primaryimage","url":"https:\/\/paragaleriedetalborjt.com\/wp-content\/uploads\/2026\/01\/xylitol-menthe-4250107603369.jpg","contentUrl":"https:\/\/paragaleriedetalborjt.com\/wp-content\/uploads\/2026\/01\/xylitol-menthe-4250107603369.jpg","width":595,"height":655},{"@type":"BreadcrumbList","@id":"https:\/\/paragaleriedetalborjt.com\/boutique\/miradent-xylitol-30-chewing-gum-menthe-verte\/#breadcrumb","itemListElement":[{"@type":"ListItem","position":1,"name":"Accueil","item":"https:\/\/paragaleriedetalborjt.com\/"},{"@type":"ListItem","position":2,"name":"Boutique","item":"https:\/\/paragaleriedetalborjt.com\/boutique\/"},{"@type":"ListItem","position":3,"name":"MIRADENT XYLITOL 30 CHEWING GUM MENTHE VERTE"}]},{"@type":"WebSite","@id":"https:\/\/paragaleriedetalborjt.com\/#website","url":"https:\/\/paragaleriedetalborjt.com\/","name":"paragaleriedetalborjt","description":"","potentialAction":[{"@type":"SearchAction","target":{"@type":"EntryPoint","urlTemplate":"https:\/\/paragaleriedetalborjt.com\/?s={search_term_string}"},"query-input":{"@type":"PropertyValueSpecification","valueRequired":true,"valueName":"search_term_string"}}],"inLanguage":"en-US"}]}},"brands":[{"id":1763,"name":"MIRADENT","slug":"miradent"}],"_links":{"self":[{"href":"https:\/\/paragaleriedetalborjt.com\/en\/wp-json\/wp\/v2\/product\/39889","targetHints":{"allow":["GET"]}}],"collection":[{"href":"https:\/\/paragaleriedetalborjt.com\/en\/wp-json\/wp\/v2\/product"}],"about":[{"href":"https:\/\/paragaleriedetalborjt.com\/en\/wp-json\/wp\/v2\/types\/product"}],"replies":[{"embeddable":true,"href":"https:\/\/paragaleriedetalborjt.com\/en\/wp-json\/wp\/v2\/comments?post=39889"}],"version-history":[{"count":1,"href":"https:\/\/paragaleriedetalborjt.com\/en\/wp-json\/wp\/v2\/product\/39889\/revisions"}],"predecessor-version":[{"id":39891,"href":"https:\/\/paragaleriedetalborjt.com\/en\/wp-json\/wp\/v2\/product\/39889\/revisions\/39891"}],"wp:featuredmedia":[{"embeddable":true,"href":"https:\/\/paragaleriedetalborjt.com\/en\/wp-json\/wp\/v2\/media\/39890"}],"wp:attachment":[{"href":"https:\/\/paragaleriedetalborjt.com\/en\/wp-json\/wp\/v2\/media?parent=39889"}],"wp:term":[{"taxonomy":"pwb-brand","embeddable":true,"href":"https:\/\/paragaleriedetalborjt.com\/en\/wp-json\/wp\/v2\/pwb-brand?post=39889"},{"taxonomy":"product_cat","embeddable":true,"href":"https:\/\/paragaleriedetalborjt.com\/en\/wp-json\/wp\/v2\/product_cat?post=39889"},{"taxonomy":"product_tag","embeddable":true,"href":"https:\/\/paragaleriedetalborjt.com\/en\/wp-json\/wp\/v2\/product_tag?post=39889"}],"curies":[{"name":"wp","href":"https:\/\/api.w.org\/{rel}","templated":true}]}}