{"id":39813,"date":"2026-01-03T19:16:18","date_gmt":"2026-01-03T18:16:18","guid":{"rendered":"https:\/\/paragaleriedetalborjt.com\/?post_type=product&#038;p=39813"},"modified":"2026-01-03T20:16:56","modified_gmt":"2026-01-03T19:16:56","slug":"ducray-keracnyl-stop-bouton-10ml","status":"publish","type":"product","link":"https:\/\/paragaleriedetalborjt.com\/en\/boutique\/ducray-keracnyl-stop-bouton-10ml\/","title":{"rendered":"Ducray Keracnyl Stop bouton 10ml"},"content":{"rendered":"<div aria-labelledby=\"tab-title-description\" class=\"woocommerce-Tabs-panel woocommerce-Tabs-panel--description panel entry-content wc-tab\" id=\"tab-description\" role=\"tabpanel\" style=\"\">\n<h2>Description<\/h2>\n<div class=\"block-content\">Soin d\u2019urgence ass\u00e9chant, pour le traitement des imperfections localis\u00e9es des peaux grasses \u00e0 imperfections.<br \/>\nSa formule assainissante \u00e0 base d\u2019ACIDE GLYCOLIQUE et d\u2019ACIDE SALICYLIQUE contribue \u00e0 ass\u00e9cher les imperfections et \u00e0 les faire disparaitre.<br \/>\nSon embout doseur permet une application pr\u00e9cise et localis\u00e9e.<\/div>\n<div class=\"block-content-heading\">\n<p>\u00a0<\/p>\n<p><strong>B\u00e9n\u00e9fices :<\/strong><\/p>\n<ul>\n<li><span style=\"font-size: 1rem;\">CONTRIBUE \u00e0 \u00e9liminer les imperfections localis\u00e9es<\/span><\/li>\n<li><span style=\"font-size: 1rem;\">AGIT rapidement<\/span><\/li>\n<\/ul>\n<\/div>\n<ul>\n<li>S\u2019APPLIQUE facilement de mani\u00e8re pr\u00e9cise et cibl\u00e9e<\/li>\n<\/ul>\n<p><strong>Conseils d\u2019utilisation :<\/strong><\/p>\n<p>Fr\u00e9quence d\u2019usage<br \/>\nQuotidien<br \/>\nQUAND L\u2019APPLIQUER ?<br \/>\n2 \u00e0 3 fois par jour<\/p>\n<p>PLUS D\u2019INFORMATIONS<br \/>\n\u2022 Ne pas utiliser sur peau irrit\u00e9e<br \/>\n\u2022 Limiter l\u2019exposition solaire durant l\u2019utilisation du produit et toujours utiliser une protection solaire<br \/>\n\u2022 En cas de picotements, il est conseill\u00e9 d\u2019espacer l\u2019application du produit une fois sur deux<\/p>\n<\/div>","protected":false},"excerpt":{"rendered":"<p>Highlights:Le soin S.O.S. des peaux grasses \u00e0 imperfections.Application pr\u00e9cise et cibl\u00e9eAide \u00e0 \u00e9liminer les imperfections localis\u00e9es.<\/p>","protected":false},"featured_media":39814,"comment_status":"open","ping_status":"closed","template":"","meta":[],"pwb-brand":[1583],"product_cat":[16],"product_tag":[],"class_list":{"0":"post-39813","1":"product","2":"type-product","3":"status-publish","4":"has-post-thumbnail","6":"pwb-brand-ducray","7":"product_cat-non-classe","8":"pa_brands-ducray","10":"first","11":"instock","12":"sale","13":"shipping-taxable","14":"purchasable","15":"product-type-simple"},"yoast_head":"<!-- This site is optimized with the Yoast SEO plugin v27.5 - https:\/\/yoast.com\/product\/yoast-seo-wordpress\/ -->\n<title>Ducray Keracnyl Stop bouton 10ml - paragaleriedetalborjt<\/title>\n<meta name=\"robots\" content=\"index, follow, max-snippet:-1, max-image-preview:large, max-video-preview:-1\" \/>\n<link rel=\"canonical\" href=\"https:\/\/paragaleriedetalborjt.com\/en\/boutique\/ducray-keracnyl-stop-bouton-10ml\/\" \/>\n<meta property=\"og:locale\" content=\"en_US\" \/>\n<meta property=\"og:type\" content=\"article\" \/>\n<meta property=\"og:title\" content=\"Ducray Keracnyl Stop bouton 10ml - paragaleriedetalborjt\" \/>\n<meta property=\"og:description\" content=\"Highlights:Le soin S.O.S. des peaux grasses \u00e0 imperfections.Application pr\u00e9cise et cibl\u00e9eAide \u00e0 \u00e9liminer les imperfections localis\u00e9es.\" \/>\n<meta property=\"og:url\" content=\"https:\/\/paragaleriedetalborjt.com\/en\/boutique\/ducray-keracnyl-stop-bouton-10ml\/\" \/>\n<meta property=\"og:site_name\" content=\"paragaleriedetalborjt\" \/>\n<meta property=\"article:modified_time\" content=\"2026-01-03T19:16:56+00:00\" \/>\n<meta property=\"og:image\" content=\"https:\/\/paragaleriedetalborjt.com\/wp-content\/uploads\/2026\/01\/ducray-keracnyl-stop-bouton-gel-assechant.jpg\" \/>\n\t<meta property=\"og:image:width\" content=\"595\" \/>\n\t<meta property=\"og:image:height\" content=\"655\" \/>\n\t<meta property=\"og:image:type\" content=\"image\/jpeg\" \/>\n<meta name=\"twitter:card\" content=\"summary_large_image\" \/>\n<meta name=\"twitter:label1\" content=\"Est. reading time\" \/>\n\t<meta name=\"twitter:data1\" content=\"1 minute\" \/>\n<script type=\"application\/ld+json\" class=\"yoast-schema-graph\">{\"@context\":\"https:\\\/\\\/schema.org\",\"@graph\":[{\"@type\":\"WebPage\",\"@id\":\"https:\\\/\\\/paragaleriedetalborjt.com\\\/boutique\\\/ducray-keracnyl-stop-bouton-10ml\\\/\",\"url\":\"https:\\\/\\\/paragaleriedetalborjt.com\\\/boutique\\\/ducray-keracnyl-stop-bouton-10ml\\\/\",\"name\":\"Ducray Keracnyl Stop bouton 10ml - paragaleriedetalborjt\",\"isPartOf\":{\"@id\":\"https:\\\/\\\/paragaleriedetalborjt.com\\\/#website\"},\"primaryImageOfPage\":{\"@id\":\"https:\\\/\\\/paragaleriedetalborjt.com\\\/boutique\\\/ducray-keracnyl-stop-bouton-10ml\\\/#primaryimage\"},\"image\":{\"@id\":\"https:\\\/\\\/paragaleriedetalborjt.com\\\/boutique\\\/ducray-keracnyl-stop-bouton-10ml\\\/#primaryimage\"},\"thumbnailUrl\":\"https:\\\/\\\/paragaleriedetalborjt.com\\\/wp-content\\\/uploads\\\/2026\\\/01\\\/ducray-keracnyl-stop-bouton-gel-assechant.jpg\",\"datePublished\":\"2026-01-03T18:16:18+00:00\",\"dateModified\":\"2026-01-03T19:16:56+00:00\",\"breadcrumb\":{\"@id\":\"https:\\\/\\\/paragaleriedetalborjt.com\\\/boutique\\\/ducray-keracnyl-stop-bouton-10ml\\\/#breadcrumb\"},\"inLanguage\":\"en-US\",\"potentialAction\":[{\"@type\":\"ReadAction\",\"target\":[\"https:\\\/\\\/paragaleriedetalborjt.com\\\/boutique\\\/ducray-keracnyl-stop-bouton-10ml\\\/\"]}]},{\"@type\":\"ImageObject\",\"inLanguage\":\"en-US\",\"@id\":\"https:\\\/\\\/paragaleriedetalborjt.com\\\/boutique\\\/ducray-keracnyl-stop-bouton-10ml\\\/#primaryimage\",\"url\":\"https:\\\/\\\/paragaleriedetalborjt.com\\\/wp-content\\\/uploads\\\/2026\\\/01\\\/ducray-keracnyl-stop-bouton-gel-assechant.jpg\",\"contentUrl\":\"https:\\\/\\\/paragaleriedetalborjt.com\\\/wp-content\\\/uploads\\\/2026\\\/01\\\/ducray-keracnyl-stop-bouton-gel-assechant.jpg\",\"width\":595,\"height\":655},{\"@type\":\"BreadcrumbList\",\"@id\":\"https:\\\/\\\/paragaleriedetalborjt.com\\\/boutique\\\/ducray-keracnyl-stop-bouton-10ml\\\/#breadcrumb\",\"itemListElement\":[{\"@type\":\"ListItem\",\"position\":1,\"name\":\"Accueil\",\"item\":\"https:\\\/\\\/paragaleriedetalborjt.com\\\/\"},{\"@type\":\"ListItem\",\"position\":2,\"name\":\"Boutique\",\"item\":\"https:\\\/\\\/paragaleriedetalborjt.com\\\/boutique\\\/\"},{\"@type\":\"ListItem\",\"position\":3,\"name\":\"Ducray Keracnyl Stop bouton 10ml\"}]},{\"@type\":\"WebSite\",\"@id\":\"https:\\\/\\\/paragaleriedetalborjt.com\\\/#website\",\"url\":\"https:\\\/\\\/paragaleriedetalborjt.com\\\/\",\"name\":\"paragaleriedetalborjt\",\"description\":\"\",\"potentialAction\":[{\"@type\":\"SearchAction\",\"target\":{\"@type\":\"EntryPoint\",\"urlTemplate\":\"https:\\\/\\\/paragaleriedetalborjt.com\\\/?s={search_term_string}\"},\"query-input\":{\"@type\":\"PropertyValueSpecification\",\"valueRequired\":true,\"valueName\":\"search_term_string\"}}],\"inLanguage\":\"en-US\"}]}<\/script>\n<!-- \/ Yoast SEO plugin. -->","yoast_head_json":{"title":"Ducray Keracnyl Stop bouton 10ml - paragaleriedetalborjt","robots":{"index":"index","follow":"follow","max-snippet":"max-snippet:-1","max-image-preview":"max-image-preview:large","max-video-preview":"max-video-preview:-1"},"canonical":"https:\/\/paragaleriedetalborjt.com\/en\/boutique\/ducray-keracnyl-stop-bouton-10ml\/","og_locale":"en_US","og_type":"article","og_title":"Ducray Keracnyl Stop bouton 10ml - paragaleriedetalborjt","og_description":"Highlights:Le soin S.O.S. des peaux grasses \u00e0 imperfections.Application pr\u00e9cise et cibl\u00e9eAide \u00e0 \u00e9liminer les imperfections localis\u00e9es.","og_url":"https:\/\/paragaleriedetalborjt.com\/en\/boutique\/ducray-keracnyl-stop-bouton-10ml\/","og_site_name":"paragaleriedetalborjt","article_modified_time":"2026-01-03T19:16:56+00:00","og_image":[{"width":595,"height":655,"url":"https:\/\/paragaleriedetalborjt.com\/wp-content\/uploads\/2026\/01\/ducray-keracnyl-stop-bouton-gel-assechant.jpg","type":"image\/jpeg"}],"twitter_card":"summary_large_image","twitter_misc":{"Est. reading time":"1 minute"},"schema":{"@context":"https:\/\/schema.org","@graph":[{"@type":"WebPage","@id":"https:\/\/paragaleriedetalborjt.com\/boutique\/ducray-keracnyl-stop-bouton-10ml\/","url":"https:\/\/paragaleriedetalborjt.com\/boutique\/ducray-keracnyl-stop-bouton-10ml\/","name":"Ducray Keracnyl Stop bouton 10ml - paragaleriedetalborjt","isPartOf":{"@id":"https:\/\/paragaleriedetalborjt.com\/#website"},"primaryImageOfPage":{"@id":"https:\/\/paragaleriedetalborjt.com\/boutique\/ducray-keracnyl-stop-bouton-10ml\/#primaryimage"},"image":{"@id":"https:\/\/paragaleriedetalborjt.com\/boutique\/ducray-keracnyl-stop-bouton-10ml\/#primaryimage"},"thumbnailUrl":"https:\/\/paragaleriedetalborjt.com\/wp-content\/uploads\/2026\/01\/ducray-keracnyl-stop-bouton-gel-assechant.jpg","datePublished":"2026-01-03T18:16:18+00:00","dateModified":"2026-01-03T19:16:56+00:00","breadcrumb":{"@id":"https:\/\/paragaleriedetalborjt.com\/boutique\/ducray-keracnyl-stop-bouton-10ml\/#breadcrumb"},"inLanguage":"en-US","potentialAction":[{"@type":"ReadAction","target":["https:\/\/paragaleriedetalborjt.com\/boutique\/ducray-keracnyl-stop-bouton-10ml\/"]}]},{"@type":"ImageObject","inLanguage":"en-US","@id":"https:\/\/paragaleriedetalborjt.com\/boutique\/ducray-keracnyl-stop-bouton-10ml\/#primaryimage","url":"https:\/\/paragaleriedetalborjt.com\/wp-content\/uploads\/2026\/01\/ducray-keracnyl-stop-bouton-gel-assechant.jpg","contentUrl":"https:\/\/paragaleriedetalborjt.com\/wp-content\/uploads\/2026\/01\/ducray-keracnyl-stop-bouton-gel-assechant.jpg","width":595,"height":655},{"@type":"BreadcrumbList","@id":"https:\/\/paragaleriedetalborjt.com\/boutique\/ducray-keracnyl-stop-bouton-10ml\/#breadcrumb","itemListElement":[{"@type":"ListItem","position":1,"name":"Accueil","item":"https:\/\/paragaleriedetalborjt.com\/"},{"@type":"ListItem","position":2,"name":"Boutique","item":"https:\/\/paragaleriedetalborjt.com\/boutique\/"},{"@type":"ListItem","position":3,"name":"Ducray Keracnyl Stop bouton 10ml"}]},{"@type":"WebSite","@id":"https:\/\/paragaleriedetalborjt.com\/#website","url":"https:\/\/paragaleriedetalborjt.com\/","name":"paragaleriedetalborjt","description":"","potentialAction":[{"@type":"SearchAction","target":{"@type":"EntryPoint","urlTemplate":"https:\/\/paragaleriedetalborjt.com\/?s={search_term_string}"},"query-input":{"@type":"PropertyValueSpecification","valueRequired":true,"valueName":"search_term_string"}}],"inLanguage":"en-US"}]}},"brands":[{"id":1583,"name":"DUCRAY","slug":"ducray"}],"_links":{"self":[{"href":"https:\/\/paragaleriedetalborjt.com\/en\/wp-json\/wp\/v2\/product\/39813","targetHints":{"allow":["GET"]}}],"collection":[{"href":"https:\/\/paragaleriedetalborjt.com\/en\/wp-json\/wp\/v2\/product"}],"about":[{"href":"https:\/\/paragaleriedetalborjt.com\/en\/wp-json\/wp\/v2\/types\/product"}],"replies":[{"embeddable":true,"href":"https:\/\/paragaleriedetalborjt.com\/en\/wp-json\/wp\/v2\/comments?post=39813"}],"version-history":[{"count":1,"href":"https:\/\/paragaleriedetalborjt.com\/en\/wp-json\/wp\/v2\/product\/39813\/revisions"}],"predecessor-version":[{"id":39815,"href":"https:\/\/paragaleriedetalborjt.com\/en\/wp-json\/wp\/v2\/product\/39813\/revisions\/39815"}],"wp:featuredmedia":[{"embeddable":true,"href":"https:\/\/paragaleriedetalborjt.com\/en\/wp-json\/wp\/v2\/media\/39814"}],"wp:attachment":[{"href":"https:\/\/paragaleriedetalborjt.com\/en\/wp-json\/wp\/v2\/media?parent=39813"}],"wp:term":[{"taxonomy":"pwb-brand","embeddable":true,"href":"https:\/\/paragaleriedetalborjt.com\/en\/wp-json\/wp\/v2\/pwb-brand?post=39813"},{"taxonomy":"product_cat","embeddable":true,"href":"https:\/\/paragaleriedetalborjt.com\/en\/wp-json\/wp\/v2\/product_cat?post=39813"},{"taxonomy":"product_tag","embeddable":true,"href":"https:\/\/paragaleriedetalborjt.com\/en\/wp-json\/wp\/v2\/product_tag?post=39813"}],"curies":[{"name":"wp","href":"https:\/\/api.w.org\/{rel}","templated":true}]}}