{"id":39804,"date":"2026-01-03T19:15:59","date_gmt":"2026-01-03T18:15:59","guid":{"rendered":"https:\/\/paragaleriedetalborjt.com\/?post_type=product&#038;p=39804"},"modified":"2026-01-03T20:16:55","modified_gmt":"2026-01-03T19:16:55","slug":"revox-japanese-ritual-smoothing-face-serum-20ml","status":"publish","type":"product","link":"https:\/\/paragaleriedetalborjt.com\/en\/boutique\/revox-japanese-ritual-smoothing-face-serum-20ml\/","title":{"rendered":"REVOX JAPANESE RITUAL smoothing face serum 20ml"},"content":{"rendered":"<div aria-labelledby=\"tab-title-description\" class=\"woocommerce-Tabs-panel woocommerce-Tabs-panel--description panel entry-content wc-tab\" id=\"tab-description\" role=\"tabpanel\" style=\"\">\n<h2>Description<\/h2>\n<p>La ligne s\u2019inspire de la routine de beaut\u00e9 japonaise et du secret de la jeunesse. Il r\u00e9pand l\u2019ar\u00f4me d\u2019un pays de fleurs de cerisier et de rizi\u00e8res pittoresques. Adapt\u00e9 aux besoins de votre peau, selon son rythme naturel et quotidien. Con\u00e7u pour fournir un niveau d\u2019hydratation optimal et ralentir le processus de vieillissement de la peau. La formule d\u00e9licate \u00e0 la consistance liquide donne l\u2019impression d\u2019un lissage et d\u2019un lifting instantan\u00e9s de la peau du visage. La fleur de cerisier japonaise nourrissante et d\u00e9toxifiante soutient la r\u00e9g\u00e9n\u00e9ration de la peau, la prot\u00e9geant de la perte d\u2019eau. Acide hyaluronique \u2013 l\u2019embl\u00e9matique \u00ab fontaine de jouvence \u00bb lie l\u2019eau dans l\u2019\u00e9piderme assurant un bon \u00e9quilibre du niveau d\u2019humidit\u00e9. Il r\u00e9duit la visibilit\u00e9 des ridules. L\u2019Huile de Riz am\u00e9liore l\u2019\u00e9lasticit\u00e9 de la peau, tandis que l\u2019Allanto\u00efne compl\u00e8te le lissage.<\/p>\n<p><strong>Conseils d\u2019utilisation :<\/strong>\u00a01) Nettoyez votre visage et appliquez le s\u00e9rum. 2) R\u00e9partir doucement et uniform\u00e9ment le s\u00e9rum et laisser absorber. 3) Profitez du confort de la peau.<\/p>\n<p><strong>Ingr\u00e9dients<\/strong>\u00a0: Eau \/ Aqua, Propyl\u00e8ne Glycol, Extrait de fleur de cerisier \/ Extrait de fleur de Prunus Serrulata, Glyc\u00e9rine, Huile de son de riz \/ Huile de son d\u2019Oryza Sativa, Extrait de riz \/ Extrait d\u2019Oryza Sativa, Prot\u00e9ine de riz hydrolys\u00e9e, Ph\u00e9noxy\u00e9thanol, Fragrance \/ Parfum, Ammonium Acryloyldimethyltaurate\/VP Copolym\u00e8re, Copolym\u00e8re Styr\u00e8ne\/Acrylates, Hyaluronate de Sodium, Allanto\u00efne, EDTA Disodique, Acide Citrique, Benzoate de Sodium, Sorbate de Potassium, Mica, Dioxyde de Titane \/ CI 77891, Acid Red 33 \/ 17200, Hexyl Cinnamal, Linalol, Limon\u00e8ne.<\/p>\n<\/div>","protected":false},"excerpt":{"rendered":"<p>Highlights:REVOX B77 JAPANESE ROUTINE FACE CREAM LIGHT TEXTURETransformez votre routine quotidienne de soins du visage en un rituel de beaut\u00e9 relaxant.<\/p>","protected":false},"featured_media":39805,"comment_status":"open","ping_status":"closed","template":"","meta":[],"pwb-brand":[1574],"product_cat":[16],"product_tag":[],"class_list":{"0":"post-39804","1":"product","2":"type-product","3":"status-publish","4":"has-post-thumbnail","6":"pwb-brand-revox","7":"product_cat-non-classe","8":"pa_brands-revox","10":"first","11":"instock","12":"sale","13":"shipping-taxable","14":"purchasable","15":"product-type-simple"},"yoast_head":"<!-- This site is optimized with the Yoast SEO plugin v26.9 - https:\/\/yoast.com\/product\/yoast-seo-wordpress\/ -->\n<title>REVOX JAPANESE RITUAL smoothing face serum 20ml - paragaleriedetalborjt<\/title>\n<meta name=\"robots\" content=\"index, follow, max-snippet:-1, max-image-preview:large, max-video-preview:-1\" \/>\n<link rel=\"canonical\" href=\"https:\/\/paragaleriedetalborjt.com\/en\/boutique\/revox-japanese-ritual-smoothing-face-serum-20ml\/\" \/>\n<meta property=\"og:locale\" content=\"en_US\" \/>\n<meta property=\"og:type\" content=\"article\" \/>\n<meta property=\"og:title\" content=\"REVOX JAPANESE RITUAL smoothing face serum 20ml - paragaleriedetalborjt\" \/>\n<meta property=\"og:description\" content=\"Highlights:REVOX B77 JAPANESE ROUTINE FACE CREAM LIGHT TEXTURETransformez votre routine quotidienne de soins du visage en un rituel de beaut\u00e9 relaxant.\" \/>\n<meta property=\"og:url\" content=\"https:\/\/paragaleriedetalborjt.com\/en\/boutique\/revox-japanese-ritual-smoothing-face-serum-20ml\/\" \/>\n<meta property=\"og:site_name\" content=\"paragaleriedetalborjt\" \/>\n<meta property=\"article:modified_time\" content=\"2026-01-03T19:16:55+00:00\" \/>\n<meta property=\"og:image\" content=\"https:\/\/paragaleriedetalborjt.com\/wp-content\/uploads\/2026\/01\/JAPANESE-RITUAL-smoothing-face-serum-20ml-600x600-1.png\" \/>\n\t<meta property=\"og:image:width\" content=\"600\" \/>\n\t<meta property=\"og:image:height\" content=\"600\" \/>\n\t<meta property=\"og:image:type\" content=\"image\/png\" \/>\n<meta name=\"twitter:card\" content=\"summary_large_image\" \/>\n<meta name=\"twitter:label1\" content=\"Est. reading time\" \/>\n\t<meta name=\"twitter:data1\" content=\"1 minute\" \/>\n<script type=\"application\/ld+json\" class=\"yoast-schema-graph\">{\"@context\":\"https:\/\/schema.org\",\"@graph\":[{\"@type\":\"WebPage\",\"@id\":\"https:\/\/paragaleriedetalborjt.com\/boutique\/revox-japanese-ritual-smoothing-face-serum-20ml\/\",\"url\":\"https:\/\/paragaleriedetalborjt.com\/boutique\/revox-japanese-ritual-smoothing-face-serum-20ml\/\",\"name\":\"REVOX JAPANESE RITUAL smoothing face serum 20ml - paragaleriedetalborjt\",\"isPartOf\":{\"@id\":\"https:\/\/paragaleriedetalborjt.com\/#website\"},\"primaryImageOfPage\":{\"@id\":\"https:\/\/paragaleriedetalborjt.com\/boutique\/revox-japanese-ritual-smoothing-face-serum-20ml\/#primaryimage\"},\"image\":{\"@id\":\"https:\/\/paragaleriedetalborjt.com\/boutique\/revox-japanese-ritual-smoothing-face-serum-20ml\/#primaryimage\"},\"thumbnailUrl\":\"https:\/\/paragaleriedetalborjt.com\/wp-content\/uploads\/2026\/01\/JAPANESE-RITUAL-smoothing-face-serum-20ml-600x600-1.png\",\"datePublished\":\"2026-01-03T18:15:59+00:00\",\"dateModified\":\"2026-01-03T19:16:55+00:00\",\"breadcrumb\":{\"@id\":\"https:\/\/paragaleriedetalborjt.com\/boutique\/revox-japanese-ritual-smoothing-face-serum-20ml\/#breadcrumb\"},\"inLanguage\":\"en-US\",\"potentialAction\":[{\"@type\":\"ReadAction\",\"target\":[\"https:\/\/paragaleriedetalborjt.com\/boutique\/revox-japanese-ritual-smoothing-face-serum-20ml\/\"]}]},{\"@type\":\"ImageObject\",\"inLanguage\":\"en-US\",\"@id\":\"https:\/\/paragaleriedetalborjt.com\/boutique\/revox-japanese-ritual-smoothing-face-serum-20ml\/#primaryimage\",\"url\":\"https:\/\/paragaleriedetalborjt.com\/wp-content\/uploads\/2026\/01\/JAPANESE-RITUAL-smoothing-face-serum-20ml-600x600-1.png\",\"contentUrl\":\"https:\/\/paragaleriedetalborjt.com\/wp-content\/uploads\/2026\/01\/JAPANESE-RITUAL-smoothing-face-serum-20ml-600x600-1.png\",\"width\":600,\"height\":600},{\"@type\":\"BreadcrumbList\",\"@id\":\"https:\/\/paragaleriedetalborjt.com\/boutique\/revox-japanese-ritual-smoothing-face-serum-20ml\/#breadcrumb\",\"itemListElement\":[{\"@type\":\"ListItem\",\"position\":1,\"name\":\"Accueil\",\"item\":\"https:\/\/paragaleriedetalborjt.com\/\"},{\"@type\":\"ListItem\",\"position\":2,\"name\":\"Boutique\",\"item\":\"https:\/\/paragaleriedetalborjt.com\/boutique\/\"},{\"@type\":\"ListItem\",\"position\":3,\"name\":\"REVOX JAPANESE RITUAL smoothing face serum 20ml\"}]},{\"@type\":\"WebSite\",\"@id\":\"https:\/\/paragaleriedetalborjt.com\/#website\",\"url\":\"https:\/\/paragaleriedetalborjt.com\/\",\"name\":\"paragaleriedetalborjt\",\"description\":\"\",\"potentialAction\":[{\"@type\":\"SearchAction\",\"target\":{\"@type\":\"EntryPoint\",\"urlTemplate\":\"https:\/\/paragaleriedetalborjt.com\/?s={search_term_string}\"},\"query-input\":{\"@type\":\"PropertyValueSpecification\",\"valueRequired\":true,\"valueName\":\"search_term_string\"}}],\"inLanguage\":\"en-US\"}]}<\/script>\n<!-- \/ Yoast SEO plugin. -->","yoast_head_json":{"title":"REVOX JAPANESE RITUAL smoothing face serum 20ml - paragaleriedetalborjt","robots":{"index":"index","follow":"follow","max-snippet":"max-snippet:-1","max-image-preview":"max-image-preview:large","max-video-preview":"max-video-preview:-1"},"canonical":"https:\/\/paragaleriedetalborjt.com\/en\/boutique\/revox-japanese-ritual-smoothing-face-serum-20ml\/","og_locale":"en_US","og_type":"article","og_title":"REVOX JAPANESE RITUAL smoothing face serum 20ml - paragaleriedetalborjt","og_description":"Highlights:REVOX B77 JAPANESE ROUTINE FACE CREAM LIGHT TEXTURETransformez votre routine quotidienne de soins du visage en un rituel de beaut\u00e9 relaxant.","og_url":"https:\/\/paragaleriedetalborjt.com\/en\/boutique\/revox-japanese-ritual-smoothing-face-serum-20ml\/","og_site_name":"paragaleriedetalborjt","article_modified_time":"2026-01-03T19:16:55+00:00","og_image":[{"width":600,"height":600,"url":"https:\/\/paragaleriedetalborjt.com\/wp-content\/uploads\/2026\/01\/JAPANESE-RITUAL-smoothing-face-serum-20ml-600x600-1.png","type":"image\/png"}],"twitter_card":"summary_large_image","twitter_misc":{"Est. reading time":"1 minute"},"schema":{"@context":"https:\/\/schema.org","@graph":[{"@type":"WebPage","@id":"https:\/\/paragaleriedetalborjt.com\/boutique\/revox-japanese-ritual-smoothing-face-serum-20ml\/","url":"https:\/\/paragaleriedetalborjt.com\/boutique\/revox-japanese-ritual-smoothing-face-serum-20ml\/","name":"REVOX JAPANESE RITUAL smoothing face serum 20ml - paragaleriedetalborjt","isPartOf":{"@id":"https:\/\/paragaleriedetalborjt.com\/#website"},"primaryImageOfPage":{"@id":"https:\/\/paragaleriedetalborjt.com\/boutique\/revox-japanese-ritual-smoothing-face-serum-20ml\/#primaryimage"},"image":{"@id":"https:\/\/paragaleriedetalborjt.com\/boutique\/revox-japanese-ritual-smoothing-face-serum-20ml\/#primaryimage"},"thumbnailUrl":"https:\/\/paragaleriedetalborjt.com\/wp-content\/uploads\/2026\/01\/JAPANESE-RITUAL-smoothing-face-serum-20ml-600x600-1.png","datePublished":"2026-01-03T18:15:59+00:00","dateModified":"2026-01-03T19:16:55+00:00","breadcrumb":{"@id":"https:\/\/paragaleriedetalborjt.com\/boutique\/revox-japanese-ritual-smoothing-face-serum-20ml\/#breadcrumb"},"inLanguage":"en-US","potentialAction":[{"@type":"ReadAction","target":["https:\/\/paragaleriedetalborjt.com\/boutique\/revox-japanese-ritual-smoothing-face-serum-20ml\/"]}]},{"@type":"ImageObject","inLanguage":"en-US","@id":"https:\/\/paragaleriedetalborjt.com\/boutique\/revox-japanese-ritual-smoothing-face-serum-20ml\/#primaryimage","url":"https:\/\/paragaleriedetalborjt.com\/wp-content\/uploads\/2026\/01\/JAPANESE-RITUAL-smoothing-face-serum-20ml-600x600-1.png","contentUrl":"https:\/\/paragaleriedetalborjt.com\/wp-content\/uploads\/2026\/01\/JAPANESE-RITUAL-smoothing-face-serum-20ml-600x600-1.png","width":600,"height":600},{"@type":"BreadcrumbList","@id":"https:\/\/paragaleriedetalborjt.com\/boutique\/revox-japanese-ritual-smoothing-face-serum-20ml\/#breadcrumb","itemListElement":[{"@type":"ListItem","position":1,"name":"Accueil","item":"https:\/\/paragaleriedetalborjt.com\/"},{"@type":"ListItem","position":2,"name":"Boutique","item":"https:\/\/paragaleriedetalborjt.com\/boutique\/"},{"@type":"ListItem","position":3,"name":"REVOX JAPANESE RITUAL smoothing face serum 20ml"}]},{"@type":"WebSite","@id":"https:\/\/paragaleriedetalborjt.com\/#website","url":"https:\/\/paragaleriedetalborjt.com\/","name":"paragaleriedetalborjt","description":"","potentialAction":[{"@type":"SearchAction","target":{"@type":"EntryPoint","urlTemplate":"https:\/\/paragaleriedetalborjt.com\/?s={search_term_string}"},"query-input":{"@type":"PropertyValueSpecification","valueRequired":true,"valueName":"search_term_string"}}],"inLanguage":"en-US"}]}},"brands":[{"id":1574,"name":"REVOX","slug":"revox"}],"_links":{"self":[{"href":"https:\/\/paragaleriedetalborjt.com\/en\/wp-json\/wp\/v2\/product\/39804","targetHints":{"allow":["GET"]}}],"collection":[{"href":"https:\/\/paragaleriedetalborjt.com\/en\/wp-json\/wp\/v2\/product"}],"about":[{"href":"https:\/\/paragaleriedetalborjt.com\/en\/wp-json\/wp\/v2\/types\/product"}],"replies":[{"embeddable":true,"href":"https:\/\/paragaleriedetalborjt.com\/en\/wp-json\/wp\/v2\/comments?post=39804"}],"version-history":[{"count":1,"href":"https:\/\/paragaleriedetalborjt.com\/en\/wp-json\/wp\/v2\/product\/39804\/revisions"}],"predecessor-version":[{"id":39806,"href":"https:\/\/paragaleriedetalborjt.com\/en\/wp-json\/wp\/v2\/product\/39804\/revisions\/39806"}],"wp:featuredmedia":[{"embeddable":true,"href":"https:\/\/paragaleriedetalborjt.com\/en\/wp-json\/wp\/v2\/media\/39805"}],"wp:attachment":[{"href":"https:\/\/paragaleriedetalborjt.com\/en\/wp-json\/wp\/v2\/media?parent=39804"}],"wp:term":[{"taxonomy":"pwb-brand","embeddable":true,"href":"https:\/\/paragaleriedetalborjt.com\/en\/wp-json\/wp\/v2\/pwb-brand?post=39804"},{"taxonomy":"product_cat","embeddable":true,"href":"https:\/\/paragaleriedetalborjt.com\/en\/wp-json\/wp\/v2\/product_cat?post=39804"},{"taxonomy":"product_tag","embeddable":true,"href":"https:\/\/paragaleriedetalborjt.com\/en\/wp-json\/wp\/v2\/product_tag?post=39804"}],"curies":[{"name":"wp","href":"https:\/\/api.w.org\/{rel}","templated":true}]}}