{"id":39801,"date":"2026-01-03T19:15:54","date_gmt":"2026-01-03T18:15:54","guid":{"rendered":"https:\/\/paragaleriedetalborjt.com\/?post_type=product&#038;p=39801"},"modified":"2026-01-03T20:16:55","modified_gmt":"2026-01-03T19:16:55","slug":"revox-japanese-routine-cleansing-gel-for-face-150-ml","status":"publish","type":"product","link":"https:\/\/paragaleriedetalborjt.com\/en\/boutique\/revox-japanese-routine-cleansing-gel-for-face-150-ml\/","title":{"rendered":"REVOX JAPANESE ROUTINE CLEANSING GEL FOR FACE 150 ml"},"content":{"rendered":"<div aria-labelledby=\"tab-title-description\" class=\"woocommerce-Tabs-panel woocommerce-Tabs-panel--description panel entry-content wc-tab\" id=\"tab-description\" role=\"tabpanel\" style=\"\">\n<h2>Description<\/h2>\n<p>Cette ligne s\u2019inspire du rituel de beaut\u00e9 japonais et du secret d\u2019un regard jeune. Il r\u00e9pand l\u2019ar\u00f4me d\u2019un pays de fleurs de cerisier et de rizi\u00e8res pittoresques. Il est adapt\u00e9 aux besoins de votre peau, selon son rythme naturel et quotidien. Con\u00e7u pour fournir un niveau d\u2019hydratation optimal et ralentir le processus de vieillissement. Cette formule douce \u00e9limine les r\u00e9sidus de maquillage et les impuret\u00e9s. Il laisse la peau rafra\u00eechie et douce au toucher. Associ\u00e9 \u00e0 l\u2019eau, ce gel cr\u00e9e une mousse active nettoyante et lissante. L\u2019extrait de fruit de guarana stimulant aide \u00e0 \u00e9liminer les signes de fatigue. Nourrissante et d\u00e9toxifiante, la fleur de cerisier du Japon favorise la r\u00e9g\u00e9n\u00e9ration de la peau et aide \u00e0 pr\u00e9venir la perte d\u2019hydratation. Le lait de riz am\u00e9liore l\u2019\u00e9lasticit\u00e9 et la fermet\u00e9 de la peau. Il cr\u00e9e \u00e9galement un film protecteur sur sa surface, augmentant la r\u00e9sistance \u00e0 la pollution.<\/p>\n<p><strong>Conseils d\u2019utilisation :<\/strong>\u00a0Appliquer matin et soir sur le visage et le cou humides. Masser l\u00e9g\u00e8rement en mouvements circulaires jusqu\u2019\u00e0 formation d\u2019une mousse. Rincer \u00e0 l\u2019eau ti\u00e8de.<\/p>\n<p><strong>Ingr\u00e9dients :<\/strong>\u00a0Aqua, Sodium Laureth Sulfate, Coco \u2013 Glucoside, PEG-7 Glyceryl Cocoate, Oryza Sativa Extract, Hydrolyzed Rice Protein, Hydroxypropyl Methylcellulose, Glycerin, Prunus Serrulata Flower Extract, Paullinia Cupana Seed Extract, Styr\u00e8ne\/ Acrylates Copolymer, Hydroxypropyl Guar Hydroxypropyltrimonium Chloride , Ph\u00e9noxy\u00e9thanol, Chlorure de Sodium, Parfum Disodium EDTA, Acide Citrique, Benzoate de Sodium, Sorbate de Potassium, Hexyl Cinnamal, Linalool, Limon\u00e8ne Attention : Une intol\u00e9rance individuelle \u00e0 l\u2019un des ingr\u00e9dients est possible. Avant la premi\u00e8re application, il est recommand\u00e9 d\u2019effectuer un test de sensibilit\u00e9.<\/p>\n<\/div>","protected":false},"excerpt":{"rendered":"<p>Highlights:REVOX B77 CLEANSING GEL FOR FACETransformez votre routine quotidienne de soins de la peau en un rituel de beaut\u00e9 relaxant.<\/p>","protected":false},"featured_media":39802,"comment_status":"open","ping_status":"closed","template":"","meta":[],"pwb-brand":[1574],"product_cat":[16],"product_tag":[],"class_list":{"0":"post-39801","1":"product","2":"type-product","3":"status-publish","4":"has-post-thumbnail","6":"pwb-brand-revox","7":"product_cat-non-classe","8":"pa_brands-revox","10":"first","11":"instock","12":"sale","13":"shipping-taxable","14":"purchasable","15":"product-type-simple"},"yoast_head":"<!-- This site is optimized with the Yoast SEO plugin v26.9 - https:\/\/yoast.com\/product\/yoast-seo-wordpress\/ -->\n<title>REVOX JAPANESE ROUTINE CLEANSING GEL FOR FACE 150 ml - paragaleriedetalborjt<\/title>\n<meta name=\"robots\" content=\"index, follow, max-snippet:-1, max-image-preview:large, max-video-preview:-1\" \/>\n<link rel=\"canonical\" href=\"https:\/\/paragaleriedetalborjt.com\/en\/boutique\/revox-japanese-routine-cleansing-gel-for-face-150-ml\/\" \/>\n<meta property=\"og:locale\" content=\"en_US\" \/>\n<meta property=\"og:type\" content=\"article\" \/>\n<meta property=\"og:title\" content=\"REVOX JAPANESE ROUTINE CLEANSING GEL FOR FACE 150 ml - paragaleriedetalborjt\" \/>\n<meta property=\"og:description\" content=\"Highlights:REVOX B77 CLEANSING GEL FOR FACETransformez votre routine quotidienne de soins de la peau en un rituel de beaut\u00e9 relaxant.\" \/>\n<meta property=\"og:url\" content=\"https:\/\/paragaleriedetalborjt.com\/en\/boutique\/revox-japanese-routine-cleansing-gel-for-face-150-ml\/\" \/>\n<meta property=\"og:site_name\" content=\"paragaleriedetalborjt\" \/>\n<meta property=\"article:modified_time\" content=\"2026-01-03T19:16:55+00:00\" \/>\n<meta property=\"og:image\" content=\"https:\/\/paragaleriedetalborjt.com\/wp-content\/uploads\/2026\/01\/JAPANESE-ROUTINE-CLEANSING-GEL-FOR-FACE-150-ml-600x600-1.png\" \/>\n\t<meta property=\"og:image:width\" content=\"600\" \/>\n\t<meta property=\"og:image:height\" content=\"600\" \/>\n\t<meta property=\"og:image:type\" content=\"image\/png\" \/>\n<meta name=\"twitter:card\" content=\"summary_large_image\" \/>\n<meta name=\"twitter:label1\" content=\"Est. reading time\" \/>\n\t<meta name=\"twitter:data1\" content=\"1 minute\" \/>\n<script type=\"application\/ld+json\" class=\"yoast-schema-graph\">{\"@context\":\"https:\/\/schema.org\",\"@graph\":[{\"@type\":\"WebPage\",\"@id\":\"https:\/\/paragaleriedetalborjt.com\/boutique\/revox-japanese-routine-cleansing-gel-for-face-150-ml\/\",\"url\":\"https:\/\/paragaleriedetalborjt.com\/boutique\/revox-japanese-routine-cleansing-gel-for-face-150-ml\/\",\"name\":\"REVOX JAPANESE ROUTINE CLEANSING GEL FOR FACE 150 ml - paragaleriedetalborjt\",\"isPartOf\":{\"@id\":\"https:\/\/paragaleriedetalborjt.com\/#website\"},\"primaryImageOfPage\":{\"@id\":\"https:\/\/paragaleriedetalborjt.com\/boutique\/revox-japanese-routine-cleansing-gel-for-face-150-ml\/#primaryimage\"},\"image\":{\"@id\":\"https:\/\/paragaleriedetalborjt.com\/boutique\/revox-japanese-routine-cleansing-gel-for-face-150-ml\/#primaryimage\"},\"thumbnailUrl\":\"https:\/\/paragaleriedetalborjt.com\/wp-content\/uploads\/2026\/01\/JAPANESE-ROUTINE-CLEANSING-GEL-FOR-FACE-150-ml-600x600-1.png\",\"datePublished\":\"2026-01-03T18:15:54+00:00\",\"dateModified\":\"2026-01-03T19:16:55+00:00\",\"breadcrumb\":{\"@id\":\"https:\/\/paragaleriedetalborjt.com\/boutique\/revox-japanese-routine-cleansing-gel-for-face-150-ml\/#breadcrumb\"},\"inLanguage\":\"en-US\",\"potentialAction\":[{\"@type\":\"ReadAction\",\"target\":[\"https:\/\/paragaleriedetalborjt.com\/boutique\/revox-japanese-routine-cleansing-gel-for-face-150-ml\/\"]}]},{\"@type\":\"ImageObject\",\"inLanguage\":\"en-US\",\"@id\":\"https:\/\/paragaleriedetalborjt.com\/boutique\/revox-japanese-routine-cleansing-gel-for-face-150-ml\/#primaryimage\",\"url\":\"https:\/\/paragaleriedetalborjt.com\/wp-content\/uploads\/2026\/01\/JAPANESE-ROUTINE-CLEANSING-GEL-FOR-FACE-150-ml-600x600-1.png\",\"contentUrl\":\"https:\/\/paragaleriedetalborjt.com\/wp-content\/uploads\/2026\/01\/JAPANESE-ROUTINE-CLEANSING-GEL-FOR-FACE-150-ml-600x600-1.png\",\"width\":600,\"height\":600},{\"@type\":\"BreadcrumbList\",\"@id\":\"https:\/\/paragaleriedetalborjt.com\/boutique\/revox-japanese-routine-cleansing-gel-for-face-150-ml\/#breadcrumb\",\"itemListElement\":[{\"@type\":\"ListItem\",\"position\":1,\"name\":\"Accueil\",\"item\":\"https:\/\/paragaleriedetalborjt.com\/\"},{\"@type\":\"ListItem\",\"position\":2,\"name\":\"Boutique\",\"item\":\"https:\/\/paragaleriedetalborjt.com\/boutique\/\"},{\"@type\":\"ListItem\",\"position\":3,\"name\":\"REVOX JAPANESE ROUTINE CLEANSING GEL FOR FACE 150 ml\"}]},{\"@type\":\"WebSite\",\"@id\":\"https:\/\/paragaleriedetalborjt.com\/#website\",\"url\":\"https:\/\/paragaleriedetalborjt.com\/\",\"name\":\"paragaleriedetalborjt\",\"description\":\"\",\"potentialAction\":[{\"@type\":\"SearchAction\",\"target\":{\"@type\":\"EntryPoint\",\"urlTemplate\":\"https:\/\/paragaleriedetalborjt.com\/?s={search_term_string}\"},\"query-input\":{\"@type\":\"PropertyValueSpecification\",\"valueRequired\":true,\"valueName\":\"search_term_string\"}}],\"inLanguage\":\"en-US\"}]}<\/script>\n<!-- \/ Yoast SEO plugin. -->","yoast_head_json":{"title":"REVOX JAPANESE ROUTINE CLEANSING GEL FOR FACE 150 ml - paragaleriedetalborjt","robots":{"index":"index","follow":"follow","max-snippet":"max-snippet:-1","max-image-preview":"max-image-preview:large","max-video-preview":"max-video-preview:-1"},"canonical":"https:\/\/paragaleriedetalborjt.com\/en\/boutique\/revox-japanese-routine-cleansing-gel-for-face-150-ml\/","og_locale":"en_US","og_type":"article","og_title":"REVOX JAPANESE ROUTINE CLEANSING GEL FOR FACE 150 ml - paragaleriedetalborjt","og_description":"Highlights:REVOX B77 CLEANSING GEL FOR FACETransformez votre routine quotidienne de soins de la peau en un rituel de beaut\u00e9 relaxant.","og_url":"https:\/\/paragaleriedetalborjt.com\/en\/boutique\/revox-japanese-routine-cleansing-gel-for-face-150-ml\/","og_site_name":"paragaleriedetalborjt","article_modified_time":"2026-01-03T19:16:55+00:00","og_image":[{"width":600,"height":600,"url":"https:\/\/paragaleriedetalborjt.com\/wp-content\/uploads\/2026\/01\/JAPANESE-ROUTINE-CLEANSING-GEL-FOR-FACE-150-ml-600x600-1.png","type":"image\/png"}],"twitter_card":"summary_large_image","twitter_misc":{"Est. reading time":"1 minute"},"schema":{"@context":"https:\/\/schema.org","@graph":[{"@type":"WebPage","@id":"https:\/\/paragaleriedetalborjt.com\/boutique\/revox-japanese-routine-cleansing-gel-for-face-150-ml\/","url":"https:\/\/paragaleriedetalborjt.com\/boutique\/revox-japanese-routine-cleansing-gel-for-face-150-ml\/","name":"REVOX JAPANESE ROUTINE CLEANSING GEL FOR FACE 150 ml - paragaleriedetalborjt","isPartOf":{"@id":"https:\/\/paragaleriedetalborjt.com\/#website"},"primaryImageOfPage":{"@id":"https:\/\/paragaleriedetalborjt.com\/boutique\/revox-japanese-routine-cleansing-gel-for-face-150-ml\/#primaryimage"},"image":{"@id":"https:\/\/paragaleriedetalborjt.com\/boutique\/revox-japanese-routine-cleansing-gel-for-face-150-ml\/#primaryimage"},"thumbnailUrl":"https:\/\/paragaleriedetalborjt.com\/wp-content\/uploads\/2026\/01\/JAPANESE-ROUTINE-CLEANSING-GEL-FOR-FACE-150-ml-600x600-1.png","datePublished":"2026-01-03T18:15:54+00:00","dateModified":"2026-01-03T19:16:55+00:00","breadcrumb":{"@id":"https:\/\/paragaleriedetalborjt.com\/boutique\/revox-japanese-routine-cleansing-gel-for-face-150-ml\/#breadcrumb"},"inLanguage":"en-US","potentialAction":[{"@type":"ReadAction","target":["https:\/\/paragaleriedetalborjt.com\/boutique\/revox-japanese-routine-cleansing-gel-for-face-150-ml\/"]}]},{"@type":"ImageObject","inLanguage":"en-US","@id":"https:\/\/paragaleriedetalborjt.com\/boutique\/revox-japanese-routine-cleansing-gel-for-face-150-ml\/#primaryimage","url":"https:\/\/paragaleriedetalborjt.com\/wp-content\/uploads\/2026\/01\/JAPANESE-ROUTINE-CLEANSING-GEL-FOR-FACE-150-ml-600x600-1.png","contentUrl":"https:\/\/paragaleriedetalborjt.com\/wp-content\/uploads\/2026\/01\/JAPANESE-ROUTINE-CLEANSING-GEL-FOR-FACE-150-ml-600x600-1.png","width":600,"height":600},{"@type":"BreadcrumbList","@id":"https:\/\/paragaleriedetalborjt.com\/boutique\/revox-japanese-routine-cleansing-gel-for-face-150-ml\/#breadcrumb","itemListElement":[{"@type":"ListItem","position":1,"name":"Accueil","item":"https:\/\/paragaleriedetalborjt.com\/"},{"@type":"ListItem","position":2,"name":"Boutique","item":"https:\/\/paragaleriedetalborjt.com\/boutique\/"},{"@type":"ListItem","position":3,"name":"REVOX JAPANESE ROUTINE CLEANSING GEL FOR FACE 150 ml"}]},{"@type":"WebSite","@id":"https:\/\/paragaleriedetalborjt.com\/#website","url":"https:\/\/paragaleriedetalborjt.com\/","name":"paragaleriedetalborjt","description":"","potentialAction":[{"@type":"SearchAction","target":{"@type":"EntryPoint","urlTemplate":"https:\/\/paragaleriedetalborjt.com\/?s={search_term_string}"},"query-input":{"@type":"PropertyValueSpecification","valueRequired":true,"valueName":"search_term_string"}}],"inLanguage":"en-US"}]}},"brands":[{"id":1574,"name":"REVOX","slug":"revox"}],"_links":{"self":[{"href":"https:\/\/paragaleriedetalborjt.com\/en\/wp-json\/wp\/v2\/product\/39801","targetHints":{"allow":["GET"]}}],"collection":[{"href":"https:\/\/paragaleriedetalborjt.com\/en\/wp-json\/wp\/v2\/product"}],"about":[{"href":"https:\/\/paragaleriedetalborjt.com\/en\/wp-json\/wp\/v2\/types\/product"}],"replies":[{"embeddable":true,"href":"https:\/\/paragaleriedetalborjt.com\/en\/wp-json\/wp\/v2\/comments?post=39801"}],"version-history":[{"count":1,"href":"https:\/\/paragaleriedetalborjt.com\/en\/wp-json\/wp\/v2\/product\/39801\/revisions"}],"predecessor-version":[{"id":39803,"href":"https:\/\/paragaleriedetalborjt.com\/en\/wp-json\/wp\/v2\/product\/39801\/revisions\/39803"}],"wp:featuredmedia":[{"embeddable":true,"href":"https:\/\/paragaleriedetalborjt.com\/en\/wp-json\/wp\/v2\/media\/39802"}],"wp:attachment":[{"href":"https:\/\/paragaleriedetalborjt.com\/en\/wp-json\/wp\/v2\/media?parent=39801"}],"wp:term":[{"taxonomy":"pwb-brand","embeddable":true,"href":"https:\/\/paragaleriedetalborjt.com\/en\/wp-json\/wp\/v2\/pwb-brand?post=39801"},{"taxonomy":"product_cat","embeddable":true,"href":"https:\/\/paragaleriedetalborjt.com\/en\/wp-json\/wp\/v2\/product_cat?post=39801"},{"taxonomy":"product_tag","embeddable":true,"href":"https:\/\/paragaleriedetalborjt.com\/en\/wp-json\/wp\/v2\/product_tag?post=39801"}],"curies":[{"name":"wp","href":"https:\/\/api.w.org\/{rel}","templated":true}]}}