{"id":39447,"date":"2026-01-03T19:02:38","date_gmt":"2026-01-03T18:02:38","guid":{"rendered":"https:\/\/paragaleriedetalborjt.com\/?post_type=product&#038;p=39447"},"modified":"2026-01-03T20:16:26","modified_gmt":"2026-01-03T19:16:26","slug":"acm-novophane-chronic-lotion-anti-chute-100ml","status":"publish","type":"product","link":"https:\/\/paragaleriedetalborjt.com\/en\/boutique\/acm-novophane-chronic-lotion-anti-chute-100ml\/","title":{"rendered":"ACM NOVOPHANE CHRONIC LOTION ANTI-CHUTE 100ML"},"content":{"rendered":"<div aria-labelledby=\"tab-title-description\" class=\"woocommerce-Tabs-panel woocommerce-Tabs-panel--description panel entry-content wc-tab\" id=\"tab-description\" role=\"tabpanel\" style=\"\">\n<h2>Description<\/h2>\n<p>La lotion anti-chute Novophane Chronic a \u00e9t\u00e9 sp\u00e9cialement formul\u00e9e pour freiner les chutes de cheveux chroniques, d\u2019origine hormonale ou h\u00e9r\u00e9ditaire, chez l\u2019homme et la femme. Elle contient un duo d\u2018actifs innovants NovoDensyl qui va r\u00e9veiller les cellules souches du follicule pileux, favoriser un meilleur ancrage des cheveux, acc\u00e9l\u00e9rer leur repousse* et augmenter leur \u00e9paisseur. D\u00e8s 6 semaines**, la chute est visiblement frein\u00e9e, la croissance*stimul\u00e9e. La densit\u00e9 capillaire augmente, le capital cheveux est pr\u00e9serv\u00e9. La chevelure est plus \u00e9paisse, plus r\u00e9sistante et plus brillante.<\/p>\n<p>*des cheveux existants \/ **\u00c9tude clinique sous contr\u00f4le<\/p>\n<p>dermatologique \u2013 Mesures par Phototrichogramme r\u00e9alis\u00e9es sur 29 hommes et femmes pr\u00e9sentant une chute de cheveux. \u2013 Application quotidienne pendant 12 semaines.\u00a0\u00bb<\/p>\n<p>Le+<br \/>\nProduit facile \u00e0 appliquer. Texture l\u00e9g\u00e8re, non collante, sans effet gras sur les cheveux. 80% d\u2019ingr\u00e9dients d\u2019origine naturelle.<\/p>\n<p><strong>Conseils et astuces<\/strong><\/p>\n<p>Appliquer 5 \u00e0 6 pulv\u00e9risations,<\/p>\n<p>1 fois par jour, raie par raie sur les zones d\u00e9garnies sur<\/p>\n<p>cheveux secs ou mouill\u00e9s. Bien masser. Ne pas rincer.<\/p>\n<p>Ne pas vaporiser vers les yeux. \u00c0 utiliser en cure de 3<\/p>\n<p>mois minimum.<\/p>\n<\/div>","protected":false},"excerpt":{"rendered":"<p>Highlights:DERCOS TECHNIQUE Densi-Solutions Baume Epaisseur est un apr\u00e8s-shampooing qui renforce les cheveux afin d\u2019augmenter la r\u00e9sistance capillaire.\u2022 Besoin :Perte de cheveux | Femmes.\u2022 Ingr\u00e9dients Cl\u00e9s :Rhamnose pour tonifier le cheveu | C\u00e9ramide pour renforcer et prot\u00e9ger | Huile Essentielle de Menthe Poivr\u00e9e pour stimuler le cuir chevelu.\u2022S\u00e9curit\u00e9 :Sans Sulfates | Sans Parab\u00e8ne | Convient au cuir chevelu sensible.\u2022 Utilisation :Appliquer de la racine jusqu\u2019au pointes, laisser poser puis rincer.<\/p>","protected":false},"featured_media":39448,"comment_status":"open","ping_status":"closed","template":"","meta":[],"pwb-brand":[1591],"product_cat":[16],"product_tag":[],"class_list":{"0":"post-39447","1":"product","2":"type-product","3":"status-publish","4":"has-post-thumbnail","6":"pwb-brand-acm","7":"product_cat-non-classe","8":"pa_brands-acm","10":"first","11":"instock","12":"sale","13":"shipping-taxable","14":"purchasable","15":"product-type-simple"},"yoast_head":"<!-- This site is optimized with the Yoast SEO plugin v27.5 - https:\/\/yoast.com\/product\/yoast-seo-wordpress\/ -->\n<title>ACM NOVOPHANE CHRONIC LOTION ANTI-CHUTE 100ML - paragaleriedetalborjt<\/title>\n<meta name=\"robots\" content=\"index, follow, max-snippet:-1, max-image-preview:large, max-video-preview:-1\" \/>\n<link rel=\"canonical\" href=\"https:\/\/paragaleriedetalborjt.com\/en\/boutique\/acm-novophane-chronic-lotion-anti-chute-100ml\/\" \/>\n<meta property=\"og:locale\" content=\"en_US\" \/>\n<meta property=\"og:type\" content=\"article\" \/>\n<meta property=\"og:title\" content=\"ACM NOVOPHANE CHRONIC LOTION ANTI-CHUTE 100ML - paragaleriedetalborjt\" \/>\n<meta property=\"og:description\" content=\"Highlights:DERCOS TECHNIQUE Densi-Solutions Baume Epaisseur est un apr\u00e8s-shampooing qui renforce les cheveux afin d\u2019augmenter la r\u00e9sistance capillaire.\u2022 Besoin :Perte de cheveux | Femmes.\u2022 Ingr\u00e9dients Cl\u00e9s :Rhamnose pour tonifier le cheveu | C\u00e9ramide pour renforcer et prot\u00e9ger | Huile Essentielle de Menthe Poivr\u00e9e pour stimuler le cuir chevelu.\u2022S\u00e9curit\u00e9 :Sans Sulfates | Sans Parab\u00e8ne | Convient au cuir chevelu sensible.\u2022 Utilisation :Appliquer de la racine jusqu\u2019au pointes, laisser poser puis rincer.\" \/>\n<meta property=\"og:url\" content=\"https:\/\/paragaleriedetalborjt.com\/en\/boutique\/acm-novophane-chronic-lotion-anti-chute-100ml\/\" \/>\n<meta property=\"og:site_name\" content=\"paragaleriedetalborjt\" \/>\n<meta property=\"article:modified_time\" content=\"2026-01-03T19:16:26+00:00\" \/>\n<meta property=\"og:image\" content=\"https:\/\/paragaleriedetalborjt.com\/wp-content\/uploads\/2026\/01\/novophane-chronic-lotion-anti-chute.jpg\" \/>\n\t<meta property=\"og:image:width\" content=\"595\" \/>\n\t<meta property=\"og:image:height\" content=\"655\" \/>\n\t<meta property=\"og:image:type\" content=\"image\/jpeg\" \/>\n<meta name=\"twitter:card\" content=\"summary_large_image\" \/>\n<meta name=\"twitter:label1\" content=\"Est. reading time\" \/>\n\t<meta name=\"twitter:data1\" content=\"1 minute\" \/>\n<script type=\"application\/ld+json\" class=\"yoast-schema-graph\">{\"@context\":\"https:\\\/\\\/schema.org\",\"@graph\":[{\"@type\":\"WebPage\",\"@id\":\"https:\\\/\\\/paragaleriedetalborjt.com\\\/boutique\\\/acm-novophane-chronic-lotion-anti-chute-100ml\\\/\",\"url\":\"https:\\\/\\\/paragaleriedetalborjt.com\\\/boutique\\\/acm-novophane-chronic-lotion-anti-chute-100ml\\\/\",\"name\":\"ACM NOVOPHANE CHRONIC LOTION ANTI-CHUTE 100ML - paragaleriedetalborjt\",\"isPartOf\":{\"@id\":\"https:\\\/\\\/paragaleriedetalborjt.com\\\/#website\"},\"primaryImageOfPage\":{\"@id\":\"https:\\\/\\\/paragaleriedetalborjt.com\\\/boutique\\\/acm-novophane-chronic-lotion-anti-chute-100ml\\\/#primaryimage\"},\"image\":{\"@id\":\"https:\\\/\\\/paragaleriedetalborjt.com\\\/boutique\\\/acm-novophane-chronic-lotion-anti-chute-100ml\\\/#primaryimage\"},\"thumbnailUrl\":\"https:\\\/\\\/paragaleriedetalborjt.com\\\/wp-content\\\/uploads\\\/2026\\\/01\\\/novophane-chronic-lotion-anti-chute.jpg\",\"datePublished\":\"2026-01-03T18:02:38+00:00\",\"dateModified\":\"2026-01-03T19:16:26+00:00\",\"breadcrumb\":{\"@id\":\"https:\\\/\\\/paragaleriedetalborjt.com\\\/boutique\\\/acm-novophane-chronic-lotion-anti-chute-100ml\\\/#breadcrumb\"},\"inLanguage\":\"en-US\",\"potentialAction\":[{\"@type\":\"ReadAction\",\"target\":[\"https:\\\/\\\/paragaleriedetalborjt.com\\\/boutique\\\/acm-novophane-chronic-lotion-anti-chute-100ml\\\/\"]}]},{\"@type\":\"ImageObject\",\"inLanguage\":\"en-US\",\"@id\":\"https:\\\/\\\/paragaleriedetalborjt.com\\\/boutique\\\/acm-novophane-chronic-lotion-anti-chute-100ml\\\/#primaryimage\",\"url\":\"https:\\\/\\\/paragaleriedetalborjt.com\\\/wp-content\\\/uploads\\\/2026\\\/01\\\/novophane-chronic-lotion-anti-chute.jpg\",\"contentUrl\":\"https:\\\/\\\/paragaleriedetalborjt.com\\\/wp-content\\\/uploads\\\/2026\\\/01\\\/novophane-chronic-lotion-anti-chute.jpg\",\"width\":595,\"height\":655},{\"@type\":\"BreadcrumbList\",\"@id\":\"https:\\\/\\\/paragaleriedetalborjt.com\\\/boutique\\\/acm-novophane-chronic-lotion-anti-chute-100ml\\\/#breadcrumb\",\"itemListElement\":[{\"@type\":\"ListItem\",\"position\":1,\"name\":\"Accueil\",\"item\":\"https:\\\/\\\/paragaleriedetalborjt.com\\\/\"},{\"@type\":\"ListItem\",\"position\":2,\"name\":\"Boutique\",\"item\":\"https:\\\/\\\/paragaleriedetalborjt.com\\\/boutique\\\/\"},{\"@type\":\"ListItem\",\"position\":3,\"name\":\"ACM NOVOPHANE CHRONIC LOTION ANTI-CHUTE 100ML\"}]},{\"@type\":\"WebSite\",\"@id\":\"https:\\\/\\\/paragaleriedetalborjt.com\\\/#website\",\"url\":\"https:\\\/\\\/paragaleriedetalborjt.com\\\/\",\"name\":\"paragaleriedetalborjt\",\"description\":\"\",\"potentialAction\":[{\"@type\":\"SearchAction\",\"target\":{\"@type\":\"EntryPoint\",\"urlTemplate\":\"https:\\\/\\\/paragaleriedetalborjt.com\\\/?s={search_term_string}\"},\"query-input\":{\"@type\":\"PropertyValueSpecification\",\"valueRequired\":true,\"valueName\":\"search_term_string\"}}],\"inLanguage\":\"en-US\"}]}<\/script>\n<!-- \/ Yoast SEO plugin. -->","yoast_head_json":{"title":"ACM NOVOPHANE CHRONIC LOTION ANTI-CHUTE 100ML - paragaleriedetalborjt","robots":{"index":"index","follow":"follow","max-snippet":"max-snippet:-1","max-image-preview":"max-image-preview:large","max-video-preview":"max-video-preview:-1"},"canonical":"https:\/\/paragaleriedetalborjt.com\/en\/boutique\/acm-novophane-chronic-lotion-anti-chute-100ml\/","og_locale":"en_US","og_type":"article","og_title":"ACM NOVOPHANE CHRONIC LOTION ANTI-CHUTE 100ML - paragaleriedetalborjt","og_description":"Highlights:DERCOS TECHNIQUE Densi-Solutions Baume Epaisseur est un apr\u00e8s-shampooing qui renforce les cheveux afin d\u2019augmenter la r\u00e9sistance capillaire.\u2022 Besoin :Perte de cheveux | Femmes.\u2022 Ingr\u00e9dients Cl\u00e9s :Rhamnose pour tonifier le cheveu | C\u00e9ramide pour renforcer et prot\u00e9ger | Huile Essentielle de Menthe Poivr\u00e9e pour stimuler le cuir chevelu.\u2022S\u00e9curit\u00e9 :Sans Sulfates | Sans Parab\u00e8ne | Convient au cuir chevelu sensible.\u2022 Utilisation :Appliquer de la racine jusqu\u2019au pointes, laisser poser puis rincer.","og_url":"https:\/\/paragaleriedetalborjt.com\/en\/boutique\/acm-novophane-chronic-lotion-anti-chute-100ml\/","og_site_name":"paragaleriedetalborjt","article_modified_time":"2026-01-03T19:16:26+00:00","og_image":[{"width":595,"height":655,"url":"https:\/\/paragaleriedetalborjt.com\/wp-content\/uploads\/2026\/01\/novophane-chronic-lotion-anti-chute.jpg","type":"image\/jpeg"}],"twitter_card":"summary_large_image","twitter_misc":{"Est. reading time":"1 minute"},"schema":{"@context":"https:\/\/schema.org","@graph":[{"@type":"WebPage","@id":"https:\/\/paragaleriedetalborjt.com\/boutique\/acm-novophane-chronic-lotion-anti-chute-100ml\/","url":"https:\/\/paragaleriedetalborjt.com\/boutique\/acm-novophane-chronic-lotion-anti-chute-100ml\/","name":"ACM NOVOPHANE CHRONIC LOTION ANTI-CHUTE 100ML - paragaleriedetalborjt","isPartOf":{"@id":"https:\/\/paragaleriedetalborjt.com\/#website"},"primaryImageOfPage":{"@id":"https:\/\/paragaleriedetalborjt.com\/boutique\/acm-novophane-chronic-lotion-anti-chute-100ml\/#primaryimage"},"image":{"@id":"https:\/\/paragaleriedetalborjt.com\/boutique\/acm-novophane-chronic-lotion-anti-chute-100ml\/#primaryimage"},"thumbnailUrl":"https:\/\/paragaleriedetalborjt.com\/wp-content\/uploads\/2026\/01\/novophane-chronic-lotion-anti-chute.jpg","datePublished":"2026-01-03T18:02:38+00:00","dateModified":"2026-01-03T19:16:26+00:00","breadcrumb":{"@id":"https:\/\/paragaleriedetalborjt.com\/boutique\/acm-novophane-chronic-lotion-anti-chute-100ml\/#breadcrumb"},"inLanguage":"en-US","potentialAction":[{"@type":"ReadAction","target":["https:\/\/paragaleriedetalborjt.com\/boutique\/acm-novophane-chronic-lotion-anti-chute-100ml\/"]}]},{"@type":"ImageObject","inLanguage":"en-US","@id":"https:\/\/paragaleriedetalborjt.com\/boutique\/acm-novophane-chronic-lotion-anti-chute-100ml\/#primaryimage","url":"https:\/\/paragaleriedetalborjt.com\/wp-content\/uploads\/2026\/01\/novophane-chronic-lotion-anti-chute.jpg","contentUrl":"https:\/\/paragaleriedetalborjt.com\/wp-content\/uploads\/2026\/01\/novophane-chronic-lotion-anti-chute.jpg","width":595,"height":655},{"@type":"BreadcrumbList","@id":"https:\/\/paragaleriedetalborjt.com\/boutique\/acm-novophane-chronic-lotion-anti-chute-100ml\/#breadcrumb","itemListElement":[{"@type":"ListItem","position":1,"name":"Accueil","item":"https:\/\/paragaleriedetalborjt.com\/"},{"@type":"ListItem","position":2,"name":"Boutique","item":"https:\/\/paragaleriedetalborjt.com\/boutique\/"},{"@type":"ListItem","position":3,"name":"ACM NOVOPHANE CHRONIC LOTION ANTI-CHUTE 100ML"}]},{"@type":"WebSite","@id":"https:\/\/paragaleriedetalborjt.com\/#website","url":"https:\/\/paragaleriedetalborjt.com\/","name":"paragaleriedetalborjt","description":"","potentialAction":[{"@type":"SearchAction","target":{"@type":"EntryPoint","urlTemplate":"https:\/\/paragaleriedetalborjt.com\/?s={search_term_string}"},"query-input":{"@type":"PropertyValueSpecification","valueRequired":true,"valueName":"search_term_string"}}],"inLanguage":"en-US"}]}},"brands":[{"id":1591,"name":"ACM","slug":"acm"}],"_links":{"self":[{"href":"https:\/\/paragaleriedetalborjt.com\/en\/wp-json\/wp\/v2\/product\/39447","targetHints":{"allow":["GET"]}}],"collection":[{"href":"https:\/\/paragaleriedetalborjt.com\/en\/wp-json\/wp\/v2\/product"}],"about":[{"href":"https:\/\/paragaleriedetalborjt.com\/en\/wp-json\/wp\/v2\/types\/product"}],"replies":[{"embeddable":true,"href":"https:\/\/paragaleriedetalborjt.com\/en\/wp-json\/wp\/v2\/comments?post=39447"}],"version-history":[{"count":1,"href":"https:\/\/paragaleriedetalborjt.com\/en\/wp-json\/wp\/v2\/product\/39447\/revisions"}],"predecessor-version":[{"id":39449,"href":"https:\/\/paragaleriedetalborjt.com\/en\/wp-json\/wp\/v2\/product\/39447\/revisions\/39449"}],"wp:featuredmedia":[{"embeddable":true,"href":"https:\/\/paragaleriedetalborjt.com\/en\/wp-json\/wp\/v2\/media\/39448"}],"wp:attachment":[{"href":"https:\/\/paragaleriedetalborjt.com\/en\/wp-json\/wp\/v2\/media?parent=39447"}],"wp:term":[{"taxonomy":"pwb-brand","embeddable":true,"href":"https:\/\/paragaleriedetalborjt.com\/en\/wp-json\/wp\/v2\/pwb-brand?post=39447"},{"taxonomy":"product_cat","embeddable":true,"href":"https:\/\/paragaleriedetalborjt.com\/en\/wp-json\/wp\/v2\/product_cat?post=39447"},{"taxonomy":"product_tag","embeddable":true,"href":"https:\/\/paragaleriedetalborjt.com\/en\/wp-json\/wp\/v2\/product_tag?post=39447"}],"curies":[{"name":"wp","href":"https:\/\/api.w.org\/{rel}","templated":true}]}}