{"id":39444,"date":"2026-01-03T19:02:34","date_gmt":"2026-01-03T18:02:34","guid":{"rendered":"https:\/\/paragaleriedetalborjt.com\/?post_type=product&#038;p=39444"},"modified":"2026-01-03T20:16:26","modified_gmt":"2026-01-03T19:16:26","slug":"revox-retinol-protection-quotidienne-fps-20","status":"publish","type":"product","link":"https:\/\/paragaleriedetalborjt.com\/en\/boutique\/revox-retinol-protection-quotidienne-fps-20\/","title":{"rendered":"REVOX RETINOL Protection Quotidienne FPS 20"},"content":{"rendered":"<div aria-labelledby=\"tab-title-description\" class=\"woocommerce-Tabs-panel woocommerce-Tabs-panel--description panel entry-content wc-tab\" id=\"tab-description\" role=\"tabpanel\" style=\"\">\n<h2>Description<\/h2>\n<p class=\"p1\"><span class=\"Apple-converted-space\">\u00a0\u00a0<\/span>Le r\u00e9tinol aide \u00e0 r\u00e9duire l\u2019apparence des ridules, le vieillissement pr\u00e9matur\u00e9 de la peau et<span class=\"Apple-converted-space\">\u00a0\u00a0<\/span>imperfections caus\u00e9es par l\u2019exposition au soleil.<\/p>\n<p class=\"p1\">Qu\u2019est-ce que le R\u00e9tinol ? Le r\u00e9tinol (vitamine A) ne peut pas \u00eatre produit par les cellules et doit donc \u00eatre apport\u00e9 par voie topique, par le biais de soins de la peau. Le r\u00e9tinol agit comme un antioxydant et agit \u00e0 un niveau cellulaire profond, o\u00f9 il aide \u00e0 stimuler la Produition de collag\u00e8ne et d\u2019\u00e9lastine, aide \u00e0 r\u00e9duire le vieillissement cellulaire et \u00e0 r\u00e9guler la Produition de s\u00e9bum.<\/p>\n<p class=\"p1\"><strong>Mode d\u2019emploi :<\/strong>\u00a0Appliquez une petite quantit\u00e9 de cr\u00e8me chaque matin sur une peau nettoy\u00e9e et compl\u00e8tement s\u00e8che. Massez doucement jusqu\u2019\u00e0 absorption compl\u00e8te. \u00c9vitez la zone autour des yeux.<\/p>\n<p class=\"p1\"><b>Ingr\u00e9dients \/ Ingr\u00e9dients :<\/b>\u00a0Eau \/ Aqua, Octocryl\u00e8ne, Ethylhexyl Methoxycinnamate, Ethylhexyl Salicylate, Mineral Oil \/ Paraffinum Liquidum, Glycerin, Cetearyl Alcohol, Glycol Cetearate, Argan Oil \/ Argania Spinosa Kernel Oil, Ethylhexyl Triazone, Diethylamino Hydroxybenzoyl Hexyl Benzoate, Di-C12- 13 Malate d\u2019alkyle, Adipate de diisopropyle, St\u00e9arate de glyc\u00e9ryle, Ceteareth-20, Ceteareth-12, Palmitate de c\u00e9tyle, Bisabolol, Acrylates\/C10-30 Alkyl Acrylate Crosspolymer, Tri\u00e9thanolamine, Ph\u00e9noxy\u00e9thanol, Palmitate de vitamine A \/ Palmitate de r\u00e9tinyle, Fragrance \/ Parfum, Ac\u00e9tate de vitamine E \/ Ac\u00e9tate de tocoph\u00e9ryle, Di-t-butyl-4-hydroxyhydrocinnamate d\u2019octad\u00e9cyle, Salicylate de benzyle, Coumarine, Hexyl Cinnamal, Linalol, Alpha-Isom\u00e9thyl Ionone.<\/p>\n<p class=\"p1\"><strong>Attention :<\/strong>\u00a0les r\u00e9tino\u00efdes peuvent rendre la peau plus sensible aux rayons UV. \u00c9vitez l\u2019exposition directe au soleil. Ne pas utiliser<span class=\"Apple-converted-space\">\u00a0\u00a0<\/span>en conjonction avec d\u2019autres r\u00e9tino\u00efdes ou des acides directs pour \u00e9viter les irritations. Eviter le contact avec les yeux. Une intol\u00e9rance individuelle au produit est possible. Ne pas utiliser sur une peau irrit\u00e9e ! En cas d\u2019irritation ou de rougeur excessive, cesser l\u2019utilisation. Tenir hors de port\u00e9e des enfants. Seulement pour usage externe!<\/p>\n<\/div>","protected":false},"excerpt":{"rendered":"<p>Highlights:REVOX B77 RETINOL DAILY PROTECTION SPF 20Cette cr\u00e8me anti-rides aide \u00e0 revitaliser la peau et favorise un teint d\u2019apparence plus saine. La cr\u00e8me est enrichie en R\u00e9tinol (Vitamine A), Vitamine E, Huile d\u2019Argan et SPF pour prot\u00e9ger votre peau des rayons UV du soleil.<\/p>","protected":false},"featured_media":39445,"comment_status":"open","ping_status":"closed","template":"","meta":[],"pwb-brand":[1574],"product_cat":[16],"product_tag":[],"class_list":{"0":"post-39444","1":"product","2":"type-product","3":"status-publish","4":"has-post-thumbnail","6":"pwb-brand-revox","7":"product_cat-non-classe","8":"pa_brands-revox","10":"first","11":"instock","12":"sale","13":"shipping-taxable","14":"purchasable","15":"product-type-simple"},"yoast_head":"<!-- This site is optimized with the Yoast SEO plugin v26.9 - https:\/\/yoast.com\/product\/yoast-seo-wordpress\/ -->\n<title>REVOX RETINOL Protection Quotidienne FPS 20 - paragaleriedetalborjt<\/title>\n<meta name=\"robots\" content=\"index, follow, max-snippet:-1, max-image-preview:large, max-video-preview:-1\" \/>\n<link rel=\"canonical\" href=\"https:\/\/paragaleriedetalborjt.com\/en\/boutique\/revox-retinol-protection-quotidienne-fps-20\/\" \/>\n<meta property=\"og:locale\" content=\"en_US\" \/>\n<meta property=\"og:type\" content=\"article\" \/>\n<meta property=\"og:title\" content=\"REVOX RETINOL Protection Quotidienne FPS 20 - paragaleriedetalborjt\" \/>\n<meta property=\"og:description\" content=\"Highlights:REVOX B77 RETINOL DAILY PROTECTION SPF 20Cette cr\u00e8me anti-rides aide \u00e0 revitaliser la peau et favorise un teint d\u2019apparence plus saine. La cr\u00e8me est enrichie en R\u00e9tinol (Vitamine A), Vitamine E, Huile d\u2019Argan et SPF pour prot\u00e9ger votre peau des rayons UV du soleil.\" \/>\n<meta property=\"og:url\" content=\"https:\/\/paragaleriedetalborjt.com\/en\/boutique\/revox-retinol-protection-quotidienne-fps-20\/\" \/>\n<meta property=\"og:site_name\" content=\"paragaleriedetalborjt\" \/>\n<meta property=\"article:modified_time\" content=\"2026-01-03T19:16:26+00:00\" \/>\n<meta property=\"og:image\" content=\"https:\/\/paragaleriedetalborjt.com\/wp-content\/uploads\/2026\/01\/REVOX-RETINOL-Protection-Quotidienne-FPS-20-600x600-1.png\" \/>\n\t<meta property=\"og:image:width\" content=\"600\" \/>\n\t<meta property=\"og:image:height\" content=\"600\" \/>\n\t<meta property=\"og:image:type\" content=\"image\/png\" \/>\n<meta name=\"twitter:card\" content=\"summary_large_image\" \/>\n<meta name=\"twitter:label1\" content=\"Est. reading time\" \/>\n\t<meta name=\"twitter:data1\" content=\"2 minutes\" \/>\n<script type=\"application\/ld+json\" class=\"yoast-schema-graph\">{\"@context\":\"https:\/\/schema.org\",\"@graph\":[{\"@type\":\"WebPage\",\"@id\":\"https:\/\/paragaleriedetalborjt.com\/boutique\/revox-retinol-protection-quotidienne-fps-20\/\",\"url\":\"https:\/\/paragaleriedetalborjt.com\/boutique\/revox-retinol-protection-quotidienne-fps-20\/\",\"name\":\"REVOX RETINOL Protection Quotidienne FPS 20 - paragaleriedetalborjt\",\"isPartOf\":{\"@id\":\"https:\/\/paragaleriedetalborjt.com\/#website\"},\"primaryImageOfPage\":{\"@id\":\"https:\/\/paragaleriedetalborjt.com\/boutique\/revox-retinol-protection-quotidienne-fps-20\/#primaryimage\"},\"image\":{\"@id\":\"https:\/\/paragaleriedetalborjt.com\/boutique\/revox-retinol-protection-quotidienne-fps-20\/#primaryimage\"},\"thumbnailUrl\":\"https:\/\/paragaleriedetalborjt.com\/wp-content\/uploads\/2026\/01\/REVOX-RETINOL-Protection-Quotidienne-FPS-20-600x600-1.png\",\"datePublished\":\"2026-01-03T18:02:34+00:00\",\"dateModified\":\"2026-01-03T19:16:26+00:00\",\"breadcrumb\":{\"@id\":\"https:\/\/paragaleriedetalborjt.com\/boutique\/revox-retinol-protection-quotidienne-fps-20\/#breadcrumb\"},\"inLanguage\":\"en-US\",\"potentialAction\":[{\"@type\":\"ReadAction\",\"target\":[\"https:\/\/paragaleriedetalborjt.com\/boutique\/revox-retinol-protection-quotidienne-fps-20\/\"]}]},{\"@type\":\"ImageObject\",\"inLanguage\":\"en-US\",\"@id\":\"https:\/\/paragaleriedetalborjt.com\/boutique\/revox-retinol-protection-quotidienne-fps-20\/#primaryimage\",\"url\":\"https:\/\/paragaleriedetalborjt.com\/wp-content\/uploads\/2026\/01\/REVOX-RETINOL-Protection-Quotidienne-FPS-20-600x600-1.png\",\"contentUrl\":\"https:\/\/paragaleriedetalborjt.com\/wp-content\/uploads\/2026\/01\/REVOX-RETINOL-Protection-Quotidienne-FPS-20-600x600-1.png\",\"width\":600,\"height\":600},{\"@type\":\"BreadcrumbList\",\"@id\":\"https:\/\/paragaleriedetalborjt.com\/boutique\/revox-retinol-protection-quotidienne-fps-20\/#breadcrumb\",\"itemListElement\":[{\"@type\":\"ListItem\",\"position\":1,\"name\":\"Accueil\",\"item\":\"https:\/\/paragaleriedetalborjt.com\/\"},{\"@type\":\"ListItem\",\"position\":2,\"name\":\"Boutique\",\"item\":\"https:\/\/paragaleriedetalborjt.com\/boutique\/\"},{\"@type\":\"ListItem\",\"position\":3,\"name\":\"REVOX RETINOL Protection Quotidienne FPS 20\"}]},{\"@type\":\"WebSite\",\"@id\":\"https:\/\/paragaleriedetalborjt.com\/#website\",\"url\":\"https:\/\/paragaleriedetalborjt.com\/\",\"name\":\"paragaleriedetalborjt\",\"description\":\"\",\"potentialAction\":[{\"@type\":\"SearchAction\",\"target\":{\"@type\":\"EntryPoint\",\"urlTemplate\":\"https:\/\/paragaleriedetalborjt.com\/?s={search_term_string}\"},\"query-input\":{\"@type\":\"PropertyValueSpecification\",\"valueRequired\":true,\"valueName\":\"search_term_string\"}}],\"inLanguage\":\"en-US\"}]}<\/script>\n<!-- \/ Yoast SEO plugin. -->","yoast_head_json":{"title":"REVOX RETINOL Protection Quotidienne FPS 20 - paragaleriedetalborjt","robots":{"index":"index","follow":"follow","max-snippet":"max-snippet:-1","max-image-preview":"max-image-preview:large","max-video-preview":"max-video-preview:-1"},"canonical":"https:\/\/paragaleriedetalborjt.com\/en\/boutique\/revox-retinol-protection-quotidienne-fps-20\/","og_locale":"en_US","og_type":"article","og_title":"REVOX RETINOL Protection Quotidienne FPS 20 - paragaleriedetalborjt","og_description":"Highlights:REVOX B77 RETINOL DAILY PROTECTION SPF 20Cette cr\u00e8me anti-rides aide \u00e0 revitaliser la peau et favorise un teint d\u2019apparence plus saine. La cr\u00e8me est enrichie en R\u00e9tinol (Vitamine A), Vitamine E, Huile d\u2019Argan et SPF pour prot\u00e9ger votre peau des rayons UV du soleil.","og_url":"https:\/\/paragaleriedetalborjt.com\/en\/boutique\/revox-retinol-protection-quotidienne-fps-20\/","og_site_name":"paragaleriedetalborjt","article_modified_time":"2026-01-03T19:16:26+00:00","og_image":[{"width":600,"height":600,"url":"https:\/\/paragaleriedetalborjt.com\/wp-content\/uploads\/2026\/01\/REVOX-RETINOL-Protection-Quotidienne-FPS-20-600x600-1.png","type":"image\/png"}],"twitter_card":"summary_large_image","twitter_misc":{"Est. reading time":"2 minutes"},"schema":{"@context":"https:\/\/schema.org","@graph":[{"@type":"WebPage","@id":"https:\/\/paragaleriedetalborjt.com\/boutique\/revox-retinol-protection-quotidienne-fps-20\/","url":"https:\/\/paragaleriedetalborjt.com\/boutique\/revox-retinol-protection-quotidienne-fps-20\/","name":"REVOX RETINOL Protection Quotidienne FPS 20 - paragaleriedetalborjt","isPartOf":{"@id":"https:\/\/paragaleriedetalborjt.com\/#website"},"primaryImageOfPage":{"@id":"https:\/\/paragaleriedetalborjt.com\/boutique\/revox-retinol-protection-quotidienne-fps-20\/#primaryimage"},"image":{"@id":"https:\/\/paragaleriedetalborjt.com\/boutique\/revox-retinol-protection-quotidienne-fps-20\/#primaryimage"},"thumbnailUrl":"https:\/\/paragaleriedetalborjt.com\/wp-content\/uploads\/2026\/01\/REVOX-RETINOL-Protection-Quotidienne-FPS-20-600x600-1.png","datePublished":"2026-01-03T18:02:34+00:00","dateModified":"2026-01-03T19:16:26+00:00","breadcrumb":{"@id":"https:\/\/paragaleriedetalborjt.com\/boutique\/revox-retinol-protection-quotidienne-fps-20\/#breadcrumb"},"inLanguage":"en-US","potentialAction":[{"@type":"ReadAction","target":["https:\/\/paragaleriedetalborjt.com\/boutique\/revox-retinol-protection-quotidienne-fps-20\/"]}]},{"@type":"ImageObject","inLanguage":"en-US","@id":"https:\/\/paragaleriedetalborjt.com\/boutique\/revox-retinol-protection-quotidienne-fps-20\/#primaryimage","url":"https:\/\/paragaleriedetalborjt.com\/wp-content\/uploads\/2026\/01\/REVOX-RETINOL-Protection-Quotidienne-FPS-20-600x600-1.png","contentUrl":"https:\/\/paragaleriedetalborjt.com\/wp-content\/uploads\/2026\/01\/REVOX-RETINOL-Protection-Quotidienne-FPS-20-600x600-1.png","width":600,"height":600},{"@type":"BreadcrumbList","@id":"https:\/\/paragaleriedetalborjt.com\/boutique\/revox-retinol-protection-quotidienne-fps-20\/#breadcrumb","itemListElement":[{"@type":"ListItem","position":1,"name":"Accueil","item":"https:\/\/paragaleriedetalborjt.com\/"},{"@type":"ListItem","position":2,"name":"Boutique","item":"https:\/\/paragaleriedetalborjt.com\/boutique\/"},{"@type":"ListItem","position":3,"name":"REVOX RETINOL Protection Quotidienne FPS 20"}]},{"@type":"WebSite","@id":"https:\/\/paragaleriedetalborjt.com\/#website","url":"https:\/\/paragaleriedetalborjt.com\/","name":"paragaleriedetalborjt","description":"","potentialAction":[{"@type":"SearchAction","target":{"@type":"EntryPoint","urlTemplate":"https:\/\/paragaleriedetalborjt.com\/?s={search_term_string}"},"query-input":{"@type":"PropertyValueSpecification","valueRequired":true,"valueName":"search_term_string"}}],"inLanguage":"en-US"}]}},"brands":[{"id":1574,"name":"REVOX","slug":"revox"}],"_links":{"self":[{"href":"https:\/\/paragaleriedetalborjt.com\/en\/wp-json\/wp\/v2\/product\/39444","targetHints":{"allow":["GET"]}}],"collection":[{"href":"https:\/\/paragaleriedetalborjt.com\/en\/wp-json\/wp\/v2\/product"}],"about":[{"href":"https:\/\/paragaleriedetalborjt.com\/en\/wp-json\/wp\/v2\/types\/product"}],"replies":[{"embeddable":true,"href":"https:\/\/paragaleriedetalborjt.com\/en\/wp-json\/wp\/v2\/comments?post=39444"}],"version-history":[{"count":1,"href":"https:\/\/paragaleriedetalborjt.com\/en\/wp-json\/wp\/v2\/product\/39444\/revisions"}],"predecessor-version":[{"id":39446,"href":"https:\/\/paragaleriedetalborjt.com\/en\/wp-json\/wp\/v2\/product\/39444\/revisions\/39446"}],"wp:featuredmedia":[{"embeddable":true,"href":"https:\/\/paragaleriedetalborjt.com\/en\/wp-json\/wp\/v2\/media\/39445"}],"wp:attachment":[{"href":"https:\/\/paragaleriedetalborjt.com\/en\/wp-json\/wp\/v2\/media?parent=39444"}],"wp:term":[{"taxonomy":"pwb-brand","embeddable":true,"href":"https:\/\/paragaleriedetalborjt.com\/en\/wp-json\/wp\/v2\/pwb-brand?post=39444"},{"taxonomy":"product_cat","embeddable":true,"href":"https:\/\/paragaleriedetalborjt.com\/en\/wp-json\/wp\/v2\/product_cat?post=39444"},{"taxonomy":"product_tag","embeddable":true,"href":"https:\/\/paragaleriedetalborjt.com\/en\/wp-json\/wp\/v2\/product_tag?post=39444"}],"curies":[{"name":"wp","href":"https:\/\/api.w.org\/{rel}","templated":true}]}}