{"id":39438,"date":"2026-01-03T19:02:23","date_gmt":"2026-01-03T18:02:23","guid":{"rendered":"https:\/\/paragaleriedetalborjt.com\/?post_type=product&#038;p=39438"},"modified":"2026-01-03T20:16:26","modified_gmt":"2026-01-03T19:16:26","slug":"ecrinal-lotion-femme-soin-intensif-des-cheveux-a-lanp2-200-ml","status":"publish","type":"product","link":"https:\/\/paragaleriedetalborjt.com\/en\/boutique\/ecrinal-lotion-femme-soin-intensif-des-cheveux-a-lanp2-200-ml\/","title":{"rendered":"Ecrinal \u2013 Lotion femme Soin intensif des cheveux \u00e0 l\u2019ANP2+ \u2013 200 ml"},"content":{"rendered":"<div aria-labelledby=\"tab-title-description\" class=\"woocommerce-Tabs-panel woocommerce-Tabs-panel--description panel entry-content wc-tab\" id=\"tab-description\" role=\"tabpanel\" style=\"\">\n<h2>Description<\/h2>\n<h4 class=\"et_pb_module_header\">Description<\/h4>\n<div class=\"et_pb_blurb_description\">\n<p>Lotion anti-chute pour les cheveux faibles et d\u00e9vitalis\u00e9s pour les femmes. Lotion quotidienne pour le cuir chevelu an\u00e9mique et les cheveux fatigu\u00e9s. Peut \u00eatre utilis\u00e9 pour les cas de perte de cheveux chez les enfants, les femmes enceintes et allaitantes et comme entretien apr\u00e8s le traitement des ampules Ecrinal.<\/p>\n<h4 class=\"et_pb_module_header\">Conseil d\u2019utilisation<\/h4>\n<div class=\"et_pb_blurb_description\">A utiliser deux fois par jour \u2013 6 Vaporisation sur le cuir chevelu<\/div>\n<\/div>\n<div><\/div>\n<div>\n<div class=\"et_pb_blurb_description\">\n<p>\u00a0<\/p>\n<\/div>\n<\/div>\n<\/div>","protected":false},"excerpt":{"rendered":"<p>Highlights:Entretien de la Chevelure fortifie et stimule les cheveuxIndicationsCheveux secs, cassants, ternes et ab\u00eem\u00e9s.Chute de cheveux occasionnelle.<\/p>","protected":false},"featured_media":39439,"comment_status":"open","ping_status":"closed","template":"","meta":[],"pwb-brand":[1631],"product_cat":[16],"product_tag":[],"class_list":{"0":"post-39438","1":"product","2":"type-product","3":"status-publish","4":"has-post-thumbnail","6":"pwb-brand-ecrinal","7":"product_cat-non-classe","8":"pa_brands-ecrinal","10":"first","11":"instock","12":"sale","13":"shipping-taxable","14":"purchasable","15":"product-type-simple"},"yoast_head":"<!-- This site is optimized with the Yoast SEO plugin v27.5 - https:\/\/yoast.com\/product\/yoast-seo-wordpress\/ -->\n<title>Ecrinal \u2013 Lotion femme Soin intensif des cheveux \u00e0 l\u2019ANP2+ \u2013 200 ml - paragaleriedetalborjt<\/title>\n<meta name=\"robots\" content=\"index, follow, max-snippet:-1, max-image-preview:large, max-video-preview:-1\" \/>\n<link rel=\"canonical\" href=\"https:\/\/paragaleriedetalborjt.com\/en\/boutique\/ecrinal-lotion-femme-soin-intensif-des-cheveux-a-lanp2-200-ml\/\" \/>\n<meta property=\"og:locale\" content=\"en_US\" \/>\n<meta property=\"og:type\" content=\"article\" \/>\n<meta property=\"og:title\" content=\"Ecrinal \u2013 Lotion femme Soin intensif des cheveux \u00e0 l\u2019ANP2+ \u2013 200 ml - paragaleriedetalborjt\" \/>\n<meta property=\"og:description\" content=\"Highlights:Entretien de la Chevelure fortifie et stimule les cheveuxIndicationsCheveux secs, cassants, ternes et ab\u00eem\u00e9s.Chute de cheveux occasionnelle.\" \/>\n<meta property=\"og:url\" content=\"https:\/\/paragaleriedetalborjt.com\/en\/boutique\/ecrinal-lotion-femme-soin-intensif-des-cheveux-a-lanp2-200-ml\/\" \/>\n<meta property=\"og:site_name\" content=\"paragaleriedetalborjt\" \/>\n<meta property=\"article:modified_time\" content=\"2026-01-03T19:16:26+00:00\" \/>\n<meta property=\"og:image\" content=\"https:\/\/paragaleriedetalborjt.com\/wp-content\/uploads\/2026\/01\/ecrinal-lotion-femme.webp\" \/>\n\t<meta property=\"og:image:width\" content=\"595\" \/>\n\t<meta property=\"og:image:height\" content=\"655\" \/>\n\t<meta property=\"og:image:type\" content=\"image\/webp\" \/>\n<meta name=\"twitter:card\" content=\"summary_large_image\" \/>\n<script type=\"application\/ld+json\" class=\"yoast-schema-graph\">{\"@context\":\"https:\\\/\\\/schema.org\",\"@graph\":[{\"@type\":\"WebPage\",\"@id\":\"https:\\\/\\\/paragaleriedetalborjt.com\\\/boutique\\\/ecrinal-lotion-femme-soin-intensif-des-cheveux-a-lanp2-200-ml\\\/\",\"url\":\"https:\\\/\\\/paragaleriedetalborjt.com\\\/boutique\\\/ecrinal-lotion-femme-soin-intensif-des-cheveux-a-lanp2-200-ml\\\/\",\"name\":\"Ecrinal \u2013 Lotion femme Soin intensif des cheveux \u00e0 l\u2019ANP2+ \u2013 200 ml - paragaleriedetalborjt\",\"isPartOf\":{\"@id\":\"https:\\\/\\\/paragaleriedetalborjt.com\\\/#website\"},\"primaryImageOfPage\":{\"@id\":\"https:\\\/\\\/paragaleriedetalborjt.com\\\/boutique\\\/ecrinal-lotion-femme-soin-intensif-des-cheveux-a-lanp2-200-ml\\\/#primaryimage\"},\"image\":{\"@id\":\"https:\\\/\\\/paragaleriedetalborjt.com\\\/boutique\\\/ecrinal-lotion-femme-soin-intensif-des-cheveux-a-lanp2-200-ml\\\/#primaryimage\"},\"thumbnailUrl\":\"https:\\\/\\\/paragaleriedetalborjt.com\\\/wp-content\\\/uploads\\\/2026\\\/01\\\/ecrinal-lotion-femme.webp\",\"datePublished\":\"2026-01-03T18:02:23+00:00\",\"dateModified\":\"2026-01-03T19:16:26+00:00\",\"breadcrumb\":{\"@id\":\"https:\\\/\\\/paragaleriedetalborjt.com\\\/boutique\\\/ecrinal-lotion-femme-soin-intensif-des-cheveux-a-lanp2-200-ml\\\/#breadcrumb\"},\"inLanguage\":\"en-US\",\"potentialAction\":[{\"@type\":\"ReadAction\",\"target\":[\"https:\\\/\\\/paragaleriedetalborjt.com\\\/boutique\\\/ecrinal-lotion-femme-soin-intensif-des-cheveux-a-lanp2-200-ml\\\/\"]}]},{\"@type\":\"ImageObject\",\"inLanguage\":\"en-US\",\"@id\":\"https:\\\/\\\/paragaleriedetalborjt.com\\\/boutique\\\/ecrinal-lotion-femme-soin-intensif-des-cheveux-a-lanp2-200-ml\\\/#primaryimage\",\"url\":\"https:\\\/\\\/paragaleriedetalborjt.com\\\/wp-content\\\/uploads\\\/2026\\\/01\\\/ecrinal-lotion-femme.webp\",\"contentUrl\":\"https:\\\/\\\/paragaleriedetalborjt.com\\\/wp-content\\\/uploads\\\/2026\\\/01\\\/ecrinal-lotion-femme.webp\",\"width\":595,\"height\":655},{\"@type\":\"BreadcrumbList\",\"@id\":\"https:\\\/\\\/paragaleriedetalborjt.com\\\/boutique\\\/ecrinal-lotion-femme-soin-intensif-des-cheveux-a-lanp2-200-ml\\\/#breadcrumb\",\"itemListElement\":[{\"@type\":\"ListItem\",\"position\":1,\"name\":\"Accueil\",\"item\":\"https:\\\/\\\/paragaleriedetalborjt.com\\\/\"},{\"@type\":\"ListItem\",\"position\":2,\"name\":\"Boutique\",\"item\":\"https:\\\/\\\/paragaleriedetalborjt.com\\\/boutique\\\/\"},{\"@type\":\"ListItem\",\"position\":3,\"name\":\"Ecrinal \u2013 Lotion femme Soin intensif des cheveux \u00e0 l\u2019ANP2+ \u2013 200 ml\"}]},{\"@type\":\"WebSite\",\"@id\":\"https:\\\/\\\/paragaleriedetalborjt.com\\\/#website\",\"url\":\"https:\\\/\\\/paragaleriedetalborjt.com\\\/\",\"name\":\"paragaleriedetalborjt\",\"description\":\"\",\"potentialAction\":[{\"@type\":\"SearchAction\",\"target\":{\"@type\":\"EntryPoint\",\"urlTemplate\":\"https:\\\/\\\/paragaleriedetalborjt.com\\\/?s={search_term_string}\"},\"query-input\":{\"@type\":\"PropertyValueSpecification\",\"valueRequired\":true,\"valueName\":\"search_term_string\"}}],\"inLanguage\":\"en-US\"}]}<\/script>\n<!-- \/ Yoast SEO plugin. -->","yoast_head_json":{"title":"Ecrinal \u2013 Lotion femme Soin intensif des cheveux \u00e0 l\u2019ANP2+ \u2013 200 ml - paragaleriedetalborjt","robots":{"index":"index","follow":"follow","max-snippet":"max-snippet:-1","max-image-preview":"max-image-preview:large","max-video-preview":"max-video-preview:-1"},"canonical":"https:\/\/paragaleriedetalborjt.com\/en\/boutique\/ecrinal-lotion-femme-soin-intensif-des-cheveux-a-lanp2-200-ml\/","og_locale":"en_US","og_type":"article","og_title":"Ecrinal \u2013 Lotion femme Soin intensif des cheveux \u00e0 l\u2019ANP2+ \u2013 200 ml - paragaleriedetalborjt","og_description":"Highlights:Entretien de la Chevelure fortifie et stimule les cheveuxIndicationsCheveux secs, cassants, ternes et ab\u00eem\u00e9s.Chute de cheveux occasionnelle.","og_url":"https:\/\/paragaleriedetalborjt.com\/en\/boutique\/ecrinal-lotion-femme-soin-intensif-des-cheveux-a-lanp2-200-ml\/","og_site_name":"paragaleriedetalborjt","article_modified_time":"2026-01-03T19:16:26+00:00","og_image":[{"width":595,"height":655,"url":"https:\/\/paragaleriedetalborjt.com\/wp-content\/uploads\/2026\/01\/ecrinal-lotion-femme.webp","type":"image\/webp"}],"twitter_card":"summary_large_image","schema":{"@context":"https:\/\/schema.org","@graph":[{"@type":"WebPage","@id":"https:\/\/paragaleriedetalborjt.com\/boutique\/ecrinal-lotion-femme-soin-intensif-des-cheveux-a-lanp2-200-ml\/","url":"https:\/\/paragaleriedetalborjt.com\/boutique\/ecrinal-lotion-femme-soin-intensif-des-cheveux-a-lanp2-200-ml\/","name":"Ecrinal \u2013 Lotion femme Soin intensif des cheveux \u00e0 l\u2019ANP2+ \u2013 200 ml - paragaleriedetalborjt","isPartOf":{"@id":"https:\/\/paragaleriedetalborjt.com\/#website"},"primaryImageOfPage":{"@id":"https:\/\/paragaleriedetalborjt.com\/boutique\/ecrinal-lotion-femme-soin-intensif-des-cheveux-a-lanp2-200-ml\/#primaryimage"},"image":{"@id":"https:\/\/paragaleriedetalborjt.com\/boutique\/ecrinal-lotion-femme-soin-intensif-des-cheveux-a-lanp2-200-ml\/#primaryimage"},"thumbnailUrl":"https:\/\/paragaleriedetalborjt.com\/wp-content\/uploads\/2026\/01\/ecrinal-lotion-femme.webp","datePublished":"2026-01-03T18:02:23+00:00","dateModified":"2026-01-03T19:16:26+00:00","breadcrumb":{"@id":"https:\/\/paragaleriedetalborjt.com\/boutique\/ecrinal-lotion-femme-soin-intensif-des-cheveux-a-lanp2-200-ml\/#breadcrumb"},"inLanguage":"en-US","potentialAction":[{"@type":"ReadAction","target":["https:\/\/paragaleriedetalborjt.com\/boutique\/ecrinal-lotion-femme-soin-intensif-des-cheveux-a-lanp2-200-ml\/"]}]},{"@type":"ImageObject","inLanguage":"en-US","@id":"https:\/\/paragaleriedetalborjt.com\/boutique\/ecrinal-lotion-femme-soin-intensif-des-cheveux-a-lanp2-200-ml\/#primaryimage","url":"https:\/\/paragaleriedetalborjt.com\/wp-content\/uploads\/2026\/01\/ecrinal-lotion-femme.webp","contentUrl":"https:\/\/paragaleriedetalborjt.com\/wp-content\/uploads\/2026\/01\/ecrinal-lotion-femme.webp","width":595,"height":655},{"@type":"BreadcrumbList","@id":"https:\/\/paragaleriedetalborjt.com\/boutique\/ecrinal-lotion-femme-soin-intensif-des-cheveux-a-lanp2-200-ml\/#breadcrumb","itemListElement":[{"@type":"ListItem","position":1,"name":"Accueil","item":"https:\/\/paragaleriedetalborjt.com\/"},{"@type":"ListItem","position":2,"name":"Boutique","item":"https:\/\/paragaleriedetalborjt.com\/boutique\/"},{"@type":"ListItem","position":3,"name":"Ecrinal \u2013 Lotion femme Soin intensif des cheveux \u00e0 l\u2019ANP2+ \u2013 200 ml"}]},{"@type":"WebSite","@id":"https:\/\/paragaleriedetalborjt.com\/#website","url":"https:\/\/paragaleriedetalborjt.com\/","name":"paragaleriedetalborjt","description":"","potentialAction":[{"@type":"SearchAction","target":{"@type":"EntryPoint","urlTemplate":"https:\/\/paragaleriedetalborjt.com\/?s={search_term_string}"},"query-input":{"@type":"PropertyValueSpecification","valueRequired":true,"valueName":"search_term_string"}}],"inLanguage":"en-US"}]}},"brands":[{"id":1631,"name":"ECRINAL","slug":"ecrinal"}],"_links":{"self":[{"href":"https:\/\/paragaleriedetalborjt.com\/en\/wp-json\/wp\/v2\/product\/39438","targetHints":{"allow":["GET"]}}],"collection":[{"href":"https:\/\/paragaleriedetalborjt.com\/en\/wp-json\/wp\/v2\/product"}],"about":[{"href":"https:\/\/paragaleriedetalborjt.com\/en\/wp-json\/wp\/v2\/types\/product"}],"replies":[{"embeddable":true,"href":"https:\/\/paragaleriedetalborjt.com\/en\/wp-json\/wp\/v2\/comments?post=39438"}],"version-history":[{"count":1,"href":"https:\/\/paragaleriedetalborjt.com\/en\/wp-json\/wp\/v2\/product\/39438\/revisions"}],"predecessor-version":[{"id":39440,"href":"https:\/\/paragaleriedetalborjt.com\/en\/wp-json\/wp\/v2\/product\/39438\/revisions\/39440"}],"wp:featuredmedia":[{"embeddable":true,"href":"https:\/\/paragaleriedetalborjt.com\/en\/wp-json\/wp\/v2\/media\/39439"}],"wp:attachment":[{"href":"https:\/\/paragaleriedetalborjt.com\/en\/wp-json\/wp\/v2\/media?parent=39438"}],"wp:term":[{"taxonomy":"pwb-brand","embeddable":true,"href":"https:\/\/paragaleriedetalborjt.com\/en\/wp-json\/wp\/v2\/pwb-brand?post=39438"},{"taxonomy":"product_cat","embeddable":true,"href":"https:\/\/paragaleriedetalborjt.com\/en\/wp-json\/wp\/v2\/product_cat?post=39438"},{"taxonomy":"product_tag","embeddable":true,"href":"https:\/\/paragaleriedetalborjt.com\/en\/wp-json\/wp\/v2\/product_tag?post=39438"}],"curies":[{"name":"wp","href":"https:\/\/api.w.org\/{rel}","templated":true}]}}