{"id":39386,"date":"2026-01-03T19:00:29","date_gmt":"2026-01-03T18:00:29","guid":{"rendered":"https:\/\/paragaleriedetalborjt.com\/?post_type=product&#038;p=39386"},"modified":"2026-01-03T20:16:20","modified_gmt":"2026-01-03T19:16:20","slug":"eucerin-anti-pigment-serum-eclat-30-ml","status":"publish","type":"product","link":"https:\/\/paragaleriedetalborjt.com\/en\/boutique\/eucerin-anti-pigment-serum-eclat-30-ml\/","title":{"rendered":"Eucerin ANTI-PIGMENT S\u00c9RUM \u00c9CLAT 30 ML"},"content":{"rendered":"<div aria-labelledby=\"tab-title-description\" class=\"woocommerce-Tabs-panel woocommerce-Tabs-panel--description panel entry-content wc-tab\" id=\"tab-description\" role=\"tabpanel\" style=\"\">\n<h2>Description<\/h2>\n<p><strong>EUCERIN Anti-pigment Serum Eclat-30ml.<\/strong><br \/>\nEucerin ANTI-PIGMENT S\u00e9rum \u00c9clat favorise l\u2019\u00e9clat de la peau et r\u00e9duit l\u2019hyperpigmentation gr\u00e2ce \u00e0 la combinaison d\u2019ingr\u00e9dients actifs puissants. Ce s\u00e9rum ultra l\u00e9ger, test\u00e9 cliniquement, contient du\u00a0Thiamidol* pour r\u00e9duire les taches brunes et pr\u00e9venir leur r\u00e9apparition.<br \/>\nLa technologie Crystal d\u2019Eucerin ANTI-PIGMENT S\u00e9rum \u00c9clat garantit une texture ultra l\u00e9g\u00e8re qui convient \u00e0 tous les types de peau et peut \u00eatre ajout\u00e9e \u00e0 n\u2019importe quelle routine de soin.\u00a0Il p\u00e9n\u00e8tre rapidement et laisse une sensation de douceur sur la peau.<br \/>\nUn teint unifi\u00e9 et d\u2019un \u00e9clat naturel<br \/>\nLe S\u00e9rum \u00c9clat est cliniquement et dermatologiquement prouv\u00e9 pour r\u00e9duire les taches brunes et pr\u00e9venir leur r\u00e9apparition tout en donnant plus d\u2019\u00e9clat \u00e0 votre peau. Les premiers r\u00e9sultats sont visibles apr\u00e8s deux semaines** et s\u2019am\u00e9liorent continuellement avec une utilisation r\u00e9guli\u00e8re. La peau para\u00eet plus lisse, uniforme et \u00e9clatante.<br \/>\n\u00c0 savoir, le S\u00e9rum \u00c9clat ANTI-PIGMENT d\u2019Eucerin peut \u00eatre combin\u00e9 avec d\u2019autres produits de la gamme ANTI-PIGMENT Eucerin, comme le Soin de Jour SPF 30 ANTI-PIGMENT.<br \/>\n*Thiamidol brevet\u00e9 (EP 2 758 381 B1) France, Belgique, Pays-Bas.<br \/>\n**\u00c9valuation clinique, 34 femmes, 2 semaines.<\/p>\n<p><span style=\"color: #ff0000;\"><strong>COMPOSITIONS &amp; INGR\u00c9DIENTS :<\/strong><\/span><br \/>\nLa liste des ingr\u00e9dients peut \u00eatre soumise \u00e0 des variations, nous vous conseillons de toujours v\u00e9rifier la liste figurant sur le produit achet\u00e9.<br \/>\nFormule INCI :\u00a0Aqua, Glycerin, Alcohol Denat., Cetyl Alcohol, Dibutyl Adipate, Caprylic\/Capric Triglyceride, Dicaprylyl Carbonate, Propylheptyl Caprylate, Isobutylamido Thiazolyl Resorcinol, Sodium Hyaluronate, Tocopherol, Sodium Stearoyl Glutamate, Dimethicone, Carbomer, Phenoxyethanol, Ethylhexylglycerin, Trisodium EDTA, Sodium Hydroxide, Sodium Chloride, Parfum.<\/p>\n<p><span style=\"color: #ff0000;\"><strong>CONSEILS D\u2019UTILISATION :<\/strong><\/span><br \/>\nAppliquez quotidiennement, matin et soir, sur le visage nettoy\u00e9, avant votre routine de soin.<br \/>\nUtilisez-le seul ou avant l\u2019application de votre cr\u00e8me hydratante habituelle.<br \/>\nUtilisez des produits avec du Thiamidol* au maximum 4 fois par jour.<br \/>\n\u00c9vitez le contact avec les yeux.<br \/>\n*Thiamidol brevet\u00e9 (EP 2 758 381 B1) France, Belgique, Pays-Bas.<\/p>\n<\/div>","protected":false},"excerpt":{"rendered":"<p>Highlights:EUCERIN Anti-pigment Serum Eclat-30ml.Eucerin ANTI-PIGMENT S\u00e9rum \u00c9clat favorise l\u2019\u00e9clat de la peau et r\u00e9duit l\u2019hyperpigmentation gr\u00e2ce \u00e0 la combinaison d\u2019ingr\u00e9dients actifs puissants. Ce s\u00e9rum ultra l\u00e9ger, test\u00e9 cliniquement, contient du\u00a0Thiamidol* pour r\u00e9duire les taches brunes et pr\u00e9venir leur r\u00e9apparition.La technologie Crystal d\u2019Eucerin ANTI-PIGMENT S\u00e9rum \u00c9clat garantit une texture ultra l\u00e9g\u00e8re qui convient \u00e0 tous les types de peau et peut \u00eatre ajout\u00e9e \u00e0 n\u2019importe quelle routine de soin.\u00a0Il p\u00e9n\u00e8tre rapidement et laisse une sensation de douceur sur la peau.Un teint unifi\u00e9 et d\u2019un \u00e9clat naturelLe S\u00e9rum \u00c9clat est cliniquement et dermatologiquement prouv\u00e9 pour r\u00e9duire les taches brunes et pr\u00e9venir leur r\u00e9apparition tout en donnant plus d\u2019\u00e9clat \u00e0 votre peau. Les premiers r\u00e9sultats sont visibles apr\u00e8s deux semaines** et s\u2019am\u00e9liorent continuellement avec une utilisation r\u00e9guli\u00e8re. La peau para\u00eet plus lisse, uniforme et \u00e9clatante.\u00c0 savoir, le S\u00e9rum \u00c9clat ANTI-PIGMENT d\u2019Eucerin peut \u00eatre combin\u00e9 avec d\u2019autres produits de la gamme ANTI-PIGMENT Eucerin, comme le Soin de Jour SPF 30 ANTI-PIGMENT.*Thiamidol brevet\u00e9 (EP 2 758 381 B1) France, Belgique, Pays-Bas.**\u00c9valuation clinique, 34 femmes, 2 semaines.<\/p>","protected":false},"featured_media":39387,"comment_status":"open","ping_status":"closed","template":"","meta":[],"pwb-brand":[1582],"product_cat":[16],"product_tag":[],"class_list":{"0":"post-39386","1":"product","2":"type-product","3":"status-publish","4":"has-post-thumbnail","6":"pwb-brand-eucerin","7":"product_cat-non-classe","8":"pa_brands-eucerin","10":"first","11":"instock","12":"sale","13":"shipping-taxable","14":"purchasable","15":"product-type-simple"},"yoast_head":"<!-- This site is optimized with the Yoast SEO plugin v26.9 - https:\/\/yoast.com\/product\/yoast-seo-wordpress\/ -->\n<title>Eucerin ANTI-PIGMENT S\u00c9RUM \u00c9CLAT 30 ML - paragaleriedetalborjt<\/title>\n<meta name=\"robots\" content=\"index, follow, max-snippet:-1, max-image-preview:large, max-video-preview:-1\" \/>\n<link rel=\"canonical\" href=\"https:\/\/paragaleriedetalborjt.com\/en\/boutique\/eucerin-anti-pigment-serum-eclat-30-ml\/\" \/>\n<meta property=\"og:locale\" content=\"en_US\" \/>\n<meta property=\"og:type\" content=\"article\" \/>\n<meta property=\"og:title\" content=\"Eucerin ANTI-PIGMENT S\u00c9RUM \u00c9CLAT 30 ML - paragaleriedetalborjt\" \/>\n<meta property=\"og:description\" content=\"Highlights:EUCERIN Anti-pigment Serum Eclat-30ml.Eucerin ANTI-PIGMENT S\u00e9rum \u00c9clat favorise l\u2019\u00e9clat de la peau et r\u00e9duit l\u2019hyperpigmentation gr\u00e2ce \u00e0 la combinaison d\u2019ingr\u00e9dients actifs puissants. Ce s\u00e9rum ultra l\u00e9ger, test\u00e9 cliniquement, contient du\u00a0Thiamidol* pour r\u00e9duire les taches brunes et pr\u00e9venir leur r\u00e9apparition.La technologie Crystal d\u2019Eucerin ANTI-PIGMENT S\u00e9rum \u00c9clat garantit une texture ultra l\u00e9g\u00e8re qui convient \u00e0 tous les types de peau et peut \u00eatre ajout\u00e9e \u00e0 n\u2019importe quelle routine de soin.\u00a0Il p\u00e9n\u00e8tre rapidement et laisse une sensation de douceur sur la peau.Un teint unifi\u00e9 et d\u2019un \u00e9clat naturelLe S\u00e9rum \u00c9clat est cliniquement et dermatologiquement prouv\u00e9 pour r\u00e9duire les taches brunes et pr\u00e9venir leur r\u00e9apparition tout en donnant plus d\u2019\u00e9clat \u00e0 votre peau. Les premiers r\u00e9sultats sont visibles apr\u00e8s deux semaines** et s\u2019am\u00e9liorent continuellement avec une utilisation r\u00e9guli\u00e8re. La peau para\u00eet plus lisse, uniforme et \u00e9clatante.\u00c0 savoir, le S\u00e9rum \u00c9clat ANTI-PIGMENT d\u2019Eucerin peut \u00eatre combin\u00e9 avec d\u2019autres produits de la gamme ANTI-PIGMENT Eucerin, comme le Soin de Jour SPF 30 ANTI-PIGMENT.*Thiamidol brevet\u00e9 (EP 2 758 381 B1) France, Belgique, Pays-Bas.**\u00c9valuation clinique, 34 femmes, 2 semaines.\" \/>\n<meta property=\"og:url\" content=\"https:\/\/paragaleriedetalborjt.com\/en\/boutique\/eucerin-anti-pigment-serum-eclat-30-ml\/\" \/>\n<meta property=\"og:site_name\" content=\"paragaleriedetalborjt\" \/>\n<meta property=\"article:modified_time\" content=\"2026-01-03T19:16:20+00:00\" \/>\n<meta property=\"og:image\" content=\"https:\/\/paragaleriedetalborjt.com\/wp-content\/uploads\/2026\/01\/1-8-600x600-1.jpg\" \/>\n\t<meta property=\"og:image:width\" content=\"600\" \/>\n\t<meta property=\"og:image:height\" content=\"600\" \/>\n\t<meta property=\"og:image:type\" content=\"image\/jpeg\" \/>\n<meta name=\"twitter:card\" content=\"summary_large_image\" \/>\n<meta name=\"twitter:label1\" content=\"Est. reading time\" \/>\n\t<meta name=\"twitter:data1\" content=\"2 minutes\" \/>\n<script type=\"application\/ld+json\" class=\"yoast-schema-graph\">{\"@context\":\"https:\/\/schema.org\",\"@graph\":[{\"@type\":\"WebPage\",\"@id\":\"https:\/\/paragaleriedetalborjt.com\/boutique\/eucerin-anti-pigment-serum-eclat-30-ml\/\",\"url\":\"https:\/\/paragaleriedetalborjt.com\/boutique\/eucerin-anti-pigment-serum-eclat-30-ml\/\",\"name\":\"Eucerin ANTI-PIGMENT S\u00c9RUM \u00c9CLAT 30 ML - paragaleriedetalborjt\",\"isPartOf\":{\"@id\":\"https:\/\/paragaleriedetalborjt.com\/#website\"},\"primaryImageOfPage\":{\"@id\":\"https:\/\/paragaleriedetalborjt.com\/boutique\/eucerin-anti-pigment-serum-eclat-30-ml\/#primaryimage\"},\"image\":{\"@id\":\"https:\/\/paragaleriedetalborjt.com\/boutique\/eucerin-anti-pigment-serum-eclat-30-ml\/#primaryimage\"},\"thumbnailUrl\":\"https:\/\/paragaleriedetalborjt.com\/wp-content\/uploads\/2026\/01\/1-8-600x600-1.jpg\",\"datePublished\":\"2026-01-03T18:00:29+00:00\",\"dateModified\":\"2026-01-03T19:16:20+00:00\",\"breadcrumb\":{\"@id\":\"https:\/\/paragaleriedetalborjt.com\/boutique\/eucerin-anti-pigment-serum-eclat-30-ml\/#breadcrumb\"},\"inLanguage\":\"en-US\",\"potentialAction\":[{\"@type\":\"ReadAction\",\"target\":[\"https:\/\/paragaleriedetalborjt.com\/boutique\/eucerin-anti-pigment-serum-eclat-30-ml\/\"]}]},{\"@type\":\"ImageObject\",\"inLanguage\":\"en-US\",\"@id\":\"https:\/\/paragaleriedetalborjt.com\/boutique\/eucerin-anti-pigment-serum-eclat-30-ml\/#primaryimage\",\"url\":\"https:\/\/paragaleriedetalborjt.com\/wp-content\/uploads\/2026\/01\/1-8-600x600-1.jpg\",\"contentUrl\":\"https:\/\/paragaleriedetalborjt.com\/wp-content\/uploads\/2026\/01\/1-8-600x600-1.jpg\",\"width\":600,\"height\":600},{\"@type\":\"BreadcrumbList\",\"@id\":\"https:\/\/paragaleriedetalborjt.com\/boutique\/eucerin-anti-pigment-serum-eclat-30-ml\/#breadcrumb\",\"itemListElement\":[{\"@type\":\"ListItem\",\"position\":1,\"name\":\"Accueil\",\"item\":\"https:\/\/paragaleriedetalborjt.com\/\"},{\"@type\":\"ListItem\",\"position\":2,\"name\":\"Boutique\",\"item\":\"https:\/\/paragaleriedetalborjt.com\/boutique\/\"},{\"@type\":\"ListItem\",\"position\":3,\"name\":\"Eucerin ANTI-PIGMENT S\u00c9RUM \u00c9CLAT 30 ML\"}]},{\"@type\":\"WebSite\",\"@id\":\"https:\/\/paragaleriedetalborjt.com\/#website\",\"url\":\"https:\/\/paragaleriedetalborjt.com\/\",\"name\":\"paragaleriedetalborjt\",\"description\":\"\",\"potentialAction\":[{\"@type\":\"SearchAction\",\"target\":{\"@type\":\"EntryPoint\",\"urlTemplate\":\"https:\/\/paragaleriedetalborjt.com\/?s={search_term_string}\"},\"query-input\":{\"@type\":\"PropertyValueSpecification\",\"valueRequired\":true,\"valueName\":\"search_term_string\"}}],\"inLanguage\":\"en-US\"}]}<\/script>\n<!-- \/ Yoast SEO plugin. -->","yoast_head_json":{"title":"Eucerin ANTI-PIGMENT S\u00c9RUM \u00c9CLAT 30 ML - paragaleriedetalborjt","robots":{"index":"index","follow":"follow","max-snippet":"max-snippet:-1","max-image-preview":"max-image-preview:large","max-video-preview":"max-video-preview:-1"},"canonical":"https:\/\/paragaleriedetalborjt.com\/en\/boutique\/eucerin-anti-pigment-serum-eclat-30-ml\/","og_locale":"en_US","og_type":"article","og_title":"Eucerin ANTI-PIGMENT S\u00c9RUM \u00c9CLAT 30 ML - paragaleriedetalborjt","og_description":"Highlights:EUCERIN Anti-pigment Serum Eclat-30ml.Eucerin ANTI-PIGMENT S\u00e9rum \u00c9clat favorise l\u2019\u00e9clat de la peau et r\u00e9duit l\u2019hyperpigmentation gr\u00e2ce \u00e0 la combinaison d\u2019ingr\u00e9dients actifs puissants. Ce s\u00e9rum ultra l\u00e9ger, test\u00e9 cliniquement, contient du\u00a0Thiamidol* pour r\u00e9duire les taches brunes et pr\u00e9venir leur r\u00e9apparition.La technologie Crystal d\u2019Eucerin ANTI-PIGMENT S\u00e9rum \u00c9clat garantit une texture ultra l\u00e9g\u00e8re qui convient \u00e0 tous les types de peau et peut \u00eatre ajout\u00e9e \u00e0 n\u2019importe quelle routine de soin.\u00a0Il p\u00e9n\u00e8tre rapidement et laisse une sensation de douceur sur la peau.Un teint unifi\u00e9 et d\u2019un \u00e9clat naturelLe S\u00e9rum \u00c9clat est cliniquement et dermatologiquement prouv\u00e9 pour r\u00e9duire les taches brunes et pr\u00e9venir leur r\u00e9apparition tout en donnant plus d\u2019\u00e9clat \u00e0 votre peau. Les premiers r\u00e9sultats sont visibles apr\u00e8s deux semaines** et s\u2019am\u00e9liorent continuellement avec une utilisation r\u00e9guli\u00e8re. La peau para\u00eet plus lisse, uniforme et \u00e9clatante.\u00c0 savoir, le S\u00e9rum \u00c9clat ANTI-PIGMENT d\u2019Eucerin peut \u00eatre combin\u00e9 avec d\u2019autres produits de la gamme ANTI-PIGMENT Eucerin, comme le Soin de Jour SPF 30 ANTI-PIGMENT.*Thiamidol brevet\u00e9 (EP 2 758 381 B1) France, Belgique, Pays-Bas.**\u00c9valuation clinique, 34 femmes, 2 semaines.","og_url":"https:\/\/paragaleriedetalborjt.com\/en\/boutique\/eucerin-anti-pigment-serum-eclat-30-ml\/","og_site_name":"paragaleriedetalborjt","article_modified_time":"2026-01-03T19:16:20+00:00","og_image":[{"width":600,"height":600,"url":"https:\/\/paragaleriedetalborjt.com\/wp-content\/uploads\/2026\/01\/1-8-600x600-1.jpg","type":"image\/jpeg"}],"twitter_card":"summary_large_image","twitter_misc":{"Est. reading time":"2 minutes"},"schema":{"@context":"https:\/\/schema.org","@graph":[{"@type":"WebPage","@id":"https:\/\/paragaleriedetalborjt.com\/boutique\/eucerin-anti-pigment-serum-eclat-30-ml\/","url":"https:\/\/paragaleriedetalborjt.com\/boutique\/eucerin-anti-pigment-serum-eclat-30-ml\/","name":"Eucerin ANTI-PIGMENT S\u00c9RUM \u00c9CLAT 30 ML - paragaleriedetalborjt","isPartOf":{"@id":"https:\/\/paragaleriedetalborjt.com\/#website"},"primaryImageOfPage":{"@id":"https:\/\/paragaleriedetalborjt.com\/boutique\/eucerin-anti-pigment-serum-eclat-30-ml\/#primaryimage"},"image":{"@id":"https:\/\/paragaleriedetalborjt.com\/boutique\/eucerin-anti-pigment-serum-eclat-30-ml\/#primaryimage"},"thumbnailUrl":"https:\/\/paragaleriedetalborjt.com\/wp-content\/uploads\/2026\/01\/1-8-600x600-1.jpg","datePublished":"2026-01-03T18:00:29+00:00","dateModified":"2026-01-03T19:16:20+00:00","breadcrumb":{"@id":"https:\/\/paragaleriedetalborjt.com\/boutique\/eucerin-anti-pigment-serum-eclat-30-ml\/#breadcrumb"},"inLanguage":"en-US","potentialAction":[{"@type":"ReadAction","target":["https:\/\/paragaleriedetalborjt.com\/boutique\/eucerin-anti-pigment-serum-eclat-30-ml\/"]}]},{"@type":"ImageObject","inLanguage":"en-US","@id":"https:\/\/paragaleriedetalborjt.com\/boutique\/eucerin-anti-pigment-serum-eclat-30-ml\/#primaryimage","url":"https:\/\/paragaleriedetalborjt.com\/wp-content\/uploads\/2026\/01\/1-8-600x600-1.jpg","contentUrl":"https:\/\/paragaleriedetalborjt.com\/wp-content\/uploads\/2026\/01\/1-8-600x600-1.jpg","width":600,"height":600},{"@type":"BreadcrumbList","@id":"https:\/\/paragaleriedetalborjt.com\/boutique\/eucerin-anti-pigment-serum-eclat-30-ml\/#breadcrumb","itemListElement":[{"@type":"ListItem","position":1,"name":"Accueil","item":"https:\/\/paragaleriedetalborjt.com\/"},{"@type":"ListItem","position":2,"name":"Boutique","item":"https:\/\/paragaleriedetalborjt.com\/boutique\/"},{"@type":"ListItem","position":3,"name":"Eucerin ANTI-PIGMENT S\u00c9RUM \u00c9CLAT 30 ML"}]},{"@type":"WebSite","@id":"https:\/\/paragaleriedetalborjt.com\/#website","url":"https:\/\/paragaleriedetalborjt.com\/","name":"paragaleriedetalborjt","description":"","potentialAction":[{"@type":"SearchAction","target":{"@type":"EntryPoint","urlTemplate":"https:\/\/paragaleriedetalborjt.com\/?s={search_term_string}"},"query-input":{"@type":"PropertyValueSpecification","valueRequired":true,"valueName":"search_term_string"}}],"inLanguage":"en-US"}]}},"brands":[{"id":1582,"name":"EUCERIN","slug":"eucerin"}],"_links":{"self":[{"href":"https:\/\/paragaleriedetalborjt.com\/en\/wp-json\/wp\/v2\/product\/39386","targetHints":{"allow":["GET"]}}],"collection":[{"href":"https:\/\/paragaleriedetalborjt.com\/en\/wp-json\/wp\/v2\/product"}],"about":[{"href":"https:\/\/paragaleriedetalborjt.com\/en\/wp-json\/wp\/v2\/types\/product"}],"replies":[{"embeddable":true,"href":"https:\/\/paragaleriedetalborjt.com\/en\/wp-json\/wp\/v2\/comments?post=39386"}],"version-history":[{"count":1,"href":"https:\/\/paragaleriedetalborjt.com\/en\/wp-json\/wp\/v2\/product\/39386\/revisions"}],"predecessor-version":[{"id":39388,"href":"https:\/\/paragaleriedetalborjt.com\/en\/wp-json\/wp\/v2\/product\/39386\/revisions\/39388"}],"wp:featuredmedia":[{"embeddable":true,"href":"https:\/\/paragaleriedetalborjt.com\/en\/wp-json\/wp\/v2\/media\/39387"}],"wp:attachment":[{"href":"https:\/\/paragaleriedetalborjt.com\/en\/wp-json\/wp\/v2\/media?parent=39386"}],"wp:term":[{"taxonomy":"pwb-brand","embeddable":true,"href":"https:\/\/paragaleriedetalborjt.com\/en\/wp-json\/wp\/v2\/pwb-brand?post=39386"},{"taxonomy":"product_cat","embeddable":true,"href":"https:\/\/paragaleriedetalborjt.com\/en\/wp-json\/wp\/v2\/product_cat?post=39386"},{"taxonomy":"product_tag","embeddable":true,"href":"https:\/\/paragaleriedetalborjt.com\/en\/wp-json\/wp\/v2\/product_tag?post=39386"}],"curies":[{"name":"wp","href":"https:\/\/api.w.org\/{rel}","templated":true}]}}