{"id":39380,"date":"2026-01-03T19:00:19","date_gmt":"2026-01-03T18:00:19","guid":{"rendered":"https:\/\/paragaleriedetalborjt.com\/?post_type=product&#038;p=39380"},"modified":"2026-01-03T20:16:20","modified_gmt":"2026-01-03T19:16:20","slug":"daylong-sport-spf-50-50-ml","status":"publish","type":"product","link":"https:\/\/paragaleriedetalborjt.com\/en\/boutique\/daylong-sport-spf-50-50-ml\/","title":{"rendered":"DAYLONG SPORT SPF 50+ 50 ML"},"content":{"rendered":"<div aria-labelledby=\"tab-title-description\" class=\"woocommerce-Tabs-panel woocommerce-Tabs-panel--description panel entry-content wc-tab\" id=\"tab-description\" role=\"tabpanel\" style=\"\">\n<h2>Description<\/h2>\n<p>Convient \u00e0 toutes les activit\u00e9s sportives: La cr\u00e8me hydrogel Daylong\u2122 SPORT SPF 50+ :<br \/>\n*P\u00e9n\u00e9tration extra-rapide avec protection imm\u00e9diate gr\u00e2ce \u00e0 la *technologie d\u2019absorption rapide<br \/>\n*Ne pique pas les yeux<br \/>\n*Tr\u00e8s haute protection \u00e0 large spectre contre les rayons UVA, UVB et *infrarouges<br \/>\n*Hydrogel ultral\u00e9ger et sans graisses<br \/>\n*Haute tol\u00e9rance cutan\u00e9e (sans graisses ni \u00e9mulsifiants)<br \/>\n*Extra-r\u00e9sistant \u00e0 l\u2019eau, test\u00e9 en eau douce et en eau sal\u00e9e<br \/>\n*R\u00e9sistant \u00e0 la transpiration<br \/>\n*Non com\u00e9dog\u00e8ne (ne bouche pas les pores)<br \/>\n*Test\u00e9 sous contr\u00f4le dermatologique<br \/>\n*Sans parfum<\/p>\n<\/div>","protected":false},"excerpt":{"rendered":"<p>Highlights:Daylong\u2122 Sport SPF 50+ est une protection solaire l\u00e9g\u00e8re, matifiante et r\u00e9sistante \u00e0 l\u2019eau pour les sports de plein air. Sa technologie d\u2019absorption rapide offre une haute protection contre les rayons UV et ne contient ni graisses ni \u00e9mulsifiants. L\u2019emballage compact de 50 ml en fait un compagnon parfait pour les activit\u00e9s sportives.<\/p>","protected":false},"featured_media":39381,"comment_status":"open","ping_status":"closed","template":"","meta":[],"pwb-brand":[1731],"product_cat":[16],"product_tag":[],"class_list":{"0":"post-39380","1":"product","2":"type-product","3":"status-publish","4":"has-post-thumbnail","6":"pwb-brand-daylong","7":"product_cat-non-classe","8":"pa_brands-daylong","10":"first","11":"instock","12":"sale","13":"shipping-taxable","14":"purchasable","15":"product-type-simple"},"yoast_head":"<!-- This site is optimized with the Yoast SEO plugin v26.9 - https:\/\/yoast.com\/product\/yoast-seo-wordpress\/ -->\n<title>DAYLONG SPORT SPF 50+ 50 ML - paragaleriedetalborjt<\/title>\n<meta name=\"robots\" content=\"index, follow, max-snippet:-1, max-image-preview:large, max-video-preview:-1\" \/>\n<link rel=\"canonical\" href=\"https:\/\/paragaleriedetalborjt.com\/en\/boutique\/daylong-sport-spf-50-50-ml\/\" \/>\n<meta property=\"og:locale\" content=\"en_US\" \/>\n<meta property=\"og:type\" content=\"article\" \/>\n<meta property=\"og:title\" content=\"DAYLONG SPORT SPF 50+ 50 ML - paragaleriedetalborjt\" \/>\n<meta property=\"og:description\" content=\"Highlights:Daylong\u2122 Sport SPF 50+ est une protection solaire l\u00e9g\u00e8re, matifiante et r\u00e9sistante \u00e0 l\u2019eau pour les sports de plein air. Sa technologie d\u2019absorption rapide offre une haute protection contre les rayons UV et ne contient ni graisses ni \u00e9mulsifiants. L\u2019emballage compact de 50 ml en fait un compagnon parfait pour les activit\u00e9s sportives.\" \/>\n<meta property=\"og:url\" content=\"https:\/\/paragaleriedetalborjt.com\/en\/boutique\/daylong-sport-spf-50-50-ml\/\" \/>\n<meta property=\"og:site_name\" content=\"paragaleriedetalborjt\" \/>\n<meta property=\"article:modified_time\" content=\"2026-01-03T19:16:20+00:00\" \/>\n<meta property=\"og:image\" content=\"https:\/\/paragaleriedetalborjt.com\/wp-content\/uploads\/2026\/01\/Daylong-50-Sport-gel-50ml-1.jpg\" \/>\n\t<meta property=\"og:image:width\" content=\"595\" \/>\n\t<meta property=\"og:image:height\" content=\"655\" \/>\n\t<meta property=\"og:image:type\" content=\"image\/jpeg\" \/>\n<meta name=\"twitter:card\" content=\"summary_large_image\" \/>\n<script type=\"application\/ld+json\" class=\"yoast-schema-graph\">{\"@context\":\"https:\/\/schema.org\",\"@graph\":[{\"@type\":\"WebPage\",\"@id\":\"https:\/\/paragaleriedetalborjt.com\/boutique\/daylong-sport-spf-50-50-ml\/\",\"url\":\"https:\/\/paragaleriedetalborjt.com\/boutique\/daylong-sport-spf-50-50-ml\/\",\"name\":\"DAYLONG SPORT SPF 50+ 50 ML - paragaleriedetalborjt\",\"isPartOf\":{\"@id\":\"https:\/\/paragaleriedetalborjt.com\/#website\"},\"primaryImageOfPage\":{\"@id\":\"https:\/\/paragaleriedetalborjt.com\/boutique\/daylong-sport-spf-50-50-ml\/#primaryimage\"},\"image\":{\"@id\":\"https:\/\/paragaleriedetalborjt.com\/boutique\/daylong-sport-spf-50-50-ml\/#primaryimage\"},\"thumbnailUrl\":\"https:\/\/paragaleriedetalborjt.com\/wp-content\/uploads\/2026\/01\/Daylong-50-Sport-gel-50ml-1.jpg\",\"datePublished\":\"2026-01-03T18:00:19+00:00\",\"dateModified\":\"2026-01-03T19:16:20+00:00\",\"breadcrumb\":{\"@id\":\"https:\/\/paragaleriedetalborjt.com\/boutique\/daylong-sport-spf-50-50-ml\/#breadcrumb\"},\"inLanguage\":\"en-US\",\"potentialAction\":[{\"@type\":\"ReadAction\",\"target\":[\"https:\/\/paragaleriedetalborjt.com\/boutique\/daylong-sport-spf-50-50-ml\/\"]}]},{\"@type\":\"ImageObject\",\"inLanguage\":\"en-US\",\"@id\":\"https:\/\/paragaleriedetalborjt.com\/boutique\/daylong-sport-spf-50-50-ml\/#primaryimage\",\"url\":\"https:\/\/paragaleriedetalborjt.com\/wp-content\/uploads\/2026\/01\/Daylong-50-Sport-gel-50ml-1.jpg\",\"contentUrl\":\"https:\/\/paragaleriedetalborjt.com\/wp-content\/uploads\/2026\/01\/Daylong-50-Sport-gel-50ml-1.jpg\",\"width\":595,\"height\":655},{\"@type\":\"BreadcrumbList\",\"@id\":\"https:\/\/paragaleriedetalborjt.com\/boutique\/daylong-sport-spf-50-50-ml\/#breadcrumb\",\"itemListElement\":[{\"@type\":\"ListItem\",\"position\":1,\"name\":\"Accueil\",\"item\":\"https:\/\/paragaleriedetalborjt.com\/\"},{\"@type\":\"ListItem\",\"position\":2,\"name\":\"Boutique\",\"item\":\"https:\/\/paragaleriedetalborjt.com\/boutique\/\"},{\"@type\":\"ListItem\",\"position\":3,\"name\":\"DAYLONG SPORT SPF 50+ 50 ML\"}]},{\"@type\":\"WebSite\",\"@id\":\"https:\/\/paragaleriedetalborjt.com\/#website\",\"url\":\"https:\/\/paragaleriedetalborjt.com\/\",\"name\":\"paragaleriedetalborjt\",\"description\":\"\",\"potentialAction\":[{\"@type\":\"SearchAction\",\"target\":{\"@type\":\"EntryPoint\",\"urlTemplate\":\"https:\/\/paragaleriedetalborjt.com\/?s={search_term_string}\"},\"query-input\":{\"@type\":\"PropertyValueSpecification\",\"valueRequired\":true,\"valueName\":\"search_term_string\"}}],\"inLanguage\":\"en-US\"}]}<\/script>\n<!-- \/ Yoast SEO plugin. -->","yoast_head_json":{"title":"DAYLONG SPORT SPF 50+ 50 ML - paragaleriedetalborjt","robots":{"index":"index","follow":"follow","max-snippet":"max-snippet:-1","max-image-preview":"max-image-preview:large","max-video-preview":"max-video-preview:-1"},"canonical":"https:\/\/paragaleriedetalborjt.com\/en\/boutique\/daylong-sport-spf-50-50-ml\/","og_locale":"en_US","og_type":"article","og_title":"DAYLONG SPORT SPF 50+ 50 ML - paragaleriedetalborjt","og_description":"Highlights:Daylong\u2122 Sport SPF 50+ est une protection solaire l\u00e9g\u00e8re, matifiante et r\u00e9sistante \u00e0 l\u2019eau pour les sports de plein air. Sa technologie d\u2019absorption rapide offre une haute protection contre les rayons UV et ne contient ni graisses ni \u00e9mulsifiants. L\u2019emballage compact de 50 ml en fait un compagnon parfait pour les activit\u00e9s sportives.","og_url":"https:\/\/paragaleriedetalborjt.com\/en\/boutique\/daylong-sport-spf-50-50-ml\/","og_site_name":"paragaleriedetalborjt","article_modified_time":"2026-01-03T19:16:20+00:00","og_image":[{"width":595,"height":655,"url":"https:\/\/paragaleriedetalborjt.com\/wp-content\/uploads\/2026\/01\/Daylong-50-Sport-gel-50ml-1.jpg","type":"image\/jpeg"}],"twitter_card":"summary_large_image","schema":{"@context":"https:\/\/schema.org","@graph":[{"@type":"WebPage","@id":"https:\/\/paragaleriedetalborjt.com\/boutique\/daylong-sport-spf-50-50-ml\/","url":"https:\/\/paragaleriedetalborjt.com\/boutique\/daylong-sport-spf-50-50-ml\/","name":"DAYLONG SPORT SPF 50+ 50 ML - paragaleriedetalborjt","isPartOf":{"@id":"https:\/\/paragaleriedetalborjt.com\/#website"},"primaryImageOfPage":{"@id":"https:\/\/paragaleriedetalborjt.com\/boutique\/daylong-sport-spf-50-50-ml\/#primaryimage"},"image":{"@id":"https:\/\/paragaleriedetalborjt.com\/boutique\/daylong-sport-spf-50-50-ml\/#primaryimage"},"thumbnailUrl":"https:\/\/paragaleriedetalborjt.com\/wp-content\/uploads\/2026\/01\/Daylong-50-Sport-gel-50ml-1.jpg","datePublished":"2026-01-03T18:00:19+00:00","dateModified":"2026-01-03T19:16:20+00:00","breadcrumb":{"@id":"https:\/\/paragaleriedetalborjt.com\/boutique\/daylong-sport-spf-50-50-ml\/#breadcrumb"},"inLanguage":"en-US","potentialAction":[{"@type":"ReadAction","target":["https:\/\/paragaleriedetalborjt.com\/boutique\/daylong-sport-spf-50-50-ml\/"]}]},{"@type":"ImageObject","inLanguage":"en-US","@id":"https:\/\/paragaleriedetalborjt.com\/boutique\/daylong-sport-spf-50-50-ml\/#primaryimage","url":"https:\/\/paragaleriedetalborjt.com\/wp-content\/uploads\/2026\/01\/Daylong-50-Sport-gel-50ml-1.jpg","contentUrl":"https:\/\/paragaleriedetalborjt.com\/wp-content\/uploads\/2026\/01\/Daylong-50-Sport-gel-50ml-1.jpg","width":595,"height":655},{"@type":"BreadcrumbList","@id":"https:\/\/paragaleriedetalborjt.com\/boutique\/daylong-sport-spf-50-50-ml\/#breadcrumb","itemListElement":[{"@type":"ListItem","position":1,"name":"Accueil","item":"https:\/\/paragaleriedetalborjt.com\/"},{"@type":"ListItem","position":2,"name":"Boutique","item":"https:\/\/paragaleriedetalborjt.com\/boutique\/"},{"@type":"ListItem","position":3,"name":"DAYLONG SPORT SPF 50+ 50 ML"}]},{"@type":"WebSite","@id":"https:\/\/paragaleriedetalborjt.com\/#website","url":"https:\/\/paragaleriedetalborjt.com\/","name":"paragaleriedetalborjt","description":"","potentialAction":[{"@type":"SearchAction","target":{"@type":"EntryPoint","urlTemplate":"https:\/\/paragaleriedetalborjt.com\/?s={search_term_string}"},"query-input":{"@type":"PropertyValueSpecification","valueRequired":true,"valueName":"search_term_string"}}],"inLanguage":"en-US"}]}},"brands":[{"id":1731,"name":"DAYLONG","slug":"daylong"}],"_links":{"self":[{"href":"https:\/\/paragaleriedetalborjt.com\/en\/wp-json\/wp\/v2\/product\/39380","targetHints":{"allow":["GET"]}}],"collection":[{"href":"https:\/\/paragaleriedetalborjt.com\/en\/wp-json\/wp\/v2\/product"}],"about":[{"href":"https:\/\/paragaleriedetalborjt.com\/en\/wp-json\/wp\/v2\/types\/product"}],"replies":[{"embeddable":true,"href":"https:\/\/paragaleriedetalborjt.com\/en\/wp-json\/wp\/v2\/comments?post=39380"}],"version-history":[{"count":1,"href":"https:\/\/paragaleriedetalborjt.com\/en\/wp-json\/wp\/v2\/product\/39380\/revisions"}],"predecessor-version":[{"id":39382,"href":"https:\/\/paragaleriedetalborjt.com\/en\/wp-json\/wp\/v2\/product\/39380\/revisions\/39382"}],"wp:featuredmedia":[{"embeddable":true,"href":"https:\/\/paragaleriedetalborjt.com\/en\/wp-json\/wp\/v2\/media\/39381"}],"wp:attachment":[{"href":"https:\/\/paragaleriedetalborjt.com\/en\/wp-json\/wp\/v2\/media?parent=39380"}],"wp:term":[{"taxonomy":"pwb-brand","embeddable":true,"href":"https:\/\/paragaleriedetalborjt.com\/en\/wp-json\/wp\/v2\/pwb-brand?post=39380"},{"taxonomy":"product_cat","embeddable":true,"href":"https:\/\/paragaleriedetalborjt.com\/en\/wp-json\/wp\/v2\/product_cat?post=39380"},{"taxonomy":"product_tag","embeddable":true,"href":"https:\/\/paragaleriedetalborjt.com\/en\/wp-json\/wp\/v2\/product_tag?post=39380"}],"curies":[{"name":"wp","href":"https:\/\/api.w.org\/{rel}","templated":true}]}}