{"id":39350,"date":"2026-01-03T18:59:17","date_gmt":"2026-01-03T17:59:17","guid":{"rendered":"https:\/\/paragaleriedetalborjt.com\/?post_type=product&#038;p=39350"},"modified":"2026-01-03T20:16:18","modified_gmt":"2026-01-03T19:16:18","slug":"klorane-shampoing-seboreducteur-a-lortie-bio-cheveux-gras-200-ml","status":"publish","type":"product","link":"https:\/\/paragaleriedetalborjt.com\/en\/boutique\/klorane-shampoing-seboreducteur-a-lortie-bio-cheveux-gras-200-ml\/","title":{"rendered":"Klorane \u2013 Shampoing S\u00e9bor\u00e9ducteur \u00e0 l\u2019Ortie BIO \u2013 Cheveux gras 200 ml"},"content":{"rendered":"<div aria-labelledby=\"tab-title-description\" class=\"woocommerce-Tabs-panel woocommerce-Tabs-panel--description panel entry-content wc-tab\" id=\"tab-description\" role=\"tabpanel\" style=\"\">\n<h2>Description<\/h2>\n<p>Gr\u00e2ce \u00e0 sa base lavante respectueuse de l\u2019\u00e9quilibre naturel du cuir chevelu, il nettoie efficacement tout en r\u00e9duisant la production de s\u00e9bum, pour un cuir chevelu propre et une chevelure l\u00e9g\u00e8re plus longtemps*. Ce soin \u00e0 l\u2019effet \u00ab buvard \u00bb tire ses propri\u00e9t\u00e9s r\u00e9gulatrices et assainissantes de l\u2019Ortie blanche, aux vertus s\u00e9bor\u00e9ductrices. Apr\u00e8s l\u2019application, le cuir chevelu est purifi\u00e9, la chevelure a\u00e9r\u00e9e, ce qui permet d\u2019espacer progressivement les shampoings.<\/p>\n<p>*Cheveux moins gras : 91 % de satisfaction \u2013 test de satisfaction \u2013 33 personnes apr\u00e8s 28 jours d\u2019utilisation.<\/p>\n<p>\u00ab\u00a0\u2013 Purifiant : base lavante douce et astringente pour purifier le cuir chevelu et les cheveux gras sans d\u00e9caper. \u2013 S\u00e9bor\u00e9gulateur : son action s\u00e9bor\u00e9gulatrice r\u00e9\u00e9quilibre les glandes s\u00e9bac\u00e9es et diminue la production de s\u00e9bum, pour des cheveux qui regraissent moins vite**. \u2013 Permet d\u2019espacer les shampoings : sa formule efficace \u00e0 l\u2019Ortie blanche cultiv\u00e9e dans le respect de l\u2019\u00e9cosyst\u00e8me environnant permet de limiter les shampoings.\u00a0\u00bb<\/p>\n<p><strong><span style=\"font-size: 1rem\">Conseils d\u2019utilisation ;<\/span><\/strong><\/p>\n<p>1 . APPLIQUERAppliquer sur les cheveux et le cuir chevelu humides.2 . MOUSSERFaire mousser le shampoing et masser d\u00e9licatement.3 . RINCERRincer les cheveux et le cuir chevelu<\/p>\n<p><strong>Ingredients :<\/strong><\/p>\n<p>WATER (AQUA)*. DISODIUM LAURETH SULFOSUCCINATE. DECYL GLUCOSIDE*. LAURYL BETAINE. CETEARETH-60 MYRISTYL GLYCOL. LAURETH-3. GLYCERYL LAURATE*. URTICA DIOICA (NETTLE) ROOT EXTRACT (URTICA DIOICA ROOT EXTRACT)*. CAPRYLYL GLYCOL. CITRIC ACID*. FRAGRANCE (PARFUM). GREEN 3 (CI 42053). MALEIC ACID. POLYQUATERNIUM-22. POLYSORBATE 20. PROPYLENE GLYCOL. SODIUM BENZOATE. SODIUM CHLORIDE. TRISODIUM ETHYLENEDIAMINE DISUCCINATE. YELLOW 6 (CI 15985)<\/p>\n<\/div>","protected":false},"excerpt":{"rendered":"<p>Highlights:Enrichi en extrait d\u2019Ortie BIO, le Shampoing S\u00e9bor\u00e9ducteur de Klorane r\u00e9pond aux besoins des cheveux gras<\/p>","protected":false},"featured_media":39351,"comment_status":"open","ping_status":"closed","template":"","meta":[],"pwb-brand":[1573],"product_cat":[16],"product_tag":[],"class_list":{"0":"post-39350","1":"product","2":"type-product","3":"status-publish","4":"has-post-thumbnail","6":"pwb-brand-klorane","7":"product_cat-non-classe","8":"pa_brands-klorane","10":"first","11":"instock","12":"sale","13":"shipping-taxable","14":"purchasable","15":"product-type-simple"},"yoast_head":"<!-- This site is optimized with the Yoast SEO plugin v27.5 - https:\/\/yoast.com\/product\/yoast-seo-wordpress\/ -->\n<title>Klorane \u2013 Shampoing S\u00e9bor\u00e9ducteur \u00e0 l\u2019Ortie BIO \u2013 Cheveux gras 200 ml - paragaleriedetalborjt<\/title>\n<meta name=\"robots\" content=\"index, follow, max-snippet:-1, max-image-preview:large, max-video-preview:-1\" \/>\n<link rel=\"canonical\" href=\"https:\/\/paragaleriedetalborjt.com\/en\/boutique\/klorane-shampoing-seboreducteur-a-lortie-bio-cheveux-gras-200-ml\/\" \/>\n<meta property=\"og:locale\" content=\"en_US\" \/>\n<meta property=\"og:type\" content=\"article\" \/>\n<meta property=\"og:title\" content=\"Klorane \u2013 Shampoing S\u00e9bor\u00e9ducteur \u00e0 l\u2019Ortie BIO \u2013 Cheveux gras 200 ml - paragaleriedetalborjt\" \/>\n<meta property=\"og:description\" content=\"Highlights:Enrichi en extrait d\u2019Ortie BIO, le Shampoing S\u00e9bor\u00e9ducteur de Klorane r\u00e9pond aux besoins des cheveux gras\" \/>\n<meta property=\"og:url\" content=\"https:\/\/paragaleriedetalborjt.com\/en\/boutique\/klorane-shampoing-seboreducteur-a-lortie-bio-cheveux-gras-200-ml\/\" \/>\n<meta property=\"og:site_name\" content=\"paragaleriedetalborjt\" \/>\n<meta property=\"article:modified_time\" content=\"2026-01-03T19:16:18+00:00\" \/>\n<meta property=\"og:image\" content=\"https:\/\/paragaleriedetalborjt.com\/wp-content\/uploads\/2026\/01\/3282770141917-Klorane-ShampoingSC3A9borC3A9ducteurC3A0l27OrtieBIO-Cheveuxgras-0922866001680871092-600x600-1.jpg\" \/>\n\t<meta property=\"og:image:width\" content=\"600\" \/>\n\t<meta property=\"og:image:height\" content=\"600\" \/>\n\t<meta property=\"og:image:type\" content=\"image\/jpeg\" \/>\n<meta name=\"twitter:card\" content=\"summary_large_image\" \/>\n<meta name=\"twitter:label1\" content=\"Est. reading time\" \/>\n\t<meta name=\"twitter:data1\" content=\"1 minute\" \/>\n<script type=\"application\/ld+json\" class=\"yoast-schema-graph\">{\"@context\":\"https:\\\/\\\/schema.org\",\"@graph\":[{\"@type\":\"WebPage\",\"@id\":\"https:\\\/\\\/paragaleriedetalborjt.com\\\/boutique\\\/klorane-shampoing-seboreducteur-a-lortie-bio-cheveux-gras-200-ml\\\/\",\"url\":\"https:\\\/\\\/paragaleriedetalborjt.com\\\/boutique\\\/klorane-shampoing-seboreducteur-a-lortie-bio-cheveux-gras-200-ml\\\/\",\"name\":\"Klorane \u2013 Shampoing S\u00e9bor\u00e9ducteur \u00e0 l\u2019Ortie BIO \u2013 Cheveux gras 200 ml - paragaleriedetalborjt\",\"isPartOf\":{\"@id\":\"https:\\\/\\\/paragaleriedetalborjt.com\\\/#website\"},\"primaryImageOfPage\":{\"@id\":\"https:\\\/\\\/paragaleriedetalborjt.com\\\/boutique\\\/klorane-shampoing-seboreducteur-a-lortie-bio-cheveux-gras-200-ml\\\/#primaryimage\"},\"image\":{\"@id\":\"https:\\\/\\\/paragaleriedetalborjt.com\\\/boutique\\\/klorane-shampoing-seboreducteur-a-lortie-bio-cheveux-gras-200-ml\\\/#primaryimage\"},\"thumbnailUrl\":\"https:\\\/\\\/paragaleriedetalborjt.com\\\/wp-content\\\/uploads\\\/2026\\\/01\\\/3282770141917-Klorane-ShampoingSC3A9borC3A9ducteurC3A0l27OrtieBIO-Cheveuxgras-0922866001680871092-600x600-1.jpg\",\"datePublished\":\"2026-01-03T17:59:17+00:00\",\"dateModified\":\"2026-01-03T19:16:18+00:00\",\"breadcrumb\":{\"@id\":\"https:\\\/\\\/paragaleriedetalborjt.com\\\/boutique\\\/klorane-shampoing-seboreducteur-a-lortie-bio-cheveux-gras-200-ml\\\/#breadcrumb\"},\"inLanguage\":\"en-US\",\"potentialAction\":[{\"@type\":\"ReadAction\",\"target\":[\"https:\\\/\\\/paragaleriedetalborjt.com\\\/boutique\\\/klorane-shampoing-seboreducteur-a-lortie-bio-cheveux-gras-200-ml\\\/\"]}]},{\"@type\":\"ImageObject\",\"inLanguage\":\"en-US\",\"@id\":\"https:\\\/\\\/paragaleriedetalborjt.com\\\/boutique\\\/klorane-shampoing-seboreducteur-a-lortie-bio-cheveux-gras-200-ml\\\/#primaryimage\",\"url\":\"https:\\\/\\\/paragaleriedetalborjt.com\\\/wp-content\\\/uploads\\\/2026\\\/01\\\/3282770141917-Klorane-ShampoingSC3A9borC3A9ducteurC3A0l27OrtieBIO-Cheveuxgras-0922866001680871092-600x600-1.jpg\",\"contentUrl\":\"https:\\\/\\\/paragaleriedetalborjt.com\\\/wp-content\\\/uploads\\\/2026\\\/01\\\/3282770141917-Klorane-ShampoingSC3A9borC3A9ducteurC3A0l27OrtieBIO-Cheveuxgras-0922866001680871092-600x600-1.jpg\",\"width\":600,\"height\":600},{\"@type\":\"BreadcrumbList\",\"@id\":\"https:\\\/\\\/paragaleriedetalborjt.com\\\/boutique\\\/klorane-shampoing-seboreducteur-a-lortie-bio-cheveux-gras-200-ml\\\/#breadcrumb\",\"itemListElement\":[{\"@type\":\"ListItem\",\"position\":1,\"name\":\"Accueil\",\"item\":\"https:\\\/\\\/paragaleriedetalborjt.com\\\/\"},{\"@type\":\"ListItem\",\"position\":2,\"name\":\"Boutique\",\"item\":\"https:\\\/\\\/paragaleriedetalborjt.com\\\/boutique\\\/\"},{\"@type\":\"ListItem\",\"position\":3,\"name\":\"Klorane \u2013 Shampoing S\u00e9bor\u00e9ducteur \u00e0 l\u2019Ortie BIO \u2013 Cheveux gras 200 ml\"}]},{\"@type\":\"WebSite\",\"@id\":\"https:\\\/\\\/paragaleriedetalborjt.com\\\/#website\",\"url\":\"https:\\\/\\\/paragaleriedetalborjt.com\\\/\",\"name\":\"paragaleriedetalborjt\",\"description\":\"\",\"potentialAction\":[{\"@type\":\"SearchAction\",\"target\":{\"@type\":\"EntryPoint\",\"urlTemplate\":\"https:\\\/\\\/paragaleriedetalborjt.com\\\/?s={search_term_string}\"},\"query-input\":{\"@type\":\"PropertyValueSpecification\",\"valueRequired\":true,\"valueName\":\"search_term_string\"}}],\"inLanguage\":\"en-US\"}]}<\/script>\n<!-- \/ Yoast SEO plugin. -->","yoast_head_json":{"title":"Klorane \u2013 Shampoing S\u00e9bor\u00e9ducteur \u00e0 l\u2019Ortie BIO \u2013 Cheveux gras 200 ml - paragaleriedetalborjt","robots":{"index":"index","follow":"follow","max-snippet":"max-snippet:-1","max-image-preview":"max-image-preview:large","max-video-preview":"max-video-preview:-1"},"canonical":"https:\/\/paragaleriedetalborjt.com\/en\/boutique\/klorane-shampoing-seboreducteur-a-lortie-bio-cheveux-gras-200-ml\/","og_locale":"en_US","og_type":"article","og_title":"Klorane \u2013 Shampoing S\u00e9bor\u00e9ducteur \u00e0 l\u2019Ortie BIO \u2013 Cheveux gras 200 ml - paragaleriedetalborjt","og_description":"Highlights:Enrichi en extrait d\u2019Ortie BIO, le Shampoing S\u00e9bor\u00e9ducteur de Klorane r\u00e9pond aux besoins des cheveux gras","og_url":"https:\/\/paragaleriedetalborjt.com\/en\/boutique\/klorane-shampoing-seboreducteur-a-lortie-bio-cheveux-gras-200-ml\/","og_site_name":"paragaleriedetalborjt","article_modified_time":"2026-01-03T19:16:18+00:00","og_image":[{"width":600,"height":600,"url":"https:\/\/paragaleriedetalborjt.com\/wp-content\/uploads\/2026\/01\/3282770141917-Klorane-ShampoingSC3A9borC3A9ducteurC3A0l27OrtieBIO-Cheveuxgras-0922866001680871092-600x600-1.jpg","type":"image\/jpeg"}],"twitter_card":"summary_large_image","twitter_misc":{"Est. reading time":"1 minute"},"schema":{"@context":"https:\/\/schema.org","@graph":[{"@type":"WebPage","@id":"https:\/\/paragaleriedetalborjt.com\/boutique\/klorane-shampoing-seboreducteur-a-lortie-bio-cheveux-gras-200-ml\/","url":"https:\/\/paragaleriedetalborjt.com\/boutique\/klorane-shampoing-seboreducteur-a-lortie-bio-cheveux-gras-200-ml\/","name":"Klorane \u2013 Shampoing S\u00e9bor\u00e9ducteur \u00e0 l\u2019Ortie BIO \u2013 Cheveux gras 200 ml - paragaleriedetalborjt","isPartOf":{"@id":"https:\/\/paragaleriedetalborjt.com\/#website"},"primaryImageOfPage":{"@id":"https:\/\/paragaleriedetalborjt.com\/boutique\/klorane-shampoing-seboreducteur-a-lortie-bio-cheveux-gras-200-ml\/#primaryimage"},"image":{"@id":"https:\/\/paragaleriedetalborjt.com\/boutique\/klorane-shampoing-seboreducteur-a-lortie-bio-cheveux-gras-200-ml\/#primaryimage"},"thumbnailUrl":"https:\/\/paragaleriedetalborjt.com\/wp-content\/uploads\/2026\/01\/3282770141917-Klorane-ShampoingSC3A9borC3A9ducteurC3A0l27OrtieBIO-Cheveuxgras-0922866001680871092-600x600-1.jpg","datePublished":"2026-01-03T17:59:17+00:00","dateModified":"2026-01-03T19:16:18+00:00","breadcrumb":{"@id":"https:\/\/paragaleriedetalborjt.com\/boutique\/klorane-shampoing-seboreducteur-a-lortie-bio-cheveux-gras-200-ml\/#breadcrumb"},"inLanguage":"en-US","potentialAction":[{"@type":"ReadAction","target":["https:\/\/paragaleriedetalborjt.com\/boutique\/klorane-shampoing-seboreducteur-a-lortie-bio-cheveux-gras-200-ml\/"]}]},{"@type":"ImageObject","inLanguage":"en-US","@id":"https:\/\/paragaleriedetalborjt.com\/boutique\/klorane-shampoing-seboreducteur-a-lortie-bio-cheveux-gras-200-ml\/#primaryimage","url":"https:\/\/paragaleriedetalborjt.com\/wp-content\/uploads\/2026\/01\/3282770141917-Klorane-ShampoingSC3A9borC3A9ducteurC3A0l27OrtieBIO-Cheveuxgras-0922866001680871092-600x600-1.jpg","contentUrl":"https:\/\/paragaleriedetalborjt.com\/wp-content\/uploads\/2026\/01\/3282770141917-Klorane-ShampoingSC3A9borC3A9ducteurC3A0l27OrtieBIO-Cheveuxgras-0922866001680871092-600x600-1.jpg","width":600,"height":600},{"@type":"BreadcrumbList","@id":"https:\/\/paragaleriedetalborjt.com\/boutique\/klorane-shampoing-seboreducteur-a-lortie-bio-cheveux-gras-200-ml\/#breadcrumb","itemListElement":[{"@type":"ListItem","position":1,"name":"Accueil","item":"https:\/\/paragaleriedetalborjt.com\/"},{"@type":"ListItem","position":2,"name":"Boutique","item":"https:\/\/paragaleriedetalborjt.com\/boutique\/"},{"@type":"ListItem","position":3,"name":"Klorane \u2013 Shampoing S\u00e9bor\u00e9ducteur \u00e0 l\u2019Ortie BIO \u2013 Cheveux gras 200 ml"}]},{"@type":"WebSite","@id":"https:\/\/paragaleriedetalborjt.com\/#website","url":"https:\/\/paragaleriedetalborjt.com\/","name":"paragaleriedetalborjt","description":"","potentialAction":[{"@type":"SearchAction","target":{"@type":"EntryPoint","urlTemplate":"https:\/\/paragaleriedetalborjt.com\/?s={search_term_string}"},"query-input":{"@type":"PropertyValueSpecification","valueRequired":true,"valueName":"search_term_string"}}],"inLanguage":"en-US"}]}},"brands":[{"id":1573,"name":"KLORANE","slug":"klorane"}],"_links":{"self":[{"href":"https:\/\/paragaleriedetalborjt.com\/en\/wp-json\/wp\/v2\/product\/39350","targetHints":{"allow":["GET"]}}],"collection":[{"href":"https:\/\/paragaleriedetalborjt.com\/en\/wp-json\/wp\/v2\/product"}],"about":[{"href":"https:\/\/paragaleriedetalborjt.com\/en\/wp-json\/wp\/v2\/types\/product"}],"replies":[{"embeddable":true,"href":"https:\/\/paragaleriedetalborjt.com\/en\/wp-json\/wp\/v2\/comments?post=39350"}],"version-history":[{"count":1,"href":"https:\/\/paragaleriedetalborjt.com\/en\/wp-json\/wp\/v2\/product\/39350\/revisions"}],"predecessor-version":[{"id":39352,"href":"https:\/\/paragaleriedetalborjt.com\/en\/wp-json\/wp\/v2\/product\/39350\/revisions\/39352"}],"wp:featuredmedia":[{"embeddable":true,"href":"https:\/\/paragaleriedetalborjt.com\/en\/wp-json\/wp\/v2\/media\/39351"}],"wp:attachment":[{"href":"https:\/\/paragaleriedetalborjt.com\/en\/wp-json\/wp\/v2\/media?parent=39350"}],"wp:term":[{"taxonomy":"pwb-brand","embeddable":true,"href":"https:\/\/paragaleriedetalborjt.com\/en\/wp-json\/wp\/v2\/pwb-brand?post=39350"},{"taxonomy":"product_cat","embeddable":true,"href":"https:\/\/paragaleriedetalborjt.com\/en\/wp-json\/wp\/v2\/product_cat?post=39350"},{"taxonomy":"product_tag","embeddable":true,"href":"https:\/\/paragaleriedetalborjt.com\/en\/wp-json\/wp\/v2\/product_tag?post=39350"}],"curies":[{"name":"wp","href":"https:\/\/api.w.org\/{rel}","templated":true}]}}