{"id":39347,"date":"2026-01-03T18:59:11","date_gmt":"2026-01-03T17:59:11","guid":{"rendered":"https:\/\/paragaleriedetalborjt.com\/?post_type=product&#038;p=39347"},"modified":"2026-01-03T20:16:18","modified_gmt":"2026-01-03T19:16:18","slug":"novexpert-vitamine-c-flash-eclat-mousse-nettoyante-150-ml","status":"publish","type":"product","link":"https:\/\/paragaleriedetalborjt.com\/en\/boutique\/novexpert-vitamine-c-flash-eclat-mousse-nettoyante-150-ml\/","title":{"rendered":"Novexpert Vitamine C Flash Eclat Mousse Nettoyante \u2013 150 ml"},"content":{"rendered":"<div aria-labelledby=\"tab-title-description\" class=\"woocommerce-Tabs-panel woocommerce-Tabs-panel--description panel entry-content wc-tab\" id=\"tab-description\" role=\"tabpanel\" style=\"\">\n<h2>Description<\/h2>\n<p>Description<br \/>\nNovexpert Vitamine C Flash Eclat Mousse Nettoyante 150 ml est un soin \u00e0 double effet :<br \/>\n\u2013 une peau nette en 10 secondes : in\u00e9dit, une mousse a\u00e9rienne enl\u00e8ve en douceur maquillage, exc\u00e8s de s\u00e9bum et traces de pollution,<br \/>\n\u2013 une peau lisse en 20 secondes : prodigieux, des pores resserr\u00e9s, un grain de peau affin\u00e9, un effet \u00ab\u00a0peau neuve\u00a0\u00bb et un \u00e9clat \u00e9tonnant gr\u00e2ce \u00e0 une action micro-peeling ultra-douce.<br \/>\nHypoallerg\u00e9nique.<br \/>\n0% : conservateurs, parab\u00e8nes, savon, SLS\/SLES.<br \/>\nCosm\u00e9tique \u00e9cologique et biologique certifi\u00e9 par Ecocert Greenlife selon le r\u00e9f\u00e9rentiel Ecocert.<br \/>\n20,6% du total des ingr\u00e9dients sont issus de l\u2019agriculture Biologique.<\/p>\n<p>Conseils d\u2019utilisation<br \/>\nAppliquer sur visage humide. Laisser agir 20 secondes. Masser et rincer.<br \/>\nEn cas de contact avec les yeux, rincer abondamment.<\/p>\n<p>Indication<br \/>\nSoin anti-\u00e2ge du contour des yeux. Tous types de peaux.<\/p>\n<p>Composition<br \/>\nAqua (Water)*, Glyceryn*, Coco-Glucoside*, Decyl Glucoside*, Caprylyl\/Capryl Glucoside*, Gluconolactone*, Citric Acid*, Disodium Cocoyl Glutamate*, Parfum (Fragrance)*, Ascorbyl Glucoside*, Zinc-PCA*, Citrus Aurantium Dulcis (Orange) Fruit Water*\u00b0, Glyceryl Caprylate*, Sodium Cocoyl Glutamate*, Aloe Barbadensis Leaf Juice*\u00b0, PCA Ethyl Cocoyl Arginate*, Phytic Acid*, Carica Papaya (Papaya) Fruit Extract*.<br \/>\n* 100% du total des ingr\u00e9dients sont d\u2019origine naturelle.<br \/>\n\u00b0ingr\u00e9dient issu de l\u2019agriculture Biologique.<\/p>\n<\/div>","protected":false},"excerpt":{"rendered":"<p>Highlights:la Mousse Nettoyante Flash \u00c9clat Laboratoires Novexpert nettoie et lisse le grain de peau en douceur. Sans huiles essentielles, ce soin complet retire le maquillage, l\u2019exc\u00e8s de s\u00e9bum et les traces de pollution tout en resserrant les pores et affinant le grain de peau. Effet peau neuve garanti gr\u00e2ce \u00e0 son micro-peeling tout doux ! Unisexe, elle convient \u00e0 tous les types de peaux et tous les \u00e2ges.<\/p>","protected":false},"featured_media":39348,"comment_status":"open","ping_status":"closed","template":"","meta":[],"pwb-brand":[1593],"product_cat":[16],"product_tag":[],"class_list":{"0":"post-39347","1":"product","2":"type-product","3":"status-publish","4":"has-post-thumbnail","6":"pwb-brand-novexpert","7":"product_cat-non-classe","8":"pa_brands-novexpert","10":"first","11":"instock","12":"sale","13":"shipping-taxable","14":"purchasable","15":"product-type-simple"},"yoast_head":"<!-- This site is optimized with the Yoast SEO plugin v27.5 - https:\/\/yoast.com\/product\/yoast-seo-wordpress\/ -->\n<title>Novexpert Vitamine C Flash Eclat Mousse Nettoyante \u2013 150 ml - paragaleriedetalborjt<\/title>\n<meta name=\"robots\" content=\"index, follow, max-snippet:-1, max-image-preview:large, max-video-preview:-1\" \/>\n<link rel=\"canonical\" href=\"https:\/\/paragaleriedetalborjt.com\/en\/boutique\/novexpert-vitamine-c-flash-eclat-mousse-nettoyante-150-ml\/\" \/>\n<meta property=\"og:locale\" content=\"en_US\" \/>\n<meta property=\"og:type\" content=\"article\" \/>\n<meta property=\"og:title\" content=\"Novexpert Vitamine C Flash Eclat Mousse Nettoyante \u2013 150 ml - paragaleriedetalborjt\" \/>\n<meta property=\"og:description\" content=\"Highlights:la Mousse Nettoyante Flash \u00c9clat Laboratoires Novexpert nettoie et lisse le grain de peau en douceur. Sans huiles essentielles, ce soin complet retire le maquillage, l\u2019exc\u00e8s de s\u00e9bum et les traces de pollution tout en resserrant les pores et affinant le grain de peau. Effet peau neuve garanti gr\u00e2ce \u00e0 son micro-peeling tout doux ! Unisexe, elle convient \u00e0 tous les types de peaux et tous les \u00e2ges.\" \/>\n<meta property=\"og:url\" content=\"https:\/\/paragaleriedetalborjt.com\/en\/boutique\/novexpert-vitamine-c-flash-eclat-mousse-nettoyante-150-ml\/\" \/>\n<meta property=\"og:site_name\" content=\"paragaleriedetalborjt\" \/>\n<meta property=\"article:modified_time\" content=\"2026-01-03T19:16:18+00:00\" \/>\n<meta property=\"og:image\" content=\"https:\/\/paragaleriedetalborjt.com\/wp-content\/uploads\/2026\/01\/3661467002388.jpg\" \/>\n\t<meta property=\"og:image:width\" content=\"595\" \/>\n\t<meta property=\"og:image:height\" content=\"655\" \/>\n\t<meta property=\"og:image:type\" content=\"image\/jpeg\" \/>\n<meta name=\"twitter:card\" content=\"summary_large_image\" \/>\n<meta name=\"twitter:label1\" content=\"Est. reading time\" \/>\n\t<meta name=\"twitter:data1\" content=\"1 minute\" \/>\n<script type=\"application\/ld+json\" class=\"yoast-schema-graph\">{\"@context\":\"https:\\\/\\\/schema.org\",\"@graph\":[{\"@type\":\"WebPage\",\"@id\":\"https:\\\/\\\/paragaleriedetalborjt.com\\\/boutique\\\/novexpert-vitamine-c-flash-eclat-mousse-nettoyante-150-ml\\\/\",\"url\":\"https:\\\/\\\/paragaleriedetalborjt.com\\\/boutique\\\/novexpert-vitamine-c-flash-eclat-mousse-nettoyante-150-ml\\\/\",\"name\":\"Novexpert Vitamine C Flash Eclat Mousse Nettoyante \u2013 150 ml - paragaleriedetalborjt\",\"isPartOf\":{\"@id\":\"https:\\\/\\\/paragaleriedetalborjt.com\\\/#website\"},\"primaryImageOfPage\":{\"@id\":\"https:\\\/\\\/paragaleriedetalborjt.com\\\/boutique\\\/novexpert-vitamine-c-flash-eclat-mousse-nettoyante-150-ml\\\/#primaryimage\"},\"image\":{\"@id\":\"https:\\\/\\\/paragaleriedetalborjt.com\\\/boutique\\\/novexpert-vitamine-c-flash-eclat-mousse-nettoyante-150-ml\\\/#primaryimage\"},\"thumbnailUrl\":\"https:\\\/\\\/paragaleriedetalborjt.com\\\/wp-content\\\/uploads\\\/2026\\\/01\\\/3661467002388.jpg\",\"datePublished\":\"2026-01-03T17:59:11+00:00\",\"dateModified\":\"2026-01-03T19:16:18+00:00\",\"breadcrumb\":{\"@id\":\"https:\\\/\\\/paragaleriedetalborjt.com\\\/boutique\\\/novexpert-vitamine-c-flash-eclat-mousse-nettoyante-150-ml\\\/#breadcrumb\"},\"inLanguage\":\"en-US\",\"potentialAction\":[{\"@type\":\"ReadAction\",\"target\":[\"https:\\\/\\\/paragaleriedetalborjt.com\\\/boutique\\\/novexpert-vitamine-c-flash-eclat-mousse-nettoyante-150-ml\\\/\"]}]},{\"@type\":\"ImageObject\",\"inLanguage\":\"en-US\",\"@id\":\"https:\\\/\\\/paragaleriedetalborjt.com\\\/boutique\\\/novexpert-vitamine-c-flash-eclat-mousse-nettoyante-150-ml\\\/#primaryimage\",\"url\":\"https:\\\/\\\/paragaleriedetalborjt.com\\\/wp-content\\\/uploads\\\/2026\\\/01\\\/3661467002388.jpg\",\"contentUrl\":\"https:\\\/\\\/paragaleriedetalborjt.com\\\/wp-content\\\/uploads\\\/2026\\\/01\\\/3661467002388.jpg\",\"width\":595,\"height\":655},{\"@type\":\"BreadcrumbList\",\"@id\":\"https:\\\/\\\/paragaleriedetalborjt.com\\\/boutique\\\/novexpert-vitamine-c-flash-eclat-mousse-nettoyante-150-ml\\\/#breadcrumb\",\"itemListElement\":[{\"@type\":\"ListItem\",\"position\":1,\"name\":\"Accueil\",\"item\":\"https:\\\/\\\/paragaleriedetalborjt.com\\\/\"},{\"@type\":\"ListItem\",\"position\":2,\"name\":\"Boutique\",\"item\":\"https:\\\/\\\/paragaleriedetalborjt.com\\\/boutique\\\/\"},{\"@type\":\"ListItem\",\"position\":3,\"name\":\"Novexpert Vitamine C Flash Eclat Mousse Nettoyante \u2013 150 ml\"}]},{\"@type\":\"WebSite\",\"@id\":\"https:\\\/\\\/paragaleriedetalborjt.com\\\/#website\",\"url\":\"https:\\\/\\\/paragaleriedetalborjt.com\\\/\",\"name\":\"paragaleriedetalborjt\",\"description\":\"\",\"potentialAction\":[{\"@type\":\"SearchAction\",\"target\":{\"@type\":\"EntryPoint\",\"urlTemplate\":\"https:\\\/\\\/paragaleriedetalborjt.com\\\/?s={search_term_string}\"},\"query-input\":{\"@type\":\"PropertyValueSpecification\",\"valueRequired\":true,\"valueName\":\"search_term_string\"}}],\"inLanguage\":\"en-US\"}]}<\/script>\n<!-- \/ Yoast SEO plugin. -->","yoast_head_json":{"title":"Novexpert Vitamine C Flash Eclat Mousse Nettoyante \u2013 150 ml - paragaleriedetalborjt","robots":{"index":"index","follow":"follow","max-snippet":"max-snippet:-1","max-image-preview":"max-image-preview:large","max-video-preview":"max-video-preview:-1"},"canonical":"https:\/\/paragaleriedetalborjt.com\/en\/boutique\/novexpert-vitamine-c-flash-eclat-mousse-nettoyante-150-ml\/","og_locale":"en_US","og_type":"article","og_title":"Novexpert Vitamine C Flash Eclat Mousse Nettoyante \u2013 150 ml - paragaleriedetalborjt","og_description":"Highlights:la Mousse Nettoyante Flash \u00c9clat Laboratoires Novexpert nettoie et lisse le grain de peau en douceur. Sans huiles essentielles, ce soin complet retire le maquillage, l\u2019exc\u00e8s de s\u00e9bum et les traces de pollution tout en resserrant les pores et affinant le grain de peau. Effet peau neuve garanti gr\u00e2ce \u00e0 son micro-peeling tout doux ! Unisexe, elle convient \u00e0 tous les types de peaux et tous les \u00e2ges.","og_url":"https:\/\/paragaleriedetalborjt.com\/en\/boutique\/novexpert-vitamine-c-flash-eclat-mousse-nettoyante-150-ml\/","og_site_name":"paragaleriedetalborjt","article_modified_time":"2026-01-03T19:16:18+00:00","og_image":[{"width":595,"height":655,"url":"https:\/\/paragaleriedetalborjt.com\/wp-content\/uploads\/2026\/01\/3661467002388.jpg","type":"image\/jpeg"}],"twitter_card":"summary_large_image","twitter_misc":{"Est. reading time":"1 minute"},"schema":{"@context":"https:\/\/schema.org","@graph":[{"@type":"WebPage","@id":"https:\/\/paragaleriedetalborjt.com\/boutique\/novexpert-vitamine-c-flash-eclat-mousse-nettoyante-150-ml\/","url":"https:\/\/paragaleriedetalborjt.com\/boutique\/novexpert-vitamine-c-flash-eclat-mousse-nettoyante-150-ml\/","name":"Novexpert Vitamine C Flash Eclat Mousse Nettoyante \u2013 150 ml - paragaleriedetalborjt","isPartOf":{"@id":"https:\/\/paragaleriedetalborjt.com\/#website"},"primaryImageOfPage":{"@id":"https:\/\/paragaleriedetalborjt.com\/boutique\/novexpert-vitamine-c-flash-eclat-mousse-nettoyante-150-ml\/#primaryimage"},"image":{"@id":"https:\/\/paragaleriedetalborjt.com\/boutique\/novexpert-vitamine-c-flash-eclat-mousse-nettoyante-150-ml\/#primaryimage"},"thumbnailUrl":"https:\/\/paragaleriedetalborjt.com\/wp-content\/uploads\/2026\/01\/3661467002388.jpg","datePublished":"2026-01-03T17:59:11+00:00","dateModified":"2026-01-03T19:16:18+00:00","breadcrumb":{"@id":"https:\/\/paragaleriedetalborjt.com\/boutique\/novexpert-vitamine-c-flash-eclat-mousse-nettoyante-150-ml\/#breadcrumb"},"inLanguage":"en-US","potentialAction":[{"@type":"ReadAction","target":["https:\/\/paragaleriedetalborjt.com\/boutique\/novexpert-vitamine-c-flash-eclat-mousse-nettoyante-150-ml\/"]}]},{"@type":"ImageObject","inLanguage":"en-US","@id":"https:\/\/paragaleriedetalborjt.com\/boutique\/novexpert-vitamine-c-flash-eclat-mousse-nettoyante-150-ml\/#primaryimage","url":"https:\/\/paragaleriedetalborjt.com\/wp-content\/uploads\/2026\/01\/3661467002388.jpg","contentUrl":"https:\/\/paragaleriedetalborjt.com\/wp-content\/uploads\/2026\/01\/3661467002388.jpg","width":595,"height":655},{"@type":"BreadcrumbList","@id":"https:\/\/paragaleriedetalborjt.com\/boutique\/novexpert-vitamine-c-flash-eclat-mousse-nettoyante-150-ml\/#breadcrumb","itemListElement":[{"@type":"ListItem","position":1,"name":"Accueil","item":"https:\/\/paragaleriedetalborjt.com\/"},{"@type":"ListItem","position":2,"name":"Boutique","item":"https:\/\/paragaleriedetalborjt.com\/boutique\/"},{"@type":"ListItem","position":3,"name":"Novexpert Vitamine C Flash Eclat Mousse Nettoyante \u2013 150 ml"}]},{"@type":"WebSite","@id":"https:\/\/paragaleriedetalborjt.com\/#website","url":"https:\/\/paragaleriedetalborjt.com\/","name":"paragaleriedetalborjt","description":"","potentialAction":[{"@type":"SearchAction","target":{"@type":"EntryPoint","urlTemplate":"https:\/\/paragaleriedetalborjt.com\/?s={search_term_string}"},"query-input":{"@type":"PropertyValueSpecification","valueRequired":true,"valueName":"search_term_string"}}],"inLanguage":"en-US"}]}},"brands":[{"id":1593,"name":"NOVEXPERT","slug":"novexpert"}],"_links":{"self":[{"href":"https:\/\/paragaleriedetalborjt.com\/en\/wp-json\/wp\/v2\/product\/39347","targetHints":{"allow":["GET"]}}],"collection":[{"href":"https:\/\/paragaleriedetalborjt.com\/en\/wp-json\/wp\/v2\/product"}],"about":[{"href":"https:\/\/paragaleriedetalborjt.com\/en\/wp-json\/wp\/v2\/types\/product"}],"replies":[{"embeddable":true,"href":"https:\/\/paragaleriedetalborjt.com\/en\/wp-json\/wp\/v2\/comments?post=39347"}],"version-history":[{"count":1,"href":"https:\/\/paragaleriedetalborjt.com\/en\/wp-json\/wp\/v2\/product\/39347\/revisions"}],"predecessor-version":[{"id":39349,"href":"https:\/\/paragaleriedetalborjt.com\/en\/wp-json\/wp\/v2\/product\/39347\/revisions\/39349"}],"wp:featuredmedia":[{"embeddable":true,"href":"https:\/\/paragaleriedetalborjt.com\/en\/wp-json\/wp\/v2\/media\/39348"}],"wp:attachment":[{"href":"https:\/\/paragaleriedetalborjt.com\/en\/wp-json\/wp\/v2\/media?parent=39347"}],"wp:term":[{"taxonomy":"pwb-brand","embeddable":true,"href":"https:\/\/paragaleriedetalborjt.com\/en\/wp-json\/wp\/v2\/pwb-brand?post=39347"},{"taxonomy":"product_cat","embeddable":true,"href":"https:\/\/paragaleriedetalborjt.com\/en\/wp-json\/wp\/v2\/product_cat?post=39347"},{"taxonomy":"product_tag","embeddable":true,"href":"https:\/\/paragaleriedetalborjt.com\/en\/wp-json\/wp\/v2\/product_tag?post=39347"}],"curies":[{"name":"wp","href":"https:\/\/api.w.org\/{rel}","templated":true}]}}