{"id":39259,"date":"2026-01-03T18:56:01","date_gmt":"2026-01-03T17:56:01","guid":{"rendered":"https:\/\/paragaleriedetalborjt.com\/?post_type=product&#038;p=39259"},"modified":"2026-01-03T20:16:09","modified_gmt":"2026-01-03T19:16:09","slug":"disaar-shampooing-colorant-noir-au-collagene-et-a-lhuile-dargan-400-ml","status":"publish","type":"product","link":"https:\/\/paragaleriedetalborjt.com\/en\/boutique\/disaar-shampooing-colorant-noir-au-collagene-et-a-lhuile-dargan-400-ml\/","title":{"rendered":"DISAAR Shampooing Colorant Noir au Collag\u00e8ne et \u00e0 l\u2019huile d\u2019Argan 400 ml"},"content":{"rendered":"<div aria-labelledby=\"tab-title-description\" class=\"woocommerce-Tabs-panel woocommerce-Tabs-panel--description panel entry-content wc-tab\" id=\"tab-description\" role=\"tabpanel\" style=\"\">\n<h2>Description<\/h2>\n<p>Disaar shampoo coloration \u00e0 l\u2019argan 8 minutes Teinture rapide pour cheveux noirs naturels \u00e0 l\u2019huile d\u2019argan couvre les cheveux gris 100% 420 ml couverture compl\u00e8te des cheveux blancs en 8 minutes sans ammoniaque, sulfates et parab\u00e8nes Caract\u00e9ristiques du shampooing colorant pour cheveux \u00e0 l\u2019huile d\u2019argan Confortable et facile \u00e0 utiliser, tout comme l\u2019utilisation d\u2019un shampooing ordinaire Gagnez du temps : une petite quantit\u00e9 de shampooing vous donne des cheveux noirs brillants en 5 minutes \u00c9conomies de co\u00fbts : Compar\u00e9 au co\u00fbt \u00e9lev\u00e9 de la teinture des cheveux en salon, c\u2019est 10 fois moins\u00a0cher que \u00e7a dure<\/p>\n<\/div>","protected":false},"excerpt":{"rendered":"<p>Highlights:Couvrant les cheveux grisShampoing et teinture capillaire<\/p>","protected":false},"featured_media":39260,"comment_status":"open","ping_status":"closed","template":"","meta":[],"pwb-brand":[1711],"product_cat":[16],"product_tag":[],"class_list":{"0":"post-39259","1":"product","2":"type-product","3":"status-publish","4":"has-post-thumbnail","6":"pwb-brand-disaar","7":"product_cat-non-classe","8":"pa_brands-disaar","10":"first","11":"instock","12":"sale","13":"shipping-taxable","14":"purchasable","15":"product-type-simple"},"yoast_head":"<!-- This site is optimized with the Yoast SEO plugin v27.5 - https:\/\/yoast.com\/product\/yoast-seo-wordpress\/ -->\n<title>DISAAR Shampooing Colorant Noir au Collag\u00e8ne et \u00e0 l\u2019huile d\u2019Argan 400 ml - paragaleriedetalborjt<\/title>\n<meta name=\"robots\" content=\"index, follow, max-snippet:-1, max-image-preview:large, max-video-preview:-1\" \/>\n<link rel=\"canonical\" href=\"https:\/\/paragaleriedetalborjt.com\/en\/boutique\/disaar-shampooing-colorant-noir-au-collagene-et-a-lhuile-dargan-400-ml\/\" \/>\n<meta property=\"og:locale\" content=\"en_US\" \/>\n<meta property=\"og:type\" content=\"article\" \/>\n<meta property=\"og:title\" content=\"DISAAR Shampooing Colorant Noir au Collag\u00e8ne et \u00e0 l\u2019huile d\u2019Argan 400 ml - paragaleriedetalborjt\" \/>\n<meta property=\"og:description\" content=\"Highlights:Couvrant les cheveux grisShampoing et teinture capillaire\" \/>\n<meta property=\"og:url\" content=\"https:\/\/paragaleriedetalborjt.com\/en\/boutique\/disaar-shampooing-colorant-noir-au-collagene-et-a-lhuile-dargan-400-ml\/\" \/>\n<meta property=\"og:site_name\" content=\"paragaleriedetalborjt\" \/>\n<meta property=\"article:modified_time\" content=\"2026-01-03T19:16:09+00:00\" \/>\n<meta property=\"og:image\" content=\"https:\/\/paragaleriedetalborjt.com\/wp-content\/uploads\/2026\/01\/disaar-shampooing-colorant-noir.jpg\" \/>\n\t<meta property=\"og:image:width\" content=\"594\" \/>\n\t<meta property=\"og:image:height\" content=\"654\" \/>\n\t<meta property=\"og:image:type\" content=\"image\/jpeg\" \/>\n<meta name=\"twitter:card\" content=\"summary_large_image\" \/>\n<script type=\"application\/ld+json\" class=\"yoast-schema-graph\">{\"@context\":\"https:\\\/\\\/schema.org\",\"@graph\":[{\"@type\":\"WebPage\",\"@id\":\"https:\\\/\\\/paragaleriedetalborjt.com\\\/boutique\\\/disaar-shampooing-colorant-noir-au-collagene-et-a-lhuile-dargan-400-ml\\\/\",\"url\":\"https:\\\/\\\/paragaleriedetalborjt.com\\\/boutique\\\/disaar-shampooing-colorant-noir-au-collagene-et-a-lhuile-dargan-400-ml\\\/\",\"name\":\"DISAAR Shampooing Colorant Noir au Collag\u00e8ne et \u00e0 l\u2019huile d\u2019Argan 400 ml - paragaleriedetalborjt\",\"isPartOf\":{\"@id\":\"https:\\\/\\\/paragaleriedetalborjt.com\\\/#website\"},\"primaryImageOfPage\":{\"@id\":\"https:\\\/\\\/paragaleriedetalborjt.com\\\/boutique\\\/disaar-shampooing-colorant-noir-au-collagene-et-a-lhuile-dargan-400-ml\\\/#primaryimage\"},\"image\":{\"@id\":\"https:\\\/\\\/paragaleriedetalborjt.com\\\/boutique\\\/disaar-shampooing-colorant-noir-au-collagene-et-a-lhuile-dargan-400-ml\\\/#primaryimage\"},\"thumbnailUrl\":\"https:\\\/\\\/paragaleriedetalborjt.com\\\/wp-content\\\/uploads\\\/2026\\\/01\\\/disaar-shampooing-colorant-noir.jpg\",\"datePublished\":\"2026-01-03T17:56:01+00:00\",\"dateModified\":\"2026-01-03T19:16:09+00:00\",\"breadcrumb\":{\"@id\":\"https:\\\/\\\/paragaleriedetalborjt.com\\\/boutique\\\/disaar-shampooing-colorant-noir-au-collagene-et-a-lhuile-dargan-400-ml\\\/#breadcrumb\"},\"inLanguage\":\"en-US\",\"potentialAction\":[{\"@type\":\"ReadAction\",\"target\":[\"https:\\\/\\\/paragaleriedetalborjt.com\\\/boutique\\\/disaar-shampooing-colorant-noir-au-collagene-et-a-lhuile-dargan-400-ml\\\/\"]}]},{\"@type\":\"ImageObject\",\"inLanguage\":\"en-US\",\"@id\":\"https:\\\/\\\/paragaleriedetalborjt.com\\\/boutique\\\/disaar-shampooing-colorant-noir-au-collagene-et-a-lhuile-dargan-400-ml\\\/#primaryimage\",\"url\":\"https:\\\/\\\/paragaleriedetalborjt.com\\\/wp-content\\\/uploads\\\/2026\\\/01\\\/disaar-shampooing-colorant-noir.jpg\",\"contentUrl\":\"https:\\\/\\\/paragaleriedetalborjt.com\\\/wp-content\\\/uploads\\\/2026\\\/01\\\/disaar-shampooing-colorant-noir.jpg\",\"width\":594,\"height\":654},{\"@type\":\"BreadcrumbList\",\"@id\":\"https:\\\/\\\/paragaleriedetalborjt.com\\\/boutique\\\/disaar-shampooing-colorant-noir-au-collagene-et-a-lhuile-dargan-400-ml\\\/#breadcrumb\",\"itemListElement\":[{\"@type\":\"ListItem\",\"position\":1,\"name\":\"Accueil\",\"item\":\"https:\\\/\\\/paragaleriedetalborjt.com\\\/\"},{\"@type\":\"ListItem\",\"position\":2,\"name\":\"Boutique\",\"item\":\"https:\\\/\\\/paragaleriedetalborjt.com\\\/boutique\\\/\"},{\"@type\":\"ListItem\",\"position\":3,\"name\":\"DISAAR Shampooing Colorant Noir au Collag\u00e8ne et \u00e0 l\u2019huile d\u2019Argan 400 ml\"}]},{\"@type\":\"WebSite\",\"@id\":\"https:\\\/\\\/paragaleriedetalborjt.com\\\/#website\",\"url\":\"https:\\\/\\\/paragaleriedetalborjt.com\\\/\",\"name\":\"paragaleriedetalborjt\",\"description\":\"\",\"potentialAction\":[{\"@type\":\"SearchAction\",\"target\":{\"@type\":\"EntryPoint\",\"urlTemplate\":\"https:\\\/\\\/paragaleriedetalborjt.com\\\/?s={search_term_string}\"},\"query-input\":{\"@type\":\"PropertyValueSpecification\",\"valueRequired\":true,\"valueName\":\"search_term_string\"}}],\"inLanguage\":\"en-US\"}]}<\/script>\n<!-- \/ Yoast SEO plugin. -->","yoast_head_json":{"title":"DISAAR Shampooing Colorant Noir au Collag\u00e8ne et \u00e0 l\u2019huile d\u2019Argan 400 ml - paragaleriedetalborjt","robots":{"index":"index","follow":"follow","max-snippet":"max-snippet:-1","max-image-preview":"max-image-preview:large","max-video-preview":"max-video-preview:-1"},"canonical":"https:\/\/paragaleriedetalborjt.com\/en\/boutique\/disaar-shampooing-colorant-noir-au-collagene-et-a-lhuile-dargan-400-ml\/","og_locale":"en_US","og_type":"article","og_title":"DISAAR Shampooing Colorant Noir au Collag\u00e8ne et \u00e0 l\u2019huile d\u2019Argan 400 ml - paragaleriedetalborjt","og_description":"Highlights:Couvrant les cheveux grisShampoing et teinture capillaire","og_url":"https:\/\/paragaleriedetalborjt.com\/en\/boutique\/disaar-shampooing-colorant-noir-au-collagene-et-a-lhuile-dargan-400-ml\/","og_site_name":"paragaleriedetalborjt","article_modified_time":"2026-01-03T19:16:09+00:00","og_image":[{"width":594,"height":654,"url":"https:\/\/paragaleriedetalborjt.com\/wp-content\/uploads\/2026\/01\/disaar-shampooing-colorant-noir.jpg","type":"image\/jpeg"}],"twitter_card":"summary_large_image","schema":{"@context":"https:\/\/schema.org","@graph":[{"@type":"WebPage","@id":"https:\/\/paragaleriedetalborjt.com\/boutique\/disaar-shampooing-colorant-noir-au-collagene-et-a-lhuile-dargan-400-ml\/","url":"https:\/\/paragaleriedetalborjt.com\/boutique\/disaar-shampooing-colorant-noir-au-collagene-et-a-lhuile-dargan-400-ml\/","name":"DISAAR Shampooing Colorant Noir au Collag\u00e8ne et \u00e0 l\u2019huile d\u2019Argan 400 ml - paragaleriedetalborjt","isPartOf":{"@id":"https:\/\/paragaleriedetalborjt.com\/#website"},"primaryImageOfPage":{"@id":"https:\/\/paragaleriedetalborjt.com\/boutique\/disaar-shampooing-colorant-noir-au-collagene-et-a-lhuile-dargan-400-ml\/#primaryimage"},"image":{"@id":"https:\/\/paragaleriedetalborjt.com\/boutique\/disaar-shampooing-colorant-noir-au-collagene-et-a-lhuile-dargan-400-ml\/#primaryimage"},"thumbnailUrl":"https:\/\/paragaleriedetalborjt.com\/wp-content\/uploads\/2026\/01\/disaar-shampooing-colorant-noir.jpg","datePublished":"2026-01-03T17:56:01+00:00","dateModified":"2026-01-03T19:16:09+00:00","breadcrumb":{"@id":"https:\/\/paragaleriedetalborjt.com\/boutique\/disaar-shampooing-colorant-noir-au-collagene-et-a-lhuile-dargan-400-ml\/#breadcrumb"},"inLanguage":"en-US","potentialAction":[{"@type":"ReadAction","target":["https:\/\/paragaleriedetalborjt.com\/boutique\/disaar-shampooing-colorant-noir-au-collagene-et-a-lhuile-dargan-400-ml\/"]}]},{"@type":"ImageObject","inLanguage":"en-US","@id":"https:\/\/paragaleriedetalborjt.com\/boutique\/disaar-shampooing-colorant-noir-au-collagene-et-a-lhuile-dargan-400-ml\/#primaryimage","url":"https:\/\/paragaleriedetalborjt.com\/wp-content\/uploads\/2026\/01\/disaar-shampooing-colorant-noir.jpg","contentUrl":"https:\/\/paragaleriedetalborjt.com\/wp-content\/uploads\/2026\/01\/disaar-shampooing-colorant-noir.jpg","width":594,"height":654},{"@type":"BreadcrumbList","@id":"https:\/\/paragaleriedetalborjt.com\/boutique\/disaar-shampooing-colorant-noir-au-collagene-et-a-lhuile-dargan-400-ml\/#breadcrumb","itemListElement":[{"@type":"ListItem","position":1,"name":"Accueil","item":"https:\/\/paragaleriedetalborjt.com\/"},{"@type":"ListItem","position":2,"name":"Boutique","item":"https:\/\/paragaleriedetalborjt.com\/boutique\/"},{"@type":"ListItem","position":3,"name":"DISAAR Shampooing Colorant Noir au Collag\u00e8ne et \u00e0 l\u2019huile d\u2019Argan 400 ml"}]},{"@type":"WebSite","@id":"https:\/\/paragaleriedetalborjt.com\/#website","url":"https:\/\/paragaleriedetalborjt.com\/","name":"paragaleriedetalborjt","description":"","potentialAction":[{"@type":"SearchAction","target":{"@type":"EntryPoint","urlTemplate":"https:\/\/paragaleriedetalborjt.com\/?s={search_term_string}"},"query-input":{"@type":"PropertyValueSpecification","valueRequired":true,"valueName":"search_term_string"}}],"inLanguage":"en-US"}]}},"brands":[{"id":1711,"name":"DISAAR","slug":"disaar"}],"_links":{"self":[{"href":"https:\/\/paragaleriedetalborjt.com\/en\/wp-json\/wp\/v2\/product\/39259","targetHints":{"allow":["GET"]}}],"collection":[{"href":"https:\/\/paragaleriedetalborjt.com\/en\/wp-json\/wp\/v2\/product"}],"about":[{"href":"https:\/\/paragaleriedetalborjt.com\/en\/wp-json\/wp\/v2\/types\/product"}],"replies":[{"embeddable":true,"href":"https:\/\/paragaleriedetalborjt.com\/en\/wp-json\/wp\/v2\/comments?post=39259"}],"version-history":[{"count":1,"href":"https:\/\/paragaleriedetalborjt.com\/en\/wp-json\/wp\/v2\/product\/39259\/revisions"}],"predecessor-version":[{"id":39261,"href":"https:\/\/paragaleriedetalborjt.com\/en\/wp-json\/wp\/v2\/product\/39259\/revisions\/39261"}],"wp:featuredmedia":[{"embeddable":true,"href":"https:\/\/paragaleriedetalborjt.com\/en\/wp-json\/wp\/v2\/media\/39260"}],"wp:attachment":[{"href":"https:\/\/paragaleriedetalborjt.com\/en\/wp-json\/wp\/v2\/media?parent=39259"}],"wp:term":[{"taxonomy":"pwb-brand","embeddable":true,"href":"https:\/\/paragaleriedetalborjt.com\/en\/wp-json\/wp\/v2\/pwb-brand?post=39259"},{"taxonomy":"product_cat","embeddable":true,"href":"https:\/\/paragaleriedetalborjt.com\/en\/wp-json\/wp\/v2\/product_cat?post=39259"},{"taxonomy":"product_tag","embeddable":true,"href":"https:\/\/paragaleriedetalborjt.com\/en\/wp-json\/wp\/v2\/product_tag?post=39259"}],"curies":[{"name":"wp","href":"https:\/\/api.w.org\/{rel}","templated":true}]}}