{"id":39176,"date":"2026-01-03T18:53:08","date_gmt":"2026-01-03T17:53:08","guid":{"rendered":"https:\/\/paragaleriedetalborjt.com\/?post_type=product&#038;p=39176"},"modified":"2026-01-03T20:16:01","modified_gmt":"2026-01-03T19:16:01","slug":"a-derma-epitheliale-a-h-ultra-creme-reparatrice-apaisante-creme-reparatrice-epitheliale-a-h-ultra-40-ml","status":"publish","type":"product","link":"https:\/\/paragaleriedetalborjt.com\/en\/boutique\/a-derma-epitheliale-a-h-ultra-creme-reparatrice-apaisante-creme-reparatrice-epitheliale-a-h-ultra-40-ml\/","title":{"rendered":"A-DERMA \u2013 EPITHELIALE A. H. ULTRA CR\u00c8ME R\u00c9PARATRICE APAISANTE \u2014 Cr\u00e8me r\u00e9paratrice \u2014 EPITHELIALE A.H ULTRA 40 ml"},"content":{"rendered":"<div aria-labelledby=\"tab-title-description\" class=\"woocommerce-Tabs-panel woocommerce-Tabs-panel--description panel entry-content wc-tab\" id=\"tab-description\" role=\"tabpanel\" style=\"\">\n<h2>Description<\/h2>\n<div>Cette cr\u00e8me r\u00e9paratrice apaisante hydrate, favorise la r\u00e9paration des peaux fragilis\u00e9es suite \u00e0 des actes esth\u00e9tiques ou dermatologiques superficiels. EPITHELIALE A.H ULTRA Cr\u00e8me r\u00e9paratrice* apaisante contient 94 % d\u2019ingr\u00e9dients d\u2019origine naturelle. Son complexe d\u2019actifs brevet\u00e9**, le CICAHYALUMIDE\u00ae est compos\u00e9 d\u2019extrait de Plantules d\u2019Avoine Rhealba\u00ae, de Dipeptide (Alanyl Glutamine) et d\u2019Acide Hyaluronique. Elle aide \u00e0 la r\u00e9duction de l\u2019apparence des marques cutan\u00e9es et apaise imm\u00e9diatement les sensations cutan\u00e9es d\u00e9sagr\u00e9ables. Une texture qui s\u2019applique et p\u00e9n\u00e8tre facilement sur la peau du visage, du corps et des zones intimes externes des enfants, adultes et nourrissons. Avoine Rhealba\u00ae issu de l\u2019agriculture biologique.Info vegan : sans ingr\u00e9dient d\u2019origine animale.* Favorise la r\u00e9paration \u00e9pidermique** Brevet d\u00e9pos\u00e9<\/div>\n<h4>Bienfaits :<\/h4>\n<div>\u00ab\u00a0\u2022 ACC\u00c9L\u00c8RE la re?paration e?pidermique des peaux fragilis\u00e9es. \u2022 CONTRIBUE \u00e0 r\u00e9duire l\u2019apparence des marques \u00e0 la surface de la peau. \u2022 CALME les sensations cutane?es de?sagre?ables suite \u00e0 des actes esth\u00e9tiques superficiels et\/ou atteintes superficielles de la peau.\u00a0\u00bb<\/div>\n<h4>Conseils d\u2019utilisations :<\/h4>\n<div>Appliquer 1 \u00e0 2 fois par jour localement ou sur zone \u00e9tendue.<\/div>\n<div>\n<h4>Ingredients :<\/h4>\n<p>WATER (AQUA). CAPRYLIC\/CAPRIC TRIGLYCERIDE. GLYCERIN. BUTYROSPERMUM PARKII (SHEA) BUTTER (BUTYROSPERMUM PARKII BUTTER). DIMETHICONE. CETEARYL ALCOHOL. GLYCERYL STEARATEPALMITIC ACID. STEARIC ACID. SODIUM HYALURONATE. AVENA SATIVA (OAT) LEAF\/STEM EXTRACT (AVENA SATIVA LEAF\/STEM EXTRACT). ALANYL GLUTAMINE. UNCARIA TOMENTOSA EXTRACT. BATYL ALCOHOL. BENZOIC ACID. CAPRYLYL GLYCOL. CETEARYL GLUCOSIDE. DIMETHICONOL. POLYACRYLATE-13. POLYISOBUTENE. POLYSORBATE 20. PROPYLENE GLYCOL. SODIUM HYDROXIDE. SORBITAN ISOSTEARATE. TOCOPHERYL ACETATE. XANTHAN GUM<\/p>\n<\/div>\n<div id=\"gtx-trans\" style=\"position: absolute; left: -5px; top: -19.1285px;\">\n<div class=\"gtx-trans-icon\"><\/div>\n<\/div>\n<\/div>","protected":false},"excerpt":{"rendered":"<p>Highlights:Cette cr\u00e8me r\u00e9paratrice apaisante hydrate, favorise la r\u00e9paration des peaux fragilis\u00e9es suite \u00e0 des actes esth\u00e9tiques ou dermatologiques superficiels.<\/p>","protected":false},"featured_media":39177,"comment_status":"open","ping_status":"closed","template":"","meta":[],"pwb-brand":[1662],"product_cat":[16],"product_tag":[],"class_list":{"0":"post-39176","1":"product","2":"type-product","3":"status-publish","4":"has-post-thumbnail","6":"pwb-brand-a-derma","7":"product_cat-non-classe","8":"pa_brands-a-derma","10":"first","11":"instock","12":"sale","13":"shipping-taxable","14":"purchasable","15":"product-type-simple"},"yoast_head":"<!-- This site is optimized with the Yoast SEO plugin v27.5 - https:\/\/yoast.com\/product\/yoast-seo-wordpress\/ -->\n<title>A-DERMA \u2013 EPITHELIALE A. H. ULTRA CR\u00c8ME R\u00c9PARATRICE APAISANTE \u2014 Cr\u00e8me r\u00e9paratrice \u2014 EPITHELIALE A.H ULTRA 40 ml - paragaleriedetalborjt<\/title>\n<meta name=\"robots\" content=\"index, follow, max-snippet:-1, max-image-preview:large, max-video-preview:-1\" \/>\n<link rel=\"canonical\" href=\"https:\/\/paragaleriedetalborjt.com\/en\/boutique\/a-derma-epitheliale-a-h-ultra-creme-reparatrice-apaisante-creme-reparatrice-epitheliale-a-h-ultra-40-ml\/\" \/>\n<meta property=\"og:locale\" content=\"en_US\" \/>\n<meta property=\"og:type\" content=\"article\" \/>\n<meta property=\"og:title\" content=\"A-DERMA \u2013 EPITHELIALE A. H. ULTRA CR\u00c8ME R\u00c9PARATRICE APAISANTE \u2014 Cr\u00e8me r\u00e9paratrice \u2014 EPITHELIALE A.H ULTRA 40 ml - paragaleriedetalborjt\" \/>\n<meta property=\"og:description\" content=\"Highlights:Cette cr\u00e8me r\u00e9paratrice apaisante hydrate, favorise la r\u00e9paration des peaux fragilis\u00e9es suite \u00e0 des actes esth\u00e9tiques ou dermatologiques superficiels.\" \/>\n<meta property=\"og:url\" content=\"https:\/\/paragaleriedetalborjt.com\/en\/boutique\/a-derma-epitheliale-a-h-ultra-creme-reparatrice-apaisante-creme-reparatrice-epitheliale-a-h-ultra-40-ml\/\" \/>\n<meta property=\"og:site_name\" content=\"paragaleriedetalborjt\" \/>\n<meta property=\"article:modified_time\" content=\"2026-01-03T19:16:01+00:00\" \/>\n<meta property=\"og:image\" content=\"https:\/\/paragaleriedetalborjt.com\/wp-content\/uploads\/2026\/01\/3282770209495-A-DERMA-EPITHELIALEA.H.ULTRACRC388MERC389PARATRICEAPAISANTEE28094CrC3A8merC3A9paratriceE28094EPITHELIALEA.HULTRA-0906354001680952587-600x600-1.jpg\" \/>\n\t<meta property=\"og:image:width\" content=\"600\" \/>\n\t<meta property=\"og:image:height\" content=\"600\" \/>\n\t<meta property=\"og:image:type\" content=\"image\/jpeg\" \/>\n<meta name=\"twitter:card\" content=\"summary_large_image\" \/>\n<meta name=\"twitter:label1\" content=\"Est. reading time\" \/>\n\t<meta name=\"twitter:data1\" content=\"1 minute\" \/>\n<script type=\"application\/ld+json\" class=\"yoast-schema-graph\">{\"@context\":\"https:\\\/\\\/schema.org\",\"@graph\":[{\"@type\":\"WebPage\",\"@id\":\"https:\\\/\\\/paragaleriedetalborjt.com\\\/boutique\\\/a-derma-epitheliale-a-h-ultra-creme-reparatrice-apaisante-creme-reparatrice-epitheliale-a-h-ultra-40-ml\\\/\",\"url\":\"https:\\\/\\\/paragaleriedetalborjt.com\\\/boutique\\\/a-derma-epitheliale-a-h-ultra-creme-reparatrice-apaisante-creme-reparatrice-epitheliale-a-h-ultra-40-ml\\\/\",\"name\":\"A-DERMA \u2013 EPITHELIALE A. H. ULTRA CR\u00c8ME R\u00c9PARATRICE APAISANTE \u2014 Cr\u00e8me r\u00e9paratrice \u2014 EPITHELIALE A.H ULTRA 40 ml - paragaleriedetalborjt\",\"isPartOf\":{\"@id\":\"https:\\\/\\\/paragaleriedetalborjt.com\\\/#website\"},\"primaryImageOfPage\":{\"@id\":\"https:\\\/\\\/paragaleriedetalborjt.com\\\/boutique\\\/a-derma-epitheliale-a-h-ultra-creme-reparatrice-apaisante-creme-reparatrice-epitheliale-a-h-ultra-40-ml\\\/#primaryimage\"},\"image\":{\"@id\":\"https:\\\/\\\/paragaleriedetalborjt.com\\\/boutique\\\/a-derma-epitheliale-a-h-ultra-creme-reparatrice-apaisante-creme-reparatrice-epitheliale-a-h-ultra-40-ml\\\/#primaryimage\"},\"thumbnailUrl\":\"https:\\\/\\\/paragaleriedetalborjt.com\\\/wp-content\\\/uploads\\\/2026\\\/01\\\/3282770209495-A-DERMA-EPITHELIALEA.H.ULTRACRC388MERC389PARATRICEAPAISANTEE28094CrC3A8merC3A9paratriceE28094EPITHELIALEA.HULTRA-0906354001680952587-600x600-1.jpg\",\"datePublished\":\"2026-01-03T17:53:08+00:00\",\"dateModified\":\"2026-01-03T19:16:01+00:00\",\"breadcrumb\":{\"@id\":\"https:\\\/\\\/paragaleriedetalborjt.com\\\/boutique\\\/a-derma-epitheliale-a-h-ultra-creme-reparatrice-apaisante-creme-reparatrice-epitheliale-a-h-ultra-40-ml\\\/#breadcrumb\"},\"inLanguage\":\"en-US\",\"potentialAction\":[{\"@type\":\"ReadAction\",\"target\":[\"https:\\\/\\\/paragaleriedetalborjt.com\\\/boutique\\\/a-derma-epitheliale-a-h-ultra-creme-reparatrice-apaisante-creme-reparatrice-epitheliale-a-h-ultra-40-ml\\\/\"]}]},{\"@type\":\"ImageObject\",\"inLanguage\":\"en-US\",\"@id\":\"https:\\\/\\\/paragaleriedetalborjt.com\\\/boutique\\\/a-derma-epitheliale-a-h-ultra-creme-reparatrice-apaisante-creme-reparatrice-epitheliale-a-h-ultra-40-ml\\\/#primaryimage\",\"url\":\"https:\\\/\\\/paragaleriedetalborjt.com\\\/wp-content\\\/uploads\\\/2026\\\/01\\\/3282770209495-A-DERMA-EPITHELIALEA.H.ULTRACRC388MERC389PARATRICEAPAISANTEE28094CrC3A8merC3A9paratriceE28094EPITHELIALEA.HULTRA-0906354001680952587-600x600-1.jpg\",\"contentUrl\":\"https:\\\/\\\/paragaleriedetalborjt.com\\\/wp-content\\\/uploads\\\/2026\\\/01\\\/3282770209495-A-DERMA-EPITHELIALEA.H.ULTRACRC388MERC389PARATRICEAPAISANTEE28094CrC3A8merC3A9paratriceE28094EPITHELIALEA.HULTRA-0906354001680952587-600x600-1.jpg\",\"width\":600,\"height\":600},{\"@type\":\"BreadcrumbList\",\"@id\":\"https:\\\/\\\/paragaleriedetalborjt.com\\\/boutique\\\/a-derma-epitheliale-a-h-ultra-creme-reparatrice-apaisante-creme-reparatrice-epitheliale-a-h-ultra-40-ml\\\/#breadcrumb\",\"itemListElement\":[{\"@type\":\"ListItem\",\"position\":1,\"name\":\"Accueil\",\"item\":\"https:\\\/\\\/paragaleriedetalborjt.com\\\/\"},{\"@type\":\"ListItem\",\"position\":2,\"name\":\"Boutique\",\"item\":\"https:\\\/\\\/paragaleriedetalborjt.com\\\/boutique\\\/\"},{\"@type\":\"ListItem\",\"position\":3,\"name\":\"A-DERMA \u2013 EPITHELIALE A. H. ULTRA CR\u00c8ME R\u00c9PARATRICE APAISANTE \u2014 Cr\u00e8me r\u00e9paratrice \u2014 EPITHELIALE A.H ULTRA 40 ml\"}]},{\"@type\":\"WebSite\",\"@id\":\"https:\\\/\\\/paragaleriedetalborjt.com\\\/#website\",\"url\":\"https:\\\/\\\/paragaleriedetalborjt.com\\\/\",\"name\":\"paragaleriedetalborjt\",\"description\":\"\",\"potentialAction\":[{\"@type\":\"SearchAction\",\"target\":{\"@type\":\"EntryPoint\",\"urlTemplate\":\"https:\\\/\\\/paragaleriedetalborjt.com\\\/?s={search_term_string}\"},\"query-input\":{\"@type\":\"PropertyValueSpecification\",\"valueRequired\":true,\"valueName\":\"search_term_string\"}}],\"inLanguage\":\"en-US\"}]}<\/script>\n<!-- \/ Yoast SEO plugin. -->","yoast_head_json":{"title":"A-DERMA \u2013 EPITHELIALE A. H. ULTRA CR\u00c8ME R\u00c9PARATRICE APAISANTE \u2014 Cr\u00e8me r\u00e9paratrice \u2014 EPITHELIALE A.H ULTRA 40 ml - paragaleriedetalborjt","robots":{"index":"index","follow":"follow","max-snippet":"max-snippet:-1","max-image-preview":"max-image-preview:large","max-video-preview":"max-video-preview:-1"},"canonical":"https:\/\/paragaleriedetalborjt.com\/en\/boutique\/a-derma-epitheliale-a-h-ultra-creme-reparatrice-apaisante-creme-reparatrice-epitheliale-a-h-ultra-40-ml\/","og_locale":"en_US","og_type":"article","og_title":"A-DERMA \u2013 EPITHELIALE A. H. ULTRA CR\u00c8ME R\u00c9PARATRICE APAISANTE \u2014 Cr\u00e8me r\u00e9paratrice \u2014 EPITHELIALE A.H ULTRA 40 ml - paragaleriedetalborjt","og_description":"Highlights:Cette cr\u00e8me r\u00e9paratrice apaisante hydrate, favorise la r\u00e9paration des peaux fragilis\u00e9es suite \u00e0 des actes esth\u00e9tiques ou dermatologiques superficiels.","og_url":"https:\/\/paragaleriedetalborjt.com\/en\/boutique\/a-derma-epitheliale-a-h-ultra-creme-reparatrice-apaisante-creme-reparatrice-epitheliale-a-h-ultra-40-ml\/","og_site_name":"paragaleriedetalborjt","article_modified_time":"2026-01-03T19:16:01+00:00","og_image":[{"width":600,"height":600,"url":"https:\/\/paragaleriedetalborjt.com\/wp-content\/uploads\/2026\/01\/3282770209495-A-DERMA-EPITHELIALEA.H.ULTRACRC388MERC389PARATRICEAPAISANTEE28094CrC3A8merC3A9paratriceE28094EPITHELIALEA.HULTRA-0906354001680952587-600x600-1.jpg","type":"image\/jpeg"}],"twitter_card":"summary_large_image","twitter_misc":{"Est. reading time":"1 minute"},"schema":{"@context":"https:\/\/schema.org","@graph":[{"@type":"WebPage","@id":"https:\/\/paragaleriedetalborjt.com\/boutique\/a-derma-epitheliale-a-h-ultra-creme-reparatrice-apaisante-creme-reparatrice-epitheliale-a-h-ultra-40-ml\/","url":"https:\/\/paragaleriedetalborjt.com\/boutique\/a-derma-epitheliale-a-h-ultra-creme-reparatrice-apaisante-creme-reparatrice-epitheliale-a-h-ultra-40-ml\/","name":"A-DERMA \u2013 EPITHELIALE A. H. ULTRA CR\u00c8ME R\u00c9PARATRICE APAISANTE \u2014 Cr\u00e8me r\u00e9paratrice \u2014 EPITHELIALE A.H ULTRA 40 ml - paragaleriedetalborjt","isPartOf":{"@id":"https:\/\/paragaleriedetalborjt.com\/#website"},"primaryImageOfPage":{"@id":"https:\/\/paragaleriedetalborjt.com\/boutique\/a-derma-epitheliale-a-h-ultra-creme-reparatrice-apaisante-creme-reparatrice-epitheliale-a-h-ultra-40-ml\/#primaryimage"},"image":{"@id":"https:\/\/paragaleriedetalborjt.com\/boutique\/a-derma-epitheliale-a-h-ultra-creme-reparatrice-apaisante-creme-reparatrice-epitheliale-a-h-ultra-40-ml\/#primaryimage"},"thumbnailUrl":"https:\/\/paragaleriedetalborjt.com\/wp-content\/uploads\/2026\/01\/3282770209495-A-DERMA-EPITHELIALEA.H.ULTRACRC388MERC389PARATRICEAPAISANTEE28094CrC3A8merC3A9paratriceE28094EPITHELIALEA.HULTRA-0906354001680952587-600x600-1.jpg","datePublished":"2026-01-03T17:53:08+00:00","dateModified":"2026-01-03T19:16:01+00:00","breadcrumb":{"@id":"https:\/\/paragaleriedetalborjt.com\/boutique\/a-derma-epitheliale-a-h-ultra-creme-reparatrice-apaisante-creme-reparatrice-epitheliale-a-h-ultra-40-ml\/#breadcrumb"},"inLanguage":"en-US","potentialAction":[{"@type":"ReadAction","target":["https:\/\/paragaleriedetalborjt.com\/boutique\/a-derma-epitheliale-a-h-ultra-creme-reparatrice-apaisante-creme-reparatrice-epitheliale-a-h-ultra-40-ml\/"]}]},{"@type":"ImageObject","inLanguage":"en-US","@id":"https:\/\/paragaleriedetalborjt.com\/boutique\/a-derma-epitheliale-a-h-ultra-creme-reparatrice-apaisante-creme-reparatrice-epitheliale-a-h-ultra-40-ml\/#primaryimage","url":"https:\/\/paragaleriedetalborjt.com\/wp-content\/uploads\/2026\/01\/3282770209495-A-DERMA-EPITHELIALEA.H.ULTRACRC388MERC389PARATRICEAPAISANTEE28094CrC3A8merC3A9paratriceE28094EPITHELIALEA.HULTRA-0906354001680952587-600x600-1.jpg","contentUrl":"https:\/\/paragaleriedetalborjt.com\/wp-content\/uploads\/2026\/01\/3282770209495-A-DERMA-EPITHELIALEA.H.ULTRACRC388MERC389PARATRICEAPAISANTEE28094CrC3A8merC3A9paratriceE28094EPITHELIALEA.HULTRA-0906354001680952587-600x600-1.jpg","width":600,"height":600},{"@type":"BreadcrumbList","@id":"https:\/\/paragaleriedetalborjt.com\/boutique\/a-derma-epitheliale-a-h-ultra-creme-reparatrice-apaisante-creme-reparatrice-epitheliale-a-h-ultra-40-ml\/#breadcrumb","itemListElement":[{"@type":"ListItem","position":1,"name":"Accueil","item":"https:\/\/paragaleriedetalborjt.com\/"},{"@type":"ListItem","position":2,"name":"Boutique","item":"https:\/\/paragaleriedetalborjt.com\/boutique\/"},{"@type":"ListItem","position":3,"name":"A-DERMA \u2013 EPITHELIALE A. H. ULTRA CR\u00c8ME R\u00c9PARATRICE APAISANTE \u2014 Cr\u00e8me r\u00e9paratrice \u2014 EPITHELIALE A.H ULTRA 40 ml"}]},{"@type":"WebSite","@id":"https:\/\/paragaleriedetalborjt.com\/#website","url":"https:\/\/paragaleriedetalborjt.com\/","name":"paragaleriedetalborjt","description":"","potentialAction":[{"@type":"SearchAction","target":{"@type":"EntryPoint","urlTemplate":"https:\/\/paragaleriedetalborjt.com\/?s={search_term_string}"},"query-input":{"@type":"PropertyValueSpecification","valueRequired":true,"valueName":"search_term_string"}}],"inLanguage":"en-US"}]}},"brands":[{"id":1662,"name":"A-DERMA","slug":"a-derma"}],"_links":{"self":[{"href":"https:\/\/paragaleriedetalborjt.com\/en\/wp-json\/wp\/v2\/product\/39176","targetHints":{"allow":["GET"]}}],"collection":[{"href":"https:\/\/paragaleriedetalborjt.com\/en\/wp-json\/wp\/v2\/product"}],"about":[{"href":"https:\/\/paragaleriedetalborjt.com\/en\/wp-json\/wp\/v2\/types\/product"}],"replies":[{"embeddable":true,"href":"https:\/\/paragaleriedetalborjt.com\/en\/wp-json\/wp\/v2\/comments?post=39176"}],"version-history":[{"count":1,"href":"https:\/\/paragaleriedetalborjt.com\/en\/wp-json\/wp\/v2\/product\/39176\/revisions"}],"predecessor-version":[{"id":39178,"href":"https:\/\/paragaleriedetalborjt.com\/en\/wp-json\/wp\/v2\/product\/39176\/revisions\/39178"}],"wp:featuredmedia":[{"embeddable":true,"href":"https:\/\/paragaleriedetalborjt.com\/en\/wp-json\/wp\/v2\/media\/39177"}],"wp:attachment":[{"href":"https:\/\/paragaleriedetalborjt.com\/en\/wp-json\/wp\/v2\/media?parent=39176"}],"wp:term":[{"taxonomy":"pwb-brand","embeddable":true,"href":"https:\/\/paragaleriedetalborjt.com\/en\/wp-json\/wp\/v2\/pwb-brand?post=39176"},{"taxonomy":"product_cat","embeddable":true,"href":"https:\/\/paragaleriedetalborjt.com\/en\/wp-json\/wp\/v2\/product_cat?post=39176"},{"taxonomy":"product_tag","embeddable":true,"href":"https:\/\/paragaleriedetalborjt.com\/en\/wp-json\/wp\/v2\/product_tag?post=39176"}],"curies":[{"name":"wp","href":"https:\/\/api.w.org\/{rel}","templated":true}]}}