{"id":39101,"date":"2026-01-03T18:50:38","date_gmt":"2026-01-03T17:50:38","guid":{"rendered":"https:\/\/paragaleriedetalborjt.com\/?post_type=product&#038;p=39101"},"modified":"2026-01-03T20:15:55","modified_gmt":"2026-01-03T19:15:55","slug":"ecodenta-bain-de-bouche-blanchissant-au-charbon-actif-500ml","status":"publish","type":"product","link":"https:\/\/paragaleriedetalborjt.com\/en\/boutique\/ecodenta-bain-de-bouche-blanchissant-au-charbon-actif-500ml\/","title":{"rendered":"ECODENTA Bain de Bouche Blanchissant au Charbon Actif 500ml"},"content":{"rendered":"<div aria-labelledby=\"tab-title-description\" class=\"woocommerce-Tabs-panel woocommerce-Tabs-panel--description panel entry-content wc-tab\" id=\"tab-description\" role=\"tabpanel\" style=\"\">\n<h2>Description<\/h2>\n<p>Le bain de bouche blanchissant ECODENTA est un bain de bouche innovant au charbon actif de ch\u00eane. Le charbon actif de ch\u00eane, les sels et le fluorure de sodium r\u00e9duisent la plaque dentaire et aident \u00e0 renforcer l\u2019\u00e9mail. Le bain de bouche blanchissant ECODENTA contient \u00e9galement de l\u2019huile de menthe poivr\u00e9e, qui procure une sensation de fra\u00eecheur durable.<\/p>\n<p>Ce bain de bouche est sp\u00e9cialement con\u00e7u pour un nettoyage quotidien plus en profondeur et un blanchiment plus efficace des dents. Ce produit est tr\u00e8s facile \u00e0 utiliser gr\u00e2ce au distributeur de liquide. Le bain de bouche blanchissant ECODENTA ne contient ni alcool ni conservateurs.<\/p>\n<ul>\n<li>Bain de bouche innovant au charbon de bois<\/li>\n<li>Prot\u00e8ge efficacement contre la formation de plaque dentaire<\/li>\n<li>Contient de l\u2019huile de menthe poivr\u00e9e pour une fra\u00eecheur durable<\/li>\n<li>Con\u00e7u pour un nettoyage quotidien plus en profondeur des dents<\/li>\n<\/ul>\n<p>\u00a0<\/p>\n<p><strong>95% d\u2019ingr\u00e9dients d\u2019origine naturelle.<\/strong><\/p>\n<\/div>","protected":false},"excerpt":{"rendered":"<p>Highlights:Bain de bouche innovant au charbon de boisProt\u00e8ge efficacement contre la formation de plaque dentaireContient de l\u2019huile de menthe poivr\u00e9e pour une fra\u00eecheur durableCon\u00e7u pour un nettoyage quotidien plus en profondeur des dents<\/p>","protected":false},"featured_media":39102,"comment_status":"open","ping_status":"closed","template":"","meta":[],"pwb-brand":[1604],"product_cat":[16],"product_tag":[],"class_list":{"0":"post-39101","1":"product","2":"type-product","3":"status-publish","4":"has-post-thumbnail","6":"pwb-brand-ecodenta","7":"product_cat-non-classe","8":"pa_brands-ecodenta","10":"first","11":"instock","12":"sale","13":"shipping-taxable","14":"purchasable","15":"product-type-simple"},"yoast_head":"<!-- This site is optimized with the Yoast SEO plugin v26.9 - https:\/\/yoast.com\/product\/yoast-seo-wordpress\/ -->\n<title>ECODENTA Bain de Bouche Blanchissant au Charbon Actif 500ml - paragaleriedetalborjt<\/title>\n<meta name=\"robots\" content=\"index, follow, max-snippet:-1, max-image-preview:large, max-video-preview:-1\" \/>\n<link rel=\"canonical\" href=\"https:\/\/paragaleriedetalborjt.com\/en\/boutique\/ecodenta-bain-de-bouche-blanchissant-au-charbon-actif-500ml\/\" \/>\n<meta property=\"og:locale\" content=\"en_US\" \/>\n<meta property=\"og:type\" content=\"article\" \/>\n<meta property=\"og:title\" content=\"ECODENTA Bain de Bouche Blanchissant au Charbon Actif 500ml - paragaleriedetalborjt\" \/>\n<meta property=\"og:description\" content=\"Highlights:Bain de bouche innovant au charbon de boisProt\u00e8ge efficacement contre la formation de plaque dentaireContient de l\u2019huile de menthe poivr\u00e9e pour une fra\u00eecheur durableCon\u00e7u pour un nettoyage quotidien plus en profondeur des dents\" \/>\n<meta property=\"og:url\" content=\"https:\/\/paragaleriedetalborjt.com\/en\/boutique\/ecodenta-bain-de-bouche-blanchissant-au-charbon-actif-500ml\/\" \/>\n<meta property=\"og:site_name\" content=\"paragaleriedetalborjt\" \/>\n<meta property=\"article:modified_time\" content=\"2026-01-03T19:15:55+00:00\" \/>\n<meta property=\"og:image\" content=\"https:\/\/paragaleriedetalborjt.com\/wp-content\/uploads\/2026\/01\/1-1-1-600x750-1.jpg\" \/>\n\t<meta property=\"og:image:width\" content=\"600\" \/>\n\t<meta property=\"og:image:height\" content=\"750\" \/>\n\t<meta property=\"og:image:type\" content=\"image\/jpeg\" \/>\n<meta name=\"twitter:card\" content=\"summary_large_image\" \/>\n<meta name=\"twitter:label1\" content=\"Est. reading time\" \/>\n\t<meta name=\"twitter:data1\" content=\"1 minute\" \/>\n<script type=\"application\/ld+json\" class=\"yoast-schema-graph\">{\"@context\":\"https:\/\/schema.org\",\"@graph\":[{\"@type\":\"WebPage\",\"@id\":\"https:\/\/paragaleriedetalborjt.com\/boutique\/ecodenta-bain-de-bouche-blanchissant-au-charbon-actif-500ml\/\",\"url\":\"https:\/\/paragaleriedetalborjt.com\/boutique\/ecodenta-bain-de-bouche-blanchissant-au-charbon-actif-500ml\/\",\"name\":\"ECODENTA Bain de Bouche Blanchissant au Charbon Actif 500ml - paragaleriedetalborjt\",\"isPartOf\":{\"@id\":\"https:\/\/paragaleriedetalborjt.com\/#website\"},\"primaryImageOfPage\":{\"@id\":\"https:\/\/paragaleriedetalborjt.com\/boutique\/ecodenta-bain-de-bouche-blanchissant-au-charbon-actif-500ml\/#primaryimage\"},\"image\":{\"@id\":\"https:\/\/paragaleriedetalborjt.com\/boutique\/ecodenta-bain-de-bouche-blanchissant-au-charbon-actif-500ml\/#primaryimage\"},\"thumbnailUrl\":\"https:\/\/paragaleriedetalborjt.com\/wp-content\/uploads\/2026\/01\/1-1-1-600x750-1.jpg\",\"datePublished\":\"2026-01-03T17:50:38+00:00\",\"dateModified\":\"2026-01-03T19:15:55+00:00\",\"breadcrumb\":{\"@id\":\"https:\/\/paragaleriedetalborjt.com\/boutique\/ecodenta-bain-de-bouche-blanchissant-au-charbon-actif-500ml\/#breadcrumb\"},\"inLanguage\":\"en-US\",\"potentialAction\":[{\"@type\":\"ReadAction\",\"target\":[\"https:\/\/paragaleriedetalborjt.com\/boutique\/ecodenta-bain-de-bouche-blanchissant-au-charbon-actif-500ml\/\"]}]},{\"@type\":\"ImageObject\",\"inLanguage\":\"en-US\",\"@id\":\"https:\/\/paragaleriedetalborjt.com\/boutique\/ecodenta-bain-de-bouche-blanchissant-au-charbon-actif-500ml\/#primaryimage\",\"url\":\"https:\/\/paragaleriedetalborjt.com\/wp-content\/uploads\/2026\/01\/1-1-1-600x750-1.jpg\",\"contentUrl\":\"https:\/\/paragaleriedetalborjt.com\/wp-content\/uploads\/2026\/01\/1-1-1-600x750-1.jpg\",\"width\":600,\"height\":750},{\"@type\":\"BreadcrumbList\",\"@id\":\"https:\/\/paragaleriedetalborjt.com\/boutique\/ecodenta-bain-de-bouche-blanchissant-au-charbon-actif-500ml\/#breadcrumb\",\"itemListElement\":[{\"@type\":\"ListItem\",\"position\":1,\"name\":\"Accueil\",\"item\":\"https:\/\/paragaleriedetalborjt.com\/\"},{\"@type\":\"ListItem\",\"position\":2,\"name\":\"Boutique\",\"item\":\"https:\/\/paragaleriedetalborjt.com\/boutique\/\"},{\"@type\":\"ListItem\",\"position\":3,\"name\":\"ECODENTA Bain de Bouche Blanchissant au Charbon Actif 500ml\"}]},{\"@type\":\"WebSite\",\"@id\":\"https:\/\/paragaleriedetalborjt.com\/#website\",\"url\":\"https:\/\/paragaleriedetalborjt.com\/\",\"name\":\"paragaleriedetalborjt\",\"description\":\"\",\"potentialAction\":[{\"@type\":\"SearchAction\",\"target\":{\"@type\":\"EntryPoint\",\"urlTemplate\":\"https:\/\/paragaleriedetalborjt.com\/?s={search_term_string}\"},\"query-input\":{\"@type\":\"PropertyValueSpecification\",\"valueRequired\":true,\"valueName\":\"search_term_string\"}}],\"inLanguage\":\"en-US\"}]}<\/script>\n<!-- \/ Yoast SEO plugin. -->","yoast_head_json":{"title":"ECODENTA Bain de Bouche Blanchissant au Charbon Actif 500ml - paragaleriedetalborjt","robots":{"index":"index","follow":"follow","max-snippet":"max-snippet:-1","max-image-preview":"max-image-preview:large","max-video-preview":"max-video-preview:-1"},"canonical":"https:\/\/paragaleriedetalborjt.com\/en\/boutique\/ecodenta-bain-de-bouche-blanchissant-au-charbon-actif-500ml\/","og_locale":"en_US","og_type":"article","og_title":"ECODENTA Bain de Bouche Blanchissant au Charbon Actif 500ml - paragaleriedetalborjt","og_description":"Highlights:Bain de bouche innovant au charbon de boisProt\u00e8ge efficacement contre la formation de plaque dentaireContient de l\u2019huile de menthe poivr\u00e9e pour une fra\u00eecheur durableCon\u00e7u pour un nettoyage quotidien plus en profondeur des dents","og_url":"https:\/\/paragaleriedetalborjt.com\/en\/boutique\/ecodenta-bain-de-bouche-blanchissant-au-charbon-actif-500ml\/","og_site_name":"paragaleriedetalborjt","article_modified_time":"2026-01-03T19:15:55+00:00","og_image":[{"width":600,"height":750,"url":"https:\/\/paragaleriedetalborjt.com\/wp-content\/uploads\/2026\/01\/1-1-1-600x750-1.jpg","type":"image\/jpeg"}],"twitter_card":"summary_large_image","twitter_misc":{"Est. reading time":"1 minute"},"schema":{"@context":"https:\/\/schema.org","@graph":[{"@type":"WebPage","@id":"https:\/\/paragaleriedetalborjt.com\/boutique\/ecodenta-bain-de-bouche-blanchissant-au-charbon-actif-500ml\/","url":"https:\/\/paragaleriedetalborjt.com\/boutique\/ecodenta-bain-de-bouche-blanchissant-au-charbon-actif-500ml\/","name":"ECODENTA Bain de Bouche Blanchissant au Charbon Actif 500ml - paragaleriedetalborjt","isPartOf":{"@id":"https:\/\/paragaleriedetalborjt.com\/#website"},"primaryImageOfPage":{"@id":"https:\/\/paragaleriedetalborjt.com\/boutique\/ecodenta-bain-de-bouche-blanchissant-au-charbon-actif-500ml\/#primaryimage"},"image":{"@id":"https:\/\/paragaleriedetalborjt.com\/boutique\/ecodenta-bain-de-bouche-blanchissant-au-charbon-actif-500ml\/#primaryimage"},"thumbnailUrl":"https:\/\/paragaleriedetalborjt.com\/wp-content\/uploads\/2026\/01\/1-1-1-600x750-1.jpg","datePublished":"2026-01-03T17:50:38+00:00","dateModified":"2026-01-03T19:15:55+00:00","breadcrumb":{"@id":"https:\/\/paragaleriedetalborjt.com\/boutique\/ecodenta-bain-de-bouche-blanchissant-au-charbon-actif-500ml\/#breadcrumb"},"inLanguage":"en-US","potentialAction":[{"@type":"ReadAction","target":["https:\/\/paragaleriedetalborjt.com\/boutique\/ecodenta-bain-de-bouche-blanchissant-au-charbon-actif-500ml\/"]}]},{"@type":"ImageObject","inLanguage":"en-US","@id":"https:\/\/paragaleriedetalborjt.com\/boutique\/ecodenta-bain-de-bouche-blanchissant-au-charbon-actif-500ml\/#primaryimage","url":"https:\/\/paragaleriedetalborjt.com\/wp-content\/uploads\/2026\/01\/1-1-1-600x750-1.jpg","contentUrl":"https:\/\/paragaleriedetalborjt.com\/wp-content\/uploads\/2026\/01\/1-1-1-600x750-1.jpg","width":600,"height":750},{"@type":"BreadcrumbList","@id":"https:\/\/paragaleriedetalborjt.com\/boutique\/ecodenta-bain-de-bouche-blanchissant-au-charbon-actif-500ml\/#breadcrumb","itemListElement":[{"@type":"ListItem","position":1,"name":"Accueil","item":"https:\/\/paragaleriedetalborjt.com\/"},{"@type":"ListItem","position":2,"name":"Boutique","item":"https:\/\/paragaleriedetalborjt.com\/boutique\/"},{"@type":"ListItem","position":3,"name":"ECODENTA Bain de Bouche Blanchissant au Charbon Actif 500ml"}]},{"@type":"WebSite","@id":"https:\/\/paragaleriedetalborjt.com\/#website","url":"https:\/\/paragaleriedetalborjt.com\/","name":"paragaleriedetalborjt","description":"","potentialAction":[{"@type":"SearchAction","target":{"@type":"EntryPoint","urlTemplate":"https:\/\/paragaleriedetalborjt.com\/?s={search_term_string}"},"query-input":{"@type":"PropertyValueSpecification","valueRequired":true,"valueName":"search_term_string"}}],"inLanguage":"en-US"}]}},"brands":[{"id":1604,"name":"ECODENTA","slug":"ecodenta"}],"_links":{"self":[{"href":"https:\/\/paragaleriedetalborjt.com\/en\/wp-json\/wp\/v2\/product\/39101","targetHints":{"allow":["GET"]}}],"collection":[{"href":"https:\/\/paragaleriedetalborjt.com\/en\/wp-json\/wp\/v2\/product"}],"about":[{"href":"https:\/\/paragaleriedetalborjt.com\/en\/wp-json\/wp\/v2\/types\/product"}],"replies":[{"embeddable":true,"href":"https:\/\/paragaleriedetalborjt.com\/en\/wp-json\/wp\/v2\/comments?post=39101"}],"version-history":[{"count":1,"href":"https:\/\/paragaleriedetalborjt.com\/en\/wp-json\/wp\/v2\/product\/39101\/revisions"}],"predecessor-version":[{"id":39103,"href":"https:\/\/paragaleriedetalborjt.com\/en\/wp-json\/wp\/v2\/product\/39101\/revisions\/39103"}],"wp:featuredmedia":[{"embeddable":true,"href":"https:\/\/paragaleriedetalborjt.com\/en\/wp-json\/wp\/v2\/media\/39102"}],"wp:attachment":[{"href":"https:\/\/paragaleriedetalborjt.com\/en\/wp-json\/wp\/v2\/media?parent=39101"}],"wp:term":[{"taxonomy":"pwb-brand","embeddable":true,"href":"https:\/\/paragaleriedetalborjt.com\/en\/wp-json\/wp\/v2\/pwb-brand?post=39101"},{"taxonomy":"product_cat","embeddable":true,"href":"https:\/\/paragaleriedetalborjt.com\/en\/wp-json\/wp\/v2\/product_cat?post=39101"},{"taxonomy":"product_tag","embeddable":true,"href":"https:\/\/paragaleriedetalborjt.com\/en\/wp-json\/wp\/v2\/product_tag?post=39101"}],"curies":[{"name":"wp","href":"https:\/\/api.w.org\/{rel}","templated":true}]}}