{"id":39095,"date":"2026-01-03T18:50:28","date_gmt":"2026-01-03T17:50:28","guid":{"rendered":"https:\/\/paragaleriedetalborjt.com\/?post_type=product&#038;p=39095"},"modified":"2026-01-03T20:15:54","modified_gmt":"2026-01-03T19:15:54","slug":"some-by-mi-retinol-intense-trial-kit","status":"publish","type":"product","link":"https:\/\/paragaleriedetalborjt.com\/en\/boutique\/some-by-mi-retinol-intense-trial-kit\/","title":{"rendered":"SOME BY MI RETINOL INTENSE TRIAL KIT"},"content":{"rendered":"<div aria-labelledby=\"tab-title-description\" class=\"woocommerce-Tabs-panel woocommerce-Tabs-panel--description panel entry-content wc-tab\" id=\"tab-description\" role=\"tabpanel\" style=\"\">\n<h2>Description<\/h2>\n<section class=\"shopify-section main-product-section\" id=\"shopify-section-template--17133128155309__main\">\n<div class=\"product product--has-sidebar animation animation--product is-visible\" data-current-product-id=\"42598176817325\" data-enable-sticky-container=\"true\" data-gallery-size=\"small\" data-header-top-mobile=\"below\" data-is-full-product=\"true\" data-product-has-only-default-variant=\"true\" data-product-rating=\"4.8\" data-scroller-id=\"product-template--17133128155309__main\" data-section-id=\"template--17133128155309__main\" data-section-type=\"product\" data-zoom-gallery-has-thumbnails=\"true\">\n<div class=\"product__inner\">\n<div class=\"product__top product__primary\">\n<div class=\"product__details product__primary-right\">\n<div class=\"product__meta\" data-sticky-container=\"\">\n<div class=\"product__meta-content\">\n<div class=\"product-blocks\">\n<div class=\"product__description product__block product__block--medium\">\n<div class=\"rte non-page-rte rte--product ff-body fs-body-100\">\n<p>Avec le Some By Mi Retinol Intense Trial Kit vous d\u00e9couvrirez le pouvoir du r\u00e9tinol et ses nombreux bienfaits ! Ce \u00e0 quoi vous pouvez vous attendre, c\u2019est une am\u00e9lioration de la texture de la peau, un renouvellement cutan\u00e9, une hydratation et une r\u00e9duction du vieillissement. Qui ne voudrait pas de \u00e7a ?!<\/p>\n<p>Le r\u00e9tinol, \u00e9galement appel\u00e9 vitamine A. Le r\u00e9tinol est connu pour am\u00e9liorer la texture de la peau. Les rides et ridules sont r\u00e9duites en stimulant le renouvellement cellulaire de la peau. Il rend la peau plus lisse et lui donne un \u00e9clat sain. Ce coffret d\u2019essai est parfait pour d\u00e9couvrir les pouvoirs du r\u00e9tinol !<\/p>\n<p><strong>Cet ensemble:<\/strong><\/p>\n<ul>\n<li>am\u00e9liore la peau<\/li>\n<li>hydrate<\/li>\n<li>limite le vieillissement cutan\u00e9<\/li>\n<li>agit contre les rides et ridules<\/li>\n<li>contient un s\u00e9rum et une cr\u00e8me pour les yeux<\/li>\n<li>sans cruaut\u00e9<\/li>\n<\/ul>\n<p><strong>Ce kit contient :<\/strong><\/p>\n<ul>\n<li>Retinol intense advanced triple action eye cream 10ml<\/li>\n<li>Retinol intense reactivating serum 10ml<\/li>\n<\/ul>\n<p><strong>Comment utiliser:<\/strong><\/p>\n<p>S\u00e9rum:<\/p>\n<ul>\n<li>Assurez-vous que votre peau est nettoy\u00e9e avant d\u2019appliquer le s\u00e9rum.<\/li>\n<li>Appliquez 2 \u00e0 3 gouttes de s\u00e9rum sur le bout de vos doigts et massez le s\u00e9rum sur votre peau.<\/li>\n<li>Terminez avec une cr\u00e8me hydratante.<\/li>\n<\/ul>\n<p>Cr\u00e8me contour des yeux :<\/p>\n<ul>\n<li>Nettoyez votre peau et assurez-vous qu\u2019elle est s\u00e8che.<\/li>\n<li>Appliquez une petite quantit\u00e9 sur le bout de vos doigts et tapotez la cr\u00e8me sur la peau sous vos yeux.<\/li>\n<li>Utilisez uniquement le soir pour de meilleurs r\u00e9sultats.<\/li>\n<\/ul>\n<\/div>\n<\/div>\n<\/div>\n<p aria-hidden=\"true\" aria-live=\"assertive\" class=\"visually-hidden\" data-loader-status=\"\" role=\"alert\">\n<\/div>\n<div class=\"product__meta-recommendations-sidebar visible\"><\/div>\n<\/div>\n<\/div>\n<\/div>\n<\/div>\n<\/div>\n<\/section>\n<div class=\"shopify-section\" id=\"shopify-section-template--17133128155309__1708968361cb49df05\">\n<div class=\"apps section animation animation--apps\" data-section-id=\"template--17133128155309__1708968361cb49df05\" data-section-type=\"apps\">\n<div class=\"section-inner\">\n<div class=\"animation--item\">\n<div class=\"shopify-block shopify-app-block\" id=\"shopify-block-judge_me_reviews_review_widget_gVxt76\">\n<div class=\"jdgm-widget jdgm-review-widget jdgm--done-setup-widget\" data-id=\"7460544413869\" data-impressions-tracked=\"true\" data-product-title=\"RETINOL INTENSE TRIAL KIT\" data-views-tracked=\"true\" data-widget-name=\"review_widget\" id=\"judgeme_product_reviews\">\n<div class=\"jdgm-rev-widg\" data-average-rating=\"4.80\" data-number-of-questions=\"0\" data-number-of-reviews=\"5\" data-updated-at=\"2024-04-30T11:18:06Z\">\n<div class=\"jdgm-rev-widg__header\">\n<h2 class=\"jdgm-rev-widg__title\"><\/h2>\n<\/div>\n<\/div>\n<\/div>\n<\/div>\n<\/div>\n<\/div>\n<\/div>\n<\/div>\n<\/div>","protected":false},"excerpt":{"rendered":"<p>Highlights:Hydrate la peau en continu 24h et restaure la barri\u00e8re cutan\u00e9e. Pour toute la famille.\u2022 Besoin :Hydrater | Peau s\u00e8che \u00e0 tr\u00e8s s\u00e8che | Peau sensible.\u2022 Ingr\u00e9dients Cl\u00e9s :C\u00e9ramides (1, 3 et 6-II) pour prot\u00e9ger et nourrir | Acide Hyaluronique pour maintenir la peau hydrat\u00e9e | Glyc\u00e9rine pour adoucir et prot\u00e9ger.\u2022S\u00e9curit\u00e9 :Sans Parfum | Sans Parab\u00e8ne | Hypoallerg\u00e9nique | Non-Com\u00e9dog\u00e8ne.\u2022 Utilisation :Appliquer matin et soir. Visage et Corps.<\/p>","protected":false},"featured_media":39096,"comment_status":"open","ping_status":"closed","template":"","meta":[],"pwb-brand":[1606],"product_cat":[16],"product_tag":[],"class_list":{"0":"post-39095","1":"product","2":"type-product","3":"status-publish","4":"has-post-thumbnail","6":"pwb-brand-some-by-mi","7":"product_cat-non-classe","8":"pa_brands-some-by-mi","10":"first","11":"instock","12":"sale","13":"shipping-taxable","14":"purchasable","15":"product-type-simple"},"yoast_head":"<!-- This site is optimized with the Yoast SEO plugin v27.5 - https:\/\/yoast.com\/product\/yoast-seo-wordpress\/ -->\n<title>SOME BY MI RETINOL INTENSE TRIAL KIT - paragaleriedetalborjt<\/title>\n<meta name=\"robots\" content=\"index, follow, max-snippet:-1, max-image-preview:large, max-video-preview:-1\" \/>\n<link rel=\"canonical\" href=\"https:\/\/paragaleriedetalborjt.com\/en\/boutique\/some-by-mi-retinol-intense-trial-kit\/\" \/>\n<meta property=\"og:locale\" content=\"en_US\" \/>\n<meta property=\"og:type\" content=\"article\" \/>\n<meta property=\"og:title\" content=\"SOME BY MI RETINOL INTENSE TRIAL KIT - paragaleriedetalborjt\" \/>\n<meta property=\"og:description\" content=\"Highlights:Hydrate la peau en continu 24h et restaure la barri\u00e8re cutan\u00e9e. Pour toute la famille.\u2022 Besoin :Hydrater | Peau s\u00e8che \u00e0 tr\u00e8s s\u00e8che | Peau sensible.\u2022 Ingr\u00e9dients Cl\u00e9s :C\u00e9ramides (1, 3 et 6-II) pour prot\u00e9ger et nourrir | Acide Hyaluronique pour maintenir la peau hydrat\u00e9e | Glyc\u00e9rine pour adoucir et prot\u00e9ger.\u2022S\u00e9curit\u00e9 :Sans Parfum | Sans Parab\u00e8ne | Hypoallerg\u00e9nique | Non-Com\u00e9dog\u00e8ne.\u2022 Utilisation :Appliquer matin et soir. Visage et Corps.\" \/>\n<meta property=\"og:url\" content=\"https:\/\/paragaleriedetalborjt.com\/en\/boutique\/some-by-mi-retinol-intense-trial-kit\/\" \/>\n<meta property=\"og:site_name\" content=\"paragaleriedetalborjt\" \/>\n<meta property=\"article:modified_time\" content=\"2026-01-03T19:15:54+00:00\" \/>\n<meta property=\"og:image\" content=\"https:\/\/paragaleriedetalborjt.com\/wp-content\/uploads\/2026\/01\/SOME-BY-MI-RETINOL-INTENSE-TRIAL-KIT.png\" \/>\n\t<meta property=\"og:image:width\" content=\"595\" \/>\n\t<meta property=\"og:image:height\" content=\"655\" \/>\n\t<meta property=\"og:image:type\" content=\"image\/png\" \/>\n<meta name=\"twitter:card\" content=\"summary_large_image\" \/>\n<meta name=\"twitter:label1\" content=\"Est. reading time\" \/>\n\t<meta name=\"twitter:data1\" content=\"1 minute\" \/>\n<script type=\"application\/ld+json\" class=\"yoast-schema-graph\">{\"@context\":\"https:\\\/\\\/schema.org\",\"@graph\":[{\"@type\":\"WebPage\",\"@id\":\"https:\\\/\\\/paragaleriedetalborjt.com\\\/boutique\\\/some-by-mi-retinol-intense-trial-kit\\\/\",\"url\":\"https:\\\/\\\/paragaleriedetalborjt.com\\\/boutique\\\/some-by-mi-retinol-intense-trial-kit\\\/\",\"name\":\"SOME BY MI RETINOL INTENSE TRIAL KIT - paragaleriedetalborjt\",\"isPartOf\":{\"@id\":\"https:\\\/\\\/paragaleriedetalborjt.com\\\/#website\"},\"primaryImageOfPage\":{\"@id\":\"https:\\\/\\\/paragaleriedetalborjt.com\\\/boutique\\\/some-by-mi-retinol-intense-trial-kit\\\/#primaryimage\"},\"image\":{\"@id\":\"https:\\\/\\\/paragaleriedetalborjt.com\\\/boutique\\\/some-by-mi-retinol-intense-trial-kit\\\/#primaryimage\"},\"thumbnailUrl\":\"https:\\\/\\\/paragaleriedetalborjt.com\\\/wp-content\\\/uploads\\\/2026\\\/01\\\/SOME-BY-MI-RETINOL-INTENSE-TRIAL-KIT.png\",\"datePublished\":\"2026-01-03T17:50:28+00:00\",\"dateModified\":\"2026-01-03T19:15:54+00:00\",\"breadcrumb\":{\"@id\":\"https:\\\/\\\/paragaleriedetalborjt.com\\\/boutique\\\/some-by-mi-retinol-intense-trial-kit\\\/#breadcrumb\"},\"inLanguage\":\"en-US\",\"potentialAction\":[{\"@type\":\"ReadAction\",\"target\":[\"https:\\\/\\\/paragaleriedetalborjt.com\\\/boutique\\\/some-by-mi-retinol-intense-trial-kit\\\/\"]}]},{\"@type\":\"ImageObject\",\"inLanguage\":\"en-US\",\"@id\":\"https:\\\/\\\/paragaleriedetalborjt.com\\\/boutique\\\/some-by-mi-retinol-intense-trial-kit\\\/#primaryimage\",\"url\":\"https:\\\/\\\/paragaleriedetalborjt.com\\\/wp-content\\\/uploads\\\/2026\\\/01\\\/SOME-BY-MI-RETINOL-INTENSE-TRIAL-KIT.png\",\"contentUrl\":\"https:\\\/\\\/paragaleriedetalborjt.com\\\/wp-content\\\/uploads\\\/2026\\\/01\\\/SOME-BY-MI-RETINOL-INTENSE-TRIAL-KIT.png\",\"width\":595,\"height\":655},{\"@type\":\"BreadcrumbList\",\"@id\":\"https:\\\/\\\/paragaleriedetalborjt.com\\\/boutique\\\/some-by-mi-retinol-intense-trial-kit\\\/#breadcrumb\",\"itemListElement\":[{\"@type\":\"ListItem\",\"position\":1,\"name\":\"Accueil\",\"item\":\"https:\\\/\\\/paragaleriedetalborjt.com\\\/\"},{\"@type\":\"ListItem\",\"position\":2,\"name\":\"Boutique\",\"item\":\"https:\\\/\\\/paragaleriedetalborjt.com\\\/boutique\\\/\"},{\"@type\":\"ListItem\",\"position\":3,\"name\":\"SOME BY MI RETINOL INTENSE TRIAL KIT\"}]},{\"@type\":\"WebSite\",\"@id\":\"https:\\\/\\\/paragaleriedetalborjt.com\\\/#website\",\"url\":\"https:\\\/\\\/paragaleriedetalborjt.com\\\/\",\"name\":\"paragaleriedetalborjt\",\"description\":\"\",\"potentialAction\":[{\"@type\":\"SearchAction\",\"target\":{\"@type\":\"EntryPoint\",\"urlTemplate\":\"https:\\\/\\\/paragaleriedetalborjt.com\\\/?s={search_term_string}\"},\"query-input\":{\"@type\":\"PropertyValueSpecification\",\"valueRequired\":true,\"valueName\":\"search_term_string\"}}],\"inLanguage\":\"en-US\"}]}<\/script>\n<!-- \/ Yoast SEO plugin. -->","yoast_head_json":{"title":"SOME BY MI RETINOL INTENSE TRIAL KIT - paragaleriedetalborjt","robots":{"index":"index","follow":"follow","max-snippet":"max-snippet:-1","max-image-preview":"max-image-preview:large","max-video-preview":"max-video-preview:-1"},"canonical":"https:\/\/paragaleriedetalborjt.com\/en\/boutique\/some-by-mi-retinol-intense-trial-kit\/","og_locale":"en_US","og_type":"article","og_title":"SOME BY MI RETINOL INTENSE TRIAL KIT - paragaleriedetalborjt","og_description":"Highlights:Hydrate la peau en continu 24h et restaure la barri\u00e8re cutan\u00e9e. Pour toute la famille.\u2022 Besoin :Hydrater | Peau s\u00e8che \u00e0 tr\u00e8s s\u00e8che | Peau sensible.\u2022 Ingr\u00e9dients Cl\u00e9s :C\u00e9ramides (1, 3 et 6-II) pour prot\u00e9ger et nourrir | Acide Hyaluronique pour maintenir la peau hydrat\u00e9e | Glyc\u00e9rine pour adoucir et prot\u00e9ger.\u2022S\u00e9curit\u00e9 :Sans Parfum | Sans Parab\u00e8ne | Hypoallerg\u00e9nique | Non-Com\u00e9dog\u00e8ne.\u2022 Utilisation :Appliquer matin et soir. Visage et Corps.","og_url":"https:\/\/paragaleriedetalborjt.com\/en\/boutique\/some-by-mi-retinol-intense-trial-kit\/","og_site_name":"paragaleriedetalborjt","article_modified_time":"2026-01-03T19:15:54+00:00","og_image":[{"width":595,"height":655,"url":"https:\/\/paragaleriedetalborjt.com\/wp-content\/uploads\/2026\/01\/SOME-BY-MI-RETINOL-INTENSE-TRIAL-KIT.png","type":"image\/png"}],"twitter_card":"summary_large_image","twitter_misc":{"Est. reading time":"1 minute"},"schema":{"@context":"https:\/\/schema.org","@graph":[{"@type":"WebPage","@id":"https:\/\/paragaleriedetalborjt.com\/boutique\/some-by-mi-retinol-intense-trial-kit\/","url":"https:\/\/paragaleriedetalborjt.com\/boutique\/some-by-mi-retinol-intense-trial-kit\/","name":"SOME BY MI RETINOL INTENSE TRIAL KIT - paragaleriedetalborjt","isPartOf":{"@id":"https:\/\/paragaleriedetalborjt.com\/#website"},"primaryImageOfPage":{"@id":"https:\/\/paragaleriedetalborjt.com\/boutique\/some-by-mi-retinol-intense-trial-kit\/#primaryimage"},"image":{"@id":"https:\/\/paragaleriedetalborjt.com\/boutique\/some-by-mi-retinol-intense-trial-kit\/#primaryimage"},"thumbnailUrl":"https:\/\/paragaleriedetalborjt.com\/wp-content\/uploads\/2026\/01\/SOME-BY-MI-RETINOL-INTENSE-TRIAL-KIT.png","datePublished":"2026-01-03T17:50:28+00:00","dateModified":"2026-01-03T19:15:54+00:00","breadcrumb":{"@id":"https:\/\/paragaleriedetalborjt.com\/boutique\/some-by-mi-retinol-intense-trial-kit\/#breadcrumb"},"inLanguage":"en-US","potentialAction":[{"@type":"ReadAction","target":["https:\/\/paragaleriedetalborjt.com\/boutique\/some-by-mi-retinol-intense-trial-kit\/"]}]},{"@type":"ImageObject","inLanguage":"en-US","@id":"https:\/\/paragaleriedetalborjt.com\/boutique\/some-by-mi-retinol-intense-trial-kit\/#primaryimage","url":"https:\/\/paragaleriedetalborjt.com\/wp-content\/uploads\/2026\/01\/SOME-BY-MI-RETINOL-INTENSE-TRIAL-KIT.png","contentUrl":"https:\/\/paragaleriedetalborjt.com\/wp-content\/uploads\/2026\/01\/SOME-BY-MI-RETINOL-INTENSE-TRIAL-KIT.png","width":595,"height":655},{"@type":"BreadcrumbList","@id":"https:\/\/paragaleriedetalborjt.com\/boutique\/some-by-mi-retinol-intense-trial-kit\/#breadcrumb","itemListElement":[{"@type":"ListItem","position":1,"name":"Accueil","item":"https:\/\/paragaleriedetalborjt.com\/"},{"@type":"ListItem","position":2,"name":"Boutique","item":"https:\/\/paragaleriedetalborjt.com\/boutique\/"},{"@type":"ListItem","position":3,"name":"SOME BY MI RETINOL INTENSE TRIAL KIT"}]},{"@type":"WebSite","@id":"https:\/\/paragaleriedetalborjt.com\/#website","url":"https:\/\/paragaleriedetalborjt.com\/","name":"paragaleriedetalborjt","description":"","potentialAction":[{"@type":"SearchAction","target":{"@type":"EntryPoint","urlTemplate":"https:\/\/paragaleriedetalborjt.com\/?s={search_term_string}"},"query-input":{"@type":"PropertyValueSpecification","valueRequired":true,"valueName":"search_term_string"}}],"inLanguage":"en-US"}]}},"brands":[{"id":1606,"name":"SOME BY MI","slug":"some-by-mi"}],"_links":{"self":[{"href":"https:\/\/paragaleriedetalborjt.com\/en\/wp-json\/wp\/v2\/product\/39095","targetHints":{"allow":["GET"]}}],"collection":[{"href":"https:\/\/paragaleriedetalborjt.com\/en\/wp-json\/wp\/v2\/product"}],"about":[{"href":"https:\/\/paragaleriedetalborjt.com\/en\/wp-json\/wp\/v2\/types\/product"}],"replies":[{"embeddable":true,"href":"https:\/\/paragaleriedetalborjt.com\/en\/wp-json\/wp\/v2\/comments?post=39095"}],"version-history":[{"count":1,"href":"https:\/\/paragaleriedetalborjt.com\/en\/wp-json\/wp\/v2\/product\/39095\/revisions"}],"predecessor-version":[{"id":39097,"href":"https:\/\/paragaleriedetalborjt.com\/en\/wp-json\/wp\/v2\/product\/39095\/revisions\/39097"}],"wp:featuredmedia":[{"embeddable":true,"href":"https:\/\/paragaleriedetalborjt.com\/en\/wp-json\/wp\/v2\/media\/39096"}],"wp:attachment":[{"href":"https:\/\/paragaleriedetalborjt.com\/en\/wp-json\/wp\/v2\/media?parent=39095"}],"wp:term":[{"taxonomy":"pwb-brand","embeddable":true,"href":"https:\/\/paragaleriedetalborjt.com\/en\/wp-json\/wp\/v2\/pwb-brand?post=39095"},{"taxonomy":"product_cat","embeddable":true,"href":"https:\/\/paragaleriedetalborjt.com\/en\/wp-json\/wp\/v2\/product_cat?post=39095"},{"taxonomy":"product_tag","embeddable":true,"href":"https:\/\/paragaleriedetalborjt.com\/en\/wp-json\/wp\/v2\/product_tag?post=39095"}],"curies":[{"name":"wp","href":"https:\/\/api.w.org\/{rel}","templated":true}]}}