{"id":39087,"date":"2026-01-03T18:50:09","date_gmt":"2026-01-03T17:50:09","guid":{"rendered":"https:\/\/paragaleriedetalborjt.com\/?post_type=product&#038;p=39087"},"modified":"2026-01-03T20:15:53","modified_gmt":"2026-01-03T19:15:53","slug":"eau-thermale-avene-hydrance-riche-creme-hydratante-40ml","status":"publish","type":"product","link":"https:\/\/paragaleriedetalborjt.com\/en\/boutique\/eau-thermale-avene-hydrance-riche-creme-hydratante-40ml\/","title":{"rendered":"Eau Thermale Av\u00e8ne Hydrance Riche Cr\u00e8me Hydratante \u2013 40ml"},"content":{"rendered":"<div aria-labelledby=\"tab-title-description\" class=\"woocommerce-Tabs-panel woocommerce-Tabs-panel--description panel entry-content wc-tab\" id=\"tab-description\" role=\"tabpanel\" style=\"\">\n<h2>Description<\/h2>\n<p>Hydrance RICHE Cr\u00e8me hydratante apporte \u00e0 l\u2019\u00e9piderme une recharge d\u2019Eau thermale d\u2019Av\u00e8ne, pour une peau douce et hydrat\u00e9e durant 24 h.<\/p>\n<p>Particuli\u00e8rement indiqu\u00e9e aux peaux sensibles d\u00e9shydrat\u00e9es s\u00e8ches \u00e0 tr\u00e8s s\u00e8ches, Hydrance RICHE Cr\u00e8me hydratante est non collante laisse la peau souple et confortable tout au long de la journ\u00e9e.<\/p>\n<p>\u00c9galement disponible avec protection UV SPF30 ou en version teint\u00e9e BB.<\/p>\n<p>Etalez une perle d\u2019Hydrance RICHE sur le bout de vos doigts, la d\u00e9posez par touches sur le visage et le cou et faites la p\u00e9n\u00e9trer en lissage du bout de vos doigts.<\/p>\n<\/div>","protected":false},"excerpt":{"rendered":"<p>Highlights:\u2022 HYDRATE 24 h en continu. L\u2019action du complexe hydratant d\u2019actifs Cohederm\u2122 brevet\u00e9* d\u2019Hydrance RICHE Cr\u00e8me hydratante assure une diffusion optimale de l\u2019Eau thermale d\u2019Av\u00e8ne et limite son \u00e9vaporation.\u2022 ADOUCIT : Cette cr\u00e8me hydratante au subtil parfum frais apporte \u00e0 chaque application une recharge d\u2019Eau thermale d\u2019Av\u00e8ne, pour une peau douce et lumineuse.\u2022 R\u00c9CONFORTE : Sa texture riche et non grasse d\u00e9salt\u00e8re la peau toute la journ\u00e9e et lui redonne souplesse et confort optimal.<\/p>","protected":false},"featured_media":39088,"comment_status":"open","ping_status":"closed","template":"","meta":[],"pwb-brand":[1771],"product_cat":[16],"product_tag":[],"class_list":{"0":"post-39087","1":"product","2":"type-product","3":"status-publish","4":"has-post-thumbnail","6":"pwb-brand-avene","7":"product_cat-non-classe","8":"pa_brands-avene","10":"first","11":"instock","12":"sale","13":"shipping-taxable","14":"purchasable","15":"product-type-simple"},"yoast_head":"<!-- This site is optimized with the Yoast SEO plugin v27.5 - https:\/\/yoast.com\/product\/yoast-seo-wordpress\/ -->\n<title>Eau Thermale Av\u00e8ne Hydrance Riche Cr\u00e8me Hydratante \u2013 40ml - paragaleriedetalborjt<\/title>\n<meta name=\"robots\" content=\"index, follow, max-snippet:-1, max-image-preview:large, max-video-preview:-1\" \/>\n<link rel=\"canonical\" href=\"https:\/\/paragaleriedetalborjt.com\/en\/boutique\/eau-thermale-avene-hydrance-riche-creme-hydratante-40ml\/\" \/>\n<meta property=\"og:locale\" content=\"en_US\" \/>\n<meta property=\"og:type\" content=\"article\" \/>\n<meta property=\"og:title\" content=\"Eau Thermale Av\u00e8ne Hydrance Riche Cr\u00e8me Hydratante \u2013 40ml - paragaleriedetalborjt\" \/>\n<meta property=\"og:description\" content=\"Highlights:\u2022 HYDRATE 24 h en continu. L\u2019action du complexe hydratant d\u2019actifs Cohederm\u2122 brevet\u00e9* d\u2019Hydrance RICHE Cr\u00e8me hydratante assure une diffusion optimale de l\u2019Eau thermale d\u2019Av\u00e8ne et limite son \u00e9vaporation.\u2022 ADOUCIT : Cette cr\u00e8me hydratante au subtil parfum frais apporte \u00e0 chaque application une recharge d\u2019Eau thermale d\u2019Av\u00e8ne, pour une peau douce et lumineuse.\u2022 R\u00c9CONFORTE : Sa texture riche et non grasse d\u00e9salt\u00e8re la peau toute la journ\u00e9e et lui redonne souplesse et confort optimal.\" \/>\n<meta property=\"og:url\" content=\"https:\/\/paragaleriedetalborjt.com\/en\/boutique\/eau-thermale-avene-hydrance-riche-creme-hydratante-40ml\/\" \/>\n<meta property=\"og:site_name\" content=\"paragaleriedetalborjt\" \/>\n<meta property=\"article:modified_time\" content=\"2026-01-03T19:15:53+00:00\" \/>\n<meta property=\"og:image\" content=\"https:\/\/paragaleriedetalborjt.com\/wp-content\/uploads\/2026\/01\/3282779390132-EauThermaleAvC3A8ne-HydranceRICHECrC3A8mehydratante-0764024001680705904-600x600-1.jpg\" \/>\n\t<meta property=\"og:image:width\" content=\"600\" \/>\n\t<meta property=\"og:image:height\" content=\"600\" \/>\n\t<meta property=\"og:image:type\" content=\"image\/jpeg\" \/>\n<meta name=\"twitter:card\" content=\"summary_large_image\" \/>\n<meta name=\"twitter:label1\" content=\"Est. reading time\" \/>\n\t<meta name=\"twitter:data1\" content=\"1 minute\" \/>\n<script type=\"application\/ld+json\" class=\"yoast-schema-graph\">{\"@context\":\"https:\\\/\\\/schema.org\",\"@graph\":[{\"@type\":\"WebPage\",\"@id\":\"https:\\\/\\\/paragaleriedetalborjt.com\\\/boutique\\\/eau-thermale-avene-hydrance-riche-creme-hydratante-40ml\\\/\",\"url\":\"https:\\\/\\\/paragaleriedetalborjt.com\\\/boutique\\\/eau-thermale-avene-hydrance-riche-creme-hydratante-40ml\\\/\",\"name\":\"Eau Thermale Av\u00e8ne Hydrance Riche Cr\u00e8me Hydratante \u2013 40ml - paragaleriedetalborjt\",\"isPartOf\":{\"@id\":\"https:\\\/\\\/paragaleriedetalborjt.com\\\/#website\"},\"primaryImageOfPage\":{\"@id\":\"https:\\\/\\\/paragaleriedetalborjt.com\\\/boutique\\\/eau-thermale-avene-hydrance-riche-creme-hydratante-40ml\\\/#primaryimage\"},\"image\":{\"@id\":\"https:\\\/\\\/paragaleriedetalborjt.com\\\/boutique\\\/eau-thermale-avene-hydrance-riche-creme-hydratante-40ml\\\/#primaryimage\"},\"thumbnailUrl\":\"https:\\\/\\\/paragaleriedetalborjt.com\\\/wp-content\\\/uploads\\\/2026\\\/01\\\/3282779390132-EauThermaleAvC3A8ne-HydranceRICHECrC3A8mehydratante-0764024001680705904-600x600-1.jpg\",\"datePublished\":\"2026-01-03T17:50:09+00:00\",\"dateModified\":\"2026-01-03T19:15:53+00:00\",\"breadcrumb\":{\"@id\":\"https:\\\/\\\/paragaleriedetalborjt.com\\\/boutique\\\/eau-thermale-avene-hydrance-riche-creme-hydratante-40ml\\\/#breadcrumb\"},\"inLanguage\":\"en-US\",\"potentialAction\":[{\"@type\":\"ReadAction\",\"target\":[\"https:\\\/\\\/paragaleriedetalborjt.com\\\/boutique\\\/eau-thermale-avene-hydrance-riche-creme-hydratante-40ml\\\/\"]}]},{\"@type\":\"ImageObject\",\"inLanguage\":\"en-US\",\"@id\":\"https:\\\/\\\/paragaleriedetalborjt.com\\\/boutique\\\/eau-thermale-avene-hydrance-riche-creme-hydratante-40ml\\\/#primaryimage\",\"url\":\"https:\\\/\\\/paragaleriedetalborjt.com\\\/wp-content\\\/uploads\\\/2026\\\/01\\\/3282779390132-EauThermaleAvC3A8ne-HydranceRICHECrC3A8mehydratante-0764024001680705904-600x600-1.jpg\",\"contentUrl\":\"https:\\\/\\\/paragaleriedetalborjt.com\\\/wp-content\\\/uploads\\\/2026\\\/01\\\/3282779390132-EauThermaleAvC3A8ne-HydranceRICHECrC3A8mehydratante-0764024001680705904-600x600-1.jpg\",\"width\":600,\"height\":600},{\"@type\":\"BreadcrumbList\",\"@id\":\"https:\\\/\\\/paragaleriedetalborjt.com\\\/boutique\\\/eau-thermale-avene-hydrance-riche-creme-hydratante-40ml\\\/#breadcrumb\",\"itemListElement\":[{\"@type\":\"ListItem\",\"position\":1,\"name\":\"Accueil\",\"item\":\"https:\\\/\\\/paragaleriedetalborjt.com\\\/\"},{\"@type\":\"ListItem\",\"position\":2,\"name\":\"Boutique\",\"item\":\"https:\\\/\\\/paragaleriedetalborjt.com\\\/boutique\\\/\"},{\"@type\":\"ListItem\",\"position\":3,\"name\":\"Eau Thermale Av\u00e8ne Hydrance Riche Cr\u00e8me Hydratante \u2013 40ml\"}]},{\"@type\":\"WebSite\",\"@id\":\"https:\\\/\\\/paragaleriedetalborjt.com\\\/#website\",\"url\":\"https:\\\/\\\/paragaleriedetalborjt.com\\\/\",\"name\":\"paragaleriedetalborjt\",\"description\":\"\",\"potentialAction\":[{\"@type\":\"SearchAction\",\"target\":{\"@type\":\"EntryPoint\",\"urlTemplate\":\"https:\\\/\\\/paragaleriedetalborjt.com\\\/?s={search_term_string}\"},\"query-input\":{\"@type\":\"PropertyValueSpecification\",\"valueRequired\":true,\"valueName\":\"search_term_string\"}}],\"inLanguage\":\"en-US\"}]}<\/script>\n<!-- \/ Yoast SEO plugin. -->","yoast_head_json":{"title":"Eau Thermale Av\u00e8ne Hydrance Riche Cr\u00e8me Hydratante \u2013 40ml - paragaleriedetalborjt","robots":{"index":"index","follow":"follow","max-snippet":"max-snippet:-1","max-image-preview":"max-image-preview:large","max-video-preview":"max-video-preview:-1"},"canonical":"https:\/\/paragaleriedetalborjt.com\/en\/boutique\/eau-thermale-avene-hydrance-riche-creme-hydratante-40ml\/","og_locale":"en_US","og_type":"article","og_title":"Eau Thermale Av\u00e8ne Hydrance Riche Cr\u00e8me Hydratante \u2013 40ml - paragaleriedetalborjt","og_description":"Highlights:\u2022 HYDRATE 24 h en continu. L\u2019action du complexe hydratant d\u2019actifs Cohederm\u2122 brevet\u00e9* d\u2019Hydrance RICHE Cr\u00e8me hydratante assure une diffusion optimale de l\u2019Eau thermale d\u2019Av\u00e8ne et limite son \u00e9vaporation.\u2022 ADOUCIT : Cette cr\u00e8me hydratante au subtil parfum frais apporte \u00e0 chaque application une recharge d\u2019Eau thermale d\u2019Av\u00e8ne, pour une peau douce et lumineuse.\u2022 R\u00c9CONFORTE : Sa texture riche et non grasse d\u00e9salt\u00e8re la peau toute la journ\u00e9e et lui redonne souplesse et confort optimal.","og_url":"https:\/\/paragaleriedetalborjt.com\/en\/boutique\/eau-thermale-avene-hydrance-riche-creme-hydratante-40ml\/","og_site_name":"paragaleriedetalborjt","article_modified_time":"2026-01-03T19:15:53+00:00","og_image":[{"width":600,"height":600,"url":"https:\/\/paragaleriedetalborjt.com\/wp-content\/uploads\/2026\/01\/3282779390132-EauThermaleAvC3A8ne-HydranceRICHECrC3A8mehydratante-0764024001680705904-600x600-1.jpg","type":"image\/jpeg"}],"twitter_card":"summary_large_image","twitter_misc":{"Est. reading time":"1 minute"},"schema":{"@context":"https:\/\/schema.org","@graph":[{"@type":"WebPage","@id":"https:\/\/paragaleriedetalborjt.com\/boutique\/eau-thermale-avene-hydrance-riche-creme-hydratante-40ml\/","url":"https:\/\/paragaleriedetalborjt.com\/boutique\/eau-thermale-avene-hydrance-riche-creme-hydratante-40ml\/","name":"Eau Thermale Av\u00e8ne Hydrance Riche Cr\u00e8me Hydratante \u2013 40ml - paragaleriedetalborjt","isPartOf":{"@id":"https:\/\/paragaleriedetalborjt.com\/#website"},"primaryImageOfPage":{"@id":"https:\/\/paragaleriedetalborjt.com\/boutique\/eau-thermale-avene-hydrance-riche-creme-hydratante-40ml\/#primaryimage"},"image":{"@id":"https:\/\/paragaleriedetalborjt.com\/boutique\/eau-thermale-avene-hydrance-riche-creme-hydratante-40ml\/#primaryimage"},"thumbnailUrl":"https:\/\/paragaleriedetalborjt.com\/wp-content\/uploads\/2026\/01\/3282779390132-EauThermaleAvC3A8ne-HydranceRICHECrC3A8mehydratante-0764024001680705904-600x600-1.jpg","datePublished":"2026-01-03T17:50:09+00:00","dateModified":"2026-01-03T19:15:53+00:00","breadcrumb":{"@id":"https:\/\/paragaleriedetalborjt.com\/boutique\/eau-thermale-avene-hydrance-riche-creme-hydratante-40ml\/#breadcrumb"},"inLanguage":"en-US","potentialAction":[{"@type":"ReadAction","target":["https:\/\/paragaleriedetalborjt.com\/boutique\/eau-thermale-avene-hydrance-riche-creme-hydratante-40ml\/"]}]},{"@type":"ImageObject","inLanguage":"en-US","@id":"https:\/\/paragaleriedetalborjt.com\/boutique\/eau-thermale-avene-hydrance-riche-creme-hydratante-40ml\/#primaryimage","url":"https:\/\/paragaleriedetalborjt.com\/wp-content\/uploads\/2026\/01\/3282779390132-EauThermaleAvC3A8ne-HydranceRICHECrC3A8mehydratante-0764024001680705904-600x600-1.jpg","contentUrl":"https:\/\/paragaleriedetalborjt.com\/wp-content\/uploads\/2026\/01\/3282779390132-EauThermaleAvC3A8ne-HydranceRICHECrC3A8mehydratante-0764024001680705904-600x600-1.jpg","width":600,"height":600},{"@type":"BreadcrumbList","@id":"https:\/\/paragaleriedetalborjt.com\/boutique\/eau-thermale-avene-hydrance-riche-creme-hydratante-40ml\/#breadcrumb","itemListElement":[{"@type":"ListItem","position":1,"name":"Accueil","item":"https:\/\/paragaleriedetalborjt.com\/"},{"@type":"ListItem","position":2,"name":"Boutique","item":"https:\/\/paragaleriedetalborjt.com\/boutique\/"},{"@type":"ListItem","position":3,"name":"Eau Thermale Av\u00e8ne Hydrance Riche Cr\u00e8me Hydratante \u2013 40ml"}]},{"@type":"WebSite","@id":"https:\/\/paragaleriedetalborjt.com\/#website","url":"https:\/\/paragaleriedetalborjt.com\/","name":"paragaleriedetalborjt","description":"","potentialAction":[{"@type":"SearchAction","target":{"@type":"EntryPoint","urlTemplate":"https:\/\/paragaleriedetalborjt.com\/?s={search_term_string}"},"query-input":{"@type":"PropertyValueSpecification","valueRequired":true,"valueName":"search_term_string"}}],"inLanguage":"en-US"}]}},"brands":[{"id":1771,"name":"AV\u00c8NE","slug":"avene"}],"_links":{"self":[{"href":"https:\/\/paragaleriedetalborjt.com\/en\/wp-json\/wp\/v2\/product\/39087","targetHints":{"allow":["GET"]}}],"collection":[{"href":"https:\/\/paragaleriedetalborjt.com\/en\/wp-json\/wp\/v2\/product"}],"about":[{"href":"https:\/\/paragaleriedetalborjt.com\/en\/wp-json\/wp\/v2\/types\/product"}],"replies":[{"embeddable":true,"href":"https:\/\/paragaleriedetalborjt.com\/en\/wp-json\/wp\/v2\/comments?post=39087"}],"version-history":[{"count":1,"href":"https:\/\/paragaleriedetalborjt.com\/en\/wp-json\/wp\/v2\/product\/39087\/revisions"}],"predecessor-version":[{"id":39089,"href":"https:\/\/paragaleriedetalborjt.com\/en\/wp-json\/wp\/v2\/product\/39087\/revisions\/39089"}],"wp:featuredmedia":[{"embeddable":true,"href":"https:\/\/paragaleriedetalborjt.com\/en\/wp-json\/wp\/v2\/media\/39088"}],"wp:attachment":[{"href":"https:\/\/paragaleriedetalborjt.com\/en\/wp-json\/wp\/v2\/media?parent=39087"}],"wp:term":[{"taxonomy":"pwb-brand","embeddable":true,"href":"https:\/\/paragaleriedetalborjt.com\/en\/wp-json\/wp\/v2\/pwb-brand?post=39087"},{"taxonomy":"product_cat","embeddable":true,"href":"https:\/\/paragaleriedetalborjt.com\/en\/wp-json\/wp\/v2\/product_cat?post=39087"},{"taxonomy":"product_tag","embeddable":true,"href":"https:\/\/paragaleriedetalborjt.com\/en\/wp-json\/wp\/v2\/product_tag?post=39087"}],"curies":[{"name":"wp","href":"https:\/\/api.w.org\/{rel}","templated":true}]}}