{"id":39033,"date":"2026-01-03T18:48:26","date_gmt":"2026-01-03T17:48:26","guid":{"rendered":"https:\/\/paragaleriedetalborjt.com\/?post_type=product&#038;p=39033"},"modified":"2026-01-03T20:15:49","modified_gmt":"2026-01-03T19:15:49","slug":"ducray-neoptide-expert-serum-antichute-croissance-250ml-brosse-cheveux-offerte","status":"publish","type":"product","link":"https:\/\/paragaleriedetalborjt.com\/en\/boutique\/ducray-neoptide-expert-serum-antichute-croissance-250ml-brosse-cheveux-offerte\/","title":{"rendered":"DUCRAY NEOPTIDE EXPERT S\u00e9rum Antichute &#038; Croissance 2*50ml = Brosse Cheveux Offerte"},"content":{"rendered":"<div aria-labelledby=\"tab-title-description\" class=\"woocommerce-Tabs-panel woocommerce-Tabs-panel--description panel entry-content wc-tab\" id=\"tab-description\" role=\"tabpanel\" style=\"\">\n<h2>Description<\/h2>\n<p>Le S\u00e9rum NEOPTIDE EXPERT agit sur la chute chronique\u00b9 de l\u2019homme et de la femme, gr\u00e2ce \u00e0 ses actifs brevet\u00e9s exclusifs.<br \/>\nDouble action : antichute et croissance. Il densifie la chevelure\u00b2, augmente le volume\u00b2 et renforce la fibre capillaire\u00b2.<br \/>\nM\u00e9canismes d\u2019action in\u00e9dits : augmentation de l\u2019ancrage des cheveux et r\u00e9gulation du cycle pilaire<br \/>\nDans sa formule: de l\u2019ANCHORANE pour l\u2019ancrage, du LESPEDEZA pour la r\u00e9gulation du cycle pilaire, de la MANGALIDONE pour la microcirculation et des agents hydratants pour le confort d\u2019utilisation.<br \/>\nSon efficacit\u00e9 antichute est prouv\u00e9e cliniquement d\u00e8s 2 mois\u00b9.<br \/>\nIl peut \u00eatre employ\u00e9 seul, en compl\u00e9ment de traitements m\u00e9dicamenteux de r\u00e9f\u00e9rence, ou en accompagnement des greffes capillaires.<br \/>\nIl s\u2019applique 1 fois par jour en 8 pulv\u00e9risations sur le cuir chevelu sec ou humide et s\u2019accompagne d\u2019un l\u00e9ger massage.<br \/>\nIl contribue \u00e0 une am\u00e9lioration significative de la qualit\u00e9 de vie des personnes souffrant de chute de cheveux\u00b9.<br \/>\nTest\u00e9 sous contr\u00f4le dermatologique.<\/p>\n<p><strong>B\u00e9n\u00e9fices<\/strong><br \/>\n\u2022 FREINE la chute de cheveux, stimule la croissance et augmente l\u2019ancrage du follicule pilaire dans le cuir chevelu\u00b9<br \/>\n\u2022 NORMALISE le cycle pilaire<br \/>\n\u2022 PREPARE le cuir chevelu \u00e0 la greffe capillaire<\/p>\n<p><strong>Fr\u00e9quence d\u2019usage<\/strong><br \/>\n1 fois par jour<br \/>\n\u2022 Adapter le spray sur le flacon et secouer avant utilisation<br \/>\n\u2022 Utiliser le spray pour les 2 flacons<\/p>\n<p><strong>Chute de cheveux :<\/strong><br \/>\n\u2022 1 fois par jour, appliquer 8 pulv\u00e9risations<br \/>\nsur le cuir chevelu sec ou humide (2 pulv\u00e9risations par raie : au milieu, c\u00f4t\u00e9 droit, c\u00f4t\u00e9 gauche et derri\u00e8re). Masser du bout des doigts pour faire p\u00e9n\u00e9trer le produit.<\/p>\n<p><strong>Greffe capillaire :<\/strong><br \/>\n\u2022 15 jours avant et jusqu\u2019au jour de la greffe, appliquer 8 pulv\u00e9risations sur l\u2019ensemble du cuir chevelu sec ou humide. Faire p\u00e9n\u00e9trer en massant d\u00e9licatement.<br \/>\n\u2022 4 jours apr\u00e8s la greffe, appliquer 8 pulv\u00e9risations sur une gaze et tamponner sur la zone greff\u00e9e pendant 15 jours<br \/>\n\u2022 Apr\u00e8s cicatrisation compl\u00e8te, appliquer 8 pulv\u00e9risations avec les doigts sur la zone greff\u00e9e. Masser doucement.<br \/>\n\u2022Soin quotidien minimum de 9 mois.<\/p>\n<\/div>","protected":false},"excerpt":{"rendered":"<p>Highlights:Augmente l\u2019\u00e9paisseur du cheveu \u2013 Augmente l\u2019ancrage des cheveux \u2013 Apporte du volume \u2013 Relance la croissance \u2013 Freine la chute \u2013 Densifie la chevelure<\/p>","protected":false},"featured_media":39034,"comment_status":"open","ping_status":"closed","template":"","meta":[],"pwb-brand":[1583],"product_cat":[16],"product_tag":[],"class_list":{"0":"post-39033","1":"product","2":"type-product","3":"status-publish","4":"has-post-thumbnail","6":"pwb-brand-ducray","7":"product_cat-non-classe","8":"pa_brands-ducray","10":"first","11":"instock","12":"sale","13":"shipping-taxable","14":"purchasable","15":"product-type-simple"},"yoast_head":"<!-- This site is optimized with the Yoast SEO plugin v27.5 - https:\/\/yoast.com\/product\/yoast-seo-wordpress\/ -->\n<title>DUCRAY NEOPTIDE EXPERT S\u00e9rum Antichute &amp; Croissance 2*50ml = Brosse Cheveux Offerte - paragaleriedetalborjt<\/title>\n<meta name=\"robots\" content=\"index, follow, max-snippet:-1, max-image-preview:large, max-video-preview:-1\" \/>\n<link rel=\"canonical\" href=\"https:\/\/paragaleriedetalborjt.com\/en\/boutique\/ducray-neoptide-expert-serum-antichute-croissance-250ml-brosse-cheveux-offerte\/\" \/>\n<meta property=\"og:locale\" content=\"en_US\" \/>\n<meta property=\"og:type\" content=\"article\" \/>\n<meta property=\"og:title\" content=\"DUCRAY NEOPTIDE EXPERT S\u00e9rum Antichute &amp; Croissance 2*50ml = Brosse Cheveux Offerte - paragaleriedetalborjt\" \/>\n<meta property=\"og:description\" content=\"Highlights:Augmente l\u2019\u00e9paisseur du cheveu \u2013 Augmente l\u2019ancrage des cheveux \u2013 Apporte du volume \u2013 Relance la croissance \u2013 Freine la chute \u2013 Densifie la chevelure\" \/>\n<meta property=\"og:url\" content=\"https:\/\/paragaleriedetalborjt.com\/en\/boutique\/ducray-neoptide-expert-serum-antichute-croissance-250ml-brosse-cheveux-offerte\/\" \/>\n<meta property=\"og:site_name\" content=\"paragaleriedetalborjt\" \/>\n<meta property=\"article:modified_time\" content=\"2026-01-03T19:15:49+00:00\" \/>\n<meta property=\"og:image\" content=\"https:\/\/paragaleriedetalborjt.com\/wp-content\/uploads\/2026\/01\/1-neoptide-expert-1-600x600-1.jpg\" \/>\n\t<meta property=\"og:image:width\" content=\"600\" \/>\n\t<meta property=\"og:image:height\" content=\"600\" \/>\n\t<meta property=\"og:image:type\" content=\"image\/jpeg\" \/>\n<meta name=\"twitter:card\" content=\"summary_large_image\" \/>\n<meta name=\"twitter:label1\" content=\"Est. reading time\" \/>\n\t<meta name=\"twitter:data1\" content=\"2 minutes\" \/>\n<script type=\"application\/ld+json\" class=\"yoast-schema-graph\">{\"@context\":\"https:\\\/\\\/schema.org\",\"@graph\":[{\"@type\":\"WebPage\",\"@id\":\"https:\\\/\\\/paragaleriedetalborjt.com\\\/boutique\\\/ducray-neoptide-expert-serum-antichute-croissance-250ml-brosse-cheveux-offerte\\\/\",\"url\":\"https:\\\/\\\/paragaleriedetalborjt.com\\\/boutique\\\/ducray-neoptide-expert-serum-antichute-croissance-250ml-brosse-cheveux-offerte\\\/\",\"name\":\"DUCRAY NEOPTIDE EXPERT S\u00e9rum Antichute & Croissance 2*50ml = Brosse Cheveux Offerte - paragaleriedetalborjt\",\"isPartOf\":{\"@id\":\"https:\\\/\\\/paragaleriedetalborjt.com\\\/#website\"},\"primaryImageOfPage\":{\"@id\":\"https:\\\/\\\/paragaleriedetalborjt.com\\\/boutique\\\/ducray-neoptide-expert-serum-antichute-croissance-250ml-brosse-cheveux-offerte\\\/#primaryimage\"},\"image\":{\"@id\":\"https:\\\/\\\/paragaleriedetalborjt.com\\\/boutique\\\/ducray-neoptide-expert-serum-antichute-croissance-250ml-brosse-cheveux-offerte\\\/#primaryimage\"},\"thumbnailUrl\":\"https:\\\/\\\/paragaleriedetalborjt.com\\\/wp-content\\\/uploads\\\/2026\\\/01\\\/1-neoptide-expert-1-600x600-1.jpg\",\"datePublished\":\"2026-01-03T17:48:26+00:00\",\"dateModified\":\"2026-01-03T19:15:49+00:00\",\"breadcrumb\":{\"@id\":\"https:\\\/\\\/paragaleriedetalborjt.com\\\/boutique\\\/ducray-neoptide-expert-serum-antichute-croissance-250ml-brosse-cheveux-offerte\\\/#breadcrumb\"},\"inLanguage\":\"en-US\",\"potentialAction\":[{\"@type\":\"ReadAction\",\"target\":[\"https:\\\/\\\/paragaleriedetalborjt.com\\\/boutique\\\/ducray-neoptide-expert-serum-antichute-croissance-250ml-brosse-cheveux-offerte\\\/\"]}]},{\"@type\":\"ImageObject\",\"inLanguage\":\"en-US\",\"@id\":\"https:\\\/\\\/paragaleriedetalborjt.com\\\/boutique\\\/ducray-neoptide-expert-serum-antichute-croissance-250ml-brosse-cheveux-offerte\\\/#primaryimage\",\"url\":\"https:\\\/\\\/paragaleriedetalborjt.com\\\/wp-content\\\/uploads\\\/2026\\\/01\\\/1-neoptide-expert-1-600x600-1.jpg\",\"contentUrl\":\"https:\\\/\\\/paragaleriedetalborjt.com\\\/wp-content\\\/uploads\\\/2026\\\/01\\\/1-neoptide-expert-1-600x600-1.jpg\",\"width\":600,\"height\":600},{\"@type\":\"BreadcrumbList\",\"@id\":\"https:\\\/\\\/paragaleriedetalborjt.com\\\/boutique\\\/ducray-neoptide-expert-serum-antichute-croissance-250ml-brosse-cheveux-offerte\\\/#breadcrumb\",\"itemListElement\":[{\"@type\":\"ListItem\",\"position\":1,\"name\":\"Accueil\",\"item\":\"https:\\\/\\\/paragaleriedetalborjt.com\\\/\"},{\"@type\":\"ListItem\",\"position\":2,\"name\":\"Boutique\",\"item\":\"https:\\\/\\\/paragaleriedetalborjt.com\\\/boutique\\\/\"},{\"@type\":\"ListItem\",\"position\":3,\"name\":\"DUCRAY NEOPTIDE EXPERT S\u00e9rum Antichute &#038; Croissance 2*50ml = Brosse Cheveux Offerte\"}]},{\"@type\":\"WebSite\",\"@id\":\"https:\\\/\\\/paragaleriedetalborjt.com\\\/#website\",\"url\":\"https:\\\/\\\/paragaleriedetalborjt.com\\\/\",\"name\":\"paragaleriedetalborjt\",\"description\":\"\",\"potentialAction\":[{\"@type\":\"SearchAction\",\"target\":{\"@type\":\"EntryPoint\",\"urlTemplate\":\"https:\\\/\\\/paragaleriedetalborjt.com\\\/?s={search_term_string}\"},\"query-input\":{\"@type\":\"PropertyValueSpecification\",\"valueRequired\":true,\"valueName\":\"search_term_string\"}}],\"inLanguage\":\"en-US\"}]}<\/script>\n<!-- \/ Yoast SEO plugin. -->","yoast_head_json":{"title":"DUCRAY NEOPTIDE EXPERT S\u00e9rum Antichute & Croissance 2*50ml = Brosse Cheveux Offerte - paragaleriedetalborjt","robots":{"index":"index","follow":"follow","max-snippet":"max-snippet:-1","max-image-preview":"max-image-preview:large","max-video-preview":"max-video-preview:-1"},"canonical":"https:\/\/paragaleriedetalborjt.com\/en\/boutique\/ducray-neoptide-expert-serum-antichute-croissance-250ml-brosse-cheveux-offerte\/","og_locale":"en_US","og_type":"article","og_title":"DUCRAY NEOPTIDE EXPERT S\u00e9rum Antichute & Croissance 2*50ml = Brosse Cheveux Offerte - paragaleriedetalborjt","og_description":"Highlights:Augmente l\u2019\u00e9paisseur du cheveu \u2013 Augmente l\u2019ancrage des cheveux \u2013 Apporte du volume \u2013 Relance la croissance \u2013 Freine la chute \u2013 Densifie la chevelure","og_url":"https:\/\/paragaleriedetalborjt.com\/en\/boutique\/ducray-neoptide-expert-serum-antichute-croissance-250ml-brosse-cheveux-offerte\/","og_site_name":"paragaleriedetalborjt","article_modified_time":"2026-01-03T19:15:49+00:00","og_image":[{"width":600,"height":600,"url":"https:\/\/paragaleriedetalborjt.com\/wp-content\/uploads\/2026\/01\/1-neoptide-expert-1-600x600-1.jpg","type":"image\/jpeg"}],"twitter_card":"summary_large_image","twitter_misc":{"Est. reading time":"2 minutes"},"schema":{"@context":"https:\/\/schema.org","@graph":[{"@type":"WebPage","@id":"https:\/\/paragaleriedetalborjt.com\/boutique\/ducray-neoptide-expert-serum-antichute-croissance-250ml-brosse-cheveux-offerte\/","url":"https:\/\/paragaleriedetalborjt.com\/boutique\/ducray-neoptide-expert-serum-antichute-croissance-250ml-brosse-cheveux-offerte\/","name":"DUCRAY NEOPTIDE EXPERT S\u00e9rum Antichute & Croissance 2*50ml = Brosse Cheveux Offerte - paragaleriedetalborjt","isPartOf":{"@id":"https:\/\/paragaleriedetalborjt.com\/#website"},"primaryImageOfPage":{"@id":"https:\/\/paragaleriedetalborjt.com\/boutique\/ducray-neoptide-expert-serum-antichute-croissance-250ml-brosse-cheveux-offerte\/#primaryimage"},"image":{"@id":"https:\/\/paragaleriedetalborjt.com\/boutique\/ducray-neoptide-expert-serum-antichute-croissance-250ml-brosse-cheveux-offerte\/#primaryimage"},"thumbnailUrl":"https:\/\/paragaleriedetalborjt.com\/wp-content\/uploads\/2026\/01\/1-neoptide-expert-1-600x600-1.jpg","datePublished":"2026-01-03T17:48:26+00:00","dateModified":"2026-01-03T19:15:49+00:00","breadcrumb":{"@id":"https:\/\/paragaleriedetalborjt.com\/boutique\/ducray-neoptide-expert-serum-antichute-croissance-250ml-brosse-cheveux-offerte\/#breadcrumb"},"inLanguage":"en-US","potentialAction":[{"@type":"ReadAction","target":["https:\/\/paragaleriedetalborjt.com\/boutique\/ducray-neoptide-expert-serum-antichute-croissance-250ml-brosse-cheveux-offerte\/"]}]},{"@type":"ImageObject","inLanguage":"en-US","@id":"https:\/\/paragaleriedetalborjt.com\/boutique\/ducray-neoptide-expert-serum-antichute-croissance-250ml-brosse-cheveux-offerte\/#primaryimage","url":"https:\/\/paragaleriedetalborjt.com\/wp-content\/uploads\/2026\/01\/1-neoptide-expert-1-600x600-1.jpg","contentUrl":"https:\/\/paragaleriedetalborjt.com\/wp-content\/uploads\/2026\/01\/1-neoptide-expert-1-600x600-1.jpg","width":600,"height":600},{"@type":"BreadcrumbList","@id":"https:\/\/paragaleriedetalborjt.com\/boutique\/ducray-neoptide-expert-serum-antichute-croissance-250ml-brosse-cheveux-offerte\/#breadcrumb","itemListElement":[{"@type":"ListItem","position":1,"name":"Accueil","item":"https:\/\/paragaleriedetalborjt.com\/"},{"@type":"ListItem","position":2,"name":"Boutique","item":"https:\/\/paragaleriedetalborjt.com\/boutique\/"},{"@type":"ListItem","position":3,"name":"DUCRAY NEOPTIDE EXPERT S\u00e9rum Antichute &#038; Croissance 2*50ml = Brosse Cheveux Offerte"}]},{"@type":"WebSite","@id":"https:\/\/paragaleriedetalborjt.com\/#website","url":"https:\/\/paragaleriedetalborjt.com\/","name":"paragaleriedetalborjt","description":"","potentialAction":[{"@type":"SearchAction","target":{"@type":"EntryPoint","urlTemplate":"https:\/\/paragaleriedetalborjt.com\/?s={search_term_string}"},"query-input":{"@type":"PropertyValueSpecification","valueRequired":true,"valueName":"search_term_string"}}],"inLanguage":"en-US"}]}},"brands":[{"id":1583,"name":"DUCRAY","slug":"ducray"}],"_links":{"self":[{"href":"https:\/\/paragaleriedetalborjt.com\/en\/wp-json\/wp\/v2\/product\/39033","targetHints":{"allow":["GET"]}}],"collection":[{"href":"https:\/\/paragaleriedetalborjt.com\/en\/wp-json\/wp\/v2\/product"}],"about":[{"href":"https:\/\/paragaleriedetalborjt.com\/en\/wp-json\/wp\/v2\/types\/product"}],"replies":[{"embeddable":true,"href":"https:\/\/paragaleriedetalborjt.com\/en\/wp-json\/wp\/v2\/comments?post=39033"}],"version-history":[{"count":1,"href":"https:\/\/paragaleriedetalborjt.com\/en\/wp-json\/wp\/v2\/product\/39033\/revisions"}],"predecessor-version":[{"id":39035,"href":"https:\/\/paragaleriedetalborjt.com\/en\/wp-json\/wp\/v2\/product\/39033\/revisions\/39035"}],"wp:featuredmedia":[{"embeddable":true,"href":"https:\/\/paragaleriedetalborjt.com\/en\/wp-json\/wp\/v2\/media\/39034"}],"wp:attachment":[{"href":"https:\/\/paragaleriedetalborjt.com\/en\/wp-json\/wp\/v2\/media?parent=39033"}],"wp:term":[{"taxonomy":"pwb-brand","embeddable":true,"href":"https:\/\/paragaleriedetalborjt.com\/en\/wp-json\/wp\/v2\/pwb-brand?post=39033"},{"taxonomy":"product_cat","embeddable":true,"href":"https:\/\/paragaleriedetalborjt.com\/en\/wp-json\/wp\/v2\/product_cat?post=39033"},{"taxonomy":"product_tag","embeddable":true,"href":"https:\/\/paragaleriedetalborjt.com\/en\/wp-json\/wp\/v2\/product_tag?post=39033"}],"curies":[{"name":"wp","href":"https:\/\/api.w.org\/{rel}","templated":true}]}}