{"id":38968,"date":"2026-01-03T18:46:23","date_gmt":"2026-01-03T17:46:23","guid":{"rendered":"https:\/\/paragaleriedetalborjt.com\/?post_type=product&#038;p=38968"},"modified":"2026-01-03T20:15:43","modified_gmt":"2026-01-03T19:15:43","slug":"eau-thermale-avene-cleanance-comedomed-concentre-anti-imperfections-30ml","status":"publish","type":"product","link":"https:\/\/paragaleriedetalborjt.com\/en\/boutique\/eau-thermale-avene-cleanance-comedomed-concentre-anti-imperfections-30ml\/","title":{"rendered":"EAU THERMALE AV\u00c8NE Cleanance Comedomed Concentr\u00e9 Anti Imperfections 30ml"},"content":{"rendered":"<div aria-labelledby=\"tab-title-description\" class=\"woocommerce-Tabs-panel woocommerce-Tabs-panel--description panel entry-content wc-tab\" id=\"tab-description\" role=\"tabpanel\" style=\"\">\n<h2>Description<\/h2>\n<p>Cleanance Comedomed, innovation des Laboratoires Eau Thermale Av\u00e8ne \u00e0 l\u2019efficacit\u00e9 clinique prouv\u00e9e d\u00e8s sept jours* combat les boutons d\u00e9s la racine et limite leur r\u00e9apparition.<\/p>\n<p>Soin expert pour peaux grasses \u00e0 tendance acn\u00e9ique, Cleanance Comedomed est formul\u00e9 \u00e0 base de Comedoclastin\u2122, un extrait v\u00e9g\u00e9tal issu des graines de Chardon-Marie.<\/p>\n<p>Cet actif aux propri\u00e9t\u00e9s brevet\u00e9es** cible directement les micro-com\u00e9dons, r\u00e9duit les boutons et points noirs existants et limite l\u2019apparition des nouveaux, et r\u00e9gule l\u2019hyperproduction de s\u00e9bum.<\/p>\n<p>Cleanance Comedomed convient aux adultes et adolescents d\u00e8s l\u2019\u00e2ge de 12 ans, s\u2019applique deux fois par jour, matin et soir, et offre une action anti-r\u00e9cidive cliniquement prouv\u00e9e***.<\/p>\n<p>Non com\u00e9dog\u00e8ne, \u00e0 haute tol\u00e9rance* pour les peaux \u00e0 tendance acn\u00e9ique, sa texture \u00e0 absorption rapide et au fini non-gras laisse la peau matifi\u00e9e.*Etude de tol\u00e9rance et d\u2019efficacit\u00e9 sous contr\u00f4le dermatologique sur 51 sujets, utilisation de Cleanance Comedomed deux fois par jour pendant 56 jours.** Brevet d\u00e9pos\u00e9. ***Etude clinique internationale observationnelle, 90% des patients sans rechute d\u2019acn\u00e9 \u00e0 T6 mois, (selon la d\u00e9finition de rechute du protocole GEA ?3 n\u00e9cessitant l\u2019introduction d\u2019un traitement m\u00e9dicamenteux \u2013 oral ou local), 48 sujets, deux applications par jour de Cleanance Comedomed pendant six mois.<\/p>\n<p>Conseil d\u2019utilisation :<br \/>\nEtalez une 1 dose de Cleanance Comedomed sur le bout des doigts sur le visage pr\u00e9alablement nettoy\u00e9.<br \/>\n\u2022 Commencez en le d\u00e9posant par touches sur la zone T et les joues.<br \/>\n\u2022 Faites p\u00e9n\u00e9trer par des mouvements circulaires.<br \/>\n\u2022 Terminez en lissant sur les joues et le bas du visage.<br \/>\nA renouveller matin et soir.<\/p>\n<p>Astuce de l\u2019expert :<br \/>\nUn seul conseil \u00e0 donner : adopter une routine courte mais essentielle<br \/>\n\u2022 1 nettoyage ou d\u00e9maquillage soigneux rigoureux du visage : matin et soir<br \/>\n\u2022 1 soin anti-imperfections : \u00e9galement matin et soir.<\/p>\n<p>\u00a0<\/p>\n<\/div>","protected":false},"excerpt":{"rendered":"<p>Highlights:\u2022 EFFICACIT\u00c9 cliniquement d\u00e9montr\u00e9e. R\u00e9duit tout type d\u2019imperfections des peaux \u00e0 tendance acn\u00e9ique, gr\u00e2ce \u00e0 la Comedoclastin\u2122** qui agit \u00e0 la racine des boutons pour les r\u00e9duire et limiter leur r\u00e9apparition. Sa texture aqueuse l\u00e9g\u00e8re p\u00e9n\u00e8tre rapidement, en favorisant son application, et laisse la peau souple, hydrat\u00e9e et matifi\u00e9e sur la dur\u00e9e.\u2022 ACTION RAPIDE ET ANTI-RECIDIVE : Cleanance Comedomed, \u00e0 l\u2019efficacit\u00e9 clinique prouv\u00e9e, r\u00e9duit les boutons d\u00e9s sept jours* et \u00e9vite leur r\u00e9cidive***. Pour une peau plus nette et un meilleur confort au quotidien.\u2022 HAUTE TOL\u00c9RANCE : Cleanance Comedomed pr\u00e9sente une haute tol\u00e9rance*, qu\u2019il soit utilis\u00e9 seul, en association ou en relais des traitements m\u00e9dicamenteux (hors isotr\u00e9tinoine orale). Sa formule non com\u00e9dog\u00e8ne est sans parfum<\/p>","protected":false},"featured_media":38969,"comment_status":"open","ping_status":"closed","template":"","meta":[],"pwb-brand":[1771],"product_cat":[16],"product_tag":[],"class_list":{"0":"post-38968","1":"product","2":"type-product","3":"status-publish","4":"has-post-thumbnail","6":"pwb-brand-avene","7":"product_cat-non-classe","8":"pa_brands-avene","10":"first","11":"instock","12":"sale","13":"shipping-taxable","14":"purchasable","15":"product-type-simple"},"yoast_head":"<!-- This site is optimized with the Yoast SEO plugin v27.5 - https:\/\/yoast.com\/product\/yoast-seo-wordpress\/ -->\n<title>EAU THERMALE AV\u00c8NE Cleanance Comedomed Concentr\u00e9 Anti Imperfections 30ml - paragaleriedetalborjt<\/title>\n<meta name=\"robots\" content=\"index, follow, max-snippet:-1, max-image-preview:large, max-video-preview:-1\" \/>\n<link rel=\"canonical\" href=\"https:\/\/paragaleriedetalborjt.com\/en\/boutique\/eau-thermale-avene-cleanance-comedomed-concentre-anti-imperfections-30ml\/\" \/>\n<meta property=\"og:locale\" content=\"en_US\" \/>\n<meta property=\"og:type\" content=\"article\" \/>\n<meta property=\"og:title\" content=\"EAU THERMALE AV\u00c8NE Cleanance Comedomed Concentr\u00e9 Anti Imperfections 30ml - paragaleriedetalborjt\" \/>\n<meta property=\"og:description\" content=\"Highlights:\u2022 EFFICACIT\u00c9 cliniquement d\u00e9montr\u00e9e. R\u00e9duit tout type d\u2019imperfections des peaux \u00e0 tendance acn\u00e9ique, gr\u00e2ce \u00e0 la Comedoclastin\u2122** qui agit \u00e0 la racine des boutons pour les r\u00e9duire et limiter leur r\u00e9apparition. Sa texture aqueuse l\u00e9g\u00e8re p\u00e9n\u00e8tre rapidement, en favorisant son application, et laisse la peau souple, hydrat\u00e9e et matifi\u00e9e sur la dur\u00e9e.\u2022 ACTION RAPIDE ET ANTI-RECIDIVE : Cleanance Comedomed, \u00e0 l\u2019efficacit\u00e9 clinique prouv\u00e9e, r\u00e9duit les boutons d\u00e9s sept jours* et \u00e9vite leur r\u00e9cidive***. Pour une peau plus nette et un meilleur confort au quotidien.\u2022 HAUTE TOL\u00c9RANCE : Cleanance Comedomed pr\u00e9sente une haute tol\u00e9rance*, qu\u2019il soit utilis\u00e9 seul, en association ou en relais des traitements m\u00e9dicamenteux (hors isotr\u00e9tinoine orale). Sa formule non com\u00e9dog\u00e8ne est sans parfum\" \/>\n<meta property=\"og:url\" content=\"https:\/\/paragaleriedetalborjt.com\/en\/boutique\/eau-thermale-avene-cleanance-comedomed-concentre-anti-imperfections-30ml\/\" \/>\n<meta property=\"og:site_name\" content=\"paragaleriedetalborjt\" \/>\n<meta property=\"article:modified_time\" content=\"2026-01-03T19:15:43+00:00\" \/>\n<meta property=\"og:image\" content=\"https:\/\/paragaleriedetalborjt.com\/wp-content\/uploads\/2026\/01\/3282770202854-EauThermaleAvC3A8ne-CleananceComedomed-0224383001680704500-600x600-1.jpg\" \/>\n\t<meta property=\"og:image:width\" content=\"600\" \/>\n\t<meta property=\"og:image:height\" content=\"600\" \/>\n\t<meta property=\"og:image:type\" content=\"image\/jpeg\" \/>\n<meta name=\"twitter:card\" content=\"summary_large_image\" \/>\n<meta name=\"twitter:label1\" content=\"Est. reading time\" \/>\n\t<meta name=\"twitter:data1\" content=\"2 minutes\" \/>\n<script type=\"application\/ld+json\" class=\"yoast-schema-graph\">{\"@context\":\"https:\\\/\\\/schema.org\",\"@graph\":[{\"@type\":\"WebPage\",\"@id\":\"https:\\\/\\\/paragaleriedetalborjt.com\\\/boutique\\\/eau-thermale-avene-cleanance-comedomed-concentre-anti-imperfections-30ml\\\/\",\"url\":\"https:\\\/\\\/paragaleriedetalborjt.com\\\/boutique\\\/eau-thermale-avene-cleanance-comedomed-concentre-anti-imperfections-30ml\\\/\",\"name\":\"EAU THERMALE AV\u00c8NE Cleanance Comedomed Concentr\u00e9 Anti Imperfections 30ml - paragaleriedetalborjt\",\"isPartOf\":{\"@id\":\"https:\\\/\\\/paragaleriedetalborjt.com\\\/#website\"},\"primaryImageOfPage\":{\"@id\":\"https:\\\/\\\/paragaleriedetalborjt.com\\\/boutique\\\/eau-thermale-avene-cleanance-comedomed-concentre-anti-imperfections-30ml\\\/#primaryimage\"},\"image\":{\"@id\":\"https:\\\/\\\/paragaleriedetalborjt.com\\\/boutique\\\/eau-thermale-avene-cleanance-comedomed-concentre-anti-imperfections-30ml\\\/#primaryimage\"},\"thumbnailUrl\":\"https:\\\/\\\/paragaleriedetalborjt.com\\\/wp-content\\\/uploads\\\/2026\\\/01\\\/3282770202854-EauThermaleAvC3A8ne-CleananceComedomed-0224383001680704500-600x600-1.jpg\",\"datePublished\":\"2026-01-03T17:46:23+00:00\",\"dateModified\":\"2026-01-03T19:15:43+00:00\",\"breadcrumb\":{\"@id\":\"https:\\\/\\\/paragaleriedetalborjt.com\\\/boutique\\\/eau-thermale-avene-cleanance-comedomed-concentre-anti-imperfections-30ml\\\/#breadcrumb\"},\"inLanguage\":\"en-US\",\"potentialAction\":[{\"@type\":\"ReadAction\",\"target\":[\"https:\\\/\\\/paragaleriedetalborjt.com\\\/boutique\\\/eau-thermale-avene-cleanance-comedomed-concentre-anti-imperfections-30ml\\\/\"]}]},{\"@type\":\"ImageObject\",\"inLanguage\":\"en-US\",\"@id\":\"https:\\\/\\\/paragaleriedetalborjt.com\\\/boutique\\\/eau-thermale-avene-cleanance-comedomed-concentre-anti-imperfections-30ml\\\/#primaryimage\",\"url\":\"https:\\\/\\\/paragaleriedetalborjt.com\\\/wp-content\\\/uploads\\\/2026\\\/01\\\/3282770202854-EauThermaleAvC3A8ne-CleananceComedomed-0224383001680704500-600x600-1.jpg\",\"contentUrl\":\"https:\\\/\\\/paragaleriedetalborjt.com\\\/wp-content\\\/uploads\\\/2026\\\/01\\\/3282770202854-EauThermaleAvC3A8ne-CleananceComedomed-0224383001680704500-600x600-1.jpg\",\"width\":600,\"height\":600},{\"@type\":\"BreadcrumbList\",\"@id\":\"https:\\\/\\\/paragaleriedetalborjt.com\\\/boutique\\\/eau-thermale-avene-cleanance-comedomed-concentre-anti-imperfections-30ml\\\/#breadcrumb\",\"itemListElement\":[{\"@type\":\"ListItem\",\"position\":1,\"name\":\"Accueil\",\"item\":\"https:\\\/\\\/paragaleriedetalborjt.com\\\/\"},{\"@type\":\"ListItem\",\"position\":2,\"name\":\"Boutique\",\"item\":\"https:\\\/\\\/paragaleriedetalborjt.com\\\/boutique\\\/\"},{\"@type\":\"ListItem\",\"position\":3,\"name\":\"EAU THERMALE AV\u00c8NE Cleanance Comedomed Concentr\u00e9 Anti Imperfections 30ml\"}]},{\"@type\":\"WebSite\",\"@id\":\"https:\\\/\\\/paragaleriedetalborjt.com\\\/#website\",\"url\":\"https:\\\/\\\/paragaleriedetalborjt.com\\\/\",\"name\":\"paragaleriedetalborjt\",\"description\":\"\",\"potentialAction\":[{\"@type\":\"SearchAction\",\"target\":{\"@type\":\"EntryPoint\",\"urlTemplate\":\"https:\\\/\\\/paragaleriedetalborjt.com\\\/?s={search_term_string}\"},\"query-input\":{\"@type\":\"PropertyValueSpecification\",\"valueRequired\":true,\"valueName\":\"search_term_string\"}}],\"inLanguage\":\"en-US\"}]}<\/script>\n<!-- \/ Yoast SEO plugin. -->","yoast_head_json":{"title":"EAU THERMALE AV\u00c8NE Cleanance Comedomed Concentr\u00e9 Anti Imperfections 30ml - paragaleriedetalborjt","robots":{"index":"index","follow":"follow","max-snippet":"max-snippet:-1","max-image-preview":"max-image-preview:large","max-video-preview":"max-video-preview:-1"},"canonical":"https:\/\/paragaleriedetalborjt.com\/en\/boutique\/eau-thermale-avene-cleanance-comedomed-concentre-anti-imperfections-30ml\/","og_locale":"en_US","og_type":"article","og_title":"EAU THERMALE AV\u00c8NE Cleanance Comedomed Concentr\u00e9 Anti Imperfections 30ml - paragaleriedetalborjt","og_description":"Highlights:\u2022 EFFICACIT\u00c9 cliniquement d\u00e9montr\u00e9e. R\u00e9duit tout type d\u2019imperfections des peaux \u00e0 tendance acn\u00e9ique, gr\u00e2ce \u00e0 la Comedoclastin\u2122** qui agit \u00e0 la racine des boutons pour les r\u00e9duire et limiter leur r\u00e9apparition. Sa texture aqueuse l\u00e9g\u00e8re p\u00e9n\u00e8tre rapidement, en favorisant son application, et laisse la peau souple, hydrat\u00e9e et matifi\u00e9e sur la dur\u00e9e.\u2022 ACTION RAPIDE ET ANTI-RECIDIVE : Cleanance Comedomed, \u00e0 l\u2019efficacit\u00e9 clinique prouv\u00e9e, r\u00e9duit les boutons d\u00e9s sept jours* et \u00e9vite leur r\u00e9cidive***. Pour une peau plus nette et un meilleur confort au quotidien.\u2022 HAUTE TOL\u00c9RANCE : Cleanance Comedomed pr\u00e9sente une haute tol\u00e9rance*, qu\u2019il soit utilis\u00e9 seul, en association ou en relais des traitements m\u00e9dicamenteux (hors isotr\u00e9tinoine orale). Sa formule non com\u00e9dog\u00e8ne est sans parfum","og_url":"https:\/\/paragaleriedetalborjt.com\/en\/boutique\/eau-thermale-avene-cleanance-comedomed-concentre-anti-imperfections-30ml\/","og_site_name":"paragaleriedetalborjt","article_modified_time":"2026-01-03T19:15:43+00:00","og_image":[{"width":600,"height":600,"url":"https:\/\/paragaleriedetalborjt.com\/wp-content\/uploads\/2026\/01\/3282770202854-EauThermaleAvC3A8ne-CleananceComedomed-0224383001680704500-600x600-1.jpg","type":"image\/jpeg"}],"twitter_card":"summary_large_image","twitter_misc":{"Est. reading time":"2 minutes"},"schema":{"@context":"https:\/\/schema.org","@graph":[{"@type":"WebPage","@id":"https:\/\/paragaleriedetalborjt.com\/boutique\/eau-thermale-avene-cleanance-comedomed-concentre-anti-imperfections-30ml\/","url":"https:\/\/paragaleriedetalborjt.com\/boutique\/eau-thermale-avene-cleanance-comedomed-concentre-anti-imperfections-30ml\/","name":"EAU THERMALE AV\u00c8NE Cleanance Comedomed Concentr\u00e9 Anti Imperfections 30ml - paragaleriedetalborjt","isPartOf":{"@id":"https:\/\/paragaleriedetalborjt.com\/#website"},"primaryImageOfPage":{"@id":"https:\/\/paragaleriedetalborjt.com\/boutique\/eau-thermale-avene-cleanance-comedomed-concentre-anti-imperfections-30ml\/#primaryimage"},"image":{"@id":"https:\/\/paragaleriedetalborjt.com\/boutique\/eau-thermale-avene-cleanance-comedomed-concentre-anti-imperfections-30ml\/#primaryimage"},"thumbnailUrl":"https:\/\/paragaleriedetalborjt.com\/wp-content\/uploads\/2026\/01\/3282770202854-EauThermaleAvC3A8ne-CleananceComedomed-0224383001680704500-600x600-1.jpg","datePublished":"2026-01-03T17:46:23+00:00","dateModified":"2026-01-03T19:15:43+00:00","breadcrumb":{"@id":"https:\/\/paragaleriedetalborjt.com\/boutique\/eau-thermale-avene-cleanance-comedomed-concentre-anti-imperfections-30ml\/#breadcrumb"},"inLanguage":"en-US","potentialAction":[{"@type":"ReadAction","target":["https:\/\/paragaleriedetalborjt.com\/boutique\/eau-thermale-avene-cleanance-comedomed-concentre-anti-imperfections-30ml\/"]}]},{"@type":"ImageObject","inLanguage":"en-US","@id":"https:\/\/paragaleriedetalborjt.com\/boutique\/eau-thermale-avene-cleanance-comedomed-concentre-anti-imperfections-30ml\/#primaryimage","url":"https:\/\/paragaleriedetalborjt.com\/wp-content\/uploads\/2026\/01\/3282770202854-EauThermaleAvC3A8ne-CleananceComedomed-0224383001680704500-600x600-1.jpg","contentUrl":"https:\/\/paragaleriedetalborjt.com\/wp-content\/uploads\/2026\/01\/3282770202854-EauThermaleAvC3A8ne-CleananceComedomed-0224383001680704500-600x600-1.jpg","width":600,"height":600},{"@type":"BreadcrumbList","@id":"https:\/\/paragaleriedetalborjt.com\/boutique\/eau-thermale-avene-cleanance-comedomed-concentre-anti-imperfections-30ml\/#breadcrumb","itemListElement":[{"@type":"ListItem","position":1,"name":"Accueil","item":"https:\/\/paragaleriedetalborjt.com\/"},{"@type":"ListItem","position":2,"name":"Boutique","item":"https:\/\/paragaleriedetalborjt.com\/boutique\/"},{"@type":"ListItem","position":3,"name":"EAU THERMALE AV\u00c8NE Cleanance Comedomed Concentr\u00e9 Anti Imperfections 30ml"}]},{"@type":"WebSite","@id":"https:\/\/paragaleriedetalborjt.com\/#website","url":"https:\/\/paragaleriedetalborjt.com\/","name":"paragaleriedetalborjt","description":"","potentialAction":[{"@type":"SearchAction","target":{"@type":"EntryPoint","urlTemplate":"https:\/\/paragaleriedetalborjt.com\/?s={search_term_string}"},"query-input":{"@type":"PropertyValueSpecification","valueRequired":true,"valueName":"search_term_string"}}],"inLanguage":"en-US"}]}},"brands":[{"id":1771,"name":"AV\u00c8NE","slug":"avene"}],"_links":{"self":[{"href":"https:\/\/paragaleriedetalborjt.com\/en\/wp-json\/wp\/v2\/product\/38968","targetHints":{"allow":["GET"]}}],"collection":[{"href":"https:\/\/paragaleriedetalborjt.com\/en\/wp-json\/wp\/v2\/product"}],"about":[{"href":"https:\/\/paragaleriedetalborjt.com\/en\/wp-json\/wp\/v2\/types\/product"}],"replies":[{"embeddable":true,"href":"https:\/\/paragaleriedetalborjt.com\/en\/wp-json\/wp\/v2\/comments?post=38968"}],"version-history":[{"count":1,"href":"https:\/\/paragaleriedetalborjt.com\/en\/wp-json\/wp\/v2\/product\/38968\/revisions"}],"predecessor-version":[{"id":38970,"href":"https:\/\/paragaleriedetalborjt.com\/en\/wp-json\/wp\/v2\/product\/38968\/revisions\/38970"}],"wp:featuredmedia":[{"embeddable":true,"href":"https:\/\/paragaleriedetalborjt.com\/en\/wp-json\/wp\/v2\/media\/38969"}],"wp:attachment":[{"href":"https:\/\/paragaleriedetalborjt.com\/en\/wp-json\/wp\/v2\/media?parent=38968"}],"wp:term":[{"taxonomy":"pwb-brand","embeddable":true,"href":"https:\/\/paragaleriedetalborjt.com\/en\/wp-json\/wp\/v2\/pwb-brand?post=38968"},{"taxonomy":"product_cat","embeddable":true,"href":"https:\/\/paragaleriedetalborjt.com\/en\/wp-json\/wp\/v2\/product_cat?post=38968"},{"taxonomy":"product_tag","embeddable":true,"href":"https:\/\/paragaleriedetalborjt.com\/en\/wp-json\/wp\/v2\/product_tag?post=38968"}],"curies":[{"name":"wp","href":"https:\/\/api.w.org\/{rel}","templated":true}]}}