{"id":38947,"date":"2026-01-03T18:45:47","date_gmt":"2026-01-03T17:45:47","guid":{"rendered":"https:\/\/paragaleriedetalborjt.com\/?post_type=product&#038;p=38947"},"modified":"2026-01-03T20:15:41","modified_gmt":"2026-01-03T19:15:41","slug":"revox-japanese-ritual-face-cream-light-texture-50ml","status":"publish","type":"product","link":"https:\/\/paragaleriedetalborjt.com\/en\/boutique\/revox-japanese-ritual-face-cream-light-texture-50ml\/","title":{"rendered":"REVOX JAPANESE RITUAL Face cream light texture 50ml"},"content":{"rendered":"<div aria-labelledby=\"tab-title-description\" class=\"woocommerce-Tabs-panel woocommerce-Tabs-panel--description panel entry-content wc-tab\" id=\"tab-description\" role=\"tabpanel\" style=\"\">\n<h2>Description<\/h2>\n<p class=\"p1\">\n<p>Apr\u00e8s avoir p\u00e9n\u00e9tr\u00e9 dans la peau, il la lisse et l\u2019hydrate imm\u00e9diatement. La cr\u00e8me est riche en acide hyaluronique, qui lie l\u2019eau dans l\u2019\u00e9piderme, assurant une hydratation longue dur\u00e9e. L\u2019huile de soja renforce et tonifie la peau. La fleur de cerisier du Japon favorise la r\u00e9g\u00e9n\u00e9ration de la peau et le lait de riz neutralise les effets nocifs des radicaux libres.<span class=\"Apple-converted-space\">\u00a0<\/span><\/p>\n<p class=\"p1\">\n<p class=\"p1\"><b>Mode d\u2019emploi:<span class=\"Apple-converted-space\">\u00a0<\/span><\/b><\/p>\n<ol>\n<li>Appliquez une petite quantit\u00e9 de cr\u00e8me sur le visage, le cou et le d\u00e9collet\u00e9 nettoy\u00e9s.<\/li>\n<li>R\u00e9partir la cr\u00e8me uniform\u00e9ment avec un massage doux.<\/li>\n<\/ol>\n<p class=\"p1\">Vous pouvez appliquer sous le maquillage. Appliquer matin et\/ou soir.<\/p>\n<p class=\"p1\"><b>Ingr\u00e9dients \/ Ingr\u00e9dients\u00a0:<\/b>\u00a0Eau\/ Aqua, Ur\u00e9e, Alcool c\u00e9t\u00e9arylique, Coco \u2013 Caprylate\/ Caprate, Glyc\u00e9rine, Ceteareth-20, Huile de soja \/ Glycine Soja Oil, C\u00e9t\u00e9arate de glycol, Maltooligosyl Glucoside, Hydrolysat d\u2019amidon hydrog\u00e9n\u00e9, Triglyc\u00e9ride caprylique \/ caprique, Extrait de riz \/ Extrait d\u2019Oryza Sativa, prot\u00e9ine de riz hydrolys\u00e9e, hyaluronate de sodium, squalane, extrait de fleur de cerisier\/extrait de fleur de Prunus Serrulata, allanto\u00efne, ph\u00e9noxy\u00e9thanol, parfum\/parfum, acrylates\/polym\u00e8re crois\u00e9 d\u2019acrylate d\u2019alkyle C10-30, tri\u00e9thanolamine, EDTA disodique, acide citrique, benzoate de sodium, Sorbate de potassium, octad\u00e9cyl di-t-butyl-4-hydroxyhydrocinnamate, hexyl cinnamal, linalol, limon\u00e8ne.<\/p>\n<p class=\"p2\"><b>Attention : Une<\/b>\u00a0intol\u00e9rance individuelle \u00e0 l\u2019un des ingr\u00e9dients est possible. Avant la premi\u00e8re application, il est recommand\u00e9 d\u2019effectuer un test ponctuel de sensibilit\u00e9.<\/p>\n<\/div>","protected":false},"excerpt":{"rendered":"<p>Highlights:REVOX B77 JAPANESE ROUTINE FACE CREAM LIGHT TEXTURE. Une formule active \u00e0 la consistance d\u2019un gel onctueux.<\/p>","protected":false},"featured_media":38948,"comment_status":"open","ping_status":"closed","template":"","meta":[],"pwb-brand":[1574],"product_cat":[16],"product_tag":[],"class_list":{"0":"post-38947","1":"product","2":"type-product","3":"status-publish","4":"has-post-thumbnail","6":"pwb-brand-revox","7":"product_cat-non-classe","8":"pa_brands-revox","10":"first","11":"instock","12":"sale","13":"shipping-taxable","14":"purchasable","15":"product-type-simple"},"yoast_head":"<!-- This site is optimized with the Yoast SEO plugin v26.9 - https:\/\/yoast.com\/product\/yoast-seo-wordpress\/ -->\n<title>REVOX JAPANESE RITUAL Face cream light texture 50ml - paragaleriedetalborjt<\/title>\n<meta name=\"robots\" content=\"index, follow, max-snippet:-1, max-image-preview:large, max-video-preview:-1\" \/>\n<link rel=\"canonical\" href=\"https:\/\/paragaleriedetalborjt.com\/en\/boutique\/revox-japanese-ritual-face-cream-light-texture-50ml\/\" \/>\n<meta property=\"og:locale\" content=\"en_US\" \/>\n<meta property=\"og:type\" content=\"article\" \/>\n<meta property=\"og:title\" content=\"REVOX JAPANESE RITUAL Face cream light texture 50ml - paragaleriedetalborjt\" \/>\n<meta property=\"og:description\" content=\"Highlights:REVOX B77 JAPANESE ROUTINE FACE CREAM LIGHT TEXTURE. Une formule active \u00e0 la consistance d\u2019un gel onctueux.\" \/>\n<meta property=\"og:url\" content=\"https:\/\/paragaleriedetalborjt.com\/en\/boutique\/revox-japanese-ritual-face-cream-light-texture-50ml\/\" \/>\n<meta property=\"og:site_name\" content=\"paragaleriedetalborjt\" \/>\n<meta property=\"article:modified_time\" content=\"2026-01-03T19:15:41+00:00\" \/>\n<meta property=\"og:image\" content=\"https:\/\/paragaleriedetalborjt.com\/wp-content\/uploads\/2026\/01\/REVOX-JAPANESE-RITUAL-Face-cream-light-texture-50ml-600x600-1.png\" \/>\n\t<meta property=\"og:image:width\" content=\"600\" \/>\n\t<meta property=\"og:image:height\" content=\"600\" \/>\n\t<meta property=\"og:image:type\" content=\"image\/png\" \/>\n<meta name=\"twitter:card\" content=\"summary_large_image\" \/>\n<meta name=\"twitter:label1\" content=\"Est. reading time\" \/>\n\t<meta name=\"twitter:data1\" content=\"1 minute\" \/>\n<script type=\"application\/ld+json\" class=\"yoast-schema-graph\">{\"@context\":\"https:\/\/schema.org\",\"@graph\":[{\"@type\":\"WebPage\",\"@id\":\"https:\/\/paragaleriedetalborjt.com\/boutique\/revox-japanese-ritual-face-cream-light-texture-50ml\/\",\"url\":\"https:\/\/paragaleriedetalborjt.com\/boutique\/revox-japanese-ritual-face-cream-light-texture-50ml\/\",\"name\":\"REVOX JAPANESE RITUAL Face cream light texture 50ml - paragaleriedetalborjt\",\"isPartOf\":{\"@id\":\"https:\/\/paragaleriedetalborjt.com\/#website\"},\"primaryImageOfPage\":{\"@id\":\"https:\/\/paragaleriedetalborjt.com\/boutique\/revox-japanese-ritual-face-cream-light-texture-50ml\/#primaryimage\"},\"image\":{\"@id\":\"https:\/\/paragaleriedetalborjt.com\/boutique\/revox-japanese-ritual-face-cream-light-texture-50ml\/#primaryimage\"},\"thumbnailUrl\":\"https:\/\/paragaleriedetalborjt.com\/wp-content\/uploads\/2026\/01\/REVOX-JAPANESE-RITUAL-Face-cream-light-texture-50ml-600x600-1.png\",\"datePublished\":\"2026-01-03T17:45:47+00:00\",\"dateModified\":\"2026-01-03T19:15:41+00:00\",\"breadcrumb\":{\"@id\":\"https:\/\/paragaleriedetalborjt.com\/boutique\/revox-japanese-ritual-face-cream-light-texture-50ml\/#breadcrumb\"},\"inLanguage\":\"en-US\",\"potentialAction\":[{\"@type\":\"ReadAction\",\"target\":[\"https:\/\/paragaleriedetalborjt.com\/boutique\/revox-japanese-ritual-face-cream-light-texture-50ml\/\"]}]},{\"@type\":\"ImageObject\",\"inLanguage\":\"en-US\",\"@id\":\"https:\/\/paragaleriedetalborjt.com\/boutique\/revox-japanese-ritual-face-cream-light-texture-50ml\/#primaryimage\",\"url\":\"https:\/\/paragaleriedetalborjt.com\/wp-content\/uploads\/2026\/01\/REVOX-JAPANESE-RITUAL-Face-cream-light-texture-50ml-600x600-1.png\",\"contentUrl\":\"https:\/\/paragaleriedetalborjt.com\/wp-content\/uploads\/2026\/01\/REVOX-JAPANESE-RITUAL-Face-cream-light-texture-50ml-600x600-1.png\",\"width\":600,\"height\":600},{\"@type\":\"BreadcrumbList\",\"@id\":\"https:\/\/paragaleriedetalborjt.com\/boutique\/revox-japanese-ritual-face-cream-light-texture-50ml\/#breadcrumb\",\"itemListElement\":[{\"@type\":\"ListItem\",\"position\":1,\"name\":\"Accueil\",\"item\":\"https:\/\/paragaleriedetalborjt.com\/\"},{\"@type\":\"ListItem\",\"position\":2,\"name\":\"Boutique\",\"item\":\"https:\/\/paragaleriedetalborjt.com\/boutique\/\"},{\"@type\":\"ListItem\",\"position\":3,\"name\":\"REVOX JAPANESE RITUAL Face cream light texture 50ml\"}]},{\"@type\":\"WebSite\",\"@id\":\"https:\/\/paragaleriedetalborjt.com\/#website\",\"url\":\"https:\/\/paragaleriedetalborjt.com\/\",\"name\":\"paragaleriedetalborjt\",\"description\":\"\",\"potentialAction\":[{\"@type\":\"SearchAction\",\"target\":{\"@type\":\"EntryPoint\",\"urlTemplate\":\"https:\/\/paragaleriedetalborjt.com\/?s={search_term_string}\"},\"query-input\":{\"@type\":\"PropertyValueSpecification\",\"valueRequired\":true,\"valueName\":\"search_term_string\"}}],\"inLanguage\":\"en-US\"}]}<\/script>\n<!-- \/ Yoast SEO plugin. -->","yoast_head_json":{"title":"REVOX JAPANESE RITUAL Face cream light texture 50ml - paragaleriedetalborjt","robots":{"index":"index","follow":"follow","max-snippet":"max-snippet:-1","max-image-preview":"max-image-preview:large","max-video-preview":"max-video-preview:-1"},"canonical":"https:\/\/paragaleriedetalborjt.com\/en\/boutique\/revox-japanese-ritual-face-cream-light-texture-50ml\/","og_locale":"en_US","og_type":"article","og_title":"REVOX JAPANESE RITUAL Face cream light texture 50ml - paragaleriedetalborjt","og_description":"Highlights:REVOX B77 JAPANESE ROUTINE FACE CREAM LIGHT TEXTURE. Une formule active \u00e0 la consistance d\u2019un gel onctueux.","og_url":"https:\/\/paragaleriedetalborjt.com\/en\/boutique\/revox-japanese-ritual-face-cream-light-texture-50ml\/","og_site_name":"paragaleriedetalborjt","article_modified_time":"2026-01-03T19:15:41+00:00","og_image":[{"width":600,"height":600,"url":"https:\/\/paragaleriedetalborjt.com\/wp-content\/uploads\/2026\/01\/REVOX-JAPANESE-RITUAL-Face-cream-light-texture-50ml-600x600-1.png","type":"image\/png"}],"twitter_card":"summary_large_image","twitter_misc":{"Est. reading time":"1 minute"},"schema":{"@context":"https:\/\/schema.org","@graph":[{"@type":"WebPage","@id":"https:\/\/paragaleriedetalborjt.com\/boutique\/revox-japanese-ritual-face-cream-light-texture-50ml\/","url":"https:\/\/paragaleriedetalborjt.com\/boutique\/revox-japanese-ritual-face-cream-light-texture-50ml\/","name":"REVOX JAPANESE RITUAL Face cream light texture 50ml - paragaleriedetalborjt","isPartOf":{"@id":"https:\/\/paragaleriedetalborjt.com\/#website"},"primaryImageOfPage":{"@id":"https:\/\/paragaleriedetalborjt.com\/boutique\/revox-japanese-ritual-face-cream-light-texture-50ml\/#primaryimage"},"image":{"@id":"https:\/\/paragaleriedetalborjt.com\/boutique\/revox-japanese-ritual-face-cream-light-texture-50ml\/#primaryimage"},"thumbnailUrl":"https:\/\/paragaleriedetalborjt.com\/wp-content\/uploads\/2026\/01\/REVOX-JAPANESE-RITUAL-Face-cream-light-texture-50ml-600x600-1.png","datePublished":"2026-01-03T17:45:47+00:00","dateModified":"2026-01-03T19:15:41+00:00","breadcrumb":{"@id":"https:\/\/paragaleriedetalborjt.com\/boutique\/revox-japanese-ritual-face-cream-light-texture-50ml\/#breadcrumb"},"inLanguage":"en-US","potentialAction":[{"@type":"ReadAction","target":["https:\/\/paragaleriedetalborjt.com\/boutique\/revox-japanese-ritual-face-cream-light-texture-50ml\/"]}]},{"@type":"ImageObject","inLanguage":"en-US","@id":"https:\/\/paragaleriedetalborjt.com\/boutique\/revox-japanese-ritual-face-cream-light-texture-50ml\/#primaryimage","url":"https:\/\/paragaleriedetalborjt.com\/wp-content\/uploads\/2026\/01\/REVOX-JAPANESE-RITUAL-Face-cream-light-texture-50ml-600x600-1.png","contentUrl":"https:\/\/paragaleriedetalborjt.com\/wp-content\/uploads\/2026\/01\/REVOX-JAPANESE-RITUAL-Face-cream-light-texture-50ml-600x600-1.png","width":600,"height":600},{"@type":"BreadcrumbList","@id":"https:\/\/paragaleriedetalborjt.com\/boutique\/revox-japanese-ritual-face-cream-light-texture-50ml\/#breadcrumb","itemListElement":[{"@type":"ListItem","position":1,"name":"Accueil","item":"https:\/\/paragaleriedetalborjt.com\/"},{"@type":"ListItem","position":2,"name":"Boutique","item":"https:\/\/paragaleriedetalborjt.com\/boutique\/"},{"@type":"ListItem","position":3,"name":"REVOX JAPANESE RITUAL Face cream light texture 50ml"}]},{"@type":"WebSite","@id":"https:\/\/paragaleriedetalborjt.com\/#website","url":"https:\/\/paragaleriedetalborjt.com\/","name":"paragaleriedetalborjt","description":"","potentialAction":[{"@type":"SearchAction","target":{"@type":"EntryPoint","urlTemplate":"https:\/\/paragaleriedetalborjt.com\/?s={search_term_string}"},"query-input":{"@type":"PropertyValueSpecification","valueRequired":true,"valueName":"search_term_string"}}],"inLanguage":"en-US"}]}},"brands":[{"id":1574,"name":"REVOX","slug":"revox"}],"_links":{"self":[{"href":"https:\/\/paragaleriedetalborjt.com\/en\/wp-json\/wp\/v2\/product\/38947","targetHints":{"allow":["GET"]}}],"collection":[{"href":"https:\/\/paragaleriedetalborjt.com\/en\/wp-json\/wp\/v2\/product"}],"about":[{"href":"https:\/\/paragaleriedetalborjt.com\/en\/wp-json\/wp\/v2\/types\/product"}],"replies":[{"embeddable":true,"href":"https:\/\/paragaleriedetalborjt.com\/en\/wp-json\/wp\/v2\/comments?post=38947"}],"version-history":[{"count":1,"href":"https:\/\/paragaleriedetalborjt.com\/en\/wp-json\/wp\/v2\/product\/38947\/revisions"}],"predecessor-version":[{"id":38949,"href":"https:\/\/paragaleriedetalborjt.com\/en\/wp-json\/wp\/v2\/product\/38947\/revisions\/38949"}],"wp:featuredmedia":[{"embeddable":true,"href":"https:\/\/paragaleriedetalborjt.com\/en\/wp-json\/wp\/v2\/media\/38948"}],"wp:attachment":[{"href":"https:\/\/paragaleriedetalborjt.com\/en\/wp-json\/wp\/v2\/media?parent=38947"}],"wp:term":[{"taxonomy":"pwb-brand","embeddable":true,"href":"https:\/\/paragaleriedetalborjt.com\/en\/wp-json\/wp\/v2\/pwb-brand?post=38947"},{"taxonomy":"product_cat","embeddable":true,"href":"https:\/\/paragaleriedetalborjt.com\/en\/wp-json\/wp\/v2\/product_cat?post=38947"},{"taxonomy":"product_tag","embeddable":true,"href":"https:\/\/paragaleriedetalborjt.com\/en\/wp-json\/wp\/v2\/product_tag?post=38947"}],"curies":[{"name":"wp","href":"https:\/\/api.w.org\/{rel}","templated":true}]}}