{"id":38941,"date":"2026-01-03T18:45:38","date_gmt":"2026-01-03T17:45:38","guid":{"rendered":"https:\/\/paragaleriedetalborjt.com\/?post_type=product&#038;p=38941"},"modified":"2026-01-03T20:15:41","modified_gmt":"2026-01-03T19:15:41","slug":"caditar-shampoing-tolerance-150-ml","status":"publish","type":"product","link":"https:\/\/paragaleriedetalborjt.com\/en\/boutique\/caditar-shampoing-tolerance-150-ml\/","title":{"rendered":"Caditar Shampoing Tol\u00e9rance \u2013 150 ml"},"content":{"rendered":"<div aria-labelledby=\"tab-title-description\" class=\"woocommerce-Tabs-panel woocommerce-Tabs-panel--description panel entry-content wc-tab\" id=\"tab-description\" role=\"tabpanel\" style=\"\">\n<h2>Description<\/h2>\n<p>Description<br \/>\nCaditar ZERO est sp\u00e9cialement con\u00e7u pour les cuirs chevelus et cheveux sensibles<br \/>\nShampoing Tol\u00e9rance avec des extraits d\u2019Aloe Vera et de la Provitamine B5 pour tous cheveux et usage quotidien.<br \/>\nCaditar ZERO, prot\u00e8ge la fibre capillaire et renforce l\u2019hydratation des cheveux. De plus, il n\u2019est pas n\u00e9cessaire d\u2019utiliser du d\u00e9m\u00ealant car les cheveux sont faciles \u00e0 coiffer.<br \/>\nCaditar ZERO contient 93% d\u2019ingr\u00e9dients d\u2019origine naturelle, pour une protection maximale de la K\u00e9ratine.<\/p>\n<p>Conseils d\u2019utilisation<br \/>\nAgiter avant usage, appliquer sur les cheveux humides, faire mousser, laisser agir pendant 5 minutes. Rincer. Utiliser autant que vous le souhaitez.<br \/>\nGrace \u00e0 sa base lavante ultra douce, le Caditar ZERO Peut \u00eatre utilis\u00e9 tous les jours. C\u2019est aussi un shampoing id\u00e9al en compl\u00e9ment d\u2019un autre shampoing de la gamme Caditar.<\/p>\n<p>Pr\u00e9cautions d\u2019emploi:<br \/>\nEviter le contact avec les yeux, rincer abondamment \u00e0 l\u2019eau claire. A conserver \u00e0 l\u2019abris de la chaleur.<\/p>\n<\/div>","protected":false},"excerpt":{"rendered":"<p>Highlights:Le shampooing tol\u00e9rance Caditar Z\u00e9ro de BIO RECHERCHE est sans sulfates, sans parfums, sans parab\u00e8ne et sans ph\u00e9noxy\u00e9thanol.Sa formule enrichie \u00e0 l\u2019Aloe Vera vient hydrater et prot\u00e9ger les cheveux.Convient parfaitement \u00e0 un usage fr\u00e9quent.<\/p>","protected":false},"featured_media":38942,"comment_status":"open","ping_status":"closed","template":"","meta":[],"pwb-brand":[1676],"product_cat":[16],"product_tag":[],"class_list":{"0":"post-38941","1":"product","2":"type-product","3":"status-publish","4":"has-post-thumbnail","6":"pwb-brand-caditar","7":"product_cat-non-classe","8":"pa_brands-caditar","10":"first","11":"instock","12":"sale","13":"shipping-taxable","14":"purchasable","15":"product-type-simple"},"yoast_head":"<!-- This site is optimized with the Yoast SEO plugin v27.5 - https:\/\/yoast.com\/product\/yoast-seo-wordpress\/ -->\n<title>Caditar Shampoing Tol\u00e9rance \u2013 150 ml - paragaleriedetalborjt<\/title>\n<meta name=\"robots\" content=\"index, follow, max-snippet:-1, max-image-preview:large, max-video-preview:-1\" \/>\n<link rel=\"canonical\" href=\"https:\/\/paragaleriedetalborjt.com\/en\/boutique\/caditar-shampoing-tolerance-150-ml\/\" \/>\n<meta property=\"og:locale\" content=\"en_US\" \/>\n<meta property=\"og:type\" content=\"article\" \/>\n<meta property=\"og:title\" content=\"Caditar Shampoing Tol\u00e9rance \u2013 150 ml - paragaleriedetalborjt\" \/>\n<meta property=\"og:description\" content=\"Highlights:Le shampooing tol\u00e9rance Caditar Z\u00e9ro de BIO RECHERCHE est sans sulfates, sans parfums, sans parab\u00e8ne et sans ph\u00e9noxy\u00e9thanol.Sa formule enrichie \u00e0 l\u2019Aloe Vera vient hydrater et prot\u00e9ger les cheveux.Convient parfaitement \u00e0 un usage fr\u00e9quent.\" \/>\n<meta property=\"og:url\" content=\"https:\/\/paragaleriedetalborjt.com\/en\/boutique\/caditar-shampoing-tolerance-150-ml\/\" \/>\n<meta property=\"og:site_name\" content=\"paragaleriedetalborjt\" \/>\n<meta property=\"article:modified_time\" content=\"2026-01-03T19:15:41+00:00\" \/>\n<meta property=\"og:image\" content=\"https:\/\/paragaleriedetalborjt.com\/wp-content\/uploads\/2026\/01\/3760274570049.jpg\" \/>\n\t<meta property=\"og:image:width\" content=\"595\" \/>\n\t<meta property=\"og:image:height\" content=\"655\" \/>\n\t<meta property=\"og:image:type\" content=\"image\/jpeg\" \/>\n<meta name=\"twitter:card\" content=\"summary_large_image\" \/>\n<meta name=\"twitter:label1\" content=\"Est. reading time\" \/>\n\t<meta name=\"twitter:data1\" content=\"1 minute\" \/>\n<script type=\"application\/ld+json\" class=\"yoast-schema-graph\">{\"@context\":\"https:\\\/\\\/schema.org\",\"@graph\":[{\"@type\":\"WebPage\",\"@id\":\"https:\\\/\\\/paragaleriedetalborjt.com\\\/boutique\\\/caditar-shampoing-tolerance-150-ml\\\/\",\"url\":\"https:\\\/\\\/paragaleriedetalborjt.com\\\/boutique\\\/caditar-shampoing-tolerance-150-ml\\\/\",\"name\":\"Caditar Shampoing Tol\u00e9rance \u2013 150 ml - paragaleriedetalborjt\",\"isPartOf\":{\"@id\":\"https:\\\/\\\/paragaleriedetalborjt.com\\\/#website\"},\"primaryImageOfPage\":{\"@id\":\"https:\\\/\\\/paragaleriedetalborjt.com\\\/boutique\\\/caditar-shampoing-tolerance-150-ml\\\/#primaryimage\"},\"image\":{\"@id\":\"https:\\\/\\\/paragaleriedetalborjt.com\\\/boutique\\\/caditar-shampoing-tolerance-150-ml\\\/#primaryimage\"},\"thumbnailUrl\":\"https:\\\/\\\/paragaleriedetalborjt.com\\\/wp-content\\\/uploads\\\/2026\\\/01\\\/3760274570049.jpg\",\"datePublished\":\"2026-01-03T17:45:38+00:00\",\"dateModified\":\"2026-01-03T19:15:41+00:00\",\"breadcrumb\":{\"@id\":\"https:\\\/\\\/paragaleriedetalborjt.com\\\/boutique\\\/caditar-shampoing-tolerance-150-ml\\\/#breadcrumb\"},\"inLanguage\":\"en-US\",\"potentialAction\":[{\"@type\":\"ReadAction\",\"target\":[\"https:\\\/\\\/paragaleriedetalborjt.com\\\/boutique\\\/caditar-shampoing-tolerance-150-ml\\\/\"]}]},{\"@type\":\"ImageObject\",\"inLanguage\":\"en-US\",\"@id\":\"https:\\\/\\\/paragaleriedetalborjt.com\\\/boutique\\\/caditar-shampoing-tolerance-150-ml\\\/#primaryimage\",\"url\":\"https:\\\/\\\/paragaleriedetalborjt.com\\\/wp-content\\\/uploads\\\/2026\\\/01\\\/3760274570049.jpg\",\"contentUrl\":\"https:\\\/\\\/paragaleriedetalborjt.com\\\/wp-content\\\/uploads\\\/2026\\\/01\\\/3760274570049.jpg\",\"width\":595,\"height\":655},{\"@type\":\"BreadcrumbList\",\"@id\":\"https:\\\/\\\/paragaleriedetalborjt.com\\\/boutique\\\/caditar-shampoing-tolerance-150-ml\\\/#breadcrumb\",\"itemListElement\":[{\"@type\":\"ListItem\",\"position\":1,\"name\":\"Accueil\",\"item\":\"https:\\\/\\\/paragaleriedetalborjt.com\\\/\"},{\"@type\":\"ListItem\",\"position\":2,\"name\":\"Boutique\",\"item\":\"https:\\\/\\\/paragaleriedetalborjt.com\\\/boutique\\\/\"},{\"@type\":\"ListItem\",\"position\":3,\"name\":\"Caditar Shampoing Tol\u00e9rance \u2013 150 ml\"}]},{\"@type\":\"WebSite\",\"@id\":\"https:\\\/\\\/paragaleriedetalborjt.com\\\/#website\",\"url\":\"https:\\\/\\\/paragaleriedetalborjt.com\\\/\",\"name\":\"paragaleriedetalborjt\",\"description\":\"\",\"potentialAction\":[{\"@type\":\"SearchAction\",\"target\":{\"@type\":\"EntryPoint\",\"urlTemplate\":\"https:\\\/\\\/paragaleriedetalborjt.com\\\/?s={search_term_string}\"},\"query-input\":{\"@type\":\"PropertyValueSpecification\",\"valueRequired\":true,\"valueName\":\"search_term_string\"}}],\"inLanguage\":\"en-US\"}]}<\/script>\n<!-- \/ Yoast SEO plugin. -->","yoast_head_json":{"title":"Caditar Shampoing Tol\u00e9rance \u2013 150 ml - paragaleriedetalborjt","robots":{"index":"index","follow":"follow","max-snippet":"max-snippet:-1","max-image-preview":"max-image-preview:large","max-video-preview":"max-video-preview:-1"},"canonical":"https:\/\/paragaleriedetalborjt.com\/en\/boutique\/caditar-shampoing-tolerance-150-ml\/","og_locale":"en_US","og_type":"article","og_title":"Caditar Shampoing Tol\u00e9rance \u2013 150 ml - paragaleriedetalborjt","og_description":"Highlights:Le shampooing tol\u00e9rance Caditar Z\u00e9ro de BIO RECHERCHE est sans sulfates, sans parfums, sans parab\u00e8ne et sans ph\u00e9noxy\u00e9thanol.Sa formule enrichie \u00e0 l\u2019Aloe Vera vient hydrater et prot\u00e9ger les cheveux.Convient parfaitement \u00e0 un usage fr\u00e9quent.","og_url":"https:\/\/paragaleriedetalborjt.com\/en\/boutique\/caditar-shampoing-tolerance-150-ml\/","og_site_name":"paragaleriedetalborjt","article_modified_time":"2026-01-03T19:15:41+00:00","og_image":[{"width":595,"height":655,"url":"https:\/\/paragaleriedetalborjt.com\/wp-content\/uploads\/2026\/01\/3760274570049.jpg","type":"image\/jpeg"}],"twitter_card":"summary_large_image","twitter_misc":{"Est. reading time":"1 minute"},"schema":{"@context":"https:\/\/schema.org","@graph":[{"@type":"WebPage","@id":"https:\/\/paragaleriedetalborjt.com\/boutique\/caditar-shampoing-tolerance-150-ml\/","url":"https:\/\/paragaleriedetalborjt.com\/boutique\/caditar-shampoing-tolerance-150-ml\/","name":"Caditar Shampoing Tol\u00e9rance \u2013 150 ml - paragaleriedetalborjt","isPartOf":{"@id":"https:\/\/paragaleriedetalborjt.com\/#website"},"primaryImageOfPage":{"@id":"https:\/\/paragaleriedetalborjt.com\/boutique\/caditar-shampoing-tolerance-150-ml\/#primaryimage"},"image":{"@id":"https:\/\/paragaleriedetalborjt.com\/boutique\/caditar-shampoing-tolerance-150-ml\/#primaryimage"},"thumbnailUrl":"https:\/\/paragaleriedetalborjt.com\/wp-content\/uploads\/2026\/01\/3760274570049.jpg","datePublished":"2026-01-03T17:45:38+00:00","dateModified":"2026-01-03T19:15:41+00:00","breadcrumb":{"@id":"https:\/\/paragaleriedetalborjt.com\/boutique\/caditar-shampoing-tolerance-150-ml\/#breadcrumb"},"inLanguage":"en-US","potentialAction":[{"@type":"ReadAction","target":["https:\/\/paragaleriedetalborjt.com\/boutique\/caditar-shampoing-tolerance-150-ml\/"]}]},{"@type":"ImageObject","inLanguage":"en-US","@id":"https:\/\/paragaleriedetalborjt.com\/boutique\/caditar-shampoing-tolerance-150-ml\/#primaryimage","url":"https:\/\/paragaleriedetalborjt.com\/wp-content\/uploads\/2026\/01\/3760274570049.jpg","contentUrl":"https:\/\/paragaleriedetalborjt.com\/wp-content\/uploads\/2026\/01\/3760274570049.jpg","width":595,"height":655},{"@type":"BreadcrumbList","@id":"https:\/\/paragaleriedetalborjt.com\/boutique\/caditar-shampoing-tolerance-150-ml\/#breadcrumb","itemListElement":[{"@type":"ListItem","position":1,"name":"Accueil","item":"https:\/\/paragaleriedetalborjt.com\/"},{"@type":"ListItem","position":2,"name":"Boutique","item":"https:\/\/paragaleriedetalborjt.com\/boutique\/"},{"@type":"ListItem","position":3,"name":"Caditar Shampoing Tol\u00e9rance \u2013 150 ml"}]},{"@type":"WebSite","@id":"https:\/\/paragaleriedetalborjt.com\/#website","url":"https:\/\/paragaleriedetalborjt.com\/","name":"paragaleriedetalborjt","description":"","potentialAction":[{"@type":"SearchAction","target":{"@type":"EntryPoint","urlTemplate":"https:\/\/paragaleriedetalborjt.com\/?s={search_term_string}"},"query-input":{"@type":"PropertyValueSpecification","valueRequired":true,"valueName":"search_term_string"}}],"inLanguage":"en-US"}]}},"brands":[{"id":1676,"name":"CADITAR","slug":"caditar"}],"_links":{"self":[{"href":"https:\/\/paragaleriedetalborjt.com\/en\/wp-json\/wp\/v2\/product\/38941","targetHints":{"allow":["GET"]}}],"collection":[{"href":"https:\/\/paragaleriedetalborjt.com\/en\/wp-json\/wp\/v2\/product"}],"about":[{"href":"https:\/\/paragaleriedetalborjt.com\/en\/wp-json\/wp\/v2\/types\/product"}],"replies":[{"embeddable":true,"href":"https:\/\/paragaleriedetalborjt.com\/en\/wp-json\/wp\/v2\/comments?post=38941"}],"version-history":[{"count":1,"href":"https:\/\/paragaleriedetalborjt.com\/en\/wp-json\/wp\/v2\/product\/38941\/revisions"}],"predecessor-version":[{"id":38943,"href":"https:\/\/paragaleriedetalborjt.com\/en\/wp-json\/wp\/v2\/product\/38941\/revisions\/38943"}],"wp:featuredmedia":[{"embeddable":true,"href":"https:\/\/paragaleriedetalborjt.com\/en\/wp-json\/wp\/v2\/media\/38942"}],"wp:attachment":[{"href":"https:\/\/paragaleriedetalborjt.com\/en\/wp-json\/wp\/v2\/media?parent=38941"}],"wp:term":[{"taxonomy":"pwb-brand","embeddable":true,"href":"https:\/\/paragaleriedetalborjt.com\/en\/wp-json\/wp\/v2\/pwb-brand?post=38941"},{"taxonomy":"product_cat","embeddable":true,"href":"https:\/\/paragaleriedetalborjt.com\/en\/wp-json\/wp\/v2\/product_cat?post=38941"},{"taxonomy":"product_tag","embeddable":true,"href":"https:\/\/paragaleriedetalborjt.com\/en\/wp-json\/wp\/v2\/product_tag?post=38941"}],"curies":[{"name":"wp","href":"https:\/\/api.w.org\/{rel}","templated":true}]}}