{"id":38902,"date":"2026-01-03T18:44:24","date_gmt":"2026-01-03T17:44:24","guid":{"rendered":"https:\/\/paragaleriedetalborjt.com\/?post_type=product&#038;p=38902"},"modified":"2026-01-03T20:15:38","modified_gmt":"2026-01-03T19:15:38","slug":"revox-just-acide-glycolique-7-250ml","status":"publish","type":"product","link":"https:\/\/paragaleriedetalborjt.com\/en\/boutique\/revox-just-acide-glycolique-7-250ml\/","title":{"rendered":"REVOX JUST Acide Glycolique 7% 250ML"},"content":{"rendered":"<div aria-labelledby=\"tab-title-description\" class=\"woocommerce-Tabs-panel woocommerce-Tabs-panel--description panel entry-content wc-tab\" id=\"tab-description\" role=\"tabpanel\" style=\"\">\n<h2>Description<\/h2>\n<p><b>R?VOX B77 JUST GLYCOLIC ACID 7%<\/b>\u00a0est un tonique exfoliant pour le visage et le cou. AHA efficace aux propri\u00e9t\u00e9s \u00e9claircissantes, l\u2019Acide Glycolique contribue \u00e0 lisser le grain de peau et \u00e0 l\u2019\u00e9clat de la peau. Cette solution \u00e0 7% enrichie en Aloe Vera exfolie en douceur et rafra\u00eechit la peau.<span class=\"Apple-converted-space\">\u00a0<\/span><\/p>\n<p><strong>Mode d\u2019emploi :<\/strong><\/p>\n<p>Appliquer quelques fois par semaine le soir \u00e0 l\u2019aide d\u2019un coton sur une peau propre et compl\u00e8tement s\u00e8che, en \u00e9vitant le contour des yeux. Ne pas combiner avec : d\u2019autres acides directs ou r\u00e9tino\u00efdes.<\/p>\n<p><strong>Ingr\u00e9dients :<\/strong><\/p>\n<p>eau\/eau, acide glycolique, ur\u00e9e, hydroxyde de potassium, propyl\u00e8neglycol, hyaluronate de sodium, extrait de feuille d\u2019aloe vera\/extrait de feuille d\u2019aloe barbadensis, provitamine B5\/panth\u00e9nol, acides amin\u00e9s de collag\u00e8ne, ph\u00e9noxy\u00e9thanol, PPG-1-PEG-9 \u00c9ther de laurylglycol.<\/p>\n<p><strong>Attention :<\/strong><\/p>\n<p>Une intol\u00e9rance individuelle \u00e0 l\u2019un des ingr\u00e9dients est possible. Avant la premi\u00e8re application, effectuez un test de sensibilit\u00e9. Ne l\u2019utilisez pas sur une peau sensible ou irrit\u00e9e. En cas de sensation de piq\u00fbre ou de br\u00fblure, rincer abondamment \u00e0 l\u2019eau. Utilisez une protection solaire.<\/p>\n<\/div>","protected":false},"excerpt":{"rendered":"<p>Highlights:Hydrate la peau en continu toute la journ\u00e9e, et offre une protection SPF25 contre les rayons UVA\/UVB.\u2022 Indice SPF : 25 (UVA\/UVB)\u2022 Besoin :Hydrater | Nourrir | Peau normale \u00e0 s\u00e8che | Peau sensible.\u2022 Ingr\u00e9dients Cl\u00e9s :C\u00e9ramides (1, 3 et 6-II) pour prot\u00e9ger et nourrir | Acide Hyaluronique pour maintenir la peau hydrat\u00e9e.\u2022S\u00e9curit\u00e9 :Sans Parfum | Hypoallerg\u00e9nique | Non-Com\u00e9dog\u00e8ne.\u2022 Utilisation :Appliquer g\u00e9n\u00e9reusement le matin. Visage et cou.<\/p>","protected":false},"featured_media":38903,"comment_status":"open","ping_status":"closed","template":"","meta":[],"pwb-brand":[1574],"product_cat":[16],"product_tag":[],"class_list":{"0":"post-38902","1":"product","2":"type-product","3":"status-publish","4":"has-post-thumbnail","6":"pwb-brand-revox","7":"product_cat-non-classe","8":"pa_brands-revox","10":"first","11":"instock","12":"sale","13":"shipping-taxable","14":"purchasable","15":"product-type-simple"},"yoast_head":"<!-- This site is optimized with the Yoast SEO plugin v26.9 - https:\/\/yoast.com\/product\/yoast-seo-wordpress\/ -->\n<title>REVOX JUST Acide Glycolique 7% 250ML - paragaleriedetalborjt<\/title>\n<meta name=\"robots\" content=\"index, follow, max-snippet:-1, max-image-preview:large, max-video-preview:-1\" \/>\n<link rel=\"canonical\" href=\"https:\/\/paragaleriedetalborjt.com\/en\/boutique\/revox-just-acide-glycolique-7-250ml\/\" \/>\n<meta property=\"og:locale\" content=\"en_US\" \/>\n<meta property=\"og:type\" content=\"article\" \/>\n<meta property=\"og:title\" content=\"REVOX JUST Acide Glycolique 7% 250ML - paragaleriedetalborjt\" \/>\n<meta property=\"og:description\" content=\"Highlights:Hydrate la peau en continu toute la journ\u00e9e, et offre une protection SPF25 contre les rayons UVA\/UVB.\u2022 Indice SPF : 25 (UVA\/UVB)\u2022 Besoin :Hydrater | Nourrir | Peau normale \u00e0 s\u00e8che | Peau sensible.\u2022 Ingr\u00e9dients Cl\u00e9s :C\u00e9ramides (1, 3 et 6-II) pour prot\u00e9ger et nourrir | Acide Hyaluronique pour maintenir la peau hydrat\u00e9e.\u2022S\u00e9curit\u00e9 :Sans Parfum | Hypoallerg\u00e9nique | Non-Com\u00e9dog\u00e8ne.\u2022 Utilisation :Appliquer g\u00e9n\u00e9reusement le matin. Visage et cou.\" \/>\n<meta property=\"og:url\" content=\"https:\/\/paragaleriedetalborjt.com\/en\/boutique\/revox-just-acide-glycolique-7-250ml\/\" \/>\n<meta property=\"og:site_name\" content=\"paragaleriedetalborjt\" \/>\n<meta property=\"article:modified_time\" content=\"2026-01-03T19:15:38+00:00\" \/>\n<meta property=\"og:image\" content=\"https:\/\/paragaleriedetalborjt.com\/wp-content\/uploads\/2026\/01\/revox-glycolic-acid7-axfoliating-toner-beautymall-parapharmacie-maroc.png\" \/>\n\t<meta property=\"og:image:width\" content=\"595\" \/>\n\t<meta property=\"og:image:height\" content=\"655\" \/>\n\t<meta property=\"og:image:type\" content=\"image\/png\" \/>\n<meta name=\"twitter:card\" content=\"summary_large_image\" \/>\n<meta name=\"twitter:label1\" content=\"Est. reading time\" \/>\n\t<meta name=\"twitter:data1\" content=\"1 minute\" \/>\n<script type=\"application\/ld+json\" class=\"yoast-schema-graph\">{\"@context\":\"https:\/\/schema.org\",\"@graph\":[{\"@type\":\"WebPage\",\"@id\":\"https:\/\/paragaleriedetalborjt.com\/boutique\/revox-just-acide-glycolique-7-250ml\/\",\"url\":\"https:\/\/paragaleriedetalborjt.com\/boutique\/revox-just-acide-glycolique-7-250ml\/\",\"name\":\"REVOX JUST Acide Glycolique 7% 250ML - paragaleriedetalborjt\",\"isPartOf\":{\"@id\":\"https:\/\/paragaleriedetalborjt.com\/#website\"},\"primaryImageOfPage\":{\"@id\":\"https:\/\/paragaleriedetalborjt.com\/boutique\/revox-just-acide-glycolique-7-250ml\/#primaryimage\"},\"image\":{\"@id\":\"https:\/\/paragaleriedetalborjt.com\/boutique\/revox-just-acide-glycolique-7-250ml\/#primaryimage\"},\"thumbnailUrl\":\"https:\/\/paragaleriedetalborjt.com\/wp-content\/uploads\/2026\/01\/revox-glycolic-acid7-axfoliating-toner-beautymall-parapharmacie-maroc.png\",\"datePublished\":\"2026-01-03T17:44:24+00:00\",\"dateModified\":\"2026-01-03T19:15:38+00:00\",\"breadcrumb\":{\"@id\":\"https:\/\/paragaleriedetalborjt.com\/boutique\/revox-just-acide-glycolique-7-250ml\/#breadcrumb\"},\"inLanguage\":\"en-US\",\"potentialAction\":[{\"@type\":\"ReadAction\",\"target\":[\"https:\/\/paragaleriedetalborjt.com\/boutique\/revox-just-acide-glycolique-7-250ml\/\"]}]},{\"@type\":\"ImageObject\",\"inLanguage\":\"en-US\",\"@id\":\"https:\/\/paragaleriedetalborjt.com\/boutique\/revox-just-acide-glycolique-7-250ml\/#primaryimage\",\"url\":\"https:\/\/paragaleriedetalborjt.com\/wp-content\/uploads\/2026\/01\/revox-glycolic-acid7-axfoliating-toner-beautymall-parapharmacie-maroc.png\",\"contentUrl\":\"https:\/\/paragaleriedetalborjt.com\/wp-content\/uploads\/2026\/01\/revox-glycolic-acid7-axfoliating-toner-beautymall-parapharmacie-maroc.png\",\"width\":595,\"height\":655},{\"@type\":\"BreadcrumbList\",\"@id\":\"https:\/\/paragaleriedetalborjt.com\/boutique\/revox-just-acide-glycolique-7-250ml\/#breadcrumb\",\"itemListElement\":[{\"@type\":\"ListItem\",\"position\":1,\"name\":\"Accueil\",\"item\":\"https:\/\/paragaleriedetalborjt.com\/\"},{\"@type\":\"ListItem\",\"position\":2,\"name\":\"Boutique\",\"item\":\"https:\/\/paragaleriedetalborjt.com\/boutique\/\"},{\"@type\":\"ListItem\",\"position\":3,\"name\":\"REVOX JUST Acide Glycolique 7% 250ML\"}]},{\"@type\":\"WebSite\",\"@id\":\"https:\/\/paragaleriedetalborjt.com\/#website\",\"url\":\"https:\/\/paragaleriedetalborjt.com\/\",\"name\":\"paragaleriedetalborjt\",\"description\":\"\",\"potentialAction\":[{\"@type\":\"SearchAction\",\"target\":{\"@type\":\"EntryPoint\",\"urlTemplate\":\"https:\/\/paragaleriedetalborjt.com\/?s={search_term_string}\"},\"query-input\":{\"@type\":\"PropertyValueSpecification\",\"valueRequired\":true,\"valueName\":\"search_term_string\"}}],\"inLanguage\":\"en-US\"}]}<\/script>\n<!-- \/ Yoast SEO plugin. -->","yoast_head_json":{"title":"REVOX JUST Acide Glycolique 7% 250ML - paragaleriedetalborjt","robots":{"index":"index","follow":"follow","max-snippet":"max-snippet:-1","max-image-preview":"max-image-preview:large","max-video-preview":"max-video-preview:-1"},"canonical":"https:\/\/paragaleriedetalborjt.com\/en\/boutique\/revox-just-acide-glycolique-7-250ml\/","og_locale":"en_US","og_type":"article","og_title":"REVOX JUST Acide Glycolique 7% 250ML - paragaleriedetalborjt","og_description":"Highlights:Hydrate la peau en continu toute la journ\u00e9e, et offre une protection SPF25 contre les rayons UVA\/UVB.\u2022 Indice SPF : 25 (UVA\/UVB)\u2022 Besoin :Hydrater | Nourrir | Peau normale \u00e0 s\u00e8che | Peau sensible.\u2022 Ingr\u00e9dients Cl\u00e9s :C\u00e9ramides (1, 3 et 6-II) pour prot\u00e9ger et nourrir | Acide Hyaluronique pour maintenir la peau hydrat\u00e9e.\u2022S\u00e9curit\u00e9 :Sans Parfum | Hypoallerg\u00e9nique | Non-Com\u00e9dog\u00e8ne.\u2022 Utilisation :Appliquer g\u00e9n\u00e9reusement le matin. Visage et cou.","og_url":"https:\/\/paragaleriedetalborjt.com\/en\/boutique\/revox-just-acide-glycolique-7-250ml\/","og_site_name":"paragaleriedetalborjt","article_modified_time":"2026-01-03T19:15:38+00:00","og_image":[{"width":595,"height":655,"url":"https:\/\/paragaleriedetalborjt.com\/wp-content\/uploads\/2026\/01\/revox-glycolic-acid7-axfoliating-toner-beautymall-parapharmacie-maroc.png","type":"image\/png"}],"twitter_card":"summary_large_image","twitter_misc":{"Est. reading time":"1 minute"},"schema":{"@context":"https:\/\/schema.org","@graph":[{"@type":"WebPage","@id":"https:\/\/paragaleriedetalborjt.com\/boutique\/revox-just-acide-glycolique-7-250ml\/","url":"https:\/\/paragaleriedetalborjt.com\/boutique\/revox-just-acide-glycolique-7-250ml\/","name":"REVOX JUST Acide Glycolique 7% 250ML - paragaleriedetalborjt","isPartOf":{"@id":"https:\/\/paragaleriedetalborjt.com\/#website"},"primaryImageOfPage":{"@id":"https:\/\/paragaleriedetalborjt.com\/boutique\/revox-just-acide-glycolique-7-250ml\/#primaryimage"},"image":{"@id":"https:\/\/paragaleriedetalborjt.com\/boutique\/revox-just-acide-glycolique-7-250ml\/#primaryimage"},"thumbnailUrl":"https:\/\/paragaleriedetalborjt.com\/wp-content\/uploads\/2026\/01\/revox-glycolic-acid7-axfoliating-toner-beautymall-parapharmacie-maroc.png","datePublished":"2026-01-03T17:44:24+00:00","dateModified":"2026-01-03T19:15:38+00:00","breadcrumb":{"@id":"https:\/\/paragaleriedetalborjt.com\/boutique\/revox-just-acide-glycolique-7-250ml\/#breadcrumb"},"inLanguage":"en-US","potentialAction":[{"@type":"ReadAction","target":["https:\/\/paragaleriedetalborjt.com\/boutique\/revox-just-acide-glycolique-7-250ml\/"]}]},{"@type":"ImageObject","inLanguage":"en-US","@id":"https:\/\/paragaleriedetalborjt.com\/boutique\/revox-just-acide-glycolique-7-250ml\/#primaryimage","url":"https:\/\/paragaleriedetalborjt.com\/wp-content\/uploads\/2026\/01\/revox-glycolic-acid7-axfoliating-toner-beautymall-parapharmacie-maroc.png","contentUrl":"https:\/\/paragaleriedetalborjt.com\/wp-content\/uploads\/2026\/01\/revox-glycolic-acid7-axfoliating-toner-beautymall-parapharmacie-maroc.png","width":595,"height":655},{"@type":"BreadcrumbList","@id":"https:\/\/paragaleriedetalborjt.com\/boutique\/revox-just-acide-glycolique-7-250ml\/#breadcrumb","itemListElement":[{"@type":"ListItem","position":1,"name":"Accueil","item":"https:\/\/paragaleriedetalborjt.com\/"},{"@type":"ListItem","position":2,"name":"Boutique","item":"https:\/\/paragaleriedetalborjt.com\/boutique\/"},{"@type":"ListItem","position":3,"name":"REVOX JUST Acide Glycolique 7% 250ML"}]},{"@type":"WebSite","@id":"https:\/\/paragaleriedetalborjt.com\/#website","url":"https:\/\/paragaleriedetalborjt.com\/","name":"paragaleriedetalborjt","description":"","potentialAction":[{"@type":"SearchAction","target":{"@type":"EntryPoint","urlTemplate":"https:\/\/paragaleriedetalborjt.com\/?s={search_term_string}"},"query-input":{"@type":"PropertyValueSpecification","valueRequired":true,"valueName":"search_term_string"}}],"inLanguage":"en-US"}]}},"brands":[{"id":1574,"name":"REVOX","slug":"revox"}],"_links":{"self":[{"href":"https:\/\/paragaleriedetalborjt.com\/en\/wp-json\/wp\/v2\/product\/38902","targetHints":{"allow":["GET"]}}],"collection":[{"href":"https:\/\/paragaleriedetalborjt.com\/en\/wp-json\/wp\/v2\/product"}],"about":[{"href":"https:\/\/paragaleriedetalborjt.com\/en\/wp-json\/wp\/v2\/types\/product"}],"replies":[{"embeddable":true,"href":"https:\/\/paragaleriedetalborjt.com\/en\/wp-json\/wp\/v2\/comments?post=38902"}],"version-history":[{"count":1,"href":"https:\/\/paragaleriedetalborjt.com\/en\/wp-json\/wp\/v2\/product\/38902\/revisions"}],"predecessor-version":[{"id":38904,"href":"https:\/\/paragaleriedetalborjt.com\/en\/wp-json\/wp\/v2\/product\/38902\/revisions\/38904"}],"wp:featuredmedia":[{"embeddable":true,"href":"https:\/\/paragaleriedetalborjt.com\/en\/wp-json\/wp\/v2\/media\/38903"}],"wp:attachment":[{"href":"https:\/\/paragaleriedetalborjt.com\/en\/wp-json\/wp\/v2\/media?parent=38902"}],"wp:term":[{"taxonomy":"pwb-brand","embeddable":true,"href":"https:\/\/paragaleriedetalborjt.com\/en\/wp-json\/wp\/v2\/pwb-brand?post=38902"},{"taxonomy":"product_cat","embeddable":true,"href":"https:\/\/paragaleriedetalborjt.com\/en\/wp-json\/wp\/v2\/product_cat?post=38902"},{"taxonomy":"product_tag","embeddable":true,"href":"https:\/\/paragaleriedetalborjt.com\/en\/wp-json\/wp\/v2\/product_tag?post=38902"}],"curies":[{"name":"wp","href":"https:\/\/api.w.org\/{rel}","templated":true}]}}