{"id":38854,"date":"2026-01-03T18:42:59","date_gmt":"2026-01-03T17:42:59","guid":{"rendered":"https:\/\/paragaleriedetalborjt.com\/?post_type=product&#038;p=38854"},"modified":"2026-01-03T20:15:34","modified_gmt":"2026-01-03T19:15:34","slug":"manix-skyn-selection-9-pieces","status":"publish","type":"product","link":"https:\/\/paragaleriedetalborjt.com\/en\/boutique\/manix-skyn-selection-9-pieces\/","title":{"rendered":"Manix Skyn Selection \u2013 9 Pi\u00e9ces"},"content":{"rendered":"<div aria-labelledby=\"tab-title-description\" class=\"woocommerce-Tabs-panel woocommerce-Tabs-panel--description panel entry-content wc-tab\" id=\"tab-description\" role=\"tabpanel\" style=\"\">\n<h2>Description<\/h2>\n<p>Description<br \/>\nSKYN\u00ae, la mati\u00e8re Presque imperceptible. Selection est un pack pour d\u00e9couvrir le meilleur des pr\u00e9servatifs Skyn : 3 pr\u00e9servatifs SKYN\u00ae ORIGINAL \/ 3 pr\u00e9servatifs SKYN\u00ae EXTRA LUBRIFIE \/ 3 pr\u00e9servatifs SKYN\u00ae INTENSE FEEL.<br \/>\n\u2013 La mati\u00e8re r\u00e9volutionnaire des pr\u00e9servatifs SKYN\u00ae restitue des sensations plus naturelles, plus douces et plus intenses. Cliniquement prouv\u00e9 .<br \/>\n\u2013 Combine une forte r\u00e9sistance \u00e0 une tr\u00e8s haute sensitivit\u00e9 tactile : la sensation de ne rien porter<br \/>\n\u2013 SKYN\u00ae EXTRA LUBRIFIE, gr\u00e2ce \u00e0 son gel ultra doux, offre une lubrification prolong\u00e9e de 40% pour un confort maximum.<br \/>\n\u2013 SKYN\u00ae INTENSE FEEL, gr\u00e2ce \u00e0 sa texture intens\u00e9ment perl\u00e9e positionn\u00e9e en forme de vague sur les zones les plus sensibles, offre une stimulation maximale pour elle et encore plus de plaisir pour lui.<br \/>\n* Chaque pr\u00e9servatif a \u00e9t\u00e9 test\u00e9 \u00e9lectroniquement : protection maximum. Diam\u00e8tre moyen : 53mm.<\/p>\n<\/div>","protected":false},"excerpt":{"rendered":"<p>Highlights:SKYN\u00ae Selection propose 3 mod\u00e8les de pr\u00e9servatifs pour tester la mati\u00e8re presque imperceptible : Original + extra Lubrifi\u00e9 + Intense Feel.<\/p>","protected":false},"featured_media":38855,"comment_status":"open","ping_status":"closed","template":"","meta":[],"pwb-brand":[1630],"product_cat":[16],"product_tag":[],"class_list":{"0":"post-38854","1":"product","2":"type-product","3":"status-publish","4":"has-post-thumbnail","6":"pwb-brand-manix","7":"product_cat-non-classe","8":"pa_brands-manix","10":"first","11":"instock","12":"sale","13":"shipping-taxable","14":"purchasable","15":"product-type-simple"},"yoast_head":"<!-- This site is optimized with the Yoast SEO plugin v26.9 - https:\/\/yoast.com\/product\/yoast-seo-wordpress\/ -->\n<title>Manix Skyn Selection \u2013 9 Pi\u00e9ces - paragaleriedetalborjt<\/title>\n<meta name=\"robots\" content=\"index, follow, max-snippet:-1, max-image-preview:large, max-video-preview:-1\" \/>\n<link rel=\"canonical\" href=\"https:\/\/paragaleriedetalborjt.com\/en\/boutique\/manix-skyn-selection-9-pieces\/\" \/>\n<meta property=\"og:locale\" content=\"en_US\" \/>\n<meta property=\"og:type\" content=\"article\" \/>\n<meta property=\"og:title\" content=\"Manix Skyn Selection \u2013 9 Pi\u00e9ces - paragaleriedetalborjt\" \/>\n<meta property=\"og:description\" content=\"Highlights:SKYN\u00ae Selection propose 3 mod\u00e8les de pr\u00e9servatifs pour tester la mati\u00e8re presque imperceptible : Original + extra Lubrifi\u00e9 + Intense Feel.\" \/>\n<meta property=\"og:url\" content=\"https:\/\/paragaleriedetalborjt.com\/en\/boutique\/manix-skyn-selection-9-pieces\/\" \/>\n<meta property=\"og:site_name\" content=\"paragaleriedetalborjt\" \/>\n<meta property=\"article:modified_time\" content=\"2026-01-03T19:15:34+00:00\" \/>\n<meta property=\"og:image\" content=\"https:\/\/paragaleriedetalborjt.com\/wp-content\/uploads\/2026\/01\/Manix-Skyn-Selection-9-Pieces-600x600-1.png\" \/>\n\t<meta property=\"og:image:width\" content=\"600\" \/>\n\t<meta property=\"og:image:height\" content=\"600\" \/>\n\t<meta property=\"og:image:type\" content=\"image\/png\" \/>\n<meta name=\"twitter:card\" content=\"summary_large_image\" \/>\n<meta name=\"twitter:label1\" content=\"Est. reading time\" \/>\n\t<meta name=\"twitter:data1\" content=\"1 minute\" \/>\n<script type=\"application\/ld+json\" class=\"yoast-schema-graph\">{\"@context\":\"https:\/\/schema.org\",\"@graph\":[{\"@type\":\"WebPage\",\"@id\":\"https:\/\/paragaleriedetalborjt.com\/boutique\/manix-skyn-selection-9-pieces\/\",\"url\":\"https:\/\/paragaleriedetalborjt.com\/boutique\/manix-skyn-selection-9-pieces\/\",\"name\":\"Manix Skyn Selection \u2013 9 Pi\u00e9ces - paragaleriedetalborjt\",\"isPartOf\":{\"@id\":\"https:\/\/paragaleriedetalborjt.com\/#website\"},\"primaryImageOfPage\":{\"@id\":\"https:\/\/paragaleriedetalborjt.com\/boutique\/manix-skyn-selection-9-pieces\/#primaryimage\"},\"image\":{\"@id\":\"https:\/\/paragaleriedetalborjt.com\/boutique\/manix-skyn-selection-9-pieces\/#primaryimage\"},\"thumbnailUrl\":\"https:\/\/paragaleriedetalborjt.com\/wp-content\/uploads\/2026\/01\/Manix-Skyn-Selection-9-Pieces-600x600-1.png\",\"datePublished\":\"2026-01-03T17:42:59+00:00\",\"dateModified\":\"2026-01-03T19:15:34+00:00\",\"breadcrumb\":{\"@id\":\"https:\/\/paragaleriedetalborjt.com\/boutique\/manix-skyn-selection-9-pieces\/#breadcrumb\"},\"inLanguage\":\"en-US\",\"potentialAction\":[{\"@type\":\"ReadAction\",\"target\":[\"https:\/\/paragaleriedetalborjt.com\/boutique\/manix-skyn-selection-9-pieces\/\"]}]},{\"@type\":\"ImageObject\",\"inLanguage\":\"en-US\",\"@id\":\"https:\/\/paragaleriedetalborjt.com\/boutique\/manix-skyn-selection-9-pieces\/#primaryimage\",\"url\":\"https:\/\/paragaleriedetalborjt.com\/wp-content\/uploads\/2026\/01\/Manix-Skyn-Selection-9-Pieces-600x600-1.png\",\"contentUrl\":\"https:\/\/paragaleriedetalborjt.com\/wp-content\/uploads\/2026\/01\/Manix-Skyn-Selection-9-Pieces-600x600-1.png\",\"width\":600,\"height\":600},{\"@type\":\"BreadcrumbList\",\"@id\":\"https:\/\/paragaleriedetalborjt.com\/boutique\/manix-skyn-selection-9-pieces\/#breadcrumb\",\"itemListElement\":[{\"@type\":\"ListItem\",\"position\":1,\"name\":\"Accueil\",\"item\":\"https:\/\/paragaleriedetalborjt.com\/\"},{\"@type\":\"ListItem\",\"position\":2,\"name\":\"Boutique\",\"item\":\"https:\/\/paragaleriedetalborjt.com\/boutique\/\"},{\"@type\":\"ListItem\",\"position\":3,\"name\":\"Manix Skyn Selection \u2013 9 Pi\u00e9ces\"}]},{\"@type\":\"WebSite\",\"@id\":\"https:\/\/paragaleriedetalborjt.com\/#website\",\"url\":\"https:\/\/paragaleriedetalborjt.com\/\",\"name\":\"paragaleriedetalborjt\",\"description\":\"\",\"potentialAction\":[{\"@type\":\"SearchAction\",\"target\":{\"@type\":\"EntryPoint\",\"urlTemplate\":\"https:\/\/paragaleriedetalborjt.com\/?s={search_term_string}\"},\"query-input\":{\"@type\":\"PropertyValueSpecification\",\"valueRequired\":true,\"valueName\":\"search_term_string\"}}],\"inLanguage\":\"en-US\"}]}<\/script>\n<!-- \/ Yoast SEO plugin. -->","yoast_head_json":{"title":"Manix Skyn Selection \u2013 9 Pi\u00e9ces - paragaleriedetalborjt","robots":{"index":"index","follow":"follow","max-snippet":"max-snippet:-1","max-image-preview":"max-image-preview:large","max-video-preview":"max-video-preview:-1"},"canonical":"https:\/\/paragaleriedetalborjt.com\/en\/boutique\/manix-skyn-selection-9-pieces\/","og_locale":"en_US","og_type":"article","og_title":"Manix Skyn Selection \u2013 9 Pi\u00e9ces - paragaleriedetalborjt","og_description":"Highlights:SKYN\u00ae Selection propose 3 mod\u00e8les de pr\u00e9servatifs pour tester la mati\u00e8re presque imperceptible : Original + extra Lubrifi\u00e9 + Intense Feel.","og_url":"https:\/\/paragaleriedetalborjt.com\/en\/boutique\/manix-skyn-selection-9-pieces\/","og_site_name":"paragaleriedetalborjt","article_modified_time":"2026-01-03T19:15:34+00:00","og_image":[{"width":600,"height":600,"url":"https:\/\/paragaleriedetalborjt.com\/wp-content\/uploads\/2026\/01\/Manix-Skyn-Selection-9-Pieces-600x600-1.png","type":"image\/png"}],"twitter_card":"summary_large_image","twitter_misc":{"Est. reading time":"1 minute"},"schema":{"@context":"https:\/\/schema.org","@graph":[{"@type":"WebPage","@id":"https:\/\/paragaleriedetalborjt.com\/boutique\/manix-skyn-selection-9-pieces\/","url":"https:\/\/paragaleriedetalborjt.com\/boutique\/manix-skyn-selection-9-pieces\/","name":"Manix Skyn Selection \u2013 9 Pi\u00e9ces - paragaleriedetalborjt","isPartOf":{"@id":"https:\/\/paragaleriedetalborjt.com\/#website"},"primaryImageOfPage":{"@id":"https:\/\/paragaleriedetalborjt.com\/boutique\/manix-skyn-selection-9-pieces\/#primaryimage"},"image":{"@id":"https:\/\/paragaleriedetalborjt.com\/boutique\/manix-skyn-selection-9-pieces\/#primaryimage"},"thumbnailUrl":"https:\/\/paragaleriedetalborjt.com\/wp-content\/uploads\/2026\/01\/Manix-Skyn-Selection-9-Pieces-600x600-1.png","datePublished":"2026-01-03T17:42:59+00:00","dateModified":"2026-01-03T19:15:34+00:00","breadcrumb":{"@id":"https:\/\/paragaleriedetalborjt.com\/boutique\/manix-skyn-selection-9-pieces\/#breadcrumb"},"inLanguage":"en-US","potentialAction":[{"@type":"ReadAction","target":["https:\/\/paragaleriedetalborjt.com\/boutique\/manix-skyn-selection-9-pieces\/"]}]},{"@type":"ImageObject","inLanguage":"en-US","@id":"https:\/\/paragaleriedetalborjt.com\/boutique\/manix-skyn-selection-9-pieces\/#primaryimage","url":"https:\/\/paragaleriedetalborjt.com\/wp-content\/uploads\/2026\/01\/Manix-Skyn-Selection-9-Pieces-600x600-1.png","contentUrl":"https:\/\/paragaleriedetalborjt.com\/wp-content\/uploads\/2026\/01\/Manix-Skyn-Selection-9-Pieces-600x600-1.png","width":600,"height":600},{"@type":"BreadcrumbList","@id":"https:\/\/paragaleriedetalborjt.com\/boutique\/manix-skyn-selection-9-pieces\/#breadcrumb","itemListElement":[{"@type":"ListItem","position":1,"name":"Accueil","item":"https:\/\/paragaleriedetalborjt.com\/"},{"@type":"ListItem","position":2,"name":"Boutique","item":"https:\/\/paragaleriedetalborjt.com\/boutique\/"},{"@type":"ListItem","position":3,"name":"Manix Skyn Selection \u2013 9 Pi\u00e9ces"}]},{"@type":"WebSite","@id":"https:\/\/paragaleriedetalborjt.com\/#website","url":"https:\/\/paragaleriedetalborjt.com\/","name":"paragaleriedetalborjt","description":"","potentialAction":[{"@type":"SearchAction","target":{"@type":"EntryPoint","urlTemplate":"https:\/\/paragaleriedetalborjt.com\/?s={search_term_string}"},"query-input":{"@type":"PropertyValueSpecification","valueRequired":true,"valueName":"search_term_string"}}],"inLanguage":"en-US"}]}},"brands":[{"id":1630,"name":"MANIX","slug":"manix"}],"_links":{"self":[{"href":"https:\/\/paragaleriedetalborjt.com\/en\/wp-json\/wp\/v2\/product\/38854","targetHints":{"allow":["GET"]}}],"collection":[{"href":"https:\/\/paragaleriedetalborjt.com\/en\/wp-json\/wp\/v2\/product"}],"about":[{"href":"https:\/\/paragaleriedetalborjt.com\/en\/wp-json\/wp\/v2\/types\/product"}],"replies":[{"embeddable":true,"href":"https:\/\/paragaleriedetalborjt.com\/en\/wp-json\/wp\/v2\/comments?post=38854"}],"version-history":[{"count":1,"href":"https:\/\/paragaleriedetalborjt.com\/en\/wp-json\/wp\/v2\/product\/38854\/revisions"}],"predecessor-version":[{"id":38856,"href":"https:\/\/paragaleriedetalborjt.com\/en\/wp-json\/wp\/v2\/product\/38854\/revisions\/38856"}],"wp:featuredmedia":[{"embeddable":true,"href":"https:\/\/paragaleriedetalborjt.com\/en\/wp-json\/wp\/v2\/media\/38855"}],"wp:attachment":[{"href":"https:\/\/paragaleriedetalborjt.com\/en\/wp-json\/wp\/v2\/media?parent=38854"}],"wp:term":[{"taxonomy":"pwb-brand","embeddable":true,"href":"https:\/\/paragaleriedetalborjt.com\/en\/wp-json\/wp\/v2\/pwb-brand?post=38854"},{"taxonomy":"product_cat","embeddable":true,"href":"https:\/\/paragaleriedetalborjt.com\/en\/wp-json\/wp\/v2\/product_cat?post=38854"},{"taxonomy":"product_tag","embeddable":true,"href":"https:\/\/paragaleriedetalborjt.com\/en\/wp-json\/wp\/v2\/product_tag?post=38854"}],"curies":[{"name":"wp","href":"https:\/\/api.w.org\/{rel}","templated":true}]}}