{"id":38851,"date":"2026-01-03T18:42:55","date_gmt":"2026-01-03T17:42:55","guid":{"rendered":"https:\/\/paragaleriedetalborjt.com\/?post_type=product&#038;p=38851"},"modified":"2026-01-03T20:15:34","modified_gmt":"2026-01-03T19:15:34","slug":"naturesoin-creme-depilatoire-a-lhuile-damandes-douces-50-ml","status":"publish","type":"product","link":"https:\/\/paragaleriedetalborjt.com\/en\/boutique\/naturesoin-creme-depilatoire-a-lhuile-damandes-douces-50-ml\/","title":{"rendered":"NaturEsoin Cr\u00e8me D\u00e9pilatoire \u00e0 l\u2019Huile d\u2019Amandes Douces \u2013 50 ml"},"content":{"rendered":"","protected":false},"excerpt":{"rendered":"<p>Highlights:Gr\u00e2ce \u00e0 sa composition exclusivement \u00e9quilibr\u00e9e et enrichie \u00e0 L\u2019HUILE D\u2019AMANDES DOUCES \u00e9molliente, fortifiante, assouplissante et tonifiante, NATURESOIN cr\u00e8me d\u00e9pilatoire TRIPLE ACTION est parfaitement tol\u00e9r\u00e9e par la peau. De texture soyeuse et facile \u00e0 \u00e9taler, elle permet une \u00e9pilation facile, efficace et douce pour le visage, les jambes, les aines et les aisselles.<\/p>","protected":false},"featured_media":38852,"comment_status":"open","ping_status":"closed","template":"","meta":[],"pwb-brand":[1585],"product_cat":[16],"product_tag":[],"class_list":{"0":"post-38851","1":"product","2":"type-product","3":"status-publish","4":"has-post-thumbnail","6":"pwb-brand-naturesoin","7":"product_cat-non-classe","8":"pa_brands-naturesoin","10":"first","11":"instock","12":"sale","13":"shipping-taxable","14":"purchasable","15":"product-type-simple"},"yoast_head":"<!-- This site is optimized with the Yoast SEO plugin v27.5 - https:\/\/yoast.com\/product\/yoast-seo-wordpress\/ -->\n<title>NaturEsoin Cr\u00e8me D\u00e9pilatoire \u00e0 l\u2019Huile d\u2019Amandes Douces \u2013 50 ml - paragaleriedetalborjt<\/title>\n<meta name=\"robots\" content=\"index, follow, max-snippet:-1, max-image-preview:large, max-video-preview:-1\" \/>\n<link rel=\"canonical\" href=\"https:\/\/paragaleriedetalborjt.com\/en\/boutique\/naturesoin-creme-depilatoire-a-lhuile-damandes-douces-50-ml\/\" \/>\n<meta property=\"og:locale\" content=\"en_US\" \/>\n<meta property=\"og:type\" content=\"article\" \/>\n<meta property=\"og:title\" content=\"NaturEsoin Cr\u00e8me D\u00e9pilatoire \u00e0 l\u2019Huile d\u2019Amandes Douces \u2013 50 ml - paragaleriedetalborjt\" \/>\n<meta property=\"og:description\" content=\"Highlights:Gr\u00e2ce \u00e0 sa composition exclusivement \u00e9quilibr\u00e9e et enrichie \u00e0 L\u2019HUILE D\u2019AMANDES DOUCES \u00e9molliente, fortifiante, assouplissante et tonifiante, NATURESOIN cr\u00e8me d\u00e9pilatoire TRIPLE ACTION est parfaitement tol\u00e9r\u00e9e par la peau. De texture soyeuse et facile \u00e0 \u00e9taler, elle permet une \u00e9pilation facile, efficace et douce pour le visage, les jambes, les aines et les aisselles.\" \/>\n<meta property=\"og:url\" content=\"https:\/\/paragaleriedetalborjt.com\/en\/boutique\/naturesoin-creme-depilatoire-a-lhuile-damandes-douces-50-ml\/\" \/>\n<meta property=\"og:site_name\" content=\"paragaleriedetalborjt\" \/>\n<meta property=\"article:modified_time\" content=\"2026-01-03T19:15:34+00:00\" \/>\n<meta property=\"og:image\" content=\"https:\/\/paragaleriedetalborjt.com\/wp-content\/uploads\/2026\/01\/6111259373785.jpg\" \/>\n\t<meta property=\"og:image:width\" content=\"595\" \/>\n\t<meta property=\"og:image:height\" content=\"655\" \/>\n\t<meta property=\"og:image:type\" content=\"image\/jpeg\" \/>\n<meta name=\"twitter:card\" content=\"summary_large_image\" \/>\n<script type=\"application\/ld+json\" class=\"yoast-schema-graph\">{\"@context\":\"https:\\\/\\\/schema.org\",\"@graph\":[{\"@type\":\"WebPage\",\"@id\":\"https:\\\/\\\/paragaleriedetalborjt.com\\\/boutique\\\/naturesoin-creme-depilatoire-a-lhuile-damandes-douces-50-ml\\\/\",\"url\":\"https:\\\/\\\/paragaleriedetalborjt.com\\\/boutique\\\/naturesoin-creme-depilatoire-a-lhuile-damandes-douces-50-ml\\\/\",\"name\":\"NaturEsoin Cr\u00e8me D\u00e9pilatoire \u00e0 l\u2019Huile d\u2019Amandes Douces \u2013 50 ml - paragaleriedetalborjt\",\"isPartOf\":{\"@id\":\"https:\\\/\\\/paragaleriedetalborjt.com\\\/#website\"},\"primaryImageOfPage\":{\"@id\":\"https:\\\/\\\/paragaleriedetalborjt.com\\\/boutique\\\/naturesoin-creme-depilatoire-a-lhuile-damandes-douces-50-ml\\\/#primaryimage\"},\"image\":{\"@id\":\"https:\\\/\\\/paragaleriedetalborjt.com\\\/boutique\\\/naturesoin-creme-depilatoire-a-lhuile-damandes-douces-50-ml\\\/#primaryimage\"},\"thumbnailUrl\":\"https:\\\/\\\/paragaleriedetalborjt.com\\\/wp-content\\\/uploads\\\/2026\\\/01\\\/6111259373785.jpg\",\"datePublished\":\"2026-01-03T17:42:55+00:00\",\"dateModified\":\"2026-01-03T19:15:34+00:00\",\"breadcrumb\":{\"@id\":\"https:\\\/\\\/paragaleriedetalborjt.com\\\/boutique\\\/naturesoin-creme-depilatoire-a-lhuile-damandes-douces-50-ml\\\/#breadcrumb\"},\"inLanguage\":\"en-US\",\"potentialAction\":[{\"@type\":\"ReadAction\",\"target\":[\"https:\\\/\\\/paragaleriedetalborjt.com\\\/boutique\\\/naturesoin-creme-depilatoire-a-lhuile-damandes-douces-50-ml\\\/\"]}]},{\"@type\":\"ImageObject\",\"inLanguage\":\"en-US\",\"@id\":\"https:\\\/\\\/paragaleriedetalborjt.com\\\/boutique\\\/naturesoin-creme-depilatoire-a-lhuile-damandes-douces-50-ml\\\/#primaryimage\",\"url\":\"https:\\\/\\\/paragaleriedetalborjt.com\\\/wp-content\\\/uploads\\\/2026\\\/01\\\/6111259373785.jpg\",\"contentUrl\":\"https:\\\/\\\/paragaleriedetalborjt.com\\\/wp-content\\\/uploads\\\/2026\\\/01\\\/6111259373785.jpg\",\"width\":595,\"height\":655},{\"@type\":\"BreadcrumbList\",\"@id\":\"https:\\\/\\\/paragaleriedetalborjt.com\\\/boutique\\\/naturesoin-creme-depilatoire-a-lhuile-damandes-douces-50-ml\\\/#breadcrumb\",\"itemListElement\":[{\"@type\":\"ListItem\",\"position\":1,\"name\":\"Accueil\",\"item\":\"https:\\\/\\\/paragaleriedetalborjt.com\\\/\"},{\"@type\":\"ListItem\",\"position\":2,\"name\":\"Boutique\",\"item\":\"https:\\\/\\\/paragaleriedetalborjt.com\\\/boutique\\\/\"},{\"@type\":\"ListItem\",\"position\":3,\"name\":\"NaturEsoin Cr\u00e8me D\u00e9pilatoire \u00e0 l\u2019Huile d\u2019Amandes Douces \u2013 50 ml\"}]},{\"@type\":\"WebSite\",\"@id\":\"https:\\\/\\\/paragaleriedetalborjt.com\\\/#website\",\"url\":\"https:\\\/\\\/paragaleriedetalborjt.com\\\/\",\"name\":\"paragaleriedetalborjt\",\"description\":\"\",\"potentialAction\":[{\"@type\":\"SearchAction\",\"target\":{\"@type\":\"EntryPoint\",\"urlTemplate\":\"https:\\\/\\\/paragaleriedetalborjt.com\\\/?s={search_term_string}\"},\"query-input\":{\"@type\":\"PropertyValueSpecification\",\"valueRequired\":true,\"valueName\":\"search_term_string\"}}],\"inLanguage\":\"en-US\"}]}<\/script>\n<!-- \/ Yoast SEO plugin. -->","yoast_head_json":{"title":"NaturEsoin Cr\u00e8me D\u00e9pilatoire \u00e0 l\u2019Huile d\u2019Amandes Douces \u2013 50 ml - paragaleriedetalborjt","robots":{"index":"index","follow":"follow","max-snippet":"max-snippet:-1","max-image-preview":"max-image-preview:large","max-video-preview":"max-video-preview:-1"},"canonical":"https:\/\/paragaleriedetalborjt.com\/en\/boutique\/naturesoin-creme-depilatoire-a-lhuile-damandes-douces-50-ml\/","og_locale":"en_US","og_type":"article","og_title":"NaturEsoin Cr\u00e8me D\u00e9pilatoire \u00e0 l\u2019Huile d\u2019Amandes Douces \u2013 50 ml - paragaleriedetalborjt","og_description":"Highlights:Gr\u00e2ce \u00e0 sa composition exclusivement \u00e9quilibr\u00e9e et enrichie \u00e0 L\u2019HUILE D\u2019AMANDES DOUCES \u00e9molliente, fortifiante, assouplissante et tonifiante, NATURESOIN cr\u00e8me d\u00e9pilatoire TRIPLE ACTION est parfaitement tol\u00e9r\u00e9e par la peau. De texture soyeuse et facile \u00e0 \u00e9taler, elle permet une \u00e9pilation facile, efficace et douce pour le visage, les jambes, les aines et les aisselles.","og_url":"https:\/\/paragaleriedetalborjt.com\/en\/boutique\/naturesoin-creme-depilatoire-a-lhuile-damandes-douces-50-ml\/","og_site_name":"paragaleriedetalborjt","article_modified_time":"2026-01-03T19:15:34+00:00","og_image":[{"width":595,"height":655,"url":"https:\/\/paragaleriedetalborjt.com\/wp-content\/uploads\/2026\/01\/6111259373785.jpg","type":"image\/jpeg"}],"twitter_card":"summary_large_image","schema":{"@context":"https:\/\/schema.org","@graph":[{"@type":"WebPage","@id":"https:\/\/paragaleriedetalborjt.com\/boutique\/naturesoin-creme-depilatoire-a-lhuile-damandes-douces-50-ml\/","url":"https:\/\/paragaleriedetalborjt.com\/boutique\/naturesoin-creme-depilatoire-a-lhuile-damandes-douces-50-ml\/","name":"NaturEsoin Cr\u00e8me D\u00e9pilatoire \u00e0 l\u2019Huile d\u2019Amandes Douces \u2013 50 ml - paragaleriedetalborjt","isPartOf":{"@id":"https:\/\/paragaleriedetalborjt.com\/#website"},"primaryImageOfPage":{"@id":"https:\/\/paragaleriedetalborjt.com\/boutique\/naturesoin-creme-depilatoire-a-lhuile-damandes-douces-50-ml\/#primaryimage"},"image":{"@id":"https:\/\/paragaleriedetalborjt.com\/boutique\/naturesoin-creme-depilatoire-a-lhuile-damandes-douces-50-ml\/#primaryimage"},"thumbnailUrl":"https:\/\/paragaleriedetalborjt.com\/wp-content\/uploads\/2026\/01\/6111259373785.jpg","datePublished":"2026-01-03T17:42:55+00:00","dateModified":"2026-01-03T19:15:34+00:00","breadcrumb":{"@id":"https:\/\/paragaleriedetalborjt.com\/boutique\/naturesoin-creme-depilatoire-a-lhuile-damandes-douces-50-ml\/#breadcrumb"},"inLanguage":"en-US","potentialAction":[{"@type":"ReadAction","target":["https:\/\/paragaleriedetalborjt.com\/boutique\/naturesoin-creme-depilatoire-a-lhuile-damandes-douces-50-ml\/"]}]},{"@type":"ImageObject","inLanguage":"en-US","@id":"https:\/\/paragaleriedetalborjt.com\/boutique\/naturesoin-creme-depilatoire-a-lhuile-damandes-douces-50-ml\/#primaryimage","url":"https:\/\/paragaleriedetalborjt.com\/wp-content\/uploads\/2026\/01\/6111259373785.jpg","contentUrl":"https:\/\/paragaleriedetalborjt.com\/wp-content\/uploads\/2026\/01\/6111259373785.jpg","width":595,"height":655},{"@type":"BreadcrumbList","@id":"https:\/\/paragaleriedetalborjt.com\/boutique\/naturesoin-creme-depilatoire-a-lhuile-damandes-douces-50-ml\/#breadcrumb","itemListElement":[{"@type":"ListItem","position":1,"name":"Accueil","item":"https:\/\/paragaleriedetalborjt.com\/"},{"@type":"ListItem","position":2,"name":"Boutique","item":"https:\/\/paragaleriedetalborjt.com\/boutique\/"},{"@type":"ListItem","position":3,"name":"NaturEsoin Cr\u00e8me D\u00e9pilatoire \u00e0 l\u2019Huile d\u2019Amandes Douces \u2013 50 ml"}]},{"@type":"WebSite","@id":"https:\/\/paragaleriedetalborjt.com\/#website","url":"https:\/\/paragaleriedetalborjt.com\/","name":"paragaleriedetalborjt","description":"","potentialAction":[{"@type":"SearchAction","target":{"@type":"EntryPoint","urlTemplate":"https:\/\/paragaleriedetalborjt.com\/?s={search_term_string}"},"query-input":{"@type":"PropertyValueSpecification","valueRequired":true,"valueName":"search_term_string"}}],"inLanguage":"en-US"}]}},"brands":[{"id":1585,"name":"NATURESOIN","slug":"naturesoin"}],"_links":{"self":[{"href":"https:\/\/paragaleriedetalborjt.com\/en\/wp-json\/wp\/v2\/product\/38851","targetHints":{"allow":["GET"]}}],"collection":[{"href":"https:\/\/paragaleriedetalborjt.com\/en\/wp-json\/wp\/v2\/product"}],"about":[{"href":"https:\/\/paragaleriedetalborjt.com\/en\/wp-json\/wp\/v2\/types\/product"}],"replies":[{"embeddable":true,"href":"https:\/\/paragaleriedetalborjt.com\/en\/wp-json\/wp\/v2\/comments?post=38851"}],"version-history":[{"count":1,"href":"https:\/\/paragaleriedetalborjt.com\/en\/wp-json\/wp\/v2\/product\/38851\/revisions"}],"predecessor-version":[{"id":38853,"href":"https:\/\/paragaleriedetalborjt.com\/en\/wp-json\/wp\/v2\/product\/38851\/revisions\/38853"}],"wp:featuredmedia":[{"embeddable":true,"href":"https:\/\/paragaleriedetalborjt.com\/en\/wp-json\/wp\/v2\/media\/38852"}],"wp:attachment":[{"href":"https:\/\/paragaleriedetalborjt.com\/en\/wp-json\/wp\/v2\/media?parent=38851"}],"wp:term":[{"taxonomy":"pwb-brand","embeddable":true,"href":"https:\/\/paragaleriedetalborjt.com\/en\/wp-json\/wp\/v2\/pwb-brand?post=38851"},{"taxonomy":"product_cat","embeddable":true,"href":"https:\/\/paragaleriedetalborjt.com\/en\/wp-json\/wp\/v2\/product_cat?post=38851"},{"taxonomy":"product_tag","embeddable":true,"href":"https:\/\/paragaleriedetalborjt.com\/en\/wp-json\/wp\/v2\/product_tag?post=38851"}],"curies":[{"name":"wp","href":"https:\/\/api.w.org\/{rel}","templated":true}]}}