{"id":38833,"date":"2026-01-03T18:42:20","date_gmt":"2026-01-03T17:42:20","guid":{"rendered":"https:\/\/paragaleriedetalborjt.com\/?post_type=product&#038;p=38833"},"modified":"2026-01-03T20:15:32","modified_gmt":"2026-01-03T19:15:32","slug":"revox-just-centella-asiatica-100","status":"publish","type":"product","link":"https:\/\/paragaleriedetalborjt.com\/en\/boutique\/revox-just-centella-asiatica-100\/","title":{"rendered":"REVOX JUST Centella Asiatica 100%"},"content":{"rendered":"<div aria-labelledby=\"tab-title-description\" class=\"woocommerce-Tabs-panel woocommerce-Tabs-panel--description panel entry-content wc-tab\" id=\"tab-description\" role=\"tabpanel\" style=\"\">\n<h2>Description<\/h2>\n<p class=\"p1\">Des facteurs externes agressifs peuvent irriter la peau et donc l\u2019endommager. L\u2019extrait de Centella Asiatica est une puissante source de substances bioactives et d\u2019acides amin\u00e9s qui aident \u00e0 reconstituer, calmer et hydrater la peau. La Centella Asiatica a des effets apaisants qui aident les peaux sensibles \u00e0 r\u00e9cup\u00e9rer et \u00e0 para\u00eetre plus saines et plus lisses. Aussi connu sous le nom de CICA ou Tiger Grass, il a \u00e9t\u00e9 utilis\u00e9 dans l\u2019histoire pour ses propri\u00e9t\u00e9s curatives et traitantes, ce qui a valu \u00e0 l\u2019ingr\u00e9dient une vaste reconnaissance au-del\u00e0 de l\u2019Asie, o\u00f9 il est originaire. Cet extrait a une puissante action antioxydante, prot\u00e9geant la peau des radicaux libres et renfor\u00e7ant la fonction barri\u00e8re \u00e9pidermique. La solution aide la peau \u00e0 conserver son hydratation et am\u00e9liore son apparence g\u00e9n\u00e9rale.<\/p>\n<p class=\"p1\"><img class=\"lazyloaded\" data-image=\"9er78ad40c2w\" data-src=\"https:\/\/cdn.shopify.com\/s\/files\/1\/0430\/1471\/7602\/files\/vegan_9a3e4c2a-7b92-4aa7-bace-9457daad57a1_100x100.png?v=1631866474\" decoding=\"async\" height=\"30\" src=\"https:\/\/cdn.shopify.com\/s\/files\/1\/0430\/1471\/7602\/files\/vegan_9a3e4c2a-7b92-4aa7-bace-9457daad57a1_100x100.png?v=1631866474\" width=\"47\"\/><\/p>\n<p class=\"p1\">Ce produit cible les peaux s\u00e8ches, acn\u00e9iques et sujettes aux rougeurs.<b><\/b><\/p>\n<p>Combinez avec:\u00a0REVOX B77 JUST Collagen Amino Acids + HA, REVOX B77 JUST Hyaluronic Acid 5% et REVOX B77 JUST Niacinamide 10% dans le cadre de votre routine beaut\u00e9, pour r\u00e9g\u00e9n\u00e9rer et lisser votre peau.<b><\/b>\u00a0Mode d\u2019emploi:\u00a0Appliquer 4 \u00e0 5 gouttes matin et\/ou soir sur une peau propre et s\u00e8che. Massez doucement jusqu\u2019\u00e0 absorption compl\u00e8te. Attendez qu\u2019il s\u00e8che avant d\u2019appliquer le produit suivant.<b><\/b>\u00a0Attention:\u00a0Une intol\u00e9rance individuelle au produit est possible. Avant la premi\u00e8re application, il est recommand\u00e9 d\u2019effectuer un test de sensibilit\u00e9. En cas d\u2019inconfort, cesser d\u2019utiliser le produit.<b><\/b>\u00a0Ingr\u00e9dients:\u00a0Water \/ Aqua, Centella Asiatica Leaf Extract, Citric Acid, Sodium Benzoate, Potassium Sorbate.<\/p>\n<\/div>","protected":false},"excerpt":{"rendered":"<p>Highlights:REVOX B77 JUST CENTELLA ASIATICA 100%est une solution apaisante pour le visage qui aide \u00e0 r\u00e9g\u00e9n\u00e9rer la peau et \u00e0 restaurer son \u00e9quilibre naturel et son hydratation.<\/p>","protected":false},"featured_media":38834,"comment_status":"open","ping_status":"closed","template":"","meta":[],"pwb-brand":[1574],"product_cat":[16],"product_tag":[],"class_list":{"0":"post-38833","1":"product","2":"type-product","3":"status-publish","4":"has-post-thumbnail","6":"pwb-brand-revox","7":"product_cat-non-classe","8":"pa_brands-revox","10":"first","11":"instock","12":"sale","13":"shipping-taxable","14":"purchasable","15":"product-type-simple"},"yoast_head":"<!-- This site is optimized with the Yoast SEO plugin v26.9 - https:\/\/yoast.com\/product\/yoast-seo-wordpress\/ -->\n<title>REVOX JUST Centella Asiatica 100% - paragaleriedetalborjt<\/title>\n<meta name=\"robots\" content=\"index, follow, max-snippet:-1, max-image-preview:large, max-video-preview:-1\" \/>\n<link rel=\"canonical\" href=\"https:\/\/paragaleriedetalborjt.com\/en\/boutique\/revox-just-centella-asiatica-100\/\" \/>\n<meta property=\"og:locale\" content=\"en_US\" \/>\n<meta property=\"og:type\" content=\"article\" \/>\n<meta property=\"og:title\" content=\"REVOX JUST Centella Asiatica 100% - paragaleriedetalborjt\" \/>\n<meta property=\"og:description\" content=\"Highlights:REVOX B77 JUST CENTELLA ASIATICA 100%est une solution apaisante pour le visage qui aide \u00e0 r\u00e9g\u00e9n\u00e9rer la peau et \u00e0 restaurer son \u00e9quilibre naturel et son hydratation.\" \/>\n<meta property=\"og:url\" content=\"https:\/\/paragaleriedetalborjt.com\/en\/boutique\/revox-just-centella-asiatica-100\/\" \/>\n<meta property=\"og:site_name\" content=\"paragaleriedetalborjt\" \/>\n<meta property=\"article:modified_time\" content=\"2026-01-03T19:15:32+00:00\" \/>\n<meta property=\"og:image\" content=\"https:\/\/paragaleriedetalborjt.com\/wp-content\/uploads\/2026\/01\/JUST-Centella-Asiatica-100-600x600-1.png\" \/>\n\t<meta property=\"og:image:width\" content=\"600\" \/>\n\t<meta property=\"og:image:height\" content=\"600\" \/>\n\t<meta property=\"og:image:type\" content=\"image\/png\" \/>\n<meta name=\"twitter:card\" content=\"summary_large_image\" \/>\n<meta name=\"twitter:label1\" content=\"Est. reading time\" \/>\n\t<meta name=\"twitter:data1\" content=\"1 minute\" \/>\n<script type=\"application\/ld+json\" class=\"yoast-schema-graph\">{\"@context\":\"https:\/\/schema.org\",\"@graph\":[{\"@type\":\"WebPage\",\"@id\":\"https:\/\/paragaleriedetalborjt.com\/boutique\/revox-just-centella-asiatica-100\/\",\"url\":\"https:\/\/paragaleriedetalborjt.com\/boutique\/revox-just-centella-asiatica-100\/\",\"name\":\"REVOX JUST Centella Asiatica 100% - paragaleriedetalborjt\",\"isPartOf\":{\"@id\":\"https:\/\/paragaleriedetalborjt.com\/#website\"},\"primaryImageOfPage\":{\"@id\":\"https:\/\/paragaleriedetalborjt.com\/boutique\/revox-just-centella-asiatica-100\/#primaryimage\"},\"image\":{\"@id\":\"https:\/\/paragaleriedetalborjt.com\/boutique\/revox-just-centella-asiatica-100\/#primaryimage\"},\"thumbnailUrl\":\"https:\/\/paragaleriedetalborjt.com\/wp-content\/uploads\/2026\/01\/JUST-Centella-Asiatica-100-600x600-1.png\",\"datePublished\":\"2026-01-03T17:42:20+00:00\",\"dateModified\":\"2026-01-03T19:15:32+00:00\",\"breadcrumb\":{\"@id\":\"https:\/\/paragaleriedetalborjt.com\/boutique\/revox-just-centella-asiatica-100\/#breadcrumb\"},\"inLanguage\":\"en-US\",\"potentialAction\":[{\"@type\":\"ReadAction\",\"target\":[\"https:\/\/paragaleriedetalborjt.com\/boutique\/revox-just-centella-asiatica-100\/\"]}]},{\"@type\":\"ImageObject\",\"inLanguage\":\"en-US\",\"@id\":\"https:\/\/paragaleriedetalborjt.com\/boutique\/revox-just-centella-asiatica-100\/#primaryimage\",\"url\":\"https:\/\/paragaleriedetalborjt.com\/wp-content\/uploads\/2026\/01\/JUST-Centella-Asiatica-100-600x600-1.png\",\"contentUrl\":\"https:\/\/paragaleriedetalborjt.com\/wp-content\/uploads\/2026\/01\/JUST-Centella-Asiatica-100-600x600-1.png\",\"width\":600,\"height\":600},{\"@type\":\"BreadcrumbList\",\"@id\":\"https:\/\/paragaleriedetalborjt.com\/boutique\/revox-just-centella-asiatica-100\/#breadcrumb\",\"itemListElement\":[{\"@type\":\"ListItem\",\"position\":1,\"name\":\"Accueil\",\"item\":\"https:\/\/paragaleriedetalborjt.com\/\"},{\"@type\":\"ListItem\",\"position\":2,\"name\":\"Boutique\",\"item\":\"https:\/\/paragaleriedetalborjt.com\/boutique\/\"},{\"@type\":\"ListItem\",\"position\":3,\"name\":\"REVOX JUST Centella Asiatica 100%\"}]},{\"@type\":\"WebSite\",\"@id\":\"https:\/\/paragaleriedetalborjt.com\/#website\",\"url\":\"https:\/\/paragaleriedetalborjt.com\/\",\"name\":\"paragaleriedetalborjt\",\"description\":\"\",\"potentialAction\":[{\"@type\":\"SearchAction\",\"target\":{\"@type\":\"EntryPoint\",\"urlTemplate\":\"https:\/\/paragaleriedetalborjt.com\/?s={search_term_string}\"},\"query-input\":{\"@type\":\"PropertyValueSpecification\",\"valueRequired\":true,\"valueName\":\"search_term_string\"}}],\"inLanguage\":\"en-US\"}]}<\/script>\n<!-- \/ Yoast SEO plugin. -->","yoast_head_json":{"title":"REVOX JUST Centella Asiatica 100% - paragaleriedetalborjt","robots":{"index":"index","follow":"follow","max-snippet":"max-snippet:-1","max-image-preview":"max-image-preview:large","max-video-preview":"max-video-preview:-1"},"canonical":"https:\/\/paragaleriedetalborjt.com\/en\/boutique\/revox-just-centella-asiatica-100\/","og_locale":"en_US","og_type":"article","og_title":"REVOX JUST Centella Asiatica 100% - paragaleriedetalborjt","og_description":"Highlights:REVOX B77 JUST CENTELLA ASIATICA 100%est une solution apaisante pour le visage qui aide \u00e0 r\u00e9g\u00e9n\u00e9rer la peau et \u00e0 restaurer son \u00e9quilibre naturel et son hydratation.","og_url":"https:\/\/paragaleriedetalborjt.com\/en\/boutique\/revox-just-centella-asiatica-100\/","og_site_name":"paragaleriedetalborjt","article_modified_time":"2026-01-03T19:15:32+00:00","og_image":[{"width":600,"height":600,"url":"https:\/\/paragaleriedetalborjt.com\/wp-content\/uploads\/2026\/01\/JUST-Centella-Asiatica-100-600x600-1.png","type":"image\/png"}],"twitter_card":"summary_large_image","twitter_misc":{"Est. reading time":"1 minute"},"schema":{"@context":"https:\/\/schema.org","@graph":[{"@type":"WebPage","@id":"https:\/\/paragaleriedetalborjt.com\/boutique\/revox-just-centella-asiatica-100\/","url":"https:\/\/paragaleriedetalborjt.com\/boutique\/revox-just-centella-asiatica-100\/","name":"REVOX JUST Centella Asiatica 100% - paragaleriedetalborjt","isPartOf":{"@id":"https:\/\/paragaleriedetalborjt.com\/#website"},"primaryImageOfPage":{"@id":"https:\/\/paragaleriedetalborjt.com\/boutique\/revox-just-centella-asiatica-100\/#primaryimage"},"image":{"@id":"https:\/\/paragaleriedetalborjt.com\/boutique\/revox-just-centella-asiatica-100\/#primaryimage"},"thumbnailUrl":"https:\/\/paragaleriedetalborjt.com\/wp-content\/uploads\/2026\/01\/JUST-Centella-Asiatica-100-600x600-1.png","datePublished":"2026-01-03T17:42:20+00:00","dateModified":"2026-01-03T19:15:32+00:00","breadcrumb":{"@id":"https:\/\/paragaleriedetalborjt.com\/boutique\/revox-just-centella-asiatica-100\/#breadcrumb"},"inLanguage":"en-US","potentialAction":[{"@type":"ReadAction","target":["https:\/\/paragaleriedetalborjt.com\/boutique\/revox-just-centella-asiatica-100\/"]}]},{"@type":"ImageObject","inLanguage":"en-US","@id":"https:\/\/paragaleriedetalborjt.com\/boutique\/revox-just-centella-asiatica-100\/#primaryimage","url":"https:\/\/paragaleriedetalborjt.com\/wp-content\/uploads\/2026\/01\/JUST-Centella-Asiatica-100-600x600-1.png","contentUrl":"https:\/\/paragaleriedetalborjt.com\/wp-content\/uploads\/2026\/01\/JUST-Centella-Asiatica-100-600x600-1.png","width":600,"height":600},{"@type":"BreadcrumbList","@id":"https:\/\/paragaleriedetalborjt.com\/boutique\/revox-just-centella-asiatica-100\/#breadcrumb","itemListElement":[{"@type":"ListItem","position":1,"name":"Accueil","item":"https:\/\/paragaleriedetalborjt.com\/"},{"@type":"ListItem","position":2,"name":"Boutique","item":"https:\/\/paragaleriedetalborjt.com\/boutique\/"},{"@type":"ListItem","position":3,"name":"REVOX JUST Centella Asiatica 100%"}]},{"@type":"WebSite","@id":"https:\/\/paragaleriedetalborjt.com\/#website","url":"https:\/\/paragaleriedetalborjt.com\/","name":"paragaleriedetalborjt","description":"","potentialAction":[{"@type":"SearchAction","target":{"@type":"EntryPoint","urlTemplate":"https:\/\/paragaleriedetalborjt.com\/?s={search_term_string}"},"query-input":{"@type":"PropertyValueSpecification","valueRequired":true,"valueName":"search_term_string"}}],"inLanguage":"en-US"}]}},"brands":[{"id":1574,"name":"REVOX","slug":"revox"}],"_links":{"self":[{"href":"https:\/\/paragaleriedetalborjt.com\/en\/wp-json\/wp\/v2\/product\/38833","targetHints":{"allow":["GET"]}}],"collection":[{"href":"https:\/\/paragaleriedetalborjt.com\/en\/wp-json\/wp\/v2\/product"}],"about":[{"href":"https:\/\/paragaleriedetalborjt.com\/en\/wp-json\/wp\/v2\/types\/product"}],"replies":[{"embeddable":true,"href":"https:\/\/paragaleriedetalborjt.com\/en\/wp-json\/wp\/v2\/comments?post=38833"}],"version-history":[{"count":1,"href":"https:\/\/paragaleriedetalborjt.com\/en\/wp-json\/wp\/v2\/product\/38833\/revisions"}],"predecessor-version":[{"id":38835,"href":"https:\/\/paragaleriedetalborjt.com\/en\/wp-json\/wp\/v2\/product\/38833\/revisions\/38835"}],"wp:featuredmedia":[{"embeddable":true,"href":"https:\/\/paragaleriedetalborjt.com\/en\/wp-json\/wp\/v2\/media\/38834"}],"wp:attachment":[{"href":"https:\/\/paragaleriedetalborjt.com\/en\/wp-json\/wp\/v2\/media?parent=38833"}],"wp:term":[{"taxonomy":"pwb-brand","embeddable":true,"href":"https:\/\/paragaleriedetalborjt.com\/en\/wp-json\/wp\/v2\/pwb-brand?post=38833"},{"taxonomy":"product_cat","embeddable":true,"href":"https:\/\/paragaleriedetalborjt.com\/en\/wp-json\/wp\/v2\/product_cat?post=38833"},{"taxonomy":"product_tag","embeddable":true,"href":"https:\/\/paragaleriedetalborjt.com\/en\/wp-json\/wp\/v2\/product_tag?post=38833"}],"curies":[{"name":"wp","href":"https:\/\/api.w.org\/{rel}","templated":true}]}}