{"id":38818,"date":"2026-01-03T18:41:53","date_gmt":"2026-01-03T17:41:53","guid":{"rendered":"https:\/\/paragaleriedetalborjt.com\/?post_type=product&#038;p=38818"},"modified":"2026-01-03T20:15:31","modified_gmt":"2026-01-03T19:15:31","slug":"manix-gel-pure-80ml","status":"publish","type":"product","link":"https:\/\/paragaleriedetalborjt.com\/en\/boutique\/manix-gel-pure-80ml\/","title":{"rendered":"Manix Gel Pure \u2013 80ml"},"content":{"rendered":"<div aria-labelledby=\"tab-title-description\" class=\"woocommerce-Tabs-panel woocommerce-Tabs-panel--description panel entry-content wc-tab\" id=\"tab-description\" role=\"tabpanel\" style=\"\">\n<h2>Description<\/h2>\n<p>PURE \u2122 est un gel \u00e0 haut pouvoir lubrifiant dont la formulation offre une douceur extr\u00eame pour un maximum de plaisir \u00e0 deux.<\/p>\n<p>Informations de s\u00e9curit\u00e9<br \/>\nConserver \u00e0 temp\u00e9rature ambiante. Utiliser dans les 6 mois apr\u00e8s ouverture. Si vous ou votre partenaire constatez une irritation, cessez l\u2019utilisation de ce produit et consultez un m\u00e9decin. Tenir hors de port\u00e9e des enfants.<\/p>\n<p>Ingr\u00e9dients<br \/>\n\u00e0 base d\u2019eau, glycerine<\/p>\n<p>Conseils d\u2019utilisation<br \/>\nD\u00e9vissez le capuchon et retirez l\u2019opercule. Pour ouvrir, soulevez le capuchon. Pour un usage intime ou externe, appliquez une dose de gel sur la surface \u00e0 lubrifier. Ce produit n\u2019est pas un contraceptif et ne contient pas de spermicide. Compatible avec les pr\u00e9servatifs en polyisopr\u00e8ne, ceux en latex de caoutchouc naturel ainsi que ceux en polyur\u00e9thane.<\/p>\n<p>Formule adapt\u00e9e au soulagement temporaire de la s\u00e9cheresse vaginale.<br \/>\nDouceur extr\u00eame<br \/>\nSans ar\u00f4me ajout\u00e9<br \/>\nA base d\u2019eau, non gras<br \/>\nNe tache pas<\/p>\n<\/div>","protected":false},"excerpt":{"rendered":"<p>Highlights:PURE \u2122 est un gel \u00e0 base d\u2019eau \u00e0 haut pouvoir lubrifiant dont la formulation offre une douceur extr\u00eame pour un maximum de plaisir \u00e0 deux.<\/p>","protected":false},"featured_media":38819,"comment_status":"open","ping_status":"closed","template":"","meta":[],"pwb-brand":[1630],"product_cat":[16],"product_tag":[],"class_list":{"0":"post-38818","1":"product","2":"type-product","3":"status-publish","4":"has-post-thumbnail","6":"pwb-brand-manix","7":"product_cat-non-classe","8":"pa_brands-manix","10":"first","11":"instock","12":"sale","13":"shipping-taxable","14":"purchasable","15":"product-type-simple"},"yoast_head":"<!-- This site is optimized with the Yoast SEO plugin v26.9 - https:\/\/yoast.com\/product\/yoast-seo-wordpress\/ -->\n<title>Manix Gel Pure \u2013 80ml - paragaleriedetalborjt<\/title>\n<meta name=\"robots\" content=\"index, follow, max-snippet:-1, max-image-preview:large, max-video-preview:-1\" \/>\n<link rel=\"canonical\" href=\"https:\/\/paragaleriedetalborjt.com\/en\/boutique\/manix-gel-pure-80ml\/\" \/>\n<meta property=\"og:locale\" content=\"en_US\" \/>\n<meta property=\"og:type\" content=\"article\" \/>\n<meta property=\"og:title\" content=\"Manix Gel Pure \u2013 80ml - paragaleriedetalborjt\" \/>\n<meta property=\"og:description\" content=\"Highlights:PURE \u2122 est un gel \u00e0 base d\u2019eau \u00e0 haut pouvoir lubrifiant dont la formulation offre une douceur extr\u00eame pour un maximum de plaisir \u00e0 deux.\" \/>\n<meta property=\"og:url\" content=\"https:\/\/paragaleriedetalborjt.com\/en\/boutique\/manix-gel-pure-80ml\/\" \/>\n<meta property=\"og:site_name\" content=\"paragaleriedetalborjt\" \/>\n<meta property=\"article:modified_time\" content=\"2026-01-03T19:15:31+00:00\" \/>\n<meta property=\"og:image\" content=\"https:\/\/paragaleriedetalborjt.com\/wp-content\/uploads\/2026\/01\/Manix-Gel-Pure-80ml-600x600-1.png\" \/>\n\t<meta property=\"og:image:width\" content=\"600\" \/>\n\t<meta property=\"og:image:height\" content=\"600\" \/>\n\t<meta property=\"og:image:type\" content=\"image\/png\" \/>\n<meta name=\"twitter:card\" content=\"summary_large_image\" \/>\n<meta name=\"twitter:label1\" content=\"Est. reading time\" \/>\n\t<meta name=\"twitter:data1\" content=\"1 minute\" \/>\n<script type=\"application\/ld+json\" class=\"yoast-schema-graph\">{\"@context\":\"https:\/\/schema.org\",\"@graph\":[{\"@type\":\"WebPage\",\"@id\":\"https:\/\/paragaleriedetalborjt.com\/boutique\/manix-gel-pure-80ml\/\",\"url\":\"https:\/\/paragaleriedetalborjt.com\/boutique\/manix-gel-pure-80ml\/\",\"name\":\"Manix Gel Pure \u2013 80ml - paragaleriedetalborjt\",\"isPartOf\":{\"@id\":\"https:\/\/paragaleriedetalborjt.com\/#website\"},\"primaryImageOfPage\":{\"@id\":\"https:\/\/paragaleriedetalborjt.com\/boutique\/manix-gel-pure-80ml\/#primaryimage\"},\"image\":{\"@id\":\"https:\/\/paragaleriedetalborjt.com\/boutique\/manix-gel-pure-80ml\/#primaryimage\"},\"thumbnailUrl\":\"https:\/\/paragaleriedetalborjt.com\/wp-content\/uploads\/2026\/01\/Manix-Gel-Pure-80ml-600x600-1.png\",\"datePublished\":\"2026-01-03T17:41:53+00:00\",\"dateModified\":\"2026-01-03T19:15:31+00:00\",\"breadcrumb\":{\"@id\":\"https:\/\/paragaleriedetalborjt.com\/boutique\/manix-gel-pure-80ml\/#breadcrumb\"},\"inLanguage\":\"en-US\",\"potentialAction\":[{\"@type\":\"ReadAction\",\"target\":[\"https:\/\/paragaleriedetalborjt.com\/boutique\/manix-gel-pure-80ml\/\"]}]},{\"@type\":\"ImageObject\",\"inLanguage\":\"en-US\",\"@id\":\"https:\/\/paragaleriedetalborjt.com\/boutique\/manix-gel-pure-80ml\/#primaryimage\",\"url\":\"https:\/\/paragaleriedetalborjt.com\/wp-content\/uploads\/2026\/01\/Manix-Gel-Pure-80ml-600x600-1.png\",\"contentUrl\":\"https:\/\/paragaleriedetalborjt.com\/wp-content\/uploads\/2026\/01\/Manix-Gel-Pure-80ml-600x600-1.png\",\"width\":600,\"height\":600},{\"@type\":\"BreadcrumbList\",\"@id\":\"https:\/\/paragaleriedetalborjt.com\/boutique\/manix-gel-pure-80ml\/#breadcrumb\",\"itemListElement\":[{\"@type\":\"ListItem\",\"position\":1,\"name\":\"Accueil\",\"item\":\"https:\/\/paragaleriedetalborjt.com\/\"},{\"@type\":\"ListItem\",\"position\":2,\"name\":\"Boutique\",\"item\":\"https:\/\/paragaleriedetalborjt.com\/boutique\/\"},{\"@type\":\"ListItem\",\"position\":3,\"name\":\"Manix Gel Pure \u2013 80ml\"}]},{\"@type\":\"WebSite\",\"@id\":\"https:\/\/paragaleriedetalborjt.com\/#website\",\"url\":\"https:\/\/paragaleriedetalborjt.com\/\",\"name\":\"paragaleriedetalborjt\",\"description\":\"\",\"potentialAction\":[{\"@type\":\"SearchAction\",\"target\":{\"@type\":\"EntryPoint\",\"urlTemplate\":\"https:\/\/paragaleriedetalborjt.com\/?s={search_term_string}\"},\"query-input\":{\"@type\":\"PropertyValueSpecification\",\"valueRequired\":true,\"valueName\":\"search_term_string\"}}],\"inLanguage\":\"en-US\"}]}<\/script>\n<!-- \/ Yoast SEO plugin. -->","yoast_head_json":{"title":"Manix Gel Pure \u2013 80ml - paragaleriedetalborjt","robots":{"index":"index","follow":"follow","max-snippet":"max-snippet:-1","max-image-preview":"max-image-preview:large","max-video-preview":"max-video-preview:-1"},"canonical":"https:\/\/paragaleriedetalborjt.com\/en\/boutique\/manix-gel-pure-80ml\/","og_locale":"en_US","og_type":"article","og_title":"Manix Gel Pure \u2013 80ml - paragaleriedetalborjt","og_description":"Highlights:PURE \u2122 est un gel \u00e0 base d\u2019eau \u00e0 haut pouvoir lubrifiant dont la formulation offre une douceur extr\u00eame pour un maximum de plaisir \u00e0 deux.","og_url":"https:\/\/paragaleriedetalborjt.com\/en\/boutique\/manix-gel-pure-80ml\/","og_site_name":"paragaleriedetalborjt","article_modified_time":"2026-01-03T19:15:31+00:00","og_image":[{"width":600,"height":600,"url":"https:\/\/paragaleriedetalborjt.com\/wp-content\/uploads\/2026\/01\/Manix-Gel-Pure-80ml-600x600-1.png","type":"image\/png"}],"twitter_card":"summary_large_image","twitter_misc":{"Est. reading time":"1 minute"},"schema":{"@context":"https:\/\/schema.org","@graph":[{"@type":"WebPage","@id":"https:\/\/paragaleriedetalborjt.com\/boutique\/manix-gel-pure-80ml\/","url":"https:\/\/paragaleriedetalborjt.com\/boutique\/manix-gel-pure-80ml\/","name":"Manix Gel Pure \u2013 80ml - paragaleriedetalborjt","isPartOf":{"@id":"https:\/\/paragaleriedetalborjt.com\/#website"},"primaryImageOfPage":{"@id":"https:\/\/paragaleriedetalborjt.com\/boutique\/manix-gel-pure-80ml\/#primaryimage"},"image":{"@id":"https:\/\/paragaleriedetalborjt.com\/boutique\/manix-gel-pure-80ml\/#primaryimage"},"thumbnailUrl":"https:\/\/paragaleriedetalborjt.com\/wp-content\/uploads\/2026\/01\/Manix-Gel-Pure-80ml-600x600-1.png","datePublished":"2026-01-03T17:41:53+00:00","dateModified":"2026-01-03T19:15:31+00:00","breadcrumb":{"@id":"https:\/\/paragaleriedetalborjt.com\/boutique\/manix-gel-pure-80ml\/#breadcrumb"},"inLanguage":"en-US","potentialAction":[{"@type":"ReadAction","target":["https:\/\/paragaleriedetalborjt.com\/boutique\/manix-gel-pure-80ml\/"]}]},{"@type":"ImageObject","inLanguage":"en-US","@id":"https:\/\/paragaleriedetalborjt.com\/boutique\/manix-gel-pure-80ml\/#primaryimage","url":"https:\/\/paragaleriedetalborjt.com\/wp-content\/uploads\/2026\/01\/Manix-Gel-Pure-80ml-600x600-1.png","contentUrl":"https:\/\/paragaleriedetalborjt.com\/wp-content\/uploads\/2026\/01\/Manix-Gel-Pure-80ml-600x600-1.png","width":600,"height":600},{"@type":"BreadcrumbList","@id":"https:\/\/paragaleriedetalborjt.com\/boutique\/manix-gel-pure-80ml\/#breadcrumb","itemListElement":[{"@type":"ListItem","position":1,"name":"Accueil","item":"https:\/\/paragaleriedetalborjt.com\/"},{"@type":"ListItem","position":2,"name":"Boutique","item":"https:\/\/paragaleriedetalborjt.com\/boutique\/"},{"@type":"ListItem","position":3,"name":"Manix Gel Pure \u2013 80ml"}]},{"@type":"WebSite","@id":"https:\/\/paragaleriedetalborjt.com\/#website","url":"https:\/\/paragaleriedetalborjt.com\/","name":"paragaleriedetalborjt","description":"","potentialAction":[{"@type":"SearchAction","target":{"@type":"EntryPoint","urlTemplate":"https:\/\/paragaleriedetalborjt.com\/?s={search_term_string}"},"query-input":{"@type":"PropertyValueSpecification","valueRequired":true,"valueName":"search_term_string"}}],"inLanguage":"en-US"}]}},"brands":[{"id":1630,"name":"MANIX","slug":"manix"}],"_links":{"self":[{"href":"https:\/\/paragaleriedetalborjt.com\/en\/wp-json\/wp\/v2\/product\/38818","targetHints":{"allow":["GET"]}}],"collection":[{"href":"https:\/\/paragaleriedetalborjt.com\/en\/wp-json\/wp\/v2\/product"}],"about":[{"href":"https:\/\/paragaleriedetalborjt.com\/en\/wp-json\/wp\/v2\/types\/product"}],"replies":[{"embeddable":true,"href":"https:\/\/paragaleriedetalborjt.com\/en\/wp-json\/wp\/v2\/comments?post=38818"}],"version-history":[{"count":1,"href":"https:\/\/paragaleriedetalborjt.com\/en\/wp-json\/wp\/v2\/product\/38818\/revisions"}],"predecessor-version":[{"id":38820,"href":"https:\/\/paragaleriedetalborjt.com\/en\/wp-json\/wp\/v2\/product\/38818\/revisions\/38820"}],"wp:featuredmedia":[{"embeddable":true,"href":"https:\/\/paragaleriedetalborjt.com\/en\/wp-json\/wp\/v2\/media\/38819"}],"wp:attachment":[{"href":"https:\/\/paragaleriedetalborjt.com\/en\/wp-json\/wp\/v2\/media?parent=38818"}],"wp:term":[{"taxonomy":"pwb-brand","embeddable":true,"href":"https:\/\/paragaleriedetalborjt.com\/en\/wp-json\/wp\/v2\/pwb-brand?post=38818"},{"taxonomy":"product_cat","embeddable":true,"href":"https:\/\/paragaleriedetalborjt.com\/en\/wp-json\/wp\/v2\/product_cat?post=38818"},{"taxonomy":"product_tag","embeddable":true,"href":"https:\/\/paragaleriedetalborjt.com\/en\/wp-json\/wp\/v2\/product_tag?post=38818"}],"curies":[{"name":"wp","href":"https:\/\/api.w.org\/{rel}","templated":true}]}}