{"id":38812,"date":"2026-01-03T18:41:44","date_gmt":"2026-01-03T17:41:44","guid":{"rendered":"https:\/\/paragaleriedetalborjt.com\/?post_type=product&#038;p=38812"},"modified":"2026-01-03T20:15:30","modified_gmt":"2026-01-03T19:15:30","slug":"eucerin-hyaluron-filler-yeux-15-ml","status":"publish","type":"product","link":"https:\/\/paragaleriedetalborjt.com\/en\/boutique\/eucerin-hyaluron-filler-yeux-15-ml\/","title":{"rendered":"Eucerin HYALURON FILLER YEUX 15 ML"},"content":{"rendered":"<div aria-labelledby=\"tab-title-description\" class=\"woocommerce-Tabs-panel woocommerce-Tabs-panel--description panel entry-content wc-tab\" id=\"tab-description\" role=\"tabpanel\" style=\"\">\n<h2>Description<\/h2>\n<p><strong>EUCERIN\u00a0Hyaluron-Filler\u00a0 +3x Effect, Contour des Yeux\u00a0SPF15 15ml.<\/strong><br \/>\nLe Contour des Yeux SPF 15 HYALURON-FILLER + 3x EFFECT aide \u00e0 ralentir la baisse de production naturelle d\u2019Acide Hyaluronique de la peau. Sa formule aux triple b\u00e9n\u00e9fice :<br \/>\n1. Comble : la peau est hydrat\u00e9e et les rides combl\u00e9es gr\u00e2ce \u00e0 l\u2019Acide Hyaluronique de haut et bas poids mol\u00e9culaire.<br \/>\n2. Stimule : la production naturelle d\u2019Acide Hyaluronique est stimul\u00e9e gr\u00e2ce la Saponine.<br \/>\n3. Prot\u00e8ge : le taux de d\u00e9gradation de l\u2019Acide Hyaluronique est diminu\u00e9 gr\u00e2ce \u00e0 l\u2019Enoxolone.<br \/>\nLe Contour des Yeux SPF 15 HYALURON-FILLER + 3x EFFECT agit sur les premiers signes de l\u2019\u00e2ge en repulpant m\u00eame les rides les plus profondes dans la zone du contour des yeux, pour une peau \u00e0 l\u2019apparence plus jeune. Il pr\u00e9vient le vieillissement cutan\u00e9 pr\u00e9matur\u00e9 d\u00fb au soleil (photovieillissement) induit par les UV, emp\u00eache les rides de devenir plus profondes et prot\u00e8ge la peau des radicaux libres.<br \/>\n<span style=\"color: #ff0000;\"><strong>COMPOSITIONS &amp; INGR\u00c9DIENTS<\/strong><\/span><br \/>\nLa liste des ingr\u00e9dients peut \u00eatre soumise \u00e0 des variations, nous vous conseillons de toujours v\u00e9rifier la liste figurant sur le produit achet\u00e9.<br \/>\nFormule INCI :\u00a0Synthetic Beeswax, Methylpropanediol, Behenyl Alcohol, Butyl Methoxydibenzoylmethane, Ethylhexyl Triazone, Hydrogenated Coco-Glycerides, Octyldodecanol, Stearyl Alcohol, Hydroxypropyl Starch Phosphate, Bis-Ethylhexyloxyphenol Methoxyphenyl Triazine, Cetyl Palmitate, Distarch Phosphate, Glyceryl Stearate Citrate, Phenylbenzimidazole Sulfonic Acid | Sodium Hyaluronate, Glycine Soja Germ Extract, Glycyrrhetinic Acid, Xanthan Gum, Caprylyl Glycol, Sodium Hydroxide, Ethylhexylglycerin, 1,2-Hexanediol, Trisodium EDTA, Phenoxyethanol.<br \/>\nNe pas conserver \u00e0 plus de 25\u00b0C.<br \/>\n\u00c9vitez le contact avec les yeux.<br \/>\n<strong><span style=\"color: #ff0000;\">CONSEILS D\u2019UTILISATION<\/span><\/strong><br \/>\n\u2013 Appliquez le matin et le soir sur le contour des yeux bien nettoy\u00e9s. \u2013 Massez d\u00e9licatement jusqu\u2019\u00e0 p\u00e9n\u00e9tration du produit. \u2013 Evitez le contact direct avec les yeux.<\/p>\n<\/div>","protected":false},"excerpt":{"rendered":"<p>Highlights:EUCERIN\u00a0Hyaluron-Filler\u00a0 +3x Effect, Contour des Yeux\u00a0SPF15 15ml.Le Contour des Yeux SPF 15 HYALURON-FILLER + 3x EFFECT aide \u00e0 ralentir la baisse de production naturelle d\u2019Acide Hyaluronique de la peau. Sa formule aux triple b\u00e9n\u00e9fice :1. Comble : la peau est hydrat\u00e9e et les rides combl\u00e9es gr\u00e2ce \u00e0 l\u2019Acide Hyaluronique de haut et bas poids mol\u00e9culaire.2. Stimule : la production naturelle d\u2019Acide Hyaluronique est stimul\u00e9e gr\u00e2ce la Saponine.3. Prot\u00e8ge : le taux de d\u00e9gradation de l\u2019Acide Hyaluronique est diminu\u00e9 gr\u00e2ce \u00e0 l\u2019Enoxolone.Le Contour des Yeux SPF 15 HYALURON-FILLER + 3x EFFECT agit sur les premiers signes de l\u2019\u00e2ge en repulpant m\u00eame les rides les plus profondes dans la zone du contour des yeux, pour une peau \u00e0 l\u2019apparence plus jeune. Il pr\u00e9vient le vieillissement cutan\u00e9 pr\u00e9matur\u00e9 d\u00fb au soleil (photovieillissement) induit par les UV, emp\u00eache les rides de devenir plus profondes et prot\u00e8ge la peau des radicaux libres.<\/p>","protected":false},"featured_media":38813,"comment_status":"open","ping_status":"closed","template":"","meta":[],"pwb-brand":[1582],"product_cat":[16],"product_tag":[],"class_list":{"0":"post-38812","1":"product","2":"type-product","3":"status-publish","4":"has-post-thumbnail","6":"pwb-brand-eucerin","7":"product_cat-non-classe","8":"pa_brands-eucerin","10":"first","11":"instock","12":"sale","13":"shipping-taxable","14":"purchasable","15":"product-type-simple"},"yoast_head":"<!-- This site is optimized with the Yoast SEO plugin v27.5 - https:\/\/yoast.com\/product\/yoast-seo-wordpress\/ -->\n<title>Eucerin HYALURON FILLER YEUX 15 ML - paragaleriedetalborjt<\/title>\n<meta name=\"robots\" content=\"index, follow, max-snippet:-1, max-image-preview:large, max-video-preview:-1\" \/>\n<link rel=\"canonical\" href=\"https:\/\/paragaleriedetalborjt.com\/en\/boutique\/eucerin-hyaluron-filler-yeux-15-ml\/\" \/>\n<meta property=\"og:locale\" content=\"en_US\" \/>\n<meta property=\"og:type\" content=\"article\" \/>\n<meta property=\"og:title\" content=\"Eucerin HYALURON FILLER YEUX 15 ML - paragaleriedetalborjt\" \/>\n<meta property=\"og:description\" content=\"Highlights:EUCERIN\u00a0Hyaluron-Filler\u00a0 +3x Effect, Contour des Yeux\u00a0SPF15 15ml.Le Contour des Yeux SPF 15 HYALURON-FILLER + 3x EFFECT aide \u00e0 ralentir la baisse de production naturelle d\u2019Acide Hyaluronique de la peau. Sa formule aux triple b\u00e9n\u00e9fice :1. Comble : la peau est hydrat\u00e9e et les rides combl\u00e9es gr\u00e2ce \u00e0 l\u2019Acide Hyaluronique de haut et bas poids mol\u00e9culaire.2. Stimule : la production naturelle d\u2019Acide Hyaluronique est stimul\u00e9e gr\u00e2ce la Saponine.3. Prot\u00e8ge : le taux de d\u00e9gradation de l\u2019Acide Hyaluronique est diminu\u00e9 gr\u00e2ce \u00e0 l\u2019Enoxolone.Le Contour des Yeux SPF 15 HYALURON-FILLER + 3x EFFECT agit sur les premiers signes de l\u2019\u00e2ge en repulpant m\u00eame les rides les plus profondes dans la zone du contour des yeux, pour une peau \u00e0 l\u2019apparence plus jeune. Il pr\u00e9vient le vieillissement cutan\u00e9 pr\u00e9matur\u00e9 d\u00fb au soleil (photovieillissement) induit par les UV, emp\u00eache les rides de devenir plus profondes et prot\u00e8ge la peau des radicaux libres.\" \/>\n<meta property=\"og:url\" content=\"https:\/\/paragaleriedetalborjt.com\/en\/boutique\/eucerin-hyaluron-filler-yeux-15-ml\/\" \/>\n<meta property=\"og:site_name\" content=\"paragaleriedetalborjt\" \/>\n<meta property=\"article:modified_time\" content=\"2026-01-03T19:15:30+00:00\" \/>\n<meta property=\"og:image\" content=\"https:\/\/paragaleriedetalborjt.com\/wp-content\/uploads\/2026\/01\/1-22-600x600-1.jpg\" \/>\n\t<meta property=\"og:image:width\" content=\"600\" \/>\n\t<meta property=\"og:image:height\" content=\"600\" \/>\n\t<meta property=\"og:image:type\" content=\"image\/jpeg\" \/>\n<meta name=\"twitter:card\" content=\"summary_large_image\" \/>\n<meta name=\"twitter:label1\" content=\"Est. reading time\" \/>\n\t<meta name=\"twitter:data1\" content=\"1 minute\" \/>\n<script type=\"application\/ld+json\" class=\"yoast-schema-graph\">{\"@context\":\"https:\\\/\\\/schema.org\",\"@graph\":[{\"@type\":\"WebPage\",\"@id\":\"https:\\\/\\\/paragaleriedetalborjt.com\\\/boutique\\\/eucerin-hyaluron-filler-yeux-15-ml\\\/\",\"url\":\"https:\\\/\\\/paragaleriedetalborjt.com\\\/boutique\\\/eucerin-hyaluron-filler-yeux-15-ml\\\/\",\"name\":\"Eucerin HYALURON FILLER YEUX 15 ML - paragaleriedetalborjt\",\"isPartOf\":{\"@id\":\"https:\\\/\\\/paragaleriedetalborjt.com\\\/#website\"},\"primaryImageOfPage\":{\"@id\":\"https:\\\/\\\/paragaleriedetalborjt.com\\\/boutique\\\/eucerin-hyaluron-filler-yeux-15-ml\\\/#primaryimage\"},\"image\":{\"@id\":\"https:\\\/\\\/paragaleriedetalborjt.com\\\/boutique\\\/eucerin-hyaluron-filler-yeux-15-ml\\\/#primaryimage\"},\"thumbnailUrl\":\"https:\\\/\\\/paragaleriedetalborjt.com\\\/wp-content\\\/uploads\\\/2026\\\/01\\\/1-22-600x600-1.jpg\",\"datePublished\":\"2026-01-03T17:41:44+00:00\",\"dateModified\":\"2026-01-03T19:15:30+00:00\",\"breadcrumb\":{\"@id\":\"https:\\\/\\\/paragaleriedetalborjt.com\\\/boutique\\\/eucerin-hyaluron-filler-yeux-15-ml\\\/#breadcrumb\"},\"inLanguage\":\"en-US\",\"potentialAction\":[{\"@type\":\"ReadAction\",\"target\":[\"https:\\\/\\\/paragaleriedetalborjt.com\\\/boutique\\\/eucerin-hyaluron-filler-yeux-15-ml\\\/\"]}]},{\"@type\":\"ImageObject\",\"inLanguage\":\"en-US\",\"@id\":\"https:\\\/\\\/paragaleriedetalborjt.com\\\/boutique\\\/eucerin-hyaluron-filler-yeux-15-ml\\\/#primaryimage\",\"url\":\"https:\\\/\\\/paragaleriedetalborjt.com\\\/wp-content\\\/uploads\\\/2026\\\/01\\\/1-22-600x600-1.jpg\",\"contentUrl\":\"https:\\\/\\\/paragaleriedetalborjt.com\\\/wp-content\\\/uploads\\\/2026\\\/01\\\/1-22-600x600-1.jpg\",\"width\":600,\"height\":600},{\"@type\":\"BreadcrumbList\",\"@id\":\"https:\\\/\\\/paragaleriedetalborjt.com\\\/boutique\\\/eucerin-hyaluron-filler-yeux-15-ml\\\/#breadcrumb\",\"itemListElement\":[{\"@type\":\"ListItem\",\"position\":1,\"name\":\"Accueil\",\"item\":\"https:\\\/\\\/paragaleriedetalborjt.com\\\/\"},{\"@type\":\"ListItem\",\"position\":2,\"name\":\"Boutique\",\"item\":\"https:\\\/\\\/paragaleriedetalborjt.com\\\/boutique\\\/\"},{\"@type\":\"ListItem\",\"position\":3,\"name\":\"Eucerin HYALURON FILLER YEUX 15 ML\"}]},{\"@type\":\"WebSite\",\"@id\":\"https:\\\/\\\/paragaleriedetalborjt.com\\\/#website\",\"url\":\"https:\\\/\\\/paragaleriedetalborjt.com\\\/\",\"name\":\"paragaleriedetalborjt\",\"description\":\"\",\"potentialAction\":[{\"@type\":\"SearchAction\",\"target\":{\"@type\":\"EntryPoint\",\"urlTemplate\":\"https:\\\/\\\/paragaleriedetalborjt.com\\\/?s={search_term_string}\"},\"query-input\":{\"@type\":\"PropertyValueSpecification\",\"valueRequired\":true,\"valueName\":\"search_term_string\"}}],\"inLanguage\":\"en-US\"}]}<\/script>\n<!-- \/ Yoast SEO plugin. -->","yoast_head_json":{"title":"Eucerin HYALURON FILLER YEUX 15 ML - paragaleriedetalborjt","robots":{"index":"index","follow":"follow","max-snippet":"max-snippet:-1","max-image-preview":"max-image-preview:large","max-video-preview":"max-video-preview:-1"},"canonical":"https:\/\/paragaleriedetalborjt.com\/en\/boutique\/eucerin-hyaluron-filler-yeux-15-ml\/","og_locale":"en_US","og_type":"article","og_title":"Eucerin HYALURON FILLER YEUX 15 ML - paragaleriedetalborjt","og_description":"Highlights:EUCERIN\u00a0Hyaluron-Filler\u00a0 +3x Effect, Contour des Yeux\u00a0SPF15 15ml.Le Contour des Yeux SPF 15 HYALURON-FILLER + 3x EFFECT aide \u00e0 ralentir la baisse de production naturelle d\u2019Acide Hyaluronique de la peau. Sa formule aux triple b\u00e9n\u00e9fice :1. Comble : la peau est hydrat\u00e9e et les rides combl\u00e9es gr\u00e2ce \u00e0 l\u2019Acide Hyaluronique de haut et bas poids mol\u00e9culaire.2. Stimule : la production naturelle d\u2019Acide Hyaluronique est stimul\u00e9e gr\u00e2ce la Saponine.3. Prot\u00e8ge : le taux de d\u00e9gradation de l\u2019Acide Hyaluronique est diminu\u00e9 gr\u00e2ce \u00e0 l\u2019Enoxolone.Le Contour des Yeux SPF 15 HYALURON-FILLER + 3x EFFECT agit sur les premiers signes de l\u2019\u00e2ge en repulpant m\u00eame les rides les plus profondes dans la zone du contour des yeux, pour une peau \u00e0 l\u2019apparence plus jeune. Il pr\u00e9vient le vieillissement cutan\u00e9 pr\u00e9matur\u00e9 d\u00fb au soleil (photovieillissement) induit par les UV, emp\u00eache les rides de devenir plus profondes et prot\u00e8ge la peau des radicaux libres.","og_url":"https:\/\/paragaleriedetalborjt.com\/en\/boutique\/eucerin-hyaluron-filler-yeux-15-ml\/","og_site_name":"paragaleriedetalborjt","article_modified_time":"2026-01-03T19:15:30+00:00","og_image":[{"width":600,"height":600,"url":"https:\/\/paragaleriedetalborjt.com\/wp-content\/uploads\/2026\/01\/1-22-600x600-1.jpg","type":"image\/jpeg"}],"twitter_card":"summary_large_image","twitter_misc":{"Est. reading time":"1 minute"},"schema":{"@context":"https:\/\/schema.org","@graph":[{"@type":"WebPage","@id":"https:\/\/paragaleriedetalborjt.com\/boutique\/eucerin-hyaluron-filler-yeux-15-ml\/","url":"https:\/\/paragaleriedetalborjt.com\/boutique\/eucerin-hyaluron-filler-yeux-15-ml\/","name":"Eucerin HYALURON FILLER YEUX 15 ML - paragaleriedetalborjt","isPartOf":{"@id":"https:\/\/paragaleriedetalborjt.com\/#website"},"primaryImageOfPage":{"@id":"https:\/\/paragaleriedetalborjt.com\/boutique\/eucerin-hyaluron-filler-yeux-15-ml\/#primaryimage"},"image":{"@id":"https:\/\/paragaleriedetalborjt.com\/boutique\/eucerin-hyaluron-filler-yeux-15-ml\/#primaryimage"},"thumbnailUrl":"https:\/\/paragaleriedetalborjt.com\/wp-content\/uploads\/2026\/01\/1-22-600x600-1.jpg","datePublished":"2026-01-03T17:41:44+00:00","dateModified":"2026-01-03T19:15:30+00:00","breadcrumb":{"@id":"https:\/\/paragaleriedetalborjt.com\/boutique\/eucerin-hyaluron-filler-yeux-15-ml\/#breadcrumb"},"inLanguage":"en-US","potentialAction":[{"@type":"ReadAction","target":["https:\/\/paragaleriedetalborjt.com\/boutique\/eucerin-hyaluron-filler-yeux-15-ml\/"]}]},{"@type":"ImageObject","inLanguage":"en-US","@id":"https:\/\/paragaleriedetalborjt.com\/boutique\/eucerin-hyaluron-filler-yeux-15-ml\/#primaryimage","url":"https:\/\/paragaleriedetalborjt.com\/wp-content\/uploads\/2026\/01\/1-22-600x600-1.jpg","contentUrl":"https:\/\/paragaleriedetalborjt.com\/wp-content\/uploads\/2026\/01\/1-22-600x600-1.jpg","width":600,"height":600},{"@type":"BreadcrumbList","@id":"https:\/\/paragaleriedetalborjt.com\/boutique\/eucerin-hyaluron-filler-yeux-15-ml\/#breadcrumb","itemListElement":[{"@type":"ListItem","position":1,"name":"Accueil","item":"https:\/\/paragaleriedetalborjt.com\/"},{"@type":"ListItem","position":2,"name":"Boutique","item":"https:\/\/paragaleriedetalborjt.com\/boutique\/"},{"@type":"ListItem","position":3,"name":"Eucerin HYALURON FILLER YEUX 15 ML"}]},{"@type":"WebSite","@id":"https:\/\/paragaleriedetalborjt.com\/#website","url":"https:\/\/paragaleriedetalborjt.com\/","name":"paragaleriedetalborjt","description":"","potentialAction":[{"@type":"SearchAction","target":{"@type":"EntryPoint","urlTemplate":"https:\/\/paragaleriedetalborjt.com\/?s={search_term_string}"},"query-input":{"@type":"PropertyValueSpecification","valueRequired":true,"valueName":"search_term_string"}}],"inLanguage":"en-US"}]}},"brands":[{"id":1582,"name":"EUCERIN","slug":"eucerin"}],"_links":{"self":[{"href":"https:\/\/paragaleriedetalborjt.com\/en\/wp-json\/wp\/v2\/product\/38812","targetHints":{"allow":["GET"]}}],"collection":[{"href":"https:\/\/paragaleriedetalborjt.com\/en\/wp-json\/wp\/v2\/product"}],"about":[{"href":"https:\/\/paragaleriedetalborjt.com\/en\/wp-json\/wp\/v2\/types\/product"}],"replies":[{"embeddable":true,"href":"https:\/\/paragaleriedetalborjt.com\/en\/wp-json\/wp\/v2\/comments?post=38812"}],"version-history":[{"count":1,"href":"https:\/\/paragaleriedetalborjt.com\/en\/wp-json\/wp\/v2\/product\/38812\/revisions"}],"predecessor-version":[{"id":38814,"href":"https:\/\/paragaleriedetalborjt.com\/en\/wp-json\/wp\/v2\/product\/38812\/revisions\/38814"}],"wp:featuredmedia":[{"embeddable":true,"href":"https:\/\/paragaleriedetalborjt.com\/en\/wp-json\/wp\/v2\/media\/38813"}],"wp:attachment":[{"href":"https:\/\/paragaleriedetalborjt.com\/en\/wp-json\/wp\/v2\/media?parent=38812"}],"wp:term":[{"taxonomy":"pwb-brand","embeddable":true,"href":"https:\/\/paragaleriedetalborjt.com\/en\/wp-json\/wp\/v2\/pwb-brand?post=38812"},{"taxonomy":"product_cat","embeddable":true,"href":"https:\/\/paragaleriedetalborjt.com\/en\/wp-json\/wp\/v2\/product_cat?post=38812"},{"taxonomy":"product_tag","embeddable":true,"href":"https:\/\/paragaleriedetalborjt.com\/en\/wp-json\/wp\/v2\/product_tag?post=38812"}],"curies":[{"name":"wp","href":"https:\/\/api.w.org\/{rel}","templated":true}]}}