{"id":38788,"date":"2026-01-03T18:40:59","date_gmt":"2026-01-03T17:40:59","guid":{"rendered":"https:\/\/paragaleriedetalborjt.com\/?post_type=product&#038;p=38788"},"modified":"2026-01-03T20:15:28","modified_gmt":"2026-01-03T19:15:28","slug":"manix-massage-gourmand-fraise-200ml","status":"publish","type":"product","link":"https:\/\/paragaleriedetalborjt.com\/en\/boutique\/manix-massage-gourmand-fraise-200ml\/","title":{"rendered":"Manix  Massage Gourmand Fraise  \u2013 200ml"},"content":{"rendered":"<div aria-labelledby=\"tab-title-description\" class=\"woocommerce-Tabs-panel woocommerce-Tabs-panel--description panel entry-content wc-tab\" id=\"tab-description\" role=\"tabpanel\" style=\"\">\n<h2>Description<\/h2>\n<p>Manix gel de massage gourmand cosmetible fraise onctueuse- Compatible avec le pr\u00e9servatifs \u2013 200 ml<br \/>\nLe gel de massage Manix est le partenaire id\u00e9al pour accompagner vos massages corporels. Sa texture d\u2019une onctuosit\u00e9 extr\u00eame facilitera tous vos mouvements et gestes pour un maximum de douceur et de sensualit\u00e9. Le gel de massage Manix peut \u00eatre appliqu\u00e9 sur toutes les parties du corps, m\u00eame les plus intimes. Si vous \u00eates amen\u00e9s \u00e0 go\u00fbter le gel avec votre langue, vous appr\u00e9cierez son parfum subtil et sucr\u00e9.<br \/>\nSa formule non grasse est compatible avec tous le pr\u00e9servatifs. Le gel de massage Manix peut \u00eatre utilis\u00e9 comme lubrifiant intime.<\/p>\n<p>\u2022Comestible<br \/>\n\u2022Parfum fraise onctueuse<br \/>\n\u2022Incolore<br \/>\n\u2022Non gras \/ \u00e0 base d\u2019eau<br \/>\n\u2022Ne colle pas<br \/>\n\u2022Compatible avec les pr\u00e9servatifs<br \/>\n\u2022Test\u00e9 dermatologiquement<br \/>\n\u2022pH neutre<\/p>\n<p>UTILISATION:<\/p>\n<p>Ouvrez le capuchon et pressez le flacon afin de laisser couler un l\u00e9ger filet de gel dans le creux de votre main ou directement sur le corps de votre partenaire. Etaler le gel d\u00e9licatement sur toute la surface \u00e0 masser et laisser agir votre imagination. Bien que ce gel soit comestible, il ne s\u2019agit pas d\u2019un produit alimentaire.<\/p>\n<\/div>","protected":false},"excerpt":{"rendered":"<p>Highlights:Id\u00e9al pour faciliter les massages corporels, le gel de massage gourmand Manix peut \u00eatre appliqu\u00e9 sur toutes les parties du corps les plus intimes.Si vous \u00eates amen\u00e9s \u00e0 gouter le gel avec votre langue, vous appr\u00e9cierez son parfum subtil et sucr\u00e9.<\/p>","protected":false},"featured_media":38789,"comment_status":"open","ping_status":"closed","template":"","meta":[],"pwb-brand":[1630],"product_cat":[16],"product_tag":[],"class_list":{"0":"post-38788","1":"product","2":"type-product","3":"status-publish","4":"has-post-thumbnail","6":"pwb-brand-manix","7":"product_cat-non-classe","8":"pa_brands-manix","10":"first","11":"instock","12":"sale","13":"shipping-taxable","14":"purchasable","15":"product-type-simple"},"yoast_head":"<!-- This site is optimized with the Yoast SEO plugin v26.9 - https:\/\/yoast.com\/product\/yoast-seo-wordpress\/ -->\n<title>Manix Massage Gourmand Fraise \u2013 200ml - paragaleriedetalborjt<\/title>\n<meta name=\"robots\" content=\"index, follow, max-snippet:-1, max-image-preview:large, max-video-preview:-1\" \/>\n<link rel=\"canonical\" href=\"https:\/\/paragaleriedetalborjt.com\/en\/boutique\/manix-massage-gourmand-fraise-200ml\/\" \/>\n<meta property=\"og:locale\" content=\"en_US\" \/>\n<meta property=\"og:type\" content=\"article\" \/>\n<meta property=\"og:title\" content=\"Manix Massage Gourmand Fraise \u2013 200ml - paragaleriedetalborjt\" \/>\n<meta property=\"og:description\" content=\"Highlights:Id\u00e9al pour faciliter les massages corporels, le gel de massage gourmand Manix peut \u00eatre appliqu\u00e9 sur toutes les parties du corps les plus intimes.Si vous \u00eates amen\u00e9s \u00e0 gouter le gel avec votre langue, vous appr\u00e9cierez son parfum subtil et sucr\u00e9.\" \/>\n<meta property=\"og:url\" content=\"https:\/\/paragaleriedetalborjt.com\/en\/boutique\/manix-massage-gourmand-fraise-200ml\/\" \/>\n<meta property=\"og:site_name\" content=\"paragaleriedetalborjt\" \/>\n<meta property=\"article:modified_time\" content=\"2026-01-03T19:15:28+00:00\" \/>\n<meta property=\"og:image\" content=\"https:\/\/paragaleriedetalborjt.com\/wp-content\/uploads\/2026\/01\/Manix-Massage-Gourmand-Fraise-200ml-600x600-1.png\" \/>\n\t<meta property=\"og:image:width\" content=\"600\" \/>\n\t<meta property=\"og:image:height\" content=\"600\" \/>\n\t<meta property=\"og:image:type\" content=\"image\/png\" \/>\n<meta name=\"twitter:card\" content=\"summary_large_image\" \/>\n<meta name=\"twitter:label1\" content=\"Est. reading time\" \/>\n\t<meta name=\"twitter:data1\" content=\"1 minute\" \/>\n<script type=\"application\/ld+json\" class=\"yoast-schema-graph\">{\"@context\":\"https:\/\/schema.org\",\"@graph\":[{\"@type\":\"WebPage\",\"@id\":\"https:\/\/paragaleriedetalborjt.com\/boutique\/manix-massage-gourmand-fraise-200ml\/\",\"url\":\"https:\/\/paragaleriedetalborjt.com\/boutique\/manix-massage-gourmand-fraise-200ml\/\",\"name\":\"Manix Massage Gourmand Fraise \u2013 200ml - paragaleriedetalborjt\",\"isPartOf\":{\"@id\":\"https:\/\/paragaleriedetalborjt.com\/#website\"},\"primaryImageOfPage\":{\"@id\":\"https:\/\/paragaleriedetalborjt.com\/boutique\/manix-massage-gourmand-fraise-200ml\/#primaryimage\"},\"image\":{\"@id\":\"https:\/\/paragaleriedetalborjt.com\/boutique\/manix-massage-gourmand-fraise-200ml\/#primaryimage\"},\"thumbnailUrl\":\"https:\/\/paragaleriedetalborjt.com\/wp-content\/uploads\/2026\/01\/Manix-Massage-Gourmand-Fraise-200ml-600x600-1.png\",\"datePublished\":\"2026-01-03T17:40:59+00:00\",\"dateModified\":\"2026-01-03T19:15:28+00:00\",\"breadcrumb\":{\"@id\":\"https:\/\/paragaleriedetalborjt.com\/boutique\/manix-massage-gourmand-fraise-200ml\/#breadcrumb\"},\"inLanguage\":\"en-US\",\"potentialAction\":[{\"@type\":\"ReadAction\",\"target\":[\"https:\/\/paragaleriedetalborjt.com\/boutique\/manix-massage-gourmand-fraise-200ml\/\"]}]},{\"@type\":\"ImageObject\",\"inLanguage\":\"en-US\",\"@id\":\"https:\/\/paragaleriedetalborjt.com\/boutique\/manix-massage-gourmand-fraise-200ml\/#primaryimage\",\"url\":\"https:\/\/paragaleriedetalborjt.com\/wp-content\/uploads\/2026\/01\/Manix-Massage-Gourmand-Fraise-200ml-600x600-1.png\",\"contentUrl\":\"https:\/\/paragaleriedetalborjt.com\/wp-content\/uploads\/2026\/01\/Manix-Massage-Gourmand-Fraise-200ml-600x600-1.png\",\"width\":600,\"height\":600},{\"@type\":\"BreadcrumbList\",\"@id\":\"https:\/\/paragaleriedetalborjt.com\/boutique\/manix-massage-gourmand-fraise-200ml\/#breadcrumb\",\"itemListElement\":[{\"@type\":\"ListItem\",\"position\":1,\"name\":\"Accueil\",\"item\":\"https:\/\/paragaleriedetalborjt.com\/\"},{\"@type\":\"ListItem\",\"position\":2,\"name\":\"Boutique\",\"item\":\"https:\/\/paragaleriedetalborjt.com\/boutique\/\"},{\"@type\":\"ListItem\",\"position\":3,\"name\":\"Manix Massage Gourmand Fraise \u2013 200ml\"}]},{\"@type\":\"WebSite\",\"@id\":\"https:\/\/paragaleriedetalborjt.com\/#website\",\"url\":\"https:\/\/paragaleriedetalborjt.com\/\",\"name\":\"paragaleriedetalborjt\",\"description\":\"\",\"potentialAction\":[{\"@type\":\"SearchAction\",\"target\":{\"@type\":\"EntryPoint\",\"urlTemplate\":\"https:\/\/paragaleriedetalborjt.com\/?s={search_term_string}\"},\"query-input\":{\"@type\":\"PropertyValueSpecification\",\"valueRequired\":true,\"valueName\":\"search_term_string\"}}],\"inLanguage\":\"en-US\"}]}<\/script>\n<!-- \/ Yoast SEO plugin. -->","yoast_head_json":{"title":"Manix Massage Gourmand Fraise \u2013 200ml - paragaleriedetalborjt","robots":{"index":"index","follow":"follow","max-snippet":"max-snippet:-1","max-image-preview":"max-image-preview:large","max-video-preview":"max-video-preview:-1"},"canonical":"https:\/\/paragaleriedetalborjt.com\/en\/boutique\/manix-massage-gourmand-fraise-200ml\/","og_locale":"en_US","og_type":"article","og_title":"Manix Massage Gourmand Fraise \u2013 200ml - paragaleriedetalborjt","og_description":"Highlights:Id\u00e9al pour faciliter les massages corporels, le gel de massage gourmand Manix peut \u00eatre appliqu\u00e9 sur toutes les parties du corps les plus intimes.Si vous \u00eates amen\u00e9s \u00e0 gouter le gel avec votre langue, vous appr\u00e9cierez son parfum subtil et sucr\u00e9.","og_url":"https:\/\/paragaleriedetalborjt.com\/en\/boutique\/manix-massage-gourmand-fraise-200ml\/","og_site_name":"paragaleriedetalborjt","article_modified_time":"2026-01-03T19:15:28+00:00","og_image":[{"width":600,"height":600,"url":"https:\/\/paragaleriedetalborjt.com\/wp-content\/uploads\/2026\/01\/Manix-Massage-Gourmand-Fraise-200ml-600x600-1.png","type":"image\/png"}],"twitter_card":"summary_large_image","twitter_misc":{"Est. reading time":"1 minute"},"schema":{"@context":"https:\/\/schema.org","@graph":[{"@type":"WebPage","@id":"https:\/\/paragaleriedetalborjt.com\/boutique\/manix-massage-gourmand-fraise-200ml\/","url":"https:\/\/paragaleriedetalborjt.com\/boutique\/manix-massage-gourmand-fraise-200ml\/","name":"Manix Massage Gourmand Fraise \u2013 200ml - paragaleriedetalborjt","isPartOf":{"@id":"https:\/\/paragaleriedetalborjt.com\/#website"},"primaryImageOfPage":{"@id":"https:\/\/paragaleriedetalborjt.com\/boutique\/manix-massage-gourmand-fraise-200ml\/#primaryimage"},"image":{"@id":"https:\/\/paragaleriedetalborjt.com\/boutique\/manix-massage-gourmand-fraise-200ml\/#primaryimage"},"thumbnailUrl":"https:\/\/paragaleriedetalborjt.com\/wp-content\/uploads\/2026\/01\/Manix-Massage-Gourmand-Fraise-200ml-600x600-1.png","datePublished":"2026-01-03T17:40:59+00:00","dateModified":"2026-01-03T19:15:28+00:00","breadcrumb":{"@id":"https:\/\/paragaleriedetalborjt.com\/boutique\/manix-massage-gourmand-fraise-200ml\/#breadcrumb"},"inLanguage":"en-US","potentialAction":[{"@type":"ReadAction","target":["https:\/\/paragaleriedetalborjt.com\/boutique\/manix-massage-gourmand-fraise-200ml\/"]}]},{"@type":"ImageObject","inLanguage":"en-US","@id":"https:\/\/paragaleriedetalborjt.com\/boutique\/manix-massage-gourmand-fraise-200ml\/#primaryimage","url":"https:\/\/paragaleriedetalborjt.com\/wp-content\/uploads\/2026\/01\/Manix-Massage-Gourmand-Fraise-200ml-600x600-1.png","contentUrl":"https:\/\/paragaleriedetalborjt.com\/wp-content\/uploads\/2026\/01\/Manix-Massage-Gourmand-Fraise-200ml-600x600-1.png","width":600,"height":600},{"@type":"BreadcrumbList","@id":"https:\/\/paragaleriedetalborjt.com\/boutique\/manix-massage-gourmand-fraise-200ml\/#breadcrumb","itemListElement":[{"@type":"ListItem","position":1,"name":"Accueil","item":"https:\/\/paragaleriedetalborjt.com\/"},{"@type":"ListItem","position":2,"name":"Boutique","item":"https:\/\/paragaleriedetalborjt.com\/boutique\/"},{"@type":"ListItem","position":3,"name":"Manix Massage Gourmand Fraise \u2013 200ml"}]},{"@type":"WebSite","@id":"https:\/\/paragaleriedetalborjt.com\/#website","url":"https:\/\/paragaleriedetalborjt.com\/","name":"paragaleriedetalborjt","description":"","potentialAction":[{"@type":"SearchAction","target":{"@type":"EntryPoint","urlTemplate":"https:\/\/paragaleriedetalborjt.com\/?s={search_term_string}"},"query-input":{"@type":"PropertyValueSpecification","valueRequired":true,"valueName":"search_term_string"}}],"inLanguage":"en-US"}]}},"brands":[{"id":1630,"name":"MANIX","slug":"manix"}],"_links":{"self":[{"href":"https:\/\/paragaleriedetalborjt.com\/en\/wp-json\/wp\/v2\/product\/38788","targetHints":{"allow":["GET"]}}],"collection":[{"href":"https:\/\/paragaleriedetalborjt.com\/en\/wp-json\/wp\/v2\/product"}],"about":[{"href":"https:\/\/paragaleriedetalborjt.com\/en\/wp-json\/wp\/v2\/types\/product"}],"replies":[{"embeddable":true,"href":"https:\/\/paragaleriedetalborjt.com\/en\/wp-json\/wp\/v2\/comments?post=38788"}],"version-history":[{"count":1,"href":"https:\/\/paragaleriedetalborjt.com\/en\/wp-json\/wp\/v2\/product\/38788\/revisions"}],"predecessor-version":[{"id":38790,"href":"https:\/\/paragaleriedetalborjt.com\/en\/wp-json\/wp\/v2\/product\/38788\/revisions\/38790"}],"wp:featuredmedia":[{"embeddable":true,"href":"https:\/\/paragaleriedetalborjt.com\/en\/wp-json\/wp\/v2\/media\/38789"}],"wp:attachment":[{"href":"https:\/\/paragaleriedetalborjt.com\/en\/wp-json\/wp\/v2\/media?parent=38788"}],"wp:term":[{"taxonomy":"pwb-brand","embeddable":true,"href":"https:\/\/paragaleriedetalborjt.com\/en\/wp-json\/wp\/v2\/pwb-brand?post=38788"},{"taxonomy":"product_cat","embeddable":true,"href":"https:\/\/paragaleriedetalborjt.com\/en\/wp-json\/wp\/v2\/product_cat?post=38788"},{"taxonomy":"product_tag","embeddable":true,"href":"https:\/\/paragaleriedetalborjt.com\/en\/wp-json\/wp\/v2\/product_tag?post=38788"}],"curies":[{"name":"wp","href":"https:\/\/api.w.org\/{rel}","templated":true}]}}