{"id":38758,"date":"2026-01-03T18:40:05","date_gmt":"2026-01-03T17:40:05","guid":{"rendered":"https:\/\/paragaleriedetalborjt.com\/?post_type=product&#038;p=38758"},"modified":"2026-01-03T20:15:26","modified_gmt":"2026-01-03T19:15:26","slug":"dermagor-atopicalm-creme-nourrissante-corps-250-ml","status":"publish","type":"product","link":"https:\/\/paragaleriedetalborjt.com\/en\/boutique\/dermagor-atopicalm-creme-nourrissante-corps-250-ml\/","title":{"rendered":"Dermagor \u2013 Atopicalm Cr\u00e8me nourrissante corps \u2013 250 ml"},"content":{"rendered":"","protected":false},"excerpt":{"rendered":"<p>Highlights:Dermagor Atopicalm Cr\u00e8me Nourrissante Corps 250 ml est une cr\u00e8me nourrissante qui participe \u00e0 la restauration de la barri\u00e8re cutan\u00e9e et am\u00e9liore l\u2019aspect des peaux s\u00e8ches \u00e0 atopiques de toute la famille.<\/p>","protected":false},"featured_media":38759,"comment_status":"open","ping_status":"closed","template":"","meta":[],"pwb-brand":[1650],"product_cat":[16],"product_tag":[],"class_list":{"0":"post-38758","1":"product","2":"type-product","3":"status-publish","4":"has-post-thumbnail","6":"pwb-brand-dermagor","7":"product_cat-non-classe","8":"pa_brands-dermagor","10":"first","11":"instock","12":"sale","13":"shipping-taxable","14":"purchasable","15":"product-type-simple"},"yoast_head":"<!-- This site is optimized with the Yoast SEO plugin v26.9 - https:\/\/yoast.com\/product\/yoast-seo-wordpress\/ -->\n<title>Dermagor \u2013 Atopicalm Cr\u00e8me nourrissante corps \u2013 250 ml - paragaleriedetalborjt<\/title>\n<meta name=\"robots\" content=\"index, follow, max-snippet:-1, max-image-preview:large, max-video-preview:-1\" \/>\n<link rel=\"canonical\" href=\"https:\/\/paragaleriedetalborjt.com\/en\/boutique\/dermagor-atopicalm-creme-nourrissante-corps-250-ml\/\" \/>\n<meta property=\"og:locale\" content=\"en_US\" \/>\n<meta property=\"og:type\" content=\"article\" \/>\n<meta property=\"og:title\" content=\"Dermagor \u2013 Atopicalm Cr\u00e8me nourrissante corps \u2013 250 ml - paragaleriedetalborjt\" \/>\n<meta property=\"og:description\" content=\"Highlights:Dermagor Atopicalm Cr\u00e8me Nourrissante Corps 250 ml est une cr\u00e8me nourrissante qui participe \u00e0 la restauration de la barri\u00e8re cutan\u00e9e et am\u00e9liore l\u2019aspect des peaux s\u00e8ches \u00e0 atopiques de toute la famille.\" \/>\n<meta property=\"og:url\" content=\"https:\/\/paragaleriedetalborjt.com\/en\/boutique\/dermagor-atopicalm-creme-nourrissante-corps-250-ml\/\" \/>\n<meta property=\"og:site_name\" content=\"paragaleriedetalborjt\" \/>\n<meta property=\"article:modified_time\" content=\"2026-01-03T19:15:26+00:00\" \/>\n<meta property=\"og:image\" content=\"https:\/\/paragaleriedetalborjt.com\/wp-content\/uploads\/2026\/01\/3700322548071.jpg\" \/>\n\t<meta property=\"og:image:width\" content=\"595\" \/>\n\t<meta property=\"og:image:height\" content=\"655\" \/>\n\t<meta property=\"og:image:type\" content=\"image\/jpeg\" \/>\n<meta name=\"twitter:card\" content=\"summary_large_image\" \/>\n<script type=\"application\/ld+json\" class=\"yoast-schema-graph\">{\"@context\":\"https:\/\/schema.org\",\"@graph\":[{\"@type\":\"WebPage\",\"@id\":\"https:\/\/paragaleriedetalborjt.com\/boutique\/dermagor-atopicalm-creme-nourrissante-corps-250-ml\/\",\"url\":\"https:\/\/paragaleriedetalborjt.com\/boutique\/dermagor-atopicalm-creme-nourrissante-corps-250-ml\/\",\"name\":\"Dermagor \u2013 Atopicalm Cr\u00e8me nourrissante corps \u2013 250 ml - paragaleriedetalborjt\",\"isPartOf\":{\"@id\":\"https:\/\/paragaleriedetalborjt.com\/#website\"},\"primaryImageOfPage\":{\"@id\":\"https:\/\/paragaleriedetalborjt.com\/boutique\/dermagor-atopicalm-creme-nourrissante-corps-250-ml\/#primaryimage\"},\"image\":{\"@id\":\"https:\/\/paragaleriedetalborjt.com\/boutique\/dermagor-atopicalm-creme-nourrissante-corps-250-ml\/#primaryimage\"},\"thumbnailUrl\":\"https:\/\/paragaleriedetalborjt.com\/wp-content\/uploads\/2026\/01\/3700322548071.jpg\",\"datePublished\":\"2026-01-03T17:40:05+00:00\",\"dateModified\":\"2026-01-03T19:15:26+00:00\",\"breadcrumb\":{\"@id\":\"https:\/\/paragaleriedetalborjt.com\/boutique\/dermagor-atopicalm-creme-nourrissante-corps-250-ml\/#breadcrumb\"},\"inLanguage\":\"en-US\",\"potentialAction\":[{\"@type\":\"ReadAction\",\"target\":[\"https:\/\/paragaleriedetalborjt.com\/boutique\/dermagor-atopicalm-creme-nourrissante-corps-250-ml\/\"]}]},{\"@type\":\"ImageObject\",\"inLanguage\":\"en-US\",\"@id\":\"https:\/\/paragaleriedetalborjt.com\/boutique\/dermagor-atopicalm-creme-nourrissante-corps-250-ml\/#primaryimage\",\"url\":\"https:\/\/paragaleriedetalborjt.com\/wp-content\/uploads\/2026\/01\/3700322548071.jpg\",\"contentUrl\":\"https:\/\/paragaleriedetalborjt.com\/wp-content\/uploads\/2026\/01\/3700322548071.jpg\",\"width\":595,\"height\":655},{\"@type\":\"BreadcrumbList\",\"@id\":\"https:\/\/paragaleriedetalborjt.com\/boutique\/dermagor-atopicalm-creme-nourrissante-corps-250-ml\/#breadcrumb\",\"itemListElement\":[{\"@type\":\"ListItem\",\"position\":1,\"name\":\"Accueil\",\"item\":\"https:\/\/paragaleriedetalborjt.com\/\"},{\"@type\":\"ListItem\",\"position\":2,\"name\":\"Boutique\",\"item\":\"https:\/\/paragaleriedetalborjt.com\/boutique\/\"},{\"@type\":\"ListItem\",\"position\":3,\"name\":\"Dermagor \u2013 Atopicalm Cr\u00e8me nourrissante corps \u2013 250 ml\"}]},{\"@type\":\"WebSite\",\"@id\":\"https:\/\/paragaleriedetalborjt.com\/#website\",\"url\":\"https:\/\/paragaleriedetalborjt.com\/\",\"name\":\"paragaleriedetalborjt\",\"description\":\"\",\"potentialAction\":[{\"@type\":\"SearchAction\",\"target\":{\"@type\":\"EntryPoint\",\"urlTemplate\":\"https:\/\/paragaleriedetalborjt.com\/?s={search_term_string}\"},\"query-input\":{\"@type\":\"PropertyValueSpecification\",\"valueRequired\":true,\"valueName\":\"search_term_string\"}}],\"inLanguage\":\"en-US\"}]}<\/script>\n<!-- \/ Yoast SEO plugin. -->","yoast_head_json":{"title":"Dermagor \u2013 Atopicalm Cr\u00e8me nourrissante corps \u2013 250 ml - paragaleriedetalborjt","robots":{"index":"index","follow":"follow","max-snippet":"max-snippet:-1","max-image-preview":"max-image-preview:large","max-video-preview":"max-video-preview:-1"},"canonical":"https:\/\/paragaleriedetalborjt.com\/en\/boutique\/dermagor-atopicalm-creme-nourrissante-corps-250-ml\/","og_locale":"en_US","og_type":"article","og_title":"Dermagor \u2013 Atopicalm Cr\u00e8me nourrissante corps \u2013 250 ml - paragaleriedetalborjt","og_description":"Highlights:Dermagor Atopicalm Cr\u00e8me Nourrissante Corps 250 ml est une cr\u00e8me nourrissante qui participe \u00e0 la restauration de la barri\u00e8re cutan\u00e9e et am\u00e9liore l\u2019aspect des peaux s\u00e8ches \u00e0 atopiques de toute la famille.","og_url":"https:\/\/paragaleriedetalborjt.com\/en\/boutique\/dermagor-atopicalm-creme-nourrissante-corps-250-ml\/","og_site_name":"paragaleriedetalborjt","article_modified_time":"2026-01-03T19:15:26+00:00","og_image":[{"width":595,"height":655,"url":"https:\/\/paragaleriedetalborjt.com\/wp-content\/uploads\/2026\/01\/3700322548071.jpg","type":"image\/jpeg"}],"twitter_card":"summary_large_image","schema":{"@context":"https:\/\/schema.org","@graph":[{"@type":"WebPage","@id":"https:\/\/paragaleriedetalborjt.com\/boutique\/dermagor-atopicalm-creme-nourrissante-corps-250-ml\/","url":"https:\/\/paragaleriedetalborjt.com\/boutique\/dermagor-atopicalm-creme-nourrissante-corps-250-ml\/","name":"Dermagor \u2013 Atopicalm Cr\u00e8me nourrissante corps \u2013 250 ml - paragaleriedetalborjt","isPartOf":{"@id":"https:\/\/paragaleriedetalborjt.com\/#website"},"primaryImageOfPage":{"@id":"https:\/\/paragaleriedetalborjt.com\/boutique\/dermagor-atopicalm-creme-nourrissante-corps-250-ml\/#primaryimage"},"image":{"@id":"https:\/\/paragaleriedetalborjt.com\/boutique\/dermagor-atopicalm-creme-nourrissante-corps-250-ml\/#primaryimage"},"thumbnailUrl":"https:\/\/paragaleriedetalborjt.com\/wp-content\/uploads\/2026\/01\/3700322548071.jpg","datePublished":"2026-01-03T17:40:05+00:00","dateModified":"2026-01-03T19:15:26+00:00","breadcrumb":{"@id":"https:\/\/paragaleriedetalborjt.com\/boutique\/dermagor-atopicalm-creme-nourrissante-corps-250-ml\/#breadcrumb"},"inLanguage":"en-US","potentialAction":[{"@type":"ReadAction","target":["https:\/\/paragaleriedetalborjt.com\/boutique\/dermagor-atopicalm-creme-nourrissante-corps-250-ml\/"]}]},{"@type":"ImageObject","inLanguage":"en-US","@id":"https:\/\/paragaleriedetalborjt.com\/boutique\/dermagor-atopicalm-creme-nourrissante-corps-250-ml\/#primaryimage","url":"https:\/\/paragaleriedetalborjt.com\/wp-content\/uploads\/2026\/01\/3700322548071.jpg","contentUrl":"https:\/\/paragaleriedetalborjt.com\/wp-content\/uploads\/2026\/01\/3700322548071.jpg","width":595,"height":655},{"@type":"BreadcrumbList","@id":"https:\/\/paragaleriedetalborjt.com\/boutique\/dermagor-atopicalm-creme-nourrissante-corps-250-ml\/#breadcrumb","itemListElement":[{"@type":"ListItem","position":1,"name":"Accueil","item":"https:\/\/paragaleriedetalborjt.com\/"},{"@type":"ListItem","position":2,"name":"Boutique","item":"https:\/\/paragaleriedetalborjt.com\/boutique\/"},{"@type":"ListItem","position":3,"name":"Dermagor \u2013 Atopicalm Cr\u00e8me nourrissante corps \u2013 250 ml"}]},{"@type":"WebSite","@id":"https:\/\/paragaleriedetalborjt.com\/#website","url":"https:\/\/paragaleriedetalborjt.com\/","name":"paragaleriedetalborjt","description":"","potentialAction":[{"@type":"SearchAction","target":{"@type":"EntryPoint","urlTemplate":"https:\/\/paragaleriedetalborjt.com\/?s={search_term_string}"},"query-input":{"@type":"PropertyValueSpecification","valueRequired":true,"valueName":"search_term_string"}}],"inLanguage":"en-US"}]}},"brands":[{"id":1650,"name":"DERMAGOR","slug":"dermagor"}],"_links":{"self":[{"href":"https:\/\/paragaleriedetalborjt.com\/en\/wp-json\/wp\/v2\/product\/38758","targetHints":{"allow":["GET"]}}],"collection":[{"href":"https:\/\/paragaleriedetalborjt.com\/en\/wp-json\/wp\/v2\/product"}],"about":[{"href":"https:\/\/paragaleriedetalborjt.com\/en\/wp-json\/wp\/v2\/types\/product"}],"replies":[{"embeddable":true,"href":"https:\/\/paragaleriedetalborjt.com\/en\/wp-json\/wp\/v2\/comments?post=38758"}],"version-history":[{"count":1,"href":"https:\/\/paragaleriedetalborjt.com\/en\/wp-json\/wp\/v2\/product\/38758\/revisions"}],"predecessor-version":[{"id":38760,"href":"https:\/\/paragaleriedetalborjt.com\/en\/wp-json\/wp\/v2\/product\/38758\/revisions\/38760"}],"wp:featuredmedia":[{"embeddable":true,"href":"https:\/\/paragaleriedetalborjt.com\/en\/wp-json\/wp\/v2\/media\/38759"}],"wp:attachment":[{"href":"https:\/\/paragaleriedetalborjt.com\/en\/wp-json\/wp\/v2\/media?parent=38758"}],"wp:term":[{"taxonomy":"pwb-brand","embeddable":true,"href":"https:\/\/paragaleriedetalborjt.com\/en\/wp-json\/wp\/v2\/pwb-brand?post=38758"},{"taxonomy":"product_cat","embeddable":true,"href":"https:\/\/paragaleriedetalborjt.com\/en\/wp-json\/wp\/v2\/product_cat?post=38758"},{"taxonomy":"product_tag","embeddable":true,"href":"https:\/\/paragaleriedetalborjt.com\/en\/wp-json\/wp\/v2\/product_tag?post=38758"}],"curies":[{"name":"wp","href":"https:\/\/api.w.org\/{rel}","templated":true}]}}