{"id":38710,"date":"2026-01-03T18:38:44","date_gmt":"2026-01-03T17:38:44","guid":{"rendered":"https:\/\/paragaleriedetalborjt.com\/?post_type=product&#038;p=38710"},"modified":"2026-01-03T20:15:22","modified_gmt":"2026-01-03T19:15:22","slug":"klorane-apres-shampoing-a-la-quinine-edelweiss-bio-chute-de-cheveux-cheveux-fatigues","status":"publish","type":"product","link":"https:\/\/paragaleriedetalborjt.com\/en\/boutique\/klorane-apres-shampoing-a-la-quinine-edelweiss-bio-chute-de-cheveux-cheveux-fatigues\/","title":{"rendered":"Klorane \u2013 Apr\u00e8s-shampoing \u00e0 la Quinine &#038; Edelweiss BIO \u2013 Chute de cheveux, cheveux fatigu\u00e9s"},"content":{"rendered":"<div aria-labelledby=\"tab-title-description\" class=\"woocommerce-Tabs-panel woocommerce-Tabs-panel--description panel entry-content wc-tab\" id=\"tab-description\" role=\"tabpanel\" style=\"\">\n<h2>Description<\/h2>\n<p>Cet apr\u00e8s-shampoing d\u00e9m\u00eale et fortifie le cheveu tout lui en procurant force et r\u00e9sistance. Appliqu\u00e9 sur les longueurs et le cuir chevelu, il offre une action revigorante compl\u00e8te gr\u00e2ce aux vertus naturellement fortifiantes et stimulantes de la Quinine. La structure du cheveu est renforc\u00e9e, ils retrouvent \u00e9nergie, douceur et souplesse. L\u2019apr\u00e8s-shampoing s\u2019utilise seul ou en compl\u00e9ment d\u2019un traitement antichute.<\/p>\n<p><strong>Bienfaits :<\/strong><\/p>\n<p>\u00ab\u00a0\u2013 D\u00e9m\u00eale : sa formule onctueuse \u00e0 laisser poser 2-3 minutes contient un agent coiffant qui permet un d\u00e9m\u00ealage facile de la chevelure une fois rinc\u00e9e. \u2013 Energise : stimulant, l\u2019apr\u00e8s-shampoing \u00e0 la Quinine revitalise les cheveux et les aide \u00e0 retrouver vigueur et brillance. \u2013 Renforce : en fortifiant la structure et la fibre des cheveux en manque de vitalit\u00e9, l\u2019apr\u00e8s-shampoing redonne force et r\u00e9sistance \u00e0 la chevelure.\u00a0\u00bb<\/p>\n<p><strong>conseils d\u2019utilisation :<\/strong><\/p>\n<\/p>\n<p><main role=\"main\"><\/p>\n<div class=\"layout-content\">\n<div class=\"region region-content\">\n<div class=\"block block-system block-system-main-block\" id=\"block-wecontent-theme-content\">\n<div class=\"container mt-3 mb-5\">\n<div class=\"tab-content\" id=\"tabsProductView\">\n<div class=\"tab-pane active\" id=\"basic-content\">\n<div class=\"row\">\n<div class=\"col-12 col-lg-8 aos-init aos-animate\" data-aos=\"fade-left\" data-aos-delay=\"500\">\n<div class=\"white-bg pb-4\">\n<div class=\"product-info-main\">\n<div class=\"description mt-4\">\n<div>Apr\u00e8s le shampoing, appliquer sur le cuir chevelu et les longueurs. Laisser poser 2 \u00e0 3 minutes. Rincer.<\/div>\n<div><\/div>\n<div><strong>ingredients :<\/strong><\/div>\n<div><\/div>\n<div>.WATER (AQUA)*. DISODIUM LAURETH SULFOSUCCINATE. DECYL GLUCOSIDE*. LAURYL BETAINE. CETEARETH-60 MYRISTYL GLYCOL. LAURETH-3. GLYCERYL LAURATE*. URTICA DIOICA (NETTLE) ROOT EXTRACT (URTICA DIOICA ROOT EXTRACT)*. CAPRYLYL GLYCOL. CITRIC ACID*. FRAGRANCE (PARFUM). GREEN 3 (CI 42053). MALEIC ACID. POLYQUATERNIUM-22. POLYSORBATE 20. PROPYLENE GLYCOL. SODIUM BENZOATE. SODIUM CHLORIDE. TRISODIUM ETHYLENEDIAMINE DISUCCINATE. YELLOW 6 (CI 15985)<\/div>\n<\/div>\n<\/div>\n<\/div>\n<\/div>\n<\/div>\n<\/div>\n<\/div>\n<\/div>\n<\/div>\n<\/div>\n<\/div>\n<p><\/main><\/p>\n<footer role=\"contentinfo\">\n<div class=\"region region-footer pf-footer aos-init\" data-aos=\"fade\">\n<div class=\"container\"><\/div>\n<\/div>\n<\/footer>\n<\/div>","protected":false},"excerpt":{"rendered":"<p>Highlights:Klorane apporte une solution au d\u00e9m\u00ealage difficile des cheveux fatigu\u00e9s et fragilis\u00e9s.<\/p>","protected":false},"featured_media":38711,"comment_status":"open","ping_status":"closed","template":"","meta":[],"pwb-brand":[1573],"product_cat":[16],"product_tag":[],"class_list":{"0":"post-38710","1":"product","2":"type-product","3":"status-publish","4":"has-post-thumbnail","6":"pwb-brand-klorane","7":"product_cat-non-classe","8":"pa_brands-klorane","10":"first","11":"instock","12":"sale","13":"shipping-taxable","14":"purchasable","15":"product-type-simple"},"yoast_head":"<!-- This site is optimized with the Yoast SEO plugin v27.5 - https:\/\/yoast.com\/product\/yoast-seo-wordpress\/ -->\n<title>Klorane \u2013 Apr\u00e8s-shampoing \u00e0 la Quinine &amp; Edelweiss BIO \u2013 Chute de cheveux, cheveux fatigu\u00e9s - paragaleriedetalborjt<\/title>\n<meta name=\"robots\" content=\"index, follow, max-snippet:-1, max-image-preview:large, max-video-preview:-1\" \/>\n<link rel=\"canonical\" href=\"https:\/\/paragaleriedetalborjt.com\/en\/boutique\/klorane-apres-shampoing-a-la-quinine-edelweiss-bio-chute-de-cheveux-cheveux-fatigues\/\" \/>\n<meta property=\"og:locale\" content=\"en_US\" \/>\n<meta property=\"og:type\" content=\"article\" \/>\n<meta property=\"og:title\" content=\"Klorane \u2013 Apr\u00e8s-shampoing \u00e0 la Quinine &amp; Edelweiss BIO \u2013 Chute de cheveux, cheveux fatigu\u00e9s - paragaleriedetalborjt\" \/>\n<meta property=\"og:description\" content=\"Highlights:Klorane apporte une solution au d\u00e9m\u00ealage difficile des cheveux fatigu\u00e9s et fragilis\u00e9s.\" \/>\n<meta property=\"og:url\" content=\"https:\/\/paragaleriedetalborjt.com\/en\/boutique\/klorane-apres-shampoing-a-la-quinine-edelweiss-bio-chute-de-cheveux-cheveux-fatigues\/\" \/>\n<meta property=\"og:site_name\" content=\"paragaleriedetalborjt\" \/>\n<meta property=\"article:modified_time\" content=\"2026-01-03T19:15:22+00:00\" \/>\n<meta property=\"og:image\" content=\"https:\/\/paragaleriedetalborjt.com\/wp-content\/uploads\/2026\/01\/3282770141436-Klorane-AprC3A8s-shampoingC3A0laQuinine26EdelweissBIO-Chutedecheveux2CcheveuxfatiguC3A9s-0771464001680878282-600x600-1.jpg\" \/>\n\t<meta property=\"og:image:width\" content=\"600\" \/>\n\t<meta property=\"og:image:height\" content=\"600\" \/>\n\t<meta property=\"og:image:type\" content=\"image\/jpeg\" \/>\n<meta name=\"twitter:card\" content=\"summary_large_image\" \/>\n<meta name=\"twitter:label1\" content=\"Est. reading time\" \/>\n\t<meta name=\"twitter:data1\" content=\"1 minute\" \/>\n<script type=\"application\/ld+json\" class=\"yoast-schema-graph\">{\"@context\":\"https:\\\/\\\/schema.org\",\"@graph\":[{\"@type\":\"WebPage\",\"@id\":\"https:\\\/\\\/paragaleriedetalborjt.com\\\/boutique\\\/klorane-apres-shampoing-a-la-quinine-edelweiss-bio-chute-de-cheveux-cheveux-fatigues\\\/\",\"url\":\"https:\\\/\\\/paragaleriedetalborjt.com\\\/boutique\\\/klorane-apres-shampoing-a-la-quinine-edelweiss-bio-chute-de-cheveux-cheveux-fatigues\\\/\",\"name\":\"Klorane \u2013 Apr\u00e8s-shampoing \u00e0 la Quinine & Edelweiss BIO \u2013 Chute de cheveux, cheveux fatigu\u00e9s - paragaleriedetalborjt\",\"isPartOf\":{\"@id\":\"https:\\\/\\\/paragaleriedetalborjt.com\\\/#website\"},\"primaryImageOfPage\":{\"@id\":\"https:\\\/\\\/paragaleriedetalborjt.com\\\/boutique\\\/klorane-apres-shampoing-a-la-quinine-edelweiss-bio-chute-de-cheveux-cheveux-fatigues\\\/#primaryimage\"},\"image\":{\"@id\":\"https:\\\/\\\/paragaleriedetalborjt.com\\\/boutique\\\/klorane-apres-shampoing-a-la-quinine-edelweiss-bio-chute-de-cheveux-cheveux-fatigues\\\/#primaryimage\"},\"thumbnailUrl\":\"https:\\\/\\\/paragaleriedetalborjt.com\\\/wp-content\\\/uploads\\\/2026\\\/01\\\/3282770141436-Klorane-AprC3A8s-shampoingC3A0laQuinine26EdelweissBIO-Chutedecheveux2CcheveuxfatiguC3A9s-0771464001680878282-600x600-1.jpg\",\"datePublished\":\"2026-01-03T17:38:44+00:00\",\"dateModified\":\"2026-01-03T19:15:22+00:00\",\"breadcrumb\":{\"@id\":\"https:\\\/\\\/paragaleriedetalborjt.com\\\/boutique\\\/klorane-apres-shampoing-a-la-quinine-edelweiss-bio-chute-de-cheveux-cheveux-fatigues\\\/#breadcrumb\"},\"inLanguage\":\"en-US\",\"potentialAction\":[{\"@type\":\"ReadAction\",\"target\":[\"https:\\\/\\\/paragaleriedetalborjt.com\\\/boutique\\\/klorane-apres-shampoing-a-la-quinine-edelweiss-bio-chute-de-cheveux-cheveux-fatigues\\\/\"]}]},{\"@type\":\"ImageObject\",\"inLanguage\":\"en-US\",\"@id\":\"https:\\\/\\\/paragaleriedetalborjt.com\\\/boutique\\\/klorane-apres-shampoing-a-la-quinine-edelweiss-bio-chute-de-cheveux-cheveux-fatigues\\\/#primaryimage\",\"url\":\"https:\\\/\\\/paragaleriedetalborjt.com\\\/wp-content\\\/uploads\\\/2026\\\/01\\\/3282770141436-Klorane-AprC3A8s-shampoingC3A0laQuinine26EdelweissBIO-Chutedecheveux2CcheveuxfatiguC3A9s-0771464001680878282-600x600-1.jpg\",\"contentUrl\":\"https:\\\/\\\/paragaleriedetalborjt.com\\\/wp-content\\\/uploads\\\/2026\\\/01\\\/3282770141436-Klorane-AprC3A8s-shampoingC3A0laQuinine26EdelweissBIO-Chutedecheveux2CcheveuxfatiguC3A9s-0771464001680878282-600x600-1.jpg\",\"width\":600,\"height\":600},{\"@type\":\"BreadcrumbList\",\"@id\":\"https:\\\/\\\/paragaleriedetalborjt.com\\\/boutique\\\/klorane-apres-shampoing-a-la-quinine-edelweiss-bio-chute-de-cheveux-cheveux-fatigues\\\/#breadcrumb\",\"itemListElement\":[{\"@type\":\"ListItem\",\"position\":1,\"name\":\"Accueil\",\"item\":\"https:\\\/\\\/paragaleriedetalborjt.com\\\/\"},{\"@type\":\"ListItem\",\"position\":2,\"name\":\"Boutique\",\"item\":\"https:\\\/\\\/paragaleriedetalborjt.com\\\/boutique\\\/\"},{\"@type\":\"ListItem\",\"position\":3,\"name\":\"Klorane \u2013 Apr\u00e8s-shampoing \u00e0 la Quinine &#038; Edelweiss BIO \u2013 Chute de cheveux, cheveux fatigu\u00e9s\"}]},{\"@type\":\"WebSite\",\"@id\":\"https:\\\/\\\/paragaleriedetalborjt.com\\\/#website\",\"url\":\"https:\\\/\\\/paragaleriedetalborjt.com\\\/\",\"name\":\"paragaleriedetalborjt\",\"description\":\"\",\"potentialAction\":[{\"@type\":\"SearchAction\",\"target\":{\"@type\":\"EntryPoint\",\"urlTemplate\":\"https:\\\/\\\/paragaleriedetalborjt.com\\\/?s={search_term_string}\"},\"query-input\":{\"@type\":\"PropertyValueSpecification\",\"valueRequired\":true,\"valueName\":\"search_term_string\"}}],\"inLanguage\":\"en-US\"}]}<\/script>\n<!-- \/ Yoast SEO plugin. -->","yoast_head_json":{"title":"Klorane \u2013 Apr\u00e8s-shampoing \u00e0 la Quinine & Edelweiss BIO \u2013 Chute de cheveux, cheveux fatigu\u00e9s - paragaleriedetalborjt","robots":{"index":"index","follow":"follow","max-snippet":"max-snippet:-1","max-image-preview":"max-image-preview:large","max-video-preview":"max-video-preview:-1"},"canonical":"https:\/\/paragaleriedetalborjt.com\/en\/boutique\/klorane-apres-shampoing-a-la-quinine-edelweiss-bio-chute-de-cheveux-cheveux-fatigues\/","og_locale":"en_US","og_type":"article","og_title":"Klorane \u2013 Apr\u00e8s-shampoing \u00e0 la Quinine & Edelweiss BIO \u2013 Chute de cheveux, cheveux fatigu\u00e9s - paragaleriedetalborjt","og_description":"Highlights:Klorane apporte une solution au d\u00e9m\u00ealage difficile des cheveux fatigu\u00e9s et fragilis\u00e9s.","og_url":"https:\/\/paragaleriedetalborjt.com\/en\/boutique\/klorane-apres-shampoing-a-la-quinine-edelweiss-bio-chute-de-cheveux-cheveux-fatigues\/","og_site_name":"paragaleriedetalborjt","article_modified_time":"2026-01-03T19:15:22+00:00","og_image":[{"width":600,"height":600,"url":"https:\/\/paragaleriedetalborjt.com\/wp-content\/uploads\/2026\/01\/3282770141436-Klorane-AprC3A8s-shampoingC3A0laQuinine26EdelweissBIO-Chutedecheveux2CcheveuxfatiguC3A9s-0771464001680878282-600x600-1.jpg","type":"image\/jpeg"}],"twitter_card":"summary_large_image","twitter_misc":{"Est. reading time":"1 minute"},"schema":{"@context":"https:\/\/schema.org","@graph":[{"@type":"WebPage","@id":"https:\/\/paragaleriedetalborjt.com\/boutique\/klorane-apres-shampoing-a-la-quinine-edelweiss-bio-chute-de-cheveux-cheveux-fatigues\/","url":"https:\/\/paragaleriedetalborjt.com\/boutique\/klorane-apres-shampoing-a-la-quinine-edelweiss-bio-chute-de-cheveux-cheveux-fatigues\/","name":"Klorane \u2013 Apr\u00e8s-shampoing \u00e0 la Quinine & Edelweiss BIO \u2013 Chute de cheveux, cheveux fatigu\u00e9s - paragaleriedetalborjt","isPartOf":{"@id":"https:\/\/paragaleriedetalborjt.com\/#website"},"primaryImageOfPage":{"@id":"https:\/\/paragaleriedetalborjt.com\/boutique\/klorane-apres-shampoing-a-la-quinine-edelweiss-bio-chute-de-cheveux-cheveux-fatigues\/#primaryimage"},"image":{"@id":"https:\/\/paragaleriedetalborjt.com\/boutique\/klorane-apres-shampoing-a-la-quinine-edelweiss-bio-chute-de-cheveux-cheveux-fatigues\/#primaryimage"},"thumbnailUrl":"https:\/\/paragaleriedetalborjt.com\/wp-content\/uploads\/2026\/01\/3282770141436-Klorane-AprC3A8s-shampoingC3A0laQuinine26EdelweissBIO-Chutedecheveux2CcheveuxfatiguC3A9s-0771464001680878282-600x600-1.jpg","datePublished":"2026-01-03T17:38:44+00:00","dateModified":"2026-01-03T19:15:22+00:00","breadcrumb":{"@id":"https:\/\/paragaleriedetalborjt.com\/boutique\/klorane-apres-shampoing-a-la-quinine-edelweiss-bio-chute-de-cheveux-cheveux-fatigues\/#breadcrumb"},"inLanguage":"en-US","potentialAction":[{"@type":"ReadAction","target":["https:\/\/paragaleriedetalborjt.com\/boutique\/klorane-apres-shampoing-a-la-quinine-edelweiss-bio-chute-de-cheveux-cheveux-fatigues\/"]}]},{"@type":"ImageObject","inLanguage":"en-US","@id":"https:\/\/paragaleriedetalborjt.com\/boutique\/klorane-apres-shampoing-a-la-quinine-edelweiss-bio-chute-de-cheveux-cheveux-fatigues\/#primaryimage","url":"https:\/\/paragaleriedetalborjt.com\/wp-content\/uploads\/2026\/01\/3282770141436-Klorane-AprC3A8s-shampoingC3A0laQuinine26EdelweissBIO-Chutedecheveux2CcheveuxfatiguC3A9s-0771464001680878282-600x600-1.jpg","contentUrl":"https:\/\/paragaleriedetalborjt.com\/wp-content\/uploads\/2026\/01\/3282770141436-Klorane-AprC3A8s-shampoingC3A0laQuinine26EdelweissBIO-Chutedecheveux2CcheveuxfatiguC3A9s-0771464001680878282-600x600-1.jpg","width":600,"height":600},{"@type":"BreadcrumbList","@id":"https:\/\/paragaleriedetalborjt.com\/boutique\/klorane-apres-shampoing-a-la-quinine-edelweiss-bio-chute-de-cheveux-cheveux-fatigues\/#breadcrumb","itemListElement":[{"@type":"ListItem","position":1,"name":"Accueil","item":"https:\/\/paragaleriedetalborjt.com\/"},{"@type":"ListItem","position":2,"name":"Boutique","item":"https:\/\/paragaleriedetalborjt.com\/boutique\/"},{"@type":"ListItem","position":3,"name":"Klorane \u2013 Apr\u00e8s-shampoing \u00e0 la Quinine &#038; Edelweiss BIO \u2013 Chute de cheveux, cheveux fatigu\u00e9s"}]},{"@type":"WebSite","@id":"https:\/\/paragaleriedetalborjt.com\/#website","url":"https:\/\/paragaleriedetalborjt.com\/","name":"paragaleriedetalborjt","description":"","potentialAction":[{"@type":"SearchAction","target":{"@type":"EntryPoint","urlTemplate":"https:\/\/paragaleriedetalborjt.com\/?s={search_term_string}"},"query-input":{"@type":"PropertyValueSpecification","valueRequired":true,"valueName":"search_term_string"}}],"inLanguage":"en-US"}]}},"brands":[{"id":1573,"name":"KLORANE","slug":"klorane"}],"_links":{"self":[{"href":"https:\/\/paragaleriedetalborjt.com\/en\/wp-json\/wp\/v2\/product\/38710","targetHints":{"allow":["GET"]}}],"collection":[{"href":"https:\/\/paragaleriedetalborjt.com\/en\/wp-json\/wp\/v2\/product"}],"about":[{"href":"https:\/\/paragaleriedetalborjt.com\/en\/wp-json\/wp\/v2\/types\/product"}],"replies":[{"embeddable":true,"href":"https:\/\/paragaleriedetalborjt.com\/en\/wp-json\/wp\/v2\/comments?post=38710"}],"version-history":[{"count":1,"href":"https:\/\/paragaleriedetalborjt.com\/en\/wp-json\/wp\/v2\/product\/38710\/revisions"}],"predecessor-version":[{"id":38712,"href":"https:\/\/paragaleriedetalborjt.com\/en\/wp-json\/wp\/v2\/product\/38710\/revisions\/38712"}],"wp:featuredmedia":[{"embeddable":true,"href":"https:\/\/paragaleriedetalborjt.com\/en\/wp-json\/wp\/v2\/media\/38711"}],"wp:attachment":[{"href":"https:\/\/paragaleriedetalborjt.com\/en\/wp-json\/wp\/v2\/media?parent=38710"}],"wp:term":[{"taxonomy":"pwb-brand","embeddable":true,"href":"https:\/\/paragaleriedetalborjt.com\/en\/wp-json\/wp\/v2\/pwb-brand?post=38710"},{"taxonomy":"product_cat","embeddable":true,"href":"https:\/\/paragaleriedetalborjt.com\/en\/wp-json\/wp\/v2\/product_cat?post=38710"},{"taxonomy":"product_tag","embeddable":true,"href":"https:\/\/paragaleriedetalborjt.com\/en\/wp-json\/wp\/v2\/product_tag?post=38710"}],"curies":[{"name":"wp","href":"https:\/\/api.w.org\/{rel}","templated":true}]}}