{"id":38692,"date":"2026-01-03T18:38:12","date_gmt":"2026-01-03T17:38:12","guid":{"rendered":"https:\/\/paragaleriedetalborjt.com\/?post_type=product&#038;p=38692"},"modified":"2026-01-03T20:15:20","modified_gmt":"2026-01-03T19:15:20","slug":"revox-zitcare-aha-bha-pha-face-wash-250ml","status":"publish","type":"product","link":"https:\/\/paragaleriedetalborjt.com\/en\/boutique\/revox-zitcare-aha-bha-pha-face-wash-250ml\/","title":{"rendered":"REVOX ZITCARE AHA.BHA.PHA. FACE WASH 250ml"},"content":{"rendered":"<div aria-labelledby=\"tab-title-description\" class=\"woocommerce-Tabs-panel woocommerce-Tabs-panel--description panel entry-content wc-tab\" id=\"tab-description\" role=\"tabpanel\" style=\"\">\n<h2>Description<\/h2>\n<p class=\"p1\">\u00a0Ce processus cr\u00e9e de l\u2019acn\u00e9 et des boutons sur la peau, l\u2019irrite et la rend probl\u00e9matique. Le traitement de ce probl\u00e8me doit \u00eatre syst\u00e9matique et persistant, ce qui permettra d\u2019att\u00e9nuer les boutons et les imperfections existants et de contr\u00f4ler les futures pouss\u00e9es. La ligne REVOX B77 ZITCARE\u00ae combine des ingr\u00e9dients actifs qui aident \u00e0 nettoyer, \u00e0 traiter les imperfections, \u00e0 r\u00e9guler la Produition de s\u00e9bum et \u00e0 maintenir une peau saine et lisse. Le nettoyant pour le visage cr\u00e9e une mousse douce qui nettoie la peau en profondeur et l\u2019exfolie en douceur. Le m\u00e9lange d\u2019AHA, de BHA et de PHA aide \u00e0 \u00e9liminer les cellules mortes et la pollution quotidienne qui peuvent obstruer les pores et provoquer des irritations, ce qui permet d\u2019obtenir une peau plus douce et plus lumineuse. L\u2019extrait d\u2019arbre \u00e0 th\u00e9 contenu dans la formule a des propri\u00e9t\u00e9s apaisantes et \u00e9quilibrantes. La Centella Asiatica prot\u00e8ge et renforce la barri\u00e8re cutan\u00e9e contre la perte d\u2019hydratation. L\u2019acide hyaluronique et la glyc\u00e9rine hydratent la peau, la rendant plus lisse et plus douce. Combiner avec d\u2019autres produits de la ligne REVOX B77 ZITCARE\u00ae pour obtenir des r\u00e9sultats optimaux.<\/p>\n<p class=\"p1\"><strong>Mode d\u2019emploi:<\/strong>\u00a0Appliquer une ou deux pompes de gel sur la peau humide, en \u00e9vitant le contour des yeux, et masser doucement pour faire mousser. Rincer abondamment \u00e0 l\u2019eau ti\u00e8de. Avant la premi\u00e8re application, il est recommand\u00e9 d\u2019effectuer un test de sensibilit\u00e9.<\/p>\n<p class=\"p1\"><strong>Attention:<\/strong>\u00a0Ne pas combiner avec d\u2019autres acides directs. Ne pas utiliser sur une peau ab\u00eem\u00e9e ou qui p\u00e8le. Ne pas frotter la peau ou l\u2019exfolier excessivement avant l\u2019application. \u00c9viter l\u2019exposition directe au soleil et utiliser quotidiennement un \u00e9cran solaire. Une intol\u00e9rance individuelle au produit est possible. En cas d\u2019inconfort, cessez d\u2019utiliser le produit.<\/p>\n<p class=\"p1\"><strong>Ingr\u00e9dients:\u00a0<\/strong>Water\/Aqua, Sodium Lauryl Sulfate, Glycerin, Sodium Lauroyl Sarcosinate, Cocamidopropyl Betaine, PEG-40 Hydrogenated Castor Oil, Gluconolactone, Lactic Acid, Glycolic Acid, Citric Acid, Malic Acid, Salicylic Acid, Centella Asiatica Extract \/ Centella Asiatica Leaf Extract, Sodium Hyaluronate, Tea Tree Extract \/ Melaleuca Alternifolia Leaf Extract, Hydroxyethylcellulose, Tea Tree Oil \/ Melaleuca Alternifolia Leaf Oil, Phenoxyethanol, Alcohol Denat., Fragrance \/ Parfum, Sodium Benzoate, Potassium Sorbate, Disodium EDTA.<\/p>\n<\/div>","protected":false},"excerpt":{"rendered":"<p>Highlights:REVOX B77 ZITCARE\u00ae AHA.BHA.PHA. FACE WASHLe s\u00e9bum est une substance huileuse qui lubrifie les cheveux et la peau et qui s\u2019agglom\u00e8re parfois avec les cellules mortes non \u00e9limin\u00e9es, obstruant ainsi les pores et les follicules pileux.<\/p>","protected":false},"featured_media":38693,"comment_status":"open","ping_status":"closed","template":"","meta":[],"pwb-brand":[1574],"product_cat":[16],"product_tag":[],"class_list":{"0":"post-38692","1":"product","2":"type-product","3":"status-publish","4":"has-post-thumbnail","6":"pwb-brand-revox","7":"product_cat-non-classe","8":"pa_brands-revox","10":"first","11":"instock","12":"sale","13":"shipping-taxable","14":"purchasable","15":"product-type-simple"},"yoast_head":"<!-- This site is optimized with the Yoast SEO plugin v26.9 - https:\/\/yoast.com\/product\/yoast-seo-wordpress\/ -->\n<title>REVOX ZITCARE AHA.BHA.PHA. FACE WASH 250ml - paragaleriedetalborjt<\/title>\n<meta name=\"robots\" content=\"index, follow, max-snippet:-1, max-image-preview:large, max-video-preview:-1\" \/>\n<link rel=\"canonical\" href=\"https:\/\/paragaleriedetalborjt.com\/en\/boutique\/revox-zitcare-aha-bha-pha-face-wash-250ml\/\" \/>\n<meta property=\"og:locale\" content=\"en_US\" \/>\n<meta property=\"og:type\" content=\"article\" \/>\n<meta property=\"og:title\" content=\"REVOX ZITCARE AHA.BHA.PHA. FACE WASH 250ml - paragaleriedetalborjt\" \/>\n<meta property=\"og:description\" content=\"Highlights:REVOX B77 ZITCARE\u00ae AHA.BHA.PHA. FACE WASHLe s\u00e9bum est une substance huileuse qui lubrifie les cheveux et la peau et qui s\u2019agglom\u00e8re parfois avec les cellules mortes non \u00e9limin\u00e9es, obstruant ainsi les pores et les follicules pileux.\" \/>\n<meta property=\"og:url\" content=\"https:\/\/paragaleriedetalborjt.com\/en\/boutique\/revox-zitcare-aha-bha-pha-face-wash-250ml\/\" \/>\n<meta property=\"og:site_name\" content=\"paragaleriedetalborjt\" \/>\n<meta property=\"article:modified_time\" content=\"2026-01-03T19:15:20+00:00\" \/>\n<meta property=\"og:image\" content=\"https:\/\/paragaleriedetalborjt.com\/wp-content\/uploads\/2026\/01\/ZITCARE-AHA.BHA_.PHA_.-FACE-WASH-250ml-600x600-1.png\" \/>\n\t<meta property=\"og:image:width\" content=\"600\" \/>\n\t<meta property=\"og:image:height\" content=\"600\" \/>\n\t<meta property=\"og:image:type\" content=\"image\/png\" \/>\n<meta name=\"twitter:card\" content=\"summary_large_image\" \/>\n<meta name=\"twitter:label1\" content=\"Est. reading time\" \/>\n\t<meta name=\"twitter:data1\" content=\"2 minutes\" \/>\n<script type=\"application\/ld+json\" class=\"yoast-schema-graph\">{\"@context\":\"https:\/\/schema.org\",\"@graph\":[{\"@type\":\"WebPage\",\"@id\":\"https:\/\/paragaleriedetalborjt.com\/boutique\/revox-zitcare-aha-bha-pha-face-wash-250ml\/\",\"url\":\"https:\/\/paragaleriedetalborjt.com\/boutique\/revox-zitcare-aha-bha-pha-face-wash-250ml\/\",\"name\":\"REVOX ZITCARE AHA.BHA.PHA. FACE WASH 250ml - paragaleriedetalborjt\",\"isPartOf\":{\"@id\":\"https:\/\/paragaleriedetalborjt.com\/#website\"},\"primaryImageOfPage\":{\"@id\":\"https:\/\/paragaleriedetalborjt.com\/boutique\/revox-zitcare-aha-bha-pha-face-wash-250ml\/#primaryimage\"},\"image\":{\"@id\":\"https:\/\/paragaleriedetalborjt.com\/boutique\/revox-zitcare-aha-bha-pha-face-wash-250ml\/#primaryimage\"},\"thumbnailUrl\":\"https:\/\/paragaleriedetalborjt.com\/wp-content\/uploads\/2026\/01\/ZITCARE-AHA.BHA_.PHA_.-FACE-WASH-250ml-600x600-1.png\",\"datePublished\":\"2026-01-03T17:38:12+00:00\",\"dateModified\":\"2026-01-03T19:15:20+00:00\",\"breadcrumb\":{\"@id\":\"https:\/\/paragaleriedetalborjt.com\/boutique\/revox-zitcare-aha-bha-pha-face-wash-250ml\/#breadcrumb\"},\"inLanguage\":\"en-US\",\"potentialAction\":[{\"@type\":\"ReadAction\",\"target\":[\"https:\/\/paragaleriedetalborjt.com\/boutique\/revox-zitcare-aha-bha-pha-face-wash-250ml\/\"]}]},{\"@type\":\"ImageObject\",\"inLanguage\":\"en-US\",\"@id\":\"https:\/\/paragaleriedetalborjt.com\/boutique\/revox-zitcare-aha-bha-pha-face-wash-250ml\/#primaryimage\",\"url\":\"https:\/\/paragaleriedetalborjt.com\/wp-content\/uploads\/2026\/01\/ZITCARE-AHA.BHA_.PHA_.-FACE-WASH-250ml-600x600-1.png\",\"contentUrl\":\"https:\/\/paragaleriedetalborjt.com\/wp-content\/uploads\/2026\/01\/ZITCARE-AHA.BHA_.PHA_.-FACE-WASH-250ml-600x600-1.png\",\"width\":600,\"height\":600},{\"@type\":\"BreadcrumbList\",\"@id\":\"https:\/\/paragaleriedetalborjt.com\/boutique\/revox-zitcare-aha-bha-pha-face-wash-250ml\/#breadcrumb\",\"itemListElement\":[{\"@type\":\"ListItem\",\"position\":1,\"name\":\"Accueil\",\"item\":\"https:\/\/paragaleriedetalborjt.com\/\"},{\"@type\":\"ListItem\",\"position\":2,\"name\":\"Boutique\",\"item\":\"https:\/\/paragaleriedetalborjt.com\/boutique\/\"},{\"@type\":\"ListItem\",\"position\":3,\"name\":\"REVOX ZITCARE AHA.BHA.PHA. FACE WASH 250ml\"}]},{\"@type\":\"WebSite\",\"@id\":\"https:\/\/paragaleriedetalborjt.com\/#website\",\"url\":\"https:\/\/paragaleriedetalborjt.com\/\",\"name\":\"paragaleriedetalborjt\",\"description\":\"\",\"potentialAction\":[{\"@type\":\"SearchAction\",\"target\":{\"@type\":\"EntryPoint\",\"urlTemplate\":\"https:\/\/paragaleriedetalborjt.com\/?s={search_term_string}\"},\"query-input\":{\"@type\":\"PropertyValueSpecification\",\"valueRequired\":true,\"valueName\":\"search_term_string\"}}],\"inLanguage\":\"en-US\"}]}<\/script>\n<!-- \/ Yoast SEO plugin. -->","yoast_head_json":{"title":"REVOX ZITCARE AHA.BHA.PHA. FACE WASH 250ml - paragaleriedetalborjt","robots":{"index":"index","follow":"follow","max-snippet":"max-snippet:-1","max-image-preview":"max-image-preview:large","max-video-preview":"max-video-preview:-1"},"canonical":"https:\/\/paragaleriedetalborjt.com\/en\/boutique\/revox-zitcare-aha-bha-pha-face-wash-250ml\/","og_locale":"en_US","og_type":"article","og_title":"REVOX ZITCARE AHA.BHA.PHA. FACE WASH 250ml - paragaleriedetalborjt","og_description":"Highlights:REVOX B77 ZITCARE\u00ae AHA.BHA.PHA. FACE WASHLe s\u00e9bum est une substance huileuse qui lubrifie les cheveux et la peau et qui s\u2019agglom\u00e8re parfois avec les cellules mortes non \u00e9limin\u00e9es, obstruant ainsi les pores et les follicules pileux.","og_url":"https:\/\/paragaleriedetalborjt.com\/en\/boutique\/revox-zitcare-aha-bha-pha-face-wash-250ml\/","og_site_name":"paragaleriedetalborjt","article_modified_time":"2026-01-03T19:15:20+00:00","og_image":[{"width":600,"height":600,"url":"https:\/\/paragaleriedetalborjt.com\/wp-content\/uploads\/2026\/01\/ZITCARE-AHA.BHA_.PHA_.-FACE-WASH-250ml-600x600-1.png","type":"image\/png"}],"twitter_card":"summary_large_image","twitter_misc":{"Est. reading time":"2 minutes"},"schema":{"@context":"https:\/\/schema.org","@graph":[{"@type":"WebPage","@id":"https:\/\/paragaleriedetalborjt.com\/boutique\/revox-zitcare-aha-bha-pha-face-wash-250ml\/","url":"https:\/\/paragaleriedetalborjt.com\/boutique\/revox-zitcare-aha-bha-pha-face-wash-250ml\/","name":"REVOX ZITCARE AHA.BHA.PHA. FACE WASH 250ml - paragaleriedetalborjt","isPartOf":{"@id":"https:\/\/paragaleriedetalborjt.com\/#website"},"primaryImageOfPage":{"@id":"https:\/\/paragaleriedetalborjt.com\/boutique\/revox-zitcare-aha-bha-pha-face-wash-250ml\/#primaryimage"},"image":{"@id":"https:\/\/paragaleriedetalborjt.com\/boutique\/revox-zitcare-aha-bha-pha-face-wash-250ml\/#primaryimage"},"thumbnailUrl":"https:\/\/paragaleriedetalborjt.com\/wp-content\/uploads\/2026\/01\/ZITCARE-AHA.BHA_.PHA_.-FACE-WASH-250ml-600x600-1.png","datePublished":"2026-01-03T17:38:12+00:00","dateModified":"2026-01-03T19:15:20+00:00","breadcrumb":{"@id":"https:\/\/paragaleriedetalborjt.com\/boutique\/revox-zitcare-aha-bha-pha-face-wash-250ml\/#breadcrumb"},"inLanguage":"en-US","potentialAction":[{"@type":"ReadAction","target":["https:\/\/paragaleriedetalborjt.com\/boutique\/revox-zitcare-aha-bha-pha-face-wash-250ml\/"]}]},{"@type":"ImageObject","inLanguage":"en-US","@id":"https:\/\/paragaleriedetalborjt.com\/boutique\/revox-zitcare-aha-bha-pha-face-wash-250ml\/#primaryimage","url":"https:\/\/paragaleriedetalborjt.com\/wp-content\/uploads\/2026\/01\/ZITCARE-AHA.BHA_.PHA_.-FACE-WASH-250ml-600x600-1.png","contentUrl":"https:\/\/paragaleriedetalborjt.com\/wp-content\/uploads\/2026\/01\/ZITCARE-AHA.BHA_.PHA_.-FACE-WASH-250ml-600x600-1.png","width":600,"height":600},{"@type":"BreadcrumbList","@id":"https:\/\/paragaleriedetalborjt.com\/boutique\/revox-zitcare-aha-bha-pha-face-wash-250ml\/#breadcrumb","itemListElement":[{"@type":"ListItem","position":1,"name":"Accueil","item":"https:\/\/paragaleriedetalborjt.com\/"},{"@type":"ListItem","position":2,"name":"Boutique","item":"https:\/\/paragaleriedetalborjt.com\/boutique\/"},{"@type":"ListItem","position":3,"name":"REVOX ZITCARE AHA.BHA.PHA. FACE WASH 250ml"}]},{"@type":"WebSite","@id":"https:\/\/paragaleriedetalborjt.com\/#website","url":"https:\/\/paragaleriedetalborjt.com\/","name":"paragaleriedetalborjt","description":"","potentialAction":[{"@type":"SearchAction","target":{"@type":"EntryPoint","urlTemplate":"https:\/\/paragaleriedetalborjt.com\/?s={search_term_string}"},"query-input":{"@type":"PropertyValueSpecification","valueRequired":true,"valueName":"search_term_string"}}],"inLanguage":"en-US"}]}},"brands":[{"id":1574,"name":"REVOX","slug":"revox"}],"_links":{"self":[{"href":"https:\/\/paragaleriedetalborjt.com\/en\/wp-json\/wp\/v2\/product\/38692","targetHints":{"allow":["GET"]}}],"collection":[{"href":"https:\/\/paragaleriedetalborjt.com\/en\/wp-json\/wp\/v2\/product"}],"about":[{"href":"https:\/\/paragaleriedetalborjt.com\/en\/wp-json\/wp\/v2\/types\/product"}],"replies":[{"embeddable":true,"href":"https:\/\/paragaleriedetalborjt.com\/en\/wp-json\/wp\/v2\/comments?post=38692"}],"version-history":[{"count":1,"href":"https:\/\/paragaleriedetalborjt.com\/en\/wp-json\/wp\/v2\/product\/38692\/revisions"}],"predecessor-version":[{"id":38694,"href":"https:\/\/paragaleriedetalborjt.com\/en\/wp-json\/wp\/v2\/product\/38692\/revisions\/38694"}],"wp:featuredmedia":[{"embeddable":true,"href":"https:\/\/paragaleriedetalborjt.com\/en\/wp-json\/wp\/v2\/media\/38693"}],"wp:attachment":[{"href":"https:\/\/paragaleriedetalborjt.com\/en\/wp-json\/wp\/v2\/media?parent=38692"}],"wp:term":[{"taxonomy":"pwb-brand","embeddable":true,"href":"https:\/\/paragaleriedetalborjt.com\/en\/wp-json\/wp\/v2\/pwb-brand?post=38692"},{"taxonomy":"product_cat","embeddable":true,"href":"https:\/\/paragaleriedetalborjt.com\/en\/wp-json\/wp\/v2\/product_cat?post=38692"},{"taxonomy":"product_tag","embeddable":true,"href":"https:\/\/paragaleriedetalborjt.com\/en\/wp-json\/wp\/v2\/product_tag?post=38692"}],"curies":[{"name":"wp","href":"https:\/\/api.w.org\/{rel}","templated":true}]}}