{"id":38668,"date":"2026-01-03T18:37:33","date_gmt":"2026-01-03T17:37:33","guid":{"rendered":"https:\/\/paragaleriedetalborjt.com\/?post_type=product&#038;p=38668"},"modified":"2026-01-03T20:15:19","modified_gmt":"2026-01-03T19:15:19","slug":"forcapil-pack-lotion-anti-chute-forcapil-shampooing-energisant-offert","status":"publish","type":"product","link":"https:\/\/paragaleriedetalborjt.com\/en\/boutique\/forcapil-pack-lotion-anti-chute-forcapil-shampooing-energisant-offert\/","title":{"rendered":"FORCAPIL PACK LOTION ANTI CHUTE = FORCAPIL SHAMPOOING ENERGISANT OFFERT"},"content":{"rendered":"<div aria-labelledby=\"tab-title-description\" class=\"woocommerce-Tabs-panel woocommerce-Tabs-panel--description panel entry-content wc-tab\" id=\"tab-description\" role=\"tabpanel\" style=\"\">\n<h2>Description<\/h2>\n<p><strong>FORCAPIL LOTION<\/strong><\/p>\n<div aria-labelledby=\"tab-title-description\" class=\"woocommerce-Tabs-panel woocommerce-Tabs-panel--description panel entry-content wc-tab\" id=\"tab-description\" role=\"tabpanel\" style=\"display: none;\">\n<p>Forcapil Lotion stimule la croissance du cheveu et ralentit la chute de cheveux. Ses composants participent \u00e0 la r\u00e9g\u00e9n\u00e9ration du bulbe pileux, stimulant ainsi la synth\u00e8se de la k\u00e9ratine.<\/p>\n<p><strong>Composition :<\/strong><\/p>\n<ul>\n<li><strong>Des vitamines\u00a0<\/strong>B5,B6,Biotine qui stimulent la croissance des cheveux.<\/li>\n<li><strong>Du Millet,\u00a0<\/strong>Qui contient des acides amin\u00e9s soufr\u00e9s.<\/li>\n<li><strong>Du Ginkgo Biloba<\/strong>, qui parti\u00e7ipe \u00e0 la r\u00e9g\u00e9n\u00e9ration du bulbe<\/li>\n<li><strong>De L\u2019ortie et de la Prele<\/strong>\u00a0qui aident \u00e0 ralentir la chute de cheveux et \u00e0 maintenir un cuir chevelu sain.<\/li>\n<\/ul>\n<p><strong>MODE D\u2019EMPLOI :\u00a0<\/strong><\/p>\n<p>Appliquez la lotion tous les jours sur le cuir chevelu en massant doucement avec des mouvements circulaires des doigts.<\/p>\n<p>Ne pas utiliser chez les enfants de moins de 3 ans.<\/p>\n<p>Sans alcool.<\/p>\n<p>Conserver dans un endroit sec au-dessous de 25\u00b0 C.<\/p>\n<p><strong>FORCAPIL SHAMPOOING :<\/strong><\/p>\n<div aria-labelledby=\"tab-title-description\" class=\"woocommerce-Tabs-panel woocommerce-Tabs-panel--description panel entry-content wc-tab\" id=\"tab-description\" role=\"tabpanel\" style=\"display: none;\">\n<p>FORCAPIL\u00ae SHAMPOING FORTIFIANT\u00a0: REVITALISER ET RENFORCER VOS CHEVEUX\u00a0!<\/p>\n<p>Les agressions ext\u00e9rieures, les lissages \u00e0 r\u00e9p\u00e9tition, la chaleur du s\u00e8che-cheveux, le stress\u2026 peuvent mettre \u00e0 mal vos cheveux.<\/p>\n<p>La formule de\u00a0<strong>Forcapil\u00ae Shampoing Fortifiant\u00a0fortifie et renforce<\/strong>\u00a0la fibre capillaire d\u00e8s sa racine,\u00a0<strong>dynamise<\/strong>\u00a0et apporte\u00a0<strong>vitalit\u00e9<\/strong>\u00a0aux cheveux et les prot\u00e8ge au quotidien.<\/p>\n<p>Elle contient de la\u00a0<strong>k\u00e9ratine hydrolys\u00e9e<\/strong>\u00a0identique \u00e0 98% \u00e0 celle rentrant dans la composition du cheveu. L\u2019objectif est de\u00a0<strong>r\u00e9parer la k\u00e9ratine<\/strong>\u00a0des cheveux en la nourrissant des \u00e9l\u00e9ments qui la composent. La k\u00e9ratine va permettre de\u00a0<strong>prot\u00e9ger<\/strong>\u00a0le cheveux en l\u2019enveloppant, en le\u00a0<strong>r\u00e9parant<\/strong>\u00a0et ainsi en le\u00a0<strong>fortifiant pour \u00e9viter la casse<\/strong>\u00a0!<\/p>\n<p><strong>Forcapil\u00ae Shampoing Fortifiant<\/strong>\u00a0contient \u00e9galement de la\u00a0<strong>provitamine B5<\/strong>\u00a0(le Panth\u00e9nol), constituant majeur du coenzyme A qui poss\u00e8de un r\u00f4le cl\u00e9 dans le m\u00e9canisme de r\u00e9paration des cellules et tissus. Cette vitamine contribue \u00e0 une bonne\u00a0<strong>hydratation du cheveu<\/strong>, le\u00a0<strong>renforce<\/strong>\u00a0et\u00a0<strong>augmente sa brillance<\/strong>.<\/p>\n<p><strong>Conseils d\u2019Utilisation :<\/strong><\/p>\n<div class=\"field--field-product-usage product__usage\">\n<ul>\n<li>Appliquer sur les cheveux mouill\u00e9s, faire mousser et rincer \u00e0 l\u2019eau.<\/li>\n<li>Fr\u00e9quence : 1 \u00e0 2 fois par semaine.<\/li>\n<\/ul>\n<\/div>\n<\/div>\n<\/div>\n<\/div>","protected":false},"excerpt":{"rendered":"<p>Highlights:Commandez une lotion FORCAPIL et recevez un Shampooing OFFERT<\/p>","protected":false},"featured_media":38669,"comment_status":"open","ping_status":"closed","template":"","meta":[],"pwb-brand":[1636],"product_cat":[16],"product_tag":[],"class_list":{"0":"post-38668","1":"product","2":"type-product","3":"status-publish","4":"has-post-thumbnail","6":"pwb-brand-arkopharma","7":"product_cat-non-classe","8":"pa_brands-arkopharma","10":"first","11":"instock","12":"sale","13":"shipping-taxable","14":"purchasable","15":"product-type-simple"},"yoast_head":"<!-- This site is optimized with the Yoast SEO plugin v27.5 - https:\/\/yoast.com\/product\/yoast-seo-wordpress\/ -->\n<title>FORCAPIL PACK LOTION ANTI CHUTE = FORCAPIL SHAMPOOING ENERGISANT OFFERT - paragaleriedetalborjt<\/title>\n<meta name=\"robots\" content=\"index, follow, max-snippet:-1, max-image-preview:large, max-video-preview:-1\" \/>\n<link rel=\"canonical\" href=\"https:\/\/paragaleriedetalborjt.com\/en\/boutique\/forcapil-pack-lotion-anti-chute-forcapil-shampooing-energisant-offert\/\" \/>\n<meta property=\"og:locale\" content=\"en_US\" \/>\n<meta property=\"og:type\" content=\"article\" \/>\n<meta property=\"og:title\" content=\"FORCAPIL PACK LOTION ANTI CHUTE = FORCAPIL SHAMPOOING ENERGISANT OFFERT - paragaleriedetalborjt\" \/>\n<meta property=\"og:description\" content=\"Highlights:Commandez une lotion FORCAPIL et recevez un Shampooing OFFERT\" \/>\n<meta property=\"og:url\" content=\"https:\/\/paragaleriedetalborjt.com\/en\/boutique\/forcapil-pack-lotion-anti-chute-forcapil-shampooing-energisant-offert\/\" \/>\n<meta property=\"og:site_name\" content=\"paragaleriedetalborjt\" \/>\n<meta property=\"article:modified_time\" content=\"2026-01-03T19:15:19+00:00\" \/>\n<meta property=\"og:image\" content=\"https:\/\/paragaleriedetalborjt.com\/wp-content\/uploads\/2026\/01\/Forcapil-LotionShampoing-600x600-1.png\" \/>\n\t<meta property=\"og:image:width\" content=\"600\" \/>\n\t<meta property=\"og:image:height\" content=\"600\" \/>\n\t<meta property=\"og:image:type\" content=\"image\/png\" \/>\n<meta name=\"twitter:card\" content=\"summary_large_image\" \/>\n<meta name=\"twitter:label1\" content=\"Est. reading time\" \/>\n\t<meta name=\"twitter:data1\" content=\"2 minutes\" \/>\n<script type=\"application\/ld+json\" class=\"yoast-schema-graph\">{\"@context\":\"https:\\\/\\\/schema.org\",\"@graph\":[{\"@type\":\"WebPage\",\"@id\":\"https:\\\/\\\/paragaleriedetalborjt.com\\\/boutique\\\/forcapil-pack-lotion-anti-chute-forcapil-shampooing-energisant-offert\\\/\",\"url\":\"https:\\\/\\\/paragaleriedetalborjt.com\\\/boutique\\\/forcapil-pack-lotion-anti-chute-forcapil-shampooing-energisant-offert\\\/\",\"name\":\"FORCAPIL PACK LOTION ANTI CHUTE = FORCAPIL SHAMPOOING ENERGISANT OFFERT - paragaleriedetalborjt\",\"isPartOf\":{\"@id\":\"https:\\\/\\\/paragaleriedetalborjt.com\\\/#website\"},\"primaryImageOfPage\":{\"@id\":\"https:\\\/\\\/paragaleriedetalborjt.com\\\/boutique\\\/forcapil-pack-lotion-anti-chute-forcapil-shampooing-energisant-offert\\\/#primaryimage\"},\"image\":{\"@id\":\"https:\\\/\\\/paragaleriedetalborjt.com\\\/boutique\\\/forcapil-pack-lotion-anti-chute-forcapil-shampooing-energisant-offert\\\/#primaryimage\"},\"thumbnailUrl\":\"https:\\\/\\\/paragaleriedetalborjt.com\\\/wp-content\\\/uploads\\\/2026\\\/01\\\/Forcapil-LotionShampoing-600x600-1.png\",\"datePublished\":\"2026-01-03T17:37:33+00:00\",\"dateModified\":\"2026-01-03T19:15:19+00:00\",\"breadcrumb\":{\"@id\":\"https:\\\/\\\/paragaleriedetalborjt.com\\\/boutique\\\/forcapil-pack-lotion-anti-chute-forcapil-shampooing-energisant-offert\\\/#breadcrumb\"},\"inLanguage\":\"en-US\",\"potentialAction\":[{\"@type\":\"ReadAction\",\"target\":[\"https:\\\/\\\/paragaleriedetalborjt.com\\\/boutique\\\/forcapil-pack-lotion-anti-chute-forcapil-shampooing-energisant-offert\\\/\"]}]},{\"@type\":\"ImageObject\",\"inLanguage\":\"en-US\",\"@id\":\"https:\\\/\\\/paragaleriedetalborjt.com\\\/boutique\\\/forcapil-pack-lotion-anti-chute-forcapil-shampooing-energisant-offert\\\/#primaryimage\",\"url\":\"https:\\\/\\\/paragaleriedetalborjt.com\\\/wp-content\\\/uploads\\\/2026\\\/01\\\/Forcapil-LotionShampoing-600x600-1.png\",\"contentUrl\":\"https:\\\/\\\/paragaleriedetalborjt.com\\\/wp-content\\\/uploads\\\/2026\\\/01\\\/Forcapil-LotionShampoing-600x600-1.png\",\"width\":600,\"height\":600},{\"@type\":\"BreadcrumbList\",\"@id\":\"https:\\\/\\\/paragaleriedetalborjt.com\\\/boutique\\\/forcapil-pack-lotion-anti-chute-forcapil-shampooing-energisant-offert\\\/#breadcrumb\",\"itemListElement\":[{\"@type\":\"ListItem\",\"position\":1,\"name\":\"Accueil\",\"item\":\"https:\\\/\\\/paragaleriedetalborjt.com\\\/\"},{\"@type\":\"ListItem\",\"position\":2,\"name\":\"Boutique\",\"item\":\"https:\\\/\\\/paragaleriedetalborjt.com\\\/boutique\\\/\"},{\"@type\":\"ListItem\",\"position\":3,\"name\":\"FORCAPIL PACK LOTION ANTI CHUTE = FORCAPIL SHAMPOOING ENERGISANT OFFERT\"}]},{\"@type\":\"WebSite\",\"@id\":\"https:\\\/\\\/paragaleriedetalborjt.com\\\/#website\",\"url\":\"https:\\\/\\\/paragaleriedetalborjt.com\\\/\",\"name\":\"paragaleriedetalborjt\",\"description\":\"\",\"potentialAction\":[{\"@type\":\"SearchAction\",\"target\":{\"@type\":\"EntryPoint\",\"urlTemplate\":\"https:\\\/\\\/paragaleriedetalborjt.com\\\/?s={search_term_string}\"},\"query-input\":{\"@type\":\"PropertyValueSpecification\",\"valueRequired\":true,\"valueName\":\"search_term_string\"}}],\"inLanguage\":\"en-US\"}]}<\/script>\n<!-- \/ Yoast SEO plugin. -->","yoast_head_json":{"title":"FORCAPIL PACK LOTION ANTI CHUTE = FORCAPIL SHAMPOOING ENERGISANT OFFERT - paragaleriedetalborjt","robots":{"index":"index","follow":"follow","max-snippet":"max-snippet:-1","max-image-preview":"max-image-preview:large","max-video-preview":"max-video-preview:-1"},"canonical":"https:\/\/paragaleriedetalborjt.com\/en\/boutique\/forcapil-pack-lotion-anti-chute-forcapil-shampooing-energisant-offert\/","og_locale":"en_US","og_type":"article","og_title":"FORCAPIL PACK LOTION ANTI CHUTE = FORCAPIL SHAMPOOING ENERGISANT OFFERT - paragaleriedetalborjt","og_description":"Highlights:Commandez une lotion FORCAPIL et recevez un Shampooing OFFERT","og_url":"https:\/\/paragaleriedetalborjt.com\/en\/boutique\/forcapil-pack-lotion-anti-chute-forcapil-shampooing-energisant-offert\/","og_site_name":"paragaleriedetalborjt","article_modified_time":"2026-01-03T19:15:19+00:00","og_image":[{"width":600,"height":600,"url":"https:\/\/paragaleriedetalborjt.com\/wp-content\/uploads\/2026\/01\/Forcapil-LotionShampoing-600x600-1.png","type":"image\/png"}],"twitter_card":"summary_large_image","twitter_misc":{"Est. reading time":"2 minutes"},"schema":{"@context":"https:\/\/schema.org","@graph":[{"@type":"WebPage","@id":"https:\/\/paragaleriedetalborjt.com\/boutique\/forcapil-pack-lotion-anti-chute-forcapil-shampooing-energisant-offert\/","url":"https:\/\/paragaleriedetalborjt.com\/boutique\/forcapil-pack-lotion-anti-chute-forcapil-shampooing-energisant-offert\/","name":"FORCAPIL PACK LOTION ANTI CHUTE = FORCAPIL SHAMPOOING ENERGISANT OFFERT - paragaleriedetalborjt","isPartOf":{"@id":"https:\/\/paragaleriedetalborjt.com\/#website"},"primaryImageOfPage":{"@id":"https:\/\/paragaleriedetalborjt.com\/boutique\/forcapil-pack-lotion-anti-chute-forcapil-shampooing-energisant-offert\/#primaryimage"},"image":{"@id":"https:\/\/paragaleriedetalborjt.com\/boutique\/forcapil-pack-lotion-anti-chute-forcapil-shampooing-energisant-offert\/#primaryimage"},"thumbnailUrl":"https:\/\/paragaleriedetalborjt.com\/wp-content\/uploads\/2026\/01\/Forcapil-LotionShampoing-600x600-1.png","datePublished":"2026-01-03T17:37:33+00:00","dateModified":"2026-01-03T19:15:19+00:00","breadcrumb":{"@id":"https:\/\/paragaleriedetalborjt.com\/boutique\/forcapil-pack-lotion-anti-chute-forcapil-shampooing-energisant-offert\/#breadcrumb"},"inLanguage":"en-US","potentialAction":[{"@type":"ReadAction","target":["https:\/\/paragaleriedetalborjt.com\/boutique\/forcapil-pack-lotion-anti-chute-forcapil-shampooing-energisant-offert\/"]}]},{"@type":"ImageObject","inLanguage":"en-US","@id":"https:\/\/paragaleriedetalborjt.com\/boutique\/forcapil-pack-lotion-anti-chute-forcapil-shampooing-energisant-offert\/#primaryimage","url":"https:\/\/paragaleriedetalborjt.com\/wp-content\/uploads\/2026\/01\/Forcapil-LotionShampoing-600x600-1.png","contentUrl":"https:\/\/paragaleriedetalborjt.com\/wp-content\/uploads\/2026\/01\/Forcapil-LotionShampoing-600x600-1.png","width":600,"height":600},{"@type":"BreadcrumbList","@id":"https:\/\/paragaleriedetalborjt.com\/boutique\/forcapil-pack-lotion-anti-chute-forcapil-shampooing-energisant-offert\/#breadcrumb","itemListElement":[{"@type":"ListItem","position":1,"name":"Accueil","item":"https:\/\/paragaleriedetalborjt.com\/"},{"@type":"ListItem","position":2,"name":"Boutique","item":"https:\/\/paragaleriedetalborjt.com\/boutique\/"},{"@type":"ListItem","position":3,"name":"FORCAPIL PACK LOTION ANTI CHUTE = FORCAPIL SHAMPOOING ENERGISANT OFFERT"}]},{"@type":"WebSite","@id":"https:\/\/paragaleriedetalborjt.com\/#website","url":"https:\/\/paragaleriedetalborjt.com\/","name":"paragaleriedetalborjt","description":"","potentialAction":[{"@type":"SearchAction","target":{"@type":"EntryPoint","urlTemplate":"https:\/\/paragaleriedetalborjt.com\/?s={search_term_string}"},"query-input":{"@type":"PropertyValueSpecification","valueRequired":true,"valueName":"search_term_string"}}],"inLanguage":"en-US"}]}},"brands":[{"id":1636,"name":"Arkopharma","slug":"arkopharma"}],"_links":{"self":[{"href":"https:\/\/paragaleriedetalborjt.com\/en\/wp-json\/wp\/v2\/product\/38668","targetHints":{"allow":["GET"]}}],"collection":[{"href":"https:\/\/paragaleriedetalborjt.com\/en\/wp-json\/wp\/v2\/product"}],"about":[{"href":"https:\/\/paragaleriedetalborjt.com\/en\/wp-json\/wp\/v2\/types\/product"}],"replies":[{"embeddable":true,"href":"https:\/\/paragaleriedetalborjt.com\/en\/wp-json\/wp\/v2\/comments?post=38668"}],"version-history":[{"count":1,"href":"https:\/\/paragaleriedetalborjt.com\/en\/wp-json\/wp\/v2\/product\/38668\/revisions"}],"predecessor-version":[{"id":38670,"href":"https:\/\/paragaleriedetalborjt.com\/en\/wp-json\/wp\/v2\/product\/38668\/revisions\/38670"}],"wp:featuredmedia":[{"embeddable":true,"href":"https:\/\/paragaleriedetalborjt.com\/en\/wp-json\/wp\/v2\/media\/38669"}],"wp:attachment":[{"href":"https:\/\/paragaleriedetalborjt.com\/en\/wp-json\/wp\/v2\/media?parent=38668"}],"wp:term":[{"taxonomy":"pwb-brand","embeddable":true,"href":"https:\/\/paragaleriedetalborjt.com\/en\/wp-json\/wp\/v2\/pwb-brand?post=38668"},{"taxonomy":"product_cat","embeddable":true,"href":"https:\/\/paragaleriedetalborjt.com\/en\/wp-json\/wp\/v2\/product_cat?post=38668"},{"taxonomy":"product_tag","embeddable":true,"href":"https:\/\/paragaleriedetalborjt.com\/en\/wp-json\/wp\/v2\/product_tag?post=38668"}],"curies":[{"name":"wp","href":"https:\/\/api.w.org\/{rel}","templated":true}]}}