{"id":38597,"date":"2026-01-03T18:35:24","date_gmt":"2026-01-03T17:35:24","guid":{"rendered":"https:\/\/paragaleriedetalborjt.com\/?post_type=product&#038;p=38597"},"modified":"2026-01-03T20:15:12","modified_gmt":"2026-01-03T19:15:12","slug":"klorane-shampoing-a-la-quinine-et-aux-vitamines-b-200-ml","status":"publish","type":"product","link":"https:\/\/paragaleriedetalborjt.com\/en\/boutique\/klorane-shampoing-a-la-quinine-et-aux-vitamines-b-200-ml\/","title":{"rendered":"Klorane Shampoing \u00e0 la Quinine et aux Vitamines B \u2013 200 ml"},"content":{"rendered":"<div aria-labelledby=\"tab-title-description\" class=\"woocommerce-Tabs-panel woocommerce-Tabs-panel--description panel entry-content wc-tab\" id=\"tab-description\" role=\"tabpanel\" style=\"\">\n<h2>Description<\/h2>\n<p>Description<br \/>\nKlorane Shampooing \u00e0 la Quinine et aux Vitamines B 200 ml, a \u00e9t\u00e9 sp\u00e9cialement formul\u00e9 pour soigner les cheveux fatigu\u00e9s et fragilis\u00e9s, pour pr\u00e9venir la chute des cheveux ou en compl\u00e9ment des traitements anti-chute. La Quinine poss\u00e8de de puissantes propri\u00e9t\u00e9s fortifiantes, dont l\u2019efficacit\u00e9 a \u00e9t\u00e9 prouv\u00e9e scientifiquement. Combin\u00e9e aux vitamines B, elle conf\u00e8re \u00e0 ce shampoing une action stimulante sur le bulbe pilaire, pour des cheveux fortifi\u00e9s, revigor\u00e9s. Klorane cultive ses ingr\u00e9dients naturels dans le respect de l\u2019environnement. Sans silicone, test\u00e9 sous contr\u00f4le dermatologique. Formule biod\u00e9gradable.<\/p>\n<p>Conseils d\u2019utilisation<br \/>\nUn seul shampooing suffit. Rincer longuement \u00e0 l\u2019eau claire. En cas de contact avec les yeux, rincer abondamment.<\/p>\n<\/div>","protected":false},"excerpt":{"rendered":"<p>Highlights:Shampooing \u00e0 la Quinine et aux Vitamines B fortifie pour les cheveux fatigu\u00e9s, ternes, fragilis\u00e9s. Il aide ainsi \u00e0 lutter contre la chute des cheveux.<\/p>","protected":false},"featured_media":38598,"comment_status":"open","ping_status":"closed","template":"","meta":[],"pwb-brand":[1573],"product_cat":[16],"product_tag":[],"class_list":{"0":"post-38597","1":"product","2":"type-product","3":"status-publish","4":"has-post-thumbnail","6":"pwb-brand-klorane","7":"product_cat-non-classe","8":"pa_brands-klorane","10":"first","11":"instock","12":"sale","13":"shipping-taxable","14":"purchasable","15":"product-type-simple"},"yoast_head":"<!-- This site is optimized with the Yoast SEO plugin v27.5 - https:\/\/yoast.com\/product\/yoast-seo-wordpress\/ -->\n<title>Klorane Shampoing \u00e0 la Quinine et aux Vitamines B \u2013 200 ml - paragaleriedetalborjt<\/title>\n<meta name=\"robots\" content=\"index, follow, max-snippet:-1, max-image-preview:large, max-video-preview:-1\" \/>\n<link rel=\"canonical\" href=\"https:\/\/paragaleriedetalborjt.com\/en\/boutique\/klorane-shampoing-a-la-quinine-et-aux-vitamines-b-200-ml\/\" \/>\n<meta property=\"og:locale\" content=\"en_US\" \/>\n<meta property=\"og:type\" content=\"article\" \/>\n<meta property=\"og:title\" content=\"Klorane Shampoing \u00e0 la Quinine et aux Vitamines B \u2013 200 ml - paragaleriedetalborjt\" \/>\n<meta property=\"og:description\" content=\"Highlights:Shampooing \u00e0 la Quinine et aux Vitamines B fortifie pour les cheveux fatigu\u00e9s, ternes, fragilis\u00e9s. Il aide ainsi \u00e0 lutter contre la chute des cheveux.\" \/>\n<meta property=\"og:url\" content=\"https:\/\/paragaleriedetalborjt.com\/en\/boutique\/klorane-shampoing-a-la-quinine-et-aux-vitamines-b-200-ml\/\" \/>\n<meta property=\"og:site_name\" content=\"paragaleriedetalborjt\" \/>\n<meta property=\"article:modified_time\" content=\"2026-01-03T19:15:12+00:00\" \/>\n<meta property=\"og:image\" content=\"https:\/\/paragaleriedetalborjt.com\/wp-content\/uploads\/2026\/01\/klorane-shapm-a-la-quinine-200-ml.jpg\" \/>\n\t<meta property=\"og:image:width\" content=\"595\" \/>\n\t<meta property=\"og:image:height\" content=\"655\" \/>\n\t<meta property=\"og:image:type\" content=\"image\/jpeg\" \/>\n<meta name=\"twitter:card\" content=\"summary_large_image\" \/>\n<meta name=\"twitter:label1\" content=\"Est. reading time\" \/>\n\t<meta name=\"twitter:data1\" content=\"1 minute\" \/>\n<script type=\"application\/ld+json\" class=\"yoast-schema-graph\">{\"@context\":\"https:\\\/\\\/schema.org\",\"@graph\":[{\"@type\":\"WebPage\",\"@id\":\"https:\\\/\\\/paragaleriedetalborjt.com\\\/boutique\\\/klorane-shampoing-a-la-quinine-et-aux-vitamines-b-200-ml\\\/\",\"url\":\"https:\\\/\\\/paragaleriedetalborjt.com\\\/boutique\\\/klorane-shampoing-a-la-quinine-et-aux-vitamines-b-200-ml\\\/\",\"name\":\"Klorane Shampoing \u00e0 la Quinine et aux Vitamines B \u2013 200 ml - paragaleriedetalborjt\",\"isPartOf\":{\"@id\":\"https:\\\/\\\/paragaleriedetalborjt.com\\\/#website\"},\"primaryImageOfPage\":{\"@id\":\"https:\\\/\\\/paragaleriedetalborjt.com\\\/boutique\\\/klorane-shampoing-a-la-quinine-et-aux-vitamines-b-200-ml\\\/#primaryimage\"},\"image\":{\"@id\":\"https:\\\/\\\/paragaleriedetalborjt.com\\\/boutique\\\/klorane-shampoing-a-la-quinine-et-aux-vitamines-b-200-ml\\\/#primaryimage\"},\"thumbnailUrl\":\"https:\\\/\\\/paragaleriedetalborjt.com\\\/wp-content\\\/uploads\\\/2026\\\/01\\\/klorane-shapm-a-la-quinine-200-ml.jpg\",\"datePublished\":\"2026-01-03T17:35:24+00:00\",\"dateModified\":\"2026-01-03T19:15:12+00:00\",\"breadcrumb\":{\"@id\":\"https:\\\/\\\/paragaleriedetalborjt.com\\\/boutique\\\/klorane-shampoing-a-la-quinine-et-aux-vitamines-b-200-ml\\\/#breadcrumb\"},\"inLanguage\":\"en-US\",\"potentialAction\":[{\"@type\":\"ReadAction\",\"target\":[\"https:\\\/\\\/paragaleriedetalborjt.com\\\/boutique\\\/klorane-shampoing-a-la-quinine-et-aux-vitamines-b-200-ml\\\/\"]}]},{\"@type\":\"ImageObject\",\"inLanguage\":\"en-US\",\"@id\":\"https:\\\/\\\/paragaleriedetalborjt.com\\\/boutique\\\/klorane-shampoing-a-la-quinine-et-aux-vitamines-b-200-ml\\\/#primaryimage\",\"url\":\"https:\\\/\\\/paragaleriedetalborjt.com\\\/wp-content\\\/uploads\\\/2026\\\/01\\\/klorane-shapm-a-la-quinine-200-ml.jpg\",\"contentUrl\":\"https:\\\/\\\/paragaleriedetalborjt.com\\\/wp-content\\\/uploads\\\/2026\\\/01\\\/klorane-shapm-a-la-quinine-200-ml.jpg\",\"width\":595,\"height\":655},{\"@type\":\"BreadcrumbList\",\"@id\":\"https:\\\/\\\/paragaleriedetalborjt.com\\\/boutique\\\/klorane-shampoing-a-la-quinine-et-aux-vitamines-b-200-ml\\\/#breadcrumb\",\"itemListElement\":[{\"@type\":\"ListItem\",\"position\":1,\"name\":\"Accueil\",\"item\":\"https:\\\/\\\/paragaleriedetalborjt.com\\\/\"},{\"@type\":\"ListItem\",\"position\":2,\"name\":\"Boutique\",\"item\":\"https:\\\/\\\/paragaleriedetalborjt.com\\\/boutique\\\/\"},{\"@type\":\"ListItem\",\"position\":3,\"name\":\"Klorane Shampoing \u00e0 la Quinine et aux Vitamines B \u2013 200 ml\"}]},{\"@type\":\"WebSite\",\"@id\":\"https:\\\/\\\/paragaleriedetalborjt.com\\\/#website\",\"url\":\"https:\\\/\\\/paragaleriedetalborjt.com\\\/\",\"name\":\"paragaleriedetalborjt\",\"description\":\"\",\"potentialAction\":[{\"@type\":\"SearchAction\",\"target\":{\"@type\":\"EntryPoint\",\"urlTemplate\":\"https:\\\/\\\/paragaleriedetalborjt.com\\\/?s={search_term_string}\"},\"query-input\":{\"@type\":\"PropertyValueSpecification\",\"valueRequired\":true,\"valueName\":\"search_term_string\"}}],\"inLanguage\":\"en-US\"}]}<\/script>\n<!-- \/ Yoast SEO plugin. -->","yoast_head_json":{"title":"Klorane Shampoing \u00e0 la Quinine et aux Vitamines B \u2013 200 ml - paragaleriedetalborjt","robots":{"index":"index","follow":"follow","max-snippet":"max-snippet:-1","max-image-preview":"max-image-preview:large","max-video-preview":"max-video-preview:-1"},"canonical":"https:\/\/paragaleriedetalborjt.com\/en\/boutique\/klorane-shampoing-a-la-quinine-et-aux-vitamines-b-200-ml\/","og_locale":"en_US","og_type":"article","og_title":"Klorane Shampoing \u00e0 la Quinine et aux Vitamines B \u2013 200 ml - paragaleriedetalborjt","og_description":"Highlights:Shampooing \u00e0 la Quinine et aux Vitamines B fortifie pour les cheveux fatigu\u00e9s, ternes, fragilis\u00e9s. Il aide ainsi \u00e0 lutter contre la chute des cheveux.","og_url":"https:\/\/paragaleriedetalborjt.com\/en\/boutique\/klorane-shampoing-a-la-quinine-et-aux-vitamines-b-200-ml\/","og_site_name":"paragaleriedetalborjt","article_modified_time":"2026-01-03T19:15:12+00:00","og_image":[{"width":595,"height":655,"url":"https:\/\/paragaleriedetalborjt.com\/wp-content\/uploads\/2026\/01\/klorane-shapm-a-la-quinine-200-ml.jpg","type":"image\/jpeg"}],"twitter_card":"summary_large_image","twitter_misc":{"Est. reading time":"1 minute"},"schema":{"@context":"https:\/\/schema.org","@graph":[{"@type":"WebPage","@id":"https:\/\/paragaleriedetalborjt.com\/boutique\/klorane-shampoing-a-la-quinine-et-aux-vitamines-b-200-ml\/","url":"https:\/\/paragaleriedetalborjt.com\/boutique\/klorane-shampoing-a-la-quinine-et-aux-vitamines-b-200-ml\/","name":"Klorane Shampoing \u00e0 la Quinine et aux Vitamines B \u2013 200 ml - paragaleriedetalborjt","isPartOf":{"@id":"https:\/\/paragaleriedetalborjt.com\/#website"},"primaryImageOfPage":{"@id":"https:\/\/paragaleriedetalborjt.com\/boutique\/klorane-shampoing-a-la-quinine-et-aux-vitamines-b-200-ml\/#primaryimage"},"image":{"@id":"https:\/\/paragaleriedetalborjt.com\/boutique\/klorane-shampoing-a-la-quinine-et-aux-vitamines-b-200-ml\/#primaryimage"},"thumbnailUrl":"https:\/\/paragaleriedetalborjt.com\/wp-content\/uploads\/2026\/01\/klorane-shapm-a-la-quinine-200-ml.jpg","datePublished":"2026-01-03T17:35:24+00:00","dateModified":"2026-01-03T19:15:12+00:00","breadcrumb":{"@id":"https:\/\/paragaleriedetalborjt.com\/boutique\/klorane-shampoing-a-la-quinine-et-aux-vitamines-b-200-ml\/#breadcrumb"},"inLanguage":"en-US","potentialAction":[{"@type":"ReadAction","target":["https:\/\/paragaleriedetalborjt.com\/boutique\/klorane-shampoing-a-la-quinine-et-aux-vitamines-b-200-ml\/"]}]},{"@type":"ImageObject","inLanguage":"en-US","@id":"https:\/\/paragaleriedetalborjt.com\/boutique\/klorane-shampoing-a-la-quinine-et-aux-vitamines-b-200-ml\/#primaryimage","url":"https:\/\/paragaleriedetalborjt.com\/wp-content\/uploads\/2026\/01\/klorane-shapm-a-la-quinine-200-ml.jpg","contentUrl":"https:\/\/paragaleriedetalborjt.com\/wp-content\/uploads\/2026\/01\/klorane-shapm-a-la-quinine-200-ml.jpg","width":595,"height":655},{"@type":"BreadcrumbList","@id":"https:\/\/paragaleriedetalborjt.com\/boutique\/klorane-shampoing-a-la-quinine-et-aux-vitamines-b-200-ml\/#breadcrumb","itemListElement":[{"@type":"ListItem","position":1,"name":"Accueil","item":"https:\/\/paragaleriedetalborjt.com\/"},{"@type":"ListItem","position":2,"name":"Boutique","item":"https:\/\/paragaleriedetalborjt.com\/boutique\/"},{"@type":"ListItem","position":3,"name":"Klorane Shampoing \u00e0 la Quinine et aux Vitamines B \u2013 200 ml"}]},{"@type":"WebSite","@id":"https:\/\/paragaleriedetalborjt.com\/#website","url":"https:\/\/paragaleriedetalborjt.com\/","name":"paragaleriedetalborjt","description":"","potentialAction":[{"@type":"SearchAction","target":{"@type":"EntryPoint","urlTemplate":"https:\/\/paragaleriedetalborjt.com\/?s={search_term_string}"},"query-input":{"@type":"PropertyValueSpecification","valueRequired":true,"valueName":"search_term_string"}}],"inLanguage":"en-US"}]}},"brands":[{"id":1573,"name":"KLORANE","slug":"klorane"}],"_links":{"self":[{"href":"https:\/\/paragaleriedetalborjt.com\/en\/wp-json\/wp\/v2\/product\/38597","targetHints":{"allow":["GET"]}}],"collection":[{"href":"https:\/\/paragaleriedetalborjt.com\/en\/wp-json\/wp\/v2\/product"}],"about":[{"href":"https:\/\/paragaleriedetalborjt.com\/en\/wp-json\/wp\/v2\/types\/product"}],"replies":[{"embeddable":true,"href":"https:\/\/paragaleriedetalborjt.com\/en\/wp-json\/wp\/v2\/comments?post=38597"}],"version-history":[{"count":1,"href":"https:\/\/paragaleriedetalborjt.com\/en\/wp-json\/wp\/v2\/product\/38597\/revisions"}],"predecessor-version":[{"id":38599,"href":"https:\/\/paragaleriedetalborjt.com\/en\/wp-json\/wp\/v2\/product\/38597\/revisions\/38599"}],"wp:featuredmedia":[{"embeddable":true,"href":"https:\/\/paragaleriedetalborjt.com\/en\/wp-json\/wp\/v2\/media\/38598"}],"wp:attachment":[{"href":"https:\/\/paragaleriedetalborjt.com\/en\/wp-json\/wp\/v2\/media?parent=38597"}],"wp:term":[{"taxonomy":"pwb-brand","embeddable":true,"href":"https:\/\/paragaleriedetalborjt.com\/en\/wp-json\/wp\/v2\/pwb-brand?post=38597"},{"taxonomy":"product_cat","embeddable":true,"href":"https:\/\/paragaleriedetalborjt.com\/en\/wp-json\/wp\/v2\/product_cat?post=38597"},{"taxonomy":"product_tag","embeddable":true,"href":"https:\/\/paragaleriedetalborjt.com\/en\/wp-json\/wp\/v2\/product_tag?post=38597"}],"curies":[{"name":"wp","href":"https:\/\/api.w.org\/{rel}","templated":true}]}}