{"id":38558,"date":"2026-01-03T18:34:12","date_gmt":"2026-01-03T17:34:12","guid":{"rendered":"https:\/\/paragaleriedetalborjt.com\/?post_type=product&#038;p=38558"},"modified":"2026-01-03T20:15:08","modified_gmt":"2026-01-03T19:15:08","slug":"revox-just-acide-glycolique-20","status":"publish","type":"product","link":"https:\/\/paragaleriedetalborjt.com\/en\/boutique\/revox-just-acide-glycolique-20\/","title":{"rendered":"REVOX JUST Acide Glycolique 20%"},"content":{"rendered":"<div aria-labelledby=\"tab-title-description\" class=\"woocommerce-Tabs-panel woocommerce-Tabs-panel--description panel entry-content wc-tab\" id=\"tab-description\" role=\"tabpanel\" style=\"\">\n<h2>Description<\/h2>\n<p class=\"p1\">L\u2019acide glycolique est l\u2019un des acides alpha-hydroxy (AHA) les plus efficaces et les plus couramment utilis\u00e9s. Ses mol\u00e9cules sont les plus petites parmi les AHA, il est donc capable de p\u00e9n\u00e9trer la peau et d\u2019\u00eatre mieux absorb\u00e9.<\/p>\n<p class=\"p1\">Il agit en brisant les liens entre les vieilles cellules de la peau et en les lib\u00e9rant, afin qu\u2019elles puissent \u00eatre exfoli\u00e9es. Lorsqu\u2019il est utilis\u00e9 r\u00e9guli\u00e8rement, il aide \u00e0 acc\u00e9l\u00e9rer le processus de renouvellement de la peau, apportant une nouvelle peau fra\u00eeche \u00e0 la surface, qui para\u00eet plus jeune et plus ros\u00e9e.<\/p>\n<p class=\"p1\"><img class=\"ls-is-cached lazyloaded\" data-image=\"bnfb4gce0zgy\" data-src=\"https:\/\/cdn.shopify.com\/s\/files\/1\/0430\/1471\/7602\/files\/vegan_9a3e4c2a-7b92-4aa7-bace-9457daad57a1_100x100.png?v=1631866474\" decoding=\"async\" height=\"30\" src=\"https:\/\/cdn.shopify.com\/s\/files\/1\/0430\/1471\/7602\/files\/vegan_9a3e4c2a-7b92-4aa7-bace-9457daad57a1_100x100.png?v=1631866474\" width=\"47\"\/><\/p>\n<p class=\"p1\"><b>Mode d\u2019emploi :<\/b>\u00a0Appliquer 4 \u00e0 5 gouttes le soir sur une peau propre et compl\u00e8tement s\u00e8che, en \u00e9vitant le contour des yeux, et masser doucement. Apr\u00e8s 10-15 min, rincer abondamment \u00e0 l\u2019eau. Attendez que la peau s\u00e8che avant d\u2019appliquer le produit suivant.<\/p>\n<p class=\"p1\">\u00c0\u00a0<b>combiner avec :<\/b>\u00a0REVOX B77 JUST Argan Oil 100% ou REVOX B77 JUST Blend Oil dans le cadre de votre routine beaut\u00e9, pour nourrir et prot\u00e9ger la peau du dess\u00e8chement excessif.<\/p>\n<p class=\"p1\"><b>Ne pas combiner avec :<\/b>\u00a0d\u2019autres acides directs ou de la vitamine A pour \u00e9viter un dess\u00e8chement excessif et\/ou une irritation.<\/p>\n<p class=\"p1\"><b>Ingr\u00e9dients :<\/b>\u00a0Eau \/ Aqua, Acide Glycolique, Propyl\u00e8ne Glycol, Hydroxyde de Potassium, Gomme Xanthane, PPG-1-PEG-9 Lauryl Glycol Ether, Ph\u00e9noxy\u00e9thanol, EDTA disodique.<\/p>\n<p class=\"p3\">Attention : Ne pas utiliser sur une peau irrit\u00e9e ou ab\u00eem\u00e9e. \u00c9vitez l\u2019exposition directe au soleil et utilisez un \u00e9cran solaire, pendant et une semaine apr\u00e8s l\u2019utilisation de REVOX B77 JUST Glycolic Acid 20%. Une intol\u00e9rance individuelle au produit est possible. En cas d\u2019inconfort, cesser d\u2019utiliser le produit.<\/p>\n<p class=\"p4\">Avant la premi\u00e8re application, il est recommand\u00e9 d\u2019effectuer un test de sensibilit\u00e9 : appliquer 1 \u00e0 2 gouttes du produit sur une petite zone dans le pli du coude, attendre 15 minutes et rincer abondamment \u00e0 l\u2019eau. Si aucune irritation ne se d\u00e9veloppe apr\u00e8s 24 heures, le produit peut \u00eatre utilis\u00e9 en toute s\u00e9curit\u00e9. Ne pas appliquer sur une peau enflamm\u00e9e, br\u00fbl\u00e9e par le soleil ou irrit\u00e9e. Si vous ressentez une sensation de piq\u00fbre ou de br\u00fblure, le produit doit \u00eatre imm\u00e9diatement lav\u00e9 \u00e0 grande eau. Si la sensation de br\u00fblure persiste, consulter un m\u00e9decin.<\/p>\n<\/div>","protected":false},"excerpt":{"rendered":"<p>Highlights:REVOX B77 JUST GLYCOLIC ACID 20%est une solution tonifiante pour le visage et le cou.<\/p>","protected":false},"featured_media":38559,"comment_status":"open","ping_status":"closed","template":"","meta":[],"pwb-brand":[1574],"product_cat":[16],"product_tag":[],"class_list":{"0":"post-38558","1":"product","2":"type-product","3":"status-publish","4":"has-post-thumbnail","6":"pwb-brand-revox","7":"product_cat-non-classe","8":"pa_brands-revox","10":"first","11":"instock","12":"sale","13":"shipping-taxable","14":"purchasable","15":"product-type-simple"},"yoast_head":"<!-- This site is optimized with the Yoast SEO plugin v26.9 - https:\/\/yoast.com\/product\/yoast-seo-wordpress\/ -->\n<title>REVOX JUST Acide Glycolique 20% - paragaleriedetalborjt<\/title>\n<meta name=\"robots\" content=\"index, follow, max-snippet:-1, max-image-preview:large, max-video-preview:-1\" \/>\n<link rel=\"canonical\" href=\"https:\/\/paragaleriedetalborjt.com\/en\/boutique\/revox-just-acide-glycolique-20\/\" \/>\n<meta property=\"og:locale\" content=\"en_US\" \/>\n<meta property=\"og:type\" content=\"article\" \/>\n<meta property=\"og:title\" content=\"REVOX JUST Acide Glycolique 20% - paragaleriedetalborjt\" \/>\n<meta property=\"og:description\" content=\"Highlights:REVOX B77 JUST GLYCOLIC ACID 20%est une solution tonifiante pour le visage et le cou.\" \/>\n<meta property=\"og:url\" content=\"https:\/\/paragaleriedetalborjt.com\/en\/boutique\/revox-just-acide-glycolique-20\/\" \/>\n<meta property=\"og:site_name\" content=\"paragaleriedetalborjt\" \/>\n<meta property=\"article:modified_time\" content=\"2026-01-03T19:15:08+00:00\" \/>\n<meta property=\"og:image\" content=\"https:\/\/paragaleriedetalborjt.com\/wp-content\/uploads\/2026\/01\/JUST-Acide-glycolique-20-600x600-1.png\" \/>\n\t<meta property=\"og:image:width\" content=\"600\" \/>\n\t<meta property=\"og:image:height\" content=\"600\" \/>\n\t<meta property=\"og:image:type\" content=\"image\/png\" \/>\n<meta name=\"twitter:card\" content=\"summary_large_image\" \/>\n<meta name=\"twitter:label1\" content=\"Est. reading time\" \/>\n\t<meta name=\"twitter:data1\" content=\"2 minutes\" \/>\n<script type=\"application\/ld+json\" class=\"yoast-schema-graph\">{\"@context\":\"https:\/\/schema.org\",\"@graph\":[{\"@type\":\"WebPage\",\"@id\":\"https:\/\/paragaleriedetalborjt.com\/boutique\/revox-just-acide-glycolique-20\/\",\"url\":\"https:\/\/paragaleriedetalborjt.com\/boutique\/revox-just-acide-glycolique-20\/\",\"name\":\"REVOX JUST Acide Glycolique 20% - paragaleriedetalborjt\",\"isPartOf\":{\"@id\":\"https:\/\/paragaleriedetalborjt.com\/#website\"},\"primaryImageOfPage\":{\"@id\":\"https:\/\/paragaleriedetalborjt.com\/boutique\/revox-just-acide-glycolique-20\/#primaryimage\"},\"image\":{\"@id\":\"https:\/\/paragaleriedetalborjt.com\/boutique\/revox-just-acide-glycolique-20\/#primaryimage\"},\"thumbnailUrl\":\"https:\/\/paragaleriedetalborjt.com\/wp-content\/uploads\/2026\/01\/JUST-Acide-glycolique-20-600x600-1.png\",\"datePublished\":\"2026-01-03T17:34:12+00:00\",\"dateModified\":\"2026-01-03T19:15:08+00:00\",\"breadcrumb\":{\"@id\":\"https:\/\/paragaleriedetalborjt.com\/boutique\/revox-just-acide-glycolique-20\/#breadcrumb\"},\"inLanguage\":\"en-US\",\"potentialAction\":[{\"@type\":\"ReadAction\",\"target\":[\"https:\/\/paragaleriedetalborjt.com\/boutique\/revox-just-acide-glycolique-20\/\"]}]},{\"@type\":\"ImageObject\",\"inLanguage\":\"en-US\",\"@id\":\"https:\/\/paragaleriedetalborjt.com\/boutique\/revox-just-acide-glycolique-20\/#primaryimage\",\"url\":\"https:\/\/paragaleriedetalborjt.com\/wp-content\/uploads\/2026\/01\/JUST-Acide-glycolique-20-600x600-1.png\",\"contentUrl\":\"https:\/\/paragaleriedetalborjt.com\/wp-content\/uploads\/2026\/01\/JUST-Acide-glycolique-20-600x600-1.png\",\"width\":600,\"height\":600},{\"@type\":\"BreadcrumbList\",\"@id\":\"https:\/\/paragaleriedetalborjt.com\/boutique\/revox-just-acide-glycolique-20\/#breadcrumb\",\"itemListElement\":[{\"@type\":\"ListItem\",\"position\":1,\"name\":\"Accueil\",\"item\":\"https:\/\/paragaleriedetalborjt.com\/\"},{\"@type\":\"ListItem\",\"position\":2,\"name\":\"Boutique\",\"item\":\"https:\/\/paragaleriedetalborjt.com\/boutique\/\"},{\"@type\":\"ListItem\",\"position\":3,\"name\":\"REVOX JUST Acide Glycolique 20%\"}]},{\"@type\":\"WebSite\",\"@id\":\"https:\/\/paragaleriedetalborjt.com\/#website\",\"url\":\"https:\/\/paragaleriedetalborjt.com\/\",\"name\":\"paragaleriedetalborjt\",\"description\":\"\",\"potentialAction\":[{\"@type\":\"SearchAction\",\"target\":{\"@type\":\"EntryPoint\",\"urlTemplate\":\"https:\/\/paragaleriedetalborjt.com\/?s={search_term_string}\"},\"query-input\":{\"@type\":\"PropertyValueSpecification\",\"valueRequired\":true,\"valueName\":\"search_term_string\"}}],\"inLanguage\":\"en-US\"}]}<\/script>\n<!-- \/ Yoast SEO plugin. -->","yoast_head_json":{"title":"REVOX JUST Acide Glycolique 20% - paragaleriedetalborjt","robots":{"index":"index","follow":"follow","max-snippet":"max-snippet:-1","max-image-preview":"max-image-preview:large","max-video-preview":"max-video-preview:-1"},"canonical":"https:\/\/paragaleriedetalborjt.com\/en\/boutique\/revox-just-acide-glycolique-20\/","og_locale":"en_US","og_type":"article","og_title":"REVOX JUST Acide Glycolique 20% - paragaleriedetalborjt","og_description":"Highlights:REVOX B77 JUST GLYCOLIC ACID 20%est une solution tonifiante pour le visage et le cou.","og_url":"https:\/\/paragaleriedetalborjt.com\/en\/boutique\/revox-just-acide-glycolique-20\/","og_site_name":"paragaleriedetalborjt","article_modified_time":"2026-01-03T19:15:08+00:00","og_image":[{"width":600,"height":600,"url":"https:\/\/paragaleriedetalborjt.com\/wp-content\/uploads\/2026\/01\/JUST-Acide-glycolique-20-600x600-1.png","type":"image\/png"}],"twitter_card":"summary_large_image","twitter_misc":{"Est. reading time":"2 minutes"},"schema":{"@context":"https:\/\/schema.org","@graph":[{"@type":"WebPage","@id":"https:\/\/paragaleriedetalborjt.com\/boutique\/revox-just-acide-glycolique-20\/","url":"https:\/\/paragaleriedetalborjt.com\/boutique\/revox-just-acide-glycolique-20\/","name":"REVOX JUST Acide Glycolique 20% - paragaleriedetalborjt","isPartOf":{"@id":"https:\/\/paragaleriedetalborjt.com\/#website"},"primaryImageOfPage":{"@id":"https:\/\/paragaleriedetalborjt.com\/boutique\/revox-just-acide-glycolique-20\/#primaryimage"},"image":{"@id":"https:\/\/paragaleriedetalborjt.com\/boutique\/revox-just-acide-glycolique-20\/#primaryimage"},"thumbnailUrl":"https:\/\/paragaleriedetalborjt.com\/wp-content\/uploads\/2026\/01\/JUST-Acide-glycolique-20-600x600-1.png","datePublished":"2026-01-03T17:34:12+00:00","dateModified":"2026-01-03T19:15:08+00:00","breadcrumb":{"@id":"https:\/\/paragaleriedetalborjt.com\/boutique\/revox-just-acide-glycolique-20\/#breadcrumb"},"inLanguage":"en-US","potentialAction":[{"@type":"ReadAction","target":["https:\/\/paragaleriedetalborjt.com\/boutique\/revox-just-acide-glycolique-20\/"]}]},{"@type":"ImageObject","inLanguage":"en-US","@id":"https:\/\/paragaleriedetalborjt.com\/boutique\/revox-just-acide-glycolique-20\/#primaryimage","url":"https:\/\/paragaleriedetalborjt.com\/wp-content\/uploads\/2026\/01\/JUST-Acide-glycolique-20-600x600-1.png","contentUrl":"https:\/\/paragaleriedetalborjt.com\/wp-content\/uploads\/2026\/01\/JUST-Acide-glycolique-20-600x600-1.png","width":600,"height":600},{"@type":"BreadcrumbList","@id":"https:\/\/paragaleriedetalborjt.com\/boutique\/revox-just-acide-glycolique-20\/#breadcrumb","itemListElement":[{"@type":"ListItem","position":1,"name":"Accueil","item":"https:\/\/paragaleriedetalborjt.com\/"},{"@type":"ListItem","position":2,"name":"Boutique","item":"https:\/\/paragaleriedetalborjt.com\/boutique\/"},{"@type":"ListItem","position":3,"name":"REVOX JUST Acide Glycolique 20%"}]},{"@type":"WebSite","@id":"https:\/\/paragaleriedetalborjt.com\/#website","url":"https:\/\/paragaleriedetalborjt.com\/","name":"paragaleriedetalborjt","description":"","potentialAction":[{"@type":"SearchAction","target":{"@type":"EntryPoint","urlTemplate":"https:\/\/paragaleriedetalborjt.com\/?s={search_term_string}"},"query-input":{"@type":"PropertyValueSpecification","valueRequired":true,"valueName":"search_term_string"}}],"inLanguage":"en-US"}]}},"brands":[{"id":1574,"name":"REVOX","slug":"revox"}],"_links":{"self":[{"href":"https:\/\/paragaleriedetalborjt.com\/en\/wp-json\/wp\/v2\/product\/38558","targetHints":{"allow":["GET"]}}],"collection":[{"href":"https:\/\/paragaleriedetalborjt.com\/en\/wp-json\/wp\/v2\/product"}],"about":[{"href":"https:\/\/paragaleriedetalborjt.com\/en\/wp-json\/wp\/v2\/types\/product"}],"replies":[{"embeddable":true,"href":"https:\/\/paragaleriedetalborjt.com\/en\/wp-json\/wp\/v2\/comments?post=38558"}],"version-history":[{"count":1,"href":"https:\/\/paragaleriedetalborjt.com\/en\/wp-json\/wp\/v2\/product\/38558\/revisions"}],"predecessor-version":[{"id":38560,"href":"https:\/\/paragaleriedetalborjt.com\/en\/wp-json\/wp\/v2\/product\/38558\/revisions\/38560"}],"wp:featuredmedia":[{"embeddable":true,"href":"https:\/\/paragaleriedetalborjt.com\/en\/wp-json\/wp\/v2\/media\/38559"}],"wp:attachment":[{"href":"https:\/\/paragaleriedetalborjt.com\/en\/wp-json\/wp\/v2\/media?parent=38558"}],"wp:term":[{"taxonomy":"pwb-brand","embeddable":true,"href":"https:\/\/paragaleriedetalborjt.com\/en\/wp-json\/wp\/v2\/pwb-brand?post=38558"},{"taxonomy":"product_cat","embeddable":true,"href":"https:\/\/paragaleriedetalborjt.com\/en\/wp-json\/wp\/v2\/product_cat?post=38558"},{"taxonomy":"product_tag","embeddable":true,"href":"https:\/\/paragaleriedetalborjt.com\/en\/wp-json\/wp\/v2\/product_tag?post=38558"}],"curies":[{"name":"wp","href":"https:\/\/api.w.org\/{rel}","templated":true}]}}