{"id":38534,"date":"2026-01-03T18:33:26","date_gmt":"2026-01-03T17:33:26","guid":{"rendered":"https:\/\/paragaleriedetalborjt.com\/?post_type=product&#038;p=38534"},"modified":"2026-01-03T20:15:05","modified_gmt":"2026-01-03T19:15:05","slug":"ducray-extra-doux-shampooing-dermo-protecteur-400-ml","status":"publish","type":"product","link":"https:\/\/paragaleriedetalborjt.com\/en\/boutique\/ducray-extra-doux-shampooing-dermo-protecteur-400-ml\/","title":{"rendered":"Ducray \u2013 Extra-Doux Shampooing Dermo-protecteur \u2013 400 ml"},"content":{"rendered":"<div aria-labelledby=\"tab-title-description\" class=\"woocommerce-Tabs-panel woocommerce-Tabs-panel--description panel entry-content wc-tab\" id=\"tab-description\" role=\"tabpanel\" style=\"\">\n<h2>Description<\/h2>\n<p>\u2022 Le shampooing dermo-protecteur EXTRA-DOUX, au parfum hypoallerg\u00e9nique, lave en douceur les cheveux de toute la famille<\/p>\n<p>\u2022 Sa formule minimaliste et biod\u00e9gradable est compos\u00e9e de 11 ingr\u00e9dients \u00e0 91% d\u2019origine naturelle<\/p>\n<p>\u2022 Il respecte l\u2019\u00e9quilibre du cuir chevelu et ne pique pas les yeux<\/p>\n<p>\u2022 Sans colorant ni silicone, il offre aux cheveux hydratation, brillance et souplesse pour un usage fr\u00e9quent<\/p>\n<p>\u2022 Engag\u00e9 aupr\u00e8s de l\u2019environnement, il se pr\u00e9sente sous forme d\u2019un flacon en 100% PET recycl\u00e9 et recyclable<\/p>\n<p>\u2022 Appliquer sur cheveux mouill\u00e9s<br \/>\n\u2022 Faire mousser<br \/>\n\u2022 Rincer<br \/>\n\u2022 Renouveler l\u2019application<\/p>\n<\/div>","protected":false},"excerpt":{"rendered":"<p>Highlights:\u2022 LAVE en douceur les cheveux de toute la famille (b\u00e9b\u00e9, enfant, adulte)\u2022 RESPECTE l\u2019\u00e9quilibre du cuir chevelu et des cheveux\u2022 OFFRE une formule minimaliste \u00e0 91% d\u2019ingr\u00e9dients d\u2019origine naturelle<\/p>","protected":false},"featured_media":38535,"comment_status":"open","ping_status":"closed","template":"","meta":[],"pwb-brand":[1583],"product_cat":[16],"product_tag":[],"class_list":{"0":"post-38534","1":"product","2":"type-product","3":"status-publish","4":"has-post-thumbnail","6":"pwb-brand-ducray","7":"product_cat-non-classe","8":"pa_brands-ducray","10":"first","11":"instock","12":"sale","13":"shipping-taxable","14":"purchasable","15":"product-type-simple"},"yoast_head":"<!-- This site is optimized with the Yoast SEO plugin v27.5 - https:\/\/yoast.com\/product\/yoast-seo-wordpress\/ -->\n<title>Ducray \u2013 Extra-Doux Shampooing Dermo-protecteur \u2013 400 ml - paragaleriedetalborjt<\/title>\n<meta name=\"robots\" content=\"index, follow, max-snippet:-1, max-image-preview:large, max-video-preview:-1\" \/>\n<link rel=\"canonical\" href=\"https:\/\/paragaleriedetalborjt.com\/en\/boutique\/ducray-extra-doux-shampooing-dermo-protecteur-400-ml\/\" \/>\n<meta property=\"og:locale\" content=\"en_US\" \/>\n<meta property=\"og:type\" content=\"article\" \/>\n<meta property=\"og:title\" content=\"Ducray \u2013 Extra-Doux Shampooing Dermo-protecteur \u2013 400 ml - paragaleriedetalborjt\" \/>\n<meta property=\"og:description\" content=\"Highlights:\u2022 LAVE en douceur les cheveux de toute la famille (b\u00e9b\u00e9, enfant, adulte)\u2022 RESPECTE l\u2019\u00e9quilibre du cuir chevelu et des cheveux\u2022 OFFRE une formule minimaliste \u00e0 91% d\u2019ingr\u00e9dients d\u2019origine naturelle\" \/>\n<meta property=\"og:url\" content=\"https:\/\/paragaleriedetalborjt.com\/en\/boutique\/ducray-extra-doux-shampooing-dermo-protecteur-400-ml\/\" \/>\n<meta property=\"og:site_name\" content=\"paragaleriedetalborjt\" \/>\n<meta property=\"article:modified_time\" content=\"2026-01-03T19:15:05+00:00\" \/>\n<meta property=\"og:image\" content=\"https:\/\/paragaleriedetalborjt.com\/wp-content\/uploads\/2026\/01\/ducray-shampooing-extra-doux.jpg\" \/>\n\t<meta property=\"og:image:width\" content=\"594\" \/>\n\t<meta property=\"og:image:height\" content=\"654\" \/>\n\t<meta property=\"og:image:type\" content=\"image\/jpeg\" \/>\n<meta name=\"twitter:card\" content=\"summary_large_image\" \/>\n<script type=\"application\/ld+json\" class=\"yoast-schema-graph\">{\"@context\":\"https:\\\/\\\/schema.org\",\"@graph\":[{\"@type\":\"WebPage\",\"@id\":\"https:\\\/\\\/paragaleriedetalborjt.com\\\/boutique\\\/ducray-extra-doux-shampooing-dermo-protecteur-400-ml\\\/\",\"url\":\"https:\\\/\\\/paragaleriedetalborjt.com\\\/boutique\\\/ducray-extra-doux-shampooing-dermo-protecteur-400-ml\\\/\",\"name\":\"Ducray \u2013 Extra-Doux Shampooing Dermo-protecteur \u2013 400 ml - paragaleriedetalborjt\",\"isPartOf\":{\"@id\":\"https:\\\/\\\/paragaleriedetalborjt.com\\\/#website\"},\"primaryImageOfPage\":{\"@id\":\"https:\\\/\\\/paragaleriedetalborjt.com\\\/boutique\\\/ducray-extra-doux-shampooing-dermo-protecteur-400-ml\\\/#primaryimage\"},\"image\":{\"@id\":\"https:\\\/\\\/paragaleriedetalborjt.com\\\/boutique\\\/ducray-extra-doux-shampooing-dermo-protecteur-400-ml\\\/#primaryimage\"},\"thumbnailUrl\":\"https:\\\/\\\/paragaleriedetalborjt.com\\\/wp-content\\\/uploads\\\/2026\\\/01\\\/ducray-shampooing-extra-doux.jpg\",\"datePublished\":\"2026-01-03T17:33:26+00:00\",\"dateModified\":\"2026-01-03T19:15:05+00:00\",\"breadcrumb\":{\"@id\":\"https:\\\/\\\/paragaleriedetalborjt.com\\\/boutique\\\/ducray-extra-doux-shampooing-dermo-protecteur-400-ml\\\/#breadcrumb\"},\"inLanguage\":\"en-US\",\"potentialAction\":[{\"@type\":\"ReadAction\",\"target\":[\"https:\\\/\\\/paragaleriedetalborjt.com\\\/boutique\\\/ducray-extra-doux-shampooing-dermo-protecteur-400-ml\\\/\"]}]},{\"@type\":\"ImageObject\",\"inLanguage\":\"en-US\",\"@id\":\"https:\\\/\\\/paragaleriedetalborjt.com\\\/boutique\\\/ducray-extra-doux-shampooing-dermo-protecteur-400-ml\\\/#primaryimage\",\"url\":\"https:\\\/\\\/paragaleriedetalborjt.com\\\/wp-content\\\/uploads\\\/2026\\\/01\\\/ducray-shampooing-extra-doux.jpg\",\"contentUrl\":\"https:\\\/\\\/paragaleriedetalborjt.com\\\/wp-content\\\/uploads\\\/2026\\\/01\\\/ducray-shampooing-extra-doux.jpg\",\"width\":594,\"height\":654},{\"@type\":\"BreadcrumbList\",\"@id\":\"https:\\\/\\\/paragaleriedetalborjt.com\\\/boutique\\\/ducray-extra-doux-shampooing-dermo-protecteur-400-ml\\\/#breadcrumb\",\"itemListElement\":[{\"@type\":\"ListItem\",\"position\":1,\"name\":\"Accueil\",\"item\":\"https:\\\/\\\/paragaleriedetalborjt.com\\\/\"},{\"@type\":\"ListItem\",\"position\":2,\"name\":\"Boutique\",\"item\":\"https:\\\/\\\/paragaleriedetalborjt.com\\\/boutique\\\/\"},{\"@type\":\"ListItem\",\"position\":3,\"name\":\"Ducray \u2013 Extra-Doux Shampooing Dermo-protecteur \u2013 400 ml\"}]},{\"@type\":\"WebSite\",\"@id\":\"https:\\\/\\\/paragaleriedetalborjt.com\\\/#website\",\"url\":\"https:\\\/\\\/paragaleriedetalborjt.com\\\/\",\"name\":\"paragaleriedetalborjt\",\"description\":\"\",\"potentialAction\":[{\"@type\":\"SearchAction\",\"target\":{\"@type\":\"EntryPoint\",\"urlTemplate\":\"https:\\\/\\\/paragaleriedetalborjt.com\\\/?s={search_term_string}\"},\"query-input\":{\"@type\":\"PropertyValueSpecification\",\"valueRequired\":true,\"valueName\":\"search_term_string\"}}],\"inLanguage\":\"en-US\"}]}<\/script>\n<!-- \/ Yoast SEO plugin. -->","yoast_head_json":{"title":"Ducray \u2013 Extra-Doux Shampooing Dermo-protecteur \u2013 400 ml - paragaleriedetalborjt","robots":{"index":"index","follow":"follow","max-snippet":"max-snippet:-1","max-image-preview":"max-image-preview:large","max-video-preview":"max-video-preview:-1"},"canonical":"https:\/\/paragaleriedetalborjt.com\/en\/boutique\/ducray-extra-doux-shampooing-dermo-protecteur-400-ml\/","og_locale":"en_US","og_type":"article","og_title":"Ducray \u2013 Extra-Doux Shampooing Dermo-protecteur \u2013 400 ml - paragaleriedetalborjt","og_description":"Highlights:\u2022 LAVE en douceur les cheveux de toute la famille (b\u00e9b\u00e9, enfant, adulte)\u2022 RESPECTE l\u2019\u00e9quilibre du cuir chevelu et des cheveux\u2022 OFFRE une formule minimaliste \u00e0 91% d\u2019ingr\u00e9dients d\u2019origine naturelle","og_url":"https:\/\/paragaleriedetalborjt.com\/en\/boutique\/ducray-extra-doux-shampooing-dermo-protecteur-400-ml\/","og_site_name":"paragaleriedetalborjt","article_modified_time":"2026-01-03T19:15:05+00:00","og_image":[{"width":594,"height":654,"url":"https:\/\/paragaleriedetalborjt.com\/wp-content\/uploads\/2026\/01\/ducray-shampooing-extra-doux.jpg","type":"image\/jpeg"}],"twitter_card":"summary_large_image","schema":{"@context":"https:\/\/schema.org","@graph":[{"@type":"WebPage","@id":"https:\/\/paragaleriedetalborjt.com\/boutique\/ducray-extra-doux-shampooing-dermo-protecteur-400-ml\/","url":"https:\/\/paragaleriedetalborjt.com\/boutique\/ducray-extra-doux-shampooing-dermo-protecteur-400-ml\/","name":"Ducray \u2013 Extra-Doux Shampooing Dermo-protecteur \u2013 400 ml - paragaleriedetalborjt","isPartOf":{"@id":"https:\/\/paragaleriedetalborjt.com\/#website"},"primaryImageOfPage":{"@id":"https:\/\/paragaleriedetalborjt.com\/boutique\/ducray-extra-doux-shampooing-dermo-protecteur-400-ml\/#primaryimage"},"image":{"@id":"https:\/\/paragaleriedetalborjt.com\/boutique\/ducray-extra-doux-shampooing-dermo-protecteur-400-ml\/#primaryimage"},"thumbnailUrl":"https:\/\/paragaleriedetalborjt.com\/wp-content\/uploads\/2026\/01\/ducray-shampooing-extra-doux.jpg","datePublished":"2026-01-03T17:33:26+00:00","dateModified":"2026-01-03T19:15:05+00:00","breadcrumb":{"@id":"https:\/\/paragaleriedetalborjt.com\/boutique\/ducray-extra-doux-shampooing-dermo-protecteur-400-ml\/#breadcrumb"},"inLanguage":"en-US","potentialAction":[{"@type":"ReadAction","target":["https:\/\/paragaleriedetalborjt.com\/boutique\/ducray-extra-doux-shampooing-dermo-protecteur-400-ml\/"]}]},{"@type":"ImageObject","inLanguage":"en-US","@id":"https:\/\/paragaleriedetalborjt.com\/boutique\/ducray-extra-doux-shampooing-dermo-protecteur-400-ml\/#primaryimage","url":"https:\/\/paragaleriedetalborjt.com\/wp-content\/uploads\/2026\/01\/ducray-shampooing-extra-doux.jpg","contentUrl":"https:\/\/paragaleriedetalborjt.com\/wp-content\/uploads\/2026\/01\/ducray-shampooing-extra-doux.jpg","width":594,"height":654},{"@type":"BreadcrumbList","@id":"https:\/\/paragaleriedetalborjt.com\/boutique\/ducray-extra-doux-shampooing-dermo-protecteur-400-ml\/#breadcrumb","itemListElement":[{"@type":"ListItem","position":1,"name":"Accueil","item":"https:\/\/paragaleriedetalborjt.com\/"},{"@type":"ListItem","position":2,"name":"Boutique","item":"https:\/\/paragaleriedetalborjt.com\/boutique\/"},{"@type":"ListItem","position":3,"name":"Ducray \u2013 Extra-Doux Shampooing Dermo-protecteur \u2013 400 ml"}]},{"@type":"WebSite","@id":"https:\/\/paragaleriedetalborjt.com\/#website","url":"https:\/\/paragaleriedetalborjt.com\/","name":"paragaleriedetalborjt","description":"","potentialAction":[{"@type":"SearchAction","target":{"@type":"EntryPoint","urlTemplate":"https:\/\/paragaleriedetalborjt.com\/?s={search_term_string}"},"query-input":{"@type":"PropertyValueSpecification","valueRequired":true,"valueName":"search_term_string"}}],"inLanguage":"en-US"}]}},"brands":[{"id":1583,"name":"DUCRAY","slug":"ducray"}],"_links":{"self":[{"href":"https:\/\/paragaleriedetalborjt.com\/en\/wp-json\/wp\/v2\/product\/38534","targetHints":{"allow":["GET"]}}],"collection":[{"href":"https:\/\/paragaleriedetalborjt.com\/en\/wp-json\/wp\/v2\/product"}],"about":[{"href":"https:\/\/paragaleriedetalborjt.com\/en\/wp-json\/wp\/v2\/types\/product"}],"replies":[{"embeddable":true,"href":"https:\/\/paragaleriedetalborjt.com\/en\/wp-json\/wp\/v2\/comments?post=38534"}],"version-history":[{"count":1,"href":"https:\/\/paragaleriedetalborjt.com\/en\/wp-json\/wp\/v2\/product\/38534\/revisions"}],"predecessor-version":[{"id":38536,"href":"https:\/\/paragaleriedetalborjt.com\/en\/wp-json\/wp\/v2\/product\/38534\/revisions\/38536"}],"wp:featuredmedia":[{"embeddable":true,"href":"https:\/\/paragaleriedetalborjt.com\/en\/wp-json\/wp\/v2\/media\/38535"}],"wp:attachment":[{"href":"https:\/\/paragaleriedetalborjt.com\/en\/wp-json\/wp\/v2\/media?parent=38534"}],"wp:term":[{"taxonomy":"pwb-brand","embeddable":true,"href":"https:\/\/paragaleriedetalborjt.com\/en\/wp-json\/wp\/v2\/pwb-brand?post=38534"},{"taxonomy":"product_cat","embeddable":true,"href":"https:\/\/paragaleriedetalborjt.com\/en\/wp-json\/wp\/v2\/product_cat?post=38534"},{"taxonomy":"product_tag","embeddable":true,"href":"https:\/\/paragaleriedetalborjt.com\/en\/wp-json\/wp\/v2\/product_tag?post=38534"}],"curies":[{"name":"wp","href":"https:\/\/api.w.org\/{rel}","templated":true}]}}