{"id":38528,"date":"2026-01-03T18:33:17","date_gmt":"2026-01-03T17:33:17","guid":{"rendered":"https:\/\/paragaleriedetalborjt.com\/?post_type=product&#038;p=38528"},"modified":"2026-01-03T20:15:05","modified_gmt":"2026-01-03T19:15:05","slug":"naturesoin-argisoin-savon-a-largile-noire-125-g","status":"publish","type":"product","link":"https:\/\/paragaleriedetalborjt.com\/en\/boutique\/naturesoin-argisoin-savon-a-largile-noire-125-g\/","title":{"rendered":"NaturEsoin Argisoin Savon \u00e0 l\u2019Argile Noire- 125 G"},"content":{"rendered":"<div aria-labelledby=\"tab-title-description\" class=\"woocommerce-Tabs-panel woocommerce-Tabs-panel--description panel entry-content wc-tab\" id=\"tab-description\" role=\"tabpanel\" style=\"\">\n<h2>Description<\/h2>\n<p>Description<br \/>\nSAVON D\u2019ORIGINE V\u00c9G\u00c9TALE, SANS GRAISSES ANIMALES, SANS PARABENS SANS PARFUM. ACTIFS 100% NATURELS. Savon doux \u00e0 l\u2019argile noire riche en fer, douce et absorbante, enrichi \u00e0 l\u2019huile essentielle d\u2019orange, revitalisante et astringente et \u00e0 l\u2019huile d\u2019amandes douces, tonifiante et assouplissante. Nettoie, adoucit et purifie la peau.<\/p>\n<p>Conseils d\u2019utilisation<br \/>\nSavonner g\u00e9n\u00e9reusement le corps et laisser agir. Rincer abondamment \u00e0 l\u2019eau. Utiliser pour votre toilette quotidienne.<\/p>\n<\/div>","protected":false},"excerpt":{"rendered":"<p>Highlights:Savon doux \u00e0 l\u2019huile essentielle d\u2019orange et \u00e0 l\u2019huile d\u2019amandes douces pour tous types de peaux<\/p>","protected":false},"featured_media":38529,"comment_status":"open","ping_status":"closed","template":"","meta":[],"pwb-brand":[1585],"product_cat":[16],"product_tag":[],"class_list":{"0":"post-38528","1":"product","2":"type-product","3":"status-publish","4":"has-post-thumbnail","6":"pwb-brand-naturesoin","7":"product_cat-non-classe","8":"pa_brands-naturesoin","10":"first","11":"instock","12":"sale","13":"shipping-taxable","14":"purchasable","15":"product-type-simple"},"yoast_head":"<!-- This site is optimized with the Yoast SEO plugin v27.5 - https:\/\/yoast.com\/product\/yoast-seo-wordpress\/ -->\n<title>NaturEsoin Argisoin Savon \u00e0 l\u2019Argile Noire- 125 G - paragaleriedetalborjt<\/title>\n<meta name=\"robots\" content=\"index, follow, max-snippet:-1, max-image-preview:large, max-video-preview:-1\" \/>\n<link rel=\"canonical\" href=\"https:\/\/paragaleriedetalborjt.com\/en\/boutique\/naturesoin-argisoin-savon-a-largile-noire-125-g\/\" \/>\n<meta property=\"og:locale\" content=\"en_US\" \/>\n<meta property=\"og:type\" content=\"article\" \/>\n<meta property=\"og:title\" content=\"NaturEsoin Argisoin Savon \u00e0 l\u2019Argile Noire- 125 G - paragaleriedetalborjt\" \/>\n<meta property=\"og:description\" content=\"Highlights:Savon doux \u00e0 l\u2019huile essentielle d\u2019orange et \u00e0 l\u2019huile d\u2019amandes douces pour tous types de peaux\" \/>\n<meta property=\"og:url\" content=\"https:\/\/paragaleriedetalborjt.com\/en\/boutique\/naturesoin-argisoin-savon-a-largile-noire-125-g\/\" \/>\n<meta property=\"og:site_name\" content=\"paragaleriedetalborjt\" \/>\n<meta property=\"article:modified_time\" content=\"2026-01-03T19:15:05+00:00\" \/>\n<meta property=\"og:image\" content=\"https:\/\/paragaleriedetalborjt.com\/wp-content\/uploads\/2026\/01\/6111259371538.jpg\" \/>\n\t<meta property=\"og:image:width\" content=\"595\" \/>\n\t<meta property=\"og:image:height\" content=\"655\" \/>\n\t<meta property=\"og:image:type\" content=\"image\/jpeg\" \/>\n<meta name=\"twitter:card\" content=\"summary_large_image\" \/>\n<script type=\"application\/ld+json\" class=\"yoast-schema-graph\">{\"@context\":\"https:\\\/\\\/schema.org\",\"@graph\":[{\"@type\":\"WebPage\",\"@id\":\"https:\\\/\\\/paragaleriedetalborjt.com\\\/boutique\\\/naturesoin-argisoin-savon-a-largile-noire-125-g\\\/\",\"url\":\"https:\\\/\\\/paragaleriedetalborjt.com\\\/boutique\\\/naturesoin-argisoin-savon-a-largile-noire-125-g\\\/\",\"name\":\"NaturEsoin Argisoin Savon \u00e0 l\u2019Argile Noire- 125 G - paragaleriedetalborjt\",\"isPartOf\":{\"@id\":\"https:\\\/\\\/paragaleriedetalborjt.com\\\/#website\"},\"primaryImageOfPage\":{\"@id\":\"https:\\\/\\\/paragaleriedetalborjt.com\\\/boutique\\\/naturesoin-argisoin-savon-a-largile-noire-125-g\\\/#primaryimage\"},\"image\":{\"@id\":\"https:\\\/\\\/paragaleriedetalborjt.com\\\/boutique\\\/naturesoin-argisoin-savon-a-largile-noire-125-g\\\/#primaryimage\"},\"thumbnailUrl\":\"https:\\\/\\\/paragaleriedetalborjt.com\\\/wp-content\\\/uploads\\\/2026\\\/01\\\/6111259371538.jpg\",\"datePublished\":\"2026-01-03T17:33:17+00:00\",\"dateModified\":\"2026-01-03T19:15:05+00:00\",\"breadcrumb\":{\"@id\":\"https:\\\/\\\/paragaleriedetalborjt.com\\\/boutique\\\/naturesoin-argisoin-savon-a-largile-noire-125-g\\\/#breadcrumb\"},\"inLanguage\":\"en-US\",\"potentialAction\":[{\"@type\":\"ReadAction\",\"target\":[\"https:\\\/\\\/paragaleriedetalborjt.com\\\/boutique\\\/naturesoin-argisoin-savon-a-largile-noire-125-g\\\/\"]}]},{\"@type\":\"ImageObject\",\"inLanguage\":\"en-US\",\"@id\":\"https:\\\/\\\/paragaleriedetalborjt.com\\\/boutique\\\/naturesoin-argisoin-savon-a-largile-noire-125-g\\\/#primaryimage\",\"url\":\"https:\\\/\\\/paragaleriedetalborjt.com\\\/wp-content\\\/uploads\\\/2026\\\/01\\\/6111259371538.jpg\",\"contentUrl\":\"https:\\\/\\\/paragaleriedetalborjt.com\\\/wp-content\\\/uploads\\\/2026\\\/01\\\/6111259371538.jpg\",\"width\":595,\"height\":655},{\"@type\":\"BreadcrumbList\",\"@id\":\"https:\\\/\\\/paragaleriedetalborjt.com\\\/boutique\\\/naturesoin-argisoin-savon-a-largile-noire-125-g\\\/#breadcrumb\",\"itemListElement\":[{\"@type\":\"ListItem\",\"position\":1,\"name\":\"Accueil\",\"item\":\"https:\\\/\\\/paragaleriedetalborjt.com\\\/\"},{\"@type\":\"ListItem\",\"position\":2,\"name\":\"Boutique\",\"item\":\"https:\\\/\\\/paragaleriedetalborjt.com\\\/boutique\\\/\"},{\"@type\":\"ListItem\",\"position\":3,\"name\":\"NaturEsoin Argisoin Savon \u00e0 l\u2019Argile Noire- 125 G\"}]},{\"@type\":\"WebSite\",\"@id\":\"https:\\\/\\\/paragaleriedetalborjt.com\\\/#website\",\"url\":\"https:\\\/\\\/paragaleriedetalborjt.com\\\/\",\"name\":\"paragaleriedetalborjt\",\"description\":\"\",\"potentialAction\":[{\"@type\":\"SearchAction\",\"target\":{\"@type\":\"EntryPoint\",\"urlTemplate\":\"https:\\\/\\\/paragaleriedetalborjt.com\\\/?s={search_term_string}\"},\"query-input\":{\"@type\":\"PropertyValueSpecification\",\"valueRequired\":true,\"valueName\":\"search_term_string\"}}],\"inLanguage\":\"en-US\"}]}<\/script>\n<!-- \/ Yoast SEO plugin. -->","yoast_head_json":{"title":"NaturEsoin Argisoin Savon \u00e0 l\u2019Argile Noire- 125 G - paragaleriedetalborjt","robots":{"index":"index","follow":"follow","max-snippet":"max-snippet:-1","max-image-preview":"max-image-preview:large","max-video-preview":"max-video-preview:-1"},"canonical":"https:\/\/paragaleriedetalborjt.com\/en\/boutique\/naturesoin-argisoin-savon-a-largile-noire-125-g\/","og_locale":"en_US","og_type":"article","og_title":"NaturEsoin Argisoin Savon \u00e0 l\u2019Argile Noire- 125 G - paragaleriedetalborjt","og_description":"Highlights:Savon doux \u00e0 l\u2019huile essentielle d\u2019orange et \u00e0 l\u2019huile d\u2019amandes douces pour tous types de peaux","og_url":"https:\/\/paragaleriedetalborjt.com\/en\/boutique\/naturesoin-argisoin-savon-a-largile-noire-125-g\/","og_site_name":"paragaleriedetalborjt","article_modified_time":"2026-01-03T19:15:05+00:00","og_image":[{"width":595,"height":655,"url":"https:\/\/paragaleriedetalborjt.com\/wp-content\/uploads\/2026\/01\/6111259371538.jpg","type":"image\/jpeg"}],"twitter_card":"summary_large_image","schema":{"@context":"https:\/\/schema.org","@graph":[{"@type":"WebPage","@id":"https:\/\/paragaleriedetalborjt.com\/boutique\/naturesoin-argisoin-savon-a-largile-noire-125-g\/","url":"https:\/\/paragaleriedetalborjt.com\/boutique\/naturesoin-argisoin-savon-a-largile-noire-125-g\/","name":"NaturEsoin Argisoin Savon \u00e0 l\u2019Argile Noire- 125 G - paragaleriedetalborjt","isPartOf":{"@id":"https:\/\/paragaleriedetalborjt.com\/#website"},"primaryImageOfPage":{"@id":"https:\/\/paragaleriedetalborjt.com\/boutique\/naturesoin-argisoin-savon-a-largile-noire-125-g\/#primaryimage"},"image":{"@id":"https:\/\/paragaleriedetalborjt.com\/boutique\/naturesoin-argisoin-savon-a-largile-noire-125-g\/#primaryimage"},"thumbnailUrl":"https:\/\/paragaleriedetalborjt.com\/wp-content\/uploads\/2026\/01\/6111259371538.jpg","datePublished":"2026-01-03T17:33:17+00:00","dateModified":"2026-01-03T19:15:05+00:00","breadcrumb":{"@id":"https:\/\/paragaleriedetalborjt.com\/boutique\/naturesoin-argisoin-savon-a-largile-noire-125-g\/#breadcrumb"},"inLanguage":"en-US","potentialAction":[{"@type":"ReadAction","target":["https:\/\/paragaleriedetalborjt.com\/boutique\/naturesoin-argisoin-savon-a-largile-noire-125-g\/"]}]},{"@type":"ImageObject","inLanguage":"en-US","@id":"https:\/\/paragaleriedetalborjt.com\/boutique\/naturesoin-argisoin-savon-a-largile-noire-125-g\/#primaryimage","url":"https:\/\/paragaleriedetalborjt.com\/wp-content\/uploads\/2026\/01\/6111259371538.jpg","contentUrl":"https:\/\/paragaleriedetalborjt.com\/wp-content\/uploads\/2026\/01\/6111259371538.jpg","width":595,"height":655},{"@type":"BreadcrumbList","@id":"https:\/\/paragaleriedetalborjt.com\/boutique\/naturesoin-argisoin-savon-a-largile-noire-125-g\/#breadcrumb","itemListElement":[{"@type":"ListItem","position":1,"name":"Accueil","item":"https:\/\/paragaleriedetalborjt.com\/"},{"@type":"ListItem","position":2,"name":"Boutique","item":"https:\/\/paragaleriedetalborjt.com\/boutique\/"},{"@type":"ListItem","position":3,"name":"NaturEsoin Argisoin Savon \u00e0 l\u2019Argile Noire- 125 G"}]},{"@type":"WebSite","@id":"https:\/\/paragaleriedetalborjt.com\/#website","url":"https:\/\/paragaleriedetalborjt.com\/","name":"paragaleriedetalborjt","description":"","potentialAction":[{"@type":"SearchAction","target":{"@type":"EntryPoint","urlTemplate":"https:\/\/paragaleriedetalborjt.com\/?s={search_term_string}"},"query-input":{"@type":"PropertyValueSpecification","valueRequired":true,"valueName":"search_term_string"}}],"inLanguage":"en-US"}]}},"brands":[{"id":1585,"name":"NATURESOIN","slug":"naturesoin"}],"_links":{"self":[{"href":"https:\/\/paragaleriedetalborjt.com\/en\/wp-json\/wp\/v2\/product\/38528","targetHints":{"allow":["GET"]}}],"collection":[{"href":"https:\/\/paragaleriedetalborjt.com\/en\/wp-json\/wp\/v2\/product"}],"about":[{"href":"https:\/\/paragaleriedetalborjt.com\/en\/wp-json\/wp\/v2\/types\/product"}],"replies":[{"embeddable":true,"href":"https:\/\/paragaleriedetalborjt.com\/en\/wp-json\/wp\/v2\/comments?post=38528"}],"version-history":[{"count":1,"href":"https:\/\/paragaleriedetalborjt.com\/en\/wp-json\/wp\/v2\/product\/38528\/revisions"}],"predecessor-version":[{"id":38530,"href":"https:\/\/paragaleriedetalborjt.com\/en\/wp-json\/wp\/v2\/product\/38528\/revisions\/38530"}],"wp:featuredmedia":[{"embeddable":true,"href":"https:\/\/paragaleriedetalborjt.com\/en\/wp-json\/wp\/v2\/media\/38529"}],"wp:attachment":[{"href":"https:\/\/paragaleriedetalborjt.com\/en\/wp-json\/wp\/v2\/media?parent=38528"}],"wp:term":[{"taxonomy":"pwb-brand","embeddable":true,"href":"https:\/\/paragaleriedetalborjt.com\/en\/wp-json\/wp\/v2\/pwb-brand?post=38528"},{"taxonomy":"product_cat","embeddable":true,"href":"https:\/\/paragaleriedetalborjt.com\/en\/wp-json\/wp\/v2\/product_cat?post=38528"},{"taxonomy":"product_tag","embeddable":true,"href":"https:\/\/paragaleriedetalborjt.com\/en\/wp-json\/wp\/v2\/product_tag?post=38528"}],"curies":[{"name":"wp","href":"https:\/\/api.w.org\/{rel}","templated":true}]}}